{"id":555,"date":"2019-01-10T08:52:52","date_gmt":"2019-01-10T08:52:52","guid":{"rendered":"https:\/\/www.greenpeace.org\/finland\/?page_id=555"},"modified":"2026-02-16T12:46:34","modified_gmt":"2026-02-16T09:46:34","slug":"yhteystiedot","status":"publish","type":"page","link":"https:\/\/www.greenpeace.org\/finland\/meista\/yhteystiedot\/","title":{"rendered":"Yhteystiedot"},"content":{"rendered":"\n\n<div class=\"wp-block-group alignfull has-grey-100-background-color has-background is-layout-flow wp-block-group-is-layout-flow\" style=\"padding-top:0px;padding-bottom:0px\">\n<div class=\"wp-block-group container is-layout-flow wp-block-group-is-layout-flow\">\n<div class=\"wp-block-media-text alignfull has-media-on-the-right is-stacked-on-mobile is-pattern-p4-page-header is-style-parallax has-grey-900-color has-grey-100-background-color has-text-color has-background\"><div class=\"wp-block-media-text__content\">\n<div class=\"wp-block-group is-layout-flow wp-block-group-is-layout-flow\">\n<h1 class=\"wp-block-heading has-grey-100-background-color has-background\">Ota meihin yhteytt\u00e4<\/h1>\n<\/div>\n\n\n\n<p style=\"font-size:1.25rem\">Vastaamme kysymyksiisi ja autamme sinua l\u00f6yt\u00e4m\u00e4\u00e4n oikean tyypin niin lahjoittajapalvelusta, lehdist\u00f6tiimist\u00e4, vapaaehtoist\u00f6st\u00e4 kuin muustakin henkil\u00f6kunnasta. T\u00e4\u00e4lt\u00e4 l\u00f6yd\u00e4t Greenpeacen yhteystiedot sek\u00e4 usein kysyttyj\u00e4 kysymyksi\u00e4 ja vastauksia.<\/p>\n\n\n\n<div class=\"wp-block-buttons is-layout-flex wp-block-buttons-is-layout-flex\">\n<div class=\"wp-block-button is-style-secondary\"><a class=\"wp-block-button__link wp-element-button\" href=\"#ukk\">Usein kysytyt kysymykset<\/a><\/div>\n<\/div>\n\n\n\n<div style=\"height:30px\" aria-hidden=\"true\" class=\"wp-block-spacer\"><\/div>\n\n\n\n<h4 class=\"wp-block-heading is-style-chevron has-medium-font-size\"><a href=\"https:\/\/www.greenpeace.org\/finland\/meista\/yhteystiedot\/ota-yhteytta-henkilokuntaamme\/\">Henkil\u00f6st\u00f6n yhteystiedot<\/a><\/h4>\n<\/div><figure class=\"wp-block-media-text__media\"><img loading=\"lazy\" decoding=\"async\" width=\"1024\" height=\"684\" src=\"https:\/\/storage.googleapis.com\/planet4-norway-stateless-develop\/2018\/05\/aa49ade7-gp0stqwmj_pressmedia-communit-policy-1024x684.jpg\" alt=\"\" sizes=\"auto, (min-width: 601px) 50vw, 100vw\" srcset=\"https:\/\/storage.googleapis.com\/planet4-finland-stateless-develop\/2018\/05\/aa49ade7-gp0stqwmj_pressmedia-communit-policy.jpg 2500w, https:\/\/storage.googleapis.com\/planet4-finland-stateless-develop\/2018\/05\/aa49ade7-gp0stqwmj_pressmedia-communit-policy-300x200.jpg 300w, https:\/\/storage.googleapis.com\/planet4-finland-stateless-develop\/2018\/05\/aa49ade7-gp0stqwmj_pressmedia-communit-policy-768x513.jpg 768w, https:\/\/storage.googleapis.com\/planet4-finland-stateless-develop\/2018\/05\/aa49ade7-gp0stqwmj_pressmedia-communit-policy-1024x684.jpg 1024w, https:\/\/storage.googleapis.com\/planet4-finland-stateless-develop\/2018\/05\/aa49ade7-gp0stqwmj_pressmedia-communit-policy-2046x1366.jpg 2046w, https:\/\/storage.googleapis.com\/planet4-finland-stateless-develop\/2018\/05\/aa49ade7-gp0stqwmj_pressmedia-communit-policy-510x340.jpg 510w\" class=\"wp-image-276 size-full\"\/><\/figure><\/div>\n<\/div>\n<\/div>\n\n\n\n<div class=\"wp-block-group alignfull block is-layout-flow wp-block-group-is-layout-flow\">\n<div class=\"wp-block-group container is-layout-flow wp-block-group-is-layout-flow\">\n<div style=\"height:24px\" aria-hidden=\"true\" class=\"wp-block-spacer\"><\/div>\n\n\n\n<h2 class=\"wp-block-heading has-text-align-center\"><\/h2>\n\n\n\n<div class=\"wp-block-columns is-layout-flex wp-container-core-columns-is-layout-9d6595d7 wp-block-columns-is-layout-flex\">\n<div class=\"wp-block-column is-layout-flow wp-block-column-is-layout-flow\">\n<figure class=\"wp-block-image aligncenter size-full is-resized force-no-lightbox force-no-caption is-style-default\"><img loading=\"lazy\" decoding=\"async\" width=\"261\" height=\"260\" src=\"https:\/\/www.greenpeace.org\/static\/planet4-finland-stateless\/2023\/07\/4d080e47-asset-24@2x.png\" alt=\"\" class=\"wp-image-54665\" style=\"width:100px;height:100px\" srcset=\"https:\/\/www.greenpeace.org\/static\/planet4-finland-stateless\/2023\/07\/4d080e47-asset-24@2x.png 261w, https:\/\/www.greenpeace.org\/static\/planet4-finland-stateless\/2023\/07\/4d080e47-asset-24@2x-150x150.png 150w\" sizes=\"auto, (max-width: 261px) 100vw, 261px\" \/><figcaption class=\"wp-element-caption\">Giverservice i Greenpeace Norge<\/figcaption><\/figure>\n\n\n\n<h4 class=\"wp-block-heading has-text-align-center\">Lahjoittajapalvelu ja yleiset tiedustelut<\/h4>\n\n\n\n<div style=\"height:10px\" aria-hidden=\"true\" class=\"wp-block-spacer\"><\/div>\n\n\n\n<p class=\"has-text-align-center\" style=\"font-size:16px\">Anna Dahlqvist<br>Lahjoittajapalvelu<br>+358 9 4245 7177 <br>(palvelee ma-to, klo 11-15)<\/p>\n\n\n\n<div style=\"height:10px\" aria-hidden=\"true\" class=\"wp-block-spacer\"><\/div>\n\n\n\n<h5 class=\"wp-block-heading has-text-align-center is-style-chevron\" style=\"font-size:1rem\"><a href=\"mailto: info.finland@greenpeace.org\">info.finland@greenpeace.org<\/a><\/h5>\n\n\n\n<p class=\"has-text-align-center has-small-font-size\">(Jos odotat vastausta t\u00e4st\u00e4 osoitteesta, muista tarkistaa my\u00f6s roskaposti-kansio)<\/p>\n\n\n\n<div style=\"height:16px\" aria-hidden=\"true\" class=\"wp-block-spacer\"><\/div>\n\n\n\n<p class=\"has-text-align-center\" style=\"font-size:15px\"><a href=\"#ukk\">Lue t\u00e4\u00e4lt\u00e4<\/a> usein kysytyt kysymykset.<a href=\"#faq\" data-type=\"internal\" data-id=\"#faq\"> <\/a><\/p>\n<\/div>\n\n\n\n<div class=\"wp-block-column is-layout-flow wp-block-column-is-layout-flow\">\n<figure class=\"wp-block-image aligncenter size-full is-resized force-no-lightbox force-no-caption is-style-default\"><img loading=\"lazy\" decoding=\"async\" width=\"193\" height=\"183\" src=\"https:\/\/www.greenpeace.org\/static\/planet4-finland-stateless\/2023\/07\/884abfb5-asset-10@2x.png\" alt=\"\" class=\"wp-image-54660\" style=\"width:100px;height:100px\"\/><figcaption class=\"wp-element-caption\">Frivilligkoordinator&nbsp;i Greenpeace Norge<\/figcaption><\/figure>\n\n\n\n<h4 class=\"wp-block-heading has-text-align-center\">Kysytt\u00e4v\u00e4\u00e4 vapaaehtoistoiminnasta?<br><\/h4>\n\n\n\n<div style=\"height:10px\" aria-hidden=\"true\" class=\"wp-block-spacer\"><\/div>\n\n\n\n<p class=\"has-text-align-center\" style=\"font-size:16px\">Valtteri Moilanen <\/p>\n\n\n\n<p class=\"has-text-align-center\" style=\"font-size:16px\">Vapaaehtoiskoordinaattori&nbsp;<br><\/p>\n\n\n\n<div style=\"height:10px\" aria-hidden=\"true\" class=\"wp-block-spacer\"><\/div>\n\n\n\n<h5 class=\"wp-block-heading has-text-align-center is-style-chevron\" style=\"font-size:1rem\"><a href=\"mailto:valtteri.moilanen@greenpeace.org\">valtteri.moilanen@greenpeace.org<\/a><\/h5>\n\n\n\n<div style=\"height:16px\" aria-hidden=\"true\" class=\"wp-block-spacer\"><\/div>\n\n\n\n<p class=\"has-text-align-center\" style=\"font-size:15px\"><a href=\"#ukk\">Lue t\u00e4\u00e4lt\u00e4 <\/a>usein kysytyt kysymykset.<\/p>\n<\/div>\n\n\n\n<div class=\"wp-block-column is-layout-flow wp-block-column-is-layout-flow\">\n<figure class=\"wp-block-image aligncenter size-full is-resized force-no-lightbox force-no-caption is-style-default\"><img loading=\"lazy\" decoding=\"async\" width=\"204\" height=\"205\" src=\"https:\/\/www.greenpeace.org\/static\/planet4-finland-stateless\/2023\/07\/00faf474-asset-13_1@2x.png\" alt=\"\" class=\"wp-image-54659\" style=\"width:100px;height:100px\" srcset=\"https:\/\/www.greenpeace.org\/static\/planet4-finland-stateless\/2023\/07\/00faf474-asset-13_1@2x.png 204w, https:\/\/www.greenpeace.org\/static\/planet4-finland-stateless\/2023\/07\/00faf474-asset-13_1@2x-150x150.png 150w\" sizes=\"auto, (max-width: 204px) 100vw, 204px\" \/><figcaption class=\"wp-element-caption\">Kommunikasjonssjef<\/figcaption><\/figure>\n\n\n\n<h4 class=\"wp-block-heading has-text-align-center\">Median edustajille<br><\/h4>\n\n\n\n<div style=\"height:10px\" aria-hidden=\"true\" class=\"wp-block-spacer\"><\/div>\n\n\n\n<p class=\"has-text-align-center\" style=\"font-size:16px\">Yhteystiedot medialle l\u00f6yd\u00e4t<br>lehdist\u00f6sivuiltamme<\/p>\n\n\n\n<div style=\"height:27px\" aria-hidden=\"true\" class=\"wp-block-spacer\"><\/div>\n\n\n\n<h5 class=\"wp-block-heading has-text-align-center is-style-chevron\" style=\"font-size:1rem\"><a href=\"https:\/\/www.greenpeace.org\/finland\/meista\/medialle\/\">Siirry lehdist\u00f6sivulle<\/a><\/h5>\n\n\n\n<div style=\"height:16px\" aria-hidden=\"true\" class=\"wp-block-spacer\"><\/div>\n\n\n\n<p class=\"has-text-align-center\" style=\"font-size:15px\"><a href=\"#ukk\">Lue t\u00e4\u00e4lt\u00e4<\/a> usein kysytyt kysymykset. <a rel=\"noreferrer noopener\" href=\"https:\/\/www.greenpeace.org\/finland\/tiedotteet\/\" target=\"_blank\">T\u00e4\u00e4lt\u00e4 l\u00f6yd\u00e4t <\/a>my\u00f6s kaikki lehdist\u00f6tiedotteemme.<\/p>\n<\/div>\n<\/div>\n<\/div>\n<\/div>\n\n\n<div class=\"wp-block-cover has-parallax\"><div class=\"wp-block-cover__image-background wp-image-57064 has-parallax\" style=\"background-position:50% 50%;background-image:url(https:\/\/www.greenpeace.org\/static\/planet4-finland-stateless\/2024\/07\/aba7cb6a-bear-1200x800-1.jpg)\"><\/div><span aria-hidden=\"true\" class=\"wp-block-cover__background has-background-dim\" style=\"background-color:#495048\"><\/span><div class=\"wp-block-cover__inner-container is-layout-flow wp-block-cover-is-layout-flow\">\n<h2 class=\"wp-block-heading has-text-align-center has-white-color has-text-color has-large-font-size\">T\u00e4\u00e4lt\u00e4 l\u00f6yd\u00e4t koko henkil\u00f6kuntamme yhteystiedot<br><br><\/h2>\n\n\n\n<div class=\"wp-block-buttons is-content-justification-center is-layout-flex wp-container-core-buttons-is-layout-16018d1d wp-block-buttons-is-layout-flex\">\n<div class=\"wp-block-button is-style-transparent\"><a class=\"wp-block-button__link wp-element-button\" href=\"https:\/\/www.greenpeace.org\/finland\/meista\/yhteystiedot\/ota-yhteytta-henkilokuntaamme\/\">Henkil\u00f6st\u00f6n yhteystiedot<\/a><\/div>\n<\/div>\n<\/div><\/div>\n\n<div class=\"wp-block-columns has-grey-100-background-color has-background is-layout-flex wp-container-core-columns-is-layout-9d6595d7 wp-block-columns-is-layout-flex\">\n<div class=\"wp-block-column is-layout-flow wp-block-column-is-layout-flow\" style=\"flex-basis:50%\">\n<div style=\"height:30px\" aria-hidden=\"true\" class=\"wp-block-spacer\"><\/div>\n\n\n\n<h2 class=\"wp-block-heading\">Suomen toimistomme<\/h2>\n\n\n\n<div style=\"height:30px\" aria-hidden=\"true\" class=\"wp-block-spacer\"><\/div>\n\n\n\n<p><strong>Toimiston aukioloajat<\/strong>:<br>Maanantaista perjantaihin klo\u00a011\u201315<\/p>\n\n\n\n<p><strong>Lahjoittajapalvelu<\/strong>:<\/p>\n\n\n\n<p>Normaalisti vastaamme puheluihin ma-to kello 11\u201315. Lahjoittajapalvelun puhelin on suljettu perjantaisin.<\/p>\n\n\n\n<p><strong>S\u00e4hk\u00f6posti<\/strong>: <a href=\"mailto:info.finland@greenpeace.org\">info.finland@greenpeace.org<\/a><br><strong>Osoite<\/strong>:&nbsp;K\u00e4enkuja 3 aB (sis\u00e4piha) 00500 Helsinki<\/p>\n\n\n\n<div style=\"height:30px\" aria-hidden=\"true\" class=\"wp-block-spacer\"><\/div>\n<\/div>\n\n\n\n<div class=\"wp-block-column py-0 px-0 my-0 mx-0 is-layout-flow wp-block-column-is-layout-flow\" style=\"flex-basis:40%\">\n<iframe src=\"https:\/\/www.google.com\/maps\/embed?pb=!1m17!1m12!1m3!1d495.9271608243278!2d24.962821269691073!3d60.18555466522756!2m3!1f0!2f0!3f0!3m2!1i1024!2i768!4f13.1!3m2!1m1!2zNjDCsDExJzA4LjAiTiAyNMKwNTcnNDguNSJF!5e0!3m2!1sen!2sdk!4v1687246818265!5m2!1sen!2sdk\" width=\"600\" height=\"450\" style=\"border:0;\" allowfullscreen=\"\" loading=\"lazy\" referrerpolicy=\"no-referrer-when-downgrade\"><\/iframe>\n<\/div>\n<\/div>\n\n<div style=\"height:30px\" aria-hidden=\"true\" class=\"wp-block-spacer\"><\/div>\n\n<div style=\"height:30px\" aria-hidden=\"true\" class=\"wp-block-spacer\"><\/div>\n\n<div style=\"height:10px\" aria-hidden=\"true\" id=\"ukk\" class=\"wp-block-spacer\"><\/div>\n\n<section class=\"block accordion-block wp-block-planet4-blocks-accordion is-style-light\"><header><h2 class=\"page-section-header\">Usein Kysytyt Kysymykset<\/h2><\/header><div class=\"accordion-content\"><div class=\"accordion-headline\" name=\"Lahjoittajapalvelu\">Lahjoittajapalvelu<\/div><div class=\"panel panel-hidden\"><p class=\"accordion-text\">1.\u00a0 <strong>Miten voin tukea Greenpeace\u00e4 taloudellisesti?<br><\/strong>Tehokkain tapa tukea Greenpeacen ty\u00f6t\u00e4 on ryhty\u00e4 kuukausilahjoittajaksi. N\u00e4in voimme budjetoida ja suunnitella kampanjaty\u00f6t\u00e4 parhaiten etuk\u00e4teen ja pystymme k\u00e4ytt\u00e4m\u00e4\u00e4n tukesi mahdollisimman nopeasti ty\u00f6h\u00f6n ymp\u00e4rist\u00f6n puolesta. Toki olemme eritt\u00e4in kiitollisia kertalahjoituksista &#8211; niit\u00e4 voit tehd\u00e4 helpoiten nettisivujemme kautta. Onnittelulahja on my\u00f6s oiva tapa muistaa niin l\u00e4heist\u00e4\u00e4n kuin planeettaamme ja tottakai Greenpeacea voi halutessaan muistaa my\u00f6s testamenttilahjoituksella. <a href=\"https:\/\/lahjoita.greenpeace.org\/liity-kuukausilahjoittajaksi\/~lahjoitukseni\">L\u00e4hde kuukausilahjoittajaksi<\/a> tai <a href=\"https:\/\/lahjoita.greenpeace.org\/tee-kertalahjoitus\/~lahjoitukseni\">tee kertalahjoitus<\/a><br><br>2. <strong>Miten p\u00e4ivit\u00e4n lahjoitukseni summan tai yhteystietojani?<br><\/strong>Kaikki lahjoituksiin tai yhteystietoihin liittyv\u00e4t muutokset teet helpoiten ottamalla yhteytt\u00e4 <a href=\"mailto:info.finland@greenpeace.org\">info.finland@greenpeace.org<\/a> tai soittamalla numeroon 09-42457177.<br><br>Lahjoittajapalvelun puhelin p\u00e4ivyst\u00e4\u00e4 maanantaista torstaihin klo 11-15. Perjantaisin puhelin on suljettu.<br><br>3. <strong>Tilinumeroni on vaihtunut \u2013 miten siirr\u00e4n kuukausilahjoitukseni uudelle tililleni?<br><\/strong>Tilinumeron muutokset riippuvat maksutavastasi. Saamme muutoksen helpoiten kerralla kuntoon, kun otat yhteytt\u00e4 lahjoittajapalveluumme, <a href=\"mailto:info.finland@greenpeace.org\">info.finland@greenpeace.org<\/a> tai 09-42457177. Autamme mielell\u00e4mme!<br><br>4.\u00a0 <strong>Miten voin olla varma, ett\u00e4 puhuin Greenpeacen ty\u00f6ntekij\u00e4n kanssa kadulla, kotiovellani tai puhelimessa?<br><\/strong>Feissarimme ovat pukeutuneet selv\u00e4sti Greenpeace-vaatteisiin tai liiveihin. He ker\u00e4\u00e4v\u00e4t uusia kuukausilahjoittajia eri maksutavoilla (mm. MobilePay ja suoramaksu), mutteiv\u00e4t koskaan pyyd\u00e4 k\u00e4teist\u00e4, vaan tietonne lis\u00e4t\u00e4\u00e4n elektroniselle lomakkeelle.\u00a0<br><br>Televarainhankkijamme ker\u00e4\u00e4v\u00e4t my\u00f6s uusia kuukausilahjoituksia ja kysyv\u00e4t yhteystietojasi mutteivat milloinkaan kortti- tai tilitietojasi. Uuden kuukausilahjoituksen vahvistat itse joko MobilePayn tai verkkopankkisi kautta.<br><br>Jos sinua ep\u00e4ilytt\u00e4\u00e4 kohtaamasi feissaus- tai soittotilanne, kannustamme ottamaan yhteytt\u00e4 lahjoittajapalveluumme: <a href=\"mailto:info.finland@greenpeace.org\">info.finland@greenpeace.org<\/a> tai\u00a0 09-42457177. Pystymme aina selvitt\u00e4m\u00e4\u00e4n kenen ty\u00f6ntekij\u00e4mme olet kohdannut.<br><br>5. <strong>Tietosuojak\u00e4yt\u00e4nt\u00f6<\/strong><br>Velvollisuutemme on pit\u00e4\u00e4 henkil\u00f6tietosi turvassa, jotta voit luottavaisin mielin saada tietoa kampanjoistamme ja tukea ymp\u00e4rist\u00f6nsuojeluty\u00f6t\u00e4mme. Greenpeace Norden vastaa kaikista Greenpeacelle Suomessa ker\u00e4tyist\u00e4 tiedoista. Emme jaa tietojasi kolmansille osapuolille. <a href=\"https:\/\/www.greenpeace.org\/finland\/privacy-and-cookies\/\">Lue lis\u00e4\u00e4.<\/a><br><\/p><\/div><\/div><div class=\"accordion-content\"><div class=\"accordion-headline\" name=\"Greenpeacea koskevia kysymyksi\u00e4\">Greenpeacea koskevia kysymyksi\u00e4<\/div><div class=\"panel panel-hidden\"><p class=\"accordion-text\">1.<strong> Mik\u00e4 on Greenpeacen p\u00e4\u00e4tavoite?<\/strong><br>P\u00e4\u00e4tavoitteemme on, ett\u00e4 ihmisen toiminta olisi luonnon kantokyvyn rajoissa ja yhteiskunnat el\u00e4isiv\u00e4t kest\u00e4v\u00e4sti, oikeudenmukaisesti ja rauhassa. Suojelemme siis sek\u00e4 ihmisten elinymp\u00e4rist\u00f6\u00e4 ett\u00e4 luonnon monimuotoisuutta. T\u00e4ll\u00e4 hetkell\u00e4 suurimmat uhkamme ovat luontokato ja ilmastonmuutos \u2013 siksi toimimme maailman metsien ja merten suojelemiseksi ja vaadimme nopeampia toimia ilmastokriisiin vastaamiseksi.<br><br>2.<strong> Mik\u00e4 on Greenpeacen t\u00e4rkein saavutus?<\/strong><br>Suomessa olemme vuosien mittaan saaneet muun muassa paljon arvokasta mets\u00e4\u00e4 ja upeita luontokohteita suojeluun. Yhdess\u00e4 muiden j\u00e4rjest\u00f6jen kanssa olemme pitk\u00e4\u00e4n kampanjoineet esimerkiksi hiilen polton kielt\u00e4miseksi, joka toteutuu Suomessa vuonna 2029. Kansainv\u00e4lisesti merkitt\u00e4vi\u00e4 kampanjavoittoja ovat mm. YK:n kansainv\u00e4linen mertensuojelusopimus, jonka puolesta toimimme l\u00e4hes 20 vuoden ajan, sek\u00e4 lukuisat EU-tason s\u00e4\u00e4d\u00f6kset myrkkykemikaalien ja ilmastop\u00e4\u00e4st\u00f6jen v\u00e4hent\u00e4miseksi.<br><br>3.<strong> Miksi Greenpeacen ty\u00f6 on t\u00e4rke\u00e4\u00e4?<\/strong><br>Elinkelpoinen planeetta ja ilmasto ovat el\u00e4m\u00e4n perusedellytykset. Pystymme suurena kansainv\u00e4lisen\u00e4 j\u00e4rjest\u00f6n\u00e4 kokoamaan voimaa luonnon suojelemiseksi lyhytn\u00e4k\u00f6isilt\u00e4 p\u00e4\u00e4t\u00f6ksilt\u00e4 ja v\u00e4\u00e4rink\u00e4yt\u00f6ksilt\u00e4. On my\u00f6s demokratian kannalta t\u00e4rke\u00e4\u00e4, ett\u00e4 kansalaisilla on toimintav\u00e4yli\u00e4 t\u00e4rkeiden asioiden puolustamiseksi ja valtaapit\u00e4vien haastamiseksi.<br><br>4. <strong>Mihin tarkoitukseen\/mink\u00e4 kohteen hyv\u00e4ksi lahjoitettuja rahoja k\u00e4ytet\u00e4\u00e4n?<\/strong><br>Greenpeacelle lahjoitettuja rahoja k\u00e4ytet\u00e4\u00e4n kaikkeen Greenpeacen toimintaan. Konkreettisesti rahaa k\u00e4ytet\u00e4\u00e4n muun muassa tutkimuksen tekemiseen, luontotuhojen dokumentointiin, raporttien julkaisemiseen, muiden ymp\u00e4rist\u00f6j\u00e4rjest\u00f6jen ja alkuper\u00e4iskansojen kanssa teht\u00e4v\u00e4\u00e4n ymp\u00e4rist\u00f6ty\u00f6h\u00f6n, koulutuksiin ja vapaaehtoisten varusteisiin sek\u00e4 kaiken muun kampanjatoiminnan rahoittamiseen.<br><br>5. <strong>Miksi en voi korvamerkit\u00e4 lahjoitustani tiettyyn kohteeseen?<br><\/strong>Kaikki Greenpeacelle lahjoitetut varat menev\u00e4t ymp\u00e4rist\u00f6nsuojeluty\u00f6h\u00f6n. T\u00e4ll\u00e4 hetkell\u00e4 ty\u00f6skentelemme ahkerasti merten- ja metsiensuojelun puolesta. Emme &#8221;korvamerkitse&#8221; lahjoitettuja varoja tiettyyn kampanjaan, sill\u00e4 se ei olisi tehokasta rahank\u00e4ytt\u00f6\u00e4, mutta k\u00e4yt\u00e4nn\u00f6ss\u00e4 lahjoitusvarasi jaetaan nimenomaan merten- ja metsiensuojelun sek\u00e4 muiden ajankohtaisten kohteiden kesken, kuten kampanjointiin paremman ilmastopolitiikan puolesta.<br><br>6. <strong>Kuka teit\u00e4 rahoittaa?<\/strong><br>Rahoituksemme koostuu yksityishenkil\u00f6iden lahjoituksista, esimerkiksi kuukausi- tai kertalahjoituksista. Emme ota lahjoituksia vastaan yrityksilt\u00e4, puolueilta, valtioilta tai muilta toimijoilta, joiden toiminta voisi aiheuttaa eturistiriidan esimerkiksi luonnonsuojelu- tai ilmastotavoitteidemme kanssa. Olemme itsen\u00e4inen, poliittisesti ja uskonnollisesti riippumaton j\u00e4rjest\u00f6.<br><br>Jos et l\u00f6yt\u00e4nyt vastausta kysymykseesi, voit aina olla meihin <a href=\"https:\/\/www.greenpeace.org\/finland\/meista\/yhteystiedot\/\">yhteydess\u00e4<\/a>.<br><\/p><\/div><\/div><div class=\"accordion-content\"><div class=\"accordion-headline\" name=\"Kysymyksi\u00e4 vapaaehtoisty\u00f6st\u00e4\">Kysymyksi\u00e4 vapaaehtoisty\u00f6st\u00e4<\/div><div class=\"panel panel-hidden\"><p class=\"accordion-text\">1.<strong> Kuinka vanha minun on oltava, jotta voin toimia Greenpeacen vapaaehtoisena?<\/strong><br>Greenpeacen vapaaehtoisten on oltava v\u00e4hint\u00e4\u00e4n 18-vuotiaita.<br><br>2.<strong> Mit\u00e4 vapaaehtoiset tekev\u00e4t?<\/strong><br>Vapaaehtoisena p\u00e4\u00e4set hy\u00f6dynt\u00e4m\u00e4\u00e4n omaa osaamistasi laajasti! Vapaaehtoisemme esimerkiksi j\u00e4rjest\u00e4v\u00e4t tapahtumia, ker\u00e4\u00e4v\u00e4t nimi\u00e4 vetoomuksiin, osallistuvat mielenilmauksiin, viestiv\u00e4t p\u00e4\u00e4tt\u00e4jille, puhuvat yleis\u00f6ille, auttavat suurten tapahtumien logistiikan hoitamisessa, k\u00e4\u00e4nt\u00e4v\u00e4t tekstej\u00e4, maalaavat banderolleja, valokuvaavat ja kokkaavat reissun p\u00e4\u00e4ll\u00e4 muille vapaaehtoisille. Viime aikoina vapaaehtoiset ovat muun muassa j\u00e4rjest\u00e4neet <a href=\"https:\/\/www.mtvuutiset.fi\/artikkeli\/luontomarssit-eri-puolilla-suomea-vaativat-toimia-luontokadon-pysayttamiseksi-olemme-ylikuluttaneet-luonnonvaroja\/8657418#gs.1w5lgv\">Luontomarsseja ymp\u00e4ri Suomen<\/a> ja auttaneet konkreettisesti metsien suojelussa <a href=\"https:\/\/yle.fi\/a\/3-12498801\">mets\u00e4vahteina<\/a>. Vapaaehtoiset ovat toimintamme ytimess\u00e4 ja korvaamaton osa ty\u00f6t\u00e4mme.<br><br>3.<strong> Ent\u00e4 jos en tied\u00e4 tarpeeksi tai en el\u00e4 tarpeeksi &#8221;vihre\u00e4sti&#8221;?<\/strong><br>Voit toimia Greenpeacen vapaaehtoisena riippumatta siit\u00e4, miten hyvin olet perehtynyt ymp\u00e4rist\u00f6kysymyksiin tai millaisia omat kulutusvalintasi ovat. T\u00e4rkeint\u00e4 on, ett\u00e4 olet innokas toimimaan ja vaikuttamaan!<br><br>4.<strong> Voinko liitty\u00e4 mukaan, vaikka asuisin miss\u00e4 tahansa?<\/strong><br>Voit liitty\u00e4 mukaan toimintaan mist\u00e4 p\u00e4in Suomea tahansa. Usein toimintaan voi osallistua et\u00e4n\u00e4, ja matkakuluja pohjoismaisiin tai p\u00e4\u00e4kaupunkiseudulla j\u00e4rjestett\u00e4viin koulutuksiin tai suurtapahtumiin voidaan korvata.\u00a0<br><br>5.<strong> Kuinka paljon aikaa minun on k\u00e4ytett\u00e4v\u00e4 vapaaehtoistoimintaan?<\/strong><br>Jotkut vapaaehtoisemme k\u00e4ytt\u00e4v\u00e4t aikaa muutaman tunnin vuodessa ja jotkut tekev\u00e4t hommia joka viikko. P\u00e4\u00e4t\u00e4t itse, kuinka paljon aikaa haluat k\u00e4ytt\u00e4\u00e4. Odotamme kuitenkin, ett\u00e4 vapaaehtoiset tekev\u00e4t sen, mit\u00e4 on sovittu.<br><br>6.<strong> Maksaako Greenpeacen vapaaehtoisty\u00f6 mit\u00e4\u00e4n?\u00a0<\/strong><br>Ei, vapaaehtoisty\u00f6 meill\u00e4 ei maksa mit\u00e4\u00e4n. Kaikki koulutukset ovat ilmaisia, ja Greenpeace kattaa kaikki vapaaehtoistoiminnasta aiheutuvat kulut, kuten matkat, ruoan, majoituksen jne.<br><br><\/p><\/div><\/div><\/section>\n","protected":false},"excerpt":{"rendered":"<p>T\u00e4st\u00e4 l\u00f6yd\u00e4t Greenpeace Suomen ty\u00f6ntekij\u00e4t. Vastaamme mielell\u00e4mme kysymyksiisi, ota yhteytt\u00e4 tai tule k\u00e4ym\u00e4\u00e4n!<\/p>\n","protected":false},"author":23,"featured_media":328,"parent":234,"menu_order":0,"comment_status":"closed","ping_status":"closed","template":"","meta":{"_improvement_type_select":"improve_an_existing","_thumb_yes_seoaic":false,"_frame_yes_seoaic":false,"seoaic_generate_description":"","seoaic_improve_instructions_prompt":"","seoaic_rollback_content_improvement":"","seoaic_idea_thumbnail_generator":"","thumbnail_generated":false,"thumbnail_generate_prompt":"","seoaic_article_description":"","ep_exclude_from_search":false,"p4_hide_page_title_checkbox":"on","p4_title":"","p4_subtitle":"","p4_description":"","background_image_id":"","background_image":"","p4_button_title":"","p4_button_link":"","p4_button_link_checkbox":"","p4_og_title":"","p4_og_description":"","p4_og_image":"","p4_og_image_id":"","p4_seo_canonical_url":"","p4_campaign_name":"not set","p4_local_project":"not set","p4_basket_name":"not set","p4_department":"","footnotes":""},"categories":[31],"tags":[13],"class_list":["post-555","page","type-page","status-publish","has-post-thumbnail","hentry","category-greenpeace","tag-tietoameista"],"_links":{"self":[{"href":"https:\/\/www.greenpeace.org\/finland\/wp-json\/wp\/v2\/pages\/555","targetHints":{"allow":["GET"]}}],"collection":[{"href":"https:\/\/www.greenpeace.org\/finland\/wp-json\/wp\/v2\/pages"}],"about":[{"href":"https:\/\/www.greenpeace.org\/finland\/wp-json\/wp\/v2\/types\/page"}],"author":[{"embeddable":true,"href":"https:\/\/www.greenpeace.org\/finland\/wp-json\/wp\/v2\/users\/23"}],"replies":[{"embeddable":true,"href":"https:\/\/www.greenpeace.org\/finland\/wp-json\/wp\/v2\/comments?post=555"}],"version-history":[{"count":20,"href":"https:\/\/www.greenpeace.org\/finland\/wp-json\/wp\/v2\/pages\/555\/revisions"}],"predecessor-version":[{"id":61627,"href":"https:\/\/www.greenpeace.org\/finland\/wp-json\/wp\/v2\/pages\/555\/revisions\/61627"}],"up":[{"embeddable":true,"href":"https:\/\/www.greenpeace.org\/finland\/wp-json\/wp\/v2\/pages\/234"}],"wp:featuredmedia":[{"embeddable":true,"href":"https:\/\/www.greenpeace.org\/finland\/wp-json\/wp\/v2\/media\/328"}],"wp:attachment":[{"href":"https:\/\/www.greenpeace.org\/finland\/wp-json\/wp\/v2\/media?parent=555"}],"wp:term":[{"taxonomy":"category","embeddable":true,"href":"https:\/\/www.greenpeace.org\/finland\/wp-json\/wp\/v2\/categories?post=555"},{"taxonomy":"post_tag","embeddable":true,"href":"https:\/\/www.greenpeace.org\/finland\/wp-json\/wp\/v2\/tags?post=555"}],"curies":[{"name":"wp","href":"https:\/\/api.w.org\/{rel}","templated":true}]}}