{"id":57826,"date":"2024-11-07T18:09:44","date_gmt":"2024-11-07T15:09:44","guid":{"rendered":"https:\/\/www.greenpeace.org\/finland\/?page_id=57826"},"modified":"2025-06-18T12:59:45","modified_gmt":"2025-06-18T09:59:45","slug":"suojellaan-yhdessa-luontoa-liity-kuukausilahjoittajaksi","status":"publish","type":"page","link":"https:\/\/www.greenpeace.org\/finland\/meista\/rahoitus\/suojellaan-yhdessa-luontoa-liity-kuukausilahjoittajaksi\/","title":{"rendered":"Suojellaan yhdess\u00e4 luontoa &#8211; Liity kuukausilahjoittajaksi"},"content":{"rendered":"\n\n<div class=\"wp-block-group alignfull has-grey-100-background-color has-background is-layout-flow wp-block-group-is-layout-flow\" style=\"padding-top:0px;padding-bottom:0px\">\n<div class=\"wp-block-group container is-layout-flow wp-block-group-is-layout-flow\">\n<div class=\"wp-block-media-text alignfull has-media-on-the-right is-stacked-on-mobile is-pattern-p4-page-header is-style-parallax\"><div class=\"wp-block-media-text__content\">\n<div class=\"wp-block-group is-layout-flow wp-block-group-is-layout-flow\">\n<h1 class=\"wp-block-heading has-grey-100-background-color has-background\"><strong>Sinun tuellasi maailma muuttuu<\/strong><\/h1>\n<\/div>\n\n\n\n<p style=\"font-size:1.25rem\">Kuukausilahjoittajana olet mukana tekem\u00e4ss\u00e4 t\u00e4rke\u00e4\u00e4 ty\u00f6t\u00e4 luonnon monimuotoisuuden, turvallisen ilmaston, oikeudenmukaisuuden ja rauhan puolesta vuoden jokaisena p\u00e4iv\u00e4n\u00e4 \ud83c\udf0a\ud83c\udf32\ud83e\udd89\ud83d\udc33\ud83d\udd4a\ufe0f\ud83c\udf08\u270c\ud83d\udc9a<\/p>\n\n\n\n<div class=\"wp-block-buttons is-layout-flex wp-block-buttons-is-layout-flex\"><\/div>\n<\/div><figure class=\"wp-block-media-text__media\"><img loading=\"lazy\" decoding=\"async\" width=\"1024\" height=\"688\" src=\"https:\/\/www.greenpeace.org\/static\/planet4-finland-stateless\/2023\/07\/84a98820-gp04h0g_medium_res-1024x688-1.jpg\" alt=\"\" sizes=\"auto, (min-width: 601px) 50vw, 100vw\" srcset=\"https:\/\/www.greenpeace.org\/static\/planet4-finland-stateless\/2023\/07\/84a98820-gp04h0g_medium_res-1024x688-1.jpg 1024w, https:\/\/www.greenpeace.org\/static\/planet4-finland-stateless\/2023\/07\/84a98820-gp04h0g_medium_res-1024x688-1-300x202.jpg 300w, https:\/\/www.greenpeace.org\/static\/planet4-finland-stateless\/2023\/07\/84a98820-gp04h0g_medium_res-1024x688-1-768x516.jpg 768w, https:\/\/www.greenpeace.org\/static\/planet4-finland-stateless\/2023\/07\/84a98820-gp04h0g_medium_res-1024x688-1-506x340.jpg 506w\" class=\"wp-image-54657 size-full\"\/><\/figure><\/div>\n<\/div>\n<\/div>\n\n\n<h5 class=\"wp-block-heading\">MobilePay-kuukausilahjoitukseni. Lahjoitus tapahtuu aina kuun 1. p\u00e4iv\u00e4n\u00e4.<\/h5>\n\n<p>Voit liitty\u00e4 kuukausilahjoittajaksi my\u00f6s <a href=\"https:\/\/lahjoita.greenpeace.org\/liity-kuukausilahjoittajaksi\/?utm_medium=referral&amp;utm_source=link-to-iraiser-monthly-on-mobilepay-page&amp;utm_campaign=fi_fr_general&amp;utm_content=fi_fr_monthly-signup&amp;utm_term=none_none_none\"><strong>e-laskulla t\u00e4\u00e4ll\u00e4.<\/strong><\/a><\/p>\n\n<style>\n.pgframe { width: 60%; }\n@media only screen and (max-width: 1000px) { .pgframe { width: 100%; } } @media only screen and (min-width: 1600px) { .pgframe { margin-bottom: -12rem; } }\n<\/style>\n<iframe id=\"donate\" src=\"https:\/\/greenpeace-v2.paygate2.dk\/iframe\/56?campaign-code=FRAQXXFGEWBWRA1RG&#038;amount=12&#038;ty-page=https:\/\/www.greenpeace.org\/finland\/meista\/rahoitus\/liity-kuukausilahjoittajaksi-mobilepay\/kiitos\/\" class=\"pgframe\" height=\"650px\" frameborder=\"0\"><\/iframe>\n\n<p>K\u00e4sittelemme henkil\u00f6tietojasi <a href=\"https:\/\/www.greenpeace.org\/finland\/privacy-and-cookies\/\" target=\"_blank\" rel=\"noreferrer noopener\">tietosuojaselosteemme<\/a> mukaisesti.<\/p>\n\n<div class=\"wp-block-group is-layout-flow wp-block-group-is-layout-flow\">\n<h2 class=\"wp-block-heading\">Miksi tukea Greenpeacea?<\/h2>\n\n\n\n<p>Teemme ty\u00f6t\u00e4 yhteisen tulevaisuuden ja koko maailman luonnon puolesta torjuen kiihtyv\u00e4n luontokadon ja syvenev\u00e4n ilmastokriisin kaltaisia vaarallisia ilmi\u00f6it\u00e4. Vain yhdess\u00e4 voimme saada aikaan muutoksen.<\/p>\n\n\n\n<figure class=\"wp-block-video\"><video controls poster=\"\" src=\"https:\/\/www.greenpeace.org\/static\/planet4-finland-stateless\/2022\/06\/224734f5-gp-weit-30s-hero-16-9-fin.mp4\"><\/video><\/figure>\n<\/div>\n\n<p>Tukesi edist\u00e4\u00e4 t\u00e4rke\u00e4\u00e4 ty\u00f6t\u00e4 maailman ilmaston, valtamerten ja metsien hyv\u00e4ksi. Greenpeace tukijoineen on 50 vuoden ajan saavuttanut ilmasto- ja ymp\u00e4rist\u00f6voittoja kaikilla mantereilla ja valtamerill\u00e4. Olemme paljastaneet ymp\u00e4rist\u00f6rikoksia, tehneet uraauurtavaa tutkimusta ja vaatineet joitain maailman saastuttavimpia yrityksi\u00e4 ryhtym\u00e4\u00e4n ilmastotoimiin. Mit\u00e4 enemm\u00e4n kaltaisiasi ihmisi\u00e4 on mukana, sit\u00e4 enemm\u00e4n voimme saada aikaan yhdess\u00e4.<\/p>\n\n<p>Greenpeace on itsen\u00e4inen ymp\u00e4rist\u00f6j\u00e4rjest\u00f6. Periaatesyist\u00e4 emme ota vastaan tukea hallitukselta, liike-el\u00e4m\u00e4lt\u00e4 tai poliittisilta puolueilta. Ty\u00f6mme mahdollistavat yksityisihmisten tekem\u00e4t lahjoitukset. T\u00e4m\u00e4 tarkoittaa, ett\u00e4 olemme t\u00e4ysin vapaita kohtaamaan ymp\u00e4rist\u00f6- ja ilmastovahingoista vastuussa olevat viranomaiset ja yritykset.<\/p>\n\n<p>Yhdess\u00e4 voimme tehd\u00e4 t\u00e4st\u00e4 muutoksen vuosikymmenen. Tuellasi ty\u00f6skentelemme yhteisen kotiplaneettamme puolesta tavoitteenamme, ett\u00e4 vuoteen 2030 menness\u00e4:<\/p>\n\n<p>\u2705 v\u00e4hint\u00e4\u00e4n 30 prosenttia maa- ja merialueista on vahvan suojelun alaisia<br>\u2705 maailman kasvihuonekaasup\u00e4\u00e4st\u00f6t ovat puolittuneet<br>\u2705 kertak\u00e4ytt\u00f6isen muovin ylituotanto on lopetettu<br>\u2705 kaikki uudet \u00f6ljy- ja kaasuprojektit on pys\u00e4ytetty ja strategia fossiilisten polttoaineiden k\u00e4yt\u00f6n lopettamiseksi on otettu k\u00e4ytt\u00f6\u00f6n<br>\u2705 terveys ja luonto ovat asetettu etusijalle lyhyen aikav\u00e4lin voiton tavoittelun sijaan<\/p>\n\n<div style=\"height:30px\" aria-hidden=\"true\" class=\"wp-block-spacer\"><\/div>\n\n<div class=\"wp-block-cover is-light has-parallax\"><span aria-hidden=\"true\" class=\"wp-block-cover__background has-background-dim\"><\/span><div class=\"wp-block-cover__image-background wp-image-52072 has-parallax\" style=\"background-position:50% 50%;background-image:url(https:\/\/www.greenpeace.org\/static\/planet4-finland-stateless\/2022\/11\/289ebca9-gp1sw55r_web_size.jpg)\"><\/div><div class=\"wp-block-cover__inner-container is-layout-flow wp-block-cover-is-layout-flow\">\n<p class=\"has-text-align-center has-white-color has-text-color has-large-font-size\"><strong>Tule mukaan!<\/strong><\/p>\n\n\n\n<div class=\"wp-block-buttons is-content-justification-center is-layout-flex wp-container-core-buttons-is-layout-16018d1d wp-block-buttons-is-layout-flex\">\n<div class=\"wp-block-button is-style-cta\"><a class=\"wp-block-button__link wp-element-button\" href=\"#donate\">Liity kuukausilahjoittajaksi MobilePaylla<\/a><\/div>\n<\/div>\n<\/div><\/div>\n\n<div style=\"height:30px\" aria-hidden=\"true\" class=\"wp-block-spacer\"><\/div>\n\n<div class=\"wp-block-columns is-layout-flex wp-container-core-columns-is-layout-9d6595d7 wp-block-columns-is-layout-flex\">\n<div class=\"wp-block-column is-layout-flow wp-block-column-is-layout-flow\" style=\"flex-basis:100%\">\n<div class=\"wp-block-group is-layout-flow wp-block-group-is-layout-flow\">\n<div class=\"wp-block-group is-layout-flow wp-block-group-is-layout-flow\">\n<section class=\"block accordion-block wp-block-planet4-blocks-accordion is-style-light\"><header><h2 class=\"page-section-header\">Kolme lahjoittajiemme mahdollistamaa voittoa<\/h2><\/header><div class=\"accordion-content\"><div class=\"accordion-headline\" name=\"Preemin suunnitelmat tyrm\u00e4ttiin\">Preemin suunnitelmat tyrm\u00e4ttiin<\/div><div class=\"panel panel-hidden\"><p class=\"accordion-text\">Syyskuussa 2020 ruotsalainen \u00f6ljy-yhti\u00f6 Preem perui suunnitelmansa laajentaa \u00f6ljynjalostamoaan Ruotsin Lysekiliss\u00e4. T\u00e4m\u00e4 tapahtui rauhanomaisen aktivismin, neuvotteluiden ja yhti\u00f6n harjoittaman viherpesun paljastamisen ansiosta. Laajennus olisi tarkoittanut Ruotsille miljoonan tonnin lis\u00e4p\u00e4\u00e4st\u00f6j\u00e4.<\/p><\/div><\/div><div class=\"accordion-content\"><div class=\"accordion-headline\" name=\"\u00d6ljy-yhti\u00f6 taipui Pohjanmerell\u00e4\">\u00d6ljy-yhti\u00f6 taipui Pohjanmerell\u00e4<\/div><div class=\"panel panel-hidden\"><p class=\"accordion-text\">Er\u00e4\u00e4n\u00e4 elokuisena aamuna nelj\u00e4 Greenpeacen aktivistia sy\u00f6ksyi Pohjanmeren hyisiin vesiin ja uivat \u00f6ljykent\u00e4n yli ranskalaisen Totalin omistamalle \u00f6ljynporauslautalle. Siit\u00e4 k\u00e4ynnistyi 37 tuntia kest\u00e4nyt rauhanomainen protesti. Muutaman viikon kuluttua Total ilmoitti peruuttavansa hakemuksensa etsi\u00e4 lis\u00e4\u00e4 \u00f6ljy\u00e4 Pohjanmerelt\u00e4.<\/p><\/div><\/div><div class=\"accordion-content\"><div class=\"accordion-headline\" name=\"Apua kriisist\u00e4 k\u00e4rsiville\">Apua kriisist\u00e4 k\u00e4rsiville<\/div><div class=\"panel panel-hidden\"><p class=\"accordion-text\">Koronakriisin tuomien rajoitusten my\u00f6t\u00e4 pienmaatilat Intiassa eiv\u00e4t saaneet kuljetettua ja myyty\u00e4 tuotteitaan. Samalla vanhempi v\u00e4est\u00f6, siirtolaiset ja kodittomat n\u00e4kiv\u00e4t n\u00e4lk\u00e4\u00e4. Auttaaksemme rajoitteista k\u00e4rsivi\u00e4 ihmisi\u00e4 olemme yhteisty\u00f6kumppaneiden kanssa ostaneet luomutuotteita sadalta k\u00e4rsiv\u00e4lt\u00e4 pientilalta ja jakaneet ruoan 16 tuhannelle apua tarvitsevalle ihmiselle. Nyt pyrimme rakentamaan verkostoja, jotka turvaavat ihmisten ruoan saannin ja tukevat kest\u00e4v\u00e4\u00e4 maataloutta.<\/p><\/div><\/div><\/section>\n<\/div>\n<\/div>\n<\/div>\n<\/div>\n\n<div class=\"wp-block-columns is-layout-flex wp-container-core-columns-is-layout-9d6595d7 wp-block-columns-is-layout-flex\">\n<div class=\"wp-block-column is-layout-flow wp-block-column-is-layout-flow\" style=\"flex-basis:100%\">\n<div class=\"wp-block-group is-layout-flow wp-block-group-is-layout-flow\">\n<section class=\"block accordion-block wp-block-planet4-blocks-accordion is-style-light\"><header><h2 class=\"page-section-header\">N\u00e4in ty\u00f6skentelemme<\/h2><\/header><div class=\"accordion-content\"><div class=\"accordion-headline\" name=\"Tutkimme ja paljastamme\">Tutkimme ja paljastamme<\/div><div class=\"panel panel-hidden\"><p class=\"accordion-text\">Tutkimusty\u00f6n avulla selvit\u00e4mme, mik\u00e4 taho on vastuussa ymp\u00e4rist\u00f6vahingoista. K\u00e4yt\u00e4mme menetelmi\u00e4, kuten kentt\u00e4ty\u00f6t\u00e4, satelliittikuvia, ja liiketoiminta-analyysi\u00e4. Tutkimusty\u00f6n avulla saamme kovia faktoja ja todisteita, joita tarvitsemme muutoksen aikaansaamiseksi. Selvityksemme ovat auttaneet muun muassa saamaan Royal Dutch Shellin pois arktiselta alueelta ja vaikuttaneet siihen, ett\u00e4 suurella osalla arktista aluetta on voimassa teollinen kalastuskielto.<\/p><\/div><\/div><div class=\"accordion-content\"><div class=\"accordion-headline\" name=\"Hy\u00f6dynn\u00e4mme tieteellist\u00e4 tutkimusta\">Hy\u00f6dynn\u00e4mme tieteellist\u00e4 tutkimusta<\/div><div class=\"panel panel-hidden\"><p class=\"accordion-text\">Greenpeacen ty\u00f6 perustuu tieteellisist\u00e4 tutkimuksista ja kyselyist\u00e4 saatuihin faktoihin ja tietoihin. Kampanjamme ja ohjeemme perustuvat eri puolilta maailmaa olevien tutkijoiden ty\u00f6h\u00f6n. Greenpeace Research Laboratories on osa Greenpeacen tutkimusyksikk\u00f6\u00e4. Iso-Britanniassa Exeterin yliopistossa sijaitsevat laboratoriomme tarjoavat monitieteist\u00e4 tieteellist\u00e4 asiantuntemusta ja analyyseja Greenpeacen kampanjoihin ymp\u00e4ri maailmaa. Ajan my\u00f6t\u00e4 olemme rakentaneet kattavan tietokannan tutkimuskirjallisuudesta, joka toimii t\u00e4rke\u00e4n\u00e4 resurssina ja tietol\u00e4hteen\u00e4.<\/p><\/div><\/div><div class=\"accordion-content\"><div class=\"accordion-headline\" name=\"Vaikutamme\">Vaikutamme<\/div><div class=\"panel panel-hidden\"><p class=\"accordion-text\">Lobbauksen avulla kehotamme ja taivuttelemme maailman johtajia ryhtym\u00e4\u00e4n tarvittaviin toimiin planeetan suojelemiseksi. Varmistamme, ett\u00e4 poliitikot ja yritysjohtajat kuulevat vaatimuksemme, ja kannustamme heit\u00e4 voimakkaasti toteuttamaan ehdotuksemme k\u00e4yt\u00e4nn\u00f6ss\u00e4. Suomessa tapaamme poliitikkojen kanssa, osallistumme raportteihin ja kuulemistilaisuuksiin, jaamme tietoa ja j\u00e4rjest\u00e4mme tapahtumia. Vaikutamme maailmanlaajuisilla kampanjoillamme kansainv\u00e4lisiin m\u00e4\u00e4r\u00e4yksiin ja ymp\u00e4rist\u00f6nsuojelusopimuksiin, jotta ne olisivat mahdollisimman vahvoja ja kunnianhimoisia.<\/p><\/div><\/div><div class=\"accordion-content\"><div class=\"accordion-headline\" name=\"Toimimme\">Toimimme<\/div><div class=\"panel panel-hidden\"><p class=\"accordion-text\">Greenpeacella on pitk\u00e4t perinteet rauhanomaisesta toiminnasta. Haluamme toiminnallamme saada vallanpit\u00e4ji\u00e4 ja vastuullisia ryhtym\u00e4\u00e4n sanoista tekoihin. Laivamme mahdollistavat ymp\u00e4rist\u00f6rikosten dokumentoinnin ja torjuntatoimet eri puolilla maailmaa. Laivojemme avulla voimme menn\u00e4 my\u00f6s syrj\u00e4isille paikoille, joihin muiden on vaikea p\u00e4\u00e4st\u00e4. Useat kampanjamme ovat edist\u00e4neet vihre\u00e4mpien lakimuutosten aikaansaamista ja haavoittuvien alueiden ja elinymp\u00e4rist\u00f6jen suojelua. V\u00e4kivallattomuuden ja turvallisuuden periaate on keskeinen kaikessa toiminnassamme.<\/p><\/div><\/div><\/section>\n<\/div>\n<\/div>\n<\/div>\n\n<div style=\"height:0px\" aria-hidden=\"true\" id=\"aktiiviset-kampanjat\" class=\"wp-block-spacer\"><\/div>\n","protected":false},"excerpt":{"rendered":"<p>Planeettamme on h\u00e4t\u00e4tilassa. Onneksi maailma muuttuu, kun suuri joukko ihmisi\u00e4 toimii yhdess\u00e4. Tule mukaan ja toimi kanssamme.<\/p>\n","protected":false},"author":92,"featured_media":54657,"parent":1288,"menu_order":0,"comment_status":"closed","ping_status":"closed","template":"","meta":{"_improvement_type_select":"improve_an_existing","_thumb_yes_seoaic":false,"_frame_yes_seoaic":false,"seoaic_generate_description":"","seoaic_improve_instructions_prompt":"","seoaic_rollback_content_improvement":"","seoaic_idea_thumbnail_generator":"","thumbnail_generated":false,"thumbnail_generate_prompt":"","seoaic_article_description":"","ep_exclude_from_search":false,"p4_hide_page_title_checkbox":"on","p4_title":"","p4_subtitle":"","p4_description":"","background_image_id":"","background_image":"","p4_button_title":"","p4_button_link":"","p4_button_link_checkbox":"","p4_og_title":"","p4_og_description":"","p4_og_image":"","p4_og_image_id":"","p4_seo_canonical_url":"","p4_campaign_name":"not set","p4_local_project":"not set","p4_basket_name":"not set","p4_department":"","footnotes":""},"categories":[],"tags":[],"class_list":["post-57826","page","type-page","status-publish","has-post-thumbnail","hentry"],"_links":{"self":[{"href":"https:\/\/www.greenpeace.org\/finland\/wp-json\/wp\/v2\/pages\/57826","targetHints":{"allow":["GET"]}}],"collection":[{"href":"https:\/\/www.greenpeace.org\/finland\/wp-json\/wp\/v2\/pages"}],"about":[{"href":"https:\/\/www.greenpeace.org\/finland\/wp-json\/wp\/v2\/types\/page"}],"author":[{"embeddable":true,"href":"https:\/\/www.greenpeace.org\/finland\/wp-json\/wp\/v2\/users\/92"}],"replies":[{"embeddable":true,"href":"https:\/\/www.greenpeace.org\/finland\/wp-json\/wp\/v2\/comments?post=57826"}],"version-history":[{"count":7,"href":"https:\/\/www.greenpeace.org\/finland\/wp-json\/wp\/v2\/pages\/57826\/revisions"}],"predecessor-version":[{"id":59849,"href":"https:\/\/www.greenpeace.org\/finland\/wp-json\/wp\/v2\/pages\/57826\/revisions\/59849"}],"up":[{"embeddable":true,"href":"https:\/\/www.greenpeace.org\/finland\/wp-json\/wp\/v2\/pages\/1288"}],"wp:featuredmedia":[{"embeddable":true,"href":"https:\/\/www.greenpeace.org\/finland\/wp-json\/wp\/v2\/media\/54657"}],"wp:attachment":[{"href":"https:\/\/www.greenpeace.org\/finland\/wp-json\/wp\/v2\/media?parent=57826"}],"wp:term":[{"taxonomy":"category","embeddable":true,"href":"https:\/\/www.greenpeace.org\/finland\/wp-json\/wp\/v2\/categories?post=57826"},{"taxonomy":"post_tag","embeddable":true,"href":"https:\/\/www.greenpeace.org\/finland\/wp-json\/wp\/v2\/tags?post=57826"}],"curies":[{"name":"wp","href":"https:\/\/api.w.org\/{rel}","templated":true}]}}