{"id":10647,"date":"2023-10-16T21:30:48","date_gmt":"2023-10-16T19:30:48","guid":{"rendered":"https:\/\/www.greenpeace.org\/hungary\/?page_id=10647"},"modified":"2024-03-26T12:40:06","modified_gmt":"2024-03-26T11:40:06","slug":"valodi-vedelmet-az-oceanoknak","status":"publish","type":"page","link":"https:\/\/www.greenpeace.org\/hungary\/cselekedj\/valodi-vedelmet-az-oceanoknak\/","title":{"rendered":"Val\u00f3di v\u00e9delmet az \u00f3ce\u00e1noknak!"},"content":{"rendered":"\n                    <div class=\"wp-block-group is-vertical is-layout-flex wp-container-core-group-is-layout-8cf370e7 wp-block-group-is-layout-flex\">\n                    \n\n                    \n                    <\/div>\n                    \n<script type=\"text\/javascript\">window.location.href = \"https:\/\/sites.greenpeace.hu\/peticio\/valodi-vedelmet-az-oceanoknak\/\"<\/script>\n","protected":false},"excerpt":{"rendered":"<p>\u00cdrd al\u00e1 a pet\u00edci\u00f3t, \u00e9s k\u00e9rd a d\u00f6nt\u00e9shoz\u00f3kat, hogy ratifik\u00e1lj\u00e1k az ENSZ \u00f3ce\u00e1nv\u00e9delmi egyezm\u00e9ny\u00e9t, valamint jel\u00f6ljenek ki v\u00e9dett tengeri \u00f6vezeteket.<\/p>\n","protected":false},"author":25,"featured_media":10648,"parent":9,"menu_order":0,"comment_status":"closed","ping_status":"closed","template":"","meta":{"ep_exclude_from_search":false,"p4_hide_page_title_checkbox":"","p4_title":"","p4_subtitle":"","p4_description":"","background_image_id":"","background_image":"","p4_button_title":"","p4_button_link":"","p4_button_link_checkbox":"","p4_og_title":"","p4_og_description":"","p4_og_image":"","p4_og_image_id":"","p4_seo_canonical_url":"","p4_campaign_name":"","p4_local_project":"","p4_basket_name":"","p4_department":"","footnotes":""},"categories":[3],"tags":[20,31],"class_list":["post-10647","page","type-page","status-publish","has-post-thumbnail","hentry","category-termeszet-kornyezet","tag-elovilag","tag-viz"],"_links":{"self":[{"href":"https:\/\/www.greenpeace.org\/hungary\/wp-json\/wp\/v2\/pages\/10647","targetHints":{"allow":["GET"]}}],"collection":[{"href":"https:\/\/www.greenpeace.org\/hungary\/wp-json\/wp\/v2\/pages"}],"about":[{"href":"https:\/\/www.greenpeace.org\/hungary\/wp-json\/wp\/v2\/types\/page"}],"author":[{"embeddable":true,"href":"https:\/\/www.greenpeace.org\/hungary\/wp-json\/wp\/v2\/users\/25"}],"replies":[{"embeddable":true,"href":"https:\/\/www.greenpeace.org\/hungary\/wp-json\/wp\/v2\/comments?post=10647"}],"version-history":[{"count":2,"href":"https:\/\/www.greenpeace.org\/hungary\/wp-json\/wp\/v2\/pages\/10647\/revisions"}],"predecessor-version":[{"id":10884,"href":"https:\/\/www.greenpeace.org\/hungary\/wp-json\/wp\/v2\/pages\/10647\/revisions\/10884"}],"up":[{"embeddable":true,"href":"https:\/\/www.greenpeace.org\/hungary\/wp-json\/wp\/v2\/pages\/9"}],"wp:featuredmedia":[{"embeddable":true,"href":"https:\/\/www.greenpeace.org\/hungary\/wp-json\/wp\/v2\/media\/10648"}],"wp:attachment":[{"href":"https:\/\/www.greenpeace.org\/hungary\/wp-json\/wp\/v2\/media?parent=10647"}],"wp:term":[{"taxonomy":"category","embeddable":true,"href":"https:\/\/www.greenpeace.org\/hungary\/wp-json\/wp\/v2\/categories?post=10647"},{"taxonomy":"post_tag","embeddable":true,"href":"https:\/\/www.greenpeace.org\/hungary\/wp-json\/wp\/v2\/tags?post=10647"}],"curies":[{"name":"wp","href":"https:\/\/api.w.org\/{rel}","templated":true}]}}