{"id":10996,"date":"2024-04-05T15:40:42","date_gmt":"2024-04-05T13:40:42","guid":{"rendered":"https:\/\/www.greenpeace.org\/hungary\/?page_id=10996"},"modified":"2024-04-05T15:40:44","modified_gmt":"2024-04-05T13:40:44","slug":"kerdesek-es-valaszok-a-greenpeace-altal-feltart-2024-februar-21-i-godi-szennyezesrol","status":"publish","type":"page","link":"https:\/\/www.greenpeace.org\/hungary\/kerdesek-es-valaszok-a-greenpeace-altal-feltart-2024-februar-21-i-godi-szennyezesrol\/","title":{"rendered":"K\u00e9rd\u00e9sek \u00e9s v\u00e1laszok a Greenpeace \u00e1ltal felt\u00e1rt 2024. febru\u00e1r 21-i g\u00f6di szennyez\u00e9sr\u0151l"},"content":{"rendered":"\n<p><strong>Mi az az NMP?<\/strong><\/p>\n\n<p>Az N-metil-pirrolidon (NMP) egy mesters\u00e9ges szerves vegy\u00fclet, amit old\u00f3szerk\u00e9nt t\u00f6bb ipari folyamatban haszn\u00e1lnak, a felhaszn\u00e1l\u00e1sa k\u00fcl\u00f6n\u00f6sen jelent\u0151s az akkumul\u00e1torgy\u00e1rt\u00e1sban. Az NMP <a href=\"https:\/\/echa.europa.eu\/documents\/10162\/17233\/entry_71_how_to_comply_hu.pdf\" target=\"_blank\" rel=\"noreferrer noopener nofollow\">uni\u00f3s korl\u00e1toz\u00e1s al\u00e1 esik<\/a> magzatk\u00e1ros\u00edt\u00f3 hat\u00e1sa miatt, hiszen az old\u00f3szerrel val\u00f3 \u00e9rintkez\u00e9s k\u00e1ros\u00edthatja a sz\u00fcletend\u0151 gyermek eg\u00e9szs\u00e9g\u00e9t. Emellett s\u00falyos szemirrit\u00e1ci\u00f3t okozhat, valamint irrit\u00e1lhatja a b\u0151rt \u00e9s a l\u00e9gutakat.<\/p>\n\n<p><strong>A m\u00e9rgez\u0151 anyagok k\u00f6z\u00f6tt mennyire sz\u00e1m\u00edt vesz\u00e9lyesnek az NMP?<\/strong><\/p>\n\n<p>Az NMP akut toxicit\u00e1sa nem kiemelked\u0151en jelent\u0151s, irrit\u00e1l\u00f3 hat\u00e1sa s\u00falyos lehet, ami legink\u00e1bb az NMP-vel dolgoz\u00f3kat \u00e9rinti, ha nincs megfelel\u0151 v\u00e9d\u0151felszerel\u00e9s\u00fck. Mivel k\u00e1ros\u00edthatja a sz\u00fcletend\u0151 gyermeket, ez\u00e9rt az old\u00f3szernek val\u00f3 hossz\u00fa t\u00e1v\u00fa kitetts\u00e9g felt\u00e9tlen\u00fcl ker\u00fclend\u0151.<\/p>\n\n<p><strong>Hogyan hat ez a szennyez\u00e9s a helyi lakosokra \u00e9s a gy\u00e1rban dolgoz\u00f3kra?<\/strong><\/p>\n\n<p>Ha az NMP-old\u00f3szer kiker\u00fcl a k\u00f6rnyezetbe, egyar\u00e1nt okozhat r\u00f6vid ideig tart\u00f3 l\u00e9gszennyez\u00e9st, \u00e1m a talajv\u00edzbe jutva hosszabb t\u00e1von is megmaradhat. Az NMP az emberi szervezetbe ker\u00fclve k\u00e1ros\u00edthatja a sz\u00fcletend\u0151 gyermekek eg\u00e9szs\u00e9g\u00e9t, ez\u00e9rt a vegy\u00fcletet az EU-ban csak k\u00fcl\u00f6n enged\u00e9llyel lehet haszn\u00e1lni. A febru\u00e1rban kim\u00e9rt szennyez\u00e9s \u00f6nmag\u00e1ban nem jelent vesz\u00e9lyt a dolgoz\u00f3kra \u00e9s a lakosokra, csak abban az esetben jelenthet kock\u00e1zatot, amennyiben hosszasan \u00e9rintkeztek a cs\u0151t\u00f6r\u00e9s sor\u00e1n kifoly\u00f3 v\u00edzzel. Amennyiben ilyen t\u00edpus\u00fa szennyez\u00e9sek rendszeresen \u00e9rik a talajt \u00e9s a talajvizet, az fokozott kock\u00e1zatot jelent, k\u00fcl\u00f6n\u00f6sen ha megjelenik fogyaszt\u00e1sra sz\u00e1nt k\u00fatv\u00edzben. Az nem ismert, hogy eddig \u00f6sszesen h\u00e1ny esetben t\u00f6rt\u00e9nt hasonl\u00f3 szennyez\u00e9s.&nbsp;<\/p>\n\n<p><strong>Hogyan hathat az NMP a sz\u00fcletend\u0151 gyermekre?<\/strong><\/p>\n\n<p>Az NMP hat\u00e1sa lehet, hogy alacsony sz\u00fclet\u00e9si s\u00faly miatt a gyermek nem n\u0151 gyorsan, \u00e9s kognit\u00edv, viselked\u00e9si \u00e9s neurol\u00f3giai probl\u00e9m\u00e1k alakulhatnak ki. Feln\u0151ttk\u00e9nt az \u00e9rintettek nagyobb val\u00f3sz\u00edn\u0171s\u00e9ggel ker\u00fclnek rossz eg\u00e9szs\u00e9gi \u00e1llapotba, \u00e9s szenvednek metabolikus szindr\u00f3m\u00e1ban, sz\u00edvbetegs\u00e9gben \u00e9s cukorbetegs\u00e9gben. Az NMP lehets\u00e9ges hat\u00e1sair\u00f3l tov\u00e1bbi inform\u00e1ci\u00f3k el\u00e9rhet\u0151ek <a href=\"https:\/\/toxicfreefuture.org\/toxic-chemicals\/nmp-n-methylpyrrolidone\/\" target=\"_blank\" rel=\"noreferrer noopener nofollow\">ezen a linken<\/a>.<\/p>\n\n<p><strong>Mit tudnak tenni a helyi lakosok?<\/strong><\/p>\n\n<p>Az elm\u00falt id\u0151szakban t\u00f6bb NMP-szennyez\u00e9s is ismertt\u00e9 v\u00e1lt: G\u00f6d\u00f6n a leveg\u0151be t\u00f6bb mint 80 tonna NMP ker\u00fclt kibocs\u00e1t\u00e1sra, a vesz\u00e9lyes old\u00f3szert a g\u00f6di kutak viz\u00e9ben is megtal\u00e1lt\u00e1k. A NMP-nek val\u00f3 folyamatos kitetts\u00e9gnek lehetnek kock\u00e1zatai. A c\u00e9gek szab\u00e1lyokt\u00f3l elt\u00e9r\u0151 m\u0171k\u00f6d\u00e9s\u00e9nek, a k\u00e1ros szennyez\u00e9s kijut\u00e1s\u00e1nak megakad\u00e1lyoz\u00e1sa az \u00e1llam, helyben a hat\u00f3s\u00e1gok k\u00f6telezetts\u00e9ge. Ha a hat\u00f3s\u00e1gok nem v\u00e9gzik el ezt a feladatukat, a lakosok, civil szervezetek a tiltakoz\u00e1son t\u00fal jogi l\u00e9p\u00e9sekkel, feljelent\u00e9sekkel, fellebbez\u00e9sekkel, perekkel pr\u00f3b\u00e1lkozhatnak.<\/p>\n\n<p><strong>Mennyi a 200 mikrogramm per liter? Ez sok vagy kev\u00e9s?<\/strong><\/p>\n\n<p>A term\u00e9szetben nem l\u00e9tezik ez az anyag, azaz 0 a koncentr\u00e1ci\u00f3ja. A k\u00f6rnyezetbe kijutva 200 mikrogramm literenk\u00e9nt jelent\u0151s szennyezetts\u00e9g. Vizekre (sem felsz\u00edni, sem talajv\u00edzre) jelenleg nincs megadva hat\u00e1r\u00e9rt\u00e9k NMP-re, val\u00f3sz\u00edn\u0171s\u00edthet\u0151en az\u00e9rt, mert kor\u00e1bban nem volt elterjedt a haszn\u00e1lata. A talajv\u00edzbe jut\u00f3 NMP-szennyez\u00e9s hossz\u00fa t\u00e1von megmaradhat. Semmik\u00e9pp nem elfogadhat\u00f3, ha a lakosok k\u00fatviz\u00e9be NMP ker\u00fcl.<\/p>\n\n<p><strong>Milyen hat\u00f3s\u00e1g feladata lenne fell\u00e9pni az ehhez hasonl\u00f3 szennyez\u00e9sekkel szemben?<\/strong><\/p>\n\n<p>A Katasztr\u00f3fav\u00e9delem, a V\u00edz\u00fcgyi Igazgat\u00f3s\u00e1gok, a Korm\u00e1nyhivatal K\u00f6rnyezetv\u00e9delmi F\u0151oszt\u00e1lya, a Korm\u00e1nyhivatal Foglalkoztat\u00e1s-fel\u00fcgyeleti \u00e9s Munkav\u00e9delmi F\u0151oszt\u00e1lya felel\u0151sek az\u00e9rt, hogy fell\u00e9pjenek a szennyez\u00e9sekkel szemben.<\/p>\n\n<p><strong>Mi\u00e9rt nem akkredit\u00e1lt teszteket v\u00e9gzett a labor?<\/strong><\/p>\n\n<p>A labor a hazai NMP-re vonatkoz\u00f3 akkredit\u00e1ci\u00f3ja szennyv\u00edz vizsg\u00e1lat eset\u00e9n csak 1000 mikrogramm\/liter kimutathat\u00f3s\u00e1gi hat\u00e1rra vonatkozik. Alacsonyabb kimutathat\u00f3s\u00e1gi hat\u00e1ron is tud eredm\u00e9nyt adni a Eurofins Kft, \u00e1m ez a vizsg\u00e1lat nem akkredit\u00e1lt. Ez az eredm\u00e9ny azonban szakmai, tudom\u00e1nyos szempontb\u00f3l ugyanolyan pontos, \u00e9s bizony\u00edtja az NMP jelenl\u00e9t\u00e9t a szennyv\u00edzben.<\/p>\n\n<p><strong>Tervezi-e vizsg\u00e1lni m\u00e1s m\u00e9rgez\u0151 anyag jelenl\u00e9t\u00e9t is G\u00f6d\u00f6n a Greenpeace?<\/strong><\/p>\n\n<p>Abban az esetben v\u00e9gz\u00fcnk tov\u00e1bbi m\u00e9r\u00e9seket, ha eddig \u00faj, nem ismert szab\u00e1lytalans\u00e1got tudunk ezzel felt\u00e1rni.<\/p>\n\n<p><strong>Mit tesz az \u00fcgy \u00e9rdek\u00e9ben a Greenpeace?<\/strong><\/p>\n\n<p>Helyi civil szervezetekkel egy\u00fcttm\u0171k\u00f6dve m\u00e9r\u00e9seket v\u00e9gz\u00fcnk, a sajt\u00f3ban kommunik\u00e1ljuk az eredm\u00e9nyeket, valamint bejelent\u00e9seket tesz\u00fcnk \u00e9s adatk\u00e9r\u00e9st v\u00e9gz\u00fcnk a hat\u00f3s\u00e1gok fel\u00e9. V\u00e9gs\u0151 esetben b\u00edr\u00f3s\u00e1ghoz fordulunk, feljelent\u00e9seket tesz\u00fcnk.<\/p>\n","protected":false},"excerpt":{"rendered":"<p>Mi az az NMP? Az N-metil-pirrolidon (NMP) egy mesters\u00e9ges szerves vegy\u00fclet, amit old\u00f3szerk\u00e9nt t\u00f6bb ipari folyamatban haszn\u00e1lnak, a felhaszn\u00e1l\u00e1sa k\u00fcl\u00f6n\u00f6sen jelent\u0151s az akkumul\u00e1torgy\u00e1rt\u00e1sban. Az NMP uni\u00f3s korl\u00e1toz\u00e1s al\u00e1 esik magzatk\u00e1ros\u00edt\u00f3 hat\u00e1sa miatt, hiszen az old\u00f3szerrel val\u00f3 \u00e9rintkez\u00e9s k\u00e1ros\u00edthatja a sz\u00fcletend\u0151 gyermek eg\u00e9szs\u00e9g\u00e9t. Emellett s\u00falyos szemirrit\u00e1ci\u00f3t okozhat, valamint irrit\u00e1lhatja a b\u0151rt \u00e9s a l\u00e9gutakat. A m\u00e9rgez\u0151 [&hellip;]<\/p>\n","protected":false},"author":25,"featured_media":10841,"parent":0,"menu_order":0,"comment_status":"closed","ping_status":"closed","template":"","meta":{"ep_exclude_from_search":false,"p4_hide_page_title_checkbox":"","p4_title":"","p4_subtitle":"","p4_description":"","background_image_id":"","background_image":"","p4_button_title":"","p4_button_link":"","p4_button_link_checkbox":"","p4_og_title":"","p4_og_description":"","p4_og_image":"https:\/\/www.greenpeace.org\/static\/planet4-hungary-stateless\/2024\/03\/18c8911c-rajta-tartjuk-a-szemunket-az-akkugyarakon.jpg","p4_og_image_id":"10841","p4_seo_canonical_url":"","p4_campaign_name":"","p4_local_project":"","p4_basket_name":"","p4_department":"","footnotes":""},"categories":[3],"tags":[],"class_list":["post-10996","page","type-page","status-publish","has-post-thumbnail","hentry","category-termeszet-kornyezet"],"_links":{"self":[{"href":"https:\/\/www.greenpeace.org\/hungary\/wp-json\/wp\/v2\/pages\/10996","targetHints":{"allow":["GET"]}}],"collection":[{"href":"https:\/\/www.greenpeace.org\/hungary\/wp-json\/wp\/v2\/pages"}],"about":[{"href":"https:\/\/www.greenpeace.org\/hungary\/wp-json\/wp\/v2\/types\/page"}],"author":[{"embeddable":true,"href":"https:\/\/www.greenpeace.org\/hungary\/wp-json\/wp\/v2\/users\/25"}],"replies":[{"embeddable":true,"href":"https:\/\/www.greenpeace.org\/hungary\/wp-json\/wp\/v2\/comments?post=10996"}],"version-history":[{"count":1,"href":"https:\/\/www.greenpeace.org\/hungary\/wp-json\/wp\/v2\/pages\/10996\/revisions"}],"predecessor-version":[{"id":10997,"href":"https:\/\/www.greenpeace.org\/hungary\/wp-json\/wp\/v2\/pages\/10996\/revisions\/10997"}],"wp:featuredmedia":[{"embeddable":true,"href":"https:\/\/www.greenpeace.org\/hungary\/wp-json\/wp\/v2\/media\/10841"}],"wp:attachment":[{"href":"https:\/\/www.greenpeace.org\/hungary\/wp-json\/wp\/v2\/media?parent=10996"}],"wp:term":[{"taxonomy":"category","embeddable":true,"href":"https:\/\/www.greenpeace.org\/hungary\/wp-json\/wp\/v2\/categories?post=10996"},{"taxonomy":"post_tag","embeddable":true,"href":"https:\/\/www.greenpeace.org\/hungary\/wp-json\/wp\/v2\/tags?post=10996"}],"curies":[{"name":"wp","href":"https:\/\/api.w.org\/{rel}","templated":true}]}}