{"id":12447,"date":"2025-08-06T14:55:52","date_gmt":"2025-08-06T12:55:52","guid":{"rendered":"https:\/\/www.greenpeace.org\/hungary\/?page_id=12447"},"modified":"2026-03-26T18:25:32","modified_gmt":"2026-03-26T17:25:32","slug":"meresi-eredmenyeink-godon","status":"publish","type":"page","link":"https:\/\/www.greenpeace.org\/hungary\/meresi-eredmenyeink-godon\/","title":{"rendered":"M\u00e9r\u00e9si eredm\u00e9nyeink\u00a0G\u00f6d\u00f6n"},"content":{"rendered":"\n<p>Ahogy arr\u00f3l&nbsp;<a href=\"https:\/\/www.greenpeace.org\/hungary\/sajtokozlemeny\/11885\/nikkelszennyezest-talalt-a-greenpeace-a-godi-samsung-gyar-kornyeken\/\" target=\"_blank\" rel=\"noreferrer noopener\">kor\u00e1bban h\u00edrt adtunk<\/a>, 2025. \u00e1prilis 4-\u00e9n a G\u00f6d-\u00c9RT Egyes\u00fclet k\u00e9r\u00e9s\u00e9re mint\u00e1kat vett\u00fcnk a talajb\u00f3l a g\u00f6di Samsung SDI akkumul\u00e1torgy\u00e1r k\u00f6rnyezet\u00e9ben. A mint\u00e1kat a Eurofins laborat\u00f3rium vizsg\u00e1lta be, \u00e9s az egyik mint\u00e1ban (a mintav\u00e9tel helye: N47.6669909 E19.1637296) a hat\u00e1r\u00e9rt\u00e9k t\u00f6bb mint k\u00e9tszeres\u00e9t meghalad\u00f3 nikkel szintet (85 mg\/kg sz\u00e1razanyag) mutattak ki.<\/p>\n\n<p>Friss inform\u00e1ci\u00f3, hogy a m\u00e9r\u00e9st megism\u00e9telt\u00fck 2025. j\u00falius 22-\u00e9n hasonl\u00f3, valamint \u00fajabb helysz\u00ednen (N47\u00b040&#8217;27.3&#8243; E19\u00b010&#8217;15.9&#8243;), ekkor akkredit\u00e1lt \u00e9s saj\u00e1t m\u00e9r\u00e9s is t\u00f6rt\u00e9nt egyszerre. A talajmint\u00e1kat ez\u00fattal is a Eurofins laborat\u00f3rium elemezte ki, \u00e1m ez\u00fattal sem a Greenpeace \u00e1ltal vett mint\u00e1ban, sem az akkredit\u00e1lt szakember \u00e1ltal vett mint\u00e1ban nem tal\u00e1ltak hat\u00e1r\u00e9rt\u00e9ket meghalad\u00f3 nikkelmennyis\u00e9get (12 mg\/kg sz\u00e1razanyag).<\/p>\n\n<div class=\"wp-block-columns are-vertically-aligned-top is-layout-flex wp-container-core-columns-is-layout-9d6595d7 wp-block-columns-is-layout-flex\">\n<div class=\"wp-block-column is-vertically-aligned-top is-layout-constrained wp-block-column-is-layout-constrained\" style=\"flex-basis:50%\">\n<div data-wp-interactive=\"core\/file\" class=\"wp-block-file aligncenter\"><object data-wp-bind--hidden=\"!state.hasPdfPreview\" hidden class=\"wp-block-file__embed\" data=\"https:\/\/www.greenpeace.org\/static\/planet4-hungary-stateless\/2025\/08\/df5e3fa5-1005218_greenpeace___2025_k_10738___greenpeace_god__t__1_gdpr_compressed.pdf\" type=\"application\/pdf\" style=\"width:100%;height:600px\" aria-label=\"1005218_Greenpeace___2025_K_10738___Greenpeace_God__T__1_gdpr_compressed be\u00e1gyaz\u00e1sa\"><\/object><a id=\"wp-block-file--media-e064dd9f-e820-4293-96ef-4f291cb2aad5\" href=\"https:\/\/www.greenpeace.org\/static\/planet4-hungary-stateless\/2025\/08\/df5e3fa5-1005218_greenpeace___2025_k_10738___greenpeace_god__t__1_gdpr_compressed.pdf\" target=\"_blank\" rel=\"noreferrer noopener\">1005218_Greenpeace___2025_K_10738___Greenpeace_God__T__1_gdpr_compressed<\/a><\/div>\n<\/div>\n\n\n\n<div class=\"wp-block-column is-vertically-aligned-top is-layout-constrained wp-block-column-is-layout-constrained\" style=\"flex-basis:50%\">\n<div data-wp-interactive=\"core\/file\" class=\"wp-block-file aligncenter\"><object data-wp-bind--hidden=\"!state.hasPdfPreview\" hidden class=\"wp-block-file__embed\" data=\"https:\/\/www.greenpeace.org\/static\/planet4-hungary-stateless\/2025\/08\/5c1d49a1-2025k10738_mintaveteli_jkv_2025-07-23-16-37-58-79_gdpr_compressed.pdf\" type=\"application\/pdf\" style=\"width:100%;height:600px\" aria-label=\"2025K10738_mintaveteli_jkv_2025-07-23 16-37-58-79_gdpr_compressed be\u00e1gyaz\u00e1sa\"><\/object><a id=\"wp-block-file--media-3ff87033-b095-4c05-8697-4da5e65bb6cb\" href=\"https:\/\/www.greenpeace.org\/static\/planet4-hungary-stateless\/2025\/08\/5c1d49a1-2025k10738_mintaveteli_jkv_2025-07-23-16-37-58-79_gdpr_compressed.pdf\" target=\"_blank\" rel=\"noreferrer noopener\">2025K10738_mintaveteli_jkv_2025-07-23 16-37-58-79_gdpr_compressed<\/a><\/div>\n<\/div>\n<\/div>\n","protected":false},"excerpt":{"rendered":"<p>Ahogy arr\u00f3l&nbsp;kor\u00e1bban h\u00edrt adtunk, 2025. \u00e1prilis 4-\u00e9n a G\u00f6d-\u00c9RT Egyes\u00fclet k\u00e9r\u00e9s\u00e9re mint\u00e1kat vett\u00fcnk a talajb\u00f3l a g\u00f6di Samsung SDI akkumul\u00e1torgy\u00e1r k\u00f6rnyezet\u00e9ben. A mint\u00e1kat a Eurofins laborat\u00f3rium vizsg\u00e1lta be, \u00e9s az egyik mint\u00e1ban (a mintav\u00e9tel helye: N47.6669909 E19.1637296) a hat\u00e1r\u00e9rt\u00e9k t\u00f6bb mint k\u00e9tszeres\u00e9t meghalad\u00f3 nikkel szintet (85 mg\/kg sz\u00e1razanyag) mutattak ki. Friss inform\u00e1ci\u00f3, hogy a m\u00e9r\u00e9st [&hellip;]<\/p>\n","protected":false},"author":25,"featured_media":11416,"parent":0,"menu_order":0,"comment_status":"closed","ping_status":"closed","template":"","meta":{"ep_exclude_from_search":false,"p4_hide_page_title_checkbox":"","p4_title":"","p4_subtitle":"","p4_description":"","background_image_id":"","background_image":"","p4_button_title":"","p4_button_link":"","p4_button_link_checkbox":"","p4_og_title":"","p4_og_description":"","p4_og_image":"","p4_og_image_id":"","p4_seo_canonical_url":"","p4_campaign_name":"","p4_local_project":"","p4_basket_name":"","p4_department":"","footnotes":""},"categories":[3],"tags":[],"class_list":["post-12447","page","type-page","status-publish","has-post-thumbnail","hentry","category-termeszet-kornyezet"],"_links":{"self":[{"href":"https:\/\/www.greenpeace.org\/hungary\/wp-json\/wp\/v2\/pages\/12447","targetHints":{"allow":["GET"]}}],"collection":[{"href":"https:\/\/www.greenpeace.org\/hungary\/wp-json\/wp\/v2\/pages"}],"about":[{"href":"https:\/\/www.greenpeace.org\/hungary\/wp-json\/wp\/v2\/types\/page"}],"author":[{"embeddable":true,"href":"https:\/\/www.greenpeace.org\/hungary\/wp-json\/wp\/v2\/users\/25"}],"replies":[{"embeddable":true,"href":"https:\/\/www.greenpeace.org\/hungary\/wp-json\/wp\/v2\/comments?post=12447"}],"version-history":[{"count":3,"href":"https:\/\/www.greenpeace.org\/hungary\/wp-json\/wp\/v2\/pages\/12447\/revisions"}],"predecessor-version":[{"id":13458,"href":"https:\/\/www.greenpeace.org\/hungary\/wp-json\/wp\/v2\/pages\/12447\/revisions\/13458"}],"wp:featuredmedia":[{"embeddable":true,"href":"https:\/\/www.greenpeace.org\/hungary\/wp-json\/wp\/v2\/media\/11416"}],"wp:attachment":[{"href":"https:\/\/www.greenpeace.org\/hungary\/wp-json\/wp\/v2\/media?parent=12447"}],"wp:term":[{"taxonomy":"category","embeddable":true,"href":"https:\/\/www.greenpeace.org\/hungary\/wp-json\/wp\/v2\/categories?post=12447"},{"taxonomy":"post_tag","embeddable":true,"href":"https:\/\/www.greenpeace.org\/hungary\/wp-json\/wp\/v2\/tags?post=12447"}],"curies":[{"name":"wp","href":"https:\/\/api.w.org\/{rel}","templated":true}]}}