{"id":12759,"date":"2025-10-01T09:09:26","date_gmt":"2025-10-01T07:09:26","guid":{"rendered":"https:\/\/www.greenpeace.org\/hungary\/?page_id=12759"},"modified":"2025-11-19T12:12:22","modified_gmt":"2025-11-19T11:12:22","slug":"tamogass-minket-hogy-kuzdhessunk-a-bolygonkert-new-layout","status":"publish","type":"page","link":"https:\/\/www.greenpeace.org\/hungary\/cselekedj\/tamogass-minket-hogy-kuzdhessunk-a-bolygonkert-new-layout\/","title":{"rendered":"T\u00e1mogass minket, v\u00e9dj\u00fck meg a bolyg\u00f3t egy\u00fctt!"},"content":{"rendered":"","protected":true},"excerpt":{"rendered":"","protected":true},"author":50,"featured_media":11879,"parent":9,"menu_order":0,"comment_status":"closed","ping_status":"closed","template":"","meta":{"ep_exclude_from_search":false,"p4_hide_page_title_checkbox":"on","p4_title":"","p4_subtitle":"","p4_description":"","background_image_id":"","background_image":"","p4_button_title":"","p4_button_link":"","p4_button_link_checkbox":"","p4_og_title":"","p4_og_description":"","p4_og_image":"","p4_og_image_id":"","p4_seo_canonical_url":"","p4_campaign_name":"not set","p4_local_project":"not set","p4_basket_name":"not set","p4_department":"","footnotes":""},"categories":[],"tags":[13],"class_list":["post-12759","page","type-page","status-publish","post-password-required","hentry","tag-greenpeace"],"_links":{"self":[{"href":"https:\/\/www.greenpeace.org\/hungary\/wp-json\/wp\/v2\/pages\/12759","targetHints":{"allow":["GET"]}}],"collection":[{"href":"https:\/\/www.greenpeace.org\/hungary\/wp-json\/wp\/v2\/pages"}],"about":[{"href":"https:\/\/www.greenpeace.org\/hungary\/wp-json\/wp\/v2\/types\/page"}],"author":[{"embeddable":true,"href":"https:\/\/www.greenpeace.org\/hungary\/wp-json\/wp\/v2\/users\/50"}],"replies":[{"embeddable":true,"href":"https:\/\/www.greenpeace.org\/hungary\/wp-json\/wp\/v2\/comments?post=12759"}],"version-history":[{"count":19,"href":"https:\/\/www.greenpeace.org\/hungary\/wp-json\/wp\/v2\/pages\/12759\/revisions"}],"predecessor-version":[{"id":13039,"href":"https:\/\/www.greenpeace.org\/hungary\/wp-json\/wp\/v2\/pages\/12759\/revisions\/13039"}],"up":[{"embeddable":true,"href":"https:\/\/www.greenpeace.org\/hungary\/wp-json\/wp\/v2\/pages\/9"}],"wp:featuredmedia":[{"embeddable":true,"href":"https:\/\/www.greenpeace.org\/hungary\/wp-json\/wp\/v2\/media\/11879"}],"wp:attachment":[{"href":"https:\/\/www.greenpeace.org\/hungary\/wp-json\/wp\/v2\/media?parent=12759"}],"wp:term":[{"taxonomy":"category","embeddable":true,"href":"https:\/\/www.greenpeace.org\/hungary\/wp-json\/wp\/v2\/categories?post=12759"},{"taxonomy":"post_tag","embeddable":true,"href":"https:\/\/www.greenpeace.org\/hungary\/wp-json\/wp\/v2\/tags?post=12759"}],"curies":[{"name":"wp","href":"https:\/\/api.w.org\/{rel}","templated":true}]}}