{"id":3166,"date":"2018-12-12T18:26:21","date_gmt":"2018-12-12T17:26:21","guid":{"rendered":"https:\/\/www.greenpeace.org\/hungary\/?page_id=3166"},"modified":"2024-03-26T12:40:54","modified_gmt":"2024-03-26T11:40:54","slug":"2019-naptar-koszonjuk","status":"publish","type":"page","link":"https:\/\/www.greenpeace.org\/hungary\/cselekedj\/2019-naptar-koszonjuk\/","title":{"rendered":"K\u00f6sz\u00f6nj\u00fck!"},"content":{"rendered":"\n                    <div class=\"wp-block-group is-vertical is-layout-flex wp-container-core-group-is-layout-8cf370e7 wp-block-group-is-layout-flex\">\n                    \n\n                    \n                    <\/div>\n                    <div style=\"background-color: rgba(255, 255, 255, 0.7); padding: 1em; margin-bottom: 4em;\">\n<p><b>K\u00f6sz\u00f6nj\u00fck, hogy adom\u00e1nyoddal te is t\u00e1mogatod a Greenpeace Magyarorsz\u00e1g munk\u00e1j\u00e1t!<\/b><\/p>\n<p><b>Ha b\u00e1rmilyen k\u00e9rd\u00e9sed, \u00e9szrev\u00e9teled van, keress minket bizalommal a <\/b><a href=\"mailto:tamogatas.hu@greenpeace.org\"><b>tamogatas.hu@greenpeace.org<\/b><\/a><b> c\u00edmen.<\/b><\/p>\n<\/div>\n","protected":false},"excerpt":{"rendered":"<p>K\u00f6sz\u00f6nj\u00fck, hogy adom\u00e1nyoddal te is t\u00e1mogatod a Greenpeace Magyarorsz\u00e1g munk\u00e1j\u00e1t! Ha b\u00e1rmilyen k\u00e9rd\u00e9sed, \u00e9szrev\u00e9teled van, keress minket bizalommal a tamogatas.hu@greenpeace.org c\u00edmen.<\/p>\n","protected":false},"author":25,"featured_media":3396,"parent":9,"menu_order":0,"comment_status":"closed","ping_status":"closed","template":"","meta":{"ep_exclude_from_search":false,"p4_hide_page_title_checkbox":"","p4_title":"","p4_subtitle":"","p4_description":"","background_image_id":"","background_image":"","p4_button_title":"","p4_button_link":"","p4_button_link_checkbox":"","p4_og_title":"","p4_og_description":"","p4_og_image":"","p4_og_image_id":"","p4_seo_canonical_url":"","p4_campaign_name":"","p4_local_project":"","p4_basket_name":"","p4_department":"","footnotes":""},"categories":[],"tags":[],"class_list":["post-3166","page","type-page","status-publish","has-post-thumbnail","hentry"],"_links":{"self":[{"href":"https:\/\/www.greenpeace.org\/hungary\/wp-json\/wp\/v2\/pages\/3166","targetHints":{"allow":["GET"]}}],"collection":[{"href":"https:\/\/www.greenpeace.org\/hungary\/wp-json\/wp\/v2\/pages"}],"about":[{"href":"https:\/\/www.greenpeace.org\/hungary\/wp-json\/wp\/v2\/types\/page"}],"author":[{"embeddable":true,"href":"https:\/\/www.greenpeace.org\/hungary\/wp-json\/wp\/v2\/users\/25"}],"replies":[{"embeddable":true,"href":"https:\/\/www.greenpeace.org\/hungary\/wp-json\/wp\/v2\/comments?post=3166"}],"version-history":[{"count":18,"href":"https:\/\/www.greenpeace.org\/hungary\/wp-json\/wp\/v2\/pages\/3166\/revisions"}],"predecessor-version":[{"id":10919,"href":"https:\/\/www.greenpeace.org\/hungary\/wp-json\/wp\/v2\/pages\/3166\/revisions\/10919"}],"up":[{"embeddable":true,"href":"https:\/\/www.greenpeace.org\/hungary\/wp-json\/wp\/v2\/pages\/9"}],"wp:featuredmedia":[{"embeddable":true,"href":"https:\/\/www.greenpeace.org\/hungary\/wp-json\/wp\/v2\/media\/3396"}],"wp:attachment":[{"href":"https:\/\/www.greenpeace.org\/hungary\/wp-json\/wp\/v2\/media?parent=3166"}],"wp:term":[{"taxonomy":"category","embeddable":true,"href":"https:\/\/www.greenpeace.org\/hungary\/wp-json\/wp\/v2\/categories?post=3166"},{"taxonomy":"post_tag","embeddable":true,"href":"https:\/\/www.greenpeace.org\/hungary\/wp-json\/wp\/v2\/tags?post=3166"}],"curies":[{"name":"wp","href":"https:\/\/api.w.org\/{rel}","templated":true}]}}