{"id":3452,"date":"2019-02-05T09:33:36","date_gmt":"2019-02-05T08:33:36","guid":{"rendered":"https:\/\/www.greenpeace.org\/hungary\/?page_id=3452"},"modified":"2024-03-26T12:40:49","modified_gmt":"2024-03-26T11:40:49","slug":"hogyan-csokkentheted-a-muanyaglabnyomod","status":"publish","type":"page","link":"https:\/\/www.greenpeace.org\/hungary\/hogyan-csokkentheted-a-muanyaglabnyomod\/","title":{"rendered":"Hogyan cs\u00f6kkentheted a m\u0171anyagl\u00e1bnyomod?"},"content":{"rendered":"\n                    <div class=\"wp-block-group is-vertical is-layout-flex wp-container-core-group-is-layout-8cf370e7 wp-block-group-is-layout-flex\">\n                    \n                                <p>Sokan d\u00f6ntenek \u00fagy, hogy cs\u00f6kkentik saj\u00e1t m\u0171anyag-felhaszn\u00e1l\u00e1sukat. Szeretn\u00e9nk ebben mi is seg\u00edteni, ez\u00e9rt \u00f6sszegy\u0171jt\u00f6tt\u00fcnk n\u00e9h\u00e1ny tippet, amellyel saj\u00e1t h\u00e1ztart\u00e1sodban cs\u00f6kkentheted a m\u0171anyag hullad\u00e9kok mennyis\u00e9g\u00e9t.<\/p>\n                            \n\n                    \n                    <\/div>\n                    <h3>1. L\u00e9gy tudatos v\u00e1s\u00e1rl\u00f3!<\/h3>\n<p><img loading=\"lazy\" decoding=\"async\" class=\"aligncenter size-full wp-image-3464\" src=\"https:\/\/www.greenpeace.org\/static\/planet4-hungary-stateless\/2019\/02\/3c357287-image9.png\" alt=\"\" width=\"960\" height=\"450\" srcset=\"https:\/\/www.greenpeace.org\/static\/planet4-hungary-stateless\/2019\/02\/3c357287-image9.png 960w, https:\/\/www.greenpeace.org\/static\/planet4-hungary-stateless\/2019\/02\/3c357287-image9-300x141.png 300w, https:\/\/www.greenpeace.org\/static\/planet4-hungary-stateless\/2019\/02\/3c357287-image9-768x360.png 768w, https:\/\/www.greenpeace.org\/static\/planet4-hungary-stateless\/2019\/02\/3c357287-image9-510x239.png 510w\" sizes=\"auto, (max-width: 960px) 100vw, 960px\" \/><\/p>\n<p>A Dun\u00e1val naponta 4,2 tonna m\u0171anyag hullad\u00e9k ker\u00fcl a Fekete-tengerbe. Itt az ideje, hogy tegy\u00fcnk ellene. Ha \u00e1tgondolod a napod, \u00e9s tudod, hogy v\u00e1s\u00e1rolni fogsz, akkor nagyobb es\u00e9llyel ker\u00fcl\u00f6d el a k\u00e9nyszerb\u0151l elfogadott nejlonszatyrok haszn\u00e1lat\u00e1t, illetve m\u00e1s \u2013 feleslegesen v\u00e1s\u00e1rolt, hamar hullad\u00e9kk\u00e1 v\u00e1l\u00f3 \u2013 holmik beszerz\u00e9s\u00e9t is.<\/p>\n<p>Legyen bev\u00e1s\u00e1rl\u00f3list\u00e1d, \u00e9s legyen n\u00e1lad \u00fajrahaszn\u00e1lhat\u00f3 sz\u00e1ll\u00edt\u00f3eszk\u00f6z: v\u00e1szonszatyor, r\u0151zsekos\u00e1r, h\u00fazhat\u00f3 kiskocsi vagy vastag, sokszor haszn\u00e1latos polipropil\u00e9n m\u0171anyag szatyor.<\/p>\n<h3>2. A z\u00f6lds\u00e9get \u00e9s a kiflit se tedd eldobhat\u00f3 m\u0171anyag zacsk\u00f3ba!<\/h3>\n<p><img loading=\"lazy\" decoding=\"async\" class=\"aligncenter size-large wp-image-3469\" src=\"https:\/\/www.greenpeace.org\/static\/planet4-hungary-stateless\/2019\/02\/7b0d8740-image14-1024x546.jpg\" alt=\"\" width=\"1024\" height=\"546\" srcset=\"https:\/\/www.greenpeace.org\/static\/planet4-hungary-stateless\/2019\/02\/7b0d8740-image14-1024x546.jpg 1024w, https:\/\/www.greenpeace.org\/static\/planet4-hungary-stateless\/2019\/02\/7b0d8740-image14-300x160.jpg 300w, https:\/\/www.greenpeace.org\/static\/planet4-hungary-stateless\/2019\/02\/7b0d8740-image14-768x410.jpg 768w, https:\/\/www.greenpeace.org\/static\/planet4-hungary-stateless\/2019\/02\/7b0d8740-image14-510x272.jpg 510w, https:\/\/www.greenpeace.org\/static\/planet4-hungary-stateless\/2019\/02\/7b0d8740-image14.jpg 1500w\" sizes=\"auto, (max-width: 1024px) 100vw, 1024px\" \/><\/p>\n<p>A z\u00f6lds\u00e9gek, gy\u00fcm\u00f6lcs\u00f6k egy r\u00e9sz\u00e9t sim\u00e1n lehet csomagol\u00e1s n\u00e9lk\u00fcl, egyenesen a t\u00e1sk\u00e1ba tenni: ha csak k\u00e9t szem alm\u00e1t vagy egy f\u00fcrt ban\u00e1nt veszel, annak nem kell k\u00fcl\u00f6n zacsk\u00f3. Arra az esetre, ha k\u00fcl\u00f6n kisebb zacsk\u00f3kra van sz\u00fcks\u00e9ged, remek megold\u00e1s a r\u00e9gi f\u00fcgg\u00f6nyanyagb\u00f3l vagy m\u00e1s v\u00e9kony textilb\u0151l k\u00e9sz\u00edtett tart\u00f3s v\u00e1szonzs\u00e1k. Ha nem vagy \u201ecsin\u00e1ld magad\u201d t\u00edpus, akkor ilyet v\u00e1s\u00e1rolni is tudsz!<\/p>\n<h3>3. Sz\u00f3lj, hogy nem k\u00e9rsz sz\u00edv\u00f3sz\u00e1lat!<\/h3>\n<p><img loading=\"lazy\" decoding=\"async\" class=\"aligncenter size-large wp-image-3471\" src=\"https:\/\/www.greenpeace.org\/static\/planet4-hungary-stateless\/2019\/02\/b67685a3-beverage-citrus-close-up-1234079-1024x489.jpg\" alt=\"\" width=\"1024\" height=\"489\" srcset=\"https:\/\/www.greenpeace.org\/static\/planet4-hungary-stateless\/2019\/02\/b67685a3-beverage-citrus-close-up-1234079-1024x489.jpg 1024w, https:\/\/www.greenpeace.org\/static\/planet4-hungary-stateless\/2019\/02\/b67685a3-beverage-citrus-close-up-1234079-300x143.jpg 300w, https:\/\/www.greenpeace.org\/static\/planet4-hungary-stateless\/2019\/02\/b67685a3-beverage-citrus-close-up-1234079-768x367.jpg 768w, https:\/\/www.greenpeace.org\/static\/planet4-hungary-stateless\/2019\/02\/b67685a3-beverage-citrus-close-up-1234079-510x244.jpg 510w, https:\/\/www.greenpeace.org\/static\/planet4-hungary-stateless\/2019\/02\/b67685a3-beverage-citrus-close-up-1234079.jpg 1300w\" sizes=\"auto, (max-width: 1024px) 100vw, 1024px\" \/><\/p>\n<p>A hazai vend\u00e9gl\u00e1t\u00f3helyeken a Felel\u0151s Gasztroh\u0151s sz\u00e1m\u00edt\u00e1sa szerint annyi sz\u00edv\u00f3sz\u00e1lat haszn\u00e1lnak \u00e9vente, amennyivel 2 \u00e9s f\u00e9lszer k\u00f6rbe lehetne \u00e9rni a F\u00f6ldet! Itt az ideje, hogy v\u00e1ltoztassunk ezen! A sz\u00edv\u00f3sz\u00e1l kiv\u00e9teles \u00e9lethelyzeteket lesz\u00e1m\u00edtva teljesen felesleges. Ha sz\u00f3rakozni m\u00e9gy, az ital rendel\u00e9sekor sz\u00f3lj el\u0151re, hogy nem k\u00e9rsz sz\u00edv\u00f3sz\u00e1lat.<\/p>\n<h3>4. L\u00e9gy PET-mentes!<\/h3>\n<p><img loading=\"lazy\" decoding=\"async\" class=\"size-large wp-image-3473\" src=\"https:\/\/www.greenpeace.org\/static\/planet4-hungary-stateless\/2019\/02\/c39acb60-gp0stsxku_medium_res-1024x524.jpg\" alt=\"\" width=\"1024\" height=\"524\" srcset=\"https:\/\/www.greenpeace.org\/static\/planet4-hungary-stateless\/2019\/02\/c39acb60-gp0stsxku_medium_res-1024x524.jpg 1024w, https:\/\/www.greenpeace.org\/static\/planet4-hungary-stateless\/2019\/02\/c39acb60-gp0stsxku_medium_res-300x154.jpg 300w, https:\/\/www.greenpeace.org\/static\/planet4-hungary-stateless\/2019\/02\/c39acb60-gp0stsxku_medium_res-768x393.jpg 768w, https:\/\/www.greenpeace.org\/static\/planet4-hungary-stateless\/2019\/02\/c39acb60-gp0stsxku_medium_res-510x261.jpg 510w, https:\/\/www.greenpeace.org\/static\/planet4-hungary-stateless\/2019\/02\/c39acb60-gp0stsxku_medium_res.jpg 1200w\" sizes=\"auto, (max-width: 1024px) 100vw, 1024px\" \/><\/p>\n<p>Haz\u00e1nkban elk\u00e9peszt\u0151 mennyis\u00e9g\u0171 \u2013 \u00e9vente t\u00f6bb mint egymilli\u00e1rd \u2013 pillepalack ker\u00fcl forgalomba, ennek pedig kevesebb mint tized\u00e9t hasznos\u00edtjuk \u00fajra. Hordj ink\u00e1bb magadn\u00e1l kulacsot, amelyb\u0151l friss csapvizet fogyaszthatsz! Rengeteg m\u00e9ret\u0171, anyag\u00fa, st\u00edlus\u00fa kulacs l\u00e9tezik: \u00fcveg, tart\u00f3s m\u0171anyag, v\u00edztiszt\u00edt\u00f3s, sz\u00ednes, kicsi, nagy\u2026 Hidd el, egy id\u0151 ut\u00e1n el sem akarsz majd indulni sehov\u00e1 a kedvenc kulacsod n\u00e9lk\u00fcl! Itt egy k\u00f6z\u00f6ss\u00e9gi szerkeszt\u00e9s\u0171 t\u00e9rk\u00e9pen azt is megn\u00e9zheted, hogy Magyarorsz\u00e1gon melyik vend\u00e9gl\u00e1t\u00f3helyeken vagy egy\u00e9b helysz\u00edneken tudod \u00fajrat\u00f6lteni gond n\u00e9lk\u00fcl a palackod. Ha \u00e9pp nem v\u00edzre v\u00e1gysz, akkor v\u00e1lassz bet\u00e9td\u00edjas csomagol\u00e1sban l\u00e9v\u0151 term\u00e9ket.<\/p>\n<h3>5. Viszl\u00e1t, eldobhat\u00f3 m\u0171anyag poh\u00e1r!<\/h3>\n<p><img loading=\"lazy\" decoding=\"async\" class=\"aligncenter size-large wp-image-3480\" src=\"https:\/\/www.greenpeace.org\/static\/planet4-hungary-stateless\/2019\/02\/e68c7c22-gp0sts436_medium_res_with_credit_line-1024x576.jpg\" alt=\"\" width=\"1024\" height=\"576\" srcset=\"https:\/\/www.greenpeace.org\/static\/planet4-hungary-stateless\/2019\/02\/e68c7c22-gp0sts436_medium_res_with_credit_line-1024x576.jpg 1024w, https:\/\/www.greenpeace.org\/static\/planet4-hungary-stateless\/2019\/02\/e68c7c22-gp0sts436_medium_res_with_credit_line-300x169.jpg 300w, https:\/\/www.greenpeace.org\/static\/planet4-hungary-stateless\/2019\/02\/e68c7c22-gp0sts436_medium_res_with_credit_line-768x432.jpg 768w, https:\/\/www.greenpeace.org\/static\/planet4-hungary-stateless\/2019\/02\/e68c7c22-gp0sts436_medium_res_with_credit_line-510x287.jpg 510w, https:\/\/www.greenpeace.org\/static\/planet4-hungary-stateless\/2019\/02\/e68c7c22-gp0sts436_medium_res_with_credit_line.jpg 1200w\" sizes=\"auto, (max-width: 1024px) 100vw, 1024px\" \/><\/p>\n<p>Sz\u00f3rakoz\u00f3helyeken, fesztiv\u00e1lokon mindig legyen n\u00e1lad egy j\u00f3l bev\u00e1lt repoh\u00e1r, ezzel rengeteg felesleges m\u0171anyag szem\u00e9tt\u0151l k\u00edm\u00e9led meg a F\u00f6ldet. Gondolj bele, egy italt h\u00e1ny percig fogyasztasz \u2013 az ut\u00e1na eldobott m\u0171anyag poh\u00e1r viszont \u00e9vsz\u00e1zadokig nem bomlik m\u00e9g le. Ez \u00edgy nincs rendben. Ha bulizni indulsz, legyen a t\u00e1sk\u00e1dban egy repoh\u00e1r!<\/p>\n<h3>6. V\u00e1laszd azt, amelyiken nincs sok felesleges csomagol\u00f3anyag!<\/h3>\n<p><img loading=\"lazy\" decoding=\"async\" class=\"aligncenter size-full wp-image-3476\" src=\"https:\/\/www.greenpeace.org\/static\/planet4-hungary-stateless\/2019\/02\/27b31bc5-gp0stpvh5_web_size.jpg\" alt=\"\" width=\"800\" height=\"427\" srcset=\"https:\/\/www.greenpeace.org\/static\/planet4-hungary-stateless\/2019\/02\/27b31bc5-gp0stpvh5_web_size.jpg 800w, https:\/\/www.greenpeace.org\/static\/planet4-hungary-stateless\/2019\/02\/27b31bc5-gp0stpvh5_web_size-300x160.jpg 300w, https:\/\/www.greenpeace.org\/static\/planet4-hungary-stateless\/2019\/02\/27b31bc5-gp0stpvh5_web_size-768x410.jpg 768w, https:\/\/www.greenpeace.org\/static\/planet4-hungary-stateless\/2019\/02\/27b31bc5-gp0stpvh5_web_size-510x272.jpg 510w\" sizes=\"auto, (max-width: 800px) 100vw, 800px\" \/><\/p>\n<p>A t\u00f6bb r\u00e9teg m\u0171anyagba csomagolt z\u00f6lds\u00e9gek \u00e9s gy\u00fcm\u00f6lcs\u00f6k helyett v\u00e1laszd azt, ami nincs agyoncsomagolva. Ne feledd: minden v\u00e1s\u00e1rl\u00e1s egy szavazat. Ha megveszel egy t\u00falcsomagolt term\u00e9ket, azzal ennek a term\u00e9knek a gy\u00e1rt\u00f3j\u00e1t t\u00e1mogatod \u2013 az \u00fczlet pedig, ahol beszerezted, \u00fajat fog bel\u0151le rendelni, hiszen \u201ej\u00f3l fogy\u201d. M\u00e1r Budapesten is van csomagol\u00e1smentes bolt, de m\u00e1s \u00fczletekben \u00e9s a piacon is keresd ink\u00e1bb az olyan term\u00e9keket, amelyek nincsenek vagy alig vannak becsomagolva.<\/p>\n<h3>7. Kajarendel\u00e9s? Ink\u00e1bb f\u0151zz!<\/h3>\n<p><img loading=\"lazy\" decoding=\"async\" class=\"aligncenter size-full wp-image-3478\" src=\"https:\/\/www.greenpeace.org\/static\/planet4-hungary-stateless\/2019\/02\/dd0e237f-gp0strlhq_web_size.jpg\" alt=\"\" width=\"800\" height=\"471\" srcset=\"https:\/\/www.greenpeace.org\/static\/planet4-hungary-stateless\/2019\/02\/dd0e237f-gp0strlhq_web_size.jpg 800w, https:\/\/www.greenpeace.org\/static\/planet4-hungary-stateless\/2019\/02\/dd0e237f-gp0strlhq_web_size-300x177.jpg 300w, https:\/\/www.greenpeace.org\/static\/planet4-hungary-stateless\/2019\/02\/dd0e237f-gp0strlhq_web_size-768x452.jpg 768w, https:\/\/www.greenpeace.org\/static\/planet4-hungary-stateless\/2019\/02\/dd0e237f-gp0strlhq_web_size-510x300.jpg 510w\" sizes=\"auto, (max-width: 800px) 100vw, 800px\" \/><\/p>\n<p>Ha nagyon gyakran rendelsz \u00e9telt, \u00e9rdemes \u00e1tgondolni, hogy nem lenne-e jobb f\u0151zni, magaddal vinni egy kis nasit, vagy egy\u00fctt eb\u00e9delni a munkat\u00e1rsaiddal egy k\u00f6zeli helyen. Persze mindenkinek lehet olyan napja, amikor egyszer\u0171en nem tud id\u0151t szak\u00edtani f\u0151z\u00e9sre vagy k\u00f6z\u00f6s eb\u00e9dre, s\u0151t, esetleg m\u00e9g a kisboltig sem nagyon tud lemenni. Ha sehogy sem tudod elker\u00fclni a h\u00e1zhozsz\u00e1ll\u00edt\u00e1st, pr\u00f3b\u00e1lj olyan \u00e9tteremt\u0151l rendelni, ahol nem eldobhat\u00f3 m\u0171anyagba csomagolnak. A Tudatos V\u00e1s\u00e1rl\u00f3k Egyes\u00fclet\u00e9nek becsl\u00e9se szerint egy \u00e9v alatt csak Budapesten t\u00f6bb mint 13 milli\u00f3 eldobhat\u00f3 \u00e9teles doboz ker\u00fcl a kuk\u00e1ba. J\u00f3, ha tudod, hogy nem tilos a saj\u00e1t elviteles dobozodba k\u00e9rni az eb\u00e9det!<\/p>\n<h3>8. V\u00e1lassz csomagol\u00e1smentes kozmetikumokat!<\/h3>\n<p><img loading=\"lazy\" decoding=\"async\" class=\"aligncenter size-full wp-image-3477\" src=\"https:\/\/www.greenpeace.org\/static\/planet4-hungary-stateless\/2019\/02\/37b755e5-gp0stqnxu_web_size.jpg\" alt=\"\" width=\"800\" height=\"427\" srcset=\"https:\/\/www.greenpeace.org\/static\/planet4-hungary-stateless\/2019\/02\/37b755e5-gp0stqnxu_web_size.jpg 800w, https:\/\/www.greenpeace.org\/static\/planet4-hungary-stateless\/2019\/02\/37b755e5-gp0stqnxu_web_size-300x160.jpg 300w, https:\/\/www.greenpeace.org\/static\/planet4-hungary-stateless\/2019\/02\/37b755e5-gp0stqnxu_web_size-768x410.jpg 768w, https:\/\/www.greenpeace.org\/static\/planet4-hungary-stateless\/2019\/02\/37b755e5-gp0stqnxu_web_size-510x272.jpg 510w\" sizes=\"auto, (max-width: 800px) 100vw, 800px\" \/><\/p>\n<p>V\u00e1lassz olyan megold\u00e1sokat, amelyek nem j\u00e1rnak felesleges hullad\u00e9kkal, p\u00e9ld\u00e1ul csomagol\u00e1smentes kem\u00e9ny szappanokat \u00e9s sampononokat. J\u00f3 megold\u00e1s lehet az is, ha h\u00edg\u00edthat\u00f3, koncentr\u00e1lt vegyszereket veszel, \u00edgy ar\u00e1nyosan kevesebb csomagol\u00f3anyagot kapsz hozz\u00e1.<\/p>\n<div class=\"keretes width-65\" style=\"margin-top: 2em; margin-bottom: 2em;\">\n<p>K\u00f6sz\u00f6nj\u00fck, hogy vel\u00fcnk tartasz. Egyed\u00fcl senki nem tudn\u00e1 meg\u00e1ll\u00edtani a vil\u00e1got el\u00e1raszt\u00f3 m\u0171anyagszennyez\u00e9st, de ha sokan \u00f6sszefogunk, akkor igenis tudunk v\u00e1ltoz\u00e1st el\u00e9rni.<\/p>\n<p>Mi meg\u00edg\u00e9rhetj\u00fck, hogy minden er\u0151nkkel k\u00fczdeni fogunk ez\u00e9rt. Szeml\u00e9letform\u00e1l\u00f3 kamp\u00e1nnyal seg\u00edt\u00fcnk az embereknek, hogy cs\u00f6kkents\u00e9k saj\u00e1t m\u0171anyag-felhaszn\u00e1l\u00e1sukat, mozg\u00f3s\u00edtjuk az \u00e9lelmiszerl\u00e1ncokat, hogy \u0151k is visszaszor\u00edts\u00e1k az egyszer haszn\u00e1latos m\u0171anyag haszn\u00e1lat\u00e1t. K\u00fczd\u00fcnk az\u00e9rt is, hogy a politikusok \u00fagy v\u00e1ltoztass\u00e1k meg a hazai term\u00e9kd\u00edjt\u00f6rv\u00e9nyt, hogy az val\u00f3ban cs\u00f6kkentse a m\u0171anyag hullad\u00e9kot.<\/p>\n<p>K\u00e9rj\u00fck, seg\u00edts nek\u00fcnk havi, kis \u00f6sszeg\u0171 adom\u00e1nyoddal, hogy meg\u00e1ll\u00edthassuk a m\u0171anyagszennyez\u00e9st!<\/p>\n<p><a class=\"btn btn-medium btn-primary btn-block\" href=\"https:\/\/sites.greenpeace.hu\/muanyag?utm_source=referral&amp;utm_medium=tippek\">Adom\u00e1nyozok<\/a><\/p>\n<\/div>\n","protected":false},"excerpt":{"rendered":"<p>Sokan d\u00f6ntenek \u00fagy, hogy cs\u00f6kkentik saj\u00e1t m\u0171anyag-felhaszn\u00e1l\u00e1sukat. Szeretn\u00e9nk ebben mi is seg\u00edteni, ez\u00e9rt \u00f6sszegy\u0171jt\u00f6tt\u00fcnk n\u00e9h\u00e1ny tippet, amellyel saj\u00e1t h\u00e1ztart\u00e1sodban cs\u00f6kkentheted a m\u0171anyag hullad\u00e9kok mennyis\u00e9g\u00e9t.<\/p>\n","protected":false},"author":19,"featured_media":436,"parent":0,"menu_order":0,"comment_status":"closed","ping_status":"closed","template":"page-templates\/evergreen.php","meta":{"ep_exclude_from_search":false,"p4_hide_page_title_checkbox":"","p4_title":"","p4_subtitle":"","p4_description":"","background_image_id":"","background_image":"","p4_button_title":"","p4_button_link":"","p4_button_link_checkbox":"","p4_og_title":"","p4_og_description":"","p4_og_image":"","p4_og_image_id":"","p4_seo_canonical_url":"","p4_campaign_name":"","p4_local_project":"","p4_basket_name":"","p4_department":"","footnotes":""},"categories":[3],"tags":[23],"class_list":["post-3452","page","type-page","status-publish","has-post-thumbnail","hentry","category-termeszet-kornyezet","tag-muanyag"],"_links":{"self":[{"href":"https:\/\/www.greenpeace.org\/hungary\/wp-json\/wp\/v2\/pages\/3452","targetHints":{"allow":["GET"]}}],"collection":[{"href":"https:\/\/www.greenpeace.org\/hungary\/wp-json\/wp\/v2\/pages"}],"about":[{"href":"https:\/\/www.greenpeace.org\/hungary\/wp-json\/wp\/v2\/types\/page"}],"author":[{"embeddable":true,"href":"https:\/\/www.greenpeace.org\/hungary\/wp-json\/wp\/v2\/users\/19"}],"replies":[{"embeddable":true,"href":"https:\/\/www.greenpeace.org\/hungary\/wp-json\/wp\/v2\/comments?post=3452"}],"version-history":[{"count":12,"href":"https:\/\/www.greenpeace.org\/hungary\/wp-json\/wp\/v2\/pages\/3452\/revisions"}],"predecessor-version":[{"id":10916,"href":"https:\/\/www.greenpeace.org\/hungary\/wp-json\/wp\/v2\/pages\/3452\/revisions\/10916"}],"wp:featuredmedia":[{"embeddable":true,"href":"https:\/\/www.greenpeace.org\/hungary\/wp-json\/wp\/v2\/media\/436"}],"wp:attachment":[{"href":"https:\/\/www.greenpeace.org\/hungary\/wp-json\/wp\/v2\/media?parent=3452"}],"wp:term":[{"taxonomy":"category","embeddable":true,"href":"https:\/\/www.greenpeace.org\/hungary\/wp-json\/wp\/v2\/categories?post=3452"},{"taxonomy":"post_tag","embeddable":true,"href":"https:\/\/www.greenpeace.org\/hungary\/wp-json\/wp\/v2\/tags?post=3452"}],"curies":[{"name":"wp","href":"https:\/\/api.w.org\/{rel}","templated":true}]}}