{"id":3923,"date":"2019-03-20T10:25:42","date_gmt":"2019-03-20T09:25:42","guid":{"rendered":"https:\/\/www.greenpeace.org\/hungary\/?page_id=3923"},"modified":"2024-03-26T12:40:48","modified_gmt":"2024-03-26T11:40:48","slug":"kerdesek-es-valaszok-a-sutikrol","status":"publish","type":"page","link":"https:\/\/www.greenpeace.org\/hungary\/adatkezeles\/kerdesek-es-valaszok-a-sutikrol\/","title":{"rendered":"K\u00e9rd\u00e9sek \u00e9s v\u00e1laszok a s\u00fctikr\u0151l"},"content":{"rendered":"\n                    <div class=\"wp-block-group is-vertical is-layout-flex wp-container-core-group-is-layout-8cf370e7 wp-block-group-is-layout-flex\">\n                    \n                                <p>Ezen az oldalon inform\u00e1ci\u00f3kat tal\u00e1lsz arr\u00f3l, hogy mik azok a s\u00fctik, \u00e9s mire haszn\u00e1ljuk \u0151ket oldalainkon. Az adatkezel\u00e9ssel kapcsolatos hivatalos t\u00e1j\u00e9koztat\u00f3nkat elolvashatod <a href=\"https:\/\/www.greenpeace.org\/hungary\/adatkezeles\/\">ide kattintva<\/a>.<\/p>\n                            \n\n                    \n                    <\/div>\n                    <h3>Mi az a s\u00fcti?<\/h3>\n<p>A s\u00fcti (angol nev\u00e9n cookie) egy kis f\u00e1jl, ami a weboldalak megl\u00e1togat\u00e1sakor ker\u00fcl a sz\u00e1m\u00edt\u00f3g\u00e9pre. Pontosabban egy olyan inform\u00e1ci\u00f3csomag, amit a szerver k\u00fcld a b\u00f6ng\u00e9sz\u0151nek, majd a b\u00f6ng\u00e9sz\u0151 visszak\u00fcld a szervernek minden k\u00e9r\u00e9s, oldall\u00e1togat\u00e1s alkalm\u00e1val. C\u00e9ljuk, hogy valamilyen \u00e1llapotot r\u00f6gz\u00edtsenek, \u00e9s megjegyezz\u00e9k, elt\u00e1rolj\u00e1k azt. Ilyen \u00e1llapot lehet p\u00e9ld\u00e1ul a felhaszn\u00e1l\u00f3 b\u00f6ng\u00e9sz\u00e9si tev\u00e9kenys\u00e9ge (megtekintett oldalak, webshop eset\u00e9ben term\u00e9kek hozz\u00e1ad\u00e1sa a bev\u00e1s\u00e1rl\u00f3kos\u00e1rhoz, stb). A b\u00f6ng\u00e9sz\u0151k \u00e1ltal\u00e1ban egyszer\u0171 sz\u00f6veges f\u00e1jl(ok)ban t\u00e1rolj\u00e1k a s\u00fctiket, egy erre elk\u00fcl\u00f6n\u00edtett k\u00f6nyvt\u00e1rban.<\/p>\n<h3>Mire haszn\u00e1ljuk a s\u00fctiket?<\/h3>\n<h5>1. A honlapjaink m\u0171k\u00f6d\u00e9se<\/h5>\n<p>A s\u00fctik honlapjaink \u00e9s internetes rendszereink m\u0171k\u00f6d\u00e9s\u00e9hez sz\u00fcks\u00e9gesek, mint pl. a honlapunk b\u00f6ng\u00e9sz\u00e9s\u00e9hez, az egyes funkci\u00f3k haszn\u00e1lat\u00e1hoz: pet\u00edci\u00f3k al\u00e1\u00edr\u00e1s\u00e1hoz, t\u00e1mogat\u00e1sok feldolgoz\u00e1s\u00e1hoz, valamint az oldalon elv\u00e9gzett m\u0171veletek megjegyz\u00e9s\u00e9hez. Mindig csak az adott l\u00e1togat\u00e1s alatt \u00e9rv\u00e9nyesek, a munkamenet v\u00e9gezt\u00e9vel, illetve a b\u00f6ng\u00e9sz\u0151 bez\u00e1r\u00e1s\u00e1val a b\u00f6ng\u00e9sz\u0151 be\u00e1ll\u00edt\u00e1sainak megfelel\u0151en t\u00f6rl\u0151dnek a sz\u00e1m\u00edt\u00f3g\u00e9pr\u0151l. <\/p>\n<h5>2. Teljes\u00edtm\u00e9ny m\u00e9r\u00e9se, analitika<\/h5>\n<p>S\u00fctiket, valamint k\u00fcls\u0151 szolg\u00e1ltat\u00f3k (k\u00fcl\u00f6n\u00f6sen: Google, Facebook) m\u00e9r\u0151k\u00f3djait haszn\u00e1ljuk oldalstatisztik\u00e1k k\u00e9sz\u00edt\u00e9s\u00e9re, felhaszn\u00e1l\u00f3i \u00e9rdekl\u0151d\u00e9s \u00e9s demogr\u00e1fiai adatok, valamint a webhelyen tan\u00fas\u00edtott viselked\u00e9s m\u00e9r\u00e9s\u00e9re annak \u00e9rdek\u00e9ben, hogy honlapjainkat folyamatosan fejleszteni tudjuk a felhaszn\u00e1l\u00f3i ig\u00e9nyek szerint. <\/p>\n<p>Ez konkr\u00e9tan olyan adatokat jelent, mint p\u00e9ld\u00e1ul hogy a l\u00e1togat\u00f3 mely oldalakat n\u00e9zte meg, hova kattintott, mennyi oldalt tekintett meg, milyen hossz\u00fa volt az egyes megtekint\u00e9sek ideje, esetleg milyen hiba\u00fczenetekkel tal\u00e1lkozott, stb. <\/p>\n<p>Fontos, hogy ezen s\u00fctik alapj\u00e1n sem tudjuk azonos\u00edtani szem\u00e9ly szerint az egyes felhaszn\u00e1l\u00f3kat, az adatokat csak \u00f6sszes\u00edtve, statisztikai jelleg\u0171 elemz\u00e9sre haszn\u00e1ljuk. <\/p>\n<h5>3. Hirdet\u00e9sek<\/h5>\n<p>Egyed\u00fcl nem, de sokan \u00f6sszefogva meg tudjuk v\u00e9deni a F\u00f6ldet! Annak \u00e9rdek\u00e9ben, hogy kamp\u00e1nyaink \u00e9s a bekapcsol\u00f3d\u00e1si lehet\u0151s\u00e9gek h\u00edre sz\u00e9les t\u00f6megekhez jusson el, t\u00f6bbek k\u00f6z\u00f6tt internetes hirdet\u00e9seket is haszn\u00e1lunk. Ahhoz, hogy ezek a hirdet\u00e9sek min\u00e9l hat\u00e9konyabbak legyenek, \u00e9rdekl\u0151d\u00e9s alap\u00fa hirdet\u00e9si szolg\u00e1ltat\u00e1sb\u00f3l vagy k\u00f6z\u00f6ns\u00e9gadatokb\u00f3l (p\u00e9ld\u00e1ul kor, nem \u00e9s \u00e9rdekl\u0151d\u00e9si k\u00f6r) szerzett \u00f6sszes\u00edtett adatokat, valamint remarketing-inform\u00e1ci\u00f3kat is haszn\u00e1lunk. Ezen funkci\u00f3k m\u0171k\u00f6d\u00e9s\u00e9hez a s\u00fctik bizonyos tartalm\u00e1t megosztjuk egy harmadik f\u00e9llel \u2013 akikn\u00e9l hirdet\u00fcnk (ezt b\u00e1rmikor letilthatod, a be\u00e1ll\u00edt\u00e1si lehet\u0151s\u00e9geket l\u00e1sd lejjebb). Ezek a s\u00fctik szint\u00e9n nem tudj\u00e1k konkr\u00e9tan beazonos\u00edtani az egy\u00e9ni l\u00e1togat\u00f3kat.<\/p>\n<h3>Mik azok a harmadik feles s\u00fctik?<\/h3>\n<p>Oldalainkon esetenk\u00e9n egy\u00e9b, k\u00fcls\u0151 weboldalakat linkel\u00fcnk \u2013 ilyen lehet pl. egy k\u00fcls\u0151 m\u00e9diumra mutat\u00f3 hivatkoz\u00e1s, k\u00f6z\u00f6ss\u00e9gim\u00e9dia-fel\u00fcletek gombjai (l\u00e1jkol\u00e1s, megoszt\u00e1s), stb \u2013, melyek az adott oldalra ir\u00e1ny\u00edtanak. Ezek az oldalak is s\u00fctiket haszn\u00e1lnak, amelyekre a vonatkoz\u00f3 szab\u00e1lyokat az adott oldalakon tal\u00e1lod meg. <\/p>\n<p>Harmadik feles s\u00fctik azok is, amiket hirdet\u00e9si szolg\u00e1ltat\u00f3kt\u00f3l kapunk, hogy kamp\u00e1nyaink sikeress\u00e9g\u00e9t m\u00e9rhess\u00fck \u00e9s optimaliz\u00e1lhassuk vel\u00fck. Ezeket csak bizonyos aloldalak l\u00e1togat\u00e1sakor haszn\u00e1ljuk, \u00e9s csak az adott aloldal megl\u00e1togat\u00e1s\u00e1nak t\u00e9ny\u00e9t \u00e9s idej\u00e9t r\u00f6gz\u00edtik. <\/p>\n<p>A Facebook hirdet\u00e9sekkel kapcsolatos adatv\u00e9delmi ir\u00e1nyelveir\u0151l <a href=\"https:\/\/www.facebook.com\/about\/privacy\" rel=\"noopener noreferrer\" target=\"_blank\">ide kattintva<\/a> olvashatsz, a Google hasonl\u00f3 ir\u00e1nyelveit pedig <a href=\"https:\/\/www.google.com\/intl\/hu\/policies\/technologies\/ads?hl=hu\" rel=\"noopener noreferrer\" target=\"_blank\">ide kattintva<\/a> tal\u00e1lod meg.<\/p>\n<h3>Hogyan ellen\u0151rizheted, t\u00f6r\u00f6lheted vagy t\u00e1vol\u00edthatod el a s\u00fctiket?<\/h3>\n<p>A legt\u00f6bb b\u00f6ng\u00e9sz\u0151 alapbe\u00e1ll\u00edt\u00e1sa szerint automatikusan elfogadja \u00e9s haszn\u00e1lja a s\u00fctiket, a megl\u00e1togatott weboldalak megfelel\u0151 m\u0171k\u00f6d\u00e9se \u00e9rdek\u00e9ben. Felhaszn\u00e1l\u00f3k\u00e9nt azonban b\u00e1rmikor d\u00f6nthetsz \u00fagy, hogy m\u00f3dos\u00edtod ezeket a be\u00e1ll\u00edt\u00e1sokat, \u00e9s n\u00e9h\u00e1ny vagy ak\u00e1r az \u00f6sszes s\u00fctit elt\u00e1vol\u00edtod \/ letiltod. Az al\u00e1bbiakban tal\u00e1lsz n\u00e9h\u00e1ny jellemz\u0151 be\u00e1ll\u00edt\u00e1si lehet\u0151s\u00e9get, azonban vedd figyelembe, hogy ezek alkalmaz\u00e1s\u00e1val megv\u00e1ltoztathatod a weboldalak viselked\u00e9s\u00e9t, illetve akad\u00e1lyozhatod bizonyos funkci\u00f3k helyes m\u0171k\u00f6d\u00e9s\u00e9t.<\/p>\n<p>A Google \u00e1ltal el\u00e9rhet\u0151v\u00e9 tett <a href=\"https:\/\/www.google.com\/settings\/u\/0\/ads\/authenticated\" rel=\"noopener noreferrer\" target=\"_blank\">Hirdet\u00e9si be\u00e1ll\u00edt\u00e1sok<\/a> weboldalon letilthat\u00f3 a Google Analytics szolg\u00e1ltat\u00e1s a Display t\u00edpus\u00fa hirdet\u00e9sek eset\u00e9ben, valamint testre szabhat\u00f3ak a Google Display H\u00e1l\u00f3zat hirdet\u00e9sei.<\/p>\n<p>Ezen fel\u00fcl az \u00f6sszes, Google Analytics \u00e1ltal v\u00e9gzett nyomk\u00f6vet\u00e9s letilthat\u00f3, az <a href=\"https:\/\/tools.google.com\/dlpage\/gaoptout\/\" rel=\"noopener noreferrer\" target=\"_blank\">itt el\u00e9rhet\u0151<\/a> b\u00f6ng\u00e9sz\u0151modul seg\u00edts\u00e9g\u00e9vel.<\/p>\n<p>C\u00e9lzott hirdet\u00e9sek megjelen\u00edt\u00e9s\u00e9hez a Facebook remarketing k\u00f3dj\u00e1t is haszn\u00e1ljuk. Ha nem szeretn\u00e9l az oldall\u00e1togat\u00e1sok \u00e9s \u00e9rdekl\u0151d\u00e9s alapj\u00e1n hirdet\u00e9seket l\u00e1tni, a szolg\u00e1ltat\u00e1s kikapcsolhat\u00f3 <a href=\"https:\/\/www.facebook.com\/settings?tab=ads\" rel=\"noopener noreferrer\" target=\"_blank\">ezen a linken<\/a>.<\/p>\n<p>Amennyiben szeretn\u00e9d t\u00f6r\u00f6lni a s\u00fctiket sz\u00e1m\u00edt\u00f3g\u00e9pedr\u0151l, vagy m\u00f3dos\u00edtan\u00e1d a s\u00fctik kezel\u00e9s\u00e9nek szab\u00e1lyait, ezt b\u00f6ng\u00e9sz\u0151programod be\u00e1ll\u00edt\u00e1sai k\u00f6z\u00f6tt tudod megtenni. Chrome haszn\u00e1lata eset\u00e9n <a href=\"https:\/\/support.google.com\/chrome\/answer\/95647?hl=hu\" rel=\"noopener noreferrer\" target=\"_blank\">itt<\/a>, Firefox eset\u00e9n pedig <a href=\"https:\/\/support.mozilla.org\/hu\/kb\/sutik-informacio-amelyet-weboldalak-tarolnak-szami\" rel=\"noopener noreferrer\" target=\"_blank\">itt<\/a> tal\u00e1lsz err\u0151l b\u0151vebb inform\u00e1ci\u00f3t. Egy\u00e9b b\u00f6ng\u00e9sz\u0151 haszn\u00e1lata eset\u00e9n olvasd el az adott b\u00f6ng\u00e9sz\u0151 felhaszn\u00e1l\u00f3i \u00fatmutat\u00f3j\u00e1t.<\/p>\n<p>Tov\u00e1bbi inform\u00e1ci\u00f3t tal\u00e1lsz a s\u00fctik haszn\u00e1lat\u00e1r\u00f3l angol nyelven az <a href=\"http:\/\/allaboutcookies.org\/\" rel=\"noopener noreferrer\" target=\"_blank\">allaboutcookies.org<\/a> oldalon \u2013 itt t\u00f6bbek k\u00f6z\u00f6tt r\u00e9szletes \u00fatmutat\u00f3 is tal\u00e1lhat\u00f3 a s\u00fctik sz\u00e1m\u00edt\u00f3g\u00e9pr\u0151l val\u00f3 t\u00f6rl\u00e9s\u00e9r\u0151l. A s\u00fctik mobiltelefonr\u00f3l val\u00f3 t\u00f6rl\u00e9s\u00e9re vonatkoz\u00f3 inform\u00e1ci\u00f3k\u00e9rt olvasd el a k\u00e9sz\u00fcl\u00e9ke k\u00e9zik\u00f6nyv\u00e9t.<\/p>\n<h3>Tov\u00e1bbi inform\u00e1ci\u00f3k a s\u00fctikkel kapcsolatban:<\/h3>\n<ul>\n<li>A Greenpeace Magyarorsz\u00e1g Egyes\u00fclet adatkezel\u00e9si t\u00e1j\u00e9koztat\u00f3ja: <a href=\"https:\/\/greenpeace.hu\/adatkezeles\" rel=\"noopener noreferrer\" target=\"_blank\">https:\/\/greenpeace.hu\/adatkezeles<\/a><\/li>\n<li>A Nemzeti Adatv\u00e9delmi \u00e9s Inform\u00e1ci\u00f3szabads\u00e1g Hat\u00f3s\u00e1g honlapja: <a href=\"http:\/\/naih.hu\/index.html\" rel=\"noopener noreferrer\" target=\"_blank\">http:\/\/naih.hu\/index.html<\/a><\/li>\n<li>\u00c1tfog\u00f3 technikai \u00e9s egy\u00e9b inform\u00e1ci\u00f3k a s\u00fctikr\u0151l: <a href=\"http:\/\/hu.wikipedia.org\/wiki\/HTTP-s\u00fcti\" rel=\"noopener noreferrer\" target=\"_blank\">http:\/\/hu.wikipedia.org\/wiki\/HTTP-s\u00fcti<\/a><\/li>\n<\/ul>\n<p>&nbsp;<\/p>\n","protected":false},"excerpt":{"rendered":"<p>Ezen az oldalon inform\u00e1ci\u00f3kat tal\u00e1lsz arr\u00f3l, hogy mik azok a s\u00fctik, \u00e9s mire haszn\u00e1ljuk \u0151ket oldalainkon. Az adatkezel\u00e9ssel kapcsolatos hivatalos t\u00e1j\u00e9koztat\u00f3nkat elolvashatod ide kattintva. Mi az a s\u00fcti? A s\u00fcti (angol nev\u00e9n cookie) egy kis f\u00e1jl, ami a weboldalak megl\u00e1togat\u00e1sakor ker\u00fcl a sz\u00e1m\u00edt\u00f3g\u00e9pre. Pontosabban egy olyan inform\u00e1ci\u00f3csomag, amit a szerver k\u00fcld a b\u00f6ng\u00e9sz\u0151nek, majd a [&hellip;]<\/p>\n","protected":false},"author":19,"featured_media":0,"parent":232,"menu_order":0,"comment_status":"closed","ping_status":"closed","template":"","meta":{"ep_exclude_from_search":false,"p4_hide_page_title_checkbox":"","p4_title":"","p4_subtitle":"","p4_description":"","background_image_id":"","background_image":"","p4_button_title":"","p4_button_link":"","p4_button_link_checkbox":"","p4_og_title":"","p4_og_description":"","p4_og_image":"","p4_og_image_id":"","p4_seo_canonical_url":"","p4_campaign_name":"","p4_local_project":"","p4_basket_name":"","p4_department":"","footnotes":""},"categories":[],"tags":[],"class_list":["post-3923","page","type-page","status-publish","hentry"],"_links":{"self":[{"href":"https:\/\/www.greenpeace.org\/hungary\/wp-json\/wp\/v2\/pages\/3923","targetHints":{"allow":["GET"]}}],"collection":[{"href":"https:\/\/www.greenpeace.org\/hungary\/wp-json\/wp\/v2\/pages"}],"about":[{"href":"https:\/\/www.greenpeace.org\/hungary\/wp-json\/wp\/v2\/types\/page"}],"author":[{"embeddable":true,"href":"https:\/\/www.greenpeace.org\/hungary\/wp-json\/wp\/v2\/users\/19"}],"replies":[{"embeddable":true,"href":"https:\/\/www.greenpeace.org\/hungary\/wp-json\/wp\/v2\/comments?post=3923"}],"version-history":[{"count":11,"href":"https:\/\/www.greenpeace.org\/hungary\/wp-json\/wp\/v2\/pages\/3923\/revisions"}],"predecessor-version":[{"id":10915,"href":"https:\/\/www.greenpeace.org\/hungary\/wp-json\/wp\/v2\/pages\/3923\/revisions\/10915"}],"up":[{"embeddable":true,"href":"https:\/\/www.greenpeace.org\/hungary\/wp-json\/wp\/v2\/pages\/232"}],"wp:attachment":[{"href":"https:\/\/www.greenpeace.org\/hungary\/wp-json\/wp\/v2\/media?parent=3923"}],"wp:term":[{"taxonomy":"category","embeddable":true,"href":"https:\/\/www.greenpeace.org\/hungary\/wp-json\/wp\/v2\/categories?post=3923"},{"taxonomy":"post_tag","embeddable":true,"href":"https:\/\/www.greenpeace.org\/hungary\/wp-json\/wp\/v2\/tags?post=3923"}],"curies":[{"name":"wp","href":"https:\/\/api.w.org\/{rel}","templated":true}]}}