{"id":3969,"date":"2019-03-28T08:52:30","date_gmt":"2019-03-28T07:52:30","guid":{"rendered":"https:\/\/www.greenpeace.org\/hungary\/?page_id=3969"},"modified":"2024-03-26T12:40:47","modified_gmt":"2024-03-26T11:40:47","slug":"kerdesek-es-valaszok-a-greenpeace-iskolai-legszennyezesmereserol","status":"publish","type":"page","link":"https:\/\/www.greenpeace.org\/hungary\/cselekedj\/tiszta-levegot\/kerdesek-es-valaszok-a-greenpeace-iskolai-legszennyezesmereserol\/","title":{"rendered":"K\u00e9rd\u00e9sek \u00e9s v\u00e1laszok a Greenpeace iskolai l\u00e9gszennyez\u00e9sm\u00e9r\u00e9s\u00e9r\u0151l"},"content":{"rendered":"\n                    <div class=\"wp-block-group is-vertical is-layout-flex wp-container-core-group-is-layout-8cf370e7 wp-block-group-is-layout-flex\">\n                    \n                                <p>A gyerekek eg\u00e9szs\u00e9g\u00e9t m\u00e9g a feln\u0151ttek\u00e9n\u00e9l is jobban vesz\u00e9lyezteti a l\u00e9gszennyez\u00e9s. A Greenpeace ez\u00e9rt budapesti \u00e9s k\u00f6rny\u00e9kbeli iskol\u00e1kn\u00e1l vizsg\u00e1lja a leveg\u0151 nitrog\u00e9n-dioxid tartalm\u00e1t, hogy pontosabb k\u00e9pet kaphassunk arr\u00f3l, mennyi k\u00e1ros anyagot l\u00e9legeznek be gyermekeink. Az akci\u00f3hoz 24 iskola csatlakozott.<\/p>\n                            \n\n                    \n                    <\/div>\n                    <h3>Milyen eszk\u00f6zzel m\u00e9rik a l\u00e9gszennyez\u00e9st?<\/h3>\n<p>A Greenpeace <a href=\"https:\/\/www.gradko.com\/environmental\/environmental-resources\/technical-resources\/technical-data-sheets\/nitrogen-dioxide-technical-data-sheet.pdf\" target=\"_blank\" rel=\"noopener noreferrer\">DIF 100 RTU &#8211; NITROGEN DIOXIDE (NO2)<\/a> gy\u00e1rtm\u00e1ny\u00fa diff\u00fazi\u00f3s cs\u00f6veket haszn\u00e1l, amelyeket a Gradko Environmental nev\u0171 c\u00e9gt\u0151l szerzett be. Az \u00fagynevezett diff\u00fazi\u00f3s cs\u0151 m\u0171k\u00f6d\u00e9si elve, hogy a cs\u0151ben elhelyezett trietanolamin nev\u0171 anyag k\u00e9miailag megk\u00f6ti a nitrog\u00e9n-dioxidot (NO<sub>2<\/sub>). A cs\u00f6veket minimum 2, maximum 4 h\u00e9tre helyezz\u00fck ki kinyitva, majd visszaz\u00e1rjuk \u00e9s visszak\u00fcldj\u00fck \u0151ket a Gradko Environmentalhoz, ahol a megk\u00f6t\u00f6tt nitritionok szintj\u00e9t \u00fagynevezett spektrofotometri\u00e1val m\u00e9rik meg.<\/p>\n<h3>Milyen l\u00e9gszennyez\u0151 anyagot m\u00e9r ez az eszk\u00f6z?<\/h3>\n<p>Ez a t\u00edpus\u00fa diff\u00fazi\u00f3s cs\u0151 a leveg\u0151ben l\u00e9v\u0151 nitrog\u00e9n-dioxid mennyis\u00e9g\u00e9t m\u00e9ri. A nitrog\u00e9n-oxidok (NO<sub>x<\/sub>) a leveg\u0151 oxig\u00e9nj\u00e9b\u0151l \u00e9s nitrog\u00e9nj\u00e9b\u0151l magas h\u0151m\u00e9rs\u00e9kleten, illetve nitrog\u00e9ntartalm\u00fa szerves vegy\u00fcletek \u00e9g\u00e9sekor keletkez\u0151 anyagok. Ilyenek p\u00e9ld\u00e1ul a nitrog\u00e9n-dioxid (NO<sub>2<\/sub>) \u00e9s nitrog\u00e9n-monoxid (NO). R\u00e9szben a f\u0171t\u00e9sb\u0151l, de v\u00e1rosi k\u00f6rnyezetben legal\u00e1bb 50%-ban a d\u00edzelj\u00e1rm\u0171vekb\u0151l sz\u00e1rmaznak. A nitrog\u00e9n-oxidok t\u00f6bbek k\u00f6z\u00f6tt cs\u00f6kkentik a t\u00fcd\u0151funkci\u00f3t \u00e9s k\u00fcl\u00f6nf\u00e9le l\u00e9gz\u0151szervi k\u00e1rosod\u00e1sokat okoznak, valamint kapcsolatba hozhat\u00f3k sz\u00edv- \u00e9s \u00e9rrendszeri megbeteged\u00e9sekkel is.<\/p>\n<h3>Mennyire megb\u00edzhat\u00f3 ez az eszk\u00f6z?<\/h3>\n<p>A Greenpeace \u2013 Exeteri Egyetemen m\u0171k\u00f6d\u0151 \u2013 <a href=\"http:\/\/www.exeter.ac.uk\/research\/partnership\/greenpeace\/\" target=\"_blank\" rel=\"noopener noreferrer\">kutat\u00f3laborat\u00f3rium\u00e1nak<\/a> specialist\u00e1i aj\u00e1nlott\u00e1k sz\u00e1munkra ezt az eszk\u00f6zt, amelyet t\u00f6bb orsz\u00e1gban is haszn\u00e1ltak m\u00e1r, \u00e9s mindenhol megb\u00edzhat\u00f3an m\u0171k\u00f6d\u00f6tt. L\u00e9teznek m\u00e1s, hasonl\u00f3 elven m\u0171k\u00f6d\u0151 eszk\u00f6z\u00f6k is, de az exeteri koll\u00e9g\u00e1k szerint ez a gy\u00e1rtm\u00e1ny m\u0171k\u00f6dik a legjobban, \u00e9s a hivatalos m\u00e9r\u0151\u00e1llom\u00e1sokkal \u00f6sszevetve is pontos adatokat szolg\u00e1ltat.<\/p>\n<h3>Mi\u00e9rt v\u00e9gez saj\u00e1t m\u00e9r\u00e9seket a Greenpeace? Valami gond van a hat\u00f3s\u00e1gi m\u00e9r\u0151h\u00e1l\u00f3zattal?<\/h3>\n<p>A hat\u00f3s\u00e1gi m\u00e9r\u0151h\u00e1l\u00f3zat \u00e1ltal\u00e1ban megfelel\u0151en m\u0171k\u00f6dik, azok m\u00e9r\u00e9si adatait nem vitatjuk. \u00c1m a leveg\u0151ben l\u00e9v\u0151 k\u00e1ros anyagok \u00f6sszet\u00e9tele \u00e9s mennyis\u00e9ge ak\u00e1r m\u00e9terr\u0151l m\u00e9terre v\u00e1ltozhat, f\u00fcgg\u0151en att\u00f3l, hogy helyben milyen k\u00e1rosanyag-forr\u00e1sok vannak (p\u00e9ld\u00e1ul egy piros l\u00e1mp\u00e1n\u00e1l v\u00e1rakoz\u00f3 aut\u00f3k, vagy egy illeg\u00e1lis szemetet \u00e9get\u0151 csal\u00e1di h\u00e1z k\u00e9m\u00e9nye). Ez\u00e9rt fontos, hogy ne csak a csom\u00f3pontokra kihelyezett m\u00e9r\u0151\u00e1llom\u00e1sokb\u00f3l kapjunk adatokat, hiszen azok nem mindig vannak az iskol\u00e1k k\u00f6zel\u00e9ben, \u00e9s nem is a gyerekek l\u00e9gz\u00e9si z\u00f3n\u00e1j\u00e1nak magass\u00e1g\u00e1ban m\u00e9rnek. Min\u00e9l t\u00f6bb adatunk van, ann\u00e1l pontosabban l\u00e1tjuk a l\u00e9gszennyezetts\u00e9g m\u00e9rt\u00e9k\u00e9t \u00e9s az abb\u00f3l fakad\u00f3 eg\u00e9szs\u00e9g\u00fcgyi kock\u00e1zatokat egy adott ter\u00fcleten.<\/p>\n<h3>Hol t\u00f6rt\u00e9nnek m\u00e9r\u00e9sek?<\/h3>\n<p>A m\u00e9r\u0151eszk\u00f6z\u00f6ket 24 budapesti \u00e9s k\u00f6rny\u00e9kbeli iskol\u00e1hoz tett\u00fck ki. A m\u00e9r\u00e9st az iskol\u00e1k vezet\u0151s\u00e9g\u00e9nek, tan\u00e1rainak tudt\u00e1val, beleegyez\u00e9s\u00e9vel, egy\u00fcttm\u0171k\u00f6d\u00e9s\u00e9vel v\u00e9gezz\u00fck. Az iskol\u00e1k list\u00e1j\u00e1t a m\u00e9r\u00e9si eredm\u00e9nyekkel egy\u00fctt publik\u00e1ljuk majd.<\/p>\n<h3>Milyen id\u0151szakban t\u00f6rt\u00e9nik a m\u00e9r\u00e9s?<\/h3>\n<p>Az els\u0151 m\u00e9r\u00e9s 2019. m\u00e1rcius 18. \u00e9s \u00e1prilis 1. k\u00f6z\u00f6tt zajlik, de a program ir\u00e1nt olyan nagy az \u00e9rdekl\u0151d\u00e9s, hogy tov\u00e1bbi iskol\u00e1kban is tervez\u00fcnk kihelyezni m\u00e9r\u0151eszk\u00f6z\u00f6ket.<\/p>\n<h3>Mikor \u00e9s hol lesznek nyilv\u00e1nosak az eredm\u00e9nyek?<\/h3>\n<p>Az eredm\u00e9nyek v\u00e1rhat\u00f3an \u00e1prilis k\u00f6zep\u00e9n lesznek nyilv\u00e1nosak, \u00e9s megk\u00fcldj\u00fck majd \u0151ket k\u00f6zvetlen\u00fcl az iskol\u00e1knak, valamint a honlapunkon is publik\u00e1ljuk \u0151ket.<\/p>\n<h3>Mi\u00e9rt ezeken a helysz\u00edneken m\u00e9rnek?<\/h3>\n<p>Olyan iskol\u00e1kat kerest\u00fcnk, amelyek maguk is nyitottak voltak a t\u00e9m\u00e1ra \u00e9s \u00f6r\u00f6mmel vett\u00e9k a m\u00e9r\u0151m\u0171szer kihelyez\u00e9s\u00e9nek \u00f6tlet\u00e9t. Emellett t\u00f6rekedt\u00fcnk arra is, hogy min\u00e9l t\u00f6bb ker\u00fcletben m\u00e9rhess\u00fcnk, \u00e9s az iskol\u00e1k k\u00f6z\u00f6tt legyenek olyanok is, amelyek forgalmas utak ment\u00e9n vannak, ahol a leveg\u0151 szennyezetts\u00e9ge fokozott eg\u00e9szs\u00e9g\u00fcgyi kock\u00e1zatokat jelent.<\/p>\n<div class=\"keretes\" style=\"margin-top: 2em; margin-bottom: 2em;\">\n<h3>\u00c1llj ki a tiszta leveg\u0151\u00e9rt!<\/h3>\n<p>\u00c9vente k\u00f6zel 13 ezer ember hal meg a s\u00falyosan szennyezett leveg\u0151 miatt Magyarorsz\u00e1gon. \u00cdrd al\u00e1 a pet\u00edci\u00f3t, l\u00e9pj fel te is a l\u00e9gszennyez\u00e9s ellen!<\/p>\n<p><a class=\"btn btn-medium btn-primary btn-block\" href=\"https:\/\/act.greenpeace.org\/page\/38111\/petition\/1\" target=\"_blank\" rel=\"noopener noreferrer\">Al\u00e1\u00edrom<\/a><\/p>\n<\/div>\n<p>&nbsp;<\/p>\n","protected":false},"excerpt":{"rendered":"<p>A gyerekek eg\u00e9szs\u00e9g\u00e9t m\u00e9g a feln\u0151ttek\u00e9n\u00e9l is jobban vesz\u00e9lyezteti a l\u00e9gszennyez\u00e9s. A Greenpeace ez\u00e9rt budapesti \u00e9s k\u00f6rny\u00e9kbeli iskol\u00e1kn\u00e1l vizsg\u00e1lja a leveg\u0151 nitrog\u00e9n-dioxid tartalm\u00e1t, hogy pontosabb k\u00e9pet kaphassunk arr\u00f3l, mennyi k\u00e1ros anyagot l\u00e9legeznek be gyermekeink. Az akci\u00f3hoz 24 iskola csatlakozott. Milyen eszk\u00f6zzel m\u00e9rik a l\u00e9gszennyez\u00e9st? A Greenpeace DIF 100 RTU &#8211; NITROGEN DIOXIDE (NO2) gy\u00e1rtm\u00e1ny\u00fa diff\u00fazi\u00f3s [&hellip;]<\/p>\n","protected":false},"author":19,"featured_media":0,"parent":3219,"menu_order":0,"comment_status":"closed","ping_status":"closed","template":"","meta":{"ep_exclude_from_search":false,"p4_hide_page_title_checkbox":"","p4_title":"","p4_subtitle":"","p4_description":"","background_image_id":"","background_image":"","p4_button_title":"","p4_button_link":"","p4_button_link_checkbox":"","p4_og_title":"","p4_og_description":"","p4_og_image":"","p4_og_image_id":"","p4_seo_canonical_url":"","p4_campaign_name":"","p4_local_project":"","p4_basket_name":"","p4_department":"","footnotes":""},"categories":[4],"tags":[34],"class_list":["post-3969","page","type-page","status-publish","hentry","category-ember-tarsadalom","tag-levego"],"_links":{"self":[{"href":"https:\/\/www.greenpeace.org\/hungary\/wp-json\/wp\/v2\/pages\/3969","targetHints":{"allow":["GET"]}}],"collection":[{"href":"https:\/\/www.greenpeace.org\/hungary\/wp-json\/wp\/v2\/pages"}],"about":[{"href":"https:\/\/www.greenpeace.org\/hungary\/wp-json\/wp\/v2\/types\/page"}],"author":[{"embeddable":true,"href":"https:\/\/www.greenpeace.org\/hungary\/wp-json\/wp\/v2\/users\/19"}],"replies":[{"embeddable":true,"href":"https:\/\/www.greenpeace.org\/hungary\/wp-json\/wp\/v2\/comments?post=3969"}],"version-history":[{"count":12,"href":"https:\/\/www.greenpeace.org\/hungary\/wp-json\/wp\/v2\/pages\/3969\/revisions"}],"predecessor-version":[{"id":10914,"href":"https:\/\/www.greenpeace.org\/hungary\/wp-json\/wp\/v2\/pages\/3969\/revisions\/10914"}],"up":[{"embeddable":true,"href":"https:\/\/www.greenpeace.org\/hungary\/wp-json\/wp\/v2\/pages\/3219"}],"wp:attachment":[{"href":"https:\/\/www.greenpeace.org\/hungary\/wp-json\/wp\/v2\/media?parent=3969"}],"wp:term":[{"taxonomy":"category","embeddable":true,"href":"https:\/\/www.greenpeace.org\/hungary\/wp-json\/wp\/v2\/categories?post=3969"},{"taxonomy":"post_tag","embeddable":true,"href":"https:\/\/www.greenpeace.org\/hungary\/wp-json\/wp\/v2\/tags?post=3969"}],"curies":[{"name":"wp","href":"https:\/\/api.w.org\/{rel}","templated":true}]}}