{"id":457,"date":"2018-10-15T10:14:24","date_gmt":"2018-10-15T08:14:24","guid":{"rendered":"https:\/\/www.greenpeace.org\/hungary\/?page_id=457"},"modified":"2024-03-26T12:41:25","modified_gmt":"2024-03-26T11:41:25","slug":"jogi-nyilatkozat","status":"publish","type":"page","link":"https:\/\/www.greenpeace.org\/hungary\/jogi-nyilatkozat\/","title":{"rendered":"Jogi nyilatkozat"},"content":{"rendered":"\n                    <div class=\"wp-block-group is-vertical is-layout-flex wp-container-core-group-is-layout-8cf370e7 wp-block-group-is-layout-flex\">\n                    \n\n                    \n                    <\/div>\n                    <p>                A \u201eGreenpeace\u201d a Greenpeace International \u00e9s tov\u00e1bbi 27 orsz\u00e1gos \u00e9s region\u00e1lis Greenpeace-iroda h\u00e1l\u00f3zata, amelyek egym\u00e1st\u00f3l k\u00fcl\u00f6n\u00e1ll\u00f3 \u00e9s f\u00fcggetlen szervezetek.<\/p>\n<p>A greenpeace.org minden aloldal\u00e1t az adott orsz\u00e1gos vagy region\u00e1lis szervezet kezeli, az azon megjelen\u0151 tartalmakat az \u00e9rintett szervezet t\u00f6lti fel. A <a href=\"https:\/\/www.greenpeace.org\/hungary\">greenpeace.org\/hungary<\/a> honlapon tal\u00e1lhat\u00f3 tartalmak felt\u00f6lt\u00e9s\u00e9\u00e9rt a Greenpeace Magyarorsz\u00e1g Egyes\u00fclet felel. K\u00e9rd\u00e9s, \u00e9szrev\u00e9tel vagy egy\u00e9b visszajelz\u00e9s kapcs\u00e1n l\u00e9pjen kapcsolatba a felel\u0151s Greenpeace-szervezettel. A Greenpeace Magyarorsz\u00e1g Egyes\u00fclet \u00e1ltal kezelt honlapokkal kapcsolatban k\u00e9rj\u00fck, \u00edrjon az <a href=\"mailto:info.hu@greenpeace.org\">info.hu@greenpeace.org<\/a> c\u00edmre! Az egyes oldalak tetej\u00e9n \u00e1ltal\u00e1ban l\u00e1thatja, hogy melyik szervezet fel\u00fclet\u00e9n tart\u00f3zkodik \u00e9ppen.<\/p>\n<p>A k\u00f6z\u00e9rthet\u0151s\u00e9g \u00e9rdek\u00e9ben honlapunkon a \u201eGreenpeace\u201d kifejez\u00e9st haszn\u00e1ljuk a Greenpeace Magyarorsz\u00e1g, a nemzetk\u00f6zi szervezet vagy m\u00e1s orsz\u00e1gos \u00e9s region\u00e1lis irod\u00e1k le\u00edr\u00e1s\u00e1ra. Szint\u00e9n a k\u00f6z\u00e9rthet\u0151s\u00e9g kedv\u00e9\u00e9rt, amikor t\u00f6bbes sz\u00e1m els\u0151 szem\u00e9lyben \u00edrunk (\u201emi\u201d, \u201enek\u00fcnk\u201d, stb.), a Greenpeace nemzetk\u00f6zi h\u00e1l\u00f3zat\u00e1nak szerepl\u0151ire, munkat\u00e1rsaira vagy \u00f6nk\u00e9nteseire utalunk.<\/p>\n<p>&nbsp;<\/p>\n<p>&nbsp;<\/p>\n","protected":false},"excerpt":{"rendered":"<p>A \u201eGreenpeace\u201d a Greenpeace International \u00e9s tov\u00e1bbi 27 orsz\u00e1gos \u00e9s region\u00e1lis Greenpeace-iroda h\u00e1l\u00f3zata, amelyek egym\u00e1st\u00f3l k\u00fcl\u00f6n\u00e1ll\u00f3 \u00e9s f\u00fcggetlen szervezetek. A greenpeace.org minden aloldal\u00e1t az adott orsz\u00e1gos vagy region\u00e1lis szervezet kezeli, az azon megjelen\u0151 tartalmakat az \u00e9rintett szervezet t\u00f6lti fel. A greenpeace.org\/hungary honlapon tal\u00e1lhat\u00f3 tartalmak felt\u00f6lt\u00e9s\u00e9\u00e9rt a Greenpeace Magyarorsz\u00e1g Egyes\u00fclet felel. K\u00e9rd\u00e9s, \u00e9szrev\u00e9tel vagy egy\u00e9b visszajelz\u00e9s [&hellip;]<\/p>\n","protected":false},"author":19,"featured_media":0,"parent":0,"menu_order":0,"comment_status":"closed","ping_status":"closed","template":"page-templates\/evergreen.php","meta":{"ep_exclude_from_search":false,"p4_hide_page_title_checkbox":"","p4_title":"","p4_subtitle":"","p4_description":"","background_image_id":"","background_image":"","p4_button_title":"","p4_button_link":"","p4_button_link_checkbox":"","p4_og_title":"","p4_og_description":"","p4_og_image":"","p4_og_image_id":"","p4_seo_canonical_url":"","p4_campaign_name":"","p4_local_project":"","p4_basket_name":"","p4_department":"","footnotes":""},"categories":[],"tags":[],"class_list":["post-457","page","type-page","status-publish","hentry"],"_links":{"self":[{"href":"https:\/\/www.greenpeace.org\/hungary\/wp-json\/wp\/v2\/pages\/457","targetHints":{"allow":["GET"]}}],"collection":[{"href":"https:\/\/www.greenpeace.org\/hungary\/wp-json\/wp\/v2\/pages"}],"about":[{"href":"https:\/\/www.greenpeace.org\/hungary\/wp-json\/wp\/v2\/types\/page"}],"author":[{"embeddable":true,"href":"https:\/\/www.greenpeace.org\/hungary\/wp-json\/wp\/v2\/users\/19"}],"replies":[{"embeddable":true,"href":"https:\/\/www.greenpeace.org\/hungary\/wp-json\/wp\/v2\/comments?post=457"}],"version-history":[{"count":6,"href":"https:\/\/www.greenpeace.org\/hungary\/wp-json\/wp\/v2\/pages\/457\/revisions"}],"predecessor-version":[{"id":10940,"href":"https:\/\/www.greenpeace.org\/hungary\/wp-json\/wp\/v2\/pages\/457\/revisions\/10940"}],"wp:attachment":[{"href":"https:\/\/www.greenpeace.org\/hungary\/wp-json\/wp\/v2\/media?parent=457"}],"wp:term":[{"taxonomy":"category","embeddable":true,"href":"https:\/\/www.greenpeace.org\/hungary\/wp-json\/wp\/v2\/categories?post=457"},{"taxonomy":"post_tag","embeddable":true,"href":"https:\/\/www.greenpeace.org\/hungary\/wp-json\/wp\/v2\/tags?post=457"}],"curies":[{"name":"wp","href":"https:\/\/api.w.org\/{rel}","templated":true}]}}