{"id":5946,"date":"2020-01-07T15:41:44","date_gmt":"2020-01-07T14:41:44","guid":{"rendered":"https:\/\/www.greenpeace.org\/hungary\/?page_id=5946"},"modified":"2024-03-26T12:40:39","modified_gmt":"2024-03-26T11:40:39","slug":"almasfuzito","status":"publish","type":"page","link":"https:\/\/www.greenpeace.org\/hungary\/almasfuzito\/","title":{"rendered":"Alm\u00e1sf\u00fczit\u0151"},"content":{"rendered":"\n                    <div class=\"wp-block-group is-vertical is-layout-flex wp-container-core-group-is-layout-8cf370e7 wp-block-group-is-layout-flex\">\n                    \n                                <p>Alm\u00e1sf\u00fcz\u00edt\u0151n, a Duna partj\u00e1n komposztk\u00e9sz\u00edt\u00e9s c\u00edm\u00e9n sz\u00e1mtalan, kiemelten vesz\u00e9lyes hullad\u00e9kot t\u00e1rolnak egy v\u00f6r\u00f6siszap-t\u00e1roz\u00f3 tetej\u00e9n, nagyon rossz biztons\u00e1gi k\u00f6r\u00fclm\u00e9nyek k\u00f6z\u00f6tt.<\/p>\n                            \n\n                    \n                    <\/div>\n                    \n<p>A Tatai K\u00f6rnyezetv\u00e9delmi Zrt. a v\u00f6r\u00f6siszap befed\u00e9s\u00e9re hivatkozva \u2013 amit t\u00f6bb mint 20 \u00e9ve nem fejez be \u2013 \u00e9vek \u00f3ta vesz\u00e9lyes hullad\u00e9kok t\u00f6meg\u00e9t rakja le a Natura 2000 \u00f6kol\u00f3giai h\u00e1l\u00f3zat r\u00e9sz\u00e9nek sz\u00e1m\u00edt\u00f3 Duna-part melletti ter\u00fcletre. Az enged\u00e9ly szerint a VII-es kazett\u00e1ra \u00e9vi 132 000 tonna vesz\u00e9lyes hullad\u00e9k \u00e9s 280 000 tonna nem vesz\u00e9lyes hullad\u00e9k sz\u00e1ll\u00edthat\u00f3.<\/p>\n\n<p>A c\u00e9g a speci\u00e1lis hullad\u00e9kkezel\u00e9si m\u00f3dszereinek, \u201eegyedi filoz\u00f3fi\u00e1j\u00e1nak\u201d k\u00f6sz\u00f6nhet\u0151en a t\u00f6bb sz\u00e1z f\u00e9le besz\u00e1ll\u00edthat\u00f3 hullad\u00e9kot \u00f6sszekeverik, \u201ekomposzt\u00e1lj\u00e1k\u201d. Nem \u00e9rthet\u0151, mik\u00e9nt v\u00e9lheti \u00fagy ak\u00e1rki is, hogy p\u00e9ld\u00e1ul f\u00e9mtartalm\u00fa \u00e1sv\u00e1nyok, k\u0151t\u00f6rmel\u00e9k, salakok, \u00f6nt\u0151magok, zom\u00e1ncoz\u00e1si hullad\u00e9kok, vesz\u00e9lyes anyagot tartalmaz\u00f3 \u00e9p\u00edt\u00e9si \u00e9s bont\u00e1si hullad\u00e9k, kavics, stb. egy\u00fctt, keverve \u2013 ak\u00e1rmilyen ar\u00e1nyban is! \u2013 biol\u00f3giailag hasznos\u00edthat\u00f3ak, \u00e9s ennek k\u00f6vetkezt\u00e9ben \u201emesters\u00e9ges talaj\u201d \u00e1ll\u00edthat\u00f3 el\u0151 bel\u0151l\u00fck. A c\u00e9g azt \u00e1ll\u00edtja, hogy ak\u00e1r mez\u0151gazdas\u00e1gi felhaszn\u00e1l\u00e1sa is lehetne a komposztjuknak, m\u00e9g sincs inform\u00e1ci\u00f3 ilyen jelleg\u0171 felhaszn\u00e1l\u00e1sr\u00f3l. K\u00fcl\u00f6n\u00f6sen, hogy a \u201ekomposzt\u201d megengedett toxikus elem tartalma t\u00f6bb \u00f6sszetev\u0151n\u00e9l a talaj hat\u00e1r\u00e9rt\u00e9k t\u00edzszerese, higany eset\u00e9ben p\u00e9ld\u00e1ul h\u00fasszorosa.<\/p>\n\n<p>A z\u00f6ldek \u00e1ltal felk\u00e9rt f\u00fcggetlen osztr\u00e1k hullad\u00e9kgazd\u00e1lkod\u00e1si igazs\u00e1g\u00fcgyi szak\u00e9rt\u0151, Professzor Karl E. Lorber, a loebeni egyetem professzora szerint nem j\u00e1tsz\u00f3dnak le a komposzt\u00e1l\u00f3d\u00e1sra jellemz\u0151 folyamatok a t\u00e1roz\u00f3ban.\u00a0<strong>A szak\u00e9rt\u0151 \u00e1ll\u00e1spontja szerint a t\u00f6bb mint 160-f\u00e9le vesz\u00e9lyes hullad\u00e9k \u00e9s egy\u00e9b hullad\u00e9kok kever\u00e9s\u00e9vel, majd a szigeteletlen t\u00e1roz\u00f3ba val\u00f3 kihelyez\u00e9s\u00e9vel a k\u00f6rnyezeti kock\u00e1zat jelent\u0151sen n\u0151.<\/strong><\/p>\n\n<p><strong>Nyilv\u00e1nval\u00f3, hogy hossz\u00fa t\u00e1von a t\u00e1roz\u00f3ra lerakott toxikus anyagok is a talajv\u00edzbe, a k\u00f6rnyezetbe, esetleg a Dun\u00e1ba jutnak.<\/strong>&nbsp;A Greenpeace a Duna alacsony v\u00edz\u00e1ll\u00e1sa sor\u00e1n mint\u00e1kat vett a part melletti t\u00f6lt\u00e9sekb\u0151l. Az akkredit\u00e1lt laborat\u00f3riumban v\u00e9gzett m\u00e9r\u00e9sek szerint a hat\u00e1r\u00e9rt\u00e9ket sokszorosan meghaladja az arz\u00e9n \u00e9s a molibd\u00e9n mennyis\u00e9ge, melyek jellemz\u0151en a v\u00f6r\u00f6siszap szennyez\u0151i. A toxikus arz\u00e9n koncentr\u00e1ci\u00f3ja a megengedett 15 mg\/kg helyett 324 mg\/kg volt a part menti talajban.<\/p>\n\n<h3 class=\"wp-block-heading\" id=\"a0\">Az eddigi esem\u00e9nyek id\u0151vonala:<\/h3>\n\n<p><strong>2020. m\u00e1jus 25. <\/strong>\u2013 Az alm\u00e1sf\u00fczit\u0151i v\u00f6r\u00f6siszap-t\u00e1roz\u00f3 \u00faj joger\u0151s enged\u00e9lyt kapott 2020. m\u00e1jusban. Ez ellen a Greenpeace nem adott be fellebbez\u00e9st, mivel az k\u00f6rnyezetv\u00e9delmi szempontb\u00f3l nagys\u00e1grendekkel jobb, mint b\u00e1rmelyik kor\u00e1bbi enged\u00e9ly. Kilenc \u00e9v munk\u00e1j\u00e1val a Greenpeace el\u00e9rte, hogy egy olyan \u00faj enged\u00e9lyt adtak ki, amely szigor\u00fa hat\u00e1r\u00e9rt\u00e9ket szab a bej\u00f6v\u0151 hullad\u00e9kokra, a kirakhat\u00f3 anyagokra, tov\u00e1bb\u00e1 a behozhat\u00f3 hullad\u00e9kok k\u00f6r\u00e9t is sz\u0171k\u00edti. A Greenpeace tov\u00e1bbra is k\u00f6veti az alm\u00e1sf\u00fczit\u0151i v\u00f6r\u00f6siszap-t\u00e1roz\u00f3n foly\u00f3 tev\u00e9kenys\u00e9gre vonatkoz\u00f3 enged\u00e9ly betart\u00e1s\u00e1t, \u00e9s tov\u00e1bbra is k\u00e9sz jogi \u00e9s szakmai l\u00e9p\u00e9seket tenni, amennyiben az enged\u00e9lyt megszegik.<\/p>\n\n<p><strong>2016. 05. 12.&nbsp;<\/strong>M\u00e1r egy teljes \u00e9ve lej\u00e1rt az enged\u00e9lye az alm\u00e1sf\u00fczit\u0151i vesz\u00e9lyeshullad\u00e9k-t\u00e1roz\u00f3nak, de egy jogi kiskapunak k\u00f6sz\u00f6nhet\u0151en az tov\u00e1bb m\u0171k\u00f6dhet. A Greenpeace a Legf\u0151bb \u00dcgy\u00e9szs\u00e9ghez fordult, hogy megakad\u00e1lyozza a tov\u00e1bbi vesz\u00e9lyeshullad\u00e9k-sz\u00e1ll\u00edt\u00e1st Alm\u00e1sf\u00fczit\u0151re.<\/p>\n\n<p><strong>2015. 07. 30.<\/strong>&nbsp;A Gy\u0151r-Moson-Sopron Megyei Korm\u00e1nyhivatal&nbsp;<a href=\"https:\/\/greenpeace.hu\/up_files\/GPHU-2015-0015_3_hatarozat_Gyor-Moson-Sopron_Megyei_Kormanyhivatal.pdf\" target=\"_blank\" rel=\"noreferrer noopener\">els\u0151 fokon elutas\u00edtotta<\/a>&nbsp;az alm\u00e1sf\u00fczit\u0151i v\u00f6r\u00f6siszap-t\u00e1roz\u00f3n tev\u00e9kenyked\u0151 Tatai K\u00f6rnyezetv\u00e9delmi Zrt. m\u0171k\u00f6d\u00e9si enged\u00e9ly\u00e9nek meghosszabb\u00edt\u00e1s\u00e1t<\/p>\n\n<p><strong>2015. 06. 18.<\/strong>&nbsp;<a href=\"https:\/\/www.bruxinfo.hu\/cikk\/20150618-hianyossagok-az-almasfuzitoi-vorosiszap-tarolasnal.html\">Az Eur\u00f3pai Bizotts\u00e1g&nbsp;\u00faj szintre emelte<\/a>&nbsp;a Magyarorsz\u00e1g ellen kor\u00e1bban ind\u00edtott k\u00f6telezetts\u00e9gszeg\u00e9si elj\u00e1r\u00e1st Alm\u00e1sf\u00fczit\u0151 \u00fcgy\u00e9ben.&nbsp;Magyarorsz\u00e1gnak k\u00e9t h\u00f3napja van megtenni a sz\u00fcks\u00e9ges l\u00e9p\u00e9seket, k\u00fcl\u00f6nben a Bizotts\u00e1g az Eur\u00f3pai B\u00edr\u00f3s\u00e1g el\u00e9 viheti az \u00fcgyet.<\/p>\n\n<p><strong>2012. 05. 08.&nbsp;<\/strong><a href=\"https:\/\/wayback.archive-it.org\/9650\/20191124054758\/http:\/\/p3-raw.greenpeace.org\/hungary\/hu\/sajtokozpont\/A-Magyar-Tudomanyos-Akademia-szerint-is-sulyos-veszelyt-jelentenek-az-almasufuzitoi-tarozok\/\" target=\"_blank\" rel=\"noreferrer noopener\">A Magyar Tudom\u00e1nyos Akad\u00e9mia szerint is s\u00falyos vesz\u00e9lyt jelentenek az alm\u00e1sf\u00fczit\u0151i t\u00e1roz\u00f3k<\/a><\/p>\n\n<p><strong>2012. 01. 25.<\/strong>&nbsp;<a href=\"https:\/\/wayback.archive-it.org\/9650\/20191124054758\/http:\/\/p3-raw.greenpeace.org\/hungary\/hu\/sajtokozpont\/Brusszelbe-viszi-az-almasfuziti-tarozok-ugyet-a-Greenpeace\/\" target=\"_blank\" rel=\"noreferrer noopener\">Br\u00fcsszelbe viszi az alm\u00e1sf\u00fczit\u0151i t\u00e1roz\u00f3k \u00fcgy\u00e9t a Greenpeace<\/a>&nbsp;\/ &nbsp;Az&nbsp;<a href=\"https:\/\/greenpeace.hu\/up_files\/1327458431.pdf\" target=\"_blank\" rel=\"noreferrer noopener\">Eur\u00f3pai Bizotts\u00e1ghoz fordultunk<\/a>&nbsp;az alm\u00e1sf\u00fczit\u0151i hetes v\u00f6r\u00f6siszap-t\u00e1roz\u00f3ban foly\u00f3 tev\u00e9kenys\u00e9gek miatt.<\/p>\n\n<p><strong>2012. 01. 18.<\/strong>&nbsp;<a href=\"https:\/\/wayback.archive-it.org\/9650\/20191124054758\/http:\/\/p3-raw.greenpeace.org\/hungary\/hu\/sajtokozpont\/Ujabb-jogi-szakvelemeny-a-Greenpeace-mellett-Almasfuzit-ugyeben\/\" target=\"_blank\" rel=\"noreferrer noopener\">\u00dajabb jogi szakv\u00e9lem\u00e9ny a Greenpeace mellett Alm\u00e1sf\u00fczit\u0151 \u00fcgy\u00e9ben<\/a><\/p>\n\n<p><strong>2012. 01. 14.<\/strong>&nbsp;<a href=\"https:\/\/greenpeace.hu\/up_files\/1326899224Bandi_velemeny_120114_tisztazott.pdf\" target=\"_blank\" rel=\"noreferrer noopener\">Dr. B\u00e1ndi Gyula Jogi szakv\u00e9lem\u00e9nye<\/a>&nbsp;a&nbsp;Tatai K\u00f6rnyezetv\u00e9delmi Zrt. r\u00e9sz\u00e9re kiadott 392-6\/2010. sz. egys\u00e9ges&nbsp;k\u00f6rnyezethaszn\u00e1lati enged\u00e9ly \u00e9s k\u00f6rnyezetv\u00e9delmi m\u0171k\u00f6d\u00e9si enged\u00e9ly kapcs\u00e1n.<\/p>\n\n<p><strong>2012. 01. 09.<\/strong>&nbsp;<a href=\"https:\/\/greenpeace.hu\/up_files\/1332165811201201_Level_Szabo_Matenak.pdf\" target=\"_blank\" rel=\"noreferrer noopener\">Dr. Szab\u00f3 M\u00e1t\u00e9, alapvet\u0151 jogok biztos\u00e1nak \u00edrt level\u00fcnk az alm\u00e1sf\u00fczit\u0151i t\u00e1roz\u00f3k \u00fcgy\u00e9ben<\/a>&nbsp;<\/p>\n\n<p><strong>2012. 01. 06.<\/strong>&nbsp;<a href=\"https:\/\/nol.hu\/lap\/forum\/20120106-a_talaj_merges\">Simon Gergely Greenpeace vegyianyag-szak\u00e9rt\u0151 cikke a N\u00e9pszabads\u00e1gban<\/a>&nbsp;<\/p>\n\n<p><strong>2011. 12. 12.<\/strong>&nbsp;<a href=\"https:\/\/greenpeace.hu\/up_files\/1324373658almas_polg_level.pdf\" target=\"_blank\" rel=\"noreferrer noopener\">V\u00e1laszlev\u00e9l Alm\u00e1sf\u00fczit\u0151 polg\u00e1rmester\u00e9nek a v\u00f6r\u00f6siszap-t\u00e1roz\u00f3k \u00fcgy\u00e9ben<\/a>&nbsp;<\/p>\n\n<p><strong>2011. 12. 08.<\/strong>&nbsp;<a href=\"https:\/\/greenpeace.hu\/up_files\/1323427491GPHU_%282011_12%29_Ugyeszsegi_per_inditvany_-_Almasfuzito.pdf\" target=\"_blank\" rel=\"noreferrer noopener\">Perind\u00edt\u00e1si ind\u00edtv\u00e1ny a Gy\u0151ri V\u00e1rosi \u00dcgy\u00e9szs\u00e9gnek a Tatai K\u00f6rnyezetv\u00e9delmi Zrt.-vel szemben<\/a>&nbsp;<\/p>\n\n<p><strong>2011. 11. 16.<\/strong>&nbsp;<a href=\"https:\/\/greenpeace.hu\/up_files\/13224818332011_11_16_Greenpeace_level_az_almasfuzitoi_polgarmesternek.pdf\" target=\"_blank\" rel=\"noreferrer noopener\">A Greenpeace levele Alm\u00e1sf\u00fczit\u0151 polg\u00e1rmester\u00e9nek<\/a><\/p>\n\n<p><strong>2011. 11. 12.<\/strong>&nbsp;<a href=\"https:\/\/greenpeace.hu\/up_files\/1324373758Vay_Marton_es_Droppa_Gyorgy_valasza_Szabo_Gabor_Nyakig_komposztban_c_HVG_cikkere.pdf\" target=\"_blank\" rel=\"noreferrer noopener\">Vay M\u00e1rton \u00e9s Droppa Gy\u00f6rgy v\u00e1lasza Szab\u00f3 G\u00e1bor nyakig komposztban c\u00edm\u0171 HVG-ben megjelent cikk\u00e9re<\/a>&nbsp;<\/p>\n\n<p><strong>2011. 11. 14.<\/strong>&nbsp;<a href=\"https:\/\/greenpeace.hu\/up_files\/1321366911Kornyezetvedelmi_fofelugyeloseg_valasza_szeptember_8-ai_levelunkre.pdf\" target=\"_blank\" rel=\"noreferrer noopener\">Az Orsz\u00e1gos K\u00f6rnyezetv\u00e9delmi F\u0151fel\u00fcgyel\u0151s\u00e9g v\u00e1lasza<\/a>&nbsp;k\u00f6rnyezeti kock\u00e1zatok cs\u00f6kkent\u00e9s\u00e9re tett int\u00e9zked\u00e9s\u00e9ket firtat\u00f3 szeptember elejei k\u00e9rd\u00e9seinkre<\/p>\n\n<p><strong>2011. 11. 08.&nbsp;<\/strong><a href=\"https:\/\/greenpeace.hu\/up_files\/132127305620111114_Illes_Zoltan_valasza_Greenpeace_levelere.pdf\" target=\"_blank\" rel=\"noreferrer noopener\">Ill\u00e9s Zolt\u00e1n k\u00f6rnyezeti \u00e1llamtitk\u00e1r v\u00e1laszolt level\u00fcnkre<\/a>,<br>melyben jelzi, hogy az enged\u00e9ly kivizsg\u00e1l\u00e1s\u00e1t Fazekas miniszter \u00far k\u00e9r\u00e9s\u00e9re megkezdt\u00e9k.&nbsp;<\/p>\n\n<p><strong>2011. 10. 26.<\/strong>&nbsp;A gy\u0151ri fel\u00fcgyel\u0151s\u00e9g harmadszor is m\u00f3dos\u00edtotta az egyedi<br><a href=\"https:\/\/greenpeace.hu\/up_files\/132248223620111024_gyori_felugyeloseg_harmadszor_az_egyedi_szennyezettsegrol.pdf\" target=\"_blank\" rel=\"noreferrer noopener\">szennyezetts\u00e9gi hat\u00e1r\u00e9rt\u00e9kek emel\u00e9s\u00e9r\u0151l sz\u00f3l\u00f3 hat\u00e1rozat\u00e1t<\/a>&nbsp;<\/p>\n\n<p><strong>2011. 10. 22.<\/strong>&nbsp;<a href=\"https:\/\/www.youtube.com\/watch?v=h3UboJLuSaU\">Besz\u00e9lget\u00e9s Z\u00e1ray professzorral a Magyar R\u00e1di\u00f3ban<\/a>. &nbsp;(<a href=\"https:\/\/www.mr1-kossuth.hu\/hirek\/legfrissebbek\/a-jovo-minden-hazhoz-szennyviztisztito.html\">cikk<\/a>)<\/p>\n\n<p><strong>2011. 10. 20.<\/strong>&nbsp;<a href=\"https:\/\/www.youtube.com\/watch?v=y-qNOCnArzs\">Ill\u00e9s Zolt\u00e1n: &#8222;A Greenpeace-nek teljesen igaza van&#8221;<\/a>&nbsp; &nbsp;(<a href=\"https:\/\/greenpeace.hu\/up_files\/1319447562Hirado_hu.pdf\" target=\"_blank\" rel=\"noreferrer noopener\">cikk<\/a>)<\/p>\n\n<p><strong>2011. 10. 19.<\/strong>&nbsp;<a href=\"https:\/\/index.hu\/belfold\/2011\/10\/19\/greenpeace_aktivistak_tuntetnek_gyorben\/\">Greenpeace-aktivist\u00e1k lez\u00e1rt\u00e1k a gy\u0151ri K\u00f6rnyezetv\u00e9delmi Fel\u00fcgyel\u0151s\u00e9g \u00e9p\u00fclet\u00e9t<\/a>&nbsp;az alm\u00e1sf\u00fczit\u0151i enged\u00e9lyek miatt. A hat\u00f3s\u00e1gi&nbsp;hat\u00e1r\u00e9rt\u00e9kek emel\u00e9se nem sz\u00fcnteti meg a szennyez\u00e9st.<\/p>\n\n<p><strong>2011.10.14.<\/strong>&nbsp;<a href=\"https:\/\/greenpeace.hu\/up_files\/1322481946kozep_dunantuli_felugyeloseg_valasza.pdf\" target=\"_blank\" rel=\"noreferrer noopener\">A K\u00f6z\u00e9p-dun\u00e1nt\u00fali K\u00f6rnyezetv\u00e9delmi Fel\u00fcgyel\u0151s\u00e9g v\u00e1lasza a Greenpeace szeptember 8-ai level\u00e9re<\/a>&nbsp;<\/p>\n\n<p><strong>2011. 09. 30.<\/strong>&nbsp;<a href=\"https:\/\/greenpeace.hu\/up_files\/133216560220110930_Level_dr_F%C3%BClop_Sandor_szamara.pdf\" target=\"_blank\" rel=\"noreferrer noopener\">Dr. F\u00fcl\u00f6p S\u00e1ndornak \u00edrt level\u00fcnk az alm\u00e1sf\u00fczit\u0151i t\u00e1roz\u00f3kban zajl\u00f3 tev\u00e9kenys\u00e9gek kivizsg\u00e1l\u00e1s\u00e1r\u00f3l<\/a><\/p>\n\n<p><strong>2011. 09. 08-\u00e1n \u00e9s 09.09-\u00e9n<\/strong>&nbsp;az al\u00e1bbi levelet nemcsak az&nbsp;<a href=\"https:\/\/greenpeace.hu\/up_files\/1321369625eszak_dunantuluj.pdf\" target=\"_blank\" rel=\"noreferrer noopener\">\u00e9szak-dun\u00e1nt\u00fali<\/a>, hanem az&nbsp;<a href=\"https:\/\/greenpeace.hu\/up_files\/1322482014kozep_dunantuluj.pdf\" target=\"_blank\" rel=\"noreferrer noopener\">\u00f6sszes hazai k\u00f6rnyezetv\u00e9delmi fel\u00fcgyel\u0151s\u00e9gnek elk\u00fcldt\u00fck Kolont\u00e1r ut\u00e1ni v\u00e1ltoz\u00e1sokat k\u00e9rdezve<\/a><\/p>\n\n<h3 class=\"wp-block-heading\" id=\"a1\">Kapcsol\u00f3d\u00f3 anyagok<\/h3>\n\n<ul class=\"wp-block-list\"><li><a href=\"https:\/\/greenpeace.hu\/up_files\/131920206420111006_Orban_Viktor_valaszlevele_Greenpeacenek.pdf\">2011. 10. 20. Orb\u00e1n Viktor v\u00e1laszol level\u00fcnkre, \u00e9s Ill\u00e9s Zolt\u00e1nnak deleg\u00e1lja a feladatot<\/a><\/li><li><a href=\"https:\/\/greenpeace.hu\/up_files\/13192007441319006084Greenpeace_kifogasai.pdf\">2011. 10. 19. A Greenpeace kifog\u00e1sai a gy\u0151ri fel\u00fcgyel\u0151s\u00e9g \u00e1ltal a c\u00e9gnek kiadott enged\u00e9ly \u00e9s r\u00e1juk vonatkoz\u00f3 hat\u00e1rozatok \u00fcgy\u00e9ben<\/a><\/li><li><a href=\"https:\/\/greenpeace.hu\/up_files\/13192006921319006248egyedihatarertekek.pdf\">2011. 10. 19. A Greenpeace diagramja a gy\u0151ri fel\u00fcgyel\u0151s\u00e9g \u00e1ltal 2011 okt\u00f3ber 11-\u00e9n adott egyedi szennyezetts\u00e9g \u00e9s a norm\u00e1l hat\u00e1r\u00e9rt\u00e9kek<\/a><\/li><li><a href=\"https:\/\/greenpeace.hu\/up_files\/13192006041318960304eszak_dunantuli_felugyeloseg_FELSZOLITO_LEVEL.pdf\">2011. 10. 17. A Greenpeace felsz\u00f3l\u00edtja a Fel\u00fcgyel\u0151s\u00e9get az alm\u00e1sf\u00fczit\u0151i enged\u00e9ly visszavon\u00e1s\u00e1ra \u00e9s a t\u00e1roz\u00f3 bez\u00e1r\u00e1s\u00e1ra<\/a><\/li><li><a href=\"https:\/\/greenpeace.hu\/up_files\/13191999711318516727EMLA_velemeny_20111013.pdf\">2011. 10. 13. Az EMLA jogi szakv\u00e9lem\u00e9nye a Tatai Zrt. m\u0171k\u00f6d\u00e9si enged\u00e9ly\u00e9r\u0151l<\/a><\/li><li>2011. 10. 13. Karl E. Lorber professzor&nbsp;<a href=\"https:\/\/greenpeace.hu\/up_files\/13192003401318517100Lorber_prezentation_20111013.pps\">el\u0151ad\u00e1sa<\/a>&nbsp;a Greenpeace sajt\u00f3t\u00e1j\u00e9koztat\u00f3j\u00e1n; a professzor&nbsp;<a href=\"https:\/\/greenpeace.hu\/up_files\/13192002851318517072Lorber_szakvelemeny_angol_20111013.pdf\">angol nyelv\u0171 szakv\u00e9lem\u00e9nye<\/a>&nbsp;a t\u00e1roz\u00f3ban enged\u00e9lyezett tev\u00e9kenys\u00e9gr\u0151l (<a href=\"https:\/\/greenpeace.hu\/up_files\/1319201603Lorber_szakvelemeny_osszefogl_magyar_20111013.pdf\">magyar \u00f6sszefoglal\u00f3<\/a>)<\/li><li><a href=\"https:\/\/greenpeace.hu\/up_files\/1319201849EDKTVF_egyedi_szennyezettsegi_hatarertekrol_szolo_masodik_hatarozata.pdf\">2011. 10. 11. A gy\u0151ri fel\u00fcgyel\u0151s\u00e9g visszavonja kor\u00e1bbi hat\u00e1rozat\u00e1t, \u00e9s m\u00e9g magasabb egyedi szennyezetts\u00e9gi hat\u00e1r\u00e9rt\u00e9keket enged\u00e9lyez<\/a><\/li><li><a href=\"https:\/\/greenpeace.hu\/up_files\/131920120720110929_Level_Orban_Viktor_Miniszterelnoknek.pdf\">2011. 09. 29. A Greenpeace levele Orb\u00e1n Viktornak a szigeteletlen alm\u00e1sf\u00fczit\u0151i t\u00e1roz\u00f3ban vesz\u00e9lyes hullad\u00e9kokkal lefedett v\u00f6r\u00f6siszap<\/a><\/li><li><a href=\"https:\/\/greenpeace.hu\/up_files\/13192004021318520562Almasfuzitoi_tarozok_es_monitoringkutak.jpg\">2011. 09. 28. Az alm\u00e1sf\u00fczit\u0151i t\u00e1roz\u00f3k \u00e9s talajv\u00edz szennyezetts\u00e9g\u00e9t vizsg\u00e1l\u00f3 monitoringkutak elhelyezked\u00e9se \u2013 t\u00e9rk\u00e9p<\/a><\/li><li><a href=\"https:\/\/greenpeace.hu\/up_files\/13192006471319006307EDKTVF_hatarozata.pdf\">2011. 07. 26. A gy\u0151ri fel\u00fcgyel\u0151s\u00e9g egyedi szennyezetts\u00e9get hat\u00e1roz meg az alm\u00e1sf\u00fczit\u0151i VII-es t\u00e1roz\u00f3ban zajl\u00f3 tev\u00e9kenys\u00e9gre<\/a><\/li><li><a href=\"https:\/\/greenpeace.hu\/up_files\/1319446062Almasfuzito_egyseges_kornyezethasznalati_es_mukodesi_engedely.pdf\">2010. 04. 22. A Tatai K\u00f6rnyezetv\u00e9delmi Zrt.-nek megadott k\u00f6rnyezetv\u00e9delmi m\u0171k\u00f6d\u00e9si enged\u00e9ly<\/a><\/li><li><a href=\"https:\/\/greenpeace.hu\/up_files\/13192005201318364879Almasfuzito_ajanlott_irodalom_20111011.pdf\">Cikkgy\u0171jtem\u00e9ny az alm\u00e1sf\u00fczit\u0151i t\u00e1roz\u00f3ban zajl\u00f3 tev\u00e9kenys\u00e9g \u00e9s a Tatai K\u00f6rnyezetv\u00e9delmi Zrt. kapcs\u00e1n<\/a><\/li><li><a href=\"https:\/\/greenpeace.hu\/up_files\/132127305620111114_Illes_Zoltan_valasza_Greenpeace_levelere.pdf\">Ill\u00e9s Zolt\u00e1n v\u00e1lasza: Fazekas miniszter \u00far k\u00e9r\u00e9s\u00e9re megkezdt\u00e9k az enged\u00e9ly kivizsg\u00e1l\u00e1s\u00e1t<\/a><\/li><li><a href=\"https:\/\/greenpeace.hu\/up_files\/1321366911Kornyezetvedelmi_fofelugyeloseg_valasza_szeptember_8-ai_levelunkre.pdf\">A K\u00f6rnyezetv\u00e9delmi F\u0151fel\u00fcgyel\u0151s\u00e9g v\u00e1lasza szeptember 8-i level\u00fcnkre<\/a><\/li><li><a href=\"https:\/\/greenpeace.hu\/up_files\/13224818332011_11_16_Greenpeace_level_az_almasfuzitoi_polgarmesternek.pdf\">A Greenpeace levele Alm\u00e1sf\u00fczit\u0151 polg\u00e1rmester\u00e9nek<\/a><\/li><li><a href=\"https:\/\/greenpeace.hu\/up_files\/1324025569Almasf_vizminta_2012.12.09.pdf\">A hetes t\u00e1roz\u00f3 mellett, a Duna-parton, december 12-\u00e9n vett talajmint\u00e1k elemz\u00e9se<\/a><\/li><\/ul>\n\n<p>&nbsp;<\/p>\n","protected":false},"excerpt":{"rendered":"<p>Alm\u00e1sf\u00fcz\u00edt\u0151n, a Duna partj\u00e1n komposztk\u00e9sz\u00edt\u00e9s c\u00edm\u00e9n sz\u00e1mtalan, kiemelten vesz\u00e9lyes hullad\u00e9kot t\u00e1rolnak egy v\u00f6r\u00f6siszap-t\u00e1roz\u00f3 tetej\u00e9n, nagyon rossz biztons\u00e1gi k\u00f6r\u00fclm\u00e9nyek k\u00f6z\u00f6tt. A Tatai K\u00f6rnyezetv\u00e9delmi Zrt. a v\u00f6r\u00f6siszap befed\u00e9s\u00e9re hivatkozva \u2013 amit t\u00f6bb mint 20 \u00e9ve nem fejez be \u2013 \u00e9vek \u00f3ta vesz\u00e9lyes hullad\u00e9kok t\u00f6meg\u00e9t rakja le a Natura 2000 \u00f6kol\u00f3giai h\u00e1l\u00f3zat r\u00e9sz\u00e9nek sz\u00e1m\u00edt\u00f3 Duna-part melletti ter\u00fcletre. Az [&hellip;]<\/p>\n","protected":false},"author":19,"featured_media":0,"parent":0,"menu_order":0,"comment_status":"closed","ping_status":"closed","template":"","meta":{"ep_exclude_from_search":false,"p4_hide_page_title_checkbox":"","p4_title":"","p4_subtitle":"","p4_description":"","background_image_id":"","background_image":"","p4_button_title":"","p4_button_link":"","p4_button_link_checkbox":"","p4_og_title":"","p4_og_description":"","p4_og_image":"","p4_og_image_id":"","p4_seo_canonical_url":"","p4_campaign_name":"not set","p4_local_project":"not set","p4_basket_name":"not set","p4_department":"","footnotes":""},"categories":[],"tags":[],"class_list":["post-5946","page","type-page","status-publish","hentry"],"_links":{"self":[{"href":"https:\/\/www.greenpeace.org\/hungary\/wp-json\/wp\/v2\/pages\/5946","targetHints":{"allow":["GET"]}}],"collection":[{"href":"https:\/\/www.greenpeace.org\/hungary\/wp-json\/wp\/v2\/pages"}],"about":[{"href":"https:\/\/www.greenpeace.org\/hungary\/wp-json\/wp\/v2\/types\/page"}],"author":[{"embeddable":true,"href":"https:\/\/www.greenpeace.org\/hungary\/wp-json\/wp\/v2\/users\/19"}],"replies":[{"embeddable":true,"href":"https:\/\/www.greenpeace.org\/hungary\/wp-json\/wp\/v2\/comments?post=5946"}],"version-history":[{"count":9,"href":"https:\/\/www.greenpeace.org\/hungary\/wp-json\/wp\/v2\/pages\/5946\/revisions"}],"predecessor-version":[{"id":10908,"href":"https:\/\/www.greenpeace.org\/hungary\/wp-json\/wp\/v2\/pages\/5946\/revisions\/10908"}],"wp:attachment":[{"href":"https:\/\/www.greenpeace.org\/hungary\/wp-json\/wp\/v2\/media?parent=5946"}],"wp:term":[{"taxonomy":"category","embeddable":true,"href":"https:\/\/www.greenpeace.org\/hungary\/wp-json\/wp\/v2\/categories?post=5946"},{"taxonomy":"post_tag","embeddable":true,"href":"https:\/\/www.greenpeace.org\/hungary\/wp-json\/wp\/v2\/tags?post=5946"}],"curies":[{"name":"wp","href":"https:\/\/api.w.org\/{rel}","templated":true}]}}