{"id":6273,"date":"2020-03-24T11:40:19","date_gmt":"2020-03-24T10:40:19","guid":{"rendered":"https:\/\/www.greenpeace.org\/hungary\/beke\/"},"modified":"2026-04-08T10:45:30","modified_gmt":"2026-04-08T08:45:30","slug":"beke","status":"publish","type":"page","link":"https:\/\/www.greenpeace.org\/hungary\/beke\/","title":{"rendered":"#B\u00e9ke"},"content":{"rendered":"\n                    <div class=\"wp-block-group is-vertical is-layout-flex wp-container-core-group-is-layout-8cf370e7 wp-block-group-is-layout-flex\">\n                    \n\n                    \n                    <\/div>\n                    \n<p class=\"lead\">1971-ben egy csapatnyi b\u00e1tor ember haj\u00f3ra sz\u00e1llt, hogy az Egyes\u00fclt \u00c1llamok tengeri atomk\u00eds\u00e9rletei ellen tiltakozzon, a k\u00f6rnyezet v\u00e9delm\u00e9\u00e9rt \u00e9s a b\u00e9k\u00e9\u00e9rt. \u00cdgy forrt \u00f6ssze szervezet\u00fcnk nev\u00e9ben k\u00e9t k\u00fcldet\u00e9s\u00fcnk m\u00e1r a kezdetek \u00f3ta: \u201egreen&#8221; \u00e9s \u201epeace\u201d. Sajnos ma is sokan vannak vil\u00e1gszerte, akik nem \u00e9lhetnek b\u00e9k\u00e9ben. A term\u00e9szeti er\u0151forr\u00e1sok egyre sz\u0171k\u00f6sebbek. Egyre t\u00f6bben nem f\u00e9rnek hozz\u00e1 az alapvet\u0151 sz\u00fcks\u00e9gleteket kiel\u00e9g\u00edt\u0151 tiszta iv\u00f3v\u00edzhez, term\u0151f\u00f6ldh\u00f6z \u00e9s leveg\u0151h\u00f6z. Ez h\u00e1bor\u00fahoz, er\u0151szakhoz \u00e9s fegyveres konfliktusokhoz vezet. Tegy\u00fcnk egy\u00fctt a z\u00f6ldebb, b\u00e9k\u00e9sebb j\u00f6v\u0151\u00e9rt, csatlakozz hozz\u00e1nk! Minden helyzetben elk\u00f6telezetten t\u00f6reksz\u00fcnk az er\u0151szakmentess\u00e9gre. Hisz\u00fcnk a b\u00e9k\u00e9s \u00e9s b\u00e1tor ki\u00e1ll\u00e1s erej\u00e9ben. Er\u0151nk politikai \u00e9s anyagi f\u00fcggetlens\u00e9g\u00fcnkb\u0151l fakad. Nem a szavak, hanem a tettek sz\u00e1m\u00edtanak. Nem el\u00e9gsz\u00fcnk meg azzal, hogy r\u00e1mutatunk a probl\u00e9m\u00e1kra: fejleszt\u00fcnk, kutatunk \u00e9s konkr\u00e9t javaslatokkal \u00e1llunk el\u0151. \u00cdgy k\u00fczd\u00fcnk nap mint nap egy biztons\u00e1gosabb, \u00e9lhet\u0151bb F\u00f6ld\u00e9rt. <\/p>\n\n        <div class=\"wp-block-query actions-list p4-query-loop is-custom-layout-actions-list is-custom-layout-grid is-layout-grid wp-container-core-query-is-layout-29f43435 wp-block-query-is-layout-grid\"><h2 class=\"wp-block-heading\">Amiket megtehetsz<\/h2>\n        <p style=\"margin-top: 24px; margin-bottom: 32px;\">Cselekedj te is, mert egy\u00fctt er\u0151sek vagyunk!<\/p>\n        \n        <ul class=\"wp-block-post-template is-layout-flow wp-block-post-template-is-layout-flow\"><li class=\"wp-block-post post-1900 page type-page status-publish has-post-thumbnail hentry category-ember-tarsadalom tag-beke\">\n                <figure class=\"wp-block-post-featured-image\"><img loading=\"lazy\" decoding=\"async\" width=\"1697\" height=\"2048\" src=\"https:\/\/www.greenpeace.org\/static\/planet4-hungary-stateless\/2018\/10\/ea8b5017-34394117990_3d3e249080_k.jpg\" class=\"attachment-post-thumbnail size-post-thumbnail wp-post-image wp-stateless-item\" alt=\"\" style=\"object-fit:cover;\" srcset=\"https:\/\/www.greenpeace.org\/static\/planet4-hungary-stateless\/2018\/10\/ea8b5017-34394117990_3d3e249080_k.jpg 1697w, https:\/\/www.greenpeace.org\/static\/planet4-hungary-stateless\/2018\/10\/ea8b5017-34394117990_3d3e249080_k-249x300.jpg 249w, https:\/\/www.greenpeace.org\/static\/planet4-hungary-stateless\/2018\/10\/ea8b5017-34394117990_3d3e249080_k-768x927.jpg 768w, https:\/\/www.greenpeace.org\/static\/planet4-hungary-stateless\/2018\/10\/ea8b5017-34394117990_3d3e249080_k-849x1024.jpg 849w, https:\/\/www.greenpeace.org\/static\/planet4-hungary-stateless\/2018\/10\/ea8b5017-34394117990_3d3e249080_k-1132x1366.jpg 1132w, https:\/\/www.greenpeace.org\/static\/planet4-hungary-stateless\/2018\/10\/ea8b5017-34394117990_3d3e249080_k-282x340.jpg 282w\" sizes=\"auto, (max-width: 1697px) 100vw, 1697px\" data-image-size=\"post-thumbnail\" data-stateless-media-bucket=\"planet4-hungary-stateless\" data-stateless-media-name=\"2018\/10\/ea8b5017-34394117990_3d3e249080_k.jpg\" \/><\/figure>\n                \n                <div class=\"wp-block-group group-stretched-link is-layout-flow wp-block-group-is-layout-flow\"><div class=\"wp-block-post-terms\">Ember &amp; T\u00e1rsadalom<\/div>\n                <h3 class=\"wp-block-post-title\"><a href=\"https:\/\/www.greenpeace.org\/hungary\/cselekedj\/allj-ki-te-is-batran\/\" target=\"_self\" >\u00c1llj ki te is b\u00e1tran<\/a><\/h3>\n                <div class=\"wp-block-post-excerpt\"><p class=\"wp-block-post-excerpt__excerpt\">Mindannyian felel\u0151sek vagyunk a F\u00f6ld\u00e9rt. Fel kell l\u00e9pn\u00fcnk a b\u00e9k\u00e9s \u00e9s \u00e9lhet\u0151 j\u00f6v\u0151nk v\u00e9delm\u00e9ben. <\/p><\/div><\/div>\n                \n                \n        <div class=\"wp-block-group read-more-nav is-layout-flow wp-block-group-is-layout-flow\"><a href=\"https:\/\/www.greenpeace.org\/hungary\/cselekedj\/allj-ki-te-is-batran\/\" class=\"btn btn-primary btn-small\" aria-label=\"Cselekszem\">Cselekszem<\/a>\n        \n        \n        <\/div>\n        \n                <\/li><li class=\"wp-block-post post-421 page type-page status-publish has-post-thumbnail hentry category-ember-tarsadalom tag-beke tag-okogazdalkodas\">\n                <figure class=\"wp-block-post-featured-image\"><img loading=\"lazy\" decoding=\"async\" width=\"1000\" height=\"667\" src=\"https:\/\/www.greenpeace.org\/static\/planet4-hungary-stateless\/2018\/10\/3eb10457-13958672448_167ceb6738_o.jpg\" class=\"attachment-post-thumbnail size-post-thumbnail wp-post-image wp-stateless-item\" alt=\"\" style=\"object-fit:cover;\" srcset=\"https:\/\/www.greenpeace.org\/static\/planet4-hungary-stateless\/2018\/10\/3eb10457-13958672448_167ceb6738_o.jpg 1000w, https:\/\/www.greenpeace.org\/static\/planet4-hungary-stateless\/2018\/10\/3eb10457-13958672448_167ceb6738_o-300x200.jpg 300w, https:\/\/www.greenpeace.org\/static\/planet4-hungary-stateless\/2018\/10\/3eb10457-13958672448_167ceb6738_o-768x512.jpg 768w, https:\/\/www.greenpeace.org\/static\/planet4-hungary-stateless\/2018\/10\/3eb10457-13958672448_167ceb6738_o-510x340.jpg 510w\" sizes=\"auto, (max-width: 1000px) 100vw, 1000px\" data-image-size=\"post-thumbnail\" data-stateless-media-bucket=\"planet4-hungary-stateless\" data-stateless-media-name=\"2018\/10\/3eb10457-13958672448_167ceb6738_o.jpg\" \/><\/figure>\n                \n                <div class=\"wp-block-group group-stretched-link is-layout-flow wp-block-group-is-layout-flow\"><div class=\"wp-block-post-terms\">Ember &amp; T\u00e1rsadalom<\/div>\n                <h3 class=\"wp-block-post-title\"><a href=\"https:\/\/www.greenpeace.org\/hungary\/cselekedj\/igazsagot-a-kishantosi-biogazdasagnak\/\" target=\"_self\" >Igazs\u00e1got a kishantosi biogazdas\u00e1gnak<\/a><\/h3>\n                <div class=\"wp-block-post-excerpt\"><p class=\"wp-block-post-excerpt__excerpt\">Kishantos az \u00f6kol\u00f3giai gazd\u00e1lkod\u00e1s egyik eur\u00f3pai tud\u00e1sk\u00f6zpontja. Olyan szellemi m\u0171hely, ahol tudj\u00e1k, hogyan lehet k\u00f6rnyezetbar\u00e1t m\u00f3don eg\u00e9szs\u00e9ges \u00e9lelmiszert el\u0151\u00e1ll\u00edtani. <\/p><\/div><\/div>\n                \n                \n        <div class=\"wp-block-group read-more-nav is-layout-flow wp-block-group-is-layout-flow\"><a href=\"https:\/\/www.greenpeace.org\/hungary\/cselekedj\/igazsagot-a-kishantosi-biogazdasagnak\/\" class=\"btn btn-primary btn-small\" aria-label=\"Cselekszem\">Cselekszem<\/a>\n        \n        \n        <\/div>\n        \n                <\/li><\/ul>\n        \n<div class=\"wp-block-buttons carousel-controls is-horizontal is-content-justification-space-between is-nowrap is-layout-flex wp-container-core-buttons-is-layout-044bd602 wp-block-buttons-is-layout-flex\">\n            <div class=\"wp-block-button carousel-control-prev\"><button type=\"button\" class=\"wp-block-button__link wp-element-button\">El\u0151z\u0151<\/button><\/div>\n        \n\n            <div class=\"wp-block-button carousel-control-next\"><button type=\"button\" class=\"wp-block-button__link wp-element-button\">K\u00f6vetkez\u0151<\/button><\/div>\n        <\/div>\n\n        \n<div class=\"wp-block-buttons load-more-actions-container is-content-justification-center is-layout-flex wp-container-core-buttons-is-layout-16018d1d wp-block-buttons-is-layout-flex\">\n                <div class=\"wp-block-button is-style-secondary\"><button type=\"button\" class=\"wp-block-button__link wp-element-button\">T\u00f6bbet szeretn\u00e9k l\u00e1tni<\/button><\/div>\n            \n<\/div>\n<\/div>\n        \n    <div class=\"wp-block-query posts-list p4-query-loop is-custom-layout-list is-layout-flow wp-block-query-is-layout-flow\">\n        <div class=\"wp-block-group is-content-justification-space-between is-layout-flex wp-container-core-group-is-layout-3d213aab wp-block-group-is-layout-flex\"><h2 class=\"wp-block-heading\">Kapcsol\u00f3d\u00f3 cikkek<\/h2>\n        <li class=\" wp-block-navigation-item see-all-link wp-block-navigation-link\"><a class=\"wp-block-navigation-item__content\"  href=\"http:\/\/www.greenpeace.org\/hungary\/news-stories\/?tag=beke&#038;post-type=sajtokozlemeny\"><span class=\"wp-block-navigation-item__label\">See all stories<\/span><\/a><\/li>\n        \n        <\/div>\n        \n\n    <p style=\"margin-top: 24px; margin-bottom: 36px;\"><\/p>\n\n    \n\n    <ul class=\"wp-block-post-template is-layout-flow wp-block-post-template-is-layout-flow\"><li class=\"wp-block-post post-10196 post type-post status-publish format-standard has-post-thumbnail hentry category-ember-tarsadalom category-klima-energia tag-beke tag-fosszilis tag-klimavedelem tag-megujulok p4-page-type-sajtokozlemeny\">\n            \n<div class=\"wp-block-columns is-layout-flex wp-container-core-columns-is-layout-9d6595d7 wp-block-columns-is-layout-flex\"><figure class=\"wp-block-post-featured-image\"><a href=\"https:\/\/www.greenpeace.org\/hungary\/sajtokozlemeny\/10196\/gaz-fuggoseg-eleg-orban-erkelyenel-uzent-a-greenpeace-a-kormanynak\/\" target=\"_self\"  ><img loading=\"lazy\" decoding=\"async\" width=\"1920\" height=\"1280\" src=\"https:\/\/www.greenpeace.org\/static\/planet4-hungary-stateless\/2023\/02\/c5e0e99b-mg_1534_1920.jpg\" class=\"attachment-post-thumbnail size-post-thumbnail wp-post-image wp-stateless-item\" alt=\"G\u00e1z, f\u00fcgg\u0151s\u00e9g: el\u00e9g! Orb\u00e1n erk\u00e9ly\u00e9n\u00e9l \u00fczent a Greenpeace a korm\u00e1nynak\" style=\"object-fit:cover;\" srcset=\"https:\/\/www.greenpeace.org\/static\/planet4-hungary-stateless\/2023\/02\/c5e0e99b-mg_1534_1920.jpg 1920w, https:\/\/www.greenpeace.org\/static\/planet4-hungary-stateless\/2023\/02\/c5e0e99b-mg_1534_1920-300x200.jpg 300w, https:\/\/www.greenpeace.org\/static\/planet4-hungary-stateless\/2023\/02\/c5e0e99b-mg_1534_1920-1024x683.jpg 1024w, https:\/\/www.greenpeace.org\/static\/planet4-hungary-stateless\/2023\/02\/c5e0e99b-mg_1534_1920-768x512.jpg 768w, https:\/\/www.greenpeace.org\/static\/planet4-hungary-stateless\/2023\/02\/c5e0e99b-mg_1534_1920-1536x1024.jpg 1536w, https:\/\/www.greenpeace.org\/static\/planet4-hungary-stateless\/2023\/02\/c5e0e99b-mg_1534_1920-510x340.jpg 510w\" sizes=\"auto, (max-width: 1920px) 100vw, 1920px\" data-image-size=\"post-thumbnail\" data-stateless-media-bucket=\"planet4-hungary-stateless\" data-stateless-media-name=\"2023\/02\/c5e0e99b-mg_1534_1920.jpg\" \/><\/a><\/figure>\n\n        <div class=\"wp-block-group is-layout-flow wp-block-group-is-layout-flow\">\n                <div class=\"wp-block-group is-layout-flex wp-block-group-is-layout-flex\"><div class=\"wp-block-post-terms\"><a href=\"https:\/\/www.greenpeace.org\/hungary\/category\/ugyek\/ember-tarsadalom\/\">Ember &amp; T\u00e1rsadalom<\/a><\/div>\n                <div class=\"taxonomy-post_tag wp-block-post-terms\"><a href=\"https:\/\/www.greenpeace.org\/hungary\/tag\/beke\/\" rel=\"tag\">B\u00e9ke<\/a><span class=\"wp-block-post-terms__separator\"> <\/span><a href=\"https:\/\/www.greenpeace.org\/hungary\/tag\/fosszilis\/\" rel=\"tag\">Fosszilis<\/a><span class=\"wp-block-post-terms__separator\"> <\/span><a href=\"https:\/\/www.greenpeace.org\/hungary\/tag\/klimavedelem\/\" rel=\"tag\">Kl\u00edmav\u00e9delem<\/a><span class=\"wp-block-post-terms__separator\"> <\/span><a href=\"https:\/\/www.greenpeace.org\/hungary\/tag\/megujulok\/\" rel=\"tag\">Meg\u00fajul\u00f3k<\/a><\/div>\n                \n                <\/div>\n                \n        <h3 class=\"wp-block-post-title\"><a href=\"https:\/\/www.greenpeace.org\/hungary\/sajtokozlemeny\/10196\/gaz-fuggoseg-eleg-orban-erkelyenel-uzent-a-greenpeace-a-kormanynak\/\" target=\"_self\" >G\u00e1z, f\u00fcgg\u0151s\u00e9g: el\u00e9g! Orb\u00e1n erk\u00e9ly\u00e9n\u00e9l \u00fczent a Greenpeace a korm\u00e1nynak<\/a><\/h3>\n        <div class=\"wp-block-post-excerpt\"><p class=\"wp-block-post-excerpt__excerpt\">Greenpeace-aktivist\u00e1k az ukrajnai h\u00e1bor\u00fa kezdet\u00e9nek \u00e9vfordul\u00f3j\u00e1n egy hatalmas molin\u00f3t helyeztek el a Karmelit\u00e1n\u00e1l G\u00e1z, f\u00fcgg\u0151s\u00e9g: el\u00e9g! sz\u00f6veggel. Az aktivist\u00e1k arra h\u00edvt\u00e1k fel az akci\u00f3val a figyelmet, hogy a korm\u00e1nyzat v\u00e1laszai teljesen hib\u00e1sak az energiav\u00e1ls\u00e1gra. <\/p><\/div>\n        \n        <div class=\"wp-block-group posts-list-meta is-layout-flow wp-block-group-is-layout-flow\"><span class='article-list-item-author'><a href='https:\/\/www.greenpeace.org\/hungary\/author\/greenpeacehu\/'>Greenpeace Magyarorsz\u00e1g<\/a><\/span>\n        <div class=\"wp-block-post-date\"><time datetime=\"2023-02-23T09:16:48+01:00\">2023. febru\u00e1r 23.<\/time><\/div>\n        \n        <\/div>\n        <\/div>\n        <\/div>\n\n            <\/li><li class=\"wp-block-post post-9826 post type-post status-publish format-standard has-post-thumbnail hentry category-klima-energia tag-atomenergia tag-beke p4-page-type-blog\">\n            \n<div class=\"wp-block-columns is-layout-flex wp-container-core-columns-is-layout-9d6595d7 wp-block-columns-is-layout-flex\"><figure class=\"wp-block-post-featured-image\"><a href=\"https:\/\/www.greenpeace.org\/hungary\/blog\/9826\/paks-i-ujabb-uzemido-hosszabbitasa-felesleges-karos-es-veszelyes-intezkedes\/\" target=\"_self\"  ><img loading=\"lazy\" decoding=\"async\" width=\"799\" height=\"533\" src=\"https:\/\/www.greenpeace.org\/static\/planet4-hungary-stateless\/2022\/08\/ed589ad6-33714529726_604cbb5a4b_c.jpg\" class=\"attachment-post-thumbnail size-post-thumbnail wp-post-image wp-stateless-item\" alt=\"Paks I. \u00fajabb \u00fczemid\u0151-hosszabb\u00edt\u00e1sa felesleges, k\u00e1ros \u00e9s vesz\u00e9lyes int\u00e9zked\u00e9s\" style=\"object-fit:cover;\" srcset=\"https:\/\/www.greenpeace.org\/static\/planet4-hungary-stateless\/2022\/08\/ed589ad6-33714529726_604cbb5a4b_c.jpg 799w, https:\/\/www.greenpeace.org\/static\/planet4-hungary-stateless\/2022\/08\/ed589ad6-33714529726_604cbb5a4b_c-300x200.jpg 300w, https:\/\/www.greenpeace.org\/static\/planet4-hungary-stateless\/2022\/08\/ed589ad6-33714529726_604cbb5a4b_c-768x512.jpg 768w, https:\/\/www.greenpeace.org\/static\/planet4-hungary-stateless\/2022\/08\/ed589ad6-33714529726_604cbb5a4b_c-510x340.jpg 510w\" sizes=\"auto, (max-width: 799px) 100vw, 799px\" data-image-size=\"post-thumbnail\" data-stateless-media-bucket=\"planet4-hungary-stateless\" data-stateless-media-name=\"2022\/08\/ed589ad6-33714529726_604cbb5a4b_c.jpg\" \/><\/a><\/figure>\n\n        <div class=\"wp-block-group is-layout-flow wp-block-group-is-layout-flow\">\n                <div class=\"wp-block-group is-layout-flex wp-block-group-is-layout-flex\"><div class=\"wp-block-post-terms\"><a href=\"https:\/\/www.greenpeace.org\/hungary\/category\/ugyek\/klima-energia\/\">Kl\u00edma &amp; Energia<\/a><\/div>\n                <div class=\"taxonomy-post_tag wp-block-post-terms\"><a href=\"https:\/\/www.greenpeace.org\/hungary\/tag\/atomenergia\/\" rel=\"tag\">Atomenergia<\/a><span class=\"wp-block-post-terms__separator\"> <\/span><a href=\"https:\/\/www.greenpeace.org\/hungary\/tag\/beke\/\" rel=\"tag\">B\u00e9ke<\/a><\/div>\n                \n                <\/div>\n                \n        <h3 class=\"wp-block-post-title\"><a href=\"https:\/\/www.greenpeace.org\/hungary\/blog\/9826\/paks-i-ujabb-uzemido-hosszabbitasa-felesleges-karos-es-veszelyes-intezkedes\/\" target=\"_self\" >Paks I. \u00fajabb \u00fczemid\u0151-hosszabb\u00edt\u00e1sa felesleges, k\u00e1ros \u00e9s vesz\u00e9lyes int\u00e9zked\u00e9s<\/a><\/h3>\n        <div class=\"wp-block-post-excerpt\"><p class=\"wp-block-post-excerpt__excerpt\">Az energiav\u00e1ls\u00e1g kapcs\u00e1n felmer\u00fclt, hogy a magyar korm\u00e1ny meghosszabb\u00edtan\u00e1 Paks I. \u00fczemidej\u00e9t. A 70-es \u00e9vekben \u00e9p\u00fclt, a tervezett \u00fczemidej\u00e9t m\u00e1r most is j\u00f3val meghalad\u00f3, elavult paksi atomer\u0151m\u0171 tov\u00e1bb\u00fczemeltet\u00e9se azonban csak&hellip; <\/p><\/div>\n        \n        <div class=\"wp-block-group posts-list-meta is-layout-flow wp-block-group-is-layout-flow\"><span class='article-list-item-author'>Greenpeace Magyarorsz\u00e1g<\/span>\n        <div class=\"wp-block-post-date\"><time datetime=\"2022-08-02T15:49:44+02:00\">2022. augusztus 2.<\/time><\/div>\n        \n        <\/div>\n        <\/div>\n        <\/div>\n\n            <\/li><li class=\"wp-block-post post-9664 post type-post status-publish format-standard has-post-thumbnail hentry category-klima-energia tag-fosszilis tag-klimavedelem tag-beke p4-page-type-sajtokozlemeny\">\n            \n<div class=\"wp-block-columns is-layout-flex wp-container-core-columns-is-layout-9d6595d7 wp-block-columns-is-layout-flex\"><figure class=\"wp-block-post-featured-image\"><a href=\"https:\/\/www.greenpeace.org\/hungary\/sajtokozlemeny\/9664\/artatlan-emberek-eletebe-kerul-ha-orban-viktor-megakadalyozza-az-olajembargot\/\" target=\"_self\"  ><img loading=\"lazy\" decoding=\"async\" width=\"1920\" height=\"1280\" src=\"https:\/\/www.greenpeace.org\/static\/planet4-hungary-stateless\/2022\/05\/56e7da71-budapest-2022-majus-30-greenpeace-demonstracio.jpg\" class=\"attachment-post-thumbnail size-post-thumbnail wp-post-image wp-stateless-item\" alt=\"\u00c1rtatlan emberek \u00e9let\u00e9be ker\u00fcl, ha Orb\u00e1n Viktor megakad\u00e1lyozza az olajembarg\u00f3t\" style=\"object-fit:cover;\" srcset=\"https:\/\/www.greenpeace.org\/static\/planet4-hungary-stateless\/2022\/05\/56e7da71-budapest-2022-majus-30-greenpeace-demonstracio.jpg 1920w, https:\/\/www.greenpeace.org\/static\/planet4-hungary-stateless\/2022\/05\/56e7da71-budapest-2022-majus-30-greenpeace-demonstracio-300x200.jpg 300w, https:\/\/www.greenpeace.org\/static\/planet4-hungary-stateless\/2022\/05\/56e7da71-budapest-2022-majus-30-greenpeace-demonstracio-1024x683.jpg 1024w, https:\/\/www.greenpeace.org\/static\/planet4-hungary-stateless\/2022\/05\/56e7da71-budapest-2022-majus-30-greenpeace-demonstracio-768x512.jpg 768w, https:\/\/www.greenpeace.org\/static\/planet4-hungary-stateless\/2022\/05\/56e7da71-budapest-2022-majus-30-greenpeace-demonstracio-1536x1024.jpg 1536w, https:\/\/www.greenpeace.org\/static\/planet4-hungary-stateless\/2022\/05\/56e7da71-budapest-2022-majus-30-greenpeace-demonstracio-510x340.jpg 510w\" sizes=\"auto, (max-width: 1920px) 100vw, 1920px\" data-image-size=\"post-thumbnail\" data-stateless-media-bucket=\"planet4-hungary-stateless\" data-stateless-media-name=\"2022\/05\/56e7da71-budapest-2022-majus-30-greenpeace-demonstracio.jpg\" \/><\/a><\/figure>\n\n        <div class=\"wp-block-group is-layout-flow wp-block-group-is-layout-flow\">\n                <div class=\"wp-block-group is-layout-flex wp-block-group-is-layout-flex\"><div class=\"wp-block-post-terms\"><a href=\"https:\/\/www.greenpeace.org\/hungary\/category\/ugyek\/klima-energia\/\">Kl\u00edma &amp; Energia<\/a><\/div>\n                <div class=\"taxonomy-post_tag wp-block-post-terms\"><a href=\"https:\/\/www.greenpeace.org\/hungary\/tag\/fosszilis\/\" rel=\"tag\">Fosszilis<\/a><span class=\"wp-block-post-terms__separator\"> <\/span><a href=\"https:\/\/www.greenpeace.org\/hungary\/tag\/klimavedelem\/\" rel=\"tag\">Kl\u00edmav\u00e9delem<\/a><span class=\"wp-block-post-terms__separator\"> <\/span><a href=\"https:\/\/www.greenpeace.org\/hungary\/tag\/beke\/\" rel=\"tag\">B\u00e9ke<\/a><\/div>\n                \n                <\/div>\n                \n        <h3 class=\"wp-block-post-title\"><a href=\"https:\/\/www.greenpeace.org\/hungary\/sajtokozlemeny\/9664\/artatlan-emberek-eletebe-kerul-ha-orban-viktor-megakadalyozza-az-olajembargot\/\" target=\"_self\" >\u00c1rtatlan emberek \u00e9let\u00e9be ker\u00fcl, ha Orb\u00e1n Viktor megakad\u00e1lyozza az olajembarg\u00f3t<\/a><\/h3>\n        <div class=\"wp-block-post-excerpt\"><p class=\"wp-block-post-excerpt__excerpt\">Budapest, 2022. m\u00e1jus 30. \u2013 Az orosz olajr\u00f3l val\u00f3 lev\u00e1l\u00e1s nem lehet alkudoz\u00e1s t\u00e1rgya, hiszen a v\u00e9res fosszilisekb\u0151l finansz\u00edrozott h\u00e1bor\u00fa miatt napr\u00f3l napra n\u0151 az ember\u00e1ldozatok sz\u00e1ma Ukrajn\u00e1ban &#8211; erre&hellip; <\/p><\/div>\n        \n        <div class=\"wp-block-group posts-list-meta is-layout-flow wp-block-group-is-layout-flow\"><span class='article-list-item-author'><a href='https:\/\/www.greenpeace.org\/hungary\/author\/greenpeacehu\/'>Greenpeace Magyarorsz\u00e1g<\/a><\/span>\n        <div class=\"wp-block-post-date\"><time datetime=\"2022-05-30T13:17:21+02:00\">2022. m\u00e1jus 30.<\/time><\/div>\n        \n        <\/div>\n        <\/div>\n        <\/div>\n\n            <\/li><\/ul>\n\n    \n<div class=\"wp-block-buttons carousel-controls is-horizontal is-content-justification-space-between is-nowrap is-layout-flex wp-container-core-buttons-is-layout-044bd602 wp-block-buttons-is-layout-flex\">\n            <div class=\"wp-block-button carousel-control-prev\"><button type=\"button\" class=\"wp-block-button__link wp-element-button\">El\u0151z\u0151<\/button><\/div>\n        \n\n            <div class=\"wp-block-button carousel-control-next\"><button type=\"button\" class=\"wp-block-button__link wp-element-button\">K\u00f6vetkez\u0151<\/button><\/div>\n        <\/div>\n\n\n    <li class=\" wp-block-navigation-item see-all-link wp-block-navigation-link\"><a class=\"wp-block-navigation-item__content\"  href=\"http:\/\/www.greenpeace.org\/hungary\/news-stories\/?tag=beke&#038;post-type=sajtokozlemeny\"><span class=\"wp-block-navigation-item__label\">See all stories<\/span><\/a><\/li><\/div>\n    \n    <div class=\"wp-block-query posts-list p4-query-loop is-custom-layout-grid is-layout-grid wp-container-core-query-is-layout-b8bb0bd1 wp-block-query-is-layout-grid\">\n        <div class=\"wp-block-group is-content-justification-space-between is-layout-flex wp-container-core-group-is-layout-3d213aab wp-block-group-is-layout-flex\"><h2 class=\"wp-block-heading\">Kiadv\u00e1nyok<\/h2>\n        <li class=\" wp-block-navigation-item see-all-link wp-block-navigation-link\"><a class=\"wp-block-navigation-item__content\"  href=\"http:\/\/www.greenpeace.org\/hungary\/news-stories\/?tag=beke&#038;post-type=kiadvany\"><span class=\"wp-block-navigation-item__label\">See all stories<\/span><\/a><\/li>\n        \n        <\/div>\n        \n\n    <p style=\"margin-top: 24px; margin-bottom: 36px;\"><\/p>\n\n    <div class=\"wp-block-query-no-results\">\n        <p style=\"\">No posts found.<\/p>\n        <\/div>\n\n    \n\n    \n<div class=\"wp-block-buttons carousel-controls is-horizontal is-content-justification-space-between is-nowrap is-layout-flex wp-container-core-buttons-is-layout-044bd602 wp-block-buttons-is-layout-flex\">\n            <div class=\"wp-block-button carousel-control-prev\"><button type=\"button\" class=\"wp-block-button__link wp-element-button\">El\u0151z\u0151<\/button><\/div>\n        \n\n            <div class=\"wp-block-button carousel-control-next\"><button type=\"button\" class=\"wp-block-button__link wp-element-button\">K\u00f6vetkez\u0151<\/button><\/div>\n        <\/div>\n\n\n    <li class=\" wp-block-navigation-item see-all-link wp-block-navigation-link\"><a class=\"wp-block-navigation-item__content\"  href=\"http:\/\/www.greenpeace.org\/hungary\/news-stories\/?tag=beke&#038;post-type=kiadvany\"><span class=\"wp-block-navigation-item__label\">See all stories<\/span><\/a><\/li><\/div>\n    <div data-render=\"planet4-blocks\/happypoint\" data-attributes=\"{&quot;attributes&quot;:{&quot;use_embed_code&quot;:true,&quot;override_default_content&quot;:true,&quot;local_content_provider&quot;:&quot;embed_code&quot;,&quot;opacity&quot;:30}}\"><\/div>","protected":false},"excerpt":{"rendered":"<p>1971-ben egy csapatnyi b\u00e1tor ember haj\u00f3ra sz\u00e1llt, hogy az Egyes\u00fclt \u00c1llamok tengeri atomk\u00eds\u00e9rletei ellen tiltakozzon, a k\u00f6rnyezet v\u00e9delm\u00e9\u00e9rt \u00e9s a b\u00e9k\u00e9\u00e9rt. \u00cdgy forrt \u00f6ssze szervezet\u00fcnk nev\u00e9ben k\u00e9t k\u00fcldet\u00e9s\u00fcnk m\u00e1r a kezdetek \u00f3ta: \u201egreen&#8221; \u00e9s \u201epeace\u201d. Sajnos ma is sokan vannak vil\u00e1gszerte, akik nem \u00e9lhetnek b\u00e9k\u00e9ben. A term\u00e9szeti er\u0151forr\u00e1sok egyre sz\u0171k\u00f6sebbek. Egyre t\u00f6bben nem f\u00e9rnek hozz\u00e1 [&hellip;]<\/p>\n","protected":false},"author":19,"featured_media":0,"parent":0,"menu_order":0,"comment_status":"closed","ping_status":"closed","template":"","meta":{"ep_exclude_from_search":false,"p4_hide_page_title_checkbox":"","p4_title":"","p4_subtitle":"","p4_description":"","background_image_id":"","background_image":"","p4_button_title":"","p4_button_link":"","p4_button_link_checkbox":"","p4_og_title":"","p4_og_description":"","p4_og_image":"","p4_og_image_id":"","p4_seo_canonical_url":"","p4_campaign_name":"not set","p4_local_project":"not set","p4_basket_name":"not set","p4_department":"","footnotes":""},"categories":[],"tags":[],"class_list":["post-6273","page","type-page","status-publish","hentry"],"_links":{"self":[{"href":"https:\/\/www.greenpeace.org\/hungary\/wp-json\/wp\/v2\/pages\/6273","targetHints":{"allow":["GET"]}}],"collection":[{"href":"https:\/\/www.greenpeace.org\/hungary\/wp-json\/wp\/v2\/pages"}],"about":[{"href":"https:\/\/www.greenpeace.org\/hungary\/wp-json\/wp\/v2\/types\/page"}],"author":[{"embeddable":true,"href":"https:\/\/www.greenpeace.org\/hungary\/wp-json\/wp\/v2\/users\/19"}],"replies":[{"embeddable":true,"href":"https:\/\/www.greenpeace.org\/hungary\/wp-json\/wp\/v2\/comments?post=6273"}],"version-history":[{"count":18,"href":"https:\/\/www.greenpeace.org\/hungary\/wp-json\/wp\/v2\/pages\/6273\/revisions"}],"predecessor-version":[{"id":13522,"href":"https:\/\/www.greenpeace.org\/hungary\/wp-json\/wp\/v2\/pages\/6273\/revisions\/13522"}],"wp:attachment":[{"href":"https:\/\/www.greenpeace.org\/hungary\/wp-json\/wp\/v2\/media?parent=6273"}],"wp:term":[{"taxonomy":"category","embeddable":true,"href":"https:\/\/www.greenpeace.org\/hungary\/wp-json\/wp\/v2\/categories?post=6273"},{"taxonomy":"post_tag","embeddable":true,"href":"https:\/\/www.greenpeace.org\/hungary\/wp-json\/wp\/v2\/tags?post=6273"}],"curies":[{"name":"wp","href":"https:\/\/api.w.org\/{rel}","templated":true}]}}