{"id":6304,"date":"2020-03-24T17:17:35","date_gmt":"2020-03-24T16:17:35","guid":{"rendered":"https:\/\/www.greenpeace.org\/hungary\/mergezettoroksegunk\/"},"modified":"2026-04-08T10:45:26","modified_gmt":"2026-04-08T08:45:26","slug":"mergezettoroksegunk","status":"publish","type":"page","link":"https:\/\/www.greenpeace.org\/hungary\/mergezettoroksegunk\/","title":{"rendered":"#M\u00e9rgezett\u00d6r\u00f6ks\u00e9g\u00fcnk"},"content":{"rendered":"\n                    <div class=\"wp-block-group is-vertical is-layout-flex wp-container-core-group-is-layout-8cf370e7 wp-block-group-is-layout-flex\">\n                    \n\n                    \n                    <\/div>\n                    \n<p>A kolont\u00e1ri v\u00f6r\u00f6siszap-katasztr\u00f3fa \u00e9s a budapesti Illatos \u00fati illeg\u00e1lis vesz\u00e9lyeshullad\u00e9k-lerak\u00f3 r\u00e1vil\u00e1g\u00edtott: id\u0151z\u00edtett vegyi bomb\u00e1k vesznek k\u00f6r\u00fcl minket, \u00e9s a hat\u00f3s\u00e1gok nem tesznek eleget az\u00e9rt, hogy megv\u00e9djenek benn\u00fcnket ezekt\u0151l. Ez\u00e9rt \u00fagy d\u00f6nt\u00f6tt\u00fcnk, felt\u00e9rk\u00e9pezz\u00fck Magyarorsz\u00e1g legszennyezettebb ter\u00fcleteit. Ez a mi M\u00e9rgezett \u00d6r\u00f6ks\u00e9g\u00fcnk. Tegy\u00fcnk k\u00f6z\u00f6sen az\u00e9rt, hogy m\u00e9rgez\u0151 anyagokt\u00f3l mentes k\u00f6rnyezetet hagyjunk gyermekeinkre.<\/p>\n<div data-render=\"planet4-blocks\/gallery\" data-attributes=\"{&quot;attributes&quot;:{&quot;multiple_image&quot;:&quot;6355,6354,7365&quot;,&quot;image_data&quot;:[{&quot;url&quot;:&quot;https:\\\/\\\/www.greenpeace.org\\\/static\\\/planet4-hungary-stateless\\\/2020\\\/03\\\/3030502f-voros3.jpg&quot;,&quot;focalPoint&quot;:{&quot;x&quot;:0.5,&quot;y&quot;:0.5},&quot;id&quot;:6355},{&quot;url&quot;:&quot;https:\\\/\\\/www.greenpeace.org\\\/static\\\/planet4-hungary-stateless\\\/2020\\\/03\\\/9e21ea64-gp022n5.jpg&quot;,&quot;focalPoint&quot;:{&quot;x&quot;:0.5,&quot;y&quot;:0.5},&quot;id&quot;:6354},{&quot;url&quot;:&quot;https:\\\/\\\/www.greenpeace.org\\\/static\\\/planet4-hungary-stateless\\\/2020\\\/08\\\/42d07075-img_20200811_110536-scaled.jpg&quot;,&quot;focalPoint&quot;:{&quot;x&quot;:0.5,&quot;y&quot;:0.5},&quot;id&quot;:7365}],&quot;className&quot;:&quot;is-style-three-columns&quot;,&quot;gallery_block_style&quot;:0,&quot;gallery_block_title&quot;:&quot;&quot;,&quot;gallery_block_description&quot;:&quot;&quot;,&quot;gallery_block_focus_points&quot;:&quot;&quot;,&quot;images&quot;:[{&quot;image_src&quot;:&quot;https:\\\/\\\/www.greenpeace.org\\\/static\\\/planet4-hungary-stateless\\\/2020\\\/03\\\/3030502f-voros3.jpg&quot;,&quot;image_srcset&quot;:&quot;https:\\\/\\\/www.greenpeace.org\\\/static\\\/planet4-hungary-stateless\\\/2020\\\/03\\\/3030502f-voros3.jpg 2000w, https:\\\/\\\/www.greenpeace.org\\\/static\\\/planet4-hungary-stateless\\\/2020\\\/03\\\/3030502f-voros3-300x200.jpg 300w, https:\\\/\\\/www.greenpeace.org\\\/static\\\/planet4-hungary-stateless\\\/2020\\\/03\\\/3030502f-voros3-1024x682.jpg 1024w, https:\\\/\\\/www.greenpeace.org\\\/static\\\/planet4-hungary-stateless\\\/2020\\\/03\\\/3030502f-voros3-768x512.jpg 768w, https:\\\/\\\/www.greenpeace.org\\\/static\\\/planet4-hungary-stateless\\\/2020\\\/03\\\/3030502f-voros3-1536x1024.jpg 1536w, https:\\\/\\\/www.greenpeace.org\\\/static\\\/planet4-hungary-stateless\\\/2020\\\/03\\\/3030502f-voros3-510x340.jpg 510w&quot;,&quot;image_sizes&quot;:false,&quot;alt_text&quot;:&quot;&quot;,&quot;caption&quot;:&quot;&quot;,&quot;focus_image&quot;:&quot;&quot;,&quot;credits&quot;:&quot;&quot;},{&quot;image_src&quot;:&quot;https:\\\/\\\/www.greenpeace.org\\\/static\\\/planet4-hungary-stateless\\\/2020\\\/03\\\/9e21ea64-gp022n5.jpg&quot;,&quot;image_srcset&quot;:&quot;https:\\\/\\\/www.greenpeace.org\\\/static\\\/planet4-hungary-stateless\\\/2020\\\/03\\\/9e21ea64-gp022n5.jpg 2000w, https:\\\/\\\/www.greenpeace.org\\\/static\\\/planet4-hungary-stateless\\\/2020\\\/03\\\/9e21ea64-gp022n5-300x200.jpg 300w, https:\\\/\\\/www.greenpeace.org\\\/static\\\/planet4-hungary-stateless\\\/2020\\\/03\\\/9e21ea64-gp022n5-1024x682.jpg 1024w, https:\\\/\\\/www.greenpeace.org\\\/static\\\/planet4-hungary-stateless\\\/2020\\\/03\\\/9e21ea64-gp022n5-768x512.jpg 768w, https:\\\/\\\/www.greenpeace.org\\\/static\\\/planet4-hungary-stateless\\\/2020\\\/03\\\/9e21ea64-gp022n5-1536x1024.jpg 1536w, https:\\\/\\\/www.greenpeace.org\\\/static\\\/planet4-hungary-stateless\\\/2020\\\/03\\\/9e21ea64-gp022n5-510x340.jpg 510w&quot;,&quot;image_sizes&quot;:false,&quot;alt_text&quot;:&quot;&quot;,&quot;caption&quot;:&quot;A Brown Pelican (Pelecanus occidentalis) is being washed. The International Bird Rescue Research Center has set up a facility in Fort Jackson to clean birds affected by oil leaked from the Deepwater Horizon wellhead. The BP leased oil platform exploded on April 20 and sank after burning.&quot;,&quot;focus_image&quot;:&quot;&quot;,&quot;credits&quot;:&quot;&quot;},{&quot;image_src&quot;:&quot;https:\\\/\\\/www.greenpeace.org\\\/static\\\/planet4-hungary-stateless\\\/2020\\\/08\\\/42d07075-img_20200811_110536-scaled.jpg&quot;,&quot;image_srcset&quot;:&quot;https:\\\/\\\/www.greenpeace.org\\\/static\\\/planet4-hungary-stateless\\\/2020\\\/08\\\/42d07075-img_20200811_110536-scaled.jpg 2560w, https:\\\/\\\/www.greenpeace.org\\\/static\\\/planet4-hungary-stateless\\\/2020\\\/08\\\/42d07075-img_20200811_110536-300x225.jpg 300w, https:\\\/\\\/www.greenpeace.org\\\/static\\\/planet4-hungary-stateless\\\/2020\\\/08\\\/42d07075-img_20200811_110536-1024x768.jpg 1024w, https:\\\/\\\/www.greenpeace.org\\\/static\\\/planet4-hungary-stateless\\\/2020\\\/08\\\/42d07075-img_20200811_110536-768x576.jpg 768w, https:\\\/\\\/www.greenpeace.org\\\/static\\\/planet4-hungary-stateless\\\/2020\\\/08\\\/42d07075-img_20200811_110536-1536x1152.jpg 1536w, https:\\\/\\\/www.greenpeace.org\\\/static\\\/planet4-hungary-stateless\\\/2020\\\/08\\\/42d07075-img_20200811_110536-2048x1536.jpg 2048w, https:\\\/\\\/www.greenpeace.org\\\/static\\\/planet4-hungary-stateless\\\/2020\\\/08\\\/42d07075-img_20200811_110536-1821x1366.jpg 1821w, https:\\\/\\\/www.greenpeace.org\\\/static\\\/planet4-hungary-stateless\\\/2020\\\/08\\\/42d07075-img_20200811_110536-453x340.jpg 453w&quot;,&quot;image_sizes&quot;:false,&quot;alt_text&quot;:&quot;&quot;,&quot;caption&quot;:&quot;&quot;,&quot;focus_image&quot;:&quot;&quot;,&quot;credits&quot;:&quot;&quot;}]}}\"><\/div>\n        <div class=\"wp-block-query actions-list p4-query-loop is-custom-layout-actions-list is-custom-layout-grid is-layout-grid wp-container-core-query-is-layout-29f43435 wp-block-query-is-layout-grid\"><h2 class=\"wp-block-heading\">Amiket megtehetsz<\/h2>\n        <p style=\"margin-top: 24px; margin-bottom: 32px;\">Cselekedj te is, mert egy\u00fctt er\u0151sek vagyunk!<\/p>\n        <div class=\"wp-block-query-no-results\">\n        <p >No posts found.<\/p>\n        <\/div>\n        \n        \n<div class=\"wp-block-buttons carousel-controls is-horizontal is-content-justification-space-between is-nowrap is-layout-flex wp-container-core-buttons-is-layout-044bd602 wp-block-buttons-is-layout-flex\">\n            <div class=\"wp-block-button carousel-control-prev\"><button type=\"button\" class=\"wp-block-button__link wp-element-button\">El\u0151z\u0151<\/button><\/div>\n        \n\n            <div class=\"wp-block-button carousel-control-next\"><button type=\"button\" class=\"wp-block-button__link wp-element-button\">K\u00f6vetkez\u0151<\/button><\/div>\n        <\/div>\n\n        \n<div class=\"wp-block-buttons load-more-actions-container is-content-justification-center is-layout-flex wp-container-core-buttons-is-layout-16018d1d wp-block-buttons-is-layout-flex\">\n                <div class=\"wp-block-button is-style-secondary\"><button type=\"button\" class=\"wp-block-button__link wp-element-button\">T\u00f6bbet szeretn\u00e9k l\u00e1tni<\/button><\/div>\n            \n<\/div>\n<\/div>\n        \n    <div class=\"wp-block-query posts-list p4-query-loop is-custom-layout-list is-layout-flow wp-block-query-is-layout-flow\">\n        <div class=\"wp-block-group is-content-justification-space-between is-layout-flex wp-container-core-group-is-layout-3d213aab wp-block-group-is-layout-flex\"><h2 class=\"wp-block-heading\">Kapcsol\u00f3d\u00f3 cikkek<\/h2>\n        <li class=\" wp-block-navigation-item see-all-link wp-block-navigation-link\"><a class=\"wp-block-navigation-item__content\"  href=\"http:\/\/www.greenpeace.org\/hungary\/news-stories\/?tag=mergezettoroksegunk\"><span class=\"wp-block-navigation-item__label\">See all stories<\/span><\/a><\/li>\n        \n        <\/div>\n        \n\n    <p style=\"margin-top: 24px; margin-bottom: 36px;\"><\/p>\n\n    \n\n    <ul class=\"wp-block-post-template is-layout-flow wp-block-post-template-is-layout-flow\"><li class=\"wp-block-post post-8196 post type-post status-publish format-standard has-post-thumbnail hentry category-termeszet-kornyezet tag-szennyezes tag-mergezettoroksegunk tag-sikereink p4-page-type-sajtokozlemeny\">\n            \n<div class=\"wp-block-columns is-layout-flex wp-container-core-columns-is-layout-9d6595d7 wp-block-columns-is-layout-flex\"><figure class=\"wp-block-post-featured-image\"><a href=\"https:\/\/www.greenpeace.org\/hungary\/sajtokozlemeny\/8196\/a-kornyezetvedok-elertek-megkezdodott-vegre-a-kiskunhalasi-meregtelep-felszamolasa\/\" target=\"_self\"  ><img loading=\"lazy\" decoding=\"async\" width=\"1120\" height=\"841\" src=\"https:\/\/www.greenpeace.org\/static\/planet4-hungary-stateless\/2021\/04\/98f13f52-img_7436.jpg\" class=\"attachment-post-thumbnail size-post-thumbnail wp-post-image wp-stateless-item\" alt=\"A k\u00f6rnyezetv\u00e9d\u0151k el\u00e9rt\u00e9k: megkezd\u0151d\u00f6tt v\u00e9gre a kiskunhalasi m\u00e9regtelep felsz\u00e1mol\u00e1sa\" style=\"object-fit:cover;\" srcset=\"https:\/\/www.greenpeace.org\/static\/planet4-hungary-stateless\/2021\/04\/98f13f52-img_7436.jpg 1120w, https:\/\/www.greenpeace.org\/static\/planet4-hungary-stateless\/2021\/04\/98f13f52-img_7436-300x225.jpg 300w, https:\/\/www.greenpeace.org\/static\/planet4-hungary-stateless\/2021\/04\/98f13f52-img_7436-1024x769.jpg 1024w, https:\/\/www.greenpeace.org\/static\/planet4-hungary-stateless\/2021\/04\/98f13f52-img_7436-768x577.jpg 768w, https:\/\/www.greenpeace.org\/static\/planet4-hungary-stateless\/2021\/04\/98f13f52-img_7436-453x340.jpg 453w\" sizes=\"auto, (max-width: 1120px) 100vw, 1120px\" data-image-size=\"post-thumbnail\" data-stateless-media-bucket=\"planet4-hungary-stateless\" data-stateless-media-name=\"2021\/04\/98f13f52-img_7436.jpg\" \/><\/a><\/figure>\n\n        <div class=\"wp-block-group is-layout-flow wp-block-group-is-layout-flow\">\n                <div class=\"wp-block-group is-layout-flex wp-block-group-is-layout-flex\"><div class=\"wp-block-post-terms\"><a href=\"https:\/\/www.greenpeace.org\/hungary\/category\/ugyek\/termeszet-kornyezet\/\">Term\u00e9szet &amp; K\u00f6rnyezet<\/a><\/div>\n                <div class=\"taxonomy-post_tag wp-block-post-terms\"><a href=\"https:\/\/www.greenpeace.org\/hungary\/tag\/szennyezes\/\" rel=\"tag\">Szennyez\u00e9s<\/a><span class=\"wp-block-post-terms__separator\"> <\/span><a href=\"https:\/\/www.greenpeace.org\/hungary\/tag\/mergezettoroksegunk\/\" rel=\"tag\">M\u00e9rgezett\u00d6r\u00f6ks\u00e9g\u00fcnk<\/a><span class=\"wp-block-post-terms__separator\"> <\/span><a href=\"https:\/\/www.greenpeace.org\/hungary\/tag\/sikereink\/\" rel=\"tag\">Sikereink<\/a><\/div>\n                \n                <\/div>\n                \n        <h3 class=\"wp-block-post-title\"><a href=\"https:\/\/www.greenpeace.org\/hungary\/sajtokozlemeny\/8196\/a-kornyezetvedok-elertek-megkezdodott-vegre-a-kiskunhalasi-meregtelep-felszamolasa\/\" target=\"_self\" >A k\u00f6rnyezetv\u00e9d\u0151k el\u00e9rt\u00e9k: megkezd\u0151d\u00f6tt v\u00e9gre a kiskunhalasi m\u00e9regtelep felsz\u00e1mol\u00e1sa<\/a><\/h3>\n        <div class=\"wp-block-post-excerpt\"><p class=\"wp-block-post-excerpt__excerpt\">Kiskunhalas, 2021. \u00e1prilis 9. \u2013 A Greenpeace \u00fcdv\u00f6zli, hogy \u00f6t \u00e9v ut\u00e1n v\u00e9gre megkezd\u0151d\u00f6tt a m\u00e9rgekkel teli hord\u00f3k \u00e9s t\u00e1rol\u00f3k elsz\u00e1ll\u00edt\u00e1sa a kiskunhalasi elhagyott vesz\u00e9lyeshullad\u00e9k-telepr\u0151l. A k\u00f6rnyezetv\u00e9d\u0151 szervezet az \u00e9vek&hellip; <\/p><\/div>\n        \n        <div class=\"wp-block-group posts-list-meta is-layout-flow wp-block-group-is-layout-flow\"><span class='article-list-item-author'>Greenpeace Magyarorsz\u00e1g<\/span>\n        <div class=\"wp-block-post-date\"><time datetime=\"2021-04-09T11:34:58+02:00\">2021. \u00e1prilis 9.<\/time><\/div>\n        \n        <\/div>\n        <\/div>\n        <\/div>\n\n            <\/li><li class=\"wp-block-post post-7656 post type-post status-publish format-standard has-post-thumbnail hentry category-termeszet-kornyezet tag-egeszseg tag-szennyezes tag-mergezettoroksegunk p4-page-type-sajtokozlemeny\">\n            \n<div class=\"wp-block-columns is-layout-flex wp-container-core-columns-is-layout-9d6595d7 wp-block-columns-is-layout-flex\"><figure class=\"wp-block-post-featured-image\"><a href=\"https:\/\/www.greenpeace.org\/hungary\/sajtokozlemeny\/7656\/orokre-ott-maradnak-a-rakkelto-szennyezok-az-illatos-uton\/\" target=\"_self\"  ><img loading=\"lazy\" decoding=\"async\" width=\"2048\" height=\"1365\" src=\"https:\/\/www.greenpeace.org\/static\/planet4-hungary-stateless\/2020\/10\/fd1195a5-22192799708_850b7986fe_k.jpg\" class=\"attachment-post-thumbnail size-post-thumbnail wp-post-image wp-stateless-item\" alt=\"\u00d6r\u00f6kre ott maradnak a r\u00e1kkelt\u0151 szennyez\u0151k az Illatos \u00faton?\" style=\"object-fit:cover;\" srcset=\"https:\/\/www.greenpeace.org\/static\/planet4-hungary-stateless\/2020\/10\/fd1195a5-22192799708_850b7986fe_k.jpg 2048w, https:\/\/www.greenpeace.org\/static\/planet4-hungary-stateless\/2020\/10\/fd1195a5-22192799708_850b7986fe_k-300x200.jpg 300w, https:\/\/www.greenpeace.org\/static\/planet4-hungary-stateless\/2020\/10\/fd1195a5-22192799708_850b7986fe_k-1024x683.jpg 1024w, https:\/\/www.greenpeace.org\/static\/planet4-hungary-stateless\/2020\/10\/fd1195a5-22192799708_850b7986fe_k-768x512.jpg 768w, https:\/\/www.greenpeace.org\/static\/planet4-hungary-stateless\/2020\/10\/fd1195a5-22192799708_850b7986fe_k-1536x1024.jpg 1536w, https:\/\/www.greenpeace.org\/static\/planet4-hungary-stateless\/2020\/10\/fd1195a5-22192799708_850b7986fe_k-510x340.jpg 510w\" sizes=\"auto, (max-width: 2048px) 100vw, 2048px\" data-image-size=\"post-thumbnail\" data-stateless-media-bucket=\"planet4-hungary-stateless\" data-stateless-media-name=\"2020\/10\/fd1195a5-22192799708_850b7986fe_k.jpg\" \/><\/a><\/figure>\n\n        <div class=\"wp-block-group is-layout-flow wp-block-group-is-layout-flow\">\n                <div class=\"wp-block-group is-layout-flex wp-block-group-is-layout-flex\"><div class=\"wp-block-post-terms\"><a href=\"https:\/\/www.greenpeace.org\/hungary\/category\/ugyek\/termeszet-kornyezet\/\">Term\u00e9szet &amp; K\u00f6rnyezet<\/a><\/div>\n                <div class=\"taxonomy-post_tag wp-block-post-terms\"><a href=\"https:\/\/www.greenpeace.org\/hungary\/tag\/egeszseg\/\" rel=\"tag\">Eg\u00e9szs\u00e9g<\/a><span class=\"wp-block-post-terms__separator\"> <\/span><a href=\"https:\/\/www.greenpeace.org\/hungary\/tag\/szennyezes\/\" rel=\"tag\">Szennyez\u00e9s<\/a><span class=\"wp-block-post-terms__separator\"> <\/span><a href=\"https:\/\/www.greenpeace.org\/hungary\/tag\/mergezettoroksegunk\/\" rel=\"tag\">M\u00e9rgezett\u00d6r\u00f6ks\u00e9g\u00fcnk<\/a><\/div>\n                \n                <\/div>\n                \n        <h3 class=\"wp-block-post-title\"><a href=\"https:\/\/www.greenpeace.org\/hungary\/sajtokozlemeny\/7656\/orokre-ott-maradnak-a-rakkelto-szennyezok-az-illatos-uton\/\" target=\"_self\" >\u00d6r\u00f6kre ott maradnak a r\u00e1kkelt\u0151 szennyez\u0151k az Illatos \u00faton?<\/a><\/h3>\n        <div class=\"wp-block-post-excerpt\"><p class=\"wp-block-post-excerpt__excerpt\">T\u00f6bb mint 50 \u00e9ve tart a szennyez\u00e9s az Illatos \u00faton. A hat\u00f3s\u00e1g tehetetlen, a d\u00f6nt\u00e9shoz\u00f3k t\u00e9tlenek, a telepr\u0151l sz\u00e1rmaz\u00f3 m\u00e9rgek pedig folyamatos kock\u00e1zatot jelentenek a lakoss\u00e1gra. <\/p><\/div>\n        \n        <div class=\"wp-block-group posts-list-meta is-layout-flow wp-block-group-is-layout-flow\"><span class='article-list-item-author'>Greenpeace Magyarorsz\u00e1g<\/span>\n        <div class=\"wp-block-post-date\"><time datetime=\"2020-10-26T16:07:54+01:00\">2020. okt\u00f3ber 26.<\/time><\/div>\n        \n        <\/div>\n        <\/div>\n        <\/div>\n\n            <\/li><li class=\"wp-block-post post-7364 post type-post status-publish format-standard has-post-thumbnail hentry category-ember-tarsadalom category-termeszet-kornyezet tag-egeszseg tag-szennyezes tag-mergezettoroksegunk p4-page-type-sajtokozlemeny\">\n            \n<div class=\"wp-block-columns is-layout-flex wp-container-core-columns-is-layout-9d6595d7 wp-block-columns-is-layout-flex\"><figure class=\"wp-block-post-featured-image\"><a href=\"https:\/\/www.greenpeace.org\/hungary\/sajtokozlemeny\/7364\/ot-ev-sem-volt-eleg-arra-hogy-a-magyar-allam-megszuntesse-az-illatos-ut-szennyezettseget\/\" target=\"_self\"  ><img loading=\"lazy\" decoding=\"async\" width=\"2560\" height=\"1920\" src=\"https:\/\/www.greenpeace.org\/static\/planet4-hungary-stateless\/2020\/08\/42d07075-img_20200811_110536-scaled.jpg\" class=\"attachment-post-thumbnail size-post-thumbnail wp-post-image wp-stateless-item\" alt=\"\u00d6t \u00e9v sem volt el\u00e9g arra, hogy a magyar \u00e1llam megsz\u00fcntesse az Illatos \u00fat szennyezetts\u00e9g\u00e9t\" style=\"object-fit:cover;\" srcset=\"https:\/\/www.greenpeace.org\/static\/planet4-hungary-stateless\/2020\/08\/42d07075-img_20200811_110536-scaled.jpg 2560w, https:\/\/www.greenpeace.org\/static\/planet4-hungary-stateless\/2020\/08\/42d07075-img_20200811_110536-300x225.jpg 300w, https:\/\/www.greenpeace.org\/static\/planet4-hungary-stateless\/2020\/08\/42d07075-img_20200811_110536-1024x768.jpg 1024w, https:\/\/www.greenpeace.org\/static\/planet4-hungary-stateless\/2020\/08\/42d07075-img_20200811_110536-768x576.jpg 768w, https:\/\/www.greenpeace.org\/static\/planet4-hungary-stateless\/2020\/08\/42d07075-img_20200811_110536-1536x1152.jpg 1536w, https:\/\/www.greenpeace.org\/static\/planet4-hungary-stateless\/2020\/08\/42d07075-img_20200811_110536-2048x1536.jpg 2048w, https:\/\/www.greenpeace.org\/static\/planet4-hungary-stateless\/2020\/08\/42d07075-img_20200811_110536-1821x1366.jpg 1821w, https:\/\/www.greenpeace.org\/static\/planet4-hungary-stateless\/2020\/08\/42d07075-img_20200811_110536-453x340.jpg 453w\" sizes=\"auto, (max-width: 2560px) 100vw, 2560px\" data-image-size=\"post-thumbnail\" data-stateless-media-bucket=\"planet4-hungary-stateless\" data-stateless-media-name=\"2020\/08\/42d07075-img_20200811_110536-scaled.jpg\" \/><\/a><\/figure>\n\n        <div class=\"wp-block-group is-layout-flow wp-block-group-is-layout-flow\">\n                <div class=\"wp-block-group is-layout-flex wp-block-group-is-layout-flex\"><div class=\"wp-block-post-terms\"><a href=\"https:\/\/www.greenpeace.org\/hungary\/category\/ugyek\/ember-tarsadalom\/\">Ember &amp; T\u00e1rsadalom<\/a><\/div>\n                <div class=\"taxonomy-post_tag wp-block-post-terms\"><a href=\"https:\/\/www.greenpeace.org\/hungary\/tag\/egeszseg\/\" rel=\"tag\">Eg\u00e9szs\u00e9g<\/a><span class=\"wp-block-post-terms__separator\"> <\/span><a href=\"https:\/\/www.greenpeace.org\/hungary\/tag\/szennyezes\/\" rel=\"tag\">Szennyez\u00e9s<\/a><span class=\"wp-block-post-terms__separator\"> <\/span><a href=\"https:\/\/www.greenpeace.org\/hungary\/tag\/mergezettoroksegunk\/\" rel=\"tag\">M\u00e9rgezett\u00d6r\u00f6ks\u00e9g\u00fcnk<\/a><\/div>\n                \n                <\/div>\n                \n        <h3 class=\"wp-block-post-title\"><a href=\"https:\/\/www.greenpeace.org\/hungary\/sajtokozlemeny\/7364\/ot-ev-sem-volt-eleg-arra-hogy-a-magyar-allam-megszuntesse-az-illatos-ut-szennyezettseget\/\" target=\"_self\" >\u00d6t \u00e9v sem volt el\u00e9g arra, hogy a magyar \u00e1llam megsz\u00fcntesse az Illatos \u00fat szennyezetts\u00e9g\u00e9t<\/a><\/h3>\n        <div class=\"wp-block-post-excerpt\"><p class=\"wp-block-post-excerpt__excerpt\">\u00d6t \u00e9ve vitt\u00e9k el a t\u00f6bb ezer tonn\u00e1nyi vesz\u00e9lyes m\u00e9rgeket tartalmaz\u00f3 hord\u00f3kat a Budapesti Vegyim\u0171vek Illatos \u00fati telephely\u00e9r\u0151l, de a talaj \u00e9s a talajv\u00edz tov\u00e1bbra is tele van m\u00e9rgekkel. Csup\u00e1n \u00edg\u00e9retek hangzottak el a ter\u00fclet megtiszt\u00edt\u00e1s\u00e1ra, de enn\u00e9l t\u00f6bb nem t\u00f6rt\u00e9nt. <\/p><\/div>\n        \n        <div class=\"wp-block-group posts-list-meta is-layout-flow wp-block-group-is-layout-flow\"><span class='article-list-item-author'><a href='https:\/\/www.greenpeace.org\/hungary\/author\/greenpeacehu\/'>Greenpeace Magyarorsz\u00e1g<\/a><\/span>\n        <div class=\"wp-block-post-date\"><time datetime=\"2020-08-11T14:26:17+02:00\">2020. augusztus 11.<\/time><\/div>\n        \n        <\/div>\n        <\/div>\n        <\/div>\n\n            <\/li><\/ul>\n\n    \n<div class=\"wp-block-buttons carousel-controls is-horizontal is-content-justification-space-between is-nowrap is-layout-flex wp-container-core-buttons-is-layout-044bd602 wp-block-buttons-is-layout-flex\">\n            <div class=\"wp-block-button carousel-control-prev\"><button type=\"button\" class=\"wp-block-button__link wp-element-button\">El\u0151z\u0151<\/button><\/div>\n        \n\n            <div class=\"wp-block-button carousel-control-next\"><button type=\"button\" class=\"wp-block-button__link wp-element-button\">K\u00f6vetkez\u0151<\/button><\/div>\n        <\/div>\n\n\n    <li class=\" wp-block-navigation-item see-all-link wp-block-navigation-link\"><a class=\"wp-block-navigation-item__content\"  href=\"http:\/\/www.greenpeace.org\/hungary\/news-stories\/?tag=mergezettoroksegunk\"><span class=\"wp-block-navigation-item__label\">See all stories<\/span><\/a><\/li><\/div>\n    \n    <div class=\"wp-block-query posts-list p4-query-loop is-custom-layout-grid is-layout-grid wp-container-core-query-is-layout-b8bb0bd1 wp-block-query-is-layout-grid\">\n        <div class=\"wp-block-group is-content-justification-space-between is-layout-flex wp-container-core-group-is-layout-3d213aab wp-block-group-is-layout-flex\"><h2 class=\"wp-block-heading\">Kiadv\u00e1nyok<\/h2>\n        <li class=\" wp-block-navigation-item see-all-link wp-block-navigation-link\"><a class=\"wp-block-navigation-item__content\"  href=\"http:\/\/www.greenpeace.org\/hungary\/news-stories\/?tag=mergezettoroksegunk&#038;post-type=kiadvany\"><span class=\"wp-block-navigation-item__label\">See all stories<\/span><\/a><\/li>\n        \n        <\/div>\n        \n\n    <p style=\"margin-top: 24px; margin-bottom: 36px;\"><\/p>\n\n    <div class=\"wp-block-query-no-results\">\n        <p style=\"\">No posts found.<\/p>\n        <\/div>\n\n    \n\n    \n<div class=\"wp-block-buttons carousel-controls is-horizontal is-content-justification-space-between is-nowrap is-layout-flex wp-container-core-buttons-is-layout-044bd602 wp-block-buttons-is-layout-flex\">\n            <div class=\"wp-block-button carousel-control-prev\"><button type=\"button\" class=\"wp-block-button__link wp-element-button\">El\u0151z\u0151<\/button><\/div>\n        \n\n            <div class=\"wp-block-button carousel-control-next\"><button type=\"button\" class=\"wp-block-button__link wp-element-button\">K\u00f6vetkez\u0151<\/button><\/div>\n        <\/div>\n\n\n    <li class=\" wp-block-navigation-item see-all-link wp-block-navigation-link\"><a class=\"wp-block-navigation-item__content\"  href=\"http:\/\/www.greenpeace.org\/hungary\/news-stories\/?tag=mergezettoroksegunk&#038;post-type=kiadvany\"><span class=\"wp-block-navigation-item__label\">See all stories<\/span><\/a><\/li><\/div>\n    <div data-render=\"planet4-blocks\/happypoint\" data-attributes=\"{&quot;attributes&quot;:{&quot;use_embed_code&quot;:true,&quot;override_default_content&quot;:true,&quot;local_content_provider&quot;:&quot;embed_code&quot;,&quot;opacity&quot;:30}}\"><\/div>","protected":false},"excerpt":{"rendered":"<p>A kolont\u00e1ri v\u00f6r\u00f6siszap-katasztr\u00f3fa \u00e9s a budapesti Illatos \u00fati illeg\u00e1lis vesz\u00e9lyeshullad\u00e9k-lerak\u00f3 r\u00e1vil\u00e1g\u00edtott: id\u0151z\u00edtett vegyi bomb\u00e1k vesznek k\u00f6r\u00fcl minket, \u00e9s a hat\u00f3s\u00e1gok nem tesznek eleget az\u00e9rt, hogy megv\u00e9djenek benn\u00fcnket ezekt\u0151l. Ez\u00e9rt \u00fagy d\u00f6nt\u00f6tt\u00fcnk, felt\u00e9rk\u00e9pezz\u00fck Magyarorsz\u00e1g legszennyezettebb ter\u00fcleteit. Ez a mi M\u00e9rgezett \u00d6r\u00f6ks\u00e9g\u00fcnk. Tegy\u00fcnk k\u00f6z\u00f6sen az\u00e9rt, hogy m\u00e9rgez\u0151 anyagokt\u00f3l mentes k\u00f6rnyezetet hagyjunk gyermekeinkre.<\/p>\n","protected":false},"author":19,"featured_media":0,"parent":0,"menu_order":0,"comment_status":"closed","ping_status":"closed","template":"","meta":{"ep_exclude_from_search":false,"p4_hide_page_title_checkbox":"","p4_title":"","p4_subtitle":"","p4_description":"","background_image_id":"","background_image":"","p4_button_title":"","p4_button_link":"","p4_button_link_checkbox":"","p4_og_title":"","p4_og_description":"","p4_og_image":"","p4_og_image_id":"","p4_seo_canonical_url":"","p4_campaign_name":"not set","p4_local_project":"not set","p4_basket_name":"not set","p4_department":"","footnotes":""},"categories":[],"tags":[],"class_list":["post-6304","page","type-page","status-publish","hentry"],"_links":{"self":[{"href":"https:\/\/www.greenpeace.org\/hungary\/wp-json\/wp\/v2\/pages\/6304","targetHints":{"allow":["GET"]}}],"collection":[{"href":"https:\/\/www.greenpeace.org\/hungary\/wp-json\/wp\/v2\/pages"}],"about":[{"href":"https:\/\/www.greenpeace.org\/hungary\/wp-json\/wp\/v2\/types\/page"}],"author":[{"embeddable":true,"href":"https:\/\/www.greenpeace.org\/hungary\/wp-json\/wp\/v2\/users\/19"}],"replies":[{"embeddable":true,"href":"https:\/\/www.greenpeace.org\/hungary\/wp-json\/wp\/v2\/comments?post=6304"}],"version-history":[{"count":16,"href":"https:\/\/www.greenpeace.org\/hungary\/wp-json\/wp\/v2\/pages\/6304\/revisions"}],"predecessor-version":[{"id":13519,"href":"https:\/\/www.greenpeace.org\/hungary\/wp-json\/wp\/v2\/pages\/6304\/revisions\/13519"}],"wp:attachment":[{"href":"https:\/\/www.greenpeace.org\/hungary\/wp-json\/wp\/v2\/media?parent=6304"}],"wp:term":[{"taxonomy":"category","embeddable":true,"href":"https:\/\/www.greenpeace.org\/hungary\/wp-json\/wp\/v2\/categories?post=6304"},{"taxonomy":"post_tag","embeddable":true,"href":"https:\/\/www.greenpeace.org\/hungary\/wp-json\/wp\/v2\/tags?post=6304"}],"curies":[{"name":"wp","href":"https:\/\/api.w.org\/{rel}","templated":true}]}}