{"id":6368,"date":"2020-03-25T11:52:23","date_gmt":"2020-03-25T10:52:23","guid":{"rendered":"https:\/\/www.greenpeace.org\/hungary\/sarkvidek\/"},"modified":"2026-04-08T10:45:18","modified_gmt":"2026-04-08T08:45:18","slug":"sarkvidek","status":"publish","type":"page","link":"https:\/\/www.greenpeace.org\/hungary\/sarkvidek\/","title":{"rendered":"#Sarkvid\u00e9k"},"content":{"rendered":"\n                    <div class=\"wp-block-group is-vertical is-layout-flex wp-container-core-group-is-layout-8cf370e7 wp-block-group-is-layout-flex\">\n                    \n\n                    \n                    <\/div>\n                    \n<p>A sarkvid\u00e9k az egyik legk\u00fcl\u00f6nlegesebb hely a F\u00f6ld\u00f6n. A kl\u00edmav\u00e1ltoz\u00e1s \u00e9s az emberi tev\u00e9kenys\u00e9g miatt azonban vesz\u00e9lyben van. A felmeleged\u00e9s miatt rohamosan cs\u00f6kken a j\u00e9gsapka m\u00e9rete. Az olvad\u00f3 sarkvid\u00e9ket olajf\u00far\u00e1sok, ipari hal\u00e1szat \u00e9s h\u00e1bor\u00fak fenyegetik. Ter\u00fclet\u00e9\u00e9rt \u00e9s term\u00e9szeti kincsei\u00e9rt a k\u00f6rnyezetv\u00e9delem t\u00f6rt\u00e9net\u00e9nek tal\u00e1n legnagyobb k\u00fczdelme zajlik. A nagyv\u00e1llalatok \u00e9s a korm\u00e1nyok a sarkvid\u00e9ken akarnak k\u0151olajat kitermelni. Ha itt t\u00f6rt\u00e9nne egy olajbaleset, az elk\u00e9pzelhetetlen m\u00e9rt\u00e9k\u0171 puszt\u00edt\u00e1ssal j\u00e1rna. Itt az id\u0151, hogy a b\u00facs\u00fat ints\u00fcnk a fosszilis energiahordoz\u00f3k korszak\u00e1nak. A sarkvid\u00e9k \u00e1llatai, n\u00f6v\u00e9nyei nem tudnak ki\u00e1llni maguk\u00e9rt, \u00edgy nek\u00fcnk kell cselekedn\u00fcnk. Ha 1,5\u00baC alatt akarjuk tartani a felmeleged\u00e9s szintj\u00e9t, \u00e9s meg akarjuk v\u00e9deni a sarkvid\u00e9ket, akkor nem engedhetj\u00fck, hogy tov\u00e1bbi olajf\u00far\u00e1sok t\u00f6rt\u00e9njenek a ter\u00fclet\u00e9n!<\/p>\n<div data-render=\"planet4-blocks\/gallery\" data-attributes=\"{&quot;attributes&quot;:{&quot;multiple_image&quot;:&quot;6276,6277,6279&quot;,&quot;image_data&quot;:[{&quot;url&quot;:&quot;https:\\\/\\\/www.greenpeace.org\\\/static\\\/planet4-hungary-stateless\\\/2020\\\/03\\\/1e85d324-gp0stofqs.jpg&quot;,&quot;focalPoint&quot;:{&quot;x&quot;:0.5,&quot;y&quot;:0.5},&quot;id&quot;:6276},{&quot;url&quot;:&quot;https:\\\/\\\/www.greenpeace.org\\\/static\\\/planet4-hungary-stateless\\\/2020\\\/03\\\/9c0391c3-gp0stpr4y.jpg&quot;,&quot;focalPoint&quot;:{&quot;x&quot;:0.5,&quot;y&quot;:0.5},&quot;id&quot;:6277},{&quot;url&quot;:&quot;https:\\\/\\\/www.greenpeace.org\\\/static\\\/planet4-hungary-stateless\\\/2020\\\/03\\\/5497bfc9-gp0stq2dq.jpg&quot;,&quot;focalPoint&quot;:{&quot;x&quot;:0.5,&quot;y&quot;:0.5},&quot;id&quot;:6279}],&quot;className&quot;:&quot;is-style-three-columns&quot;,&quot;gallery_block_style&quot;:0,&quot;gallery_block_title&quot;:&quot;&quot;,&quot;gallery_block_description&quot;:&quot;&quot;,&quot;gallery_block_focus_points&quot;:&quot;&quot;,&quot;images&quot;:[{&quot;image_src&quot;:&quot;https:\\\/\\\/www.greenpeace.org\\\/static\\\/planet4-hungary-stateless\\\/2020\\\/03\\\/1e85d324-gp0stofqs.jpg&quot;,&quot;image_srcset&quot;:&quot;https:\\\/\\\/www.greenpeace.org\\\/static\\\/planet4-hungary-stateless\\\/2020\\\/03\\\/1e85d324-gp0stofqs.jpg 1200w, https:\\\/\\\/www.greenpeace.org\\\/static\\\/planet4-hungary-stateless\\\/2020\\\/03\\\/1e85d324-gp0stofqs-300x200.jpg 300w, https:\\\/\\\/www.greenpeace.org\\\/static\\\/planet4-hungary-stateless\\\/2020\\\/03\\\/1e85d324-gp0stofqs-1024x683.jpg 1024w, https:\\\/\\\/www.greenpeace.org\\\/static\\\/planet4-hungary-stateless\\\/2020\\\/03\\\/1e85d324-gp0stofqs-768x512.jpg 768w, https:\\\/\\\/www.greenpeace.org\\\/static\\\/planet4-hungary-stateless\\\/2020\\\/03\\\/1e85d324-gp0stofqs-510x340.jpg 510w&quot;,&quot;image_sizes&quot;:false,&quot;alt_text&quot;:&quot;Action in Norway against Exxon Mobil in the Arctic. \\u00a9 Greenpeace&quot;,&quot;caption&quot;:&quot;Greenpeace activists during a protest in the fjord at \\u00d6len near Haugesund, Norway. Drilling rig West Alpha, commissioned by Exxon Mobil, is being prepared for extreme oil drilling in the Arctic. Greenpeace is concerned about the safety of this project and sends the messages \\u2018EXXON OUT OF THE ARCTIC\\u2019, and &#039;NO ARCTIC OIL&#039; to ask that the drilling plans be shelved.\\n\\nExxon Mobil, the world&#039;s largest oil company, plans to drill in the Kara Sea along with Russian company Rosneft. The well, located at 75 degrees north, partially overlaps with Russia&#039;s Arctic National Park, known for its diverse wildlife. According to Russian legislation, oil drilling in this area is prohibited.&quot;,&quot;focus_image&quot;:&quot;&quot;,&quot;credits&quot;:&quot;\\u00a9 Greenpeace&quot;},{&quot;image_src&quot;:&quot;https:\\\/\\\/www.greenpeace.org\\\/static\\\/planet4-hungary-stateless\\\/2020\\\/03\\\/9c0391c3-gp0stpr4y.jpg&quot;,&quot;image_srcset&quot;:&quot;https:\\\/\\\/www.greenpeace.org\\\/static\\\/planet4-hungary-stateless\\\/2020\\\/03\\\/9c0391c3-gp0stpr4y.jpg 1200w, https:\\\/\\\/www.greenpeace.org\\\/static\\\/planet4-hungary-stateless\\\/2020\\\/03\\\/9c0391c3-gp0stpr4y-300x199.jpg 300w, https:\\\/\\\/www.greenpeace.org\\\/static\\\/planet4-hungary-stateless\\\/2020\\\/03\\\/9c0391c3-gp0stpr4y-1024x678.jpg 1024w, https:\\\/\\\/www.greenpeace.org\\\/static\\\/planet4-hungary-stateless\\\/2020\\\/03\\\/9c0391c3-gp0stpr4y-768x509.jpg 768w, https:\\\/\\\/www.greenpeace.org\\\/static\\\/planet4-hungary-stateless\\\/2020\\\/03\\\/9c0391c3-gp0stpr4y-510x338.jpg 510w&quot;,&quot;image_sizes&quot;:false,&quot;alt_text&quot;:&quot;Close up of Seal in Svalbard. \\u00a9 Rasmus T\\u00f6rnqvist \\\/ Greenpeace&quot;,&quot;caption&quot;:&quot;A seal in Svalbard.\\n\\nA Virtual Reality video team joined the Greenpeace ship the Arctic Sunrise on a trip to Svalbard to document the rapidly changing Arctic. Using a range of Virtual Reality video cameras to capture the stunning beauty of the last remnants of pristine wilderness, this immersive new technology allows us to bring people to the high Arctic, to witness for themselves the majestic landscapes and wildlife affected by humanities ruthless quest for resources.&quot;,&quot;focus_image&quot;:&quot;&quot;,&quot;credits&quot;:&quot;\\u00a9 Rasmus T\\u00f6rnqvist \\\/ Greenpeace&quot;},{&quot;image_src&quot;:&quot;https:\\\/\\\/www.greenpeace.org\\\/static\\\/planet4-hungary-stateless\\\/2020\\\/03\\\/5497bfc9-gp0stq2dq.jpg&quot;,&quot;image_srcset&quot;:&quot;https:\\\/\\\/www.greenpeace.org\\\/static\\\/planet4-hungary-stateless\\\/2020\\\/03\\\/5497bfc9-gp0stq2dq.jpg 2000w, https:\\\/\\\/www.greenpeace.org\\\/static\\\/planet4-hungary-stateless\\\/2020\\\/03\\\/5497bfc9-gp0stq2dq-300x200.jpg 300w, https:\\\/\\\/www.greenpeace.org\\\/static\\\/planet4-hungary-stateless\\\/2020\\\/03\\\/5497bfc9-gp0stq2dq-1024x682.jpg 1024w, https:\\\/\\\/www.greenpeace.org\\\/static\\\/planet4-hungary-stateless\\\/2020\\\/03\\\/5497bfc9-gp0stq2dq-768x512.jpg 768w, https:\\\/\\\/www.greenpeace.org\\\/static\\\/planet4-hungary-stateless\\\/2020\\\/03\\\/5497bfc9-gp0stq2dq-1536x1024.jpg 1536w, https:\\\/\\\/www.greenpeace.org\\\/static\\\/planet4-hungary-stateless\\\/2020\\\/03\\\/5497bfc9-gp0stq2dq-510x340.jpg 510w&quot;,&quot;image_sizes&quot;:false,&quot;alt_text&quot;:&quot;&quot;,&quot;caption&quot;:&quot;A polar bear moves along sea ice in Baffin Bay. \\nGreenpeace crew and guests travel through Sam Ford Fjord, near Clyde River, Nunavut, to deliver solar panels in Clyde River.&quot;,&quot;focus_image&quot;:&quot;&quot;,&quot;credits&quot;:&quot;&quot;}]}}\"><\/div>\n        <div class=\"wp-block-query actions-list p4-query-loop is-custom-layout-actions-list is-custom-layout-grid is-layout-grid wp-container-core-query-is-layout-29f43435 wp-block-query-is-layout-grid\"><h2 class=\"wp-block-heading\">Amiket megtehetsz<\/h2>\n        <p style=\"margin-top: 24px; margin-bottom: 32px;\">Cselekedj te is, mert egy\u00fctt er\u0151sek vagyunk!<\/p>\n        <div class=\"wp-block-query-no-results\">\n        <p >No posts found.<\/p>\n        <\/div>\n        \n        \n<div class=\"wp-block-buttons carousel-controls is-horizontal is-content-justification-space-between is-nowrap is-layout-flex wp-container-core-buttons-is-layout-044bd602 wp-block-buttons-is-layout-flex\">\n            <div class=\"wp-block-button carousel-control-prev\"><button type=\"button\" class=\"wp-block-button__link wp-element-button\">El\u0151z\u0151<\/button><\/div>\n        \n\n            <div class=\"wp-block-button carousel-control-next\"><button type=\"button\" class=\"wp-block-button__link wp-element-button\">K\u00f6vetkez\u0151<\/button><\/div>\n        <\/div>\n\n        \n<div class=\"wp-block-buttons load-more-actions-container is-content-justification-center is-layout-flex wp-container-core-buttons-is-layout-16018d1d wp-block-buttons-is-layout-flex\">\n                <div class=\"wp-block-button is-style-secondary\"><button type=\"button\" class=\"wp-block-button__link wp-element-button\">T\u00f6bbet szeretn\u00e9k l\u00e1tni<\/button><\/div>\n            \n<\/div>\n<\/div>\n        \n    <div class=\"wp-block-query posts-list p4-query-loop is-custom-layout-list is-layout-flow wp-block-query-is-layout-flow\">\n        <div class=\"wp-block-group is-content-justification-space-between is-layout-flex wp-container-core-group-is-layout-3d213aab wp-block-group-is-layout-flex\"><h2 class=\"wp-block-heading\">Kapcsol\u00f3d\u00f3 cikkek<\/h2>\n        <li class=\" wp-block-navigation-item see-all-link wp-block-navigation-link\"><a class=\"wp-block-navigation-item__content\"  href=\"http:\/\/www.greenpeace.org\/hungary\/news-stories\/?tag=sarkvidek\"><span class=\"wp-block-navigation-item__label\">See all stories<\/span><\/a><\/li>\n        \n        <\/div>\n        \n\n    <p style=\"margin-top: 24px; margin-bottom: 36px;\"><\/p>\n\n    \n\n    <ul class=\"wp-block-post-template is-layout-flow wp-block-post-template-is-layout-flow\"><li class=\"wp-block-post post-1470 post type-post status-publish format-standard hentry category-klima-energia tag-klimavedelem tag-fosszilis tag-sarkvidek p4-page-type-sajtokozlemeny\">\n            \n<div class=\"wp-block-columns is-layout-flex wp-container-core-columns-is-layout-9d6595d7 wp-block-columns-is-layout-flex\">\n\n        <div class=\"wp-block-group is-layout-flow wp-block-group-is-layout-flow\">\n                <div class=\"wp-block-group is-layout-flex wp-block-group-is-layout-flex\"><div class=\"wp-block-post-terms\"><a href=\"https:\/\/www.greenpeace.org\/hungary\/category\/ugyek\/klima-energia\/\">Kl\u00edma &amp; Energia<\/a><\/div>\n                <div class=\"taxonomy-post_tag wp-block-post-terms\"><a href=\"https:\/\/www.greenpeace.org\/hungary\/tag\/klimavedelem\/\" rel=\"tag\">Kl\u00edmav\u00e9delem<\/a><span class=\"wp-block-post-terms__separator\"> <\/span><a href=\"https:\/\/www.greenpeace.org\/hungary\/tag\/fosszilis\/\" rel=\"tag\">Fosszilis<\/a><span class=\"wp-block-post-terms__separator\"> <\/span><a href=\"https:\/\/www.greenpeace.org\/hungary\/tag\/sarkvidek\/\" rel=\"tag\">Sarkvid\u00e9k<\/a><\/div>\n                \n                <\/div>\n                \n        <h3 class=\"wp-block-post-title\"><a href=\"https:\/\/www.greenpeace.org\/hungary\/sajtokozlemeny\/1470\/gyozelem-levonul-a-shell-az-eszaki-sarkvidekrol\/\" target=\"_self\" >Gy\u0151zelem! Levonul a Shell az \u00c9szaki-sarkvid\u00e9kr\u0151l<\/a><\/h3>\n        <div class=\"wp-block-post-excerpt\"><p class=\"wp-block-post-excerpt__excerpt\">Budapest, 2015. szeptember 28. \u2013 A Shell el\u0151re nem l\u00e1that\u00f3 id\u0151re felf\u00fcggeszti tev\u00e9kenys\u00e9g\u00e9t az \u00c9szaki-sarkvid\u00e9ken, jelentette be a v\u00e1llalat ma reggel. A d\u00f6nt\u00e9s hatalmas siker, \u00e9s egyben kiv\u00e1l\u00f3 alkalom arra, hogy az \u00c9szaki-sarkvid\u00e9ket mind\u00f6r\u00f6kre v\u00e9delem al\u00e1 helyezz\u00fck. A Greenpeace n\u00e9gy \u00e9ve ind\u00edtotta vil\u00e1gm\u00e9ret\u0171 kamp\u00e1ny\u00e1t, melyhez m\u00e1ig t\u00f6bb mint 7 \u00e9s f\u00e9lmilli\u00f3 ember csatlakozott. <\/p><\/div>\n        \n        <div class=\"wp-block-group posts-list-meta is-layout-flow wp-block-group-is-layout-flow\"><span class='article-list-item-author'>Greenpeace Magyarorsz\u00e1g<\/span>\n        <div class=\"wp-block-post-date\"><time datetime=\"2015-09-28T00:00:00+02:00\">2015. szeptember 28.<\/time><\/div>\n        \n        <\/div>\n        <\/div>\n        <\/div>\n\n            <\/li><li class=\"wp-block-post post-4997 post type-post status-publish format-standard has-post-thumbnail hentry category-ember-tarsadalom category-klima-energia tag-elovilag tag-fosszilis tag-sarkvidek tag-viz p4-page-type-blog\">\n            \n<div class=\"wp-block-columns is-layout-flex wp-container-core-columns-is-layout-9d6595d7 wp-block-columns-is-layout-flex\"><figure class=\"wp-block-post-featured-image\"><a href=\"https:\/\/www.greenpeace.org\/hungary\/blog\/4997\/az-observer-eletmudijanak-nyertese-2014-ben-peter-willcox-2-resz\/\" target=\"_self\"  ><img loading=\"lazy\" decoding=\"async\" width=\"460\" height=\"276\" src=\"https:\/\/www.greenpeace.org\/static\/planet4-hungary-stateless\/2019\/06\/37dc3532-2_1.jpg\" class=\"attachment-post-thumbnail size-post-thumbnail wp-post-image wp-stateless-item\" alt=\"Az Observer \u00e9letm\u0171d\u00edj\u00e1nak nyertese 2014-ben Peter Willcox (2. r\u00e9sz)\" style=\"object-fit:cover;\" srcset=\"https:\/\/www.greenpeace.org\/static\/planet4-hungary-stateless\/2019\/06\/37dc3532-2_1.jpg 460w, https:\/\/www.greenpeace.org\/static\/planet4-hungary-stateless\/2019\/06\/37dc3532-2_1-300x180.jpg 300w\" sizes=\"auto, (max-width: 460px) 100vw, 460px\" data-image-size=\"post-thumbnail\" data-stateless-media-bucket=\"planet4-hungary-stateless\" data-stateless-media-name=\"2019\/06\/37dc3532-2_1.jpg\" \/><\/a><\/figure>\n\n        <div class=\"wp-block-group is-layout-flow wp-block-group-is-layout-flow\">\n                <div class=\"wp-block-group is-layout-flex wp-block-group-is-layout-flex\"><div class=\"wp-block-post-terms\"><a href=\"https:\/\/www.greenpeace.org\/hungary\/category\/ugyek\/ember-tarsadalom\/\">Ember &amp; T\u00e1rsadalom<\/a><\/div>\n                <div class=\"taxonomy-post_tag wp-block-post-terms\"><a href=\"https:\/\/www.greenpeace.org\/hungary\/tag\/elovilag\/\" rel=\"tag\">\u00c9l\u0151vil\u00e1g<\/a><span class=\"wp-block-post-terms__separator\"> <\/span><a href=\"https:\/\/www.greenpeace.org\/hungary\/tag\/fosszilis\/\" rel=\"tag\">Fosszilis<\/a><span class=\"wp-block-post-terms__separator\"> <\/span><a href=\"https:\/\/www.greenpeace.org\/hungary\/tag\/sarkvidek\/\" rel=\"tag\">Sarkvid\u00e9k<\/a><span class=\"wp-block-post-terms__separator\"> <\/span><a href=\"https:\/\/www.greenpeace.org\/hungary\/tag\/viz\/\" rel=\"tag\">V\u00edz<\/a><\/div>\n                \n                <\/div>\n                \n        <h3 class=\"wp-block-post-title\"><a href=\"https:\/\/www.greenpeace.org\/hungary\/blog\/4997\/az-observer-eletmudijanak-nyertese-2014-ben-peter-willcox-2-resz\/\" target=\"_self\" >Az Observer \u00e9letm\u0171d\u00edj\u00e1nak nyertese 2014-ben Peter Willcox (2. r\u00e9sz)<\/a><\/h3>\n        <div class=\"wp-block-post-excerpt\"><p class=\"wp-block-post-excerpt__excerpt\">Peter Willcox, a Greenpeace rangid\u0151s kapit\u00e1nya 2013 szeptember\u00e9ben egy harmincf\u0151s csapattal t\u00fcntetni indult az \u00e9szaki-sarkvid\u00e9ki olajkitermel\u00e9s ellen a Gazprom tengeri olajf\u00far\u00f3torny\u00e1hoz. <\/p><\/div>\n        \n        <div class=\"wp-block-group posts-list-meta is-layout-flow wp-block-group-is-layout-flow\"><span class='article-list-item-author'>m\u00e1jusi nap<\/span>\n        <div class=\"wp-block-post-date\"><time datetime=\"2014-09-06T10:05:41+02:00\">2014. szeptember 6.<\/time><\/div>\n        \n        <\/div>\n        <\/div>\n        <\/div>\n\n            <\/li><li class=\"wp-block-post post-5006 post type-post status-publish format-standard has-post-thumbnail hentry category-ember-tarsadalom category-klima-energia tag-fosszilis tag-sarkvidek tag-viz p4-page-type-blog\">\n            \n<div class=\"wp-block-columns is-layout-flex wp-container-core-columns-is-layout-9d6595d7 wp-block-columns-is-layout-flex\"><figure class=\"wp-block-post-featured-image\"><a href=\"https:\/\/www.greenpeace.org\/hungary\/blog\/5006\/az-observer-eletmudijanak-nyertese-2014-ben-peter-willcox-1-resz\/\" target=\"_self\"  ><img loading=\"lazy\" decoding=\"async\" width=\"460\" height=\"276\" src=\"https:\/\/www.greenpeace.org\/static\/planet4-hungary-stateless\/2019\/06\/ecdfa3aa-1_1.jpg\" class=\"attachment-post-thumbnail size-post-thumbnail wp-post-image wp-stateless-item\" alt=\"Az Observer \u00e9letm\u0171d\u00edj\u00e1nak nyertese 2014-ben Peter Willcox (1. r\u00e9sz)\" style=\"object-fit:cover;\" srcset=\"https:\/\/www.greenpeace.org\/static\/planet4-hungary-stateless\/2019\/06\/ecdfa3aa-1_1.jpg 460w, https:\/\/www.greenpeace.org\/static\/planet4-hungary-stateless\/2019\/06\/ecdfa3aa-1_1-300x180.jpg 300w\" sizes=\"auto, (max-width: 460px) 100vw, 460px\" data-image-size=\"post-thumbnail\" data-stateless-media-bucket=\"planet4-hungary-stateless\" data-stateless-media-name=\"2019\/06\/ecdfa3aa-1_1.jpg\" \/><\/a><\/figure>\n\n        <div class=\"wp-block-group is-layout-flow wp-block-group-is-layout-flow\">\n                <div class=\"wp-block-group is-layout-flex wp-block-group-is-layout-flex\"><div class=\"wp-block-post-terms\"><a href=\"https:\/\/www.greenpeace.org\/hungary\/category\/ugyek\/ember-tarsadalom\/\">Ember &amp; T\u00e1rsadalom<\/a><\/div>\n                <div class=\"taxonomy-post_tag wp-block-post-terms\"><a href=\"https:\/\/www.greenpeace.org\/hungary\/tag\/fosszilis\/\" rel=\"tag\">Fosszilis<\/a><span class=\"wp-block-post-terms__separator\"> <\/span><a href=\"https:\/\/www.greenpeace.org\/hungary\/tag\/sarkvidek\/\" rel=\"tag\">Sarkvid\u00e9k<\/a><span class=\"wp-block-post-terms__separator\"> <\/span><a href=\"https:\/\/www.greenpeace.org\/hungary\/tag\/viz\/\" rel=\"tag\">V\u00edz<\/a><\/div>\n                \n                <\/div>\n                \n        <h3 class=\"wp-block-post-title\"><a href=\"https:\/\/www.greenpeace.org\/hungary\/blog\/5006\/az-observer-eletmudijanak-nyertese-2014-ben-peter-willcox-1-resz\/\" target=\"_self\" >Az Observer \u00e9letm\u0171d\u00edj\u00e1nak nyertese 2014-ben Peter Willcox (1. r\u00e9sz)<\/a><\/h3>\n        <div class=\"wp-block-post-excerpt\"><p class=\"wp-block-post-excerpt__excerpt\">A brit The Observer etikai \u00e9letm\u0171d\u00edj\u00e1nak idei nyertese sok mindenen kereszt\u00fclment m\u00e1r: a haj\u00f3j\u00e1t felrobbantotta a francia titkosszolg\u00e1lat, b\u00f6rt\u00f6nbe vetett\u00e9k Oroszorsz\u00e1gban, \u00e9s kis h\u00edj\u00e1n hal\u00e1lra z\u00fazta&#8230; <\/p><\/div>\n        \n        <div class=\"wp-block-group posts-list-meta is-layout-flow wp-block-group-is-layout-flow\"><span class='article-list-item-author'>m\u00e1jusi nap<\/span>\n        <div class=\"wp-block-post-date\"><time datetime=\"2014-09-05T10:37:05+02:00\">2014. szeptember 5.<\/time><\/div>\n        \n        <\/div>\n        <\/div>\n        <\/div>\n\n            <\/li><\/ul>\n\n    \n<div class=\"wp-block-buttons carousel-controls is-horizontal is-content-justification-space-between is-nowrap is-layout-flex wp-container-core-buttons-is-layout-044bd602 wp-block-buttons-is-layout-flex\">\n            <div class=\"wp-block-button carousel-control-prev\"><button type=\"button\" class=\"wp-block-button__link wp-element-button\">El\u0151z\u0151<\/button><\/div>\n        \n\n            <div class=\"wp-block-button carousel-control-next\"><button type=\"button\" class=\"wp-block-button__link wp-element-button\">K\u00f6vetkez\u0151<\/button><\/div>\n        <\/div>\n\n\n    <li class=\" wp-block-navigation-item see-all-link wp-block-navigation-link\"><a class=\"wp-block-navigation-item__content\"  href=\"http:\/\/www.greenpeace.org\/hungary\/news-stories\/?tag=sarkvidek\"><span class=\"wp-block-navigation-item__label\">See all stories<\/span><\/a><\/li><\/div>\n    \n    <div class=\"wp-block-query posts-list p4-query-loop is-custom-layout-grid is-layout-grid wp-container-core-query-is-layout-b8bb0bd1 wp-block-query-is-layout-grid\">\n        <div class=\"wp-block-group is-content-justification-space-between is-layout-flex wp-container-core-group-is-layout-3d213aab wp-block-group-is-layout-flex\"><h2 class=\"wp-block-heading\">Kiadv\u00e1nyok<\/h2>\n        <li class=\" wp-block-navigation-item see-all-link wp-block-navigation-link\"><a class=\"wp-block-navigation-item__content\"  href=\"http:\/\/www.greenpeace.org\/hungary\/news-stories\/?tag=sarkvidek&#038;post-type=kiadvany\"><span class=\"wp-block-navigation-item__label\">See all stories<\/span><\/a><\/li>\n        \n        <\/div>\n        \n\n    <p style=\"margin-top: 24px; margin-bottom: 36px;\"><\/p>\n\n    <div class=\"wp-block-query-no-results\">\n        <p style=\"\">No posts found.<\/p>\n        <\/div>\n\n    \n\n    \n<div class=\"wp-block-buttons carousel-controls is-horizontal is-content-justification-space-between is-nowrap is-layout-flex wp-container-core-buttons-is-layout-044bd602 wp-block-buttons-is-layout-flex\">\n            <div class=\"wp-block-button carousel-control-prev\"><button type=\"button\" class=\"wp-block-button__link wp-element-button\">El\u0151z\u0151<\/button><\/div>\n        \n\n            <div class=\"wp-block-button carousel-control-next\"><button type=\"button\" class=\"wp-block-button__link wp-element-button\">K\u00f6vetkez\u0151<\/button><\/div>\n        <\/div>\n\n\n    <li class=\" wp-block-navigation-item see-all-link wp-block-navigation-link\"><a class=\"wp-block-navigation-item__content\"  href=\"http:\/\/www.greenpeace.org\/hungary\/news-stories\/?tag=sarkvidek&#038;post-type=kiadvany\"><span class=\"wp-block-navigation-item__label\">See all stories<\/span><\/a><\/li><\/div>\n    <div data-render=\"planet4-blocks\/happypoint\" data-attributes=\"{&quot;attributes&quot;:{&quot;use_embed_code&quot;:true,&quot;override_default_content&quot;:true,&quot;local_content_provider&quot;:&quot;embed_code&quot;,&quot;opacity&quot;:30}}\"><\/div>","protected":false},"excerpt":{"rendered":"<p>A sarkvid\u00e9k az egyik legk\u00fcl\u00f6nlegesebb hely a F\u00f6ld\u00f6n. A kl\u00edmav\u00e1ltoz\u00e1s \u00e9s az emberi tev\u00e9kenys\u00e9g miatt azonban vesz\u00e9lyben van. A felmeleged\u00e9s miatt rohamosan cs\u00f6kken a j\u00e9gsapka m\u00e9rete. Az olvad\u00f3 sarkvid\u00e9ket olajf\u00far\u00e1sok, ipari hal\u00e1szat \u00e9s h\u00e1bor\u00fak fenyegetik. Ter\u00fclet\u00e9\u00e9rt \u00e9s term\u00e9szeti kincsei\u00e9rt a k\u00f6rnyezetv\u00e9delem t\u00f6rt\u00e9net\u00e9nek tal\u00e1n legnagyobb k\u00fczdelme zajlik. A nagyv\u00e1llalatok \u00e9s a korm\u00e1nyok a sarkvid\u00e9ken akarnak k\u0151olajat [&hellip;]<\/p>\n","protected":false},"author":19,"featured_media":0,"parent":0,"menu_order":0,"comment_status":"closed","ping_status":"closed","template":"","meta":{"ep_exclude_from_search":false,"p4_hide_page_title_checkbox":"","p4_title":"","p4_subtitle":"","p4_description":"","background_image_id":"","background_image":"","p4_button_title":"","p4_button_link":"","p4_button_link_checkbox":"","p4_og_title":"","p4_og_description":"","p4_og_image":"","p4_og_image_id":"","p4_seo_canonical_url":"","p4_campaign_name":"not set","p4_local_project":"not set","p4_basket_name":"not set","p4_department":"","footnotes":""},"categories":[],"tags":[],"class_list":["post-6368","page","type-page","status-publish","hentry"],"_links":{"self":[{"href":"https:\/\/www.greenpeace.org\/hungary\/wp-json\/wp\/v2\/pages\/6368","targetHints":{"allow":["GET"]}}],"collection":[{"href":"https:\/\/www.greenpeace.org\/hungary\/wp-json\/wp\/v2\/pages"}],"about":[{"href":"https:\/\/www.greenpeace.org\/hungary\/wp-json\/wp\/v2\/types\/page"}],"author":[{"embeddable":true,"href":"https:\/\/www.greenpeace.org\/hungary\/wp-json\/wp\/v2\/users\/19"}],"replies":[{"embeddable":true,"href":"https:\/\/www.greenpeace.org\/hungary\/wp-json\/wp\/v2\/comments?post=6368"}],"version-history":[{"count":17,"href":"https:\/\/www.greenpeace.org\/hungary\/wp-json\/wp\/v2\/pages\/6368\/revisions"}],"predecessor-version":[{"id":13514,"href":"https:\/\/www.greenpeace.org\/hungary\/wp-json\/wp\/v2\/pages\/6368\/revisions\/13514"}],"wp:attachment":[{"href":"https:\/\/www.greenpeace.org\/hungary\/wp-json\/wp\/v2\/media?parent=6368"}],"wp:term":[{"taxonomy":"category","embeddable":true,"href":"https:\/\/www.greenpeace.org\/hungary\/wp-json\/wp\/v2\/categories?post=6368"},{"taxonomy":"post_tag","embeddable":true,"href":"https:\/\/www.greenpeace.org\/hungary\/wp-json\/wp\/v2\/tags?post=6368"}],"curies":[{"name":"wp","href":"https:\/\/api.w.org\/{rel}","templated":true}]}}