{"id":713,"date":"2025-12-02T13:19:12","date_gmt":"2025-12-02T12:19:12","guid":{"rendered":"https:\/\/www.greenpeace.org\/hungary\/?page_id=713"},"modified":"2025-12-03T14:51:11","modified_gmt":"2025-12-03T13:51:11","slug":"legyel-az-onkentesunk","status":"publish","type":"page","link":"https:\/\/www.greenpeace.org\/hungary\/cselekedj\/legyel-az-onkentesunk\/","title":{"rendered":"L\u00e9gy \u00f6nk\u00e9ntes\u00fcnk"},"content":{"rendered":"\n                    <div class=\"wp-block-group is-vertical is-layout-flex wp-container-core-group-is-layout-8cf370e7 wp-block-group-is-layout-flex\">\n                    \n\n                    \n                    <\/div>\n                    <p>                <script>window.location.replace(\"https:\/\/sites.greenpeace.hu\/legy-onkentesunk\/\");<\/script><\/p>\n\n<p><\/p>\n","protected":false},"excerpt":{"rendered":"<p>Csatlakozz hozz\u00e1nk, \u00e9s fedezd fel, hogyan lehetsz akt\u00edv tagja a Greenpeace munk\u00e1j\u00e1nak! Egy\u00fctt val\u00f3di v\u00e1ltoz\u00e1st \u00e9rhet\u00fcnk el!<\/p>\n","protected":false},"author":19,"featured_media":12935,"parent":9,"menu_order":0,"comment_status":"closed","ping_status":"closed","template":"","meta":{"ep_exclude_from_search":false,"p4_hide_page_title_checkbox":"","p4_title":"","p4_subtitle":"","p4_description":"","background_image_id":"","background_image":"","p4_button_title":"","p4_button_link":"","p4_button_link_checkbox":"","p4_og_title":"","p4_og_description":"","p4_og_image":"","p4_og_image_id":"","p4_seo_canonical_url":"","p4_campaign_name":"not set","p4_local_project":"not set","p4_basket_name":"not set","p4_department":"","footnotes":""},"categories":[],"tags":[43],"class_list":["post-713","page","type-page","status-publish","has-post-thumbnail","hentry","tag-greenpeace-magyarorszag"],"_links":{"self":[{"href":"https:\/\/www.greenpeace.org\/hungary\/wp-json\/wp\/v2\/pages\/713","targetHints":{"allow":["GET"]}}],"collection":[{"href":"https:\/\/www.greenpeace.org\/hungary\/wp-json\/wp\/v2\/pages"}],"about":[{"href":"https:\/\/www.greenpeace.org\/hungary\/wp-json\/wp\/v2\/types\/page"}],"author":[{"embeddable":true,"href":"https:\/\/www.greenpeace.org\/hungary\/wp-json\/wp\/v2\/users\/19"}],"replies":[{"embeddable":true,"href":"https:\/\/www.greenpeace.org\/hungary\/wp-json\/wp\/v2\/comments?post=713"}],"version-history":[{"count":18,"href":"https:\/\/www.greenpeace.org\/hungary\/wp-json\/wp\/v2\/pages\/713\/revisions"}],"predecessor-version":[{"id":13182,"href":"https:\/\/www.greenpeace.org\/hungary\/wp-json\/wp\/v2\/pages\/713\/revisions\/13182"}],"up":[{"embeddable":true,"href":"https:\/\/www.greenpeace.org\/hungary\/wp-json\/wp\/v2\/pages\/9"}],"wp:featuredmedia":[{"embeddable":true,"href":"https:\/\/www.greenpeace.org\/hungary\/wp-json\/wp\/v2\/media\/12935"}],"wp:attachment":[{"href":"https:\/\/www.greenpeace.org\/hungary\/wp-json\/wp\/v2\/media?parent=713"}],"wp:term":[{"taxonomy":"category","embeddable":true,"href":"https:\/\/www.greenpeace.org\/hungary\/wp-json\/wp\/v2\/categories?post=713"},{"taxonomy":"post_tag","embeddable":true,"href":"https:\/\/www.greenpeace.org\/hungary\/wp-json\/wp\/v2\/tags?post=713"}],"curies":[{"name":"wp","href":"https:\/\/api.w.org\/{rel}","templated":true}]}}