{"id":7193,"date":"2020-07-02T16:48:35","date_gmt":"2020-07-02T14:48:35","guid":{"rendered":"https:\/\/www.greenpeace.org\/hungary\/?page_id=7193"},"modified":"2024-03-26T12:40:21","modified_gmt":"2024-03-26T11:40:21","slug":"mmj2020-jatekszabalyzat","status":"publish","type":"page","link":"https:\/\/www.greenpeace.org\/hungary\/mmj2020-jatekszabalyzat\/","title":{"rendered":"J\u00e1t\u00e9kszab\u00e1lyzat: \u201eM\u0171anyagmentes j\u00falius\u201d kih\u00edv\u00e1s"},"content":{"rendered":"\n                    <div class=\"wp-block-group is-vertical is-layout-flex wp-container-core-group-is-layout-8cf370e7 wp-block-group-is-layout-flex\">\n                    \n\n                    \n                    <\/div>\n                    <p>                <strong> 1. A j\u00e1t\u00e9k szervez\u0151je \u00e9s c\u00e9lja<\/strong><\/p>\n<p>A Greenpeace Magyarorsz\u00e1g Egyes\u00fclet (1143 Budapest, Z\u00e1szl\u00f3s utca 54., tov\u00e1bbiakban Szervez\u0151) \u201eM\u0171anyagmentes j\u00falius\u201d elnevez\u00e9s\u0171 j\u00e1t\u00e9kot szervez. A j\u00e1t\u00e9k szab\u00e1lyait a k\u00f6vetkez\u0151k szerint hat\u00e1rozza meg.<\/p>\n<p><strong> 2. A j\u00e1t\u00e9k ideje \u00e9s helye<\/strong><\/p>\n<p>A j\u00e1t\u00e9k 2020. j\u00falius 1-t\u0151l 2020. j\u00falius 31. 23:00-ig, Magyarorsz\u00e1g ter\u00fclet\u00e9n ker\u00fcl lebonyol\u00edt\u00e1sra, a Facebook \u00e9s Instagram nev\u0171 k\u00f6z\u00f6ss\u00e9gi oldalakon (<a href=\"https:\/\/www.facebook.com\/greenpeace.hu\/\">https:\/\/www.facebook.com\/greenpeace.hu\/<\/a> \u00e9s<\/p>\n<p><a href=\"https:\/\/www.instagram.com\/greenpeacehu\/\">https:\/\/www.instagram.com\/greenpeacehu\/<\/a>) (a tov\u00e1bbiakban csak \u201ea j\u00e1t\u00e9k ideje\u201c \u00e9s \u201ea j\u00e1t\u00e9k helye\u201c).<\/p>\n<p><strong> 3. R\u00e9szv\u00e9tel a j\u00e1t\u00e9kban<\/strong><\/p>\n<p>3.1 A j\u00e1t\u00e9kban Magyarorsz\u00e1g ter\u00fclet\u00e9n k\u00e9zbes\u00edt\u00e9si c\u00edmmel rendelkez\u0151, 14 \u00e9vesn\u00e9l id\u0151sebb, term\u00e9szetes szem\u00e9ly vehet r\u00e9szt, aki a 3.2. szerinti regisztr\u00e1ci\u00f3val egyr\u00e9szt hozz\u00e1j\u00e1rul az adatai kezel\u00e9s\u00e9hez (6.6.), m\u00e1sr\u00e9szt elfogadja e j\u00e1t\u00e9kszab\u00e1lyzatot.<\/p>\n<p>3.2 A r\u00e9sztvev\u0151 a <a href=\"http:\/\/www.facebook.com\">www.facebook.com<\/a> \u00e9s\/vagy <a href=\"http:\/\/www.instagram.com\">www.instagram.com<\/a> internetes oldalon felt\u00f6lti a j\u00e1t\u00e9kba nevezett fot\u00f3j\u00e1t\/vide\u00f3j\u00e1t, nyilv\u00e1noss\u00e1 \u00e9s megoszthat\u00f3v\u00e1 t\u00e9ve ezeket, \u00a0majd regisztr\u00e1l a <a href=\"https:\/\/www.facebook.com\/greenpeace.hu\/\">https:\/\/www.facebook.com\/greenpeace.hu\/<\/a> \u00e9s\/vagy az <a href=\"https:\/\/www.instagram.com\/greenpeacehu\/\">https:\/\/www.instagram.com\/greenpeacehu\/<\/a> oldalon k\u00f6zz\u00e9tett, \u201eM\u0171anyagmentes J\u00falius\u201d elnevez\u00e9s\u0171 j\u00e1t\u00e9kban, \u00f6sszekapcsolva a felt\u00f6lt\u00f6tt \u00e9s nyilv\u00e1noss\u00e1 tett fot\u00f3t\/vide\u00f3t a regisztr\u00e1ci\u00f3val (regisztr\u00e1lt term\u00e9szetes szem\u00e9llyel vagy felhaszn\u00e1l\u00f3val).<\/p>\n<p>A j\u00e1t\u00e9k kih\u00edv\u00e1sainak teljes\u00edt\u00e9s\u00e9t bemutat\u00f3 f\u00e9nyk\u00e9pet \u00e9s\/vagy vide\u00f3t tesz k\u00f6zz\u00e9 az al\u00e1bbiak k\u00f6z\u00fcl legal\u00e1bb egy kateg\u00f3ri\u00e1ban:<\/p>\n<ul>\n<li>M\u0171anyagmentes bev\u00e1s\u00e1rl\u00e1s<\/li>\n<li>Egy m\u0171anyagmentes nap a v\u00e1rosban<\/li>\n<li>M\u0171anyagmentes piknik, bar\u00e1ti \u00f6sszej\u00f6vetel<\/li>\n<li>Legal\u00e1bb egy ember meggy\u0151z\u00e9se, hogy csatlakozzon a M\u0171anyagmentes J\u00falius kih\u00edv\u00e1shoz<\/li>\n<\/ul>\n<p>R\u00e9sztvev\u0151 akkor teljes\u00edti a kih\u00edv\u00e1st, ha a bev\u00e1s\u00e1rl\u00e1st, vagy a napi v\u00e1rosi \u00e9letet, vagy pikniket, vagy \u00f6sszej\u00f6vetelt m\u0171anyagmentesen bonyol\u00edtja le, \u00e9s a m\u0171anyag helyettes\u00edt\u00e9s\u00e9t k\u00f6rnyezetk\u00edm\u00e9l\u0151 m\u00f3don oldja meg, \u00e9s mindezt f\u00e9nyk\u00e9ppel \u00e9s\/vagy vide\u00f3val dokument\u00e1lja, vagy f\u00e9nyk\u00e9ppel\/vide\u00f3val dokument\u00e1ltan meggy\u0151z\u00f6tt m\u00e9g egy embert a M\u0171anyagmentes J\u00falius kih\u00edv\u00e1shoz val\u00f3 csatlakoz\u00e1sr\u00f3l.<\/p>\n<p>A R\u00e9sztvev\u0151 a kih\u00edv\u00e1s teljes\u00edt\u00e9s\u00e9t bemutat\u00f3\/dokument\u00e1l\u00f3 f\u00e9nyk\u00e9pet \u00e9s\/vagy vide\u00f3t a Facebook \u00e9s\/vagy Instagram fel\u00fclet\u00e9n maga teszi k\u00f6zz\u00e9 a #m\u0171anyagmentesj\u00falius \u00e9s #m\u0171anyagmenteskih\u00edv\u00e1s hashtagek haszn\u00e1lat\u00e1val. Facebook fel\u00fcleten t\u00f6rt\u00e9n\u0151 k\u00f6zz\u00e9t\u00e9teln\u00e9l megjel\u00f6li (betageli) a Greenpeace Magyarorsz\u00e1g Facebook-oldal\u00e1t (<a href=\"https:\/\/www.facebook.com\/greenpeace.hu\/\">https:\/\/www.facebook.com\/greenpeace.hu\/<\/a>), Instagram fel\u00fcleten t\u00f6rt\u00e9n\u0151 k\u00f6zz\u00e9t\u00e9teln\u00e9l megjel\u00f6li (betageli) a Greenpeace Magyarorsz\u00e1g Instagram oldal\u00e1t (<a href=\"https:\/\/www.instagram.com\/greenpeacehu\/\">https:\/\/www.instagram.com\/greenpeacehu\/<\/a>).<\/p>\n<p>3.3 A R\u00e9sztvev\u0151 a j\u00e1t\u00e9kban t\u00f6bb poszttal is r\u00e9szt vehet a Facebook \u00e9s az Instagram fel\u00fclet\u00e9n is.<\/p>\n<p>3.4 A j\u00e1t\u00e9kban r\u00e9szt venni \u00e9s nyerni csakis a j\u00e1t\u00e9kfelt\u00e9telek marad\u00e9ktalan teljes\u00edt\u00e9s\u00e9vel (hi\u00e1nytalan regisztr\u00e1ci\u00f3, a j\u00e1t\u00e9kszab\u00e1lyzat elfogad\u00e1sa, az adatv\u00e9delmi szab\u00e1lyok elfogad\u00e1sa, szab\u00e1lyoknak megfelel\u0151 k\u00e9p v. vide\u00f3 bek\u00fcld\u00e9se) lehet. \u00a0A felt\u00e9telek teljes\u00edt\u00e9s\u00e9nek elb\u00edr\u00e1l\u00e1sa a Szervez\u0151 feladata \u00e9s joga.<\/p>\n<p><strong>4. A j\u00e1t\u00e9k nyerem\u00e9nyei, a j\u00e1t\u00e9k menete, a nyertes meghat\u00e1roz\u00e1s\u00e1nak mechanizmusa<\/strong><\/p>\n<p>4.1 Jelen j\u00e1t\u00e9k nyerem\u00e9nyei:<\/p>\n<p>1 db Greenpeace-log\u00f3val ell\u00e1tott v\u00e1szont\u00e1ska, 2 db Greenpeace-log\u00f3val ell\u00e1tott bev\u00e1s\u00e1rl\u00f3zs\u00e1k, 1 db Greenpeace-log\u00f3val ell\u00e1tott p\u00f3l\u00f3 \u00e9s 1 darab Greenpeace-log\u00f3val ell\u00e1tott maszk.<\/p>\n<p>A R\u00e9sztvev\u0151 k\u00f6zvetlen\u00fcl az e szab\u00e1lyzat 3.2 cikk\u00e9ben le\u00edrtak szerint t\u00f6ltheti fel a k\u00e9pet \u00e9s\/vagy vide\u00f3t. A gy\u0151zteseket kateg\u00f3ri\u00e1nk\u00e9nt a j\u00e1t\u00e9k szervez\u0151je \u00e1ltal meghat\u00e1rozott zs\u0171ri v\u00e1lasztja ki. A zs\u0171ri az e szab\u00e1lyzat 3.2 cikk\u00e9ben felsorolt kateg\u00f3ri\u00e1kon bel\u00fcl 1-1 nyertest v\u00e1laszt ki, \u00edgy 4 db nyertese lesz a j\u00e1t\u00e9knak az \u00f6sszes szab\u00e1lyosan j\u00e1tsz\u00f3 R\u00e9sztvev\u0151 k\u00f6z\u00fcl. A zs\u0171ri a j\u00e1t\u00e9k egyes kateg\u00f3ri\u00e1in bel\u00fcl azt a r\u00e9sztvev\u0151t d\u00edjazza, aki a m\u0171anyagmentess\u00e9g kih\u00edv\u00e1s\u00e1nak legteljesebben felel meg, a m\u0171anyagok haszn\u00e1lat\u00e1nak kiv\u00e1lt\u00e1s\u00e1t gyakorlatiasan, eredeti m\u00f3don oldja meg, a kih\u00edv\u00e1s dokument\u00e1l\u00e1sa pedig ennek megfelel\u0151.<\/p>\n<p><strong> 5. A nyerem\u00e9nyek \u00e1tad\u00e1sa a nyertesnek<\/strong><\/p>\n<p>5.1 Szervez\u0151 a p\u00e1ly\u00e1zatok ki\u00e9rt\u00e9kel\u00e9s\u00e9t k\u00f6vet\u0151en Facebook \u00e9s Instagram bejegyz\u00e9sben teszi k\u00f6zz\u00e9 a j\u00e1t\u00e9k nyerteseinek nev\u00e9t (Facebook vagy Instagram felhaszn\u00e1l\u00f3i nev\u00e9t) 2020. augusztus 10-ig. A nyerteseknek legk\u00e9s\u0151bb 2020. augusztus 31-ig kell jelentkezni\u00fck a j\u00e1t\u00e9k eredm\u00e9nyhirdet\u00e9s\u00e9nek bejegyz\u00e9s\u00e9ben megadott m\u00f3don. Szervez\u0151 a nyerem\u00e9nyeket a nyertesek \u00e1ltal a megadott postai c\u00edmre juttatja el.<\/p>\n<p>5.2 A Szervez\u0151 fenntartja mag\u00e1nak a jogot arra, hogy a j\u00e1t\u00e9kb\u00f3l kiz\u00e1rja azt a R\u00e9sztvev\u0151t, akivel kapcsolatban felmer\u00fcl a j\u00e1t\u00e9k eredm\u00e9ny\u00e9nek k\u00f6zvetlen, vagy k\u00f6zvetett \u00faton t\u00f6rt\u00e9n\u0151 tisztess\u00e9gtelen befoly\u00e1sol\u00e1sa, vagy akinek elj\u00e1r\u00e1sa tisztess\u00e9gtelen, a j\u00f3 erk\u00f6lcsbe \u00fctk\u00f6zik, a j\u00f3 \u00edzl\u00e9st s\u00e9rti. A Szervez\u0151 fenntartja mag\u00e1nak a jogot arra, hogy ne \u00edt\u00e9lje oda, vagy ne adja ki a nyerem\u00e9nyeket annak a nyertes R\u00e9sztvev\u0151nek, akivel kapcsolatban felmer\u00fcl a j\u00e1t\u00e9k szab\u00e1lyainak megszeg\u00e9se. R\u00e9sztvev\u0151 felel\u0151ss\u00e9get v\u00e1llal a felt\u00f6lt\u00f6tt adatok\u00e9rt (ide\u00e9rtve a fot\u00f3t \u00e9s vide\u00f3t is) helyt\u00e1ll azok jogszer\u0171s\u00e9g\u00e9\u00e9rt.<\/p>\n<p>5.3 Amennyiben a nyertessel nem siker\u00fcl kapcsolatba l\u00e9pni, vagy a nyertes megtagadja a nyerem\u00e9ny \u00e1tv\u00e9tel\u00e9t, vagy bebizonyosodik, hogy a regisztr\u00e1l\u00e1sa nem felel meg a j\u00e1t\u00e9kszab\u00e1lyoknak, elveszti a nyerem\u00e9nyre vonatkoz\u00f3 jogosults\u00e1g\u00e1t.<\/p>\n<p><strong> 6. Z\u00e1r\u00f3 rendelkez\u00e9sek<\/strong><\/p>\n<p>6.1 A Szervez\u0151 nem felel az interneth\u00e1l\u00f3zat, vagy m\u00e1s elektronikus eszk\u00f6z k\u00f6zvet\u00edt\u00e9s\u00e9vel t\u00f6rt\u00e9n\u0151 adat\u00e1tviteln\u00e9l bek\u00f6vetkezett technikai probl\u00e9m\u00e1k\u00e9rt. A Szervez\u0151 nem felel a postai k\u00e9zbes\u00edt\u00e9s k\u00e9sedelm\u00e9\u00e9rt, vagy annak meghi\u00fasul\u00e1s\u00e1\u00e9rt (pl. elveszett k\u00fcldem\u00e9ny). Szervez\u0151 nem felel a R\u00e9sztvev\u0151 \u00e1ltal megadott adatok\u00e9rt (ide\u00e9rtve a felt\u00f6lt\u00f6tt fot\u00f3t \u00e9s vide\u00f3t is).<\/p>\n<p>6.2 A r\u00e9sztvev\u0151 a j\u00e1t\u00e9kban val\u00f3 r\u00e9szv\u00e9tellel elfogadja a j\u00e1t\u00e9k szab\u00e1lyait \u00e9s v\u00e1llalja azok betart\u00e1s\u00e1t. A j\u00e1t\u00e9kra a magyar jogszab\u00e1lyok \u00e9rv\u00e9nyesek.<\/p>\n<p>6.3 Szervez\u0151 a J\u00e1t\u00e9kot felf\u00fcggesztheti vagy t\u00f6r\u00f6lheti, ill. a j\u00e1t\u00e9kszab\u00e1lyzatot m\u00f3dos\u00edthatja egyszer\u0171 k\u00f6zlem\u00e9nnyel a Facebook \u00fczen\u0151oldal\u00e1n indokol\u00e1s \u00e9s k\u00e1rt\u00e9r\u00edt\u00e9si k\u00f6telezetts\u00e9g n\u00e9lk\u00fcl. A szervez\u0151 fenntartja mag\u00e1nak a jogot a nyerem\u00e9ny m\u00e1s, hasonl\u00f3 t\u00edpus\u00fa \u00e9s \u00e9rt\u00e9k\u00e9ben megfelel\u0151 nyerem\u00e9nnyel val\u00f3 helyettes\u00edt\u00e9s\u00e9re.<\/p>\n<p>6.4 A j\u00e1t\u00e9kban val\u00f3 r\u00e9szv\u00e9tel ingyenes; a r\u00e9szv\u00e9tel\u00e9rt p\u00e9nz, ill. a t\u00e1rgynyerem\u00e9ny helyett p\u00e9nz k\u00f6vetel\u00e9se kiz\u00e1rt. A r\u00e9sztvev\u0151 nem jogosult t\u00e1rgynyerem\u00e9ny-cser\u00e9t k\u00f6vetelni. A Szervez\u0151 nem felel olyan k\u00e1r\u00e9rt, amit a r\u00e9sztvev\u0151 esetleg a j\u00e1t\u00e9kban val\u00f3 r\u00e9szv\u00e9tel, vagy a megszerzett nyerem\u00e9ny \u00e1ltal szenved el. A nyerem\u00e9ny nett\u00f3 nyerem\u00e9ny, ut\u00e1na az ad\u00f3t \u00e9s k\u00f6zterheket Szervez\u0151 fizeti meg.<\/p>\n<p>6.5\u00a0A r\u00e9sztvev\u0151 a j\u00e1t\u00e9kra t\u00f6rt\u00e9n\u0151 regisztr\u00e1l\u00e1ssal hozz\u00e1j\u00e1rul ahhoz, hogy a nev\u00e9t\u00a0\u00a0ill. nyertess\u00e9ge eset\u00e9n nyerem\u00e9ny\u00e9t (\u00e9s ennek \u00e9rt\u00e9k\u00e9t) a Szervez\u0151 k\u00f6zz\u00e9tegye ill. prom\u00f3ci\u00f3s c\u00e9lra felhaszn\u00e1lhassa\u00a0a\u00a0j\u00e1t\u00e9kkal \/ m\u0171anyagmentes kamp\u00e1nnyal kapcsolatban,\u00a0de legfeljebb 2020. szeptember 30.-ig.; tov\u00e1bb\u00e1 r\u00e9sztvev\u0151 a j\u00e1t\u00e9kra t\u00f6rt\u00e9n\u0151 regisztr\u00e1l\u00e1ssal hozz\u00e1j\u00e1rul ahhoz is, hogy Szervez\u0151 k\u00f6zz\u00e9tegye ill. prom\u00f3ci\u00f3s c\u00e9lra felhaszn\u00e1lja a felt\u00f6lt\u00f6tt fot\u00f3\/vide\u00f3t\u00a0id\u0151beli, t\u00e9rbeni \u00e9s alkalomsz\u00e1m korl\u00e1toz\u00e1s n\u00e9lk\u00fcl, ellen\u00e9rt\u00e9k fizet\u00e9se n\u00e9lk\u00fcl, amivel\u00a0R\u00e9sztvev\u0151 egyben a fot\u00f3\/vide\u00f3ra vonatkoz\u00f3 felhaszn\u00e1l\u00e1si jogokat is \u00e1tengedi Szervez\u0151 r\u00e9sz\u00e9re id\u0151ben \u00e9s t\u00e9rben korl\u00e1tlanul, ellen\u00e9rt\u00e9k fizet\u00e9se n\u00e9lk\u00fcl.<\/p>\n<p>6.6 A R\u00e9sztvev\u0151 (vagy t\u00f6rv\u00e9nyes k\u00e9pvisel\u0151je) a j\u00e1t\u00e9kra t\u00f6rt\u00e9nt regisztr\u00e1l\u00e1ssal hozz\u00e1j\u00e1rul ahhoz, hogy a regisztr\u00e1ci\u00f3ban megadott szem\u00e9lyes adatait \u00a0Szervez\u0151, mint adatkezel\u0151 a j\u00e1t\u00e9k lebonyol\u00edt\u00e1sa, ill. prom\u00f3ci\u00f3s (kamp\u00e1ny) c\u00e9lj\u00e1b\u00f3l, ill. az ahhoz f\u0171z\u0151d\u0151 k\u00f6telezetts\u00e9gei teljes\u00edt\u00e9s\u00e9hez \u00e9s idej\u00e9ig kezelhesse az Adatv\u00e9delmi szab\u00e1lyzata szerint. Szervez\u0151 az adatok tov\u00e1bbad\u00e1s\u00e1ra nem jogosult. R\u00e9sztvev\u0151 a nyilv\u00e1ntartott adatair\u00f3l b\u00e1rmikor t\u00e9r\u00edt\u00e9smentesen t\u00e1j\u00e9koztat\u00e1st k\u00e9rhet, az adatait t\u00e9r\u00edt\u00e9smentesen megv\u00e1ltoztathatja, vagy t\u00f6r\u00f6ltetheti, amely k\u00e9r\u00e9seknek Szervez\u0151 a 2011. \u00e9vi CXII. t\u00f6rv\u00e9ny rendelkez\u00e9seinek megfelel\u0151en tesz eleget. Mindazon\u00e1ltal R\u00e9sztvev\u0151 tudom\u00e1sul veszi, hogy adatai t\u00f6r\u00f6ltet\u00e9se eset\u00e9n az esetleges nyerem\u00e9ny k\u00e9zbes\u00edt\u00e9se nem lehets\u00e9ges. Jogorvoslati k\u00e9relemmel, panaszkezel\u00e9ssel a Nemzeti Adatv\u00e9delmi \u00e9s Inform\u00e1ci\u00f3szabads\u00e1g Hat\u00f3s\u00e1gn\u00e1l (1125 Budapest Szil\u00e1gyi Erzs\u00e9bet fasor 22\/c. Postac\u00edm: 1530 Budapest, Pf.: 5.) lehet \u00e9lni, vagy a lak\u00f3hely szerinti\u00a0\u00a0 b\u00edr\u00f3s\u00e1ghoz lehet fordulni. Az adatok t\u00e1rol\u00e1s\u00e1t, kezel\u00e9s\u00e9t Szervez\u0151 a saj\u00e1t informatikai rendszer\u00e9n kereszt\u00fcl biztos\u00edtja.<\/p>\n<p>6.7 Kiz\u00e1rt a j\u00e1t\u00e9kb\u00f3l a j\u00e1t\u00e9k Szervez\u0151j\u00e9nek minden dolgoz\u00f3ja, a j\u00e1t\u00e9k szervez\u00e9s\u00e9ben a Szervez\u0151vel m\u00e1sk\u00e9pp egy\u00fcttm\u0171k\u00f6d\u0151 term\u00e9szetes szem\u00e9lyek, valamint a fentebb eml\u00edtett \u00f6sszes szem\u00e9ly Ptk. 8:1. \u00a7 (1) bekezd\u00e9s 1. pontja szerinti k\u00f6zeli hozz\u00e1tartoz\u00f3ja. Amennyiben egy ilyen kiz\u00e1rt szem\u00e9ly a nyertes, a Szervez\u0151, a nyerem\u00e9nyt \u2013 saj\u00e1t bel\u00e1t\u00e1sa szerint \u2013 a jelen szab\u00e1lyzat alapj\u00e1n k\u00f6vetkez\u0151, tov\u00e1bbi R\u00e9sztvev\u0151nek adhatja, ill. m\u00e1s marketing- vagy j\u00f3t\u00e9konys\u00e1gi c\u00e9lokra ford\u00edthatja.<\/p>\n<p>6.8 A szervez\u0151 kijelenti, hogy a Facebook t\u00e1rsas\u00e1g \u00e9s az Instagram k\u00f6z\u00f6ss\u00e9gi platform e j\u00e1t\u00e9k\u00e9rt nem felel, ill. hogy a Facebook t\u00e1rsas\u00e1g \u00e9s az Instagram k\u00f6z\u00f6ss\u00e9gi platform a j\u00e1t\u00e9kot nem szponzor\u00e1lja, nem t\u00e1mogatja vagy kezeli, s azzal nincs semmilyen kapcsolatban.<\/p>\n<p>6.9 A teljes szab\u00e1lyzat a Greenpeace Magyarorsz\u00e1g weboldal\u00e1n ker\u00fcl k\u00f6zz\u00e9t\u00e9telre. Amennyiben b\u00e1rmely, a jelen j\u00e1t\u00e9kot bemutat\u00f3 rekl\u00e1manyagon felt\u00fcntetett, r\u00f6vid\u00edtett szab\u00e1lyzat \u00e9s a j\u00e1t\u00e9k oldalain k\u00f6zz\u00e9tett, jelen teljes szab\u00e1lyzat sz\u00f6vege k\u00f6z\u00f6tt elt\u00e9r\u00e9s van, a jelen teljes szab\u00e1lyzat az ir\u00e1nyad\u00f3.<\/p>\n<p>Kelt: Budapest, 2020.07.01.<\/p>\n","protected":false},"excerpt":{"rendered":"<p>1. A j\u00e1t\u00e9k szervez\u0151je \u00e9s c\u00e9lja A Greenpeace Magyarorsz\u00e1g Egyes\u00fclet (1143 Budapest, Z\u00e1szl\u00f3s utca 54., tov\u00e1bbiakban Szervez\u0151) \u201eM\u0171anyagmentes j\u00falius\u201d elnevez\u00e9s\u0171 j\u00e1t\u00e9kot szervez. A j\u00e1t\u00e9k szab\u00e1lyait a k\u00f6vetkez\u0151k szerint hat\u00e1rozza meg. 2. A j\u00e1t\u00e9k ideje \u00e9s helye A j\u00e1t\u00e9k 2020. j\u00falius 1-t\u0151l 2020. j\u00falius 31. 23:00-ig, Magyarorsz\u00e1g ter\u00fclet\u00e9n ker\u00fcl lebonyol\u00edt\u00e1sra, a Facebook \u00e9s Instagram nev\u0171 k\u00f6z\u00f6ss\u00e9gi [&hellip;]<\/p>\n","protected":false},"author":25,"featured_media":0,"parent":0,"menu_order":0,"comment_status":"closed","ping_status":"closed","template":"page-templates\/evergreen.php","meta":{"ep_exclude_from_search":false,"p4_hide_page_title_checkbox":"","p4_title":"","p4_subtitle":"","p4_description":"","background_image_id":"","background_image":"","p4_button_title":"","p4_button_link":"","p4_button_link_checkbox":"","p4_og_title":"","p4_og_description":"","p4_og_image":"","p4_og_image_id":"","p4_seo_canonical_url":"","p4_campaign_name":"not set","p4_local_project":"not set","p4_basket_name":"not set","p4_department":"","footnotes":""},"categories":[4,3],"tags":[23],"class_list":["post-7193","page","type-page","status-publish","hentry","category-ember-tarsadalom","category-termeszet-kornyezet","tag-muanyag"],"_links":{"self":[{"href":"https:\/\/www.greenpeace.org\/hungary\/wp-json\/wp\/v2\/pages\/7193","targetHints":{"allow":["GET"]}}],"collection":[{"href":"https:\/\/www.greenpeace.org\/hungary\/wp-json\/wp\/v2\/pages"}],"about":[{"href":"https:\/\/www.greenpeace.org\/hungary\/wp-json\/wp\/v2\/types\/page"}],"author":[{"embeddable":true,"href":"https:\/\/www.greenpeace.org\/hungary\/wp-json\/wp\/v2\/users\/25"}],"replies":[{"embeddable":true,"href":"https:\/\/www.greenpeace.org\/hungary\/wp-json\/wp\/v2\/comments?post=7193"}],"version-history":[{"count":3,"href":"https:\/\/www.greenpeace.org\/hungary\/wp-json\/wp\/v2\/pages\/7193\/revisions"}],"predecessor-version":[{"id":10895,"href":"https:\/\/www.greenpeace.org\/hungary\/wp-json\/wp\/v2\/pages\/7193\/revisions\/10895"}],"wp:attachment":[{"href":"https:\/\/www.greenpeace.org\/hungary\/wp-json\/wp\/v2\/media?parent=7193"}],"wp:term":[{"taxonomy":"category","embeddable":true,"href":"https:\/\/www.greenpeace.org\/hungary\/wp-json\/wp\/v2\/categories?post=7193"},{"taxonomy":"post_tag","embeddable":true,"href":"https:\/\/www.greenpeace.org\/hungary\/wp-json\/wp\/v2\/tags?post=7193"}],"curies":[{"name":"wp","href":"https:\/\/api.w.org\/{rel}","templated":true}]}}