{"id":7458,"date":"2020-09-13T19:36:07","date_gmt":"2020-09-13T17:36:07","guid":{"rendered":"https:\/\/www.greenpeace.org\/hungary\/?page_id=7458"},"modified":"2025-07-02T09:16:34","modified_gmt":"2025-07-02T07:16:34","slug":"a-greenpeace-9-pontos-javaslatcsomagja-a-kozlekedes-atalakitasahoz","status":"publish","type":"page","link":"https:\/\/www.greenpeace.org\/hungary\/a-greenpeace-9-pontos-javaslatcsomagja-a-kozlekedes-atalakitasahoz\/","title":{"rendered":"A Greenpeace 9 pontos javaslatcsomagja a k\u00f6zleked\u00e9s \u00e1talak\u00edt\u00e1s\u00e1hoz"},"content":{"rendered":"\n<h3 class=\"wp-block-heading\">Mi sz\u00fcks\u00e9ges ahhoz, hogy 2040-re z\u00e9r\u00f3 kibocs\u00e1t\u00e1s\u00fav\u00e1 tegy\u00fck a k\u00f6zleked\u00e9si \u00e1gazatot Eur\u00f3p\u00e1ban?<\/h3>\n\n<ol class=\"wp-block-list\"><li style=\"padding-bottom:1rem;\">Legk\u00e9s\u0151bb 2028-ig meg kell sz\u00fcntetni az \u00faj d\u00edzel-, benzin- \u00e9s hibrid\u00fczem\u0171 j\u00e1rm\u0171vek forgalmaz\u00e1s\u00e1t, \u00e9s 2040-re az \u00f6sszes bels\u0151 \u00e9g\u00e9s\u0171 motoros j\u00e1rm\u0171vet ki kell vonni a forgalomb\u00f3l Eur\u00f3p\u00e1ban.<\/li><li style=\"padding-bottom:1rem;\">A k\u00f6nny\u0171 j\u00e1rm\u0171flotta (szem\u00e9lyaut\u00f3k, furgonok, kisteheraut\u00f3k stb.) m\u00e9ret\u00e9t 2030-ig 27%-kal, 2040-ig 47%-kal kell cs\u00f6kkenteni a 2015-\u00f6s m\u00e9ret\u00e9hez k\u00e9pest.<\/li><li style=\"padding-bottom:1rem;\">2020 \u00e9s 2050 k\u00f6z\u00f6tt az \u00f6sszes fennmarad\u00f3 szem\u00e9lysz\u00e1ll\u00edt\u00e1s kihaszn\u00e1lts\u00e1g\u00e1t 25%-kal, \u00e9s a k\u00f6nny\u0171 haszong\u00e9pj\u00e1rm\u0171vek\u00e9t 20%-kal kell megn\u00f6velni.<\/li><li style=\"padding-bottom:1rem;\">2040-re 62%-r\u00f3l 42%-ra kell cs\u00f6kkenteni a mag\u00e1ng\u00e9pj\u00e1rm\u0171vek haszn\u00e1lat\u00e1t a nagyv\u00e1rosi k\u00f6zleked\u00e9sben. A v\u00e1rosk\u00f6zpontokban m\u00e9g enn\u00e9l is jelent\u0151sebben kell cs\u00f6kkenteni a mag\u00e1ng\u00e9pj\u00e1rm\u0171vek haszn\u00e1lat\u00e1t \u00e9s el\u0151nyben r\u00e9szes\u00edteni a k\u00f6z\u00f6ss\u00e9gi k\u00f6zleked\u00e9st, valamint a gyalogos \u00e9s ker\u00e9kp\u00e1ros k\u00f6zleked\u00e9st.<\/li><li style=\"padding-bottom:1rem;\">2040-re a mostanin\u00e1l 12%-kal kevesebbet kellene motoros j\u00e1rm\u0171vel utaznunk a koronav\u00edrus-j\u00e1rv\u00e1ny el\u0151tti szinthez k\u00e9pest. A rep\u00fcl\u00e9s eset\u00e9ben m\u00e9g enn\u00e9l is nagyobb, legal\u00e1bb 33%-os cs\u00f6kken\u00e9sre van sz\u00fcks\u00e9g.<\/li><li style=\"padding-bottom:1rem;\">2040-re 6 milli\u00f3r\u00f3l 3,6 milli\u00f3ra kell cs\u00f6kkenteni az eur\u00f3pai utakon a teheraut\u00f3k sz\u00e1m\u00e1t, \u00e9s meg kell dupl\u00e1zni Eur\u00f3p\u00e1ban a v\u00edzi \u00e9s a vas\u00fati k\u00f6zleked\u00e9s ar\u00e1ny\u00e1t 29%-r\u00f3l 58%-ra.<\/li><li style=\"padding-bottom:1rem;\">A meg\u00fajul\u00f3 energi\u00e1val el\u0151\u00e1ll\u00edtott szintetikus \u00fczemanyagok haszn\u00e1lat\u00e1t olyan k\u00f6zleked\u00e9si m\u00f3dokra kell korl\u00e1tozni, amelyeknek nincsenek alternat\u00edv\u00e1i &#8211; p\u00e9ld\u00e1ul a rep\u00fcl\u00e9sre.<\/li><li style=\"padding-bottom:1rem;\">Az \u00f6sszes rep\u00fclt utaskilom\u00e9tert 33%-kal kell cs\u00f6kkenteni 2040-re, amennyiben elegend\u0151 meg\u00fajul\u00f3 alap\u00fa szintetikus \u00fczemanyagot tudunk el\u0151\u00e1ll\u00edtani. Az ilyen \u201eE-\u00fczemanyagok\u201d azonban kor\u00e1ntsem \u00e1llnak egyel\u0151re rendelkez\u00e9sre olyan sz\u00e9les k\u00f6rben, ami azt jelenti, hogy a l\u00e9giutak ar\u00e1ny\u00e1nak nagy val\u00f3sz\u00edn\u0171s\u00e9ggel sokkal tov\u00e1bb kell cs\u00f6kkennie 2040-ig.<\/li><li style=\"padding-bottom:1rem;\">2015-h\u00f6z k\u00e9pest 2040-re 63%-kal kell cs\u00f6kkenteni a sz\u00e1razf\u00f6ldi k\u00f6zleked\u00e9s, az \u00e1rusz\u00e1ll\u00edt\u00e1s \u00e9s a rep\u00fcl\u00e9s energiafogyaszt\u00e1s\u00e1t.<\/li><\/ol>\n\n<p>A javaslatokr\u00f3l r\u00e9szletesebben a Greenpeace megb\u00edz\u00e1s\u00e1b\u00f3l a Climact \u00e9s a New Climate Institute \u00e1ltal k\u00e9sz\u00edtett <a href=\"https:\/\/www.greenpeace.org\/belgium\/nl\/rapport\/17207\/a-radical-transformation-of-mobility-in-europe-exploring-the-decarbonisation-of-the-transport-sector-by-2040\/\" target=\"_blank\" rel=\"noreferrer noopener\">jelent\u00e9sben<\/a> olvashatsz, angol nyelven.<\/p>\n<div data-render=\"planet4-blocks\/gallery\" data-attributes=\"{&quot;attributes&quot;:{&quot;gallery_block_style&quot;:2,&quot;multiple_image&quot;:&quot;7459,7460,7461&quot;,&quot;gallery_block_focus_points&quot;:&quot;{\\&quot;7459\\&quot;:\\&quot;95% 44%\\&quot;,\\&quot;7460\\&quot;:\\&quot;50% 50%\\&quot;,\\&quot;7461\\&quot;:\\&quot;35% 52%\\&quot;}&quot;,&quot;image_data&quot;:[{&quot;url&quot;:&quot;https:\\\/\\\/www.greenpeace.org\\\/static\\\/planet4-hungary-stateless\\\/2020\\\/09\\\/1791799d-gp0stqchh_medium_res-1.jpg&quot;,&quot;focalPoint&quot;:{&quot;x&quot;:&quot;0.95&quot;,&quot;y&quot;:&quot;0.44&quot;},&quot;id&quot;:7459},{&quot;url&quot;:&quot;https:\\\/\\\/www.greenpeace.org\\\/static\\\/planet4-hungary-stateless\\\/2020\\\/09\\\/f9cb7b21-gp0stswcw_medium_res.jpg&quot;,&quot;focalPoint&quot;:{&quot;x&quot;:0.5,&quot;y&quot;:0.5},&quot;id&quot;:7460},{&quot;url&quot;:&quot;https:\\\/\\\/www.greenpeace.org\\\/static\\\/planet4-hungary-stateless\\\/2020\\\/09\\\/08547d05-gp03cpb_medium_res.jpg&quot;,&quot;focalPoint&quot;:{&quot;x&quot;:&quot;0.35&quot;,&quot;y&quot;:&quot;0.52&quot;},&quot;id&quot;:7461}],&quot;gallery_block_title&quot;:&quot;&quot;,&quot;gallery_block_description&quot;:&quot;&quot;,&quot;images&quot;:[{&quot;image_src&quot;:&quot;https:\\\/\\\/www.greenpeace.org\\\/static\\\/planet4-hungary-stateless\\\/2020\\\/09\\\/1791799d-gp0stqchh_medium_res-1-768x513.jpg&quot;,&quot;image_srcset&quot;:&quot;https:\\\/\\\/www.greenpeace.org\\\/static\\\/planet4-hungary-stateless\\\/2020\\\/09\\\/1791799d-gp0stqchh_medium_res-1-768x513.jpg 768w, https:\\\/\\\/www.greenpeace.org\\\/static\\\/planet4-hungary-stateless\\\/2020\\\/09\\\/1791799d-gp0stqchh_medium_res-1-300x200.jpg 300w, https:\\\/\\\/www.greenpeace.org\\\/static\\\/planet4-hungary-stateless\\\/2020\\\/09\\\/1791799d-gp0stqchh_medium_res-1-1024x684.jpg 1024w, https:\\\/\\\/www.greenpeace.org\\\/static\\\/planet4-hungary-stateless\\\/2020\\\/09\\\/1791799d-gp0stqchh_medium_res-1-510x340.jpg 510w, https:\\\/\\\/www.greenpeace.org\\\/static\\\/planet4-hungary-stateless\\\/2020\\\/09\\\/1791799d-gp0stqchh_medium_res-1.jpg 1200w&quot;,&quot;image_sizes&quot;:&quot;(max-width: 768px) 100vw, 768px&quot;,&quot;alt_text&quot;:&quot;&quot;,&quot;caption&quot;:&quot;Six thousands people gathered together on a rainy day to protest against the oldest nuclear power plant in Europe, the Swiss Beznau Nuclear Power Plant, and to support with their walk a nuclear exit for Switzerland.\\n6000 Menschen haben sich an einem regnerischen Tag zusammen geschlossen um gemeinsam mit ihrem Marsch gegen das \\u00e4lteste Atomkraftwerk zu protestieren und f\\u00fcr den Atomausstieg.&quot;,&quot;focus_image&quot;:&quot;95% 44%&quot;,&quot;credits&quot;:&quot;&quot;},{&quot;image_src&quot;:&quot;https:\\\/\\\/www.greenpeace.org\\\/static\\\/planet4-hungary-stateless\\\/2020\\\/09\\\/f9cb7b21-gp0stswcw_medium_res-768x565.jpg&quot;,&quot;image_srcset&quot;:&quot;https:\\\/\\\/www.greenpeace.org\\\/static\\\/planet4-hungary-stateless\\\/2020\\\/09\\\/f9cb7b21-gp0stswcw_medium_res-768x565.jpg 768w, https:\\\/\\\/www.greenpeace.org\\\/static\\\/planet4-hungary-stateless\\\/2020\\\/09\\\/f9cb7b21-gp0stswcw_medium_res-300x221.jpg 300w, https:\\\/\\\/www.greenpeace.org\\\/static\\\/planet4-hungary-stateless\\\/2020\\\/09\\\/f9cb7b21-gp0stswcw_medium_res-1024x753.jpg 1024w, https:\\\/\\\/www.greenpeace.org\\\/static\\\/planet4-hungary-stateless\\\/2020\\\/09\\\/f9cb7b21-gp0stswcw_medium_res-462x340.jpg 462w, https:\\\/\\\/www.greenpeace.org\\\/static\\\/planet4-hungary-stateless\\\/2020\\\/09\\\/f9cb7b21-gp0stswcw_medium_res.jpg 1199w&quot;,&quot;image_sizes&quot;:&quot;(max-width: 768px) 100vw, 768px&quot;,&quot;alt_text&quot;:&quot;&quot;,&quot;caption&quot;:&quot;Slow traffic on motorway in Berlin.\\nStau auf Berliner Autobahn&quot;,&quot;focus_image&quot;:&quot;50% 50%&quot;,&quot;credits&quot;:&quot;&quot;},{&quot;image_src&quot;:&quot;https:\\\/\\\/www.greenpeace.org\\\/static\\\/planet4-hungary-stateless\\\/2020\\\/09\\\/08547d05-gp03cpb_medium_res-768x512.jpg&quot;,&quot;image_srcset&quot;:&quot;https:\\\/\\\/www.greenpeace.org\\\/static\\\/planet4-hungary-stateless\\\/2020\\\/09\\\/08547d05-gp03cpb_medium_res-768x512.jpg 768w, https:\\\/\\\/www.greenpeace.org\\\/static\\\/planet4-hungary-stateless\\\/2020\\\/09\\\/08547d05-gp03cpb_medium_res-300x200.jpg 300w, https:\\\/\\\/www.greenpeace.org\\\/static\\\/planet4-hungary-stateless\\\/2020\\\/09\\\/08547d05-gp03cpb_medium_res-1024x683.jpg 1024w, https:\\\/\\\/www.greenpeace.org\\\/static\\\/planet4-hungary-stateless\\\/2020\\\/09\\\/08547d05-gp03cpb_medium_res-510x340.jpg 510w, https:\\\/\\\/www.greenpeace.org\\\/static\\\/planet4-hungary-stateless\\\/2020\\\/09\\\/08547d05-gp03cpb_medium_res.jpg 1200w&quot;,&quot;image_sizes&quot;:&quot;(max-width: 768px) 100vw, 768px&quot;,&quot;alt_text&quot;:&quot;&quot;,&quot;caption&quot;:&quot;Manchester Airport in the City of Manchester within Greater Manchester. In 2010 it was 4th busiest airport in the United Kingdom in terms of passenger numbers, and the busiest airport in the UK outside the London region. It was also the 3rd busiest UK airport in terms of total aircraft movements, and the 24th busiest airport in Europe.   \\nThe airport has two parallel runways, three terminals, a goods terminal, and a ground transport interchange, including a railway station and is one of only 17 airports in the world with the highest &#039;Category 10&#039; rating enabling the airport to handle larger &#039;Code F&#039; aircrafts, meaning from September 2010 the airport could handle the world&#039;s largest passenger plane, the Airbus A380. On every flight to New York and back, each traveller emits about 1.2t of CO2, using Department for Transport figures. This compares to an average British personal total of 9.5t. To get down to a fair share of the world\\u2019s total, this must be cut by 87%, leaving 1.2t. Air travel is really worse than this because it puts out more pollution than just CO2. For example water vapour at high levels forms thin clouds that have a warming effect. We can see trails visibly blanketing the earth. This and other effects mean that air travel has more than twice the warming effect of the carbon dioxide alone. So each flight adds more to climate change than we should be emitting altogether.&quot;,&quot;focus_image&quot;:&quot;35% 52%&quot;,&quot;credits&quot;:&quot;&quot;}]}}\"><\/div>","protected":false},"excerpt":{"rendered":"<p>Mi sz\u00fcks\u00e9ges ahhoz, hogy 2040-re z\u00e9r\u00f3 kibocs\u00e1t\u00e1s\u00fav\u00e1 tegy\u00fck a k\u00f6zleked\u00e9si \u00e1gazatot Eur\u00f3p\u00e1ban? Legk\u00e9s\u0151bb 2028-ig meg kell sz\u00fcntetni az \u00faj d\u00edzel-, benzin- \u00e9s hibrid\u00fczem\u0171 j\u00e1rm\u0171vek forgalmaz\u00e1s\u00e1t, \u00e9s 2040-re az \u00f6sszes bels\u0151 \u00e9g\u00e9s\u0171 motoros j\u00e1rm\u0171vet ki kell vonni a forgalomb\u00f3l Eur\u00f3p\u00e1ban. A k\u00f6nny\u0171 j\u00e1rm\u0171flotta (szem\u00e9lyaut\u00f3k, furgonok, kisteheraut\u00f3k stb.) m\u00e9ret\u00e9t 2030-ig 27%-kal, 2040-ig 47%-kal kell cs\u00f6kkenteni a 2015-\u00f6s [&hellip;]<\/p>\n","protected":false},"author":19,"featured_media":7460,"parent":0,"menu_order":0,"comment_status":"closed","ping_status":"closed","template":"page-templates\/evergreen.php","meta":{"ep_exclude_from_search":false,"p4_hide_page_title_checkbox":"","p4_title":"","p4_subtitle":"","p4_description":"","background_image_id":"","background_image":"","p4_button_title":"","p4_button_link":"","p4_button_link_checkbox":"","p4_og_title":"","p4_og_description":"","p4_og_image":"","p4_og_image_id":"","p4_seo_canonical_url":"","p4_campaign_name":"not set","p4_local_project":"not set","p4_basket_name":"not set","p4_department":"","footnotes":""},"categories":[4,2],"tags":[6,8,34],"class_list":["post-7458","page","type-page","status-publish","has-post-thumbnail","hentry","category-ember-tarsadalom","category-klima-energia","tag-klimavedelem","tag-fogyasztas","tag-levego"],"_links":{"self":[{"href":"https:\/\/www.greenpeace.org\/hungary\/wp-json\/wp\/v2\/pages\/7458","targetHints":{"allow":["GET"]}}],"collection":[{"href":"https:\/\/www.greenpeace.org\/hungary\/wp-json\/wp\/v2\/pages"}],"about":[{"href":"https:\/\/www.greenpeace.org\/hungary\/wp-json\/wp\/v2\/types\/page"}],"author":[{"embeddable":true,"href":"https:\/\/www.greenpeace.org\/hungary\/wp-json\/wp\/v2\/users\/19"}],"replies":[{"embeddable":true,"href":"https:\/\/www.greenpeace.org\/hungary\/wp-json\/wp\/v2\/comments?post=7458"}],"version-history":[{"count":17,"href":"https:\/\/www.greenpeace.org\/hungary\/wp-json\/wp\/v2\/pages\/7458\/revisions"}],"predecessor-version":[{"id":12257,"href":"https:\/\/www.greenpeace.org\/hungary\/wp-json\/wp\/v2\/pages\/7458\/revisions\/12257"}],"wp:featuredmedia":[{"embeddable":true,"href":"https:\/\/www.greenpeace.org\/hungary\/wp-json\/wp\/v2\/media\/7460"}],"wp:attachment":[{"href":"https:\/\/www.greenpeace.org\/hungary\/wp-json\/wp\/v2\/media?parent=7458"}],"wp:term":[{"taxonomy":"category","embeddable":true,"href":"https:\/\/www.greenpeace.org\/hungary\/wp-json\/wp\/v2\/categories?post=7458"},{"taxonomy":"post_tag","embeddable":true,"href":"https:\/\/www.greenpeace.org\/hungary\/wp-json\/wp\/v2\/tags?post=7458"}],"curies":[{"name":"wp","href":"https:\/\/api.w.org\/{rel}","templated":true}]}}