{"id":820,"date":"2025-11-30T10:20:00","date_gmt":"2025-11-30T09:20:00","guid":{"rendered":"https:\/\/www.greenpeace.org\/hungary\/?page_id=820"},"modified":"2026-03-11T14:33:19","modified_gmt":"2026-03-11T13:33:19","slug":"ado1","status":"publish","type":"page","link":"https:\/\/www.greenpeace.org\/hungary\/cselekedj\/ado1\/","title":{"rendered":"Tekerd fel a term\u00e9szet hangj\u00e1t ad\u00f3d 1 sz\u00e1zal\u00e9k\u00e1val!"},"content":{"rendered":"\n<div class=\"wp-block-group is-style-space-evenly has-beige-100-background-color has-background is-layout-flow wp-block-group-is-layout-flow\" style=\"padding-top:20px;padding-right:0px;padding-bottom:20px;padding-left:0px\">\n<h2 class=\"wp-block-heading has-text-align-center is-style-default\"><strong>Mi ott vagyunk \u00e9rted. Te \u00e1llj mell\u00e9nk az ad\u00f3 1 sz\u00e1zal\u00e9kkal!<\/strong><\/h2>\n\n\n\n<p>Minden nap ott vagyunk \u00e9s cseleksz\u00fcnk: aktivist\u00e1ink a Citadell\u00e1n tiltakoznak, szak\u00e9rt\u0151ink v\u00edzmin\u0151s\u00e9get m\u00e9rnek, jog\u00e1szaink a b\u00edr\u00f3s\u00e1gon v\u00e9dik a term\u00e9szetet \u00e9s a te eg\u00e9szs\u00e9gedet. Gyakran nem l\u00e1tv\u00e1nyos, amit v\u00e9gz\u00fcnk, nem ker\u00fcl mindig c\u00edmlapra, m\u00e9gis n\u00e9lk\u00fcl\u00f6zhetetlen.<\/p>\n\n\n\n<p>Minden eredm\u00e9ny\u00fcnk \u2013 a megv\u00e9dett ter\u00fcletek, a megmentett erd\u0151k, a tiszt\u00e1bb v\u00edz \u00e9s leveg\u0151- a k\u00f6z\u00f6s munk\u00e1nk gy\u00fcm\u00f6lcse.<\/p>\n\n\n\n<p>Te tal\u00e1n nem tudsz ott lenni vel\u00fcnk a terepen. Nem tudsz vel\u00fcnk t\u00e1rgyalni a d\u00f6nt\u00e9shoz\u00f3kkal. Nem tudod vel\u00fcnk m\u00e9rni a v\u00edzszennyez\u00e9st vagy a leveg\u0151 min\u0151s\u00e9g\u00e9t. De van valami, amit megtehetsz: <strong>vel\u00fcnk lehetsz az ad\u00f3d 1%-\u00e1val. \u00c1llj mell\u00e9nk!<\/strong><\/p>\n\n\n\n<hr class=\"wp-block-separator has-text-color has-green-800-color has-alpha-channel-opacity has-green-800-background-color has-background is-style-default\"\/>\n<\/div>\n","protected":false},"excerpt":{"rendered":"<p>\u00c9rtes\u00edt\u00e9sek, rekl\u00e1mok, v\u00e1s\u00e1rl\u00e1sra \u00f6szt\u00f6nz\u00e9s, politikai zaj. Van v\u00e1laszt\u00e1sod, az ad\u00f3d 1%-\u00e1val d\u00f6nthetsz arr\u00f3l, melyik hang fontosabb. <\/p>\n","protected":false},"author":19,"featured_media":13110,"parent":9,"menu_order":0,"comment_status":"closed","ping_status":"closed","template":"","meta":{"ep_exclude_from_search":false,"p4_hide_page_title_checkbox":"","p4_title":"","p4_subtitle":"","p4_description":"","background_image_id":"","background_image":"","p4_button_title":"","p4_button_link":"","p4_button_link_checkbox":"","p4_og_title":"","p4_og_description":"A F\u00f6ldnek nincs ad\u00f3 1 sz\u00e1zal\u00e9ka, neked van. Aj\u00e1nld ad\u00f3d 1 % -\u00e1t a F\u00f6ldnek! A Greenpeace Magyarorsz\u00e1g anyagilag \u00e9s politikailag f\u00fcggetlen k\u00f6rnyezetv\u00e9d\u0151 szervezet. Szja-1%-od felaj\u00e1nl\u00e1s\u00e1val t\u00e1mogasd te is a Greenpeace munk\u00e1j\u00e1t!","p4_og_image":"https:\/\/www.greenpeace.org\/static\/planet4-hungary-stateless\/2024\/10\/a1add44c-gphu_cbdcop_241018.jpg","p4_og_image_id":"11261","p4_seo_canonical_url":"","p4_campaign_name":"not set","p4_local_project":"not set","p4_basket_name":"not set","p4_department":"","footnotes":""},"categories":[],"tags":[25],"class_list":["post-820","page","type-page","status-publish","has-post-thumbnail","hentry","tag-tamogass"],"_links":{"self":[{"href":"https:\/\/www.greenpeace.org\/hungary\/wp-json\/wp\/v2\/pages\/820","targetHints":{"allow":["GET"]}}],"collection":[{"href":"https:\/\/www.greenpeace.org\/hungary\/wp-json\/wp\/v2\/pages"}],"about":[{"href":"https:\/\/www.greenpeace.org\/hungary\/wp-json\/wp\/v2\/types\/page"}],"author":[{"embeddable":true,"href":"https:\/\/www.greenpeace.org\/hungary\/wp-json\/wp\/v2\/users\/19"}],"replies":[{"embeddable":true,"href":"https:\/\/www.greenpeace.org\/hungary\/wp-json\/wp\/v2\/comments?post=820"}],"version-history":[{"count":19,"href":"https:\/\/www.greenpeace.org\/hungary\/wp-json\/wp\/v2\/pages\/820\/revisions"}],"predecessor-version":[{"id":13429,"href":"https:\/\/www.greenpeace.org\/hungary\/wp-json\/wp\/v2\/pages\/820\/revisions\/13429"}],"up":[{"embeddable":true,"href":"https:\/\/www.greenpeace.org\/hungary\/wp-json\/wp\/v2\/pages\/9"}],"wp:featuredmedia":[{"embeddable":true,"href":"https:\/\/www.greenpeace.org\/hungary\/wp-json\/wp\/v2\/media\/13110"}],"wp:attachment":[{"href":"https:\/\/www.greenpeace.org\/hungary\/wp-json\/wp\/v2\/media?parent=820"}],"wp:term":[{"taxonomy":"category","embeddable":true,"href":"https:\/\/www.greenpeace.org\/hungary\/wp-json\/wp\/v2\/categories?post=820"},{"taxonomy":"post_tag","embeddable":true,"href":"https:\/\/www.greenpeace.org\/hungary\/wp-json\/wp\/v2\/tags?post=820"}],"curies":[{"name":"wp","href":"https:\/\/api.w.org\/{rel}","templated":true}]}}