{"id":9083,"date":"2022-01-18T08:00:32","date_gmt":"2022-01-18T07:00:32","guid":{"rendered":"https:\/\/www.greenpeace.org\/hungary\/klimavalasztas-2022\/"},"modified":"2026-04-08T10:45:17","modified_gmt":"2026-04-08T08:45:17","slug":"klimavalasztas-2022","status":"publish","type":"page","link":"https:\/\/www.greenpeace.org\/hungary\/klimavalasztas-2022\/","title":{"rendered":"#Kl\u00edmav\u00e1laszt\u00e1s 2022"},"content":{"rendered":"\n        <div class=\"wp-block-query actions-list p4-query-loop is-custom-layout-actions-list is-custom-layout-grid is-layout-grid wp-container-core-query-is-layout-29f43435 wp-block-query-is-layout-grid\"><h2 class=\"wp-block-heading\">Amit tehetsz<\/h2>\n        <p style=\"margin-top: 24px; margin-bottom: 32px;\">We want you to take action because together we&#8217;re strong.<\/p>\n        <div class=\"wp-block-query-no-results\">\n        <p >No posts found.<\/p>\n        <\/div>\n        \n        \n<div class=\"wp-block-buttons carousel-controls is-horizontal is-content-justification-space-between is-nowrap is-layout-flex wp-container-core-buttons-is-layout-044bd602 wp-block-buttons-is-layout-flex\">\n            <div class=\"wp-block-button carousel-control-prev\"><button type=\"button\" class=\"wp-block-button__link wp-element-button\">El\u0151z\u0151<\/button><\/div>\n        \n\n            <div class=\"wp-block-button carousel-control-next\"><button type=\"button\" class=\"wp-block-button__link wp-element-button\">K\u00f6vetkez\u0151<\/button><\/div>\n        <\/div>\n\n        \n<div class=\"wp-block-buttons load-more-actions-container is-content-justification-center is-layout-flex wp-container-core-buttons-is-layout-16018d1d wp-block-buttons-is-layout-flex\">\n                <div class=\"wp-block-button is-style-secondary\"><button type=\"button\" class=\"wp-block-button__link wp-element-button\">T\u00f6bbet szeretn\u00e9k l\u00e1tni<\/button><\/div>\n            \n<\/div>\n<\/div>\n        \n    <div class=\"wp-block-query posts-list p4-query-loop is-custom-layout-list is-layout-flow wp-block-query-is-layout-flow\">\n        <div class=\"wp-block-group is-content-justification-space-between is-layout-flex wp-container-core-group-is-layout-3d213aab wp-block-group-is-layout-flex\"><h2 class=\"wp-block-heading\">Kapcsol\u00f3d\u00f3 cikkek<\/h2>\n        <li class=\" wp-block-navigation-item see-all-link wp-block-navigation-link\"><a class=\"wp-block-navigation-item__content\"  href=\"http:\/\/www.greenpeace.org\/hungary\/news-stories\/?tag=klimavalasztas2022\"><span class=\"wp-block-navigation-item__label\">See all stories<\/span><\/a><\/li>\n        \n        <\/div>\n        \n\n    <p style=\"margin-top: 24px; margin-bottom: 36px;\"><\/p>\n\n    \n\n    <ul class=\"wp-block-post-template is-layout-flow wp-block-post-template-is-layout-flow\"><li class=\"wp-block-post post-9552 post type-post status-publish format-standard has-post-thumbnail hentry category-klima-energia tag-klimavedelem tag-klimavalasztas2022 p4-page-type-sajtokozlemeny\">\n            \n<div class=\"wp-block-columns is-layout-flex wp-container-core-columns-is-layout-9d6595d7 wp-block-columns-is-layout-flex\"><figure class=\"wp-block-post-featured-image\"><a href=\"https:\/\/www.greenpeace.org\/hungary\/sajtokozlemeny\/9552\/marki-zay-peter-is-alairta-a-greenpeace-zold-nyilatkozatat-a-szervezet-most-orban-viktortol-varja-a-vallalast\/\" target=\"_self\"  ><img loading=\"lazy\" decoding=\"async\" width=\"1119\" height=\"761\" src=\"https:\/\/www.greenpeace.org\/static\/planet4-hungary-stateless\/2022\/03\/9661500b-klimavalasztas-terkep-nt.jpg\" class=\"attachment-post-thumbnail size-post-thumbnail wp-post-image wp-stateless-item\" alt=\"M\u00e1rki-Zay P\u00e9ter is al\u00e1\u00edrta a Greenpeace Z\u00f6ld Nyilatkozat\u00e1t, a szervezet most Orb\u00e1n Viktort\u00f3l v\u00e1rja a v\u00e1llal\u00e1st\" style=\"object-fit:cover;\" srcset=\"https:\/\/www.greenpeace.org\/static\/planet4-hungary-stateless\/2022\/03\/9661500b-klimavalasztas-terkep-nt.jpg 1119w, https:\/\/www.greenpeace.org\/static\/planet4-hungary-stateless\/2022\/03\/9661500b-klimavalasztas-terkep-nt-300x204.jpg 300w, https:\/\/www.greenpeace.org\/static\/planet4-hungary-stateless\/2022\/03\/9661500b-klimavalasztas-terkep-nt-1024x696.jpg 1024w, https:\/\/www.greenpeace.org\/static\/planet4-hungary-stateless\/2022\/03\/9661500b-klimavalasztas-terkep-nt-768x522.jpg 768w, https:\/\/www.greenpeace.org\/static\/planet4-hungary-stateless\/2022\/03\/9661500b-klimavalasztas-terkep-nt-500x340.jpg 500w\" sizes=\"auto, (max-width: 1119px) 100vw, 1119px\" data-image-size=\"post-thumbnail\" data-stateless-media-bucket=\"planet4-hungary-stateless\" data-stateless-media-name=\"2022\/03\/9661500b-klimavalasztas-terkep-nt.jpg\" \/><\/a><\/figure>\n\n        <div class=\"wp-block-group is-layout-flow wp-block-group-is-layout-flow\">\n                <div class=\"wp-block-group is-layout-flex wp-block-group-is-layout-flex\"><div class=\"wp-block-post-terms\"><a href=\"https:\/\/www.greenpeace.org\/hungary\/category\/ugyek\/klima-energia\/\">Kl\u00edma &amp; Energia<\/a><\/div>\n                <div class=\"taxonomy-post_tag wp-block-post-terms\"><a href=\"https:\/\/www.greenpeace.org\/hungary\/tag\/klimavedelem\/\" rel=\"tag\">Kl\u00edmav\u00e9delem<\/a><span class=\"wp-block-post-terms__separator\"> <\/span><a href=\"https:\/\/www.greenpeace.org\/hungary\/tag\/klimavalasztas2022\/\" rel=\"tag\">Kl\u00edmav\u00e1laszt\u00e1s 2022<\/a><\/div>\n                \n                <\/div>\n                \n        <h3 class=\"wp-block-post-title\"><a href=\"https:\/\/www.greenpeace.org\/hungary\/sajtokozlemeny\/9552\/marki-zay-peter-is-alairta-a-greenpeace-zold-nyilatkozatat-a-szervezet-most-orban-viktortol-varja-a-vallalast\/\" target=\"_self\" >M\u00e1rki-Zay P\u00e9ter is al\u00e1\u00edrta a Greenpeace Z\u00f6ld Nyilatkozat\u00e1t, a szervezet most Orb\u00e1n Viktort\u00f3l v\u00e1rja a v\u00e1llal\u00e1st<\/a><\/h3>\n        <div class=\"wp-block-post-excerpt\"><p class=\"wp-block-post-excerpt__excerpt\">Budapest, 2022. m\u00e1rcius 28. \u2013 \u00d6t napjuk maradt a k\u00e9pvisel\u0151jel\u00f6lteknek, hogy al\u00e1\u00edrj\u00e1k a Greenpeace&nbsp;Z\u00f6ld Nyilatkozat\u00e1t. M\u00e1rki-Zay P\u00e9ter, az ellenz\u00e9ki \u00f6sszefog\u00e1s minisztereln\u00f6k-jel\u00f6ltje m\u00e1r al\u00e1\u00edrta, ezzel v\u00e1llalva, hogy megv\u00e1laszt\u00e1sa eset\u00e9n d\u00f6nt\u00e9seit az&hellip; <\/p><\/div>\n        \n        <div class=\"wp-block-group posts-list-meta is-layout-flow wp-block-group-is-layout-flow\"><span class='article-list-item-author'><a href='https:\/\/www.greenpeace.org\/hungary\/author\/greenpeacehu\/'>Greenpeace Magyarorsz\u00e1g<\/a><\/span>\n        <div class=\"wp-block-post-date\"><time datetime=\"2022-03-31T12:19:14+02:00\">2022. m\u00e1rcius 31.<\/time><\/div>\n        \n        <\/div>\n        <\/div>\n        <\/div>\n\n            <\/li><li class=\"wp-block-post post-9532 post type-post status-publish format-standard has-post-thumbnail hentry category-klima-energia tag-klimavedelem tag-klimavalasztas2022 p4-page-type-sajtokozlemeny\">\n            \n<div class=\"wp-block-columns is-layout-flex wp-container-core-columns-is-layout-9d6595d7 wp-block-columns-is-layout-flex\"><figure class=\"wp-block-post-featured-image\"><a href=\"https:\/\/www.greenpeace.org\/hungary\/sajtokozlemeny\/9532\/ujra-sztrajkoltak-a-klimavedelemert-a-fiatalok-vilagszerte-es-budapesten-is%ef%bf%bc\/\" target=\"_self\"  ><img loading=\"lazy\" decoding=\"async\" width=\"1200\" height=\"800\" src=\"https:\/\/www.greenpeace.org\/static\/planet4-hungary-stateless\/2022\/03\/4b5b1907-20220325_klimasztrajk_jardany_bence_20220325124920__49a1992.jpg\" class=\"attachment-post-thumbnail size-post-thumbnail wp-post-image wp-stateless-item\" alt=\"\u00dajra sztr\u00e1jkoltak a kl\u00edmav\u00e9delem\u00e9rt a fiatalok vil\u00e1gszerte \u00e9s Budapesten is\" style=\"object-fit:cover;\" srcset=\"https:\/\/www.greenpeace.org\/static\/planet4-hungary-stateless\/2022\/03\/4b5b1907-20220325_klimasztrajk_jardany_bence_20220325124920__49a1992.jpg 1200w, https:\/\/www.greenpeace.org\/static\/planet4-hungary-stateless\/2022\/03\/4b5b1907-20220325_klimasztrajk_jardany_bence_20220325124920__49a1992-300x200.jpg 300w, https:\/\/www.greenpeace.org\/static\/planet4-hungary-stateless\/2022\/03\/4b5b1907-20220325_klimasztrajk_jardany_bence_20220325124920__49a1992-1024x683.jpg 1024w, https:\/\/www.greenpeace.org\/static\/planet4-hungary-stateless\/2022\/03\/4b5b1907-20220325_klimasztrajk_jardany_bence_20220325124920__49a1992-768x512.jpg 768w, https:\/\/www.greenpeace.org\/static\/planet4-hungary-stateless\/2022\/03\/4b5b1907-20220325_klimasztrajk_jardany_bence_20220325124920__49a1992-510x340.jpg 510w\" sizes=\"auto, (max-width: 1200px) 100vw, 1200px\" data-image-size=\"post-thumbnail\" data-stateless-media-bucket=\"planet4-hungary-stateless\" data-stateless-media-name=\"2022\/03\/4b5b1907-20220325_klimasztrajk_jardany_bence_20220325124920__49a1992.jpg\" \/><\/a><\/figure>\n\n        <div class=\"wp-block-group is-layout-flow wp-block-group-is-layout-flow\">\n                <div class=\"wp-block-group is-layout-flex wp-block-group-is-layout-flex\"><div class=\"wp-block-post-terms\"><a href=\"https:\/\/www.greenpeace.org\/hungary\/category\/ugyek\/klima-energia\/\">Kl\u00edma &amp; Energia<\/a><\/div>\n                <div class=\"taxonomy-post_tag wp-block-post-terms\"><a href=\"https:\/\/www.greenpeace.org\/hungary\/tag\/klimavedelem\/\" rel=\"tag\">Kl\u00edmav\u00e9delem<\/a><span class=\"wp-block-post-terms__separator\"> <\/span><a href=\"https:\/\/www.greenpeace.org\/hungary\/tag\/klimavalasztas2022\/\" rel=\"tag\">Kl\u00edmav\u00e1laszt\u00e1s 2022<\/a><\/div>\n                \n                <\/div>\n                \n        <h3 class=\"wp-block-post-title\"><a href=\"https:\/\/www.greenpeace.org\/hungary\/sajtokozlemeny\/9532\/ujra-sztrajkoltak-a-klimavedelemert-a-fiatalok-vilagszerte-es-budapesten-is%ef%bf%bc\/\" target=\"_self\" >\u00dajra sztr\u00e1jkoltak a kl\u00edmav\u00e9delem\u00e9rt a fiatalok vil\u00e1gszerte \u00e9s Budapesten is<\/a><\/h3>\n        <div class=\"wp-block-post-excerpt\"><p class=\"wp-block-post-excerpt__excerpt\">Budapest, 2022. m\u00e1rcius 25. \u2013 Ma ism\u00e9t t\u00f6megesen vonultak utc\u00e1ra a kl\u00edmav\u00e9d\u0151 fiatalok vil\u00e1gszerte a Fridays For Future mozgalom felh\u00edv\u00e1s\u00e1ra. A Glob\u00e1lis Kl\u00edmasztr\u00e1jkhoz Budapest is csatlakozott, ahol fiatalok t\u00f6mege \u00e1llt&hellip; <\/p><\/div>\n        \n        <div class=\"wp-block-group posts-list-meta is-layout-flow wp-block-group-is-layout-flow\"><span class='article-list-item-author'><a href='https:\/\/www.greenpeace.org\/hungary\/author\/greenpeacehu\/'>Greenpeace Magyarorsz\u00e1g<\/a><\/span>\n        <div class=\"wp-block-post-date\"><time datetime=\"2022-03-25T13:41:27+01:00\">2022. m\u00e1rcius 25.<\/time><\/div>\n        \n        <\/div>\n        <\/div>\n        <\/div>\n\n            <\/li><li class=\"wp-block-post post-9160 post type-post status-publish format-standard has-post-thumbnail hentry category-ember-tarsadalom tag-klimavalasztas2022 p4-page-type-sajtokozlemeny\">\n            \n<div class=\"wp-block-columns is-layout-flex wp-container-core-columns-is-layout-9d6595d7 wp-block-columns-is-layout-flex\"><figure class=\"wp-block-post-featured-image\"><a href=\"https:\/\/www.greenpeace.org\/hungary\/sajtokozlemeny\/9160\/a-pac-man-es-a-greenpeace-az-egesz-orszagban-hirdetik-eleg-a-termeszetrombolasbol\/\" target=\"_self\"  ><img loading=\"lazy\" decoding=\"async\" width=\"1200\" height=\"673\" src=\"https:\/\/www.greenpeace.org\/static\/planet4-hungary-stateless\/2022\/02\/434d1976-dji_0529_1200.jpg\" class=\"attachment-post-thumbnail size-post-thumbnail wp-post-image wp-stateless-item\" alt=\"A Pac-Man \u00e9s a Greenpeace az eg\u00e9sz orsz\u00e1gban hirdetik: el\u00e9g a term\u00e9szetrombol\u00e1sb\u00f3l!\" style=\"object-fit:cover;\" srcset=\"https:\/\/www.greenpeace.org\/static\/planet4-hungary-stateless\/2022\/02\/434d1976-dji_0529_1200.jpg 1200w, https:\/\/www.greenpeace.org\/static\/planet4-hungary-stateless\/2022\/02\/434d1976-dji_0529_1200-300x168.jpg 300w, https:\/\/www.greenpeace.org\/static\/planet4-hungary-stateless\/2022\/02\/434d1976-dji_0529_1200-1024x574.jpg 1024w, https:\/\/www.greenpeace.org\/static\/planet4-hungary-stateless\/2022\/02\/434d1976-dji_0529_1200-768x431.jpg 768w, https:\/\/www.greenpeace.org\/static\/planet4-hungary-stateless\/2022\/02\/434d1976-dji_0529_1200-510x286.jpg 510w\" sizes=\"auto, (max-width: 1200px) 100vw, 1200px\" data-image-size=\"post-thumbnail\" data-stateless-media-bucket=\"planet4-hungary-stateless\" data-stateless-media-name=\"2022\/02\/434d1976-dji_0529_1200.jpg\" \/><\/a><\/figure>\n\n        <div class=\"wp-block-group is-layout-flow wp-block-group-is-layout-flow\">\n                <div class=\"wp-block-group is-layout-flex wp-block-group-is-layout-flex\"><div class=\"wp-block-post-terms\"><a href=\"https:\/\/www.greenpeace.org\/hungary\/category\/ugyek\/ember-tarsadalom\/\">Ember &amp; T\u00e1rsadalom<\/a><\/div>\n                <div class=\"taxonomy-post_tag wp-block-post-terms\"><a href=\"https:\/\/www.greenpeace.org\/hungary\/tag\/klimavalasztas2022\/\" rel=\"tag\">Kl\u00edmav\u00e1laszt\u00e1s 2022<\/a><\/div>\n                \n                <\/div>\n                \n        <h3 class=\"wp-block-post-title\"><a href=\"https:\/\/www.greenpeace.org\/hungary\/sajtokozlemeny\/9160\/a-pac-man-es-a-greenpeace-az-egesz-orszagban-hirdetik-eleg-a-termeszetrombolasbol\/\" target=\"_self\" >A Pac-Man \u00e9s a Greenpeace az eg\u00e9sz orsz\u00e1gban hirdetik: el\u00e9g a term\u00e9szetrombol\u00e1sb\u00f3l!<\/a><\/h3>\n        <div class=\"wp-block-post-excerpt\"><p class=\"wp-block-post-excerpt__excerpt\">Budapest, 2021. febru\u00e1r 14. \u2013 K\u00f6rbeturn\u00e9zta az orsz\u00e1got a Greenpeace Magyarorsz\u00e1g \u00f3ri\u00e1si, Pac-Man figur\u00e1t \u00e1br\u00e1zol\u00f3 molin\u00f3ja. A z\u00f6ld szervezet megh\u00f6kkent\u0151 anim\u00e1ci\u00f3s vide\u00f3j\u00e1val \u00e9s Debrecent\u0151l Balatonig tart\u00f3 orsz\u00e1gj\u00e1r\u00f3 esem\u00e9nysorozat\u00e1val a haz\u00e1nkban&hellip; <\/p><\/div>\n        \n        <div class=\"wp-block-group posts-list-meta is-layout-flow wp-block-group-is-layout-flow\"><span class='article-list-item-author'>Greenpeace Magyarorsz\u00e1g<\/span>\n        <div class=\"wp-block-post-date\"><time datetime=\"2022-02-14T12:48:53+01:00\">2022. febru\u00e1r 14.<\/time><\/div>\n        \n        <\/div>\n        <\/div>\n        <\/div>\n\n            <\/li><\/ul>\n\n    \n<div class=\"wp-block-buttons carousel-controls is-horizontal is-content-justification-space-between is-nowrap is-layout-flex wp-container-core-buttons-is-layout-044bd602 wp-block-buttons-is-layout-flex\">\n            <div class=\"wp-block-button carousel-control-prev\"><button type=\"button\" class=\"wp-block-button__link wp-element-button\">El\u0151z\u0151<\/button><\/div>\n        \n\n            <div class=\"wp-block-button carousel-control-next\"><button type=\"button\" class=\"wp-block-button__link wp-element-button\">K\u00f6vetkez\u0151<\/button><\/div>\n        <\/div>\n\n\n    <li class=\" wp-block-navigation-item see-all-link wp-block-navigation-link\"><a class=\"wp-block-navigation-item__content\"  href=\"http:\/\/www.greenpeace.org\/hungary\/news-stories\/?tag=klimavalasztas2022\"><span class=\"wp-block-navigation-item__label\">See all stories<\/span><\/a><\/li><\/div>\n    <div data-render=\"planet4-blocks\/happypoint\" data-attributes=\"{&quot;attributes&quot;:{&quot;use_embed_code&quot;:true,&quot;override_default_content&quot;:true,&quot;local_content_provider&quot;:&quot;embed_code&quot;,&quot;opacity&quot;:30}}\"><\/div>","protected":false},"excerpt":{"rendered":"","protected":false},"author":19,"featured_media":0,"parent":0,"menu_order":0,"comment_status":"closed","ping_status":"closed","template":"","meta":{"ep_exclude_from_search":false,"p4_hide_page_title_checkbox":"","p4_title":"","p4_subtitle":"","p4_description":"","background_image_id":"","background_image":"","p4_button_title":"","p4_button_link":"","p4_button_link_checkbox":"","p4_og_title":"","p4_og_description":"","p4_og_image":"","p4_og_image_id":"","p4_seo_canonical_url":"","p4_campaign_name":"not set","p4_local_project":"not set","p4_basket_name":"not set","p4_department":"","footnotes":""},"categories":[],"tags":[],"class_list":["post-9083","page","type-page","status-publish","hentry"],"_links":{"self":[{"href":"https:\/\/www.greenpeace.org\/hungary\/wp-json\/wp\/v2\/pages\/9083","targetHints":{"allow":["GET"]}}],"collection":[{"href":"https:\/\/www.greenpeace.org\/hungary\/wp-json\/wp\/v2\/pages"}],"about":[{"href":"https:\/\/www.greenpeace.org\/hungary\/wp-json\/wp\/v2\/types\/page"}],"author":[{"embeddable":true,"href":"https:\/\/www.greenpeace.org\/hungary\/wp-json\/wp\/v2\/users\/19"}],"replies":[{"embeddable":true,"href":"https:\/\/www.greenpeace.org\/hungary\/wp-json\/wp\/v2\/comments?post=9083"}],"version-history":[{"count":11,"href":"https:\/\/www.greenpeace.org\/hungary\/wp-json\/wp\/v2\/pages\/9083\/revisions"}],"predecessor-version":[{"id":13513,"href":"https:\/\/www.greenpeace.org\/hungary\/wp-json\/wp\/v2\/pages\/9083\/revisions\/13513"}],"wp:attachment":[{"href":"https:\/\/www.greenpeace.org\/hungary\/wp-json\/wp\/v2\/media?parent=9083"}],"wp:term":[{"taxonomy":"category","embeddable":true,"href":"https:\/\/www.greenpeace.org\/hungary\/wp-json\/wp\/v2\/categories?post=9083"},{"taxonomy":"post_tag","embeddable":true,"href":"https:\/\/www.greenpeace.org\/hungary\/wp-json\/wp\/v2\/tags?post=9083"}],"curies":[{"name":"wp","href":"https:\/\/api.w.org\/{rel}","templated":true}]}}