{"id":2236,"date":"2019-03-06T03:34:35","date_gmt":"2019-03-05T20:34:35","guid":{"rendered":"https:\/\/www.greenpeace.org\/indonesia\/?page_id=2236"},"modified":"2019-11-06T15:46:06","modified_gmt":"2019-11-06T08:46:06","slug":"timeline-page","status":"publish","type":"page","link":"https:\/\/www.greenpeace.org\/indonesia\/timeline-page\/","title":{"rendered":"Timeline Page"},"content":{"rendered":"<p><script src=\"\/\/code.jquery.com\/jquery-1.11.1.min.js\"><\/script><br \/>\n<!------ Include the above in your HEAD tag ----------><\/p>\n<div class=\"container\">\n<div class=\"page-header text-center\">\n<h1 id=\"timeline\">Timeline 2.1<\/h1>\n<\/p>\n<\/div>\n<ul class=\"timeline\">\n<li>\n<div class=\"timeline-badge primary\"><a><i class=\"glyphicon glyphicon-record\" rel=\"tooltip\" title=\"11 hours ago via Twitter\" id=\"\"><\/i><\/a><\/div>\n<div class=\"timeline-panel\">\n<div class=\"timeline-heading\">\n              <img decoding=\"async\" class=\"img-responsive\" src=\"http:\/\/lorempixel.com\/1600\/500\/sports\/2\" \/><\/p>\n<\/div>\n<div class=\"timeline-body\">\n<p>Mussum ipsum cacilds, vidis litro abertis. Consetis adipiscings elitis. Pra l\u00e1 , depois divoltis porris, paradis. Paisis, filhis, espiritis santis. M\u00e9 faiz elementum girarzis, nisi eros vermeio, in elementis m\u00e9 pra quem \u00e9 amistosis quis leo. Manduma pindureta quium dia nois paga. Sapien in monti palavris qui num significa nadis i pareci latim. Interessantiss quisso pudia ce receita de bolis, mais bolis eu num gostis.<\/p>\n<\/p>\n<\/div>\n<div class=\"timeline-footer\">\n                <a><i class=\"glyphicon glyphicon-thumbs-up\"><\/i><\/a><br \/>\n                <a><i class=\"glyphicon glyphicon-share\"><\/i><\/a><br \/>\n                <a class=\"pull-right\">Continuar Lendo<\/a>\n            <\/div>\n<\/p>\n<\/div>\n<\/li>\n<li  class=\"timeline-inverted\">\n<div class=\"timeline-badge primary\"><a><i class=\"glyphicon glyphicon-record invert\" rel=\"tooltip\" title=\"11 hours ago via Twitter\" id=\"\"><\/i><\/a><\/div>\n<div class=\"timeline-panel\">\n<div class=\"timeline-heading\">\n              <img decoding=\"async\" class=\"img-responsive\" src=\"http:\/\/lorempixel.com\/1600\/500\/sports\/2\" \/><\/p>\n<\/div>\n<div class=\"timeline-body\">\n<p>Mussum ipsum cacilds, vidis litro abertis. Consetis adipiscings elitis. Pra l\u00e1 , depois divoltis porris, paradis. Paisis, filhis, espiritis santis. M\u00e9 faiz elementum girarzis, nisi eros vermeio, in elementis m\u00e9 pra quem \u00e9 amistosis quis leo. Manduma pindureta quium dia nois paga. Sapien in monti palavris qui num significa nadis i pareci latim. Interessantiss quisso pudia ce receita de bolis, mais bolis eu num gostis.<\/p>\n<\/p>\n<\/div>\n<div class=\"timeline-footer\">\n                <a><i class=\"glyphicon glyphicon-thumbs-up\"><\/i><\/a><br \/>\n                <a><i class=\"glyphicon glyphicon-share\"><\/i><\/a><br \/>\n                <a class=\"pull-right\">Continuar Lendo<\/a>\n            <\/div>\n<\/p>\n<\/div>\n<\/li>\n<li>\n<div class=\"timeline-badge primary\"><a><i class=\"glyphicon glyphicon-record\" rel=\"tooltip\" title=\"11 hours ago via Twitter\" id=\"\"><\/i><\/a><\/div>\n<div class=\"timeline-panel\">\n<div class=\"timeline-heading\">\n              <img decoding=\"async\" class=\"img-responsive\" src=\"http:\/\/lorempixel.com\/1600\/500\/sports\/2\" \/><\/p>\n<\/div>\n<div class=\"timeline-body\">\n<p>Mussum ipsum cacilds, vidis litro abertis. Consetis adipiscings elitis. Pra l\u00e1 , depois divoltis porris, paradis. Paisis, filhis, espiritis santis. M\u00e9 faiz elementum girarzis, nisi eros vermeio, in elementis m\u00e9 pra quem \u00e9 amistosis quis leo. Manduma pindureta quium dia nois paga. Sapien in monti palavris qui num significa nadis i pareci latim. Interessantiss quisso pudia ce receita de bolis, mais bolis eu num gostis.<\/p>\n<\/p>\n<\/div>\n<div class=\"timeline-footer\">\n                <a><i class=\"glyphicon glyphicon-thumbs-up\"><\/i><\/a><br \/>\n                <a><i class=\"glyphicon glyphicon-share\"><\/i><\/a><br \/>\n                <a class=\"pull-right\">Continuar Lendo<\/a>\n            <\/div>\n<\/p>\n<\/div>\n<\/li>\n<li  class=\"timeline-inverted\">\n<div class=\"timeline-badge primary\"><a><i class=\"glyphicon glyphicon-record invert\" rel=\"tooltip\" title=\"11 hours ago via Twitter\" id=\"\"><\/i><\/a><\/div>\n<div class=\"timeline-panel\">\n<div class=\"timeline-body\">\n<p>Mussum ipsum cacilds, vidis litro abertis. Consetis adipiscings elitis. Pra l\u00e1 , depois divoltis porris, paradis. Paisis, filhis, espiritis santis. M\u00e9 faiz elementum girarzis, nisi eros vermeio, in elementis m\u00e9 pra quem \u00e9 amistosis quis leo. Manduma pindureta quium dia nois paga. Sapien in monti palavris qui num significa nadis i pareci latim. Interessantiss quisso pudia ce receita de bolis, mais bolis eu num gostis.<\/p>\n<\/p>\n<\/div>\n<div class=\"timeline-footer\">\n                <a><i class=\"glyphicon glyphicon-thumbs-up\"><\/i><\/a><br \/>\n                <a><i class=\"glyphicon glyphicon-share\"><\/i><\/a><br \/>\n                <a class=\"pull-right\">Continuar Lendo<\/a>\n            <\/div>\n<\/p>\n<\/div>\n<\/li>\n<li>\n<div class=\"timeline-badge primary\"><a><i class=\"glyphicon glyphicon-record\" rel=\"tooltip\" title=\"11 hours ago via Twitter\" id=\"\"><\/i><\/a><\/div>\n<div class=\"timeline-panel\">\n<div class=\"timeline-heading\">\n              <img decoding=\"async\" class=\"img-responsive\" src=\"http:\/\/lorempixel.com\/1600\/500\/sports\/2\" \/><\/p>\n<\/div>\n<div class=\"timeline-body\">\n<p>Mussum ipsum cacilds, vidis litro abertis. Consetis adipiscings elitis. Pra l\u00e1 , depois divoltis porris, paradis. Paisis, filhis, espiritis santis. M\u00e9 faiz elementum girarzis, nisi eros vermeio, in elementis m\u00e9 pra quem \u00e9 amistosis quis leo. Manduma pindureta quium dia nois paga. Sapien in monti palavris qui num significa nadis i pareci latim. Interessantiss quisso pudia ce receita de bolis, mais bolis eu num gostis.<\/p>\n<\/p>\n<\/div>\n<div class=\"timeline-footer\">\n                <a><i class=\"glyphicon glyphicon-thumbs-up\"><\/i><\/a><br \/>\n                <a><i class=\"glyphicon glyphicon-share\"><\/i><\/a><br \/>\n                <a class=\"pull-right\">Continuar Lendo<\/a>\n            <\/div>\n<\/p>\n<\/div>\n<\/li>\n<li  class=\"timeline-inverted\">\n<div class=\"timeline-badge primary\"><a><i class=\"glyphicon glyphicon-record invert\" rel=\"tooltip\" title=\"11 hours ago via Twitter\" id=\"\"><\/i><\/a><\/div>\n<div class=\"timeline-panel\">\n<div class=\"timeline-heading\">\n              <img decoding=\"async\" class=\"img-responsive\" src=\"http:\/\/lorempixel.com\/1600\/500\/sports\/2\" \/><\/p>\n<\/div>\n<div class=\"timeline-body\">\n<p>Mussum ipsum cacilds, vidis litro abertis. Consetis adipiscings elitis. Pra l\u00e1 , depois divoltis porris, paradis. Paisis, filhis, espiritis santis. M\u00e9 faiz elementum girarzis, nisi eros vermeio, in elementis m\u00e9 pra quem \u00e9 amistosis quis leo. Manduma pindureta quium dia nois paga. Sapien in monti palavris qui num significa nadis i pareci latim. Interessantiss quisso pudia ce receita de bolis, mais bolis eu num gostis.<\/p>\n<\/p>\n<\/div>\n<div class=\"timeline-footer primary\">\n                <a><i class=\"glyphicon glyphicon-thumbs-up\"><\/i><\/a><br \/>\n                <a><i class=\"glyphicon glyphicon-share\"><\/i><\/a><br \/>\n                <a class=\"pull-right\">Continuar Lendo<\/a>\n            <\/div>\n<\/p>\n<\/div>\n<\/li>\n<li>\n<div class=\"timeline-badge primary\"><a><i class=\"glyphicon glyphicon-record invert\" rel=\"tooltip\" title=\"11 hours ago via Twitter\" id=\"\"><\/i><\/a><\/div>\n<div class=\"timeline-panel\">\n<div class=\"timeline-body\">\n<p><b>All the credits go to <a href=\"http:\/\/bootsnipp.com\/rafamaciel\">Rafamaciel<\/a><\/b><\/p>\n<p>I only make it responsive and remove the empty spaces to be more like Facebook timeline!<\/p>\n<\/p>\n<\/div>\n<div class=\"timeline-footer primary\">\n                <a><i class=\"glyphicon glyphicon-thumbs-up\"><\/i><\/a><br \/>\n                <a><i class=\"glyphicon glyphicon-share\"><\/i><\/a><br \/>\n                <a class=\"pull-right\">Continuar Lendo<\/a>\n            <\/div>\n<\/p>\n<\/div>\n<\/li>\n<li class=\"clearfix\" style=\"float: none;\"><\/li>\n<\/ul>\n<\/div>\n<style>\n.timeline {\n  list-style: none;\n  padding: 20px 0 20px;\n  position: relative;\n}\n.timeline:before {\n  top: 0;\n  bottom: 0;\n  position: absolute;\n  content: \" \";\n  width: 3px;\n  background-color: #eeeeee;\n  left: 50%;\n  margin-left: -1.5px;\n}\n.timeline > li {\n  margin-bottom: 20px;\n  position: relative;\n  width: 50%;\n  float: left;\n  clear: left;\n}\n.timeline > li:before,\n.timeline > li:after {\n  content: \" \";\n  display: table;\n}\n.timeline > li:after {\n  clear: both;\n}\n.timeline > li:before,\n.timeline > li:after {\n  content: \" \";\n  display: table;\n}\n.timeline > li:after {\n  clear: both;\n}\n.timeline > li > .timeline-panel {\n  width: 95%;\n  float: left;\n  border: 1px solid #d4d4d4;\n  \/*border-radius: 2px;*\/\n  \/*padding: 20px;*\/\n  position: relative;\n  -webkit-box-shadow: 0 1px 6px rgba(0, 0, 0, 0.175);\n  box-shadow: 0 1px 6px rgba(0, 0, 0, 0.175);\n}<\/p>\n<p>.timeline > li > .timeline-panel:before {\n  position: absolute;\n  top: 26px;\n  right: -15px;\n  display: inline-block;\n  border-top: 15px solid transparent;\n  border-left: 15px solid #ccc;\n  border-right: 0 solid #ccc;\n  border-bottom: 15px solid transparent;\n  content: \" \";\n}\n.timeline > li > .timeline-panel:after {\n  position: absolute;\n  top: 27px;\n  right: -14px;\n  display: inline-block;\n  border-top: 14px solid transparent;\n  border-left: 14px solid #fff;\n  border-right: 0 solid #fff;\n  border-bottom: 14px solid transparent;\n  content: \" \";\n}\n.timeline > li > .timeline-badge {\n  color: #fff;\n  width: 24px;\n  height: 24px;\n  line-height: 50px;\n  font-size: 1.4em;\n  text-align: center;\n  position: absolute;\n  top: 16px;\n  right: -12px;\n  \/*background-color: #999999;*\/\n  z-index: 100;\n  \/*\n  border-top-right-radius: 50%;\n  border-top-left-radius: 50%;\n  border-bottom-right-radius: 50%;\n  border-bottom-left-radius: 50%;\n  *\/\n}\n.timeline > li.timeline-inverted > .timeline-panel {\n  float: right;\n}\n.timeline > li.timeline-inverted > .timeline-panel:before {\n  border-left-width: 0;\n  border-right-width: 15px;\n  left: -15px;\n  right: auto;\n}\n.timeline > li.timeline-inverted > .timeline-panel:after {\n  border-left-width: 0;\n  border-right-width: 14px;\n  left: -14px;\n  right: auto;\n}\n.timeline-badge > a {\n  color: #C5C7C5 !important;\n}\n.timeline-badge a:hover {\n  color: #000 !important;\n}\n.timeline-title {\n  margin-top: 0;\n  color: inherit;\n}\n.timeline-body > p,\n.timeline-body > ul {\n    padding:20px;\n    margin-bottom: 0;\n}\n.timeline-body > p + p {\n  margin-top: 5px;\n}\n.timeline-footer{\n    padding:20px;\n    background-color:#f4f4f4;\n}\n.timeline-footer > a{\n    cursor: pointer;\n    text-decoration: none;\n}\n.tooltip{<\/p>\n<p>    position:absolute;\n    z-index:1020;\n    display:block;\n    visibility:visible;\n    padding:5px;\n    font-size:11px;\n    opacity:0;\n    filter:alpha(opacity=0);<\/p>\n<p>}\n.tooltip.in{\n    \/*opacity:0;\n    filter:alpha(opacity=80);*\/<\/p>\n<p>}\n.tooltip.top{\n    margin-top:-2px;\n}\n.tooltip.right{\n    margin-left:2px;\n}\n.tooltip.bottom{\n    margin-top:2px;\n}\n.tooltip.left{\n    margin-left:-2px;\n}\n.tooltip.top .tooltip-arrow{\n    bottom:0;\n    left:0;\n    margin-left:0;\n    border-left:0 solid transparent;\n    border-right:5px solid transparent;\n    border-top:0 solid #000;\n}\n.tooltip.left .tooltip-arrow{\n    bottom:0;\n    left:0;\n    margin-left:0;\n    border-left:0 solid transparent;\n    border-right:5px solid transparent;\n    border-top:0 solid #000;\n}\n.tooltip.bottom .tooltip-arrow{\n    bottom:0;\n    left:0;\n    margin-left:0;\n    border-left:0 solid transparent;\n    border-right:5px solid transparent;\n    border-top:0 solid #000;\n}\n.tooltip.right .tooltip-arrow{\n    bottom:0;\n    left:0;\n    margin-left:0;\n    border-left:0 solid transparent;\n    border-right:5px solid transparent;\n    border-top:0 solid #000;\n}\n.tooltip-inner{\n    width:200px;\n    padding:3px 8px;\n    color:#fff;\n    text-align:center;\n    text-decoration:none;\n    background-color:#313131;\n    -webkit-border-radius:0px;\n    -moz-border-radius:0px;\n    border-radius:0px;\n}\n.tooltip-arrow{\n    position:absolute;\n    width:0;\n    height:0;\n}\n.timeline > li.timeline-inverted{\n  float: right; \n  clear: right;\n  margin-top: 30px;\n  margin-bottom: 30px;\n}\n.timeline > li:nth-child(2){\n  margin-top: 60px;\n}\n.timeline > li.timeline-inverted > .timeline-badge{\n  left: -12px;\n}<\/p>\n<p>@media (max-width: 767px) {\n    ul.timeline:before {\n        left: 40px;\n    }<\/p>\n<p>    ul.timeline > li {\n      margin-bottom: 20px;\n      position: relative;\n      width:100%;\n      float: left;\n      clear: left;\n    }\n    ul.timeline > li > .timeline-panel {\n        width: calc(100% - 90px);\n        width: -moz-calc(100% - 90px);\n        width: -webkit-calc(100% - 90px);\n    }<\/p>\n<p>    ul.timeline > li > .timeline-badge {\n        left: 28px;\n        margin-left: 0;\n        top: 16px;\n    }<\/p>\n<p>    ul.timeline > li > .timeline-panel {\n        float: right;\n    }<\/p>\n<p>        ul.timeline > li > .timeline-panel:before {\n            border-left-width: 0;\n            border-right-width: 15px;\n            left: -15px;\n            right: auto;\n        }<\/p>\n<p>        ul.timeline > li > .timeline-panel:after {\n            border-left-width: 0;\n            border-right-width: 14px;\n            left: -14px;\n            right: auto;\n        }<\/p>\n<p>.timeline > li.timeline-inverted{\n  float: left; \n  clear: left;\n  margin-top: 30px;\n  margin-bottom: 30px;\n}<\/p>\n<p>.timeline > li.timeline-inverted > .timeline-badge{\n  left: 28px;\n}\n}\n<\/style>\n<p><script>\n$(document).ready(function(){\n\tvar my_posts = $(\"[rel=tooltip]\");<\/p>\n<p>\tvar size = $(window).width();\n\tfor(i=0;i<my_posts.length;i++){\n\t\tthe_post = $(my_posts[i]);\n\n\t\tif(the_post.hasClass('invert') &#038;&#038; size >=767 ){\n\t\t\tthe_post.tooltip({ placement: 'left'});\n\t\t\tthe_post.css(\"cursor\",\"pointer\");\n\t\t}else{\n\t\t\tthe_post.tooltip({ placement: 'rigth'});\n\t\t\tthe_post.css(\"cursor\",\"pointer\");\n\t\t}\n\t}\n});\n<\/script><\/p>\n","protected":false},"excerpt":{"rendered":"<p>Timeline 2.1 Mussum ipsum cacilds, vidis litro abertis. Consetis adipiscings elitis. Pra l\u00e1 , depois divoltis porris, paradis. Paisis, filhis, espiritis santis. M\u00e9 faiz elementum girarzis, nisi eros vermeio, in elementis m\u00e9 pra quem \u00e9 amistosis quis leo. Manduma pindureta quium dia nois paga. Sapien in monti palavris qui num significa nadis i pareci latim. [&hellip;]<\/p>\n","protected":false},"author":27,"featured_media":0,"parent":0,"menu_order":0,"comment_status":"closed","ping_status":"closed","template":"page-templates\/evergreen.php","meta":{"ep_exclude_from_search":false,"p4_hide_page_title_checkbox":"","p4_title":"","p4_subtitle":"","p4_description":"","background_image_id":"","background_image":"","p4_button_title":"","p4_button_link":"","p4_button_link_checkbox":"","p4_og_title":"","p4_og_description":"","p4_og_image":"","p4_og_image_id":"","p4_seo_canonical_url":"","p4_campaign_name":"","p4_local_project":"","p4_basket_name":"","p4_department":"","footnotes":""},"categories":[],"tags":[],"class_list":["post-2236","page","type-page","status-publish","hentry"],"yoast_head":"<!-- This site is optimized with the Yoast SEO plugin v21.9.1 - https:\/\/yoast.com\/wordpress\/plugins\/seo\/ -->\n<title>Timeline Page - Greenpeace Indonesia<\/title>\n<meta name=\"robots\" content=\"index, follow, max-snippet:-1, max-image-preview:large, max-video-preview:-1\" \/>\n<link rel=\"canonical\" href=\"https:\/\/www.greenpeace.org\/indonesia\/timeline-page\/\" \/>\n<meta property=\"og:locale\" content=\"id_ID\" \/>\n<meta property=\"og:type\" content=\"article\" \/>\n<meta property=\"og:title\" content=\"Timeline Page - Greenpeace Indonesia\" \/>\n<meta property=\"og:description\" content=\"Timeline 2.1 Mussum ipsum cacilds, vidis litro abertis. Consetis adipiscings elitis. Pra l\u00e1 , depois divoltis porris, paradis. Paisis, filhis, espiritis santis. M\u00e9 faiz elementum girarzis, nisi eros vermeio, in elementis m\u00e9 pra quem \u00e9 amistosis quis leo. Manduma pindureta quium dia nois paga. Sapien in monti palavris qui num significa nadis i pareci latim. [&hellip;]\" \/>\n<meta property=\"og:url\" content=\"https:\/\/www.greenpeace.org\/indonesia\/timeline-page\/\" \/>\n<meta property=\"og:site_name\" content=\"Greenpeace Indonesia\" \/>\n<meta property=\"article:publisher\" content=\"https:\/\/www.facebook.com\/GreenpeaceIndonesia\" \/>\n<meta property=\"article:modified_time\" content=\"2019-11-06T08:46:06+00:00\" \/>\n<meta property=\"og:image\" content=\"http:\/\/lorempixel.com\/1600\/500\/sports\/2\" \/>\n<meta name=\"twitter:card\" content=\"summary_large_image\" \/>\n<meta name=\"twitter:site\" content=\"@GreenpeaceID\" \/>\n<meta name=\"twitter:label1\" content=\"Est. reading time\" \/>\n\t<meta name=\"twitter:data1\" content=\"2 menit\" \/>\n<script type=\"application\/ld+json\" class=\"yoast-schema-graph\">{\"@context\":\"https:\/\/schema.org\",\"@graph\":[{\"@type\":\"WebPage\",\"@id\":\"https:\/\/www.greenpeace.org\/indonesia\/timeline-page\/\",\"url\":\"https:\/\/www.greenpeace.org\/indonesia\/timeline-page\/\",\"name\":\"Timeline Page - Greenpeace Indonesia\",\"isPartOf\":{\"@id\":\"https:\/\/www.greenpeace.org\/indonesia\/#website\"},\"datePublished\":\"2019-03-05T20:34:35+00:00\",\"dateModified\":\"2019-11-06T08:46:06+00:00\",\"breadcrumb\":{\"@id\":\"https:\/\/www.greenpeace.org\/indonesia\/timeline-page\/#breadcrumb\"},\"inLanguage\":\"id\",\"potentialAction\":[{\"@type\":\"ReadAction\",\"target\":[\"https:\/\/www.greenpeace.org\/indonesia\/timeline-page\/\"]}]},{\"@type\":\"BreadcrumbList\",\"@id\":\"https:\/\/www.greenpeace.org\/indonesia\/timeline-page\/#breadcrumb\",\"itemListElement\":[{\"@type\":\"ListItem\",\"position\":1,\"name\":\"Home\",\"item\":\"https:\/\/www.greenpeace.org\/indonesia\/\"},{\"@type\":\"ListItem\",\"position\":2,\"name\":\"Timeline Page\"}]},{\"@type\":\"WebSite\",\"@id\":\"https:\/\/www.greenpeace.org\/indonesia\/#website\",\"url\":\"https:\/\/www.greenpeace.org\/indonesia\/\",\"name\":\"Greenpeace Indonesia\",\"description\":\"Greenpeace\",\"publisher\":{\"@id\":\"https:\/\/www.greenpeace.org\/indonesia\/#organization\"},\"potentialAction\":[{\"@type\":\"SearchAction\",\"target\":{\"@type\":\"EntryPoint\",\"urlTemplate\":\"https:\/\/www.greenpeace.org\/indonesia\/?s={search_term_string}\"},\"query-input\":\"required name=search_term_string\"}],\"inLanguage\":\"id\"},{\"@type\":\"Organization\",\"@id\":\"https:\/\/www.greenpeace.org\/indonesia\/#organization\",\"name\":\"Greenpeace Indonesia\",\"url\":\"https:\/\/www.greenpeace.org\/indonesia\/\",\"logo\":{\"@type\":\"ImageObject\",\"inLanguage\":\"id\",\"@id\":\"https:\/\/www.greenpeace.org\/indonesia\/#\/schema\/logo\/image\/\",\"url\":\"https:\/\/www.greenpeace.org\/static\/planet4-indonesia-stateless\/2023\/11\/23919a5e-gp_avatar_whiteongreen.png\",\"contentUrl\":\"https:\/\/www.greenpeace.org\/static\/planet4-indonesia-stateless\/2023\/11\/23919a5e-gp_avatar_whiteongreen.png\",\"width\":500,\"height\":500,\"caption\":\"Greenpeace Indonesia\"},\"image\":{\"@id\":\"https:\/\/www.greenpeace.org\/indonesia\/#\/schema\/logo\/image\/\"},\"sameAs\":[\"https:\/\/www.facebook.com\/GreenpeaceIndonesia\",\"https:\/\/twitter.com\/GreenpeaceID\",\"https:\/\/www.instagram.com\/greenpeaceid\/\"]}]}<\/script>\n<!-- \/ Yoast SEO plugin. -->","yoast_head_json":{"title":"Timeline Page - Greenpeace Indonesia","robots":{"index":"index","follow":"follow","max-snippet":"max-snippet:-1","max-image-preview":"max-image-preview:large","max-video-preview":"max-video-preview:-1"},"canonical":"https:\/\/www.greenpeace.org\/indonesia\/timeline-page\/","og_locale":"id_ID","og_type":"article","og_title":"Timeline Page - Greenpeace Indonesia","og_description":"Timeline 2.1 Mussum ipsum cacilds, vidis litro abertis. Consetis adipiscings elitis. Pra l\u00e1 , depois divoltis porris, paradis. Paisis, filhis, espiritis santis. M\u00e9 faiz elementum girarzis, nisi eros vermeio, in elementis m\u00e9 pra quem \u00e9 amistosis quis leo. Manduma pindureta quium dia nois paga. Sapien in monti palavris qui num significa nadis i pareci latim. [&hellip;]","og_url":"https:\/\/www.greenpeace.org\/indonesia\/timeline-page\/","og_site_name":"Greenpeace Indonesia","article_publisher":"https:\/\/www.facebook.com\/GreenpeaceIndonesia","article_modified_time":"2019-11-06T08:46:06+00:00","og_image":[{"url":"http:\/\/lorempixel.com\/1600\/500\/sports\/2"}],"twitter_card":"summary_large_image","twitter_site":"@GreenpeaceID","twitter_misc":{"Est. reading time":"2 menit"},"schema":{"@context":"https:\/\/schema.org","@graph":[{"@type":"WebPage","@id":"https:\/\/www.greenpeace.org\/indonesia\/timeline-page\/","url":"https:\/\/www.greenpeace.org\/indonesia\/timeline-page\/","name":"Timeline Page - Greenpeace Indonesia","isPartOf":{"@id":"https:\/\/www.greenpeace.org\/indonesia\/#website"},"datePublished":"2019-03-05T20:34:35+00:00","dateModified":"2019-11-06T08:46:06+00:00","breadcrumb":{"@id":"https:\/\/www.greenpeace.org\/indonesia\/timeline-page\/#breadcrumb"},"inLanguage":"id","potentialAction":[{"@type":"ReadAction","target":["https:\/\/www.greenpeace.org\/indonesia\/timeline-page\/"]}]},{"@type":"BreadcrumbList","@id":"https:\/\/www.greenpeace.org\/indonesia\/timeline-page\/#breadcrumb","itemListElement":[{"@type":"ListItem","position":1,"name":"Home","item":"https:\/\/www.greenpeace.org\/indonesia\/"},{"@type":"ListItem","position":2,"name":"Timeline Page"}]},{"@type":"WebSite","@id":"https:\/\/www.greenpeace.org\/indonesia\/#website","url":"https:\/\/www.greenpeace.org\/indonesia\/","name":"Greenpeace Indonesia","description":"Greenpeace","publisher":{"@id":"https:\/\/www.greenpeace.org\/indonesia\/#organization"},"potentialAction":[{"@type":"SearchAction","target":{"@type":"EntryPoint","urlTemplate":"https:\/\/www.greenpeace.org\/indonesia\/?s={search_term_string}"},"query-input":"required name=search_term_string"}],"inLanguage":"id"},{"@type":"Organization","@id":"https:\/\/www.greenpeace.org\/indonesia\/#organization","name":"Greenpeace Indonesia","url":"https:\/\/www.greenpeace.org\/indonesia\/","logo":{"@type":"ImageObject","inLanguage":"id","@id":"https:\/\/www.greenpeace.org\/indonesia\/#\/schema\/logo\/image\/","url":"https:\/\/www.greenpeace.org\/static\/planet4-indonesia-stateless\/2023\/11\/23919a5e-gp_avatar_whiteongreen.png","contentUrl":"https:\/\/www.greenpeace.org\/static\/planet4-indonesia-stateless\/2023\/11\/23919a5e-gp_avatar_whiteongreen.png","width":500,"height":500,"caption":"Greenpeace Indonesia"},"image":{"@id":"https:\/\/www.greenpeace.org\/indonesia\/#\/schema\/logo\/image\/"},"sameAs":["https:\/\/www.facebook.com\/GreenpeaceIndonesia","https:\/\/twitter.com\/GreenpeaceID","https:\/\/www.instagram.com\/greenpeaceid\/"]}]}},"_links":{"self":[{"href":"https:\/\/www.greenpeace.org\/indonesia\/wp-json\/wp\/v2\/pages\/2236","targetHints":{"allow":["GET"]}}],"collection":[{"href":"https:\/\/www.greenpeace.org\/indonesia\/wp-json\/wp\/v2\/pages"}],"about":[{"href":"https:\/\/www.greenpeace.org\/indonesia\/wp-json\/wp\/v2\/types\/page"}],"author":[{"embeddable":true,"href":"https:\/\/www.greenpeace.org\/indonesia\/wp-json\/wp\/v2\/users\/27"}],"replies":[{"embeddable":true,"href":"https:\/\/www.greenpeace.org\/indonesia\/wp-json\/wp\/v2\/comments?post=2236"}],"version-history":[{"count":3,"href":"https:\/\/www.greenpeace.org\/indonesia\/wp-json\/wp\/v2\/pages\/2236\/revisions"}],"predecessor-version":[{"id":2240,"href":"https:\/\/www.greenpeace.org\/indonesia\/wp-json\/wp\/v2\/pages\/2236\/revisions\/2240"}],"wp:attachment":[{"href":"https:\/\/www.greenpeace.org\/indonesia\/wp-json\/wp\/v2\/media?parent=2236"}],"wp:term":[{"taxonomy":"category","embeddable":true,"href":"https:\/\/www.greenpeace.org\/indonesia\/wp-json\/wp\/v2\/categories?post=2236"},{"taxonomy":"post_tag","embeddable":true,"href":"https:\/\/www.greenpeace.org\/indonesia\/wp-json\/wp\/v2\/tags?post=2236"}],"curies":[{"name":"wp","href":"https:\/\/api.w.org\/{rel}","templated":true}]}}