{"id":17683,"date":"2023-05-08T10:18:54","date_gmt":"2023-05-08T08:18:54","guid":{"rendered":"https:\/\/www.greenpeace.org\/italy\/?page_id=17683"},"modified":"2025-07-02T09:26:15","modified_gmt":"2025-07-02T07:26:15","slug":"la-giusta-causa-per-il-pianeta","status":"publish","type":"page","link":"https:\/\/www.greenpeace.org\/italy\/attivati\/la-giusta-causa-per-il-pianeta\/","title":{"rendered":"Una Giusta Causa per il pianeta!"},"content":{"rendered":"\n<div class=\"wp-block-group is-vertical is-layout-flex wp-container-core-group-is-layout-8cf370e7 wp-block-group-is-layout-flex\">\n<p>Alluvioni, siccit\u00e0, incendi, ondate di calore. Sono i risultati dei cambiamenti climatici e si stanno verificando in ogni angolo del mondo. A pagarne le spese siamo noi e l\u2019ambiente, e la responsabilit\u00e0 \u00e8 anche di ENI. \u00c8 una delle aziende italiane pi\u00f9 inquinanti al mondo in termini di emissioni di gas serra e il maggior emettitore di CO2 in Italia. E mentre promette di investire in energie rinnovabili, continua a investire pesantemente in gas e petrolio. Chi inquina e devasta il nostro Pianeta deve pagare. Ecco perch\u00e9 abbiamo deciso di portare ENI in Tribunale, ecco perch\u00e9 questa \u00e8 una Giusta Causa. Unisciti a noi!<\/p>\n<\/div>\n\n<div style=\"height:50px\" aria-hidden=\"true\" class=\"wp-block-spacer\"><\/div>\n\n<div class=\"wp-block-columns is-layout-flex wp-container-core-columns-is-layout-9d6595d7 wp-block-columns-is-layout-flex\">\n<div class=\"wp-block-column is-layout-flow wp-block-column-is-layout-flow\">\n<div class=\"wp-block-buttons is-layout-flex wp-block-buttons-is-layout-flex\">\n<div class=\"wp-block-button has-custom-width wp-block-button__width-100 is-style-cta\"><a class=\"wp-block-button__link wp-element-button\" href=\"https:\/\/attivati.greenpeace.it\/petizioni\/contro-eni-per-una-giusta-causa\/?utm_source=greenpeace.org&amp;utm_medium=attivati&amp;utm_campaign=eni&amp;utm_content=button-up\" target=\"_blank\" rel=\"https:\/\/attivati.greenpeace.it\/petizioni\/contro-eni-per-una-giusta-causa\/?utm_source=greenpeace.org&amp;utm_medium=attivati&amp;utm_campaign=eni&amp;utm_content=pagina-attivati noopener\">FIRMA LA PETIZIONE<\/a><\/div>\n<\/div>\n\n\n\n<figure class=\"wp-block-image size-full\"><img loading=\"lazy\" decoding=\"async\" width=\"1000\" height=\"728\" src=\"https:\/\/www.greenpeace.org\/static\/planet4-italy-stateless\/2023\/05\/eb64f0a2-enipianeta.png\" alt=\"\" class=\"wp-image-17704\" srcset=\"https:\/\/www.greenpeace.org\/static\/planet4-italy-stateless\/2023\/05\/eb64f0a2-enipianeta.png 1000w, https:\/\/www.greenpeace.org\/static\/planet4-italy-stateless\/2023\/05\/eb64f0a2-enipianeta-300x218.png 300w, https:\/\/www.greenpeace.org\/static\/planet4-italy-stateless\/2023\/05\/eb64f0a2-enipianeta-768x559.png 768w, https:\/\/www.greenpeace.org\/static\/planet4-italy-stateless\/2023\/05\/eb64f0a2-enipianeta-467x340.png 467w\" sizes=\"auto, (max-width: 1000px) 100vw, 1000px\" \/><\/figure>\n<\/div>\n\n\n\n<div class=\"wp-block-column is-layout-flow wp-block-column-is-layout-flow\">\n<h3 class=\"wp-block-heading\">Insieme per una Giusta Causa<\/h3>\n\n\n\n<p>In questa azione contro ENI, gli attori sono Greenpeace Italia e ReCommon insieme a privati cittadini e cittadine, tutti soggetti che direttamente o indirettamente subiscono le conseguenze dell\u2019aggravarsi della crisi climatica a causa anche della condotta della multinazionale petrolifera italiana.<\/p>\n<\/div>\n\n\n\n<div class=\"wp-block-column is-layout-flow wp-block-column-is-layout-flow\">\n<h3 class=\"wp-block-heading\">Perch\u00e9 ENI?<\/h3>\n\n\n\n<p>La responsabilit\u00e0 di ENI sulla crisi climatica \u00e8 oramai conclamata. ENI infatti \u00e8 responsabile a livello globale di un volume di emissioni di gas serra superiore a quello dell\u2019intera Italia, essendo cos\u00ec uno dei principali artefici del cambiamento climatico in atto. ENI e le altre compagnie petrolifere sono consapevoli da oltre cinquant\u2019anni dell\u2019impatto che le loro attivit\u00e0 hanno sul clima, tanto da mettere in atto strategie di <em>lobby<\/em> e di <em>greenwashing<\/em> per mascherare le proprie responsabilit\u00e0.<\/p>\n<\/div>\n<\/div>\n\n<div class=\"wp-block-columns is-layout-flex wp-container-core-columns-is-layout-9d6595d7 wp-block-columns-is-layout-flex\">\n<div class=\"wp-block-column is-layout-flow wp-block-column-is-layout-flow\">\n<figure class=\"wp-block-image size-full\"><img loading=\"lazy\" decoding=\"async\" width=\"1000\" height=\"664\" src=\"https:\/\/www.greenpeace.org\/static\/planet4-italy-stateless\/2023\/05\/d7d5127b-185507113.jpg\" alt=\"\" class=\"wp-image-17759\" srcset=\"https:\/\/www.greenpeace.org\/static\/planet4-italy-stateless\/2023\/05\/d7d5127b-185507113.jpg 1000w, https:\/\/www.greenpeace.org\/static\/planet4-italy-stateless\/2023\/05\/d7d5127b-185507113-300x199.jpg 300w, https:\/\/www.greenpeace.org\/static\/planet4-italy-stateless\/2023\/05\/d7d5127b-185507113-768x510.jpg 768w, https:\/\/www.greenpeace.org\/static\/planet4-italy-stateless\/2023\/05\/d7d5127b-185507113-510x340.jpg 510w\" sizes=\"auto, (max-width: 1000px) 100vw, 1000px\" \/><\/figure>\n<\/div>\n\n\n\n<div class=\"wp-block-column is-layout-flow wp-block-column-is-layout-flow\">\n<figure class=\"wp-block-image size-large\"><img loading=\"lazy\" decoding=\"async\" width=\"1024\" height=\"683\" src=\"https:\/\/www.greenpeace.org\/static\/planet4-italy-stateless\/2023\/05\/8ea0de70-postaper1-1024x683.jpg\" alt=\"\" class=\"wp-image-17760\" srcset=\"https:\/\/www.greenpeace.org\/static\/planet4-italy-stateless\/2023\/05\/8ea0de70-postaper1-1024x683.jpg 1024w, https:\/\/www.greenpeace.org\/static\/planet4-italy-stateless\/2023\/05\/8ea0de70-postaper1-300x200.jpg 300w, https:\/\/www.greenpeace.org\/static\/planet4-italy-stateless\/2023\/05\/8ea0de70-postaper1-768x512.jpg 768w, https:\/\/www.greenpeace.org\/static\/planet4-italy-stateless\/2023\/05\/8ea0de70-postaper1-510x340.jpg 510w, https:\/\/www.greenpeace.org\/static\/planet4-italy-stateless\/2023\/05\/8ea0de70-postaper1.jpg 1200w\" sizes=\"auto, (max-width: 1024px) 100vw, 1024px\" \/><\/figure>\n<\/div>\n<\/div>\n\n<h2 class=\"wp-block-heading\"><strong>La prima <em>climate litigation<\/em> in Italia contro ENI<\/strong><\/h2>\n\n<p>Le <em>climate litigation<\/em> sono azioni legali avviate con lo scopo di imporre a governi o aziende il rispetto di determinati standard in materia di limitazione del riscaldamento globale. Gli impatti universalmente riconosciuti del cambiamento climatico interessano alcuni dei diritti individuali come i diritti alla vita, al cibo, all&#8217;acqua, ai servizi igienici e alla salute. La responsabilit\u00e0 di ENI sui cambiamenti climatici emerge con tutta evidenza. Le condotte che causano il cambiamento climatico, violano diritti umani tutelati e protetti sia dalla Costituzione italiana sia, attraverso quest\u2019ultima, da norme internazionali e accordi vincolanti per gli Stati e per le aziende. La violazione di queste norme comporta la commissione di condotte illecite che trovano tutela attraverso gli articoli 2043 e seguenti del codice civile con la necessit\u00e0 di un intervento sia risarcitorio in forma specifica che inibitorio, dal momento che l\u2019aumento di temperatura del pianeta, che gi\u00e0 oggi \u00e8 in aumento, lo sar\u00e0 sempre di pi\u00f9 se non verranno rispettati gli obiettivi stabiliti nella Conferenza di Parigi.<\/p>\n\n<h2 class=\"wp-block-heading\">Cosa vogliamo ottenere<\/h2>\n\n<p><img decoding=\"async\" src=\"https:\/\/www.greenpeace.org\/static\/planet4-italy-stateless\/2023\/05\/0689b3ec-recommon_logo.png\" width=\"200px\" style=\"float:left;margin: 10px 25px 5px 0px;border-right: 2px solid;padding-right: 25px;\">Tramite questa causa civile, noi di Greenpeace Italia e ReCommon, insieme a privati cittadini e cittadine, tutte persone che direttamente subiscono e temono di subire in futuro le conseguenze dell\u2019aggravarsi della crisi climatica a causa della condotta della multinazionale petrolifera italiana, chiediamo di accertare e dichiarare che ENI SPA, il Ministero dell\u2019Economia e delle Finanze e Cassa depositi e prestiti SPA sono responsabili nei confronti dei cittadini italiani per danni alla salute, all\u2019incolumit\u00e0 e alle propriet\u00e0, nonch\u00e9 per aver messo, e aver continuato a mettere, in pericolo gli stessi beni per effetto delle conseguenze del cambiamento climatico. Un fenomeno che queste realt\u00e0 hanno contribuito a provocare a causa delle emissioni in atmosfera di gas serra, e in particolare CO<sub>2<\/sub>, derivanti dalle attivit\u00e0 industriali, commerciali e dei prodotti per il trasporto di energia venduti da ENI, il tutto oltre i limiti internazionalmente riconosciuti e accettati dalla stessa compagnia. Noi di Greenpeace Italia e ReCommon, insieme a privati cittadini e cittadine in questa causa in ogni caso non chiediamo una quantificazione dei danni patrimoniali e non, ma solo un accertamento delle responsabilit\u00e0 dei convenuti per i danni provocati. Allo stesso tempo chiediamo la condanna di ENI a rivedere la sua strategia industriale per ridurre le emissioni di gas climalteranti del 45 per cento al 2030 rispetto ai livelli del 2020, in linea con l\u2019Accordo di Parigi, e la condanna del Ministero dell\u2019Economia e delle Finanze, azionista influente di Eni, ad adottare una politica climatica che guidi la sua partecipazione nella societ\u00e0 sempre attenendosi alle disposizioni dell&#8217;Accordo di Parigi.<\/p>\n<div data-render=\"planet4-blocks\/columns\" data-attributes=\"{&quot;attributes&quot;:{&quot;columns_block_style&quot;:&quot;tasks&quot;,&quot;columns_title&quot;:&quot;Cosa puoi fare tu&quot;,&quot;columns_description&quot;:&quot;Chi inquina e devasta il nostro Pianeta deve pagare e fermarsi ora. Non c\\u2019\\u00e8 altro tempo da perdere! Tu puoi aiutarci.&quot;,&quot;columns&quot;:[{&quot;title&quot;:&quot;Segui la campagna&quot;,&quot;description&quot;:&quot;Scopri i nostri approfondimenti, leggi tutte le news e condividile il pi\\u00f9 possibile.&quot;,&quot;cta_text&quot;:&quot;Leggi&quot;,&quot;cta_link&quot;:&quot;https:\\\/\\\/www.greenpeace.org\\\/italy\\\/tag\\\/lagiustacausa\\\/&quot;,&quot;link_new_tab&quot;:true},{&quot;title&quot;:&quot;Trova risposte alle tue domande&quot;,&quot;description&quot;:&quot;Scopri le domande pi\\u00f9 frequenti e trova tutte le risposte.&quot;,&quot;cta_text&quot;:&quot;Leggi&quot;,&quot;cta_link&quot;:&quot;https:\\\/\\\/www.greenpeace.org\\\/italy\\\/rapporto\\\/17716\\\/lagiustacausa-faq-rispondiamo-alle-vostre-domande\\\/&quot;,&quot;link_new_tab&quot;:true},{&quot;title&quot;:&quot;Sostienici ora&quot;,&quot;description&quot;:&quot;Mobilitarsi per difendere il nostro futuro richiede tanto impegno ed energie, ma lo reputiamo necessario. Aiutaci a continuare questa battaglia! Ogni gesto \\u00e8 importante.&quot;,&quot;cta_text&quot;:&quot;Dona&quot;,&quot;cta_link&quot;:&quot;https:\\\/\\\/donazione.greenpeace.it\\\/giustacausa\\\/~mia-donazione?utm_source=greenpeace.org&amp;utm_medium=cosa-facciamo&amp;utm_campaign=donate&amp;utm_content=giusta-causa&quot;,&quot;link_new_tab&quot;:true},{&quot;title&quot;:&quot;Leggi tutti i documenti&quot;,&quot;description&quot;:&quot;Leggi tutti i documenti utili per comprendere meglio quest\\u2019azione legale.&quot;,&quot;attachment&quot;:0,&quot;cta_link&quot;:&quot;https:\\\/\\\/www.greenpeace.org\\\/italy\\\/rapporto\\\/17711\\\/lagiustacausa-leggi-tutti-i-documenti\\\/&quot;,&quot;cta_text&quot;:&quot;Leggi&quot;,&quot;link_new_tab&quot;:true}],&quot;className&quot;:&quot;is-style-tasks&quot;}}\"><\/div>\n<div style=\"height:200px\" aria-hidden=\"true\" class=\"wp-block-spacer\"><\/div>\n","protected":false},"excerpt":{"rendered":"<p>Abbiamo deciso di portare ENI in Tribunale, perch\u00e9 \u00e8 una delle aziende pi\u00f9 inquinanti al mondo. Chi inquina e devasta il nostro Pianeta deve pagare.<\/p>\n","protected":false},"author":21,"featured_media":17696,"parent":9,"menu_order":0,"comment_status":"closed","ping_status":"closed","template":"","meta":{"ep_exclude_from_search":false,"p4_hide_page_title_checkbox":"","p4_title":"","p4_subtitle":"","p4_description":"","background_image_id":"","background_image":"","p4_button_title":"","p4_button_link":"","p4_button_link_checkbox":"","p4_og_title":"Una Giusta Causa per il pianeta!","p4_og_description":"Abbiamo deciso di portare ENI in Tribunale, perch\u00e9 \u00e8 una delle aziende pi\u00f9 inquinanti al mondo. Chi inquina e devasta il nostro Pianeta deve pagare.","p4_og_image":"https:\/\/www.greenpeace.org\/static\/planet4-italy-stateless\/2023\/05\/80f5f0c8-giustacausaopen.jpg","p4_og_image_id":"17696","p4_seo_canonical_url":"","p4_campaign_name":"","p4_local_project":"","p4_basket_name":"","p4_department":"","footnotes":""},"categories":[20],"tags":[29,32,31,44],"class_list":["post-17683","page","type-page","status-publish","has-post-thumbnail","hentry","category-denuncia","tag-clima","tag-energia","tag-volontariato","tag-lagiustacausa"],"_links":{"self":[{"href":"https:\/\/www.greenpeace.org\/italy\/wp-json\/wp\/v2\/pages\/17683","targetHints":{"allow":["GET"]}}],"collection":[{"href":"https:\/\/www.greenpeace.org\/italy\/wp-json\/wp\/v2\/pages"}],"about":[{"href":"https:\/\/www.greenpeace.org\/italy\/wp-json\/wp\/v2\/types\/page"}],"author":[{"embeddable":true,"href":"https:\/\/www.greenpeace.org\/italy\/wp-json\/wp\/v2\/users\/21"}],"replies":[{"embeddable":true,"href":"https:\/\/www.greenpeace.org\/italy\/wp-json\/wp\/v2\/comments?post=17683"}],"version-history":[{"count":20,"href":"https:\/\/www.greenpeace.org\/italy\/wp-json\/wp\/v2\/pages\/17683\/revisions"}],"predecessor-version":[{"id":28140,"href":"https:\/\/www.greenpeace.org\/italy\/wp-json\/wp\/v2\/pages\/17683\/revisions\/28140"}],"up":[{"embeddable":true,"href":"https:\/\/www.greenpeace.org\/italy\/wp-json\/wp\/v2\/pages\/9"}],"wp:featuredmedia":[{"embeddable":true,"href":"https:\/\/www.greenpeace.org\/italy\/wp-json\/wp\/v2\/media\/17696"}],"wp:attachment":[{"href":"https:\/\/www.greenpeace.org\/italy\/wp-json\/wp\/v2\/media?parent=17683"}],"wp:term":[{"taxonomy":"category","embeddable":true,"href":"https:\/\/www.greenpeace.org\/italy\/wp-json\/wp\/v2\/categories?post=17683"},{"taxonomy":"post_tag","embeddable":true,"href":"https:\/\/www.greenpeace.org\/italy\/wp-json\/wp\/v2\/tags?post=17683"}],"curies":[{"name":"wp","href":"https:\/\/api.w.org\/{rel}","templated":true}]}}