{"id":20227,"date":"2023-12-22T12:19:40","date_gmt":"2023-12-22T11:19:40","guid":{"rendered":"https:\/\/www.greenpeace.org\/italy\/?page_id=20227"},"modified":"2025-07-02T09:25:27","modified_gmt":"2025-07-02T07:25:27","slug":"grandi-donazioni","status":"publish","type":"page","link":"https:\/\/www.greenpeace.org\/italy\/sostienici\/grandi-donazioni\/","title":{"rendered":"Grandi donazioni"},"content":{"rendered":"\n<div class=\"wp-block-group alignfull has-beige-100-background-color has-background is-layout-flow wp-block-group-is-layout-flow\" style=\"padding-top:0px;padding-bottom:0px\">\n<div class=\"wp-block-group container is-layout-flow wp-block-group-is-layout-flow\">\n<div class=\"wp-block-media-text alignfull has-media-on-the-right is-stacked-on-mobile is-pattern-p4-page-header is-style-parallax\"><div class=\"wp-block-media-text__content\">\n<div style=\"height:60px\" aria-hidden=\"true\" class=\"wp-block-spacer\"><\/div>\n\n\n\n<h1 class=\"wp-block-heading is-style-default\" style=\"font-size:3.6rem\">Il futuro del Pianeta \u00e8 il tuo miglior investimento<\/h1>\n\n\n\n<p>Con una grande donazione a Greenpeace realizzi il cambiamento che vuoi per la tua vita e per l&#8217;ambiente che ci ospita.<\/p>\n<\/div><figure class=\"wp-block-media-text__media\"><img loading=\"lazy\" decoding=\"async\" width=\"1024\" height=\"661\" src=\"https:\/\/www.greenpeace.org\/static\/planet4-italy-stateless\/2023\/12\/4882265e-gp021j0-1024x661.jpg\" alt=\"Polar Bears Wait for Winter Migration. \u00a9 Robert Visser \/ Greenpeace\" sizes=\"auto, (min-width: 601px) 50vw, 100vw\" srcset=\"https:\/\/www.greenpeace.org\/static\/planet4-italy-stateless\/2023\/12\/4882265e-gp021j0.jpg 1200w, https:\/\/www.greenpeace.org\/static\/planet4-italy-stateless\/2023\/12\/4882265e-gp021j0-300x194.jpg 300w, https:\/\/www.greenpeace.org\/static\/planet4-italy-stateless\/2023\/12\/4882265e-gp021j0-1024x661.jpg 1024w, https:\/\/www.greenpeace.org\/static\/planet4-italy-stateless\/2023\/12\/4882265e-gp021j0-768x496.jpg 768w, https:\/\/www.greenpeace.org\/static\/planet4-italy-stateless\/2023\/12\/4882265e-gp021j0-510x329.jpg 510w\" class=\"wp-image-20228 size-full\"\/><\/figure><\/div>\n<\/div>\n<\/div>\n\n<div style=\"height:50px\" aria-hidden=\"true\" class=\"wp-block-spacer\"><\/div>\n\n<p>Da pi\u00f9 di cinquant\u2019anni&nbsp;<strong>ci opponiamo allo sfruttamento del pianeta<\/strong>. Non ci facciamo finanziare da aziende e governi e se siamo ancora qui, a sfidare i colossi dell\u2019inquinamento, \u00e8 merito delle persone che ci supportano ogni giorno con le loro libere donazioni.&nbsp;<strong>Pi\u00f9 grande \u00e8 il supporto che riceviamo, pi\u00f9 grandi potranno essere le nostre opere e azioni<\/strong>: siamo uniti e alleati nella sfida pi\u00f9 urgente della nostra epoca, quella di&nbsp;<strong>salvare il futuro del pianeta e salvarci con esso<\/strong>.<\/p>\n\n<p>Fare una grande donazione a Greenpeace significa&nbsp;<strong>guadagnare tempo di azione<\/strong>&nbsp;<strong>nell\u2019emergenza climatica<\/strong>, contribuire a realizzare una&nbsp;<strong>transizione ecologica dell\u2019energia<\/strong>&nbsp;di cui abbiamo bisogno, determinare quel&nbsp;<strong>cambiamento che vogliamo vedere realizzato nella nostra vita<\/strong>&nbsp;e nell\u2019ambiente che ci ospita.<\/p>\n\n<div class=\"wp-block-columns is-layout-flex wp-container-core-columns-is-layout-9d6595d7 wp-block-columns-is-layout-flex\">\n<div class=\"wp-block-column is-layout-flow wp-block-column-is-layout-flow\">\n<div style=\"height:50px\" aria-hidden=\"true\" class=\"wp-block-spacer\"><\/div>\n\n\n\n<h2 class=\"wp-block-heading has-text-align-left has-green-500-color has-text-color\" style=\"font-size:3rem\">COSA PUOI FARE PER IL PIANETA<\/h2>\n\n\n\n<div style=\"height:25px\" aria-hidden=\"true\" class=\"wp-block-spacer\"><\/div>\n<\/div>\n\n\n\n<div class=\"wp-block-column is-vertically-aligned-bottom is-layout-flow wp-block-column-is-layout-flow\" style=\"flex-basis:40%\"><\/div>\n<\/div>\n\n<div class=\"wp-block-columns is-layout-flex wp-container-core-columns-is-layout-9d6595d7 wp-block-columns-is-layout-flex\">\n<div class=\"wp-block-column is-layout-flow wp-block-column-is-layout-flow\">\n<figure class=\"wp-block-image size-full\"><img loading=\"lazy\" decoding=\"async\" width=\"1000\" height=\"667\" src=\"https:\/\/www.greenpeace.org\/static\/planet4-italy-stateless\/2023\/04\/78380916-gp0strchv.jpg\" alt=\"\" class=\"wp-image-17567\" srcset=\"https:\/\/www.greenpeace.org\/static\/planet4-italy-stateless\/2023\/04\/78380916-gp0strchv.jpg 1000w, https:\/\/www.greenpeace.org\/static\/planet4-italy-stateless\/2023\/04\/78380916-gp0strchv-300x200.jpg 300w, https:\/\/www.greenpeace.org\/static\/planet4-italy-stateless\/2023\/04\/78380916-gp0strchv-768x512.jpg 768w, https:\/\/www.greenpeace.org\/static\/planet4-italy-stateless\/2023\/04\/78380916-gp0strchv-510x340.jpg 510w\" sizes=\"auto, (max-width: 1000px) 100vw, 1000px\" \/><\/figure>\n\n\n\n<h3 class=\"wp-block-heading has-dark-green-800-color has-text-color\"><strong>Con 1.500 euro denunci l&#8217;inquinamento da PFAS delle aziende<\/strong><\/h3>\n\n\n\n<div style=\"height:20px\" aria-hidden=\"true\" class=\"wp-block-spacer\"><\/div>\n\n\n\n<p>Stiamo facendo analisi indipendenti su campionamenti di acqua e alimenti di origine vegetale e animale dove sappiamo esistere&nbsp;<strong>un alto rischio di contaminazione e inquinamento da PFAS (sostanze poli e perfluoroalchiliche)<\/strong>. La tua donazione di&nbsp;<strong>1.500 euro finanzia 10 campioni&nbsp;<\/strong>delle nostre analisi indipendenti.<\/p>\n\n\n\n<div style=\"height:20px\" aria-hidden=\"true\" class=\"wp-block-spacer\"><\/div>\n\n\n\n<div class=\"wp-block-buttons is-layout-flex wp-block-buttons-is-layout-flex\">\n<div class=\"wp-block-button is-style-cta\"><a class=\"wp-block-button__link wp-element-button\" href=\"https:\/\/donazione.greenpeace.it\/ask-md\/~mia-donazione?utm_source=hs&amp;utm_medium=email&amp;utm_campaign=middle&amp;utm_content=24demmiddle\" target=\"_blank\" rel=\"noreferrer noopener\">DONA ORA<\/a><\/div>\n<\/div>\n<\/div>\n\n\n\n<div class=\"wp-block-column is-layout-flow wp-block-column-is-layout-flow\">\n<figure class=\"wp-block-image size-full\"><img loading=\"lazy\" decoding=\"async\" width=\"1000\" height=\"667\" src=\"https:\/\/www.greenpeace.org\/static\/planet4-italy-stateless\/2023\/05\/f920f477-gp0strchv.jpg\" alt=\"\" class=\"wp-image-17825\" srcset=\"https:\/\/www.greenpeace.org\/static\/planet4-italy-stateless\/2023\/05\/f920f477-gp0strchv.jpg 1000w, https:\/\/www.greenpeace.org\/static\/planet4-italy-stateless\/2023\/05\/f920f477-gp0strchv-300x200.jpg 300w, https:\/\/www.greenpeace.org\/static\/planet4-italy-stateless\/2023\/05\/f920f477-gp0strchv-768x512.jpg 768w, https:\/\/www.greenpeace.org\/static\/planet4-italy-stateless\/2023\/05\/f920f477-gp0strchv-510x340.jpg 510w\" sizes=\"auto, (max-width: 1000px) 100vw, 1000px\" \/><\/figure>\n\n\n\n<h3 class=\"wp-block-heading has-dark-green-800-color has-text-color\"><strong>Con 2.100 euro proteggi il Mediterraneo e la biodiversit\u00e0<\/strong><\/h3>\n\n\n\n<div style=\"height:20px\" aria-hidden=\"true\" class=\"wp-block-spacer\"><\/div>\n\n\n\n<p>Ogni anno Greenpeace realizza una <strong>spedizione nel Mar Mediterraneo<\/strong> con l\u2019obiettivo di monitorare lo<strong> stato di salute del nostro mare<\/strong> e accendere i riflettori sulle bellezze da proteggere e sui pericoli che lo minacciano. La tua donazione di&nbsp;<strong>2.100 euro<\/strong>&nbsp;ci aiuta a coprire i costi di&nbsp;<strong>una giornata di navigazione e ricerca in mare<\/strong>.<\/p>\n\n\n\n<div style=\"height:20px\" aria-hidden=\"true\" class=\"wp-block-spacer\"><\/div>\n\n\n\n<div class=\"wp-block-buttons is-layout-flex wp-block-buttons-is-layout-flex\">\n<div class=\"wp-block-button is-style-cta\"><a class=\"wp-block-button__link wp-element-button\" href=\"https:\/\/donazione.greenpeace.it\/ask-md\/~mia-donazione?utm_source=hs&amp;utm_medium=email&amp;utm_campaign=middle&amp;utm_content=24demmiddle\" target=\"_blank\" rel=\"noreferrer noopener\">DONA ORA<\/a><\/div>\n<\/div>\n<\/div>\n\n\n\n<div class=\"wp-block-column is-layout-flow wp-block-column-is-layout-flow\">\n<figure class=\"wp-block-image size-full\"><img loading=\"lazy\" decoding=\"async\" width=\"1200\" height=\"800\" src=\"https:\/\/www.greenpeace.org\/static\/planet4-italy-stateless\/2023\/09\/b0e1ab27-gp0stxhrx_medium_res-1.jpg\" alt=\"\" class=\"wp-image-18755\" srcset=\"https:\/\/www.greenpeace.org\/static\/planet4-italy-stateless\/2023\/09\/b0e1ab27-gp0stxhrx_medium_res-1.jpg 1200w, https:\/\/www.greenpeace.org\/static\/planet4-italy-stateless\/2023\/09\/b0e1ab27-gp0stxhrx_medium_res-1-300x200.jpg 300w, https:\/\/www.greenpeace.org\/static\/planet4-italy-stateless\/2023\/09\/b0e1ab27-gp0stxhrx_medium_res-1-1024x683.jpg 1024w, https:\/\/www.greenpeace.org\/static\/planet4-italy-stateless\/2023\/09\/b0e1ab27-gp0stxhrx_medium_res-1-768x512.jpg 768w, https:\/\/www.greenpeace.org\/static\/planet4-italy-stateless\/2023\/09\/b0e1ab27-gp0stxhrx_medium_res-1-510x340.jpg 510w\" sizes=\"auto, (max-width: 1200px) 100vw, 1200px\" \/><\/figure>\n\n\n\n<h3 class=\"wp-block-heading has-dark-green-800-color has-text-color\"><strong>Con 3.500 euro supporti la nostra spedizione nei ghiacciai italiani<\/strong><\/h3>\n\n\n\n<div style=\"height:20px\" aria-hidden=\"true\" class=\"wp-block-spacer\"><\/div>\n\n\n\n<p>Ogni anno alla fine dell&#8217;estate e in collaborazione con il&nbsp;<strong>Comitato Glaciologico Italiano<\/strong>&nbsp;organizziamo una spedizione per&nbsp;<strong>monitorare lo stato di salute dei nostri ghiacciai, sempre pi\u00f9 danneggiati dalla crisi climatica<\/strong>. Con una donazione di&nbsp;<strong>3.500 euro ci aiuti a coprire i costi della spedizione<\/strong>&nbsp;e a difendere le nostre montagne.&nbsp;<\/p>\n\n\n\n<div style=\"height:20px\" aria-hidden=\"true\" class=\"wp-block-spacer\"><\/div>\n\n\n\n<div class=\"wp-block-buttons is-layout-flex wp-block-buttons-is-layout-flex\">\n<div class=\"wp-block-button is-style-cta\"><a class=\"wp-block-button__link wp-element-button\" href=\"https:\/\/donazione.greenpeace.it\/ask-md\/~mia-donazione?utm_source=hs&amp;utm_medium=email&amp;utm_campaign=middle&amp;utm_content=24demmiddle\" target=\"_blank\" rel=\"noreferrer noopener\">DONA ORA<\/a><\/div>\n<\/div>\n<\/div>\n<\/div>\n\n<div style=\"height:50px\" aria-hidden=\"true\" class=\"wp-block-spacer\"><\/div>\n\n<div class=\"wp-block-columns is-layout-flex wp-container-core-columns-is-layout-9d6595d7 wp-block-columns-is-layout-flex\">\n<div class=\"wp-block-column is-layout-flow wp-block-column-is-layout-flow\">\n<div style=\"height:50px\" aria-hidden=\"true\" class=\"wp-block-spacer\"><\/div>\n\n\n\n<h2 class=\"wp-block-heading has-text-align-left has-green-500-color has-text-color\" style=\"font-size:3rem\">COME DONARE<\/h2>\n\n\n\n<div style=\"height:25px\" aria-hidden=\"true\" class=\"wp-block-spacer\"><\/div>\n<\/div>\n\n\n\n<div class=\"wp-block-column is-vertically-aligned-bottom is-layout-flow wp-block-column-is-layout-flow\" style=\"flex-basis:40%\"><\/div>\n<\/div>\n\n<p>Oltre che donare direttamente dal nostro sito, <strong>puoi fare un bonifico a Greenpeace Italia<\/strong>, Iban: <strong>IT36Q0501803200000011251253<\/strong> inserendo come causale uno di questi 3 progetti. Tutte le donazioni a Greenpeace sono <a href=\"https:\/\/www.greenpeace.org\/italy\/sostienici\/benefici-fiscali\/\">deducibili o detraibili.<\/a><\/p>\n\n<div style=\"height:20px\" aria-hidden=\"true\" class=\"wp-block-spacer\"><\/div>\n\n<table bgcolor=\"#1f4912\" style=\"max-width: 800px; margin: 0px auto;\">\n<tbody>\n  <tr>\n    <td>\n<img decoding=\"async\" src=\"https:\/\/www.greenpeace.org\/static\/planet4-italy-stateless\/2025\/04\/c23cef44-photo-sira.jpg\" style=\"float:inline-end; width:140px; margin-right:20px; margin-top:-40px;\">\n  <h3 style=\"color:#FFFFFF\">Sira Bertarelli<\/h3>\n  <h4 style=\"color:#FFFFFF\"><img decoding=\"async\" src=\"https:\/\/www.greenpeace.org\/static\/planet4-italy-stateless\/2023\/04\/6b09d5d1-icon-phone.png\" width=\"20px\"> Chiamami al <a href=\"tel:+3456051958\">345.6051958<\/a><\/h4>\n  <h4 style=\"color:#FFFFFF\"><img decoding=\"async\" src=\"https:\/\/www.greenpeace.org\/static\/planet4-italy-stateless\/2023\/04\/09fc2a41-icon-email.png\" width=\"20px\"> Scrivimi a <a href=\"mailto:sira.bertarelli@greenpeace.org\">sira.bertarelli@greenpeace.org<\/a><\/h4>\n  <p style=\"color:#FFFFFF\">Stai pensando di fare una grande donazione a Greenpeace e hai bisogno di maggiori informazioni? <strong>Sono a tua disposizione<\/strong> per raccontarti le attivit\u00e0 che hanno pi\u00f9 bisogno di supporto. <strong>Chiamami e iniziamo insieme questo bellissimo viaggio in difesa del pianeta!<\/strong><\/p>\n\n<\/td>\n  <\/tr>\n<\/tbody>\n<\/table>\n\n<div style=\"height:30px\" aria-hidden=\"true\" class=\"wp-block-spacer\"><\/div>\n\n<div class=\"wp-block-columns is-layout-flex wp-container-core-columns-is-layout-9d6595d7 wp-block-columns-is-layout-flex\">\n<div class=\"wp-block-column is-layout-flow wp-block-column-is-layout-flow\">\n<div style=\"height:50px\" aria-hidden=\"true\" class=\"wp-block-spacer\"><\/div>\n\n\n\n<h2 class=\"wp-block-heading has-text-align-left has-green-500-color has-text-color\" style=\"font-size:3rem\">LIBERI DI AGIRE E DISOBBEDIRE<\/h2>\n\n\n\n<div style=\"height:25px\" aria-hidden=\"true\" class=\"wp-block-spacer\"><\/div>\n<\/div>\n\n\n\n<div class=\"wp-block-column is-vertically-aligned-bottom is-layout-flow wp-block-column-is-layout-flow\" style=\"flex-basis:40%\"><\/div>\n<\/div>\n\n<p><strong><em>La tua grande donazione a Greenpeace ci render\u00e0 liberi di agire e di disobbedire<\/em><\/strong><em>.&nbsp;<\/em><br><strong>Greenpeace \u00e8 indipendente al 100%<\/strong>, significa che non accetta finanziamenti da governi, aziende o partiti politici. Tutto il nostro lavoro \u00e8 finanziato esclusivamente da individui, persone come te, che credono nell\u2019urgenza delle nostre campagne e si impegnano concretamente per sostenerle. Questa \u00e8 la garanzia della nostra indipendenza: <strong>per noi \u00e8 libert\u00e0 di azione, per te \u00e8 trasparenza<\/strong>. E puoi verificarla <a href=\"https:\/\/www.greenpeace.org\/italy\/chi-siamo\/come-usiamo-le-donazioni\/\">l<\/a><a href=\"https:\/\/www.greenpeace.org\/italy\/chi-siamo\/bilancio-sociale\/\">eggendo il <strong>bilancio sociale<\/strong><\/a> che presentiamo ogni anno.<\/p>\n\n<div style=\"height:50px\" aria-hidden=\"true\" class=\"wp-block-spacer\"><\/div>\n\n<div class=\"wp-block-columns is-layout-flex wp-container-core-columns-is-layout-9d6595d7 wp-block-columns-is-layout-flex\">\n<div class=\"wp-block-column is-layout-flow wp-block-column-is-layout-flow\">\n<div style=\"height:50px\" aria-hidden=\"true\" class=\"wp-block-spacer\"><\/div>\n\n\n\n<h2 class=\"wp-block-heading has-text-align-left has-green-500-color has-text-color\" style=\"font-size:3rem\">I SOLDI DONATI REALIZZANO I TUOI IDEALI<\/h2>\n\n\n\n<div style=\"height:25px\" aria-hidden=\"true\" class=\"wp-block-spacer\"><\/div>\n<\/div>\n\n\n\n<div class=\"wp-block-column is-vertically-aligned-bottom is-layout-flow wp-block-column-is-layout-flow\" style=\"flex-basis:40%\"><\/div>\n<\/div>\n\n<p>Con una grande donazione a Greenpeace ci permetti di agire in Italia e nel mondo per difendere gli interessi del pianeta.&nbsp;<strong>Il nostro metodo \u00e8 efficace ma ha un costo reale<\/strong>. Indagini, competenze, consapevolezza e azioni spettacolari: \u00e8 qui che puoi fare davvero la differenza.<\/p>\n\n<table bgcolor=\"#1f4912\">\n<tbody>\n  <tr>\n    <td>\n\n<h3 class=\"has-text-align-center\" style=\"color:#FFFFFF\"><em>Investi subito nel futuro del pianeta: dona ora per Greenpeace Italia.<br\/>Iban: <strong>IT36Q0501803200000011251253<\/strong><\/em><\/h3>\n\n<\/td>\n  <\/tr>\n<\/tbody>\n<\/table>\n<div data-hydrate=\"planet4-blocks\/gallery\" data-attributes=\"{&quot;attributes&quot;:{&quot;multiple_image&quot;:&quot;17588,17810,17587&quot;,&quot;gallery_block_focus_points&quot;:&quot;{\\&quot;17587\\&quot;:\\&quot;50% 50%\\&quot;,\\&quot;17588\\&quot;:\\&quot;50% 50%\\&quot;,\\&quot;17810\\&quot;:\\&quot;57.99999999999999% 50%\\&quot;}&quot;,&quot;image_data&quot;:[{&quot;url&quot;:&quot;https:\\\/\\\/www.greenpeace.org\\\/static\\\/planet4-italy-stateless\\\/2023\\\/04\\\/1a7b700d-gp1sxiv6.jpg&quot;,&quot;focalPoint&quot;:{&quot;x&quot;:0.5,&quot;y&quot;:0.5},&quot;id&quot;:17588},{&quot;url&quot;:&quot;https:\\\/\\\/www.greenpeace.org\\\/static\\\/planet4-italy-stateless\\\/2023\\\/05\\\/022fff4a-gp1suehr.jpg&quot;,&quot;focalPoint&quot;:{&quot;x&quot;:&quot;0.58&quot;,&quot;y&quot;:&quot;0.50&quot;},&quot;id&quot;:17810},{&quot;url&quot;:&quot;https:\\\/\\\/www.greenpeace.org\\\/static\\\/planet4-italy-stateless\\\/2023\\\/04\\\/40efa695-gp1sx2mo.jpg&quot;,&quot;focalPoint&quot;:{&quot;x&quot;:0.5,&quot;y&quot;:0.5},&quot;id&quot;:17587}],&quot;className&quot;:&quot;is-style-three-columns&quot;,&quot;gallery_block_style&quot;:0,&quot;gallery_block_title&quot;:&quot;&quot;,&quot;gallery_block_description&quot;:&quot;&quot;,&quot;images&quot;:[{&quot;image_src&quot;:&quot;https:\\\/\\\/www.greenpeace.org\\\/static\\\/planet4-italy-stateless\\\/2023\\\/04\\\/1a7b700d-gp1sxiv6.jpg&quot;,&quot;image_srcset&quot;:&quot;https:\\\/\\\/www.greenpeace.org\\\/static\\\/planet4-italy-stateless\\\/2023\\\/04\\\/1a7b700d-gp1sxiv6.jpg 1200w, https:\\\/\\\/www.greenpeace.org\\\/static\\\/planet4-italy-stateless\\\/2023\\\/04\\\/1a7b700d-gp1sxiv6-300x200.jpg 300w, https:\\\/\\\/www.greenpeace.org\\\/static\\\/planet4-italy-stateless\\\/2023\\\/04\\\/1a7b700d-gp1sxiv6-1024x683.jpg 1024w, https:\\\/\\\/www.greenpeace.org\\\/static\\\/planet4-italy-stateless\\\/2023\\\/04\\\/1a7b700d-gp1sxiv6-768x512.jpg 768w, https:\\\/\\\/www.greenpeace.org\\\/static\\\/planet4-italy-stateless\\\/2023\\\/04\\\/1a7b700d-gp1sxiv6-510x340.jpg 510w&quot;,&quot;image_sizes&quot;:false,&quot;alt_text&quot;:&quot;Rainbow Warrior in the Adriatic Sea. \\u00a9 Lorenzo Moscia \\\/ Greenpeace&quot;,&quot;caption&quot;:&quot;The Greenpeace ship MY Rainbow Warrior sailing in the Adriatic Sea in Italy.&quot;,&quot;focus_image&quot;:&quot;50% 50%&quot;,&quot;credits&quot;:&quot;\\u00a9 Lorenzo Moscia \\\/ Greenpeace&quot;},{&quot;image_src&quot;:&quot;https:\\\/\\\/www.greenpeace.org\\\/static\\\/planet4-italy-stateless\\\/2023\\\/05\\\/022fff4a-gp1suehr.jpg&quot;,&quot;image_srcset&quot;:&quot;https:\\\/\\\/www.greenpeace.org\\\/static\\\/planet4-italy-stateless\\\/2023\\\/05\\\/022fff4a-gp1suehr.jpg 1200w, https:\\\/\\\/www.greenpeace.org\\\/static\\\/planet4-italy-stateless\\\/2023\\\/05\\\/022fff4a-gp1suehr-300x200.jpg 300w, https:\\\/\\\/www.greenpeace.org\\\/static\\\/planet4-italy-stateless\\\/2023\\\/05\\\/022fff4a-gp1suehr-1024x683.jpg 1024w, https:\\\/\\\/www.greenpeace.org\\\/static\\\/planet4-italy-stateless\\\/2023\\\/05\\\/022fff4a-gp1suehr-768x512.jpg 768w, https:\\\/\\\/www.greenpeace.org\\\/static\\\/planet4-italy-stateless\\\/2023\\\/05\\\/022fff4a-gp1suehr-510x340.jpg 510w&quot;,&quot;image_sizes&quot;:false,&quot;alt_text&quot;:&quot;Toucan - Toco (Ramphastos toco) in Pantanal, Brazil. \\u00a9 Leandro Cagiano \\\/ Greenpeace&quot;,&quot;caption&quot;:&quot;A Toucan - Toco (Ramphastos toco), an abundant bird in the Pantanal, Porto Jofre, Mato Grosso. \\nIn 2020, large-scale fires consumed more than 20% of the Pantanal wetlands, in the midwest of Brazil. The recurrent lack of rainfall in the region, in addition of the total absence of environmental protection policies, started an unprecedented crisis, which puts people and the biome&#039;s rich biodiversity at risk.&quot;,&quot;focus_image&quot;:&quot;57.99999999999999% 50%&quot;,&quot;credits&quot;:&quot;\\u00a9 Leandro Cagiano \\\/ Greenpeace&quot;},{&quot;image_src&quot;:&quot;https:\\\/\\\/www.greenpeace.org\\\/static\\\/planet4-italy-stateless\\\/2023\\\/04\\\/40efa695-gp1sx2mo.jpg&quot;,&quot;image_srcset&quot;:&quot;https:\\\/\\\/www.greenpeace.org\\\/static\\\/planet4-italy-stateless\\\/2023\\\/04\\\/40efa695-gp1sx2mo.jpg 1200w, https:\\\/\\\/www.greenpeace.org\\\/static\\\/planet4-italy-stateless\\\/2023\\\/04\\\/40efa695-gp1sx2mo-300x200.jpg 300w, https:\\\/\\\/www.greenpeace.org\\\/static\\\/planet4-italy-stateless\\\/2023\\\/04\\\/40efa695-gp1sx2mo-1024x683.jpg 1024w, https:\\\/\\\/www.greenpeace.org\\\/static\\\/planet4-italy-stateless\\\/2023\\\/04\\\/40efa695-gp1sx2mo-768x512.jpg 768w, https:\\\/\\\/www.greenpeace.org\\\/static\\\/planet4-italy-stateless\\\/2023\\\/04\\\/40efa695-gp1sx2mo-510x340.jpg 510w&quot;,&quot;image_sizes&quot;:false,&quot;alt_text&quot;:&quot;Peaceful Action Confronting Oil from Russia in Denmark. \\u00a9 Will Rose \\\/ Greenpeace&quot;,&quot;caption&quot;:&quot;Greenpeace Nordic activists take peaceful action at sea to confront Russian fossil fuels that are still being shipped out through the Baltic Sea to fuel the war in Ukraine.\\n\\nActivists in RHIB boats, and kayaks, place themselves in the path an oil tanker on its way from Russia to a European port. \\n\\nGreenpeace calls on Europe to reject and ban any import of fossil fuels from Russia that fuel the conflict in Ukraine, and to rapidly phase out all fossil fuels to fight the climate crisis and protect humanity.&quot;,&quot;focus_image&quot;:&quot;50% 50%&quot;,&quot;credits&quot;:&quot;\\u00a9 Will Rose \\\/ Greenpeace&quot;}]}}\"><section class=\"block split-three-column is-style-three-columns\"><\/section><\/div>\n<div style=\"height:100px\" aria-hidden=\"true\" class=\"wp-block-spacer\"><\/div>\n","protected":false},"excerpt":{"rendered":"<p>Con le grandi donazioni puoi contribuire in modo determinante a salvare il futuro del pianeta e a rendere le nostre azioni ancora pi\u00f9 grandi.<\/p>\n","protected":false},"author":21,"featured_media":20228,"parent":19391,"menu_order":0,"comment_status":"closed","ping_status":"closed","template":"","meta":{"ep_exclude_from_search":false,"p4_hide_page_title_checkbox":"on","p4_title":"","p4_subtitle":"","p4_description":"","background_image_id":"","background_image":"","p4_button_title":"","p4_button_link":"","p4_button_link_checkbox":"on","p4_og_title":"Sostienici con grandi donazioni","p4_og_description":"Con le grandi donazioni puoi contribuire in modo determinante a salvare il futuro del pianeta e a rendere le nostre azioni ancora pi\u00f9 grandi.","p4_og_image":"","p4_og_image_id":"","p4_seo_canonical_url":"","p4_campaign_name":"not set","p4_local_project":"not set","p4_basket_name":"not set","p4_department":"","footnotes":""},"categories":[],"tags":[],"class_list":["post-20227","page","type-page","status-publish","has-post-thumbnail","hentry"],"_links":{"self":[{"href":"https:\/\/www.greenpeace.org\/italy\/wp-json\/wp\/v2\/pages\/20227","targetHints":{"allow":["GET"]}}],"collection":[{"href":"https:\/\/www.greenpeace.org\/italy\/wp-json\/wp\/v2\/pages"}],"about":[{"href":"https:\/\/www.greenpeace.org\/italy\/wp-json\/wp\/v2\/types\/page"}],"author":[{"embeddable":true,"href":"https:\/\/www.greenpeace.org\/italy\/wp-json\/wp\/v2\/users\/21"}],"replies":[{"embeddable":true,"href":"https:\/\/www.greenpeace.org\/italy\/wp-json\/wp\/v2\/comments?post=20227"}],"version-history":[{"count":20,"href":"https:\/\/www.greenpeace.org\/italy\/wp-json\/wp\/v2\/pages\/20227\/revisions"}],"predecessor-version":[{"id":28124,"href":"https:\/\/www.greenpeace.org\/italy\/wp-json\/wp\/v2\/pages\/20227\/revisions\/28124"}],"up":[{"embeddable":true,"href":"https:\/\/www.greenpeace.org\/italy\/wp-json\/wp\/v2\/pages\/19391"}],"wp:featuredmedia":[{"embeddable":true,"href":"https:\/\/www.greenpeace.org\/italy\/wp-json\/wp\/v2\/media\/20228"}],"wp:attachment":[{"href":"https:\/\/www.greenpeace.org\/italy\/wp-json\/wp\/v2\/media?parent=20227"}],"wp:term":[{"taxonomy":"category","embeddable":true,"href":"https:\/\/www.greenpeace.org\/italy\/wp-json\/wp\/v2\/categories?post=20227"},{"taxonomy":"post_tag","embeddable":true,"href":"https:\/\/www.greenpeace.org\/italy\/wp-json\/wp\/v2\/tags?post=20227"}],"curies":[{"name":"wp","href":"https:\/\/api.w.org\/{rel}","templated":true}]}}