{"id":23955,"date":"2024-07-02T09:54:29","date_gmt":"2024-07-02T07:54:29","guid":{"rendered":"https:\/\/www.greenpeace.org\/italy\/?page_id=23955"},"modified":"2025-07-02T09:24:33","modified_gmt":"2025-07-02T07:24:33","slug":"faq","status":"publish","type":"page","link":"https:\/\/www.greenpeace.org\/italy\/faq\/","title":{"rendered":"FAQ &#8211; Domande frequenti"},"content":{"rendered":"\n<div class=\"wp-block-group alignfull has-beige-100-background-color has-background is-layout-flow wp-block-group-is-layout-flow\" style=\"padding-top:0px;padding-bottom:0px\">\n<div class=\"wp-block-group container is-layout-flow wp-block-group-is-layout-flow\">\n<div class=\"wp-block-media-text alignfull has-media-on-the-right is-stacked-on-mobile is-pattern-p4-page-header is-style-parallax\"><div class=\"wp-block-media-text__content\">\n<div style=\"height:60px\" aria-hidden=\"true\" class=\"wp-block-spacer\"><\/div>\n\n\n\n<h1 class=\"wp-block-heading\" style=\"font-size:3.6rem\">FAQ &#8211; Domande frequenti<\/h1>\n\n\n\n<p style=\"font-size:1.25rem\">C\u2019\u00e8 qualcosa che vuoi chiederci? Prima di scriverci controlla l\u2019elenco delle domande frequenti per vedere se alla tua domanda \u00e8 gi\u00e0 stata data una risposta.<\/p>\n<\/div><figure class=\"wp-block-media-text__media\"><img loading=\"lazy\" decoding=\"async\" width=\"1024\" height=\"683\" src=\"https:\/\/www.greenpeace.org\/static\/planet4-italy-stateless\/2024\/07\/185a6a3b-gp0stp7wq-1024x683.jpg\" alt=\"CourageWorks Campaign Dive in the Great Barrier Reef. \u00a9 Gary Farr \/ Greenpeace\" sizes=\"auto, (min-width: 601px) 50vw, 100vw\" srcset=\"https:\/\/www.greenpeace.org\/static\/planet4-italy-stateless\/2024\/07\/185a6a3b-gp0stp7wq.jpg 1200w, https:\/\/www.greenpeace.org\/static\/planet4-italy-stateless\/2024\/07\/185a6a3b-gp0stp7wq-300x200.jpg 300w, https:\/\/www.greenpeace.org\/static\/planet4-italy-stateless\/2024\/07\/185a6a3b-gp0stp7wq-1024x683.jpg 1024w, https:\/\/www.greenpeace.org\/static\/planet4-italy-stateless\/2024\/07\/185a6a3b-gp0stp7wq-768x512.jpg 768w, https:\/\/www.greenpeace.org\/static\/planet4-italy-stateless\/2024\/07\/185a6a3b-gp0stp7wq-510x340.jpg 510w\" class=\"wp-image-23972 size-full\"\/><\/figure><\/div>\n<\/div>\n<\/div>\n\n<section class=\"block accordion-block wp-block-planet4-blocks-accordion is-style-outline\"><div class=\"accordion-content\"><div class=\"accordion-headline\" name=\"Cos\u2019\u00e8 e di cosa si occupa Greenpeace?\">Cos\u2019\u00e8 e di cosa si occupa Greenpeace?<\/div><div class=\"panel panel-hidden\"><p class=\"accordion-text\">Greenpeace \u00e8 un&#8217;organizzazione indipendente che con azioni creative e nonviolente denuncia i problemi ambientali globali e incoraggia soluzioni per creare un mondo pacifico e sostenibile.\u00a0<br><br>Le attivit\u00e0 di Greenpeace includono Campagne di sensibilizzazione, proteste pacifiche, azioni dirette nonviolente e pressioni politiche per ottenere da parte di aziende e governi cambiamenti e soluzioni. Greenpeace opera a livello globale con uffici in oltre 55 Paesi e accetta donazioni solo da persone e fondazioni per mantenere la propria indipendenza.<br><\/p><\/div><\/div><div class=\"accordion-content\"><div class=\"accordion-headline\" name=\"Quali sono i valori di Greenpeace?\">Quali sono i valori di Greenpeace?<\/div><div class=\"panel panel-hidden\"><p class=\"accordion-text\"><strong>Nonviolenza<\/strong>. Usiamo il confronto pacifico e creativo per denunciare i problemi ambientali globali e sviluppare soluzioni per un futuro verde e di pace.<br><br><strong>Indipendenza<\/strong>. Non accettiamo denaro da governi, aziende o partiti politici. I contributi individuali, insieme alle sovvenzioni delle fondazioni, sono l&#8217;unica fonte del nostro finanziamento.<br><br><strong>Greenpeace non ha amici n\u00e9 nemici permanenti<\/strong>. Se i governi o le aziende sono disposti a cambiare, lavoreremo insieme a loro per raggiungere gli obiettivi. Ci\u00f2 che conta non sono le parole, ma i fatti.<br><br><strong>Cerchiamo soluzioni<\/strong>. Non basta puntare il dito: cerchiamo e promuoviamo soluzioni concrete per raggiungere un futuro verde e pacifico per tutti.<\/p><\/div><\/div><div class=\"accordion-content\"><div class=\"accordion-headline\" name=\"Quali sono gli obiettivi di Greenpeace?\">Quali sono gli obiettivi di Greenpeace?<\/div><div class=\"panel panel-hidden\"><p class=\"accordion-text\">A livello globale, l\u2019obiettivo principale di Greenpeace \u00e8 preservare la capacit\u00e0 di questa Terra sempre pi\u00f9 fragile di sostenere la vita di tutti gli esseri viventi. Per raggiungere questo obiettivo, Greenpeace si batte per fermare la distruzione ambientale in corso e offrire alternative e soluzioni.<br><br>Vogliamo cambiare il mondo in meglio, fermare i crimini ambientali e costringere politici e multinazionali a rispondere delle loro azioni. Per raggiungere questi obiettivi, portiamo avanti Campagne di sensibilizzazione e azione su temi globali e nazionali.<\/p><\/div><\/div><div class=\"accordion-content\"><div class=\"accordion-headline\" name=\"Dove \u00e8 nata Greenpeace?\">Dove \u00e8 nata Greenpeace?<\/div><div class=\"panel panel-hidden\"><p class=\"accordion-text\">Greenpeace \u00e8 stata fondata a Vancouver nel 1971, quando un piccolo gruppo di attivisti intraprese un\u2019azione pacifica e diretta per fermare i test nucleari statunitensi ad Amchitka, a ovest dell\u2019Alaska. Noleggiarono un peschereccio, lo ribattezzarono \u201cGreenpeace\u201d e salparono verso l\u2019isola per impedire i test. <a href=\"https:\/\/www.greenpeace.org\/italy\/chi-siamo\/la-nostra-storia\/\">Scopri di pi\u00f9 sulla nostra storia<\/a>.<\/p><\/div><\/div><div class=\"accordion-content\"><div class=\"accordion-headline\" name=\"Chi finanzia Greenpeace?\">Chi finanzia Greenpeace?<\/div><div class=\"panel panel-hidden\"><p class=\"accordion-text\">Per mantenere l&#8217;indipendenza assoluta Greenpeace non accetta denaro da aziende, governi o partiti politici. Prendiamo molto seriamente questo punto, per questo controlliamo tutte le donazioni e le restituiamo quando provengono da enti da cui non possiamo accettarle. Tutti i finanziamenti per il nostro lavoro provengono da donazioni individuali e da alcune fondazioni private.\u00a0<br><br>Per sapere da chi riceviamo le donazioni e come le usiamo puoi consultare la sezione <a href=\"https:\/\/www.greenpeace.org\/italy\/chi-siamo\/bilancio-sociale\/\">Bilancio Sociale<\/a>.<\/p><\/div><\/div><div class=\"accordion-content\"><div class=\"accordion-headline\" name=\"Come fare una donazione a Greenpeace?\">Come fare una donazione a Greenpeace?<\/div><div class=\"panel panel-hidden\"><p class=\"accordion-text\">Grazie di aver considerato la possibilit\u00e0 di fare una donazione a Greenpeace. Significa molto per noi perch\u00e9 non accettiamo donazioni da aziende e governi, perci\u00f2 possiamo mantenere una voce indipendente solo grazie ai sostenitori come te.<br><br>Per scoprire tutti i modi in cui puoi donare, visita la pagina <a href=\"https:\/\/www.greenpeace.org\/italy\/sostienici\/\">Sostienici<\/a>.<br><br>Tra tutte le tipologie di donazione, quella mensile regolare \u00e8 il modo migliore per sostenerci perch\u00e9 ci permette di pianificare le nostre Campagne sapendo che avremo il tuo sostegno ogni mese.<\/p><\/div><\/div><div class=\"accordion-content\"><div class=\"accordion-headline\" name=\"Come vengono usate le donazioni raccolte da Greenpeace?\">Come vengono usate le donazioni raccolte da Greenpeace?<\/div><div class=\"panel panel-hidden\"><p class=\"accordion-text\">Ogni anno produciamo una relazione annuale, comprensiva di rendiconti finanziari certificati, per fornire una panoramica del nostro lavoro e della nostra gestione finanziaria, in modo che tu possa vedere come \u00e8 stato speso il tuo denaro e cosa abbiamo ottenuto di conseguenza.<br><br>Puoi consultare tutte le informazioni nella pagina <a href=\"https:\/\/www.greenpeace.org\/italy\/chi-siamo\/bilancio-sociale\/\">Bilancio Sociale<\/a>.<\/p><\/div><\/div><div class=\"accordion-content\"><div class=\"accordion-headline\" name=\"Come donare il 5 per mille a Greenpeace?\">Come donare il 5 per mille a Greenpeace?<\/div><div class=\"panel panel-hidden\"><p class=\"accordion-text\">\u00c8 molto semplice. Ecco i passaggi per devolvere il tuo 5 per mille alla nostra associazione:<br>\u2022 Compila i moduli CU, 730 o Modello Unico<br>\u2022 Nella scheda \u201cScelta per la destinazione del 5 per mille dell\u2019IRPEF\u201d cerca il riquadro \u201cSostegno degli enti del terzo settore iscritti nel runts\u201c<br>\u2022 Metti la tua firma e inserisci nello spazio \u201cCodice Fiscale del beneficiario\u201d il codice fiscale Greenpeace 97046630584<br><br>Per maggiori info, visita la sezione <a href=\"https:\/\/5x1000.greenpeace.it\/\">5&#215;1000<\/a>.<\/p><\/div><\/div><div class=\"accordion-content\"><div class=\"accordion-headline\" name=\"Come revocare la donazione a Greenpeace?\">Come revocare la donazione a Greenpeace?<\/div><div class=\"panel panel-hidden\"><p class=\"accordion-text\">Per revocare la donazione, ricevere informazioni o modificare i dati anagrafici e bancari, il Servizio Sostenitori \u00e8 a disposizione al Numero Verde 800.969.834 (dal luned\u00ec al venerd\u00ec, dalle 10:00 alle 18:00), su WhatsApp al numero 348.39.88.614 e all\u2019indirizzo email <a href=\"mailto:sostenitori.it@greenpeace.org\">sostenitori.it@greenpeace.org<\/a><\/p><\/div><\/div><div class=\"accordion-content\"><div class=\"accordion-headline\" name=\"Come ottenere il riepilogo delle mie donazioni a Greenpeace?\">Come ottenere il riepilogo delle mie donazioni a Greenpeace?<\/div><div class=\"panel panel-hidden\"><p class=\"accordion-text\">Se nel corso dell\u2019anno passato hai fatto una donazione a Greenpeace, puoi scaricare il riepilogo delle tue donazioni dall\u2019<a href=\"https:\/\/sostenitori.greenpeace.it\/\">Area Riservata<\/a>. Per accedere inserisci la tua email e la password che hai scelto.<\/p><\/div><\/div><div class=\"accordion-content\"><div class=\"accordion-headline\" name=\"Posso inserire Greenpeace nel mio testamento?\">Posso inserire Greenpeace nel mio testamento?<\/div><div class=\"panel panel-hidden\"><p class=\"accordion-text\">S\u00ec. Un testamento ti d\u00e0 l&#8217;opportunit\u00e0 di decidere dove vanno i tuoi beni: fare un lascito a Greenpeace \u00e8 un modo positivo ed efficace per contribuire a costruire un pianeta sano e pacifico per le generazioni future. Se desideri ricevere maggiori informazioni su come fare un lascito testamentario a Greenpeace visita la pagina <a href=\"https:\/\/lasciti.greenpeace.it\/\">Lasciti<\/a>, contatta la nostra referente al numero 347 7946062 oppure invia un&#8217;e-mail a <a href=\"mailto:lasciti.it@greenpeace.org\">lasciti.it@greenpeace.org<\/a>.<\/p><\/div><\/div><div class=\"accordion-content\"><div class=\"accordion-headline\" name=\"Cosa fa un volontario di Greenpeace?\">Cosa fa un volontario di Greenpeace?<\/div><div class=\"panel panel-hidden\"><p class=\"accordion-text\">La rete di volontari \u00e8 una parte fondamentale del lavoro di Greenpeace e aiuta a diffondere sul territorio le nostre Campagne svolgendo attivit\u00e0 di informazione, sensibilizzazione, denuncia o protesta.<br><br>Per tutte le altre info, visita la pagina <a href=\"https:\/\/www.greenpeace.org\/italy\/cosa-puoi-fare-tu\/volontariato-e-attivismo\/\">Volontariato e Attivismo<\/a>.<\/p><\/div><\/div><div class=\"accordion-content\"><div class=\"accordion-headline\" name=\"Come si diventa volontari di Greenpeace?\">Come si diventa volontari di Greenpeace?<\/div><div class=\"panel panel-hidden\"><p class=\"accordion-text\">Se vuoi iniziare il tuo percorso di volontariato in Greenpeace c<a href=\"https:\/\/www.greenpeace.org\/italy\/cosa-puoi-fare-tu\/volontariato-e-attivismo\/#gruppo-locale\">ontatta il Gruppo Locale pi\u00f9 vicino a te<\/a>. Se nella tua citt\u00e0 non c\u2019\u00e8 un Gruppo Locale, aprilo tu! Ti baster\u00e0 scrivere un\u2019email a <a href=\"mailto:nit@greenpeace.org\">nit@greenpeace.org<\/a><br>Per tutte le altre info, visita la pagina <a href=\"https:\/\/www.greenpeace.org\/italy\/cosa-puoi-fare-tu\/volontariato-e-attivismo\/\">Volontariato e Attivismo<\/a>.<\/p><\/div><\/div><div class=\"accordion-content\"><div class=\"accordion-headline\" name=\"Come partecipare alle attivit\u00e0 di Greenpeace?\">Come partecipare alle attivit\u00e0 di Greenpeace?<\/div><div class=\"panel panel-hidden\"><p class=\"accordion-text\">Ci sono molti modi per partecipare attivamente alle nostre iniziative. Per cominciare puoi\u00a0 aiutarci a dar voce al pianeta e diffondere i nostri messaggi in rete entrando a far parte della community dei <a href=\"https:\/\/www.greenpeace.org\/italy\/cosa-puoi-fare-tu\/diventa-cyberattivista\/\">Cyberattivisti<\/a> di Greenpeace.<br><br>Per attivarti invece nel volontariato \u2013 e partecipare all\u2019organizzazione di eventi e attivit\u00e0 &#8211; puoi verificare se nella tua zona esiste gi\u00e0 un <a href=\"https:\/\/www.greenpeace.org\/italy\/attivati\/volontariato-e-attivismo\/\">Gruppo Locale<\/a>.\u00a0<br><br>Se non trovi un Gruppo nella tua zona possiamo crearlo insieme. Scrivici all\u2019indirizzo <a href=\"mailto:nit@greenpeace.org\">nit@greenpeace.org<\/a> e ti contatteremo per dare inizio a questa esperienza!<\/p><\/div><\/div><div class=\"accordion-content\"><div class=\"accordion-headline\" name=\"Come posso partecipare alle vostre spedizioni in nave?\">Come posso partecipare alle vostre spedizioni in nave?<\/div><div class=\"panel panel-hidden\"><p class=\"accordion-text\">La nostra flotta \u00e8 gestita direttamente da Greenpeace International: per candidarti puoi <a href=\"https:\/\/www.greenpeace.org\/international\/act\/sail-aboard-a-greenpeace-ship\/\">contattare l&#8217;ufficio internazionale<\/a>.<\/p><\/div><\/div><div class=\"accordion-content\"><div class=\"accordion-headline\" name=\"Cosa fanno gli attivisti e le attiviste di Greenpeace?\">Cosa fanno gli attivisti e le attiviste di Greenpeace?<\/div><div class=\"panel panel-hidden\"><p class=\"accordion-text\">L\u2019attivismo \u00e8 composto da persone volontarie che scelgono di impegnarsi in prima persona praticando l\u2019azione diretta nonviolenta. Attraverso azioni creative rifiutano il ciclo della violenza e si oppongono in modo determinato a soprusi e ingiustizie. Entrano in azione ovunque ce ne sia bisogno dedicando tempo ed energie, senza ricevere alcun compenso.<\/p><\/div><\/div><div class=\"accordion-content\"><div class=\"accordion-headline\" name=\"Come si diventa attivista di Greenpeace?\">Come si diventa attivista di Greenpeace?<\/div><div class=\"panel panel-hidden\"><p class=\"accordion-text\">L\u2019attivismo \u00e8 un percorso di crescita che nasce dentro il volontariato, abbraccia le Campagne e gli obiettivi dell\u2019organizzazione e partecipa alla vita dei Gruppi Locali.<br><br>Se vuoi diventare attivista di Greenpeace, visita la pagina <a href=\"https:\/\/www.greenpeace.org\/italy\/cosa-puoi-fare-tu\/volontariato-e-attivismo\/\">Volontariato e Attivismo<\/a>.<\/p><\/div><\/div><div class=\"accordion-content\"><div class=\"accordion-headline\" name=\"Cosa fa un dialogatore di Greenpeace?\">Cosa fa un dialogatore di Greenpeace?<\/div><div class=\"panel panel-hidden\"><p class=\"accordion-text\">Il dialogatore lavora nel nostro programma di raccolta fondi al fine di acquisire nuovi sostenitori. Nello specifico, coinvolge e motiva le persone a sostenere le attivit\u00e0 di Greenpeace in difesa del clima, dei mari e delle foreste allo scopo di preservare il nostro meraviglioso pianeta<br><br>Se vuoi diventare dialogatore, consulta le posizioni aperte nella sezione <a href=\"https:\/\/www.greenpeace.org\/italy\/chi-siamo\/lavora-con-noi\/#dialogo-diretto\">Lavora con noi<\/a>.<\/p><\/div><\/div><div class=\"accordion-content\"><div class=\"accordion-headline\" name=\"Il numero telefonico 331 1234331 che appare negli spot televisivi \u00e8 vostro?\">Il numero telefonico 331 1234331 che appare negli spot televisivi \u00e8 vostro?<\/div><div class=\"panel panel-hidden\"><p class=\"accordion-text\">S\u00ec, \u00e8 il numero al quale puoi inviare un SMS per ricevere maggiori informazioni e sapere come sostenere Greenpeace.<\/p><\/div><\/div><div class=\"accordion-content\"><div class=\"accordion-headline\" name=\"Come lavorare con Greenpeace?\">Come lavorare con Greenpeace?<\/div><div class=\"panel panel-hidden\"><p class=\"accordion-text\">Se vuoi lavorare insieme a noi, dai un&#8217;occhiata all&#8217;elenco delle posizioni aperte nella pagina <a href=\"https:\/\/www.greenpeace.org\/italy\/chi-siamo\/lavora-con-noi\/\">Lavora con noi<\/a>.<\/p><\/div><\/div><div class=\"accordion-content\"><div class=\"accordion-headline\" name=\"Come contattare Greenpeace?\">Come contattare Greenpeace?<\/div><div class=\"panel panel-hidden\"><p class=\"accordion-text\">Di qualsiasi cosa tu abbia bisogno, trovi tutti i nostri recapiti nella pagina dei <a href=\"https:\/\/www.greenpeace.org\/italy\/chi-siamo\/contatti\/\">Contatti<\/a>.<\/p><\/div><\/div><\/section>\n\n<div style=\"height:50px\" aria-hidden=\"true\" class=\"wp-block-spacer\"><\/div>\n","protected":false},"excerpt":{"rendered":"<p>Hai domande su Greenpeace? Visita la pagina delle FAQ per trovare le risposte che cerchi e scopri come puoi contribuire a proteggere con noi il pianeta.<\/p>\n","protected":false},"author":21,"featured_media":23972,"parent":0,"menu_order":0,"comment_status":"closed","ping_status":"closed","template":"","meta":{"ep_exclude_from_search":false,"p4_hide_page_title_checkbox":"on","p4_title":"","p4_subtitle":"","p4_description":"","background_image_id":"","background_image":"","p4_button_title":"","p4_button_link":"","p4_button_link_checkbox":"","p4_og_title":"FAQ | Domande e risposte sulle nostre attivit\u00e0","p4_og_description":"Hai domande su Greenpeace? Visita la pagina delle FAQ per trovare le risposte che cerchi e scopri come puoi contribuire a proteggere con noi il pianeta.","p4_og_image":"","p4_og_image_id":"","p4_seo_canonical_url":"","p4_campaign_name":"","p4_local_project":"","p4_basket_name":"","p4_department":"","footnotes":""},"categories":[],"tags":[],"class_list":["post-23955","page","type-page","status-publish","has-post-thumbnail","hentry"],"_links":{"self":[{"href":"https:\/\/www.greenpeace.org\/italy\/wp-json\/wp\/v2\/pages\/23955","targetHints":{"allow":["GET"]}}],"collection":[{"href":"https:\/\/www.greenpeace.org\/italy\/wp-json\/wp\/v2\/pages"}],"about":[{"href":"https:\/\/www.greenpeace.org\/italy\/wp-json\/wp\/v2\/types\/page"}],"author":[{"embeddable":true,"href":"https:\/\/www.greenpeace.org\/italy\/wp-json\/wp\/v2\/users\/21"}],"replies":[{"embeddable":true,"href":"https:\/\/www.greenpeace.org\/italy\/wp-json\/wp\/v2\/comments?post=23955"}],"version-history":[{"count":20,"href":"https:\/\/www.greenpeace.org\/italy\/wp-json\/wp\/v2\/pages\/23955\/revisions"}],"predecessor-version":[{"id":28109,"href":"https:\/\/www.greenpeace.org\/italy\/wp-json\/wp\/v2\/pages\/23955\/revisions\/28109"}],"wp:featuredmedia":[{"embeddable":true,"href":"https:\/\/www.greenpeace.org\/italy\/wp-json\/wp\/v2\/media\/23972"}],"wp:attachment":[{"href":"https:\/\/www.greenpeace.org\/italy\/wp-json\/wp\/v2\/media?parent=23955"}],"wp:term":[{"taxonomy":"category","embeddable":true,"href":"https:\/\/www.greenpeace.org\/italy\/wp-json\/wp\/v2\/categories?post=23955"},{"taxonomy":"post_tag","embeddable":true,"href":"https:\/\/www.greenpeace.org\/italy\/wp-json\/wp\/v2\/tags?post=23955"}],"curies":[{"name":"wp","href":"https:\/\/api.w.org\/{rel}","templated":true}]}}