{"id":23995,"date":"2024-07-02T10:23:07","date_gmt":"2024-07-02T08:23:07","guid":{"rendered":"https:\/\/www.greenpeace.org\/italy\/?page_id=23995"},"modified":"2025-07-24T11:29:28","modified_gmt":"2025-07-24T09:29:28","slug":"informativa-whistleblowing","status":"publish","type":"page","link":"https:\/\/www.greenpeace.org\/italy\/privacy-policy\/informativa-whistleblowing\/","title":{"rendered":"Informativa &#8211; Whistleblowing"},"content":{"rendered":"\n<p>INFORMATIVA IN MATERIA DI PROTEZIONE DEI DATI PERSONALI AI SENSI DEGLI ART. 13 e 14. REGOLAMENTO UE 2016\/679<\/p>\n\n<p>GREENPEACE &#8211; Ente del Terzo Settore ( di seguito, anche \u201cGP\u201d, l\u2019Organizzazione o \u201cTitolare\u201d) con sede legale e amministrativa in Via della Cordonata 7 cap 00187 citt\u00e0 Roma,_Italia (P.IVA\u00a0 IT02154471003 e C.F. 97046630584), Tel. (+39) 0668136061, email: <a href=\"mailto:info.it@greenpeace.org\">info.it@greenpeace.org<\/a>\u00a0\u00a0 e PEC : <a href=\"mailto:greenpeaceonlus@legamail.it\">greenpeaceonlus@legalmail.it\u00a0\u00a0\u00a0 \u00a0\u00a0<\/a>\u00a0in persona del proprio legale rappresentante, in qualit\u00e0 di Titolare del trattamento, in relazione ai dati personali e particolari trattati in occasione delle segnalazioni trasmesse tramite la<strong> Piattaforma Whistleblowing (di seguito \u201cPiattaforma\u201d)<\/strong> raggiungibile mediante link:<a href=\"https:\/\/greenpeace.openblow.it\/#\/\"> https:\/\/greenpeace.openblow.it\/#\/<\/a> <strong><u>che consente la segnalazione in forma scritta e orale, tramite il numero \u00a00682952502 <\/u><\/strong>e gestite cos\u00ec come disciplinate dalla Procedura Whistleblowing (ricezione, analisi, istruttoria e gestione delle segnalazioni e di eventuali azioni conseguenti), ha redatto la presente informativa .<\/p>\n\n<p>Tutti i dati personali verranno trattati ai sensi della normativa vigente in materia di protezione dei dati personale applicabile in Italia (Regolamento UE 679\/2016 e Codice Privacy D.lgs. 196\/2003 e s.m.i. (D.lgs 101\/2018), ivi compresi i Provvedimenti del Garante della Privacy nel pieno rispetto dei diritti e delle libert\u00e0 fondamentali, con particolare riguardo alla riservatezza dell\u2019identit\u00e0 del segnalante e dei soggetti coinvolti).<\/p>\n\n<p>\u00c8 garantita la massima riservatezza sui soggetti e sui fatti segnalati, nonch\u00e9 sull\u2019identit\u00e0 dei persone segnalanti, affinch\u00e9 chi effettua la segnalazione non sia soggetto ad alcuna forma di ritorsione.<\/p>\n\n<p>Il principio di trasparenza impone che le informazioni e comunicazioni relative al trattamento di tali dati siano facilmente accessibili e comprensibili e che sia utilizzato un linguaggio semplice e chiaro.<\/p>\n\n<p>Tale principio riguarda, in particolare, l\u2019informazione degli interessati sull\u2019identit\u00e0 del Titolare del trattamento e sulle finalit\u00e0 del trattamento e ulteriori informazioni (cfr. artt. 13 e 14 del Regolamento UE 679\/2016) per assicurare un trattamento corretto e trasparente con riguardo alle persone fisiche interessate e ai loro diritti di ottenere conferma e comunicazione di un trattamento di dati personali che lo riguardano (sul punto si veda Considerando 39, Regolamento UE 679\/2016).<\/p>\n\n<p>In tale ottica preghiamo di prendere visione della seguente informativa.<\/p>\n\n<h2 class=\"wp-block-heading\"><strong>Titolare del Trattamento<\/strong><\/h2>\n\n<p>GREENPEACE &#8211; Ente del Terzo Settore con sede legale e amministrativa in Via della Cordonata 7 cap 00187 citt\u00e0 Roma_Italia (P.IVA IT02154471003 e C.F. 97046630584). del proprio legale rappresentante, in qualit\u00e0 di <strong>Titolare del trattamento dei dati,<\/strong> ai sensi e per gli effetti del Regolamento UE 2016\/679, con la presente informa l\u2019interessato che nell\u2019espletamento degli obblighi previsti per legge, garantisce che proceder\u00e0 al trattamento dei dati di seguito esplicitati secondo i principi di correttezza, liceit\u00e0, trasparenza e di tutela della riservatezza e dei diritti dell\u2019interessato per le finalit\u00e0 e con le modalit\u00e0 di seguito indicate e di avere, altres\u00ec, adottato le misure tecniche ed organizzative per garantire un livello di sicurezza adeguato ai rischi connessi al trattamento medesimo<\/p>\n\n<h2 class=\"wp-block-heading\"><strong>Dati personali trattati:<\/strong><\/h2>\n\n<p>I dati forniti dal segnalante al fine di rappresentare le presunte condotte illecite, delle quali sia venuto a conoscenza, commesse dai soggetti che a vario titolo interagiscono con GREENEPEACE &#8211; Ente del Terzo Settore; i dati dei soggetti segnalati forniti dal segnalante all\u2019interno della segnalazione, nonch\u00e9 di eventuali Persone coinvolte o menzionate nella Segnalazione e Facilitatori,<\/p>\n\n<p>I <strong>Dati personali<\/strong> raccolti e trattati comprendono i dati anagrafici e i dati di contatto (es. numero telefonico fisso e\/o mobile, indirizzo postale\/e-mail), i dati relativi al rapporto di lavoro, la funzione svolta ed i dati inerenti la segnalazione.<\/p>\n\n<p>I <strong>Dati Particolari<\/strong>: Categorie particolari di dati di cui all\u2019art. 9) del GDPR, qualora eventualmente contenuti nella segnalazione e negli atti e nei documenti a essa allegati. Sono quei dati idonei a rivelare, tra l\u2019altro, l&#8217;origine razziale o etnica, le opinioni politiche, le convinzioni religiose o filosofiche, o l&#8217;appartenenza sindacale, i dati genetici, i dati biometrici intesi a identificare in modo univoco una persona fisica, i dati relativi alla salute o alla vita sessuale o all&#8217;orientamento sessuale. I medesimi dati potranno essere trattati qualora siano necessari alle attivit\u00e0 istruttorie.<\/p>\n\n<p>Dati anagrafici (ad es. nome, cognome, data e luogo di nascita), dati di contatto (es. numero telefonico fisso e\/o mobile, indirizzo postale\/e-mail), dati di natura professionale (ruolo aziendale, area aziendale di appartenenza, tipologia di rapporto&nbsp; intrattenuto con l\u2019Organizzazione es. consulente)&nbsp; dati forniti nel contenuto della segnalazione, allo scopo di effettuare le necessarie attivit\u00e0 istruttorie volte a verificare la fondatezza del fatto oggetto di segnalazione e l\u2019adozione dei conseguenti provvedimenti.<\/p>\n\n<p>La piattaforma di Whistleblowing \u00e8 accessibile tramite web utilizzando qualsiasi browser e non \u00e8 richiesta la registrazione per accedervi tramite sistema di autenticazione. La segnalazione potr\u00e0 essere effettuata in forma anonima o nominativa, in questo secondo caso i dati anagrafici saranno logicamente e fisicamente separati dal contenuto della segnalazione e non saranno accessibili al destinatario della segnalazione fino a quando non saranno ritenuti indispensabili per la prosecuzione delle attivit\u00e0 istruttorie.<\/p>\n\n<p>I dati personali saranno trattati con supporti informatici che ne garantiscono la sicurezza e la riservatezza. La trasmissione dei dati forniti dal segnalante mediante accesso alla piattaforma \u00e8 gestita con protocollo HTTPS. Sono inoltre applicate tecniche di cifratura basate su Algoritmo AES e tutti i dati sono completamente criptati, garantendo in questo modo la riservatezza delle informazioni trasmesse. Non viene fatto uso di cookie per la trasmissione di informazioni di carattere personale, n\u00e9 vengono utilizzati cookie persistenti per il tracciamento degli utenti. Vengono utilizzati esclusivamente cookie tecnici nella misura strettamente necessaria al corretto ed efficiente utilizzo della piattaforma. L\u2019uso dei cookie di sessione (che non vengono memorizzati in modo persistente sul computer dell\u2019utente e svaniscono con la chiusura del browser) \u00e8 strettamente limitato alla trasmissione di identificativi di sessione (costituiti da numeri casuali generati dal server) necessari per consentire l\u2019esplorazione sicura ed efficiente della piattaforma.<\/p>\n\n<p><a><\/a>In relazione alla segnalazione orale, il servizio IVR garantisce un processo end-to-end fra Segnalante e piattaforma, evitando fuoriuscita di informazioni. Il tracciato telefonico non viene conservato dal sistema, una volta trasmesso alla piattaforma, i messaggi vocali sono eliminati dal sistema e non sono conservati mantenendo traccia esclusivamente dei metadati relativi alle opzioni digitate.&nbsp;<\/p>\n\n<h2 class=\"wp-block-heading\"><strong>FINALIT\u00c0 E BASE GIURIDICA DEL TRATTAMENTO<\/strong><\/h2>\n\n<p>Il trattamento dei dati personali e particolari da parte del Titolare, anche tramite la persona Responsabile delle Segnalazioni, avviene per le seguenti finalit\u00e0:<\/p>\n\n<ul class=\"wp-block-list\">\n<li>gestione della Segnalazione effettuata ai sensi del d.lgs.n. 24\/2023 (effettuare le necessarie attivit\u00e0 istruttorie volte a verificare la fondatezza del fatto oggetto di segnalazione e l\u2019adozione dei conseguenti provvedimenti.)<\/li>\n\n\n\n<li>adempimento di obblighi previsti dalla legge (Dlgs 24\/2023 e Linee Guida ANAC) o dalla normativa comunitaria (Direttiva (UE) 2019\/1937 del Parlamento europeo e del Consiglio del 23 ottobre 2019);<\/li>\n\n\n\n<li>difesa o accertamento di&nbsp; un proprio diritto in contenziosi civili, amministrativi o penali.<\/li>\n<\/ul>\n\n<p><strong>Base giuridica : a) <\/strong>adempiere un obbligo legale al quale \u00e8 soggetto il titolare del trattamento (artt. 6, par. 1, lett. c) GDPR, art 9, par. 2, lett. b) GDPR, e art. 10 del GDPR in relazione alle disposizioni di cui al D.lgs 24 \/2023 \u201cAttuativo della direttiva (UE) 2019\/1937 del Parlamento europeo e del Consiglio, del 23 ottobre 2019, riguardante la protezione delle persone che segnalano violazioni del diritto dell&#8217;Unione e recante disposizioni riguardanti la protezione delle persone che segnalano violazioni delle disposizioni normative nazionali\u201d,<strong> b) <\/strong>il Suo specifico consenso ex artt. 6, par. 1, lett. a) GDPR e art. 9, par. 2, lett. a) GDPR in relazione alle ipotesi previste da: il comma 2 Art. 12 Dlgs 24\/2023 (rivelazione dati identificativi a persone diverse da quelle competenti a ricevere o a dare seguito alle segnalazioni, espressamente autorizzate a trattare i dati ai sensi degli artt.. 29 e 32 paragrafo 4 del GDPR e dell\u2019articolo 2 \u2013 <em>quaterdecies<\/em> del Codice Privacy); il comma 5 art. 12 Dlgs 24\/2023 nell\u2019ambito di un procedimento disciplinare ove la contestazione dell\u2019addebito disciplinare sia fondata in tutto o in parte, sulla segnalazione e la conoscenza dell\u2019identit\u00e0 della persona segnalante sia indispensabile per la difesa dell\u2019incolpato; il comma 4 art. 14 D.lgs 24\/2023 nel caso in cui la segnalazione venga effettuata oralmente nel corso di un incontro con il personale addetto ed \u00e8 documentata a cura del personale addetto mediante registrazione su un dispositivo idoneo alla conservazione e all\u2019ascolto o mediante verbale. Il citato consenso potr\u00e0 essere da lei manifestato direttamente tramite la Piattaforma messa a disposizione del Titolare o tramite apposito modulo che sottoscriver\u00e0 in occasione dell\u2019incontro con il personale addetto<\/p>\n\n<h2 class=\"wp-block-heading\"><strong>MODALIT\u00c0 DEL TRATTAMENTO E OBBLIGO DI RISERVATEZZA<\/strong><\/h2>\n\n<p>Il trattamento sar\u00e0 effettuato con modalit\u00e0 cartacee ed informatiche mediante la Piattaforma dedicata che prevede anche la possibilit\u00e0 di effettuare segnalazioni orali, secondo quanto esplicitato nella Procedura Whistleblowing di GREENPEACE &#8211; Ente del Terzo Settore a cui si rinvia integralmente, al fine di garantire la sicurezza, la riservatezza, l\u2019integrit\u00e0 e la disponibilit\u00e0 dei dati. Il trattamento con modalit\u00e0 cartacea sar\u00e0 solo eventuale, in quanto il Gestore tender\u00e0 a gestire tutti i dati tramite la piattaforma informatica, salvo diverse esigenze del segnalante I dati saranno trattati solo da personale preventivamente autorizzato ex art. 29 GDPR e soggetto all\u2019obbligo legale di riservatezza. In particolare, i dati saranno trattati dalla persona &#8220;Responsabile delle Segnalazioni\u201d di GREENPEACE. Nel caso in cui sia necessario coinvolgere nell\u2019attivit\u00e0 di accertamento della segnalazione soggetti terzi (interni o esterni all\u2019ente), verranno oscurati l\u2019identit\u00e0 del segnalante ed ogni tipologia di dato che possa consentire l\u2019identificazione del segnalante o di altra persona coinvolta. Nel caso in cui sia necessario coinvolgere soggetti interni (es. Responsabile HR, Direttore amministrativo, Responsabile legale, ecc ) o esterni all\u2019organizzazione (es. consulenti appositamente incaricati per gestire l\u2019istruttoria o parte di essa), la persona Responsabile delle Segnalazioni chieder\u00e0, tramite la chat all\u2019interno della piattaforma, esplicito consenso alla comunicazione a terzi, motivando la richiesta ed esplicitando i soggetti a cui i dati del segnalante ed il contenuto della segnalazione verranno comunicati. Il consenso o il diniego del Segnalante rimarranno tracciati nella piattaforma. Sar\u00e0 cura del gestore ricordare, anche formalmente (tramite sottoscrizione dell\u2019Obbligo di riservatezza), ai soggetti terzi coinvolti l\u2019estensione dei medesimi doveri di riservatezza gravanti sul Gestore.<\/p>\n\n<p>La gestione, l\u2019accesso, la conservazione e la fruibilit\u00e0 dei dati \u00e8 garantita dall\u2019adozione di misure tecniche e organizzative per assicurare idonei livelli di sicurezza ai sensi degli artt. 25 e 32 del GDPR implementate e gestite dalla societ\u00e0 Laser Romae s.r.l., fornitrice del software dedicato (la Piattaforma), individuata come Responsabile esterno&nbsp; ex art. 28 GDPR, con cui \u00e8 stato sottoscritto uno specifico accordo<\/p>\n\n<h2 class=\"wp-block-heading\"><strong>COMUNICAZIONE A TERZI<\/strong><\/h2>\n\n<p>I Suoi Dati Personali non saranno oggetto di diffusione e saranno trattati per le sole finalit\u00e0 sopra esposte potranno essere resi accessibili solo a coloro i quali, all&#8217;interno della ONG sono competenti a ricevere o a dare seguito alle attivit\u00e0 di analisi, istruttoria e gestione delle segnalazioni e di eventuali azioni conseguenti. Tali soggetti sono opportunamente istruiti al fine di evitare la perdita, l\u2019accesso ai dati da parte di soggetti non autorizzati o trattamenti non consentiti dei dati stessi e, pi\u00f9 in generale, in relazione agli obblighi in materia di protezione dei dati personali.<\/p>\n\n<p><a><\/a>I dati potranno essere trattati da eventuali consulenti\/professionisti a cui la Responsabile della Segnalazione potrebbe avere l\u2019esigenza di rivolgersi per attivit\u00e0 connesse alla gestione e definizione della segnalazione, i quali agiranno in qualit\u00e0 di titolari autonomi, previo suo consenso espresso come sopra chiarito. I dati potranno inoltre essere trasmessi alle Autorit\u00e0 competenti (es. Istituzioni e\/o Autorit\u00e0 Pubbliche; Autorit\u00e0 Giudiziaria ed Organi di Polizia) che ne facciano formale richiesta.<\/p>\n\n<p>L\u2019identit\u00e0 della persona segnalante e qualsiasi altra informazione da cui pu\u00f2 evincersi, direttamente o indirettamente, tale identit\u00e0, potranno essere rivelate a persone diverse da quelle competenti a ricevere o a dare seguito alle segnalazioni solo previo consenso espresso della persona segnalante conformemente a quanto previsto dal D. Lgs. n. 24\/2023.<\/p>\n\n<h2 class=\"wp-block-heading\"><strong>TRASFERIMENTO DEI DATI ALL\u2019ESTERO<\/strong><\/h2>\n\n<p>I Suoi Dati Personali non saranno oggetto di trasferimento verso Paesi Terzi rispetto all\u2019Unione Europea od organizzazioni internazionali.<\/p>\n\n<p><strong>TEMPI DI CONSERVAZIONE<\/strong> <strong>DEI DATI<\/strong> : i Suoi Dati, le segnalazioni interne e la relativa documentazione saranno trattati per il tempo strettamente necessario per il raggiungimento delle finalit\u00e0 sopra indicate e descritte, con particolare riferimento al trattamento della segnalazione secondo quanto previsto dall\u2019art 14 del D.lgs 24\/2023 e comunque non oltre cinque anni a decorrere dalla data della comunicazione dell&#8217;esito finale della procedura di segnalazione, nel rispetto degli obblighi di riservatezza di cui all&#8217;articolo 12 del decreto 24\/2023 e del principio di cui agli articoli 5, paragrafo 1, lettera e), del regolamento (UE) 2016\/679 e 3, comma 1, lettera e), del decreto legislativo n. 51 del 2018. Nel caso di contenzioso giudiziale, i Dati Personali saranno conservati per tutta la durata dello stesso, fino all\u2019esaurimento dei termini di esperibilit\u00e0 delle azioni di impugnazione.<\/p>\n\n<h2 class=\"wp-block-heading\"><strong>DIRITTI DELL\u2019INTERESSATO<\/strong><\/h2>\n\n<p>Ai sensi nella normativa vigente, l\u2019interessato potr\u00e0 far valere i propri diritti verso il Titolare del trattamento, come espressi dal Regolamento 2016\/679 (artt. da 15 a 22) conferisce agli interessati l\u2019esercizio di specifici diritti.<\/p>\n\n<p>In particolare, in relazione al trattamento dei propri dati personali oggetto della presente informativa, l\u2019interessato ha diritto di chiedere al Titolare:<\/p>\n\n<ul class=\"wp-block-list\">\n<li><strong>l\u2019accesso<\/strong>: l\u2019interessato pu\u00f2 chiedere conferma che sia o meno in essere un trattamento di dati che lo riguardi, oltre a maggiori chiarimenti circa le informazioni di cui alla presente informativa;<\/li>\n\n\n\n<li><strong>la rettifica<\/strong>: l\u2019interessato pu\u00f2 chiedere di rettificare o integrare i dati che ha fornito, qualora inesatti o incompleti;<\/li>\n\n\n\n<li><strong>la cancellazione<\/strong>: l\u2019interessato pu\u00f2 chiedere che i suoi dati vengano cancellati, qualora non siano pi\u00f9 necessari alle suddette finalit\u00e0, in caso di revoca del consenso o sua opposizione al trattamento, in caso di trattamento illecito, ovvero sussista un obbligo legale di cancellazione;<\/li>\n\n\n\n<li><strong>la limitazione<\/strong>: l\u2019interessato pu\u00f2 chiedere che i suoi dati siano trattati solo ai fini della conservazione, con esclusioni di altri trattamenti, per il periodo necessario alla rettifica dei suoi dati, in caso di trattamento illecito per il quale si oppone alla cancellazione, qualora debba esercitare i suoi diritti in sede giudiziaria e i dati conservati possano essere utili e, infine, in caso di opposizione al trattamento e sia in corso una verifica sulla prevalenza dei motivi legittimi di Ferrovie dello Stato Italiane S.p.A. rispetto ai suoi;<\/li>\n\n\n\n<li><strong>l\u2019opposizione:<\/strong> l\u2019interessato pu\u00f2 opporsi in qualunque momento al trattamento dei suoi dati, salvo che vi siano motivi legittimi per procedere al trattamento che prevalgano sui suoi, per esempio per l\u2019esercizio o la difesa in sede giudiziaria;<\/li>\n\n\n\n<li><strong>la portabilit\u00e0:<\/strong> l\u2019interessato pu\u00f2 chiedere di ricevere i suoi dati, o di farli trasmettere ad altro titolare dallo stesso indicato, in un formato strutturato, di uso comune e leggibile da dispositivo automatico.<\/li>\n\n\n\n<li>l\u2019interessato ha <strong>diritto di proporre reclamo<\/strong>, qualora ritenga che i suoi diritti siano stati violati, nei confronti dell\u2019Autorit\u00e0 Garante per la Protezione dei Dati Personali.<\/li>\n<\/ul>\n\n<p><strong>Limitazione dell\u2019esercizio dei diritti dell\u2019Interessato<\/strong><\/p>\n\n<p>Ai sensi dell\u2019articolo 2-undecies lettera f) del D.lgs. n. 196\/2003 e s.m.i. ed in attuazione dell\u2019articolo 23 del Regolamento, si informa che i diritti citati non possono essere esercitati da parte del Segnalato e delle persone coinvolte nella segnalazione, qualora dall\u2019esercizio di tali diritti possa derivare un pregiudizio effettivo e concreto alla riservatezza dell\u2019identit\u00e0 della persona segnalante.<\/p>\n\n<p>In particolare, l\u2019esercizio di tali diritti:<\/p>\n\n<ul class=\"wp-block-list\">\n<li>sar\u00e0 effettuabile conformemente alle disposizioni di legge o di regolamento che regolano il settore (D.lgs. 24\/2023);<ul><li>potr\u00e0 essere ritardato, limitato o escluso con comunicazione motivata e resa senza ritardo all\u2019interessato, a meno che la comunicazione possa compromettere la finalit\u00e0 della limitazione, per il tempo e nei limiti in cui ci\u00f2 costituisca una misura necessaria e proporzionata, tenuto conto dei diritti fondamentali e dei legittimi interessi dell\u2019interessato, al fine di salvaguardare la riservatezza dell\u2019identit\u00e0 della persona segnalante;<\/li><\/ul>\n<ul class=\"wp-block-list\">\n<li>&nbsp;in tali casi, i diritti dell\u2019interessato possono essere esercitati anche tramite il Garante per la Protezione dei Dati Personali con le modalit\u00e0 di cui all\u2019articolo 160 del Nuovo Codice Privacy, nel qual caso il Garante informa l\u2019interessato di aver eseguito tutte le verifiche necessarie o di aver svolto un riesame, nonch\u00e9 del diritto dell\u2019interessato di proporre ricorso giurisdizionale.<\/li>\n<\/ul>\n<\/li>\n<\/ul>\n\n<div style=\"height:40px\" aria-hidden=\"true\" class=\"wp-block-spacer\"><\/div>\n\n<p><em><strong>La presente Informativa \u00e8 aggiornata a luglio 2024<\/strong><\/em><\/p>\n\n<div style=\"height:100px\" aria-hidden=\"true\" class=\"wp-block-spacer\"><\/div>\n","protected":false},"excerpt":{"rendered":"<p>INFORMATIVA IN MATERIA DI PROTEZIONE DEI DATI PERSONALI AI SENSI DEGLI ART. 13 e 14. REGOLAMENTO UE 2016\/679 GREENPEACE &#8211; Ente del Terzo Settore ( di seguito, anche \u201cGP\u201d, l\u2019Organizzazione o \u201cTitolare\u201d) con sede legale e amministrativa in Via della Cordonata 7 cap 00187 citt\u00e0 Roma,_Italia (P.IVA\u00a0 IT02154471003 e C.F. 97046630584), Tel. (+39) 0668136061, email: [&hellip;]<\/p>\n","protected":false},"author":21,"featured_media":23946,"parent":4141,"menu_order":0,"comment_status":"closed","ping_status":"closed","template":"","meta":{"ep_exclude_from_search":false,"p4_hide_page_title_checkbox":"","p4_title":"","p4_subtitle":"Informativa sul trattamento dei dati personali","p4_description":"","background_image_id":"","background_image":"","p4_button_title":"","p4_button_link":"","p4_button_link_checkbox":"","p4_og_title":"","p4_og_description":"","p4_og_image":"","p4_og_image_id":"","p4_seo_canonical_url":"","p4_campaign_name":"not set","p4_local_project":"not set","p4_basket_name":"not set","p4_department":"","footnotes":""},"categories":[],"tags":[],"class_list":["post-23995","page","type-page","status-publish","has-post-thumbnail","hentry"],"_links":{"self":[{"href":"https:\/\/www.greenpeace.org\/italy\/wp-json\/wp\/v2\/pages\/23995","targetHints":{"allow":["GET"]}}],"collection":[{"href":"https:\/\/www.greenpeace.org\/italy\/wp-json\/wp\/v2\/pages"}],"about":[{"href":"https:\/\/www.greenpeace.org\/italy\/wp-json\/wp\/v2\/types\/page"}],"author":[{"embeddable":true,"href":"https:\/\/www.greenpeace.org\/italy\/wp-json\/wp\/v2\/users\/21"}],"replies":[{"embeddable":true,"href":"https:\/\/www.greenpeace.org\/italy\/wp-json\/wp\/v2\/comments?post=23995"}],"version-history":[{"count":5,"href":"https:\/\/www.greenpeace.org\/italy\/wp-json\/wp\/v2\/pages\/23995\/revisions"}],"predecessor-version":[{"id":28563,"href":"https:\/\/www.greenpeace.org\/italy\/wp-json\/wp\/v2\/pages\/23995\/revisions\/28563"}],"up":[{"embeddable":true,"href":"https:\/\/www.greenpeace.org\/italy\/wp-json\/wp\/v2\/pages\/4141"}],"wp:featuredmedia":[{"embeddable":true,"href":"https:\/\/www.greenpeace.org\/italy\/wp-json\/wp\/v2\/media\/23946"}],"wp:attachment":[{"href":"https:\/\/www.greenpeace.org\/italy\/wp-json\/wp\/v2\/media?parent=23995"}],"wp:term":[{"taxonomy":"category","embeddable":true,"href":"https:\/\/www.greenpeace.org\/italy\/wp-json\/wp\/v2\/categories?post=23995"},{"taxonomy":"post_tag","embeddable":true,"href":"https:\/\/www.greenpeace.org\/italy\/wp-json\/wp\/v2\/tags?post=23995"}],"curies":[{"name":"wp","href":"https:\/\/api.w.org\/{rel}","templated":true}]}}