{"id":2599,"date":"2018-11-12T11:34:25","date_gmt":"2018-11-12T11:34:25","guid":{"rendered":"https:\/\/www.greenpeace.org\/italy\/?page_id=2599"},"modified":"2025-07-02T09:30:13","modified_gmt":"2025-07-02T07:30:13","slug":"ferma-gli-allevamenti-intensivi","status":"publish","type":"page","link":"https:\/\/www.greenpeace.org\/italy\/attivati\/ferma-gli-allevamenti-intensivi\/","title":{"rendered":"Ferma gli Allevamenti Intensivi"},"content":{"rendered":"\n<div class=\"wp-block-group is-vertical is-layout-flex wp-container-core-group-is-layout-8cf370e7 wp-block-group-is-layout-flex\">\n<div class=\"wp-block-buttons is-layout-flex wp-block-buttons-is-layout-flex\">\n<div class=\"wp-block-button\"><a class=\"wp-block-button__link wp-element-button\" href=\"https:\/\/attivati.greenpeace.it\/petizioni\/stop-allevamenti-intensivi\/?utm_source=greenpeace.org&amp;utm_medium=attivati&amp;utm_campaign=allevamenti&amp;utm_content=button-up\" target=\"_blank\" rel=\"noreferrer noopener\">\n                                    Firma la petizione\n                                <\/a><\/div>\n<\/div>\n<\/div>\n\n<div class=\"wp-block-columns is-layout-flex wp-container-core-columns-is-layout-9d6595d7 wp-block-columns-is-layout-flex\">\n<div class=\"wp-block-column is-layout-flow wp-block-column-is-layout-flow\">\n<p>Negli ultimi decenni, i fondi pubblici assegnati in modo sproporzionato hanno fatto crescere le grandi aziende agricole di stampo intensivo e industriale, contribuendo di fatto alla scomparsa delle realt\u00e0 pi\u00f9 piccole e pi\u00f9 sostenibili.<\/p>\n\n\n\n<p>Buona parte della carne venduta nei supermercati \u00e8 prodotta all\u2019interno di allevamenti intensivi: vere e proprie fabbriche di carne. Per produrre e vendere sempre di pi\u00f9 e a prezzi sempre pi\u00f9 bassi, gli animali sono sottoposti a trattamenti atroci, si inquina acqua, suolo e aria e si distruggono le foreste e la biodiversit\u00e0 per far spazio alla produzione di mangimi. Cambiamo le regole di questo sistema!<\/p>\n<\/div>\n\n\n\n<div class=\"wp-block-column is-layout-flow wp-block-column-is-layout-flow\">\n<figure class=\"wp-block-image size-large\"><img loading=\"lazy\" decoding=\"async\" width=\"1024\" height=\"683\" src=\"https:\/\/www.greenpeace.org\/static\/planet4-italy-stateless\/2018\/11\/39be1ff1-gp0stqmwd_medium_res-1024x683.jpg\" alt=\"\" class=\"wp-image-3196\" srcset=\"https:\/\/www.greenpeace.org\/static\/planet4-italy-stateless\/2018\/11\/39be1ff1-gp0stqmwd_medium_res-1024x683.jpg 1024w, https:\/\/www.greenpeace.org\/static\/planet4-italy-stateless\/2018\/11\/39be1ff1-gp0stqmwd_medium_res-300x200.jpg 300w, https:\/\/www.greenpeace.org\/static\/planet4-italy-stateless\/2018\/11\/39be1ff1-gp0stqmwd_medium_res-768x512.jpg 768w, https:\/\/www.greenpeace.org\/static\/planet4-italy-stateless\/2018\/11\/39be1ff1-gp0stqmwd_medium_res-510x340.jpg 510w, https:\/\/www.greenpeace.org\/static\/planet4-italy-stateless\/2018\/11\/39be1ff1-gp0stqmwd_medium_res.jpg 1200w\" sizes=\"auto, (max-width: 1024px) 100vw, 1024px\" \/><\/figure>\n<\/div>\n<\/div>\n<div data-render=\"planet4-blocks\/columns\" data-attributes=\"{&quot;attributes&quot;:{&quot;columns&quot;:[{&quot;title&quot;:&quot;Un futuro senza allevamenti intensivi&quot;,&quot;description&quot;:&quot;Il nostro sistema agroalimentare premia le grandi aziende intensive e la grande distribuzione, piuttosto che sostenere le piccole produzioni ecologiche e l\\u2019accesso a cibo sano per noi e per il Pianeta. Un modello incompatibile con le sfide imposte dai cambiamenti climatici e dalla perdita di risorse naturali, che mette a rischio l\\u2019ambiente e\\u00a0 la nostra sicurezza alimentare. Chiediamo di invertire la rotta, consegnamo alla storia gli allevamenti intensivi!&quot;,&quot;link_new_tab&quot;:false},{&quot;title&quot;:&quot;Carne e latticini: \\u201cMeno \\u00e8 Meglio\\u201d&quot;,&quot;description&quot;:&quot;Le scelte alimentari che facciamo oggi determinano lo stato del Pianeta sul quale vivremo domani.\\r\\nGreenpeace chiede una riduzione del 50% a livello globale di produzione e consumo di prodotti di origine animale al 2050 per evitare gli impatti pi\\u00f9 devastanti dei cambiamenti climatici e rispettare gli Accordi di Parigi sulle emissioni di CO2.&quot;,&quot;link_new_tab&quot;:false}],&quot;className&quot;:&quot;is-style-no_image&quot;,&quot;columns_block_style&quot;:&quot;no_image&quot;}}\"><\/div><div data-hydrate=\"planet4-blocks\/gallery\" data-attributes=\"{&quot;attributes&quot;:{&quot;gallery_block_style&quot;:2,&quot;multiple_image&quot;:&quot;2610,2611,2609&quot;,&quot;image_data&quot;:[{&quot;url&quot;:&quot;https:\\\/\\\/www.greenpeace.org\\\/static\\\/planet4-italy-stateless\\\/2018\\\/11\\\/04a1b36c-allevamenti-inside-gp0stqjwl_medium_res.jpg&quot;,&quot;focalPoint&quot;:{&quot;x&quot;:0.5,&quot;y&quot;:0.5},&quot;id&quot;:&quot;2609&quot;},{&quot;url&quot;:&quot;https:\\\/\\\/www.greenpeace.org\\\/static\\\/planet4-italy-stateless\\\/2018\\\/11\\\/c825ebb8-allevamenti-inside-gp0stqyyw_medium_res.jpg&quot;,&quot;focalPoint&quot;:{&quot;x&quot;:0.5,&quot;y&quot;:0.5},&quot;id&quot;:&quot;2610&quot;},{&quot;url&quot;:&quot;https:\\\/\\\/www.greenpeace.org\\\/static\\\/planet4-italy-stateless\\\/2018\\\/11\\\/67bee744-allevamenti-inside-gp0318i_medium_res.jpg&quot;,&quot;focalPoint&quot;:{&quot;x&quot;:0.5,&quot;y&quot;:0.5},&quot;id&quot;:&quot;2611&quot;}],&quot;gallery_block_title&quot;:&quot;&quot;,&quot;gallery_block_description&quot;:&quot;&quot;,&quot;gallery_block_focus_points&quot;:&quot;&quot;,&quot;images&quot;:[{&quot;image_src&quot;:&quot;https:\\\/\\\/www.greenpeace.org\\\/static\\\/planet4-italy-stateless\\\/2018\\\/11\\\/c825ebb8-allevamenti-inside-gp0stqyyw_medium_res-768x628.jpg&quot;,&quot;image_srcset&quot;:&quot;https:\\\/\\\/www.greenpeace.org\\\/static\\\/planet4-italy-stateless\\\/2018\\\/11\\\/c825ebb8-allevamenti-inside-gp0stqyyw_medium_res-768x628.jpg 768w, https:\\\/\\\/www.greenpeace.org\\\/static\\\/planet4-italy-stateless\\\/2018\\\/11\\\/c825ebb8-allevamenti-inside-gp0stqyyw_medium_res-300x245.jpg 300w, https:\\\/\\\/www.greenpeace.org\\\/static\\\/planet4-italy-stateless\\\/2018\\\/11\\\/c825ebb8-allevamenti-inside-gp0stqyyw_medium_res-415x340.jpg 415w, https:\\\/\\\/www.greenpeace.org\\\/static\\\/planet4-italy-stateless\\\/2018\\\/11\\\/c825ebb8-allevamenti-inside-gp0stqyyw_medium_res.jpg 820w&quot;,&quot;image_sizes&quot;:&quot;(max-width: 768px) 100vw, 768px&quot;,&quot;alt_text&quot;:&quot;&quot;,&quot;caption&quot;:&quot;&quot;,&quot;focus_image&quot;:&quot;&quot;,&quot;credits&quot;:&quot;&quot;},{&quot;image_src&quot;:&quot;https:\\\/\\\/www.greenpeace.org\\\/static\\\/planet4-italy-stateless\\\/2018\\\/11\\\/67bee744-allevamenti-inside-gp0318i_medium_res-768x512.jpg&quot;,&quot;image_srcset&quot;:&quot;https:\\\/\\\/www.greenpeace.org\\\/static\\\/planet4-italy-stateless\\\/2018\\\/11\\\/67bee744-allevamenti-inside-gp0318i_medium_res-768x512.jpg 768w, https:\\\/\\\/www.greenpeace.org\\\/static\\\/planet4-italy-stateless\\\/2018\\\/11\\\/67bee744-allevamenti-inside-gp0318i_medium_res-300x200.jpg 300w, https:\\\/\\\/www.greenpeace.org\\\/static\\\/planet4-italy-stateless\\\/2018\\\/11\\\/67bee744-allevamenti-inside-gp0318i_medium_res-1024x683.jpg 1024w, https:\\\/\\\/www.greenpeace.org\\\/static\\\/planet4-italy-stateless\\\/2018\\\/11\\\/67bee744-allevamenti-inside-gp0318i_medium_res-510x340.jpg 510w, https:\\\/\\\/www.greenpeace.org\\\/static\\\/planet4-italy-stateless\\\/2018\\\/11\\\/67bee744-allevamenti-inside-gp0318i_medium_res.jpg 1200w&quot;,&quot;image_sizes&quot;:&quot;(max-width: 768px) 100vw, 768px&quot;,&quot;alt_text&quot;:&quot;&quot;,&quot;caption&quot;:&quot;&quot;,&quot;focus_image&quot;:&quot;&quot;,&quot;credits&quot;:&quot;&quot;},{&quot;image_src&quot;:&quot;https:\\\/\\\/www.greenpeace.org\\\/static\\\/planet4-italy-stateless\\\/2018\\\/11\\\/04a1b36c-allevamenti-inside-gp0stqjwl_medium_res-768x569.jpg&quot;,&quot;image_srcset&quot;:&quot;https:\\\/\\\/www.greenpeace.org\\\/static\\\/planet4-italy-stateless\\\/2018\\\/11\\\/04a1b36c-allevamenti-inside-gp0stqjwl_medium_res-768x569.jpg 768w, https:\\\/\\\/www.greenpeace.org\\\/static\\\/planet4-italy-stateless\\\/2018\\\/11\\\/04a1b36c-allevamenti-inside-gp0stqjwl_medium_res-300x222.jpg 300w, https:\\\/\\\/www.greenpeace.org\\\/static\\\/planet4-italy-stateless\\\/2018\\\/11\\\/04a1b36c-allevamenti-inside-gp0stqjwl_medium_res-1024x759.jpg 1024w, https:\\\/\\\/www.greenpeace.org\\\/static\\\/planet4-italy-stateless\\\/2018\\\/11\\\/04a1b36c-allevamenti-inside-gp0stqjwl_medium_res-459x340.jpg 459w, https:\\\/\\\/www.greenpeace.org\\\/static\\\/planet4-italy-stateless\\\/2018\\\/11\\\/04a1b36c-allevamenti-inside-gp0stqjwl_medium_res.jpg 1080w&quot;,&quot;image_sizes&quot;:&quot;(max-width: 768px) 100vw, 768px&quot;,&quot;alt_text&quot;:&quot;&quot;,&quot;caption&quot;:&quot;&quot;,&quot;focus_image&quot;:&quot;&quot;,&quot;credits&quot;:&quot;&quot;}]}}\"><section class=\"block split-three-column \"><div class=\"three-column-images row\"><\/div><\/section><\/div><div data-render=\"planet4-blocks\/columns\" data-attributes=\"{&quot;attributes&quot;:{&quot;columns_block_style&quot;:&quot;tasks&quot;,&quot;columns_title&quot;:&quot;Cosa puoi fare tu&quot;,&quot;columns_description&quot;:&quot;Non lasciamo la produzione del cibo in mano agli interessi di pochi. Le scelte alimentari che facciamo oggi, determinano la salute del Pianeta di domani!&quot;,&quot;columns&quot;:[{&quot;title&quot;:&quot;Firma la petizione&quot;,&quot;description&quot;:&quot;Chiedi lo stop ai finanziamenti pubblici agli allevamenti intensivi. \\u00c8 ora di mettere fine a sussidi e politiche che sostengono la produzione intensiva di carne e prodotti lattiero-caseari.&quot;,&quot;cta_text&quot;:&quot;Firma ora&quot;,&quot;cta_link&quot;:&quot;https:\\\/\\\/attivati.greenpeace.it\\\/petizioni\\\/stop-allevamenti-intensivi\\\/?utm_source=greenpeace.org&amp;utm_medium=attivati&amp;utm_campaign=allevamenti&amp;utm_content=button-down&quot;,&quot;link_new_tab&quot;:true},{&quot;title&quot;:&quot;Leggi la nostra inchiesta&quot;,&quot;description&quot;:&quot;In Lombardia viene allevato il 50% dei suini e il 25% dei bovini del nostro Paese, ma 1 comune su 10 \\u00e8 a rischio di inquinamento, proprio a causa degli allevamenti intensivi. Ed \\u00e8 proprio a questi comuni che \\u00e8 stato destinato il 45% dei fondi europei per la zootecnia lombarda.&quot;,&quot;cta_text&quot;:&quot;Leggi&quot;,&quot;cta_link&quot;:&quot;https:\\\/\\\/attivati.greenpeace.it\\\/petizioni\\\/allevamenti-intensivi-lombardia\\\/&quot;,&quot;link_new_tab&quot;:true},{&quot;title&quot;:&quot;Kit Allevamenti&quot;,&quot;description&quot;:&quot;Gli allevamenti intensivi oltre una certa dimensione sono considerati \\u201cindustrie insalubri\\u201d, con impatti potenzialmente molto rischiosi sul territorio circostante. Questo kit ti aiuter\\u00e0 ad attivarti per difendere la tua zona dagli impatti dannosi di queste attivit\\u00e0 e contrastare la nascita di nuovi allevamenti intensivi.&quot;,&quot;cta_text&quot;:&quot;Scarica il kit&quot;,&quot;cta_link&quot;:&quot;https:\\\/\\\/greenpeace.it\\\/kit_allevamenti\\\/KIT-StopAllevamentiIntensivi.pdf&quot;,&quot;link_new_tab&quot;:true},{&quot;title&quot;:&quot;Dona ora&quot;,&quot;description&quot;:&quot;Aiutaci a far pressione sui governi e indagare sugli impatti degli allevamenti intensivi: abbiamo bisogno di far vedere a tutti cosa vuol dire dare fondi a grandi aziende di stampo intensivo e industriale.&quot;,&quot;attachment&quot;:0,&quot;cta_link&quot;:&quot;https:\\\/\\\/donazione.greenpeace.it\\\/moratoria-allevamenti\\\/?utm_source=greenpeace.org&amp;utm_medium=cosa-facciamo&amp;utm_campaign=donate&amp;utm_content=pfas&quot;,&quot;cta_text&quot;:&quot;Dona&quot;,&quot;link_new_tab&quot;:true}],&quot;className&quot;:&quot;is-style-tasks&quot;}}\"><\/div>\n<p><\/p>\n","protected":false},"excerpt":{"rendered":"<p>Quello che mangiamo oggi determina il mondo di domani: non mettiamo il Pianeta nel piatto!<\/p>\n","protected":false},"author":21,"featured_media":3203,"parent":9,"menu_order":0,"comment_status":"closed","ping_status":"closed","template":"","meta":{"ep_exclude_from_search":false,"p4_hide_page_title_checkbox":"","p4_title":"","p4_subtitle":"","p4_description":"","background_image_id":"","background_image":"","p4_button_title":"","p4_button_link":"","p4_button_link_checkbox":"","p4_og_title":"Ferma gli allevamenti intensivi","p4_og_description":"Gli allevamenti intensivi infliggono agli animali sofferenze atroci, distruggono le foreste e inquinano acqua, suolo e aria. \u00c8 ora di fermare tutto questo.","p4_og_image":"","p4_og_image_id":"","p4_seo_canonical_url":"","p4_campaign_name":"not set","p4_local_project":"not set","p4_basket_name":"not set","p4_department":"","footnotes":""},"categories":[20,17,24],"tags":[25,26,27,29,30],"class_list":["post-2599","page","type-page","status-publish","has-post-thumbnail","hentry","category-denuncia","category-proteggi","category-scegli","tag-consumi","tag-cibo","tag-agricoltura","tag-clima","tag-salute"],"_links":{"self":[{"href":"https:\/\/www.greenpeace.org\/italy\/wp-json\/wp\/v2\/pages\/2599","targetHints":{"allow":["GET"]}}],"collection":[{"href":"https:\/\/www.greenpeace.org\/italy\/wp-json\/wp\/v2\/pages"}],"about":[{"href":"https:\/\/www.greenpeace.org\/italy\/wp-json\/wp\/v2\/types\/page"}],"author":[{"embeddable":true,"href":"https:\/\/www.greenpeace.org\/italy\/wp-json\/wp\/v2\/users\/21"}],"replies":[{"embeddable":true,"href":"https:\/\/www.greenpeace.org\/italy\/wp-json\/wp\/v2\/comments?post=2599"}],"version-history":[{"count":19,"href":"https:\/\/www.greenpeace.org\/italy\/wp-json\/wp\/v2\/pages\/2599\/revisions"}],"predecessor-version":[{"id":28224,"href":"https:\/\/www.greenpeace.org\/italy\/wp-json\/wp\/v2\/pages\/2599\/revisions\/28224"}],"up":[{"embeddable":true,"href":"https:\/\/www.greenpeace.org\/italy\/wp-json\/wp\/v2\/pages\/9"}],"wp:featuredmedia":[{"embeddable":true,"href":"https:\/\/www.greenpeace.org\/italy\/wp-json\/wp\/v2\/media\/3203"}],"wp:attachment":[{"href":"https:\/\/www.greenpeace.org\/italy\/wp-json\/wp\/v2\/media?parent=2599"}],"wp:term":[{"taxonomy":"category","embeddable":true,"href":"https:\/\/www.greenpeace.org\/italy\/wp-json\/wp\/v2\/categories?post=2599"},{"taxonomy":"post_tag","embeddable":true,"href":"https:\/\/www.greenpeace.org\/italy\/wp-json\/wp\/v2\/tags?post=2599"}],"curies":[{"name":"wp","href":"https:\/\/api.w.org\/{rel}","templated":true}]}}