{"id":2639,"date":"2018-11-12T12:37:13","date_gmt":"2018-11-12T12:37:13","guid":{"rendered":"https:\/\/www.greenpeace.org\/italy\/?page_id=2639"},"modified":"2025-07-02T09:30:09","modified_gmt":"2025-07-02T07:30:09","slug":"salviamo-le-api","status":"publish","type":"page","link":"https:\/\/www.greenpeace.org\/italy\/attivati\/salviamo-le-api\/","title":{"rendered":"Salviamo le api!"},"content":{"rendered":"\n<div class=\"wp-block-group is-vertical is-layout-flex wp-container-core-group-is-layout-8cf370e7 wp-block-group-is-layout-flex\">\n<div class=\"wp-block-buttons is-layout-flex wp-block-buttons-is-layout-flex\">\n<div class=\"wp-block-button\"><a class=\"wp-block-button__link wp-element-button\" href=\"https:\/\/attivati.greenpeace.it\/petizioni\/salviamoleapi\/?utm_source=greenpeace.org&amp;utm_medium=attivati&amp;utm_campaign=api&amp;utm_content=button-up\" target=\"_blank\" rel=\"noreferrer noopener\">\n                                    Firma la petizione\n                                <\/a><\/div>\n<\/div>\n<\/div>\n\n<div class=\"wp-block-columns is-layout-flex wp-container-core-columns-is-layout-9d6595d7 wp-block-columns-is-layout-flex\">\n<div class=\"wp-block-column is-layout-flow wp-block-column-is-layout-flow\">\n<p>ll ruolo delle api \u00e8 fondamentale per la produzione alimentare e per l\u2019ambiente. E in questo, sono aiutate anche da altri insetti come bombi o farfalle.<\/p>\n\n\n\n<p>Un terzo del nostro cibo &nbsp;dipende dall\u2019impollinazione degli insetti: solo in Europa, oltre 4.000 tipi di verdure.<\/p>\n\n\n\n<p>Senza dubbio le colture pi\u00f9 nutrienti e apprezzate della nostra dieta &#8211; molta frutta e verdura (come mele, fragole, pomodori e mandorle) &#8211; sarebbero duramente colpite da un calo numerico degli insetti impollinatori.<\/p>\n\n\n\n<p>Purtroppo, le api sono in declino, minacciate da pesticidi, perdita di habitat, monocolture, parassiti, malattie e cambiamenti climatici. In particolare, alcuni pesticidi costituiscono un rischio diretto per gli impollinatori: l\u2019eliminazione delle sostanze chimiche pi\u00f9 pericolose per le api \u00e8 quindi il primo e pi\u00f9 efficace passo da adottare per difenderli.<\/p>\n\n\n\n<p>Unisciti a noi per chiedere al Governo Italiano e alla Commissione Europea la messa al bando definitiva dei pesticidi dannosi per le api!<\/p>\n<\/div>\n\n\n\n<div class=\"wp-block-column is-layout-flow wp-block-column-is-layout-flow\">\n<figure class=\"wp-block-image size-large\"><img loading=\"lazy\" decoding=\"async\" width=\"1024\" height=\"683\" src=\"https:\/\/www.greenpeace.org\/static\/planet4-italy-stateless\/2018\/11\/faceef40-api-gp04org_medium_res-1024x683.jpg\" alt=\"\" class=\"wp-image-3198\" srcset=\"https:\/\/www.greenpeace.org\/static\/planet4-italy-stateless\/2018\/11\/faceef40-api-gp04org_medium_res-1024x683.jpg 1024w, https:\/\/www.greenpeace.org\/static\/planet4-italy-stateless\/2018\/11\/faceef40-api-gp04org_medium_res-300x200.jpg 300w, https:\/\/www.greenpeace.org\/static\/planet4-italy-stateless\/2018\/11\/faceef40-api-gp04org_medium_res-768x512.jpg 768w, https:\/\/www.greenpeace.org\/static\/planet4-italy-stateless\/2018\/11\/faceef40-api-gp04org_medium_res-510x340.jpg 510w, https:\/\/www.greenpeace.org\/static\/planet4-italy-stateless\/2018\/11\/faceef40-api-gp04org_medium_res.jpg 1200w\" sizes=\"auto, (max-width: 1024px) 100vw, 1024px\" \/><\/figure>\n<\/div>\n<\/div>\n\n<div style=\"height:50px\" aria-hidden=\"true\" class=\"wp-block-spacer\"><\/div>\n<div data-render=\"planet4-blocks\/columns\" data-attributes=\"{&quot;attributes&quot;:{&quot;columns&quot;:[{&quot;title&quot;:&quot;Perch\\u00e9 abbiamo bisogno delle api&quot;,&quot;description&quot;:&quot;Le api e gli altri insetti impollinatori giocano un ruolo essenziale negli ecosistemi: un terzo del nostro cibo dipende dalla loro opera di impollinazione.\\r\\n\\r\\nSe questi preziosi insetti sparissero, le conseguenze sulla produzione alimentare sarebbero devastanti. Chi impollinerebbe le coltivazioni? L\\u2019impollinazione artificiale \\u00e8 una pratica faticosa, lenta e costosa. Il valore di questo servizio, offerto gratis dalle api di tutto il mondo, \\u00e8 stato stimato in circa 265 miliardi di euro all\\u2019anno.\\r\\nDifendere le api \\u00e8 quindi nel nostro interesse, anche da un punto di vista economico.&quot;,&quot;link_new_tab&quot;:false},{&quot;title&quot;:&quot;Il problema&quot;,&quot;description&quot;:&quot;Dalla fine degli anni &#039;90, molti apicoltori (soprattutto in Europa e Nord America) hanno iniziato a segnalare un&#039;anomala e repentina diminuzione nelle colonie di api.\\r\\nQuesto calo \\u00e8 senza dubbio il prodotto di molteplici fattori, che agiscono singolarmente o in combinazione fra loro. Fra i pi\\u00f9 importanti l&#039;uso di pesticidi, la perdita di habitat naturali, malattie e parassiti e i cambiamenti climatici.\\r\\nDopo anni di impegno e mobilitazione, siamo riusciti a ottenere un\\u2019importante vittoria:  l&#039;Unione Europea ha approvato il bando permanente di tre insetticidi neonicotinoidi dannosi per le api.\\r\\n\\r\\nLa strada \\u00e8 ancora lunga ma non intendiamo fermarci: un\\u2019agricoltura senza pesticidi \\u00e8 possibile!&quot;,&quot;link_new_tab&quot;:false}],&quot;className&quot;:&quot;is-style-no_image&quot;,&quot;columns_block_style&quot;:&quot;no_image&quot;}}\"><\/div>\n<div style=\"height:50px\" aria-hidden=\"true\" class=\"wp-block-spacer\"><\/div>\n\n<h3 class=\"wp-block-heading\">(Una delle) soluzioni: il Bosco delle Api<\/h3>\n\n<p>Per contribuire in modo concreto al ripopolamento delle api e degli insetti impollinatori abbiamo dato vita al Bosco delle Api, un progetto locale nato a Roma e Cremona e volto alla tutela della biodiversit\u00e0. Il Bosco delle Api \u00e8 una food forest (orto-bosco), ovvero una coltivazione multifunzionale che simula in piccola scala un ecosistema boschivo su pi\u00f9 strati con piante da frutto, erbe medicinali e officinali, bacche, ortaggi, fiori e molto altro ancora. Un luogo \u201ca misura di api\u201d nonch\u00e9 un esempio concreto di come sia possibile rinaturalizzare aree urbane e periurbane tramite i metodi della permacultura e l\u2019agroecologia. Il Bosco delle Api sar\u00e0 non solo una risorsa preziosa per gli impollinatori, ma anche un luogo aperto alla comunit\u00e0 e a chiunque voglia esplorare la magia della natura!<\/p>\n\n<div style=\"height:50px\" aria-hidden=\"true\" class=\"wp-block-spacer\"><\/div>\n\n<figure class=\"wp-block-embed is-type-video is-provider-youtube wp-block-embed-youtube wp-embed-aspect-16-9 wp-has-aspect-ratio\"><div class=\"wp-block-embed__wrapper\">\n<iframe loading=\"lazy\" title=\"Salviamo le Api - Invia un SMS al 331.1234.331\" width=\"500\" height=\"281\" src=\"https:\/\/www.youtube.com\/embed\/5u3cfNJUR70?feature=oembed\" frameborder=\"0\" allow=\"accelerometer; autoplay; clipboard-write; encrypted-media; gyroscope; picture-in-picture; web-share\" referrerpolicy=\"strict-origin-when-cross-origin\" allowfullscreen><\/iframe>\n<\/div><\/figure>\n\n<div style=\"height:50px\" aria-hidden=\"true\" class=\"wp-block-spacer\"><\/div>\n<div data-render=\"planet4-blocks\/columns\" data-attributes=\"{&quot;attributes&quot;:{&quot;columns_block_style&quot;:&quot;tasks&quot;,&quot;columns_title&quot;:&quot;Cosa puoi fare tu&quot;,&quot;columns_description&quot;:&quot;Ogni passo in avanti per trasformare l&#039;attuale sistema agricolo di stampo industriale in uno ecologico e sostenibile, dar\\u00e0 benefici non solo alle api, ma anche all&#039;ambiente e alla nostra sicurezza alimentare.&quot;,&quot;columns&quot;:[{&quot;title&quot;:&quot;Firma la petizione&quot;,&quot;description&quot;:&quot;Con la tua firma potrai chiedere al Governo Italiano e alla Commissione Europea di mettere al bando, per sempre, i pesticidi dannosi per le api, ma anche di aumentare i finanziamenti per la ricerca, lo sviluppo e l\\u2019applicazione di pratiche agricole ecologiche.&quot;,&quot;cta_text&quot;:&quot;Firma ora&quot;,&quot;cta_link&quot;:&quot;https:\\\/\\\/attivati.greenpeace.it\\\/petizioni\\\/salviamoleapi\\\/?utm_source=greenpeace.org&amp;utm_medium=attivati&amp;utm_campaign=api&amp;utm_content=button-down&quot;,&quot;link_new_tab&quot;:true},{&quot;title&quot;:&quot;Scarica la lista dei fiori amici delle api&quot;,&quot;description&quot;:&quot;Hai un giardino o un balcone? Non usare pesticidi chimici e semina fiori che possono fornire nutrimento alle api. Piantali sul tuo terrazzo o giardino e contribuisci a rendere questo mondo un posto migliore per le api! Sar\\u00e0 un mondo migliore per tutti!&quot;,&quot;cta_text&quot;:&quot;Piantali!&quot;,&quot;cta_link&quot;:&quot;https:\\\/\\\/attivati.greenpeace.it\\\/guide\\\/fiori-per-api\\\/?utm_source=greenpeace.org&amp;utm_medium=attivati&amp;utm_campaign=api&amp;utm_content=guida&quot;,&quot;link_new_tab&quot;:true},{&quot;title&quot;:&quot;Dona ora&quot;,&quot;description&quot;:&quot;Aiutaci a salvare le api e promuovere un\\u2019agricoltura sostenibile. Le minacce verso gli impollinatori sono reali e complesse e noi abbiamo bisogno di soluzioni concrete. Vogliamo continuare a elaborare dossier, avere dalla nostra l\\u2019esperienza di agricoltori, scienziati, istituti di ricerca e continuare a fare pressione: sostienici!&quot;,&quot;cta_text&quot;:&quot;Dona&quot;,&quot;cta_link&quot;:&quot;https:\\\/\\\/donazione.greenpeace.it\\\/proteggi_le_api\\\/?utm_source=greenpeace.org&amp;utm_medium=cosa-facciamo&amp;utm_campaign=donate&amp;utm_content=api&quot;,&quot;link_new_tab&quot;:true}],&quot;className&quot;:&quot;is-style-tasks&quot;}}\"><\/div>\n<div style=\"height:100px\" aria-hidden=\"true\" class=\"wp-block-spacer\"><\/div>\n","protected":false},"excerpt":{"rendered":"<p>Le api fanno molto pi\u00f9 del miele: aiutiamo gli impollinatori a non scomparire. <\/p>\n","protected":false},"author":21,"featured_media":3198,"parent":9,"menu_order":0,"comment_status":"closed","ping_status":"closed","template":"","meta":{"ep_exclude_from_search":false,"p4_hide_page_title_checkbox":"","p4_title":"","p4_subtitle":"","p4_description":"","background_image_id":"","background_image":"","p4_button_title":"","p4_button_link":"","p4_button_link_checkbox":"","p4_og_title":"Salviamo le api!","p4_og_description":"Le api sono responsabili dell\u2019impollinazione di un terzo del nostro cibo. Dobbiamo salvarle dai pesticidi e altre minacce, prima che sia troppo tardi.","p4_og_image":"","p4_og_image_id":"","p4_seo_canonical_url":"","p4_campaign_name":"not set","p4_local_project":"not set","p4_basket_name":"not set","p4_department":"","footnotes":""},"categories":[20,17,24],"tags":[22,26,27],"class_list":["post-2639","page","type-page","status-publish","has-post-thumbnail","hentry","category-denuncia","category-proteggi","category-scegli","tag-biodiversita","tag-cibo","tag-agricoltura"],"_links":{"self":[{"href":"https:\/\/www.greenpeace.org\/italy\/wp-json\/wp\/v2\/pages\/2639","targetHints":{"allow":["GET"]}}],"collection":[{"href":"https:\/\/www.greenpeace.org\/italy\/wp-json\/wp\/v2\/pages"}],"about":[{"href":"https:\/\/www.greenpeace.org\/italy\/wp-json\/wp\/v2\/types\/page"}],"author":[{"embeddable":true,"href":"https:\/\/www.greenpeace.org\/italy\/wp-json\/wp\/v2\/users\/21"}],"replies":[{"embeddable":true,"href":"https:\/\/www.greenpeace.org\/italy\/wp-json\/wp\/v2\/comments?post=2639"}],"version-history":[{"count":18,"href":"https:\/\/www.greenpeace.org\/italy\/wp-json\/wp\/v2\/pages\/2639\/revisions"}],"predecessor-version":[{"id":28220,"href":"https:\/\/www.greenpeace.org\/italy\/wp-json\/wp\/v2\/pages\/2639\/revisions\/28220"}],"up":[{"embeddable":true,"href":"https:\/\/www.greenpeace.org\/italy\/wp-json\/wp\/v2\/pages\/9"}],"wp:featuredmedia":[{"embeddable":true,"href":"https:\/\/www.greenpeace.org\/italy\/wp-json\/wp\/v2\/media\/3198"}],"wp:attachment":[{"href":"https:\/\/www.greenpeace.org\/italy\/wp-json\/wp\/v2\/media?parent=2639"}],"wp:term":[{"taxonomy":"category","embeddable":true,"href":"https:\/\/www.greenpeace.org\/italy\/wp-json\/wp\/v2\/categories?post=2639"},{"taxonomy":"post_tag","embeddable":true,"href":"https:\/\/www.greenpeace.org\/italy\/wp-json\/wp\/v2\/tags?post=2639"}],"curies":[{"name":"wp","href":"https:\/\/api.w.org\/{rel}","templated":true}]}}