{"id":27079,"date":"2025-04-22T11:18:13","date_gmt":"2025-04-22T09:18:13","guid":{"rendered":"https:\/\/www.greenpeace.org\/italy\/?page_id=27079"},"modified":"2025-07-24T11:28:47","modified_gmt":"2025-07-24T09:28:47","slug":"volontari","status":"publish","type":"page","link":"https:\/\/www.greenpeace.org\/italy\/privacy-policy\/volontari\/","title":{"rendered":"Informativa \u2013 Registro dei volontari di Greenpeace"},"content":{"rendered":"\n<h2 class=\"wp-block-heading\"><strong><strong>Informativa sul trattamento dei dati personali<\/strong><\/strong><\/h2>\n\n<p>Informativa ai sensi del Regolamento Europeo sulla Protezione dei Dati n. 679\/2016<\/p>\n\n<p>Con la presente informativa Greenpeace &#8211; Ente del Terzo Settore, con sede legale in Via della Cordonata 7, 00187 Roma (RM), in qualit\u00e0 di Titolare del trattamento (di seguito \u201cGD\u201d e\/o \u201cTitolare\u201d), raccoglie e tratta i dati personali dei soggetti interessati (volontari) per la tenuta del Registro dei volontari e l\u2019adempimento agli altri obblighi previsti dal <strong>D.Lgs 117\/2017<\/strong> (\u201c<strong>Codice del terzo Settore\u201d e\/o \u201cCodice\u201d<\/strong>), previsti per gli Enti del Terzo Settore (ETS) iscritti al Registro nazionale del Terzo Settore (RUNTS).<\/p>\n\n<p>L\u2019attenzione per la riservatezza, il carattere confidenziale e la protezione dei dati personali degli Utenti rappresentano un nostro preciso impegno; il trattamento dei dati personali avviene, pertanto, con la massima cura ed in conformit\u00e0 con le normative applicabili in materia di&nbsp;<em>privacy<\/em>&nbsp;e sicurezza (Regolamento Generale sulla Protezione dei Dati UE 679\/2016, di seguito \u201c<strong>GDPR<\/strong>\u201d e\/o \u201c<strong>Regolamento<\/strong>\u201d; D.lgs. 196\/2003 e s.m.i.).<\/p>\n\n<h3 class=\"wp-block-heading\">1. <strong>Data Protection Officer<\/strong><\/h3>\n\n<p>Il Titolare ha nominato un&nbsp;Data&nbsp;Protection&nbsp;Officer (\u201c<strong>DPO<\/strong>\u201d)&nbsp;a garanzia della correttezza dei trattamenti effettuati, contattabile al seguente indirizzo e-mail:&nbsp;<a href=\"mailto:dpo.it@greenpeace.org\">dpo.it@greenpeace.org<\/a>.<\/p>\n\n<h3 class=\"wp-block-heading\">2. <strong>Natura dei dati trattati<\/strong><\/h3>\n\n<p>I dati che potranno essere oggetto di trattamento sono i seguenti:<\/p>\n\n<ul class=\"wp-block-list\">\n<li>dati personali comuni (es. nome, cognome, Codice fiscale, dati di contatto, dati di residenza);<\/li>\n\n\n\n<li>dati relativi al periodo temporale di prestazione delle attivit\u00e0 di volontariato.<\/li>\n<\/ul>\n\n<h3 class=\"wp-block-heading\">3. <strong>Finalit\u00e0 e base giuridica del trattamento<\/strong><\/h3>\n\n<p>Tutte le attivit\u00e0 di raccolta \u2013 e successivo trattamento \u2013 dei dati personali dei soggetti interessati sono finalizzate all\u2019adempimento di obblighi di legge cui \u00e8 soggetto il Titolare del trattamento ai sensi del <strong>Codice del Terzo Settore<\/strong>, ed in particolare:<\/p>\n\n<ul class=\"wp-block-list\">\n<li>iscrivere i volontari presso il Registro dei volontari, la cui tenuta \u00e8 obbligatoria per tutti gli Enti del terzo settore iscritti al <em>Registro Nazionale del Terzo Settore \u201cRUNTS\u201d<\/em> (art. 17 del Codice);<\/li>\n\n\n\n<li>provvedere all\u2019assicurazione del volontario contro gli infortuni e le malattie connessi allo svolgimento dell\u2019attivit\u00e0 di volontariato, nonch\u00e9 per la responsabilit\u00e0 civile per i danni cagionati verso terzi nell\u2019esercizio della stessa attivit\u00e0 (art.18 del Codice).<\/li>\n<\/ul>\n\n<p>Il trattamento dei dati viene effettuato, pertanto, ai sensi dell\u2019art. 6 lett. c del GDPR.<\/p>\n\n<h3 class=\"wp-block-heading\">4. Natura del conferimento dei dati<\/h3>\n\n<p>Il conferimento dei dati \u00e8 necessario per adempiere gli obblighi di legge ai sensi del Codice del Terzo Settore, in relazione alla iscrizione nel Registro ed ai relativi adempimenti connessi. (il mancato conferimento dei dati non consente lo svolgimento delle attivit\u00e0 nei termini previsti dalla normativa di riferimento).<\/p>\n\n<h3 class=\"wp-block-heading\">5. <strong>Modalit\u00e0 del trattamento e destinatari dei dati<\/strong><\/h3>\n\n<p>I dati personali saranno trattati con strumenti informatici, nel rispetto delle misure di sicurezza previste dalla normativa, da personale autorizzato e istruito dal Titolare ai sensi dell\u2019art. 29 del GDPR. L\u2019inserimento e l\u2019aggiornamento dei dati nel Registro sono curati da personale interno incaricato dal Titolare.<\/p>\n\n<p>I dati potranno essere comunicati, nei limiti necessari al perseguimento delle finalit\u00e0 indicate al paragrafo 3 a soggetti terzi, per lo svolgimento di servizi funzionali a tali scopi e che potranno trattare i dati in qualit\u00e0 di responsabili del trattamento.<\/p>\n\n<p>I dati potranno inoltre essere comunicati ad Autorit\u00e0 pubbliche o giudiziarie nei casi previsti dalla legge.<\/p>\n\n<p>Per maggiore dettaglio sui termini e condizioni del trattamento, ti invitiamo a prendere visione della Privacy Policy nella versione integrale, disponibile al seguente&nbsp;<em>link<\/em>: <a href=\"https:\/\/www.greenpeace.org\/italy\/privacy-policy\/\">https:\/\/www.greenpeace.org\/italy\/privacy-policy\/<\/a>, in cui vengono altres\u00ec indicate le modalit\u00e0 per l\u2019esercizio dei diritti degli interessati.<\/p>\n\n<div style=\"height:100px\" aria-hidden=\"true\" class=\"wp-block-spacer\"><\/div>\n","protected":false},"excerpt":{"rendered":"<p>Informativa sul trattamento dei dati personali Informativa ai sensi del Regolamento Europeo sulla Protezione dei Dati n. 679\/2016 Con la presente informativa Greenpeace &#8211; Ente del Terzo Settore, con sede legale in Via della Cordonata 7, 00187 Roma (RM), in qualit\u00e0 di Titolare del trattamento (di seguito \u201cGD\u201d e\/o \u201cTitolare\u201d), raccoglie e tratta i dati [&hellip;]<\/p>\n","protected":false},"author":21,"featured_media":23946,"parent":4141,"menu_order":0,"comment_status":"closed","ping_status":"closed","template":"","meta":{"ep_exclude_from_search":false,"p4_hide_page_title_checkbox":"","p4_title":"","p4_subtitle":"","p4_description":"","background_image_id":"","background_image":"","p4_button_title":"","p4_button_link":"","p4_button_link_checkbox":"","p4_og_title":"","p4_og_description":"","p4_og_image":"","p4_og_image_id":"","p4_seo_canonical_url":"","p4_campaign_name":"","p4_local_project":"","p4_basket_name":"","p4_department":"","footnotes":""},"categories":[],"tags":[],"class_list":["post-27079","page","type-page","status-publish","has-post-thumbnail","hentry"],"_links":{"self":[{"href":"https:\/\/www.greenpeace.org\/italy\/wp-json\/wp\/v2\/pages\/27079","targetHints":{"allow":["GET"]}}],"collection":[{"href":"https:\/\/www.greenpeace.org\/italy\/wp-json\/wp\/v2\/pages"}],"about":[{"href":"https:\/\/www.greenpeace.org\/italy\/wp-json\/wp\/v2\/types\/page"}],"author":[{"embeddable":true,"href":"https:\/\/www.greenpeace.org\/italy\/wp-json\/wp\/v2\/users\/21"}],"replies":[{"embeddable":true,"href":"https:\/\/www.greenpeace.org\/italy\/wp-json\/wp\/v2\/comments?post=27079"}],"version-history":[{"count":4,"href":"https:\/\/www.greenpeace.org\/italy\/wp-json\/wp\/v2\/pages\/27079\/revisions"}],"predecessor-version":[{"id":28562,"href":"https:\/\/www.greenpeace.org\/italy\/wp-json\/wp\/v2\/pages\/27079\/revisions\/28562"}],"up":[{"embeddable":true,"href":"https:\/\/www.greenpeace.org\/italy\/wp-json\/wp\/v2\/pages\/4141"}],"wp:featuredmedia":[{"embeddable":true,"href":"https:\/\/www.greenpeace.org\/italy\/wp-json\/wp\/v2\/media\/23946"}],"wp:attachment":[{"href":"https:\/\/www.greenpeace.org\/italy\/wp-json\/wp\/v2\/media?parent=27079"}],"wp:term":[{"taxonomy":"category","embeddable":true,"href":"https:\/\/www.greenpeace.org\/italy\/wp-json\/wp\/v2\/categories?post=27079"},{"taxonomy":"post_tag","embeddable":true,"href":"https:\/\/www.greenpeace.org\/italy\/wp-json\/wp\/v2\/tags?post=27079"}],"curies":[{"name":"wp","href":"https:\/\/api.w.org\/{rel}","templated":true}]}}