{"id":27687,"date":"2025-06-27T12:40:28","date_gmt":"2025-06-27T10:40:28","guid":{"rendered":"https:\/\/www.greenpeace.org\/italy\/?page_id=27687"},"modified":"2025-06-27T12:44:29","modified_gmt":"2025-06-27T10:44:29","slug":"basta-allevamenti-di-pesce","status":"publish","type":"page","link":"https:\/\/www.greenpeace.org\/italy\/attivati\/basta-allevamenti-di-pesce\/","title":{"rendered":"Basta allevamenti di pesce!"},"content":{"rendered":"\n<div class=\"wp-block-columns is-layout-flex wp-container-core-columns-is-layout-9d6595d7 wp-block-columns-is-layout-flex\">\n<div class=\"wp-block-column is-layout-flow wp-block-column-is-layout-flow\">\n<p><strong>Gli allevamenti ittici stanno distruggendo i nostri mari e le nostre coste<\/strong>. Sono vere e proprie fabbriche sottomarine che<strong> danneggiano la biodiversit\u00e0 marina, inquinano i fondali e condannano i pesci ad atroci sofferenze<\/strong>. Questi mega-allevamenti stanno portando interi ecosistemi marini al collasso: \u00e8 arrivato il momento di fermarli!<\/p>\n\n\n\n<div class=\"wp-block-group is-vertical is-layout-flex wp-container-core-group-is-layout-8cf370e7 wp-block-group-is-layout-flex\">\n<div class=\"wp-block-buttons is-layout-flex wp-block-buttons-is-layout-flex\">\n<div class=\"wp-block-button\"><a class=\"wp-block-button__link wp-element-button\" href=\"https:\/\/attivati.greenpeace.it\/petizioni\/basta-allevamenti-intensivi-di-pesce\/?utm_source=greenpeace.org&amp;utm_medium=attivati&amp;utm_campaign=allevamenti-pesci&amp;utm_term=botton-up\" target=\"_blank\" rel=\"noreferrer noopener\">\n                                    Firma la petizione\n                                <\/a><\/div>\n<\/div>\n<\/div>\n<\/div>\n\n\n\n<div class=\"wp-block-column is-layout-flow wp-block-column-is-layout-flow\">\n<figure class=\"wp-block-image size-full\"><img loading=\"lazy\" decoding=\"async\" width=\"1000\" height=\"667\" src=\"https:\/\/www.greenpeace.org\/static\/planet4-italy-stateless\/2025\/06\/25071ae0-i-wwwnrsv-5k.jpg\" title=\"Pesci imprigionati in un&#039;enorme rete sottomarina in un allevamento ittico di Roquetas de Mar, ad Almeria, in Spagna.\" alt=\"Pesci imprigionati in un'enorme rete sottomarina in un allevamento ittico di Roquetas de Mar, ad Almeria, in Spagna.\" class=\"wp-image-27677\" srcset=\"https:\/\/www.greenpeace.org\/static\/planet4-italy-stateless\/2025\/06\/25071ae0-i-wwwnrsv-5k.jpg 1000w, https:\/\/www.greenpeace.org\/static\/planet4-italy-stateless\/2025\/06\/25071ae0-i-wwwnrsv-5k-300x200.jpg 300w, https:\/\/www.greenpeace.org\/static\/planet4-italy-stateless\/2025\/06\/25071ae0-i-wwwnrsv-5k-768x512.jpg 768w, https:\/\/www.greenpeace.org\/static\/planet4-italy-stateless\/2025\/06\/25071ae0-i-wwwnrsv-5k-510x340.jpg 510w\" sizes=\"auto, (max-width: 1000px) 100vw, 1000px\" \/><\/figure>\n<\/div>\n<\/div>\n<div data-render=\"planet4-blocks\/columns\" data-attributes=\"{&quot;attributes&quot;:{&quot;columns&quot;:[{&quot;title&quot;:&quot;Mari inquinati, salute a rischio&quot;,&quot;description&quot;:&quot;&lt;strong&gt;Deiezioni, antibiotici, pesticid&lt;\\\/strong&gt;i: ogni giorno gli allevamenti ittici rilasciano in mare sostanze nocive che si accumulano nei fondali, alterano gli ecosistemi e minacciano la biodiversit\\u00e0 marina. Ma non \\u00e8 soltanto il mare ad essere in pericolo. &lt;strong&gt;Gli antibiotici somministrati ai pesci finiscono nel nostro stesso piatto attraverso il cibo &lt;\\\/strong&gt;che mangiamo. Significa che, nel tempo, c\\u2019\\u00e8 il rischio concreto di sviluppare resistenza a questi medicinali. Vale davvero la pena rischiare la nostra salute per avere pesce a basso costo sulle nostre tavole?&quot;,&quot;link_new_tab&quot;:false},{&quot;title&quot;:&quot;Una finta soluzione alla pesca eccessiva&quot;,&quot;description&quot;:&quot;Ci hanno fatto credere che gli allevamenti ittici siano la soluzione allo svuotamento dei mari, ma non \\u00e8 cos\\u00ec. Queste fabbriche di pesce stanno contribuendo alla scomparsa di numerose specie ittiche. &lt;strong&gt;Per nutrire e ingrassare i pesci d\\u2019allevamento servono altri pesci&lt;\\\/strong&gt;: e da dove vengono presi, questi, se non dai nostri mari? La quantit\\u00e0 di pesce selvatico usato come mangime supera di gran lunga la produzione di pesce d&#039;allevamento. Basti pensare che&lt;strong&gt; per nutrire 1kg di tonno allevato servono 20 kg di mangime di pesce&lt;\\\/strong&gt; &lt;strong&gt;pescato&lt;\\\/strong&gt;. Gli allevamenti ittici comportano una perdita netta per i nostri mari, non certo un guadagno!&quot;,&quot;link_new_tab&quot;:false}],&quot;className&quot;:&quot;is-style-no_image&quot;,&quot;columns_block_style&quot;:&quot;no_image&quot;}}\"><\/div><div data-hydrate=\"planet4-blocks\/gallery\" data-attributes=\"{&quot;attributes&quot;:{&quot;multiple_image&quot;:&quot;27681,27680,27682&quot;,&quot;image_data&quot;:[{&quot;url&quot;:&quot;https:\\\/\\\/www.greenpeace.org\\\/static\\\/planet4-italy-stateless\\\/2025\\\/06\\\/d7c11930-gp01xyq_medium-res-1200px.jpg&quot;,&quot;focalPoint&quot;:{&quot;x&quot;:0.5,&quot;y&quot;:0.5},&quot;id&quot;:27681},{&quot;url&quot;:&quot;https:\\\/\\\/www.greenpeace.org\\\/static\\\/planet4-italy-stateless\\\/2025\\\/06\\\/ead41f50-gpes20240611jc1505.jpg&quot;,&quot;focalPoint&quot;:{&quot;x&quot;:0.5,&quot;y&quot;:0.5},&quot;id&quot;:27680},{&quot;url&quot;:&quot;https:\\\/\\\/www.greenpeace.org\\\/static\\\/planet4-italy-stateless\\\/2025\\\/06\\\/8bd444da-gp1sws2z_medium-res-1200px.jpg&quot;,&quot;focalPoint&quot;:{&quot;x&quot;:0.5,&quot;y&quot;:0.5},&quot;id&quot;:27682}],&quot;className&quot;:&quot;is-style-three-columns&quot;,&quot;gallery_block_style&quot;:0,&quot;gallery_block_title&quot;:&quot;&quot;,&quot;gallery_block_description&quot;:&quot;&quot;,&quot;gallery_block_focus_points&quot;:&quot;&quot;,&quot;images&quot;:[{&quot;image_src&quot;:&quot;https:\\\/\\\/www.greenpeace.org\\\/static\\\/planet4-italy-stateless\\\/2025\\\/06\\\/d7c11930-gp01xyq_medium-res-1200px.jpg&quot;,&quot;image_srcset&quot;:&quot;https:\\\/\\\/www.greenpeace.org\\\/static\\\/planet4-italy-stateless\\\/2025\\\/06\\\/d7c11930-gp01xyq_medium-res-1200px.jpg 1200w, https:\\\/\\\/www.greenpeace.org\\\/static\\\/planet4-italy-stateless\\\/2025\\\/06\\\/d7c11930-gp01xyq_medium-res-1200px-300x200.jpg 300w, https:\\\/\\\/www.greenpeace.org\\\/static\\\/planet4-italy-stateless\\\/2025\\\/06\\\/d7c11930-gp01xyq_medium-res-1200px-1024x683.jpg 1024w, https:\\\/\\\/www.greenpeace.org\\\/static\\\/planet4-italy-stateless\\\/2025\\\/06\\\/d7c11930-gp01xyq_medium-res-1200px-768x512.jpg 768w, https:\\\/\\\/www.greenpeace.org\\\/static\\\/planet4-italy-stateless\\\/2025\\\/06\\\/d7c11930-gp01xyq_medium-res-1200px-510x340.jpg 510w&quot;,&quot;image_sizes&quot;:false,&quot;alt_text&quot;:&quot;&quot;,&quot;caption&quot;:&quot;The Greenpeace ship Rainbow Warrior with a banner reading \\&quot;Marine Reserves Now!\\&quot; is next to cages holding bluefin tuna during a protest to demand immediate action to protect the endangered Mediterranean bluefin tuna from commercial extinction.  The Rainbow Warrior has been touring the Mediterranean highlighting the threats to the sea and carrying out scientific research to support and strengthen the proposal for a network of marine reserves.&quot;,&quot;focus_image&quot;:&quot;&quot;,&quot;credits&quot;:&quot;&quot;},{&quot;image_src&quot;:&quot;https:\\\/\\\/www.greenpeace.org\\\/static\\\/planet4-italy-stateless\\\/2025\\\/06\\\/ead41f50-gpes20240611jc1505.jpg&quot;,&quot;image_srcset&quot;:&quot;https:\\\/\\\/www.greenpeace.org\\\/static\\\/planet4-italy-stateless\\\/2025\\\/06\\\/ead41f50-gpes20240611jc1505.jpg 1200w, https:\\\/\\\/www.greenpeace.org\\\/static\\\/planet4-italy-stateless\\\/2025\\\/06\\\/ead41f50-gpes20240611jc1505-300x200.jpg 300w, https:\\\/\\\/www.greenpeace.org\\\/static\\\/planet4-italy-stateless\\\/2025\\\/06\\\/ead41f50-gpes20240611jc1505-1024x683.jpg 1024w, https:\\\/\\\/www.greenpeace.org\\\/static\\\/planet4-italy-stateless\\\/2025\\\/06\\\/ead41f50-gpes20240611jc1505-768x512.jpg 768w, https:\\\/\\\/www.greenpeace.org\\\/static\\\/planet4-italy-stateless\\\/2025\\\/06\\\/ead41f50-gpes20240611jc1505-510x340.jpg 510w&quot;,&quot;image_sizes&quot;:false,&quot;alt_text&quot;:&quot;&quot;,&quot;caption&quot;:&quot;&quot;,&quot;focus_image&quot;:&quot;&quot;,&quot;credits&quot;:&quot;&quot;},{&quot;image_src&quot;:&quot;https:\\\/\\\/www.greenpeace.org\\\/static\\\/planet4-italy-stateless\\\/2025\\\/06\\\/8bd444da-gp1sws2z_medium-res-1200px.jpg&quot;,&quot;image_srcset&quot;:&quot;https:\\\/\\\/www.greenpeace.org\\\/static\\\/planet4-italy-stateless\\\/2025\\\/06\\\/8bd444da-gp1sws2z_medium-res-1200px.jpg 1200w, https:\\\/\\\/www.greenpeace.org\\\/static\\\/planet4-italy-stateless\\\/2025\\\/06\\\/8bd444da-gp1sws2z_medium-res-1200px-300x200.jpg 300w, https:\\\/\\\/www.greenpeace.org\\\/static\\\/planet4-italy-stateless\\\/2025\\\/06\\\/8bd444da-gp1sws2z_medium-res-1200px-1024x683.jpg 1024w, https:\\\/\\\/www.greenpeace.org\\\/static\\\/planet4-italy-stateless\\\/2025\\\/06\\\/8bd444da-gp1sws2z_medium-res-1200px-768x512.jpg 768w, https:\\\/\\\/www.greenpeace.org\\\/static\\\/planet4-italy-stateless\\\/2025\\\/06\\\/8bd444da-gp1sws2z_medium-res-1200px-510x340.jpg 510w&quot;,&quot;image_sizes&quot;:false,&quot;alt_text&quot;:&quot;&quot;,&quot;caption&quot;:&quot;The civil protection Organisation THW and other volunteers collect dead fish at the Kleiner Jasmunder Bodden near Lietzow. Greenpeace set out with a team to investigate the fish kill discovered a few days ago on the Island of R\\u00fcgen.\\nDas THW und andere Freiwillige sammeln am Kleinen Jasmunder Bodden bei Lietzow tote Fische ein. Greenpeace hat sich mit einem Team auf den Weg gemacht, um das vor einigen Tagen auf R\\u00fcgen entdeckte Fischsterben zu untersuchen.&quot;,&quot;focus_image&quot;:&quot;&quot;,&quot;credits&quot;:&quot;&quot;}]}}\"><section class=\"block split-three-column is-style-three-columns\"><\/section><\/div>\n<h2 class=\"wp-block-heading\">Soldi pubblici finanziano queste fabbriche sottomarine<\/h2>\n\n<p>Sembra incredibile, ma <strong>l\u2019Europa ha stanziato per l\u2019Italia mezzo miliardo di Euro per la pesca e un\u2019acquacoltura sostenibile <\/strong>attraverso il fondo FEAMPA (Fondo Europeo per gli Affari Marittimi e l\u2019Acquacoltura). Il motivo? L\u2019acquacoltura viene ritenuta meno impattante rispetto alla pesca tradizionale. Ma la verit\u00e0 \u00e8 che <strong>questi presunti criteri di sostenibilit\u00e0 sono vaghi, se non del tutto assenti<\/strong>. Intanto, per\u00f2, enormi flussi di denaro incentivano questa pratica che inquina i nostri mari, causa sofferenze atroci ai pesci e mette a rischio la nostra salute.<\/p>\n\n<h2 class=\"wp-block-heading\">Cosa vogliamo ottenere<\/h2>\n\n<p><strong>Chiediamo che il governo promuova un modello di produzione e consumo sostenibile<\/strong>. Bisogna riconoscere e affrontare l&#8217;intero spettro degli impatti ambientali causati dagli allevamenti ittici: le pratiche di acquacoltura devono essere impostate in modo da <strong>garantire la protezione degli ecosistemi costieri, degli habitat locali e del benessere dei pesci. <\/strong>Serve maggiore sostegno alla pesca artigianale, ma soprattutto serve promuovere una giusta transizione verso una dieta con meno pesce e pi\u00f9 proteine vegetali. Ridurre il consumo di pesce \u00e8 possibile. E giover\u00e0 ai nostri mari e alla nostra salute.<\/p>\n<div data-render=\"planet4-blocks\/columns\" data-attributes=\"{&quot;attributes&quot;:{&quot;columns_block_style&quot;:&quot;tasks&quot;,&quot;columns_title&quot;:&quot;Cosa puoi fare tu&quot;,&quot;columns_description&quot;:&quot;Gli allevamenti ittici stanno danneggiando interi ecosistemi marini, ma tu puoi aiutarci a fermare l&#039;espansione di queste fabbriche sottomarine!&quot;,&quot;columns&quot;:[{&quot;title&quot;:&quot;Firma la petizione&quot;,&quot;description&quot;:&quot;Chiedi al governo italiano e all\\u2019Unione Europea di ridurre gli impatti ambientali degli allevamenti ittici, di tutelare il benessere dei pesci, sostenere la pesca artigianale e promuovere una dieta pi\\u00f9 vegetale. Servono misure concrete per proteggere i nostri mari!&quot;,&quot;cta_text&quot;:&quot;Firma ora&quot;,&quot;cta_link&quot;:&quot;https:\\\/\\\/attivati.greenpeace.it\\\/petizioni\\\/basta-allevamenti-intensivi-di-pesce\\\/?utm_source=greenpeace.org&amp;utm_medium=attivati&amp;utm_campaign=allevamenti-pesci&amp;utm_term=botton-down&quot;,&quot;link_new_tab&quot;:true},{&quot;title&quot;:&quot;Cambia le tue abitudini&quot;,&quot;description&quot;:&quot;Ridurre la domanda di pesce aiuta a diminuire la pressione ambientale degli allevamenti ittici. Non sai da dove cominciare per cambiare la tua alimentazione? Inizia dalla nostra guida alla frutta e verdura di stagione. Dentro troverai anche delle ricette!&quot;,&quot;cta_text&quot;:&quot;Scarica la guida&quot;,&quot;cta_link&quot;:&quot;https:\\\/\\\/attivati.greenpeace.it\\\/guide\\\/calendario-frutta-e-verdura-di-stagione\\\/?utm_source=greenpeace.org&amp;utm_medium=attivati&amp;utm_campaign=allevamenti-pesci&amp;utm_term=botton-down&quot;,&quot;link_new_tab&quot;:true},{&quot;title&quot;:&quot;Sostienici ora&quot;,&quot;description&quot;:&quot;La tua donazione ci aiuter\\u00e0 a proseguire le nostre indagini e le nostre attivit\\u00e0 di denuncia. Vogliamo dire basta a questi mega allevamenti sottomarini e chiedere un futuro alimentare giusto, etico e davvero sostenibile.&quot;,&quot;cta_text&quot;:&quot;Dona&quot;,&quot;cta_link&quot;:&quot;https:\\\/\\\/donazione.greenpeace.it\\\/stop-allevamenti-pesci\\\/?utm_source=greenpeace.org&amp;utm_medium=cosa-facciamo&amp;utm_campaign=donate&amp;utm_content=allevamenti-pesci&amp;utm_term=generico&quot;,&quot;link_new_tab&quot;:true}],&quot;className&quot;:&quot;is-style-tasks&quot;}}\"><\/div>\n<div style=\"height:100px\" aria-hidden=\"true\" class=\"wp-block-spacer\"><\/div>\n","protected":false},"excerpt":{"rendered":"<p>Gli allevamenti intensivi di pesci inquinano i nostri mari con deiezioni, antibiotici e pesticidi, e sottopongono i pesci ad atroci sofferenze. \u00c8 ora di fermarli!<\/p>\n","protected":false},"author":21,"featured_media":27677,"parent":9,"menu_order":0,"comment_status":"closed","ping_status":"closed","template":"","meta":{"ep_exclude_from_search":false,"p4_hide_page_title_checkbox":"","p4_title":"","p4_subtitle":"","p4_description":"","background_image_id":"","background_image":"","p4_button_title":"","p4_button_link":"","p4_button_link_checkbox":"","p4_og_title":"Basta allevamenti di pesce!","p4_og_description":"Gli allevamenti intensivi di pesci inquinano i nostri mari con deiezioni, antibiotici e pesticidi, e sottopongono i pesci ad atroci sofferenze. \u00c8 ora di fermarli!","p4_og_image":"https:\/\/www.greenpeace.org\/static\/planet4-italy-stateless\/2025\/06\/25071ae0-i-wwwnrsv-5k.jpg","p4_og_image_id":"27677","p4_seo_canonical_url":"","p4_campaign_name":"","p4_local_project":"","p4_basket_name":"","p4_department":"","footnotes":""},"categories":[20],"tags":[18,26,42],"class_list":["post-27687","page","type-page","status-publish","has-post-thumbnail","hentry","category-denuncia","tag-mare","tag-cibo","tag-allevamenti"],"_links":{"self":[{"href":"https:\/\/www.greenpeace.org\/italy\/wp-json\/wp\/v2\/pages\/27687","targetHints":{"allow":["GET"]}}],"collection":[{"href":"https:\/\/www.greenpeace.org\/italy\/wp-json\/wp\/v2\/pages"}],"about":[{"href":"https:\/\/www.greenpeace.org\/italy\/wp-json\/wp\/v2\/types\/page"}],"author":[{"embeddable":true,"href":"https:\/\/www.greenpeace.org\/italy\/wp-json\/wp\/v2\/users\/21"}],"replies":[{"embeddable":true,"href":"https:\/\/www.greenpeace.org\/italy\/wp-json\/wp\/v2\/comments?post=27687"}],"version-history":[{"count":4,"href":"https:\/\/www.greenpeace.org\/italy\/wp-json\/wp\/v2\/pages\/27687\/revisions"}],"predecessor-version":[{"id":28065,"href":"https:\/\/www.greenpeace.org\/italy\/wp-json\/wp\/v2\/pages\/27687\/revisions\/28065"}],"up":[{"embeddable":true,"href":"https:\/\/www.greenpeace.org\/italy\/wp-json\/wp\/v2\/pages\/9"}],"wp:featuredmedia":[{"embeddable":true,"href":"https:\/\/www.greenpeace.org\/italy\/wp-json\/wp\/v2\/media\/27677"}],"wp:attachment":[{"href":"https:\/\/www.greenpeace.org\/italy\/wp-json\/wp\/v2\/media?parent=27687"}],"wp:term":[{"taxonomy":"category","embeddable":true,"href":"https:\/\/www.greenpeace.org\/italy\/wp-json\/wp\/v2\/categories?post=27687"},{"taxonomy":"post_tag","embeddable":true,"href":"https:\/\/www.greenpeace.org\/italy\/wp-json\/wp\/v2\/tags?post=27687"}],"curies":[{"name":"wp","href":"https:\/\/api.w.org\/{rel}","templated":true}]}}