{"id":4150,"date":"2025-07-24T11:09:30","date_gmt":"2025-07-24T09:09:30","guid":{"rendered":"https:\/\/www.greenpeace.org\/italy\/?page_id=4150"},"modified":"2025-11-09T18:12:47","modified_gmt":"2025-11-09T17:12:47","slug":"petizioni","status":"publish","type":"page","link":"https:\/\/www.greenpeace.org\/italy\/privacy-policy\/petizioni\/","title":{"rendered":"Informativa &#8211; Petizioni e Newsletter"},"content":{"rendered":"<p><span style=\"font-weight: 400;\">Informativa ai sensi del Regolamento Europeo sulla Protezione dei Dati n. 679\/2016<\/span><\/p>\n<p><span style=\"font-weight: 400;\">Questa pagina descrive le modalit\u00e0 con cui Greenpeace &#8211; Ente del Terzo Settore, con sede in Via della Cordonata 7, 00187 Roma (RM), in qualit\u00e0 di Titolare del trattamento (di seguito \u201cGP\u201d e\/o \u201cTitolare\u201d), raccoglie e tratta \u2013 tramite sito <\/span><a href=\"https:\/\/www.greenpeace.org\/italy\/\"><span style=\"font-weight: 400;\">https:\/\/www.greenpeace.org\/italy\/<\/span><\/a><span style=\"font-weight: 400;\"> \u2013 i dati personali degli<\/span> <span style=\"font-weight: 400;\">interessati (di seguito \u201c<\/span><b>Utenti<\/b><span style=\"font-weight: 400;\">\u201d)<\/span> <span style=\"font-weight: 400;\">che interagiscono con le funzionalit\u00e0 del presente Sito per dar corso alla richiesta di aderire alla petizione o di diventare cyberattivista.\u00a0<\/span><\/p>\n<p><span style=\"font-weight: 400;\">L\u2019attenzione per la riservatezza, il carattere confidenziale e la protezione dei dati personali degli Utenti rappresentano un nostro preciso impegno; il trattamento dei dati personali avviene, pertanto, con la massima cura ed in conformit\u00e0 con le normative applicabili in materia di <\/span><i><span style=\"font-weight: 400;\">privacy<\/span><\/i><span style=\"font-weight: 400;\"> e sicurezza (Regolamento Generale sulla Protezione dei Dati UE 679\/2016, di seguito \u201c<\/span><b>GDPR<\/b><span style=\"font-weight: 400;\">\u201d e\/o \u201c<\/span><b>Regolamento<\/b><span style=\"font-weight: 400;\">\u201d; D.lgs. 196\/2003 e s.m.i.).<\/span><\/p>\n<p><b>1. Data Protection Officer<\/b><\/p>\n<p><span style=\"font-weight: 400;\">Il Titolare ha nominato un\u00a0Data\u00a0Protection\u00a0Officer (\u201c<\/span><b>DPO<\/b><span style=\"font-weight: 400;\">\u201d)\u00a0a garanzia della correttezza dei trattamenti effettuati;<\/span> <span style=\"font-weight: 400;\">Il DPO di Greenpeace \u00e8 contattabile al seguente indirizzo e-mail: <\/span><a href=\"mailto:dpo.it@greenpeace.org\"><span style=\"font-weight: 400;\">dpo.it@greenpeace.org<\/span><\/a><\/p>\n<p><b>2. Natura dei dati trattati<\/b><\/p>\n<p><span style=\"font-weight: 400;\">Potranno essere oggetto di trattamento:<\/span><\/p>\n<ol>\n<li style=\"font-weight: 400;\" aria-level=\"1\"><span style=\"font-weight: 400;\">Dati personali comuni (nome, cognome, e-mail, numero di telefono) eventualmente &#8211; e in ogni caso spontaneamente &#8211; forniti dagli Utenti quando questi interagiscono con le funzionalit\u00e0 del Sito.<\/span><\/li>\n<li style=\"font-weight: 400;\" aria-level=\"1\"><span style=\"font-weight: 400;\">Dati personali comuni raccolti tramite i cookie come specificato nella Cookie Policy.\u00a0<\/span><\/li>\n<li style=\"font-weight: 400;\" aria-level=\"1\"><span style=\"font-weight: 400;\">Dati di navigazione.<\/span><span style=\"font-weight: 400;\">\u00a0<\/span><\/li>\n<\/ol>\n<p><b>3. Finalit\u00e0 e base giuridica del trattamento.<\/b><\/p>\n<p><b>3.1.<\/b><span style=\"font-weight: 400;\">\u00a0<\/span><b>Sottoscrizione delle petizioni<\/b><\/p>\n<p><span style=\"font-weight: 400;\">I dati personali richiesti sono trattati per dar corso alla richiesta,<\/span> <span style=\"font-weight: 400;\">espressamente avanzata dall\u2019Utente, di aderire alla petizione o di iscriversi ad una newsletter. In tale contesto, il trattamento dei dati permette di documentare l\u2019adesione alle petizioni che saranno presentate,<\/span> <span style=\"font-weight: 400;\">successivamente, alle competenti istituzioni italiane, internazionali e sovranazionali per sollecitare interventi politici, diplomatici e legislativi.\u00a0 Tale trattamento si fonda sul consenso libero, specifico, informato ed inequivocabile dell\u2019Utente, espresso mediante azione positiva (click sul tasto \u201c<\/span><b>Firma ora<\/b><span style=\"font-weight: 400;\">\u201d).<\/span><\/p>\n<p><span style=\"font-weight: 400;\">Il conferimento dei dati \u00e8 facoltativo; tuttavia, il rifiuto a rilasciare i propri dati identificativi per tali finalit\u00e0 comporta l\u2019impossibilit\u00e0 per noi di gestire le richieste di sottoscrizione e successivamente documentare l\u2019adesione alla petizione.<\/span><span style=\"font-weight: 400;\">\u00a0\u00a0\u00a0<\/span><\/p>\n<p><b>3.2 Attivit\u00e0 promozionale<\/b><\/p>\n<p><span style=\"font-weight: 400;\">Come riportato nell\u2019elenco di cui sopra, i dati personali potranno essere trattati per fini diversi da quelli per i quali l\u2019Utente li ha rilasciati.<\/span><\/p>\n<p><span style=\"font-weight: 400;\">In particolare, i dati personali degli Utenti potranno essere oggetto di trattamento per attivit\u00e0 promozionali (punto 9) al fine di informare gli stessi in merito ad azioni, progetti, attivit\u00e0 e iniziative di raccolta fondi, nonch\u00e9 sondaggi e ricerche riservati a Utenti donatori e acquirenti di nostri prodotti solidali. Tale trattamento viene effettuato sulla base del \u201c<\/span><i><span style=\"font-weight: 400;\">legittimo interesse<\/span><\/i><span style=\"font-weight: 400;\">\u201d del Titolare (art. 6, par. 1, lettera f) del GDPR; Considerando 47<\/span><span style=\"font-weight: 400;\"> del GDPR; Opinion n. 6\/<\/span><span style=\"font-weight: 400;\">2014 del Working Party 29). Il legittimo interesse del Titolare risiede nel mantenere attivo il rapporto volontariamente instaurato dall\u2019Utente e nel dimostrare il proprio costante impegno nella realizzazione della propria missione. Tale legittimo interesse \u00e8 fondato (e controbilanciato dall\u2019interesse della persona) nella misura in cui \u2013 tramite le proprie azioni sul sito (es.: adesione a progetto, donazione) \u2013 l\u2019Utente abbia dimostrato di essere interessato e condividere le prospettive ed i principi di Greenpeace.\u00a0<\/span><\/p>\n<p><span style=\"font-weight: 400;\">Le comunicazioni promozionali saranno effettuate in considerazione degli interessi, preferenze e orientamenti degli Utenti sostenitori, manifestati in occasione dell\u2019interazione con GP attraverso la partecipazione alle diverse iniziative coerenti con la \u201c<\/span><i><span style=\"font-weight: 400;\">mission\u201d<\/span><\/i><span style=\"font-weight: 400;\"> dell\u2019Ente. Il trattamento per tali finalit\u00e0 si basa sul \u201c<\/span><i><span style=\"font-weight: 400;\">legittimo interesse<\/span><\/i><span style=\"font-weight: 400;\">\u201d del Titolare (art. 6, par. 1, lettera f) e Considerando 47<\/span><span style=\"font-weight: 400;\"> del GDPR; Opinion n. 6\/<\/span><span style=\"font-weight: 400;\">2014 del Working Party 29) ad intraprendere azioni di comunicazione e sensibilizzazione sociale, funzionali prevalentemente al reperimento di sostenitori (c.d. fundraising), attraverso operazioni all\u2019uopo necessarie e per ci\u00f2 stesso strumentalmente orientate alla promozione dei comportamenti donativi delle persone e degli enti.<\/span><\/p>\n<p><span style=\"font-weight: 400;\">Qualora l\u2019Utente non desideri che i propri dati siano oggetto del succitato trattamento pu\u00f2, in ogni momento, opporsi mediante: (i) l\u2019invio di una comunicazione al Titolare al seguente indirizzo e-mail: <\/span><a href=\"mailto:privacy.it@greenpeace.org\"><span style=\"font-weight: 400;\">privacy.it@greenpeace.org<\/span><\/a><span style=\"font-weight: 400;\">; (ii) click sul tasto \u201c<\/span><b>Annulla iscrizione<\/b><span style=\"font-weight: 400;\">\u201d presente in calce ad ogni comunicazione; di seguito, si aprir\u00e0 un <\/span><i><span style=\"font-weight: 400;\">link<\/span><\/i><span style=\"font-weight: 400;\"> al fine di confermare l\u2019opposizione al trattamento tramite click sul tasto \u201c<\/span><b>Desidero non ricevere pi\u00f9 alcuna comunicazione<\/b><span style=\"font-weight: 400;\">\u201d.\u00a0<\/span><\/p>\n<p><span style=\"font-weight: 400;\">Laddove il Titolare si trovasse nella necessit\u00e0 di condurre un\u2019attivit\u00e0 di profilazione attraverso l\u2019incrocio dei dati personali degli Utenti, ricavati da varie fonti e raccolti in altri contesti per finalit\u00e0 differenti, arrivando, in tal modo, a combinare grandi quantitativi di dati, il trattamento sar\u00e0 effettuato esclusivamente sulla base del consenso libero, specifico, informato ed inequivocabile dell\u2019Utente (art. 6, par. 1, lettera f) del GDPR), espresso mediante dichiarazione o azione positiva sul Sito.<\/span><\/p>\n<p><span style=\"font-weight: 400;\">In tale contesto, la revoca del consenso per la succitata finalit\u00e0 potr\u00e0 essere esercitata in qualsiasi momento &#8211; senza pregiudicare la liceit\u00e0 del trattamento fino a quel momento effettuato &#8211; mediante l\u2019invio di una comunicazione al Titolare al seguente indirizzo e-mail: <\/span><a href=\"mailto:privacy.it@greenpeace.org\"><span style=\"font-weight: 400;\">privacy.it@greenpeace.org<\/span><\/a><\/p>\n<p><span style=\"font-weight: 400;\">In ogni caso, Greenpeace non utilizzer\u00e0 i dati forniti per fini diversi da quelli connessi al servizio a cui l\u2019Utente abbia aderito, e, comunque, soltanto entro i limiti indicati di volta in volta nelle informazioni da fornire ai sensi dell\u2019art. 13 del GDPR.<\/span><\/p>\n<p><span style=\"font-weight: 400;\">Per maggiore dettaglio su termini, condizioni e modalit\u00e0 di trattamento dei dati, ti consigliamo di esaminare la Privacy Policy nella versione integrale, disponibile al seguente <\/span><i><span style=\"font-weight: 400;\">link<\/span><\/i><span style=\"font-weight: 400;\"> al fine di una attenta lettura, preliminare al conferimento stesso dei (tuoi) dati: [<\/span><a href=\"https:\/\/www.greenpeace.org\/italy\/privacy-policy\/\"><span style=\"font-weight: 400;\">https:\/\/www.greenpeace.org\/italy\/privacy-policy\/<\/span><\/a><span style=\"font-weight: 400;\"> ]<\/span><\/p>\n","protected":false},"excerpt":{"rendered":"<p>Informativa ai sensi del Regolamento Europeo sulla Protezione dei Dati n. 679\/2016 Questa pagina descrive le modalit\u00e0 con cui Greenpeace &#8211; Ente del Terzo Settore, con sede in Via della Cordonata 7, 00187 Roma (RM), in qualit\u00e0 di Titolare del trattamento (di seguito \u201cGP\u201d e\/o \u201cTitolare\u201d), raccoglie e tratta \u2013 tramite sito https:\/\/www.greenpeace.org\/italy\/ \u2013 i [&hellip;]<\/p>\n","protected":false},"author":21,"featured_media":26890,"parent":4141,"menu_order":0,"comment_status":"closed","ping_status":"closed","template":"","meta":{"ep_exclude_from_search":false,"p4_hide_page_title_checkbox":"","p4_title":"","p4_subtitle":"Informativa sul trattamento dei dati personali","p4_description":"","background_image_id":"","background_image":"","p4_button_title":"","p4_button_link":"","p4_button_link_checkbox":"","p4_og_title":"","p4_og_description":"","p4_og_image":"","p4_og_image_id":"","p4_seo_canonical_url":"","p4_campaign_name":"not set","p4_local_project":"not set","p4_basket_name":"not set","p4_department":"","footnotes":""},"categories":[],"tags":[],"class_list":["post-4150","page","type-page","status-publish","has-post-thumbnail","hentry"],"_links":{"self":[{"href":"https:\/\/www.greenpeace.org\/italy\/wp-json\/wp\/v2\/pages\/4150","targetHints":{"allow":["GET"]}}],"collection":[{"href":"https:\/\/www.greenpeace.org\/italy\/wp-json\/wp\/v2\/pages"}],"about":[{"href":"https:\/\/www.greenpeace.org\/italy\/wp-json\/wp\/v2\/types\/page"}],"author":[{"embeddable":true,"href":"https:\/\/www.greenpeace.org\/italy\/wp-json\/wp\/v2\/users\/21"}],"replies":[{"embeddable":true,"href":"https:\/\/www.greenpeace.org\/italy\/wp-json\/wp\/v2\/comments?post=4150"}],"version-history":[{"count":6,"href":"https:\/\/www.greenpeace.org\/italy\/wp-json\/wp\/v2\/pages\/4150\/revisions"}],"predecessor-version":[{"id":29356,"href":"https:\/\/www.greenpeace.org\/italy\/wp-json\/wp\/v2\/pages\/4150\/revisions\/29356"}],"up":[{"embeddable":true,"href":"https:\/\/www.greenpeace.org\/italy\/wp-json\/wp\/v2\/pages\/4141"}],"wp:featuredmedia":[{"embeddable":true,"href":"https:\/\/www.greenpeace.org\/italy\/wp-json\/wp\/v2\/media\/26890"}],"wp:attachment":[{"href":"https:\/\/www.greenpeace.org\/italy\/wp-json\/wp\/v2\/media?parent=4150"}],"wp:term":[{"taxonomy":"category","embeddable":true,"href":"https:\/\/www.greenpeace.org\/italy\/wp-json\/wp\/v2\/categories?post=4150"},{"taxonomy":"post_tag","embeddable":true,"href":"https:\/\/www.greenpeace.org\/italy\/wp-json\/wp\/v2\/tags?post=4150"}],"curies":[{"name":"wp","href":"https:\/\/api.w.org\/{rel}","templated":true}]}}