{"id":5612,"date":"2019-06-21T18:21:32","date_gmt":"2019-06-21T16:21:32","guid":{"rendered":"https:\/\/www.greenpeace.org\/italy\/?page_id=5612"},"modified":"2025-07-02T09:29:25","modified_gmt":"2025-07-02T07:29:25","slug":"le-foreste-stanno-svanendo","status":"publish","type":"page","link":"https:\/\/www.greenpeace.org\/italy\/attivati\/le-foreste-stanno-svanendo\/","title":{"rendered":"Le foreste stanno svanendo nel nulla"},"content":{"rendered":"\n<div class=\"wp-block-group is-vertical is-layout-flex wp-container-core-group-is-layout-8cf370e7 wp-block-group-is-layout-flex\">\n<div class=\"wp-block-buttons is-layout-flex wp-block-buttons-is-layout-flex\">\n<div class=\"wp-block-button\"><a class=\"wp-block-button__link wp-element-button\" href=\"https:\/\/attivati.greenpeace.it\/petizioni\/foreste-in-fumo\/?utm_source=greenpeace.org&amp;utm_medium=attivati&amp;utm_campaign=foreste&amp;utm_content=buttun-up\" target=\"_blank\" rel=\"noreferrer noopener\">\n                                    FIRMA LA PETIZIONE\n                                <\/a><\/div>\n<\/div>\n<\/div>\n\n<div class=\"wp-block-columns is-layout-flex wp-container-core-columns-is-layout-9d6595d7 wp-block-columns-is-layout-flex\">\n<div class=\"wp-block-column is-layout-flow wp-block-column-is-layout-flow\">\n<p><strong>L\u201988% della deforestazione del mondo \u00e8 causata dalla produzione intensiva di materie prime, soprattutto agricole<\/strong>: praticamente, cibo che divora le foreste.<\/p>\n\n\n\n<p>Soia, olio di palma, cacao, carne, caff\u00e8 sono i responsabili di una distruzione senza precedenti, ma altre minacce mettono in pericolo le foreste ogni giorno.<strong> La richiesta sempre pi\u00f9 crescente di cartone per gli imballaggi<\/strong>, trainata dagli e-commerce, e la <strong>produzione di mobili a basso costo<\/strong> stanno decimando le foreste in nome del profitto.<\/p>\n\n\n\n<p>Le foreste sono troppo importanti per il clima e la biodiversit\u00e0. Se vogliamo salvare il pianeta e noi stessi, dobbiamo proteggerle.<\/p>\n<\/div>\n\n\n\n<div class=\"wp-block-column is-layout-flow wp-block-column-is-layout-flow\">\n<figure class=\"wp-block-image\"><img loading=\"lazy\" decoding=\"async\" width=\"1200\" height=\"801\" src=\"https:\/\/www.greenpeace.org\/static\/planet4-italy-stateless\/2024\/02\/249e8b94-gp0stqfkj.jpg\" title=\" Jaguar (Panthera onca) in the Amazon. \u00a9 Valdemir Cunha\" alt=\" Jaguar (Panthera onca) in the Amazon. \u00a9 Valdemir Cunha\" class=\"wp-image-21932\" srcset=\"https:\/\/www.greenpeace.org\/static\/planet4-italy-stateless\/2024\/02\/249e8b94-gp0stqfkj.jpg 1200w, https:\/\/www.greenpeace.org\/static\/planet4-italy-stateless\/2024\/02\/249e8b94-gp0stqfkj-300x200.jpg 300w, https:\/\/www.greenpeace.org\/static\/planet4-italy-stateless\/2024\/02\/249e8b94-gp0stqfkj-1024x684.jpg 1024w, https:\/\/www.greenpeace.org\/static\/planet4-italy-stateless\/2024\/02\/249e8b94-gp0stqfkj-768x513.jpg 768w, https:\/\/www.greenpeace.org\/static\/planet4-italy-stateless\/2024\/02\/249e8b94-gp0stqfkj-510x340.jpg 510w\" sizes=\"auto, (max-width: 1200px) 100vw, 1200px\" \/><\/figure>\n<\/div>\n<\/div>\n<div data-render=\"planet4-blocks\/columns\" data-attributes=\"{&quot;attributes&quot;:{&quot;columns&quot;:[{&quot;title&quot;:&quot;Dall\\u2019Amazzonia ai Carpazi, le foreste finiscono in cenere&quot;,&quot;description&quot;:&quot;&lt;br&gt;Le foreste sono cruciali per la salute del pianeta, non solo perch\\u00e9 ospitano un&#039;enorme biodiversit\\u00e0 ma perch\\u00e9 aiutano a combattere il cambiamento climatico assorbendo anidride carbonica. Tuttavia la deforestazione, guidata dall&#039;avidit\\u00e0, &lt;strong&gt;sta devastando ecosistemi vitali come l&#039;Amazzonia, che nel luglio 2024 ha perso oltre 666 km\\u00b2 di superficie&lt;\\\/strong&gt;, con un aumento degli incendi del 98%. Anche in Europa, le foreste dei Carpazi sono in pericolo: ogni ora spariscono aree pari a cinque campi da calcio, con &lt;strong&gt;oltre il 50% delle foreste vetuste della Romania distrutte negli ultimi vent\\u2019anni&lt;\\\/strong&gt; a causa di aziende che sfruttano illegalmente il legno.&quot;,&quot;link_new_tab&quot;:false},{&quot;title&quot;:&quot;Le banche finanziano la deforestazione&quot;,&quot;description&quot;:&quot;&lt;br&gt;Il settore bancario e finanziario \\u00e8 uno dei principali responsabili della deforestazione. Dal 2015 &lt;strong&gt;milioni di dollari finiscono nelle mani di societ\\u00e0 come JBS, Cargill e Sinar Mas che distruggono le foreste per produrre prodotti come soia e olio di palma&lt;\\\/strong&gt;. Parliamo di societ\\u00e0 che hanno legami diretti o indiretti con i recenti casi di deforestazione in Sud America e nel Sud-Est asiatico. &lt;strong&gt;Anche banche italiane, come Unicredit e Intesa Sanpaolo, hanno sostenuto alcune di queste aziende con crediti e investimenti&lt;\\\/strong&gt;. \\u00c8 fondamentale che banche e istituti finanziari cambino le loro politiche di investimento: non si pu\\u00f2 finanziare la distruzione delle foreste!&quot;,&quot;link_new_tab&quot;:false}],&quot;className&quot;:&quot;is-style-no_image&quot;,&quot;columns_block_style&quot;:&quot;no_image&quot;}}\"><\/div><div data-hydrate=\"planet4-blocks\/gallery\" data-attributes=\"{&quot;attributes&quot;:{&quot;gallery_block_style&quot;:2,&quot;multiple_image&quot;:&quot;5613,25097,5615&quot;,&quot;gallery_block_focus_points&quot;:&quot;{\\&quot;5613\\&quot;:\\&quot;50% 50%\\&quot;,\\&quot;5615\\&quot;:\\&quot;13% 50%\\&quot;,\\&quot;25097\\&quot;:\\&quot;62% 50%\\&quot;}&quot;,&quot;image_data&quot;:[{&quot;url&quot;:&quot;https:\\\/\\\/www.greenpeace.org\\\/static\\\/planet4-italy-stateless\\\/2019\\\/06\\\/46da0508-gp0stooud.jpg&quot;,&quot;focalPoint&quot;:{&quot;x&quot;:0.5,&quot;y&quot;:0.5},&quot;id&quot;:5613},{&quot;url&quot;:&quot;https:\\\/\\\/www.greenpeace.org\\\/static\\\/planet4-italy-stateless\\\/2024\\\/10\\\/bf6bbd36-gp0stx6vh.jpg&quot;,&quot;focalPoint&quot;:{&quot;x&quot;:&quot;0.62&quot;,&quot;y&quot;:&quot;0.50&quot;},&quot;id&quot;:25097},{&quot;url&quot;:&quot;https:\\\/\\\/www.greenpeace.org\\\/static\\\/planet4-italy-stateless\\\/2019\\\/06\\\/d4ed4738-gp0stpoa1.jpg&quot;,&quot;focalPoint&quot;:{&quot;x&quot;:&quot;0.13&quot;,&quot;y&quot;:&quot;0.50&quot;},&quot;id&quot;:5615}],&quot;className&quot;:&quot;is-style-three-columns&quot;,&quot;gallery_block_title&quot;:&quot;&quot;,&quot;gallery_block_description&quot;:&quot;&quot;,&quot;images&quot;:[{&quot;image_src&quot;:&quot;https:\\\/\\\/www.greenpeace.org\\\/static\\\/planet4-italy-stateless\\\/2019\\\/06\\\/46da0508-gp0stooud-768x512.jpg&quot;,&quot;image_srcset&quot;:&quot;https:\\\/\\\/www.greenpeace.org\\\/static\\\/planet4-italy-stateless\\\/2019\\\/06\\\/46da0508-gp0stooud-768x512.jpg 768w, https:\\\/\\\/www.greenpeace.org\\\/static\\\/planet4-italy-stateless\\\/2019\\\/06\\\/46da0508-gp0stooud-300x200.jpg 300w, https:\\\/\\\/www.greenpeace.org\\\/static\\\/planet4-italy-stateless\\\/2019\\\/06\\\/46da0508-gp0stooud-1024x683.jpg 1024w, https:\\\/\\\/www.greenpeace.org\\\/static\\\/planet4-italy-stateless\\\/2019\\\/06\\\/46da0508-gp0stooud-510x340.jpg 510w, https:\\\/\\\/www.greenpeace.org\\\/static\\\/planet4-italy-stateless\\\/2019\\\/06\\\/46da0508-gp0stooud.jpg 1200w&quot;,&quot;image_sizes&quot;:&quot;(max-width: 768px) 100vw, 768px&quot;,&quot;alt_text&quot;:&quot;&quot;,&quot;caption&quot;:&quot;&quot;,&quot;focus_image&quot;:&quot;50% 50%&quot;,&quot;credits&quot;:&quot;&quot;},{&quot;image_src&quot;:&quot;https:\\\/\\\/www.greenpeace.org\\\/static\\\/planet4-italy-stateless\\\/2024\\\/10\\\/bf6bbd36-gp0stx6vh-768x512.jpg&quot;,&quot;image_srcset&quot;:&quot;https:\\\/\\\/www.greenpeace.org\\\/static\\\/planet4-italy-stateless\\\/2024\\\/10\\\/bf6bbd36-gp0stx6vh-768x512.jpg 768w, https:\\\/\\\/www.greenpeace.org\\\/static\\\/planet4-italy-stateless\\\/2024\\\/10\\\/bf6bbd36-gp0stx6vh-300x200.jpg 300w, https:\\\/\\\/www.greenpeace.org\\\/static\\\/planet4-italy-stateless\\\/2024\\\/10\\\/bf6bbd36-gp0stx6vh-1024x683.jpg 1024w, https:\\\/\\\/www.greenpeace.org\\\/static\\\/planet4-italy-stateless\\\/2024\\\/10\\\/bf6bbd36-gp0stx6vh-510x340.jpg 510w, https:\\\/\\\/www.greenpeace.org\\\/static\\\/planet4-italy-stateless\\\/2024\\\/10\\\/bf6bbd36-gp0stx6vh.jpg 1200w&quot;,&quot;image_sizes&quot;:&quot;(max-width: 768px) 100vw, 768px&quot;,&quot;alt_text&quot;:&quot;&quot;,&quot;caption&quot;:&quot;Cacao beans drying at the basketball court in Brgy. Tawan-Tawan, Baguio District, Davao City.&quot;,&quot;focus_image&quot;:&quot;62% 50%&quot;,&quot;credits&quot;:&quot;&quot;},{&quot;image_src&quot;:&quot;https:\\\/\\\/www.greenpeace.org\\\/static\\\/planet4-italy-stateless\\\/2019\\\/06\\\/d4ed4738-gp0stpoa1-768x512.jpg&quot;,&quot;image_srcset&quot;:&quot;https:\\\/\\\/www.greenpeace.org\\\/static\\\/planet4-italy-stateless\\\/2019\\\/06\\\/d4ed4738-gp0stpoa1-768x512.jpg 768w, https:\\\/\\\/www.greenpeace.org\\\/static\\\/planet4-italy-stateless\\\/2019\\\/06\\\/d4ed4738-gp0stpoa1-300x200.jpg 300w, https:\\\/\\\/www.greenpeace.org\\\/static\\\/planet4-italy-stateless\\\/2019\\\/06\\\/d4ed4738-gp0stpoa1-1024x683.jpg 1024w, https:\\\/\\\/www.greenpeace.org\\\/static\\\/planet4-italy-stateless\\\/2019\\\/06\\\/d4ed4738-gp0stpoa1-510x340.jpg 510w, https:\\\/\\\/www.greenpeace.org\\\/static\\\/planet4-italy-stateless\\\/2019\\\/06\\\/d4ed4738-gp0stpoa1.jpg 1200w&quot;,&quot;image_sizes&quot;:&quot;(max-width: 768px) 100vw, 768px&quot;,&quot;alt_text&quot;:&quot;&quot;,&quot;caption&quot;:&quot;&quot;,&quot;focus_image&quot;:&quot;13% 50%&quot;,&quot;credits&quot;:&quot;&quot;}]}}\"><section class=\"block split-three-column is-style-three-columns\"><\/section><\/div>\n<h2 class=\"wp-block-heading\">Nel 2025 abbiamo l\u2019opportunit\u00e0 di salvare davvero le foreste<\/h2>\n\n<p>La <strong>European Union Deforestation Regulation (EUDR)<\/strong>, in vigore dal 2023, mira a&nbsp;obbligare le aziende a dimostrare che i loro prodotti non contribuiscono alla distruzione delle foreste. Al momento la legge non si estende al comparto finanziario, che continua a erogare crediti e investimenti a societ\u00e0 complici della deforestazione. Inoltre la normativa<strong> copre solo sette materie prime e derivati<\/strong> (carne bovina, soia, caff\u00e8, cacao, olio di palma, gomma, legno\/cellulosa); e <strong>non protegge ecosistemi fondamentali <\/strong>come savane e zone umide.<\/p>\n\n<p>Malgrado le lacune, l&#8217;EUDR \u00e8 un testo ambizioso anche perch\u00e9 si inserisce in un quadro pi\u00f9 ampio di politiche dell&#8217;UE, come il <strong>Green Deal europeo<\/strong> e la <strong>Strategia dell&#8217;UE per la biodiversit\u00e0 2030<\/strong>.<\/p>\n\n<p><strong>Nel 2025 l&#8217;EUDR dovr\u00e0 essere adeguatamente implementato e sono previste delle revisioni che permetterebbero di migliorarlo e ampliario. Ma l&#8217;Italia rischia di rallentare il processo<\/strong>: il governo vorrebbe rinviare di un anno, sostenendo che le aziende non sono pronte per la tracciabilit\u00e0 richiesta e citando anche difficolt\u00e0 economiche. Questo ritardo sarebbe inaccettabile, perch\u00e9 l\u2019Italia, come gli altri Paesi membri, ha avuto un anno dl tempo per prepararsi. Il ritardo nell&#8217;attuazione dell&#8217;EUDR comprometterebbe la lotta contro la deforestazione: dobbiamo agire subito per proteggere le foreste, senza fare passi indietro!<\/p>\n<div data-render=\"planet4-blocks\/columns\" data-attributes=\"{&quot;attributes&quot;:{&quot;columns_block_style&quot;:&quot;tasks&quot;,&quot;columns_title&quot;:&quot;Cosa puoi fare tu&quot;,&quot;columns_description&quot;:&quot;Quando l\\u2019ultimo albero sar\\u00e0 stato abbattuto, sar\\u00e0 troppo tardi. Il conto alla rovescia verso l\\u2019estinzione \\u00e8 gi\\u00e0 cominciato: per rimettere indietro l\\u2019orologio ci serve il tuo aiuto!&quot;,&quot;columns&quot;:[{&quot;title&quot;:&quot;Firma la petizione&quot;,&quot;description&quot;:&quot;Chiedi con noi di proteggere le foreste e altri ecosistemi fondamentali come savane e zone umide. Fermiamo insieme la deforestazione!&quot;,&quot;cta_link&quot;:&quot;https:\\\/\\\/attivati.greenpeace.it\\\/petizioni\\\/foreste-in-fumo\\\/?utm_source=greenpeace.org&amp;utm_medium=attivati&amp;utm_campaign=foreste&amp;utm_content=buttun-down&quot;,&quot;cta_text&quot;:&quot;Firma ora&quot;,&quot;link_new_tab&quot;:true},{&quot;title&quot;:&quot;Aiutaci a proteggere le foreste&quot;,&quot;description&quot;:&quot;La tua donazione regolare pu\\u00f2 aiutarci a fare pressione sui governi affinch\\u00e9 adottino normative pi\\u00f9 stringenti e concrete per proteggere le foreste. La deforestazione va fermata adesso!&quot;,&quot;cta_link&quot;:&quot;https:\\\/\\\/donazione.greenpeace.it\\\/salva-la-tigre\\\/~mia-donazione&quot;,&quot;cta_text&quot;:&quot;Dona ora&quot;,&quot;link_new_tab&quot;:true},{&quot;title&quot;:&quot;Segui le nostre indagini&quot;,&quot;description&quot;:&quot;Sapevi che le banche europee hanno erogato oltre 250 miliardi di euro a imprese che mettono a rischio le foreste e altri ecosistemi naturali?&quot;,&quot;cta_link&quot;:&quot;https:\\\/\\\/www.greenpeace.org\\\/italy\\\/rapporto\\\/22617\\\/come-lue-finanzia-la-distruzione-degli-ecosistemi-naturali\\\/&quot;,&quot;cta_text&quot;:&quot;Leggi il report&quot;,&quot;link_new_tab&quot;:false}],&quot;className&quot;:&quot;is-style-tasks&quot;}}\"><\/div>\n<div style=\"height:100px\" aria-hidden=\"true\" class=\"wp-block-spacer\"><\/div>\n","protected":false},"excerpt":{"rendered":"<p>Le foreste, vitali per il clima e la biodiversit\u00e0, stanno scomparendo. Se vogliamo proteggere il pianeta e noi stessi, dobbiamo fermare la deforestazione. <\/p>\n","protected":false},"author":33,"featured_media":5617,"parent":9,"menu_order":0,"comment_status":"closed","ping_status":"closed","template":"","meta":{"ep_exclude_from_search":false,"p4_hide_page_title_checkbox":"","p4_title":"","p4_subtitle":"","p4_description":"","background_image_id":"","background_image":"","p4_button_title":"","p4_button_link":"","p4_button_link_checkbox":"","p4_og_title":"Le foreste stanno svanendo nel nulla","p4_og_description":"Le foreste, vitali per il clima e la biodiversit\u00e0, stanno scomparendo. Se vogliamo proteggere il pianeta e noi stessi, dobbiamo fermare la deforestazione. ","p4_og_image":"https:\/\/www.greenpeace.org\/static\/planet4-italy-stateless\/2024\/02\/249e8b94-gp0stqfkj.jpg","p4_og_image_id":"21932","p4_seo_canonical_url":"","p4_campaign_name":"not set","p4_local_project":"not set","p4_basket_name":"not set","p4_department":"","footnotes":""},"categories":[20,17,24],"tags":[22,25,26,27,36],"class_list":["post-5612","page","type-page","status-publish","has-post-thumbnail","hentry","category-denuncia","category-proteggi","category-scegli","tag-biodiversita","tag-consumi","tag-cibo","tag-agricoltura","tag-foreste"],"_links":{"self":[{"href":"https:\/\/www.greenpeace.org\/italy\/wp-json\/wp\/v2\/pages\/5612","targetHints":{"allow":["GET"]}}],"collection":[{"href":"https:\/\/www.greenpeace.org\/italy\/wp-json\/wp\/v2\/pages"}],"about":[{"href":"https:\/\/www.greenpeace.org\/italy\/wp-json\/wp\/v2\/types\/page"}],"author":[{"embeddable":true,"href":"https:\/\/www.greenpeace.org\/italy\/wp-json\/wp\/v2\/users\/33"}],"replies":[{"embeddable":true,"href":"https:\/\/www.greenpeace.org\/italy\/wp-json\/wp\/v2\/comments?post=5612"}],"version-history":[{"count":19,"href":"https:\/\/www.greenpeace.org\/italy\/wp-json\/wp\/v2\/pages\/5612\/revisions"}],"predecessor-version":[{"id":28198,"href":"https:\/\/www.greenpeace.org\/italy\/wp-json\/wp\/v2\/pages\/5612\/revisions\/28198"}],"up":[{"embeddable":true,"href":"https:\/\/www.greenpeace.org\/italy\/wp-json\/wp\/v2\/pages\/9"}],"wp:featuredmedia":[{"embeddable":true,"href":"https:\/\/www.greenpeace.org\/italy\/wp-json\/wp\/v2\/media\/5617"}],"wp:attachment":[{"href":"https:\/\/www.greenpeace.org\/italy\/wp-json\/wp\/v2\/media?parent=5612"}],"wp:term":[{"taxonomy":"category","embeddable":true,"href":"https:\/\/www.greenpeace.org\/italy\/wp-json\/wp\/v2\/categories?post=5612"},{"taxonomy":"post_tag","embeddable":true,"href":"https:\/\/www.greenpeace.org\/italy\/wp-json\/wp\/v2\/tags?post=5612"}],"curies":[{"name":"wp","href":"https:\/\/api.w.org\/{rel}","templated":true}]}}