{"id":5792,"date":"2019-07-15T10:48:26","date_gmt":"2019-07-15T08:48:26","guid":{"rendered":"https:\/\/www.greenpeace.org\/italy\/?page_id=5792"},"modified":"2019-11-06T09:51:44","modified_gmt":"2019-11-06T08:51:44","slug":"plastic-radar","status":"publish","type":"page","link":"https:\/\/www.greenpeace.org\/italy\/privacy-policy\/plastic-radar\/","title":{"rendered":"Plastic Radar"},"content":{"rendered":"<p><strong><u>Informativa sul trattamento dei dati personali ai sensi dell\u2019art. 13 del Regolamento (UE) n. 2016\/679<\/u><\/strong><\/p>\n<p><strong><u>Campagna \u201cPlastic Radar\u201d<\/u><\/strong><\/p>\n<p>&nbsp;<\/p>\n<p>Ai sensi dell\u2019art. 13 del Regolamento (UE) n. 2016\/679, anche denominato General Data Protection Regulation (di seguito il \u201c<strong>GDPR<\/strong>\u201d), Greenpeace Onlus La informa che i Suoi dati personali (di seguito i \u201c<strong>Dati<\/strong>\u201d), saranno trattati nel rispetto di quanto previsto dal GDPR e di ogni normativa applicabile in riferimento al trattamento dei dati personali in conformit\u00e0 alle informazioni che seguono.<\/p>\n<p>&nbsp;<\/p>\n<ol>\n<li><strong>Titolare del trattamento. Responsabile della protezione dei Dati.<\/strong><\/li>\n<\/ol>\n<p>Il titolare del trattamento dei dati \u00e8 Greenpeace Onlus, con sede legale in Via della Cordonata 7, 00187 Roma (di seguito il \u201c<strong>Titolare<\/strong>\u201d). Il Responsabile della protezione dei Dati \u00e8 contattabile all\u2019e-mail <a href=\"mailto:dpo.it@greenpeace.org\">dpo.it@greenpeace.org<\/a>, per informazioni sul trattamento dei Dati.<\/p>\n<p>&nbsp;<\/p>\n<ol start=\"2\">\n<li><strong>Fonte e categorie di Dati<\/strong><\/li>\n<\/ol>\n<p>I Dati trattati dal Titolare includono: (i) recapiti di contatto (telefono cellulare acquisito tramite WhatsApp) e sono raccolti direttamente presso l\u2019interessato.<\/p>\n<p>&nbsp;<\/p>\n<ol start=\"3\">\n<li><strong>Finalit\u00e0 e base giuridica del trattamento. <\/strong><\/li>\n<\/ol>\n<p><b>3.1.<\/b>\u00a0Ai sensi dell\u2019art.\u00a06, comma 1, lettera b) del GDPR, i Dati saranno trattati per dar corso alla richiesta di aderire all\u2019iniziativa denominata \u201cPlastic Radar\u201d e comunicazioni sulla campagna e sue evoluzioni, a cadenza periodica (mediamente mensile), tramite WhatsApp, sino alla conclusione della campagna stessa.<\/p>\n<p><strong>3.2.<\/strong> Ai sensi dell\u2019art. 6, comma 1, lettera f del GDPR, nonch\u00e9 in conformit\u00e0 a quanto disposto dal considerando n. 47 dal GDPR e all\u2019Opinion n. 6\/2014 Article 29 Data Protection Working Party, par. III.3.1, i Dati saranno trattati in base al principio del \u201c<em>legittimo interesse<\/em>\u201d dal Titolare, in riferimento a:<\/p>\n<ol>\n<li>comunicazioni di natura commerciale e promozionale relative a progetti, attivit\u00e0 e iniziative di raccolta fondi, nonch\u00e9 sondaggi e ricerche riservati alle persone che condividono, con la loro azione, i principi istituzionali del Titolare. Per la precisione, il legittimo interesse del Titolare sta nel mantenere attivo il rapporto volontariamente instaurato dalla persona e informare la medesima sulla propria attivit\u00e0 e, in particolare, sulle azioni di sensibilizzazione che il Titolare ritiene utile far conoscere per dimostrare il proprio costante impegno nella realizzazione della propria missione e su quali progetti sta lavorando e per i quali ha necessit\u00e0 di essere finanziato con contributi economici per la loro concreta realizzazione. Tale legittimo interesse \u00e8 controbilanciato dalle aspettative dell\u2019interessato a ricevere contatti dal Titolare, poich\u00e9 \u2013 partecipando all\u2019azione di protesta \u2013 ha gi\u00e0 manifestato condivisione dei principi del Titolare, per essere informato su altre iniziative, anche di raccolta di fondi e sondaggi, a cui, se lo desidera, potr\u00e0 aderire.<\/li>\n<\/ol>\n<p>&nbsp;<\/p>\n<ol start=\"4\">\n<li><strong>Modalit\u00e0 del trattamento.<\/strong><\/li>\n<\/ol>\n<p><strong>4.1. <\/strong>I Suoi Dati sono raccolti e registrati in modo lecito e secondo correttezza per le finalit\u00e0 sopra indicate e sono trattati anche con l\u2019ausilio di strumenti elettronici e automatizzati, anche mediante l\u2019inserimento e l\u2019organizzazione in archivi, in conformit\u00e0 a quanto disposto dal GDPR in materia di misure di sicurezza, e, comunque, in modo tale da garantire la sicurezza, l\u2019integrit\u00e0, la disponibilit\u00e0 e la riservatezza dei Dati stessi.<\/p>\n<p>Le finalit\u00e0 di trattamento di cui al punto 3 saranno perseguite attraverso strumenti di comunicazione elettronica (telefono cellulare, Sms, tramite servizio WhatsApp) conferiti all\u2019atto dell\u2019adesione alla campagna.<\/p>\n<p><strong>4.2. <\/strong>I Dati acquisiti saranno trattati per le finalit\u00e0 di cui al punto 3.2. soltanto previa applicazione delle norme di cui alla legge 05\/2018: se iscritto al \u201cRegistro Pubblico delle Opposizioni\u201d, il numero di telefono non sar\u00e0 utilizzato a tali fini, fatto salvo successivo consenso espresso direttamente al Titolare per tali contatti attraverso forme di comunicazione telefonica vocale.<\/p>\n<p>&nbsp;<\/p>\n<ol start=\"5\">\n<li><strong>Destinatari o categorie di destinatari.<\/strong><\/li>\n<\/ol>\n<p>I Dati saranno trattati anche dai responsabili esterni preposti a servizi connessi alle finalit\u00e0 di cui al punto 3. e il cui elenco dettagliato \u00e8 richiedibile al Titolare all\u2019indirizzo email <a href=\"mailto:privacy.it@greenpeace.org\">privacy.it@greenpeace.org<\/a>. I Dati potranno anche essere comunicati a soggetti terzi, autonomi titolari del trattamento, per fini strumentali alla gestione delle azioni di protesta, quali:<\/p>\n<ol>\n<li>soggetti pubblici o privati e, in particolare, agli enti istituzionali competenti per sollecitare interventi legislativi o per sensibilizzarli rispetto al tema dell\u2019azione di protesta<\/li>\n<li>soggetti contro cui l\u2019azione di protesta \u00e8 indirizzata per sollevare la loro attenzione.<\/li>\n<\/ol>\n<p>Le persone autorizzate al trattamento dei Dati sono i preposti alle attivit\u00e0 istituzionali, all\u2019organizzazione delle campagne di protesta, alla organizzazione di progetti e iniziative, eventi e raccolta fondi, al call centre, ai sistemi informativi e di sicurezza dei dati.<\/p>\n<p>I Dati saranno anonimizzati e pubblicati sul sito per dimostrare la numerosit\u00e0 degli aderenti alla campagna. Per la precisione saranno pubblicati i numeri di telefono acquisiti a seguito dell\u2019adesione dell\u2019utente, depurati da cifre che consentono, direttamente o indirettamente, di risalire alla totalit\u00e0 delle cifre stesse del numero di telefono cellulare e, dunque, all\u2019identit\u00e0 dell\u2019interessato cui si riferiscono.<\/p>\n<p>&nbsp;<\/p>\n<ol start=\"6\">\n<li><strong>Trasferimento dei Dati all\u2019estero<\/strong><\/li>\n<\/ol>\n<p>Per trattamenti strumentali alla gestione della banca dati in cui sono registrati i Dati degli aderenti alle nostre azioni, i Dati potranno essere trasferiti verso Paesi terzi (extra-UE). In tal caso, il trasferimento avverr\u00e0 adottando le clausole contrattuali prescritte dalla decisione del 5 febbraio 2010 della Commissione Europea, nonch\u00e9 in modo da fornire garanzie appropriate e opportune ai sensi degli artt. 46 o 47 o 49 del GDPR.<\/p>\n<p><strong>\u00a0<\/strong><\/p>\n<ol start=\"7\">\n<li><strong>Periodo di conservazione.<\/strong><\/li>\n<\/ol>\n<p><strong>7.1.<\/strong> Per le finalit\u00e0 di dar corso alla richiesta di adesione alla campagna (finalit\u00e0 di cui al punto 3.1) i Dati saranno conservati per il periodo della totalit\u00e0 dell\u2019iniziativa stessa e, comunque, per il tempo strettamente necessario al perseguimento dell\u2019interesse legittimo del Titolare nel caso di far valere o difendere un diritto in sede giudiziaria o altrimenti disposto da forze dell\u2019ordine, magistratura e organi di controllo per loro attivit\u00e0 istituzionali.<\/p>\n<p><strong>7.2.<\/strong> I Dati trattati per le finalit\u00e0 al punto 3.2. saranno conservati negli archivi del Titolare per il periodo necessario a mantenere costante il rapporto instaurato con l\u2019interessato e informandolo su progetti, proposte di sostegno economico o sulle azioni di sensibilizzazione che il Titolare ritiene utile far conoscere per dimostrare il proprio costante impegno nella realizzazione della propria missione, permettendo al Titolare di proseguire, legittimamente, la propria attivit\u00e0 istituzionale fintanto che si ritiene la persona sia interessata alla missione del Titolare. La conservazione verr\u00e0 meno se l\u2019interessato manifesta opposizione in qualsiasi momento al trattamento dei Dati che lo riguardano effettuato a fini di marketing diretto.<\/p>\n<p>&nbsp;<\/p>\n<ol start=\"8\">\n<li><strong>Diritti di accesso, cancellazione, limitazione e portabilit\u00e0.<\/strong><\/li>\n<\/ol>\n<p>Il Titolare La informa che Le sono riconosciuti i diritti di cui agli artt. da 15 a 20 del GDPR. A titolo esemplificativo, inviando specifica richiesta all\u2019indirizzo email <a href=\"mailto:privacy.it@greenpeace.org\">privacy.it@greenpeace.org<\/a>, Lei potr\u00e0:<\/p>\n<ol>\n<li>ottenere la conferma che sia o meno in corso un trattamento di dati personali che La riguardano;<\/li>\n<li>qualora un trattamento sia in corso, ottenere l\u2019accesso ai dati e alle informazioni relative al trattamento, nonch\u00e9 richiedere una copia dei dati stessi;<\/li>\n<li>ottenere la rettifica dei dati inesatti e l\u2019integrazione dei dati personali incompleti;<\/li>\n<li>ottenere, qualora sussista una delle condizioni previste dall\u2019art. 17 del GDPR, la cancellazione dei Dati che La riguardano;<\/li>\n<li>ottenere, nei casi previsti dall\u2019art. 18 del GDPR, la limitazione del trattamento dei Dati che La riguardano;<\/li>\n<li>ricevere i Dati che La riguardano in un formato strutturato, di uso comune e leggibile da dispositivo automatico e richiedere la loro trasmissione ad un altro titolare, se tecnicamente fattibile.<\/li>\n<\/ol>\n<p>&nbsp;<\/p>\n<ol start=\"9\">\n<li><strong>Diritto di opposizione. <\/strong><\/li>\n<\/ol>\n<p>Ai sensi dell\u2019art. 21 del GDPR, Lei godr\u00e0 altres\u00ec del diritto di opporsi in qualsiasi momento al trattamento dei propri Dati per motivi legittimi o effettuato per scopi informativi, istituzionali e promozionali.<\/p>\n<p>Tali diritti possono essere avanzati al Titolare scrivendo all\u2019indirizzo e-mail <a href=\"mailto:privacy.it@greenpeace.org\">privacy.it@greenpeace.org<\/a>. In caso di opposizione, i Dati non saranno pi\u00f9 oggetto di trattamento, sempre che non sussistano motivi legittimi per procedere al trattamento che prevalgono sugli interessi, sui diritti e sulle libert\u00e0 degli interessati, oppure per l\u2019accertamento, l\u2019esercizio o la difesa di un diritto in sede giudiziaria.<\/p>\n<p>&nbsp;<\/p>\n<ol start=\"10\">\n<li><strong>Tempi di risposta ai diritti dell\u2019interessato.<\/strong><\/li>\n<\/ol>\n<p>Come stabilito dal GDPR, il Titolare risponder\u00e0 entro un mese dalla richiesta, a meno che si debbano mettere in atto procedure complesse (o le richieste siano numerose) che non permettono di rispettare questo tempo. \u00c8 ammesso un ulteriore differimento di due mesi dalla richiesta, ma si \u00e8 obbligati a darne notizia comunque entro un mese dalla richiesta originariamente trasmessa (art. 12, comma 3, GDPR).<\/p>\n<p>&nbsp;<\/p>\n<ol start=\"11\">\n<li><strong>Diritto di proporre reclamo al Garante.<\/strong><\/li>\n<\/ol>\n<p>Il Titolare La informa altres\u00ec che potr\u00e0 proporre reclamo al Garante per la Protezione dei Dati Personali nel caso in cui ritenga che siano stati violati i diritti di cui \u00e8 titolare ai sensi del GDPR o di qualsiasi altra normativa applicabile secondo le modalit\u00e0 indicate sul sito internet del Garante per la Protezione dei Dati Personali accessibile all\u2019indirizzo: <a href=\"http:\/\/www.garanteprivacy.it\">www.garanteprivacy.it<\/a>.<\/p>\n","protected":false},"excerpt":{"rendered":"<p>Informativa sul trattamento dei dati personali ai sensi dell\u2019art. 13 del Regolamento (UE) n. 2016\/679 Campagna \u201cPlastic Radar\u201d &nbsp; Ai sensi dell\u2019art. 13 del Regolamento (UE) n. 2016\/679, anche denominato General Data Protection Regulation (di seguito il \u201cGDPR\u201d), Greenpeace Onlus La informa che i Suoi dati personali (di seguito i \u201cDati\u201d), saranno trattati nel rispetto [&hellip;]<\/p>\n","protected":false},"author":21,"featured_media":0,"parent":4141,"menu_order":0,"comment_status":"closed","ping_status":"closed","template":"","meta":{"ep_exclude_from_search":false,"p4_hide_page_title_checkbox":"","p4_title":"","p4_subtitle":"","p4_description":"","background_image_id":"","background_image":"","p4_button_title":"","p4_button_link":"","p4_button_link_checkbox":"","p4_og_title":"","p4_og_description":"","p4_og_image":"","p4_og_image_id":"","p4_seo_canonical_url":"","p4_campaign_name":"not set","p4_local_project":"","p4_basket_name":"not set","p4_department":"","footnotes":""},"categories":[],"tags":[],"class_list":["post-5792","page","type-page","status-publish","hentry"],"_links":{"self":[{"href":"https:\/\/www.greenpeace.org\/italy\/wp-json\/wp\/v2\/pages\/5792","targetHints":{"allow":["GET"]}}],"collection":[{"href":"https:\/\/www.greenpeace.org\/italy\/wp-json\/wp\/v2\/pages"}],"about":[{"href":"https:\/\/www.greenpeace.org\/italy\/wp-json\/wp\/v2\/types\/page"}],"author":[{"embeddable":true,"href":"https:\/\/www.greenpeace.org\/italy\/wp-json\/wp\/v2\/users\/21"}],"replies":[{"embeddable":true,"href":"https:\/\/www.greenpeace.org\/italy\/wp-json\/wp\/v2\/comments?post=5792"}],"version-history":[{"count":2,"href":"https:\/\/www.greenpeace.org\/italy\/wp-json\/wp\/v2\/pages\/5792\/revisions"}],"predecessor-version":[{"id":5824,"href":"https:\/\/www.greenpeace.org\/italy\/wp-json\/wp\/v2\/pages\/5792\/revisions\/5824"}],"up":[{"embeddable":true,"href":"https:\/\/www.greenpeace.org\/italy\/wp-json\/wp\/v2\/pages\/4141"}],"wp:attachment":[{"href":"https:\/\/www.greenpeace.org\/italy\/wp-json\/wp\/v2\/media?parent=5792"}],"wp:term":[{"taxonomy":"category","embeddable":true,"href":"https:\/\/www.greenpeace.org\/italy\/wp-json\/wp\/v2\/categories?post=5792"},{"taxonomy":"post_tag","embeddable":true,"href":"https:\/\/www.greenpeace.org\/italy\/wp-json\/wp\/v2\/tags?post=5792"}],"curies":[{"name":"wp","href":"https:\/\/api.w.org\/{rel}","templated":true}]}}