{"id":1038,"date":"2018-09-21T13:44:09","date_gmt":"2018-09-21T13:44:09","guid":{"rendered":"https:\/\/www.greenpeace.org\/luxembourg\/?page_id=1038"},"modified":"2026-04-08T11:03:53","modified_gmt":"2026-04-08T09:03:53","slug":"spenden-und-steuerbescheinigung","status":"publish","type":"page","link":"https:\/\/www.greenpeace.org\/luxembourg\/de\/spenden-und-steuerbescheinigung\/","title":{"rendered":"Spenden und Steuerbescheinigung"},"content":{"rendered":"\n                    <div class=\"wp-block-group is-vertical is-layout-flex wp-container-core-group-is-layout-8cf370e7 wp-block-group-is-layout-flex\">\n                    \n                                <p>Spenden bietet Vorteile: Nach dem geltenden Recht sind Ihre Spenden steuerlich abzugsf\u00e4hig bis zu 20% des steuerpflichtigen Einkommens und in dem Ausma\u00df, in dem der Betrag der w\u00e4hrend eines Jahres gezahlten Spenden 120 \u20ac \u00fcbersteigt (kumulative Spenden ). <a href=\"http:\/\/www.impotsdirects.public.lu\/az\/l\/libera_dons\/index.html#releve\">Erfahren Sie mehr<\/a>.\r\nZu Beginn des Jahres wird eine Steuerbescheinigung ausgestellt, die alle Ihre j\u00e4hrlichen Zahlungen enth\u00e4lt (einmalige und regelm\u00e4\u00dfige).\r\n\r\n<strong>Grenz\u00fcberschreitende Spenden: meine Spende aus Frankreich, Belgien oder Deutschland.<\/strong>\r\n\r\nAusl\u00e4ndische Arbeitnehmer oder Ausl\u00e4nder mit einer Verbindung nach Luxemburg k\u00f6nnen ebenfalls von der steuerlichen Abzugsf\u00e4higkeit von Spenden,die in Luxemburg get\u00e4tigt werden, in dem steuerlichen Rahmen ihres Landes, profitieren.<\/p>\n                            \n\n                    \n                            <div class=\"wp-block-buttons is-layout-flex wp-block-buttons-is-layout-flex\">\n                            <div class=\"wp-block-button\">\n                                <a class=\"wp-block-button__link wp-element-button\" href=\"https:\/\/www.greenpeace.org\/luxembourg\/de\/finanzielle-transparenz\/\" target=\"\" rel=\"noreferrer noopener\">\n                                    Finanzielle Transparenz\n                                <\/a>\n                            <\/div>\n                            <\/div>\n                            \n                    <\/div>\n                    \n        <div class=\"wp-block-query actions-list p4-query-loop is-custom-layout-actions-list is-custom-layout-grid is-layout-grid wp-container-core-query-is-layout-29f43435 wp-block-query-is-layout-grid\"><h2 class=\"wp-block-heading\"><\/h2>\n        <p style=\"margin-top: 24px; margin-bottom: 32px;\"><\/p>\n        <div class=\"wp-block-query-no-results\">\n        <p >No posts found.<\/p>\n        <\/div>\n        \n        \n<div class=\"wp-block-buttons carousel-controls is-horizontal is-content-justification-space-between is-nowrap is-layout-flex wp-container-core-buttons-is-layout-044bd602 wp-block-buttons-is-layout-flex\">\n            <div class=\"wp-block-button carousel-control-prev\"><button type=\"button\" class=\"wp-block-button__link wp-element-button\">Prev<\/button><\/div>\n        \n\n            <div class=\"wp-block-button carousel-control-next\"><button type=\"button\" class=\"wp-block-button__link wp-element-button\">Next<\/button><\/div>\n        <\/div>\n\n        \n<div class=\"wp-block-buttons load-more-actions-container is-content-justification-center is-layout-flex wp-container-core-buttons-is-layout-16018d1d wp-block-buttons-is-layout-flex\">\n                <div class=\"wp-block-button is-style-secondary\"><button type=\"button\" class=\"wp-block-button__link wp-element-button\">Load more<\/button><\/div>\n            \n<\/div>\n<\/div>\n        <p>Ben\u00f6tigen Sie noch weitere Informationen, bevor Sie Greenpeace unterst\u00fctzen wollen? Unser Mitgliederservice steht Ihnen von Mo-Fr von 9 bis 17 Uhr unter folgender Nummer f\u00fcr jegliche Fragen zu Verf\u00fcgung: (+352) 54 62 52 29 . Sie k\u00f6nnen uns Ihre Fragen auch auf <a href=\"mailto:membres.lu@greenpeace.org\">membres.lu@greenpeace.org<\/a> schicken.<\/p>\n<div data-render=\"planet4-blocks\/columns\" data-attributes=\"{&quot;attributes&quot;:{&quot;columns_block_style&quot;:&quot;icons&quot;,&quot;columns_title&quot;:&quot;Ihre Spenden unterst\\u00fctzen unsere Aktionen&quot;,&quot;columns&quot;:[{&quot;title&quot;:&quot;Natur&quot;,&quot;description&quot;:&quot;Der Schutz der Natur als Ganzes bedeutet die Ozeane, Flora, Fauna und die Biodiversit\\u00e4t vor menschlichen Eingriffen wie \\u00dcberfischung, Entwaldung und Monokulturen sch\\u00fctzen. Dies ist m\\u00f6glich dank Ihrer Spenden!&quot;,&quot;attachment&quot;:&quot;https:\\\/\\\/www.greenpeace.org\\\/static\\\/planet4-luxembourg-stateless\\\/2019\\\/07\\\/e988105e-nature-icon.png&quot;,&quot;cta_link&quot;:&quot;https:\\\/\\\/www.greenpeace.org\\\/luxembourg\\\/de\\\/sich-informieren\\\/natur\\\/&quot;,&quot;cta_text&quot;:&quot;Unsere Vision&quot;,&quot;attachment_srcset&quot;:false},{&quot;title&quot;:&quot;Energie&quot;,&quot;description&quot;:&quot;Atom, Gas, \\u00d6l ... diese veralteten Energiequellen sind gef\\u00e4hrlich oder umweltverschmutzend oder sogar beides. Dank Ihrer Spenden arbeiten wir mit Regierungen und der \\u00d6ffentlichkeit zusammen, um eine Energiewende zu f\\u00f6rdern.&quot;,&quot;attachment&quot;:&quot;https:\\\/\\\/www.greenpeace.org\\\/static\\\/planet4-luxembourg-stateless\\\/2019\\\/07\\\/5178f705-energy-icon.png&quot;,&quot;cta_link&quot;:&quot;Unsere Vision&quot;,&quot;cta_text&quot;:&quot;https:\\\/\\\/www.greenpeace.org\\\/luxembourg\\\/de\\\/sich-informieren\\\/energie\\\/&quot;,&quot;attachment_srcset&quot;:false},{&quot;title&quot;:&quot;Klima&quot;,&quot;description&quot;:&quot;Dem Klimawandel den Kampf ansagen: Dies ist eine wesentliche Herausforderung, der wir uns stellen wollen. Und wir z\\u00e4hlen auf Ihre Unterst\\u00fctzung, um unser Handeln zu st\\u00e4rken.&quot;,&quot;attachment&quot;:&quot;https:\\\/\\\/www.greenpeace.org\\\/static\\\/planet4-luxembourg-stateless\\\/2019\\\/07\\\/5ab70ecf-climate-icon.png&quot;,&quot;cta_link&quot;:&quot;https:\\\/\\\/www.greenpeace.org\\\/luxembourg\\\/de\\\/sich-informieren\\\/klima\\\/&quot;,&quot;cta_text&quot;:&quot;Unsere Vision&quot;,&quot;attachment_srcset&quot;:false}]}}\"><\/div><p>&nbsp;<\/p>\n","protected":false},"excerpt":{"rendered":"<p>Spenden bietet Vorteile: Nach dem geltenden Recht sind Ihre Spenden steuerlich abzugsf\u00e4hig bis zu 20% des steuerpflichtigen Einkommens und in dem Ausma\u00df, in dem der Betrag der w\u00e4hrend eines Jahres gezahlten Spenden 120 \u20ac \u00fcbersteigt (kumulative Spenden ). Erfahren Sie mehr. Zu Beginn des Jahres wird eine Steuerbescheinigung ausgestellt, die alle Ihre j\u00e4hrlichen Zahlungen enth\u00e4lt [&hellip;]<\/p>\n","protected":false},"author":16,"featured_media":1040,"parent":0,"menu_order":0,"comment_status":"closed","ping_status":"closed","template":"","meta":{"ep_exclude_from_search":false,"p4_hide_page_title_checkbox":"","p4_title":"","p4_subtitle":"","p4_description":"","background_image_id":"","background_image":"","p4_button_title":"","p4_button_link":"","p4_button_link_checkbox":"","p4_og_title":"","p4_og_description":"","p4_og_image":"","p4_og_image_id":"","p4_seo_canonical_url":"","p4_campaign_name":"not set","p4_local_project":"","p4_basket_name":"not set","p4_department":"","footnotes":""},"categories":[17],"tags":[],"class_list":["post-1038","page","type-page","status-publish","has-post-thumbnail","hentry","category-greenpeace"],"yoast_head":"<!-- This site is optimized with the Yoast SEO Premium plugin v23.9 (Yoast SEO v23.9) - https:\/\/yoast.com\/wordpress\/plugins\/seo\/ -->\n<title>Spenden und Steuerbescheinigung - Greenpeace Luxembourg<\/title>\n<meta name=\"robots\" content=\"index, follow, max-snippet:-1, max-image-preview:large, max-video-preview:-1\" \/>\n<link rel=\"canonical\" href=\"http:\/\/www.greenpeace.org\/luxembourg\/fr\/politique-de-dons\/\" \/>\n<meta property=\"og:locale\" content=\"de_DE\" \/>\n<meta property=\"og:type\" content=\"article\" \/>\n<meta property=\"og:title\" content=\"Spenden und Steuerbescheinigung\" \/>\n<meta property=\"og:description\" content=\"Spenden bietet Vorteile: Nach dem geltenden Recht sind Ihre Spenden steuerlich abzugsf\u00e4hig bis zu 20% des steuerpflichtigen Einkommens und in dem Ausma\u00df, in dem der Betrag der w\u00e4hrend eines Jahres gezahlten Spenden 120 \u20ac \u00fcbersteigt (kumulative Spenden ). Erfahren Sie mehr. Zu Beginn des Jahres wird eine Steuerbescheinigung ausgestellt, die alle Ihre j\u00e4hrlichen Zahlungen enth\u00e4lt [&hellip;]\" \/>\n<meta property=\"og:url\" content=\"http:\/\/www.greenpeace.org\/luxembourg\/fr\/politique-de-dons\/\" \/>\n<meta property=\"og:site_name\" content=\"Greenpeace Luxembourg\" \/>\n<meta property=\"article:publisher\" content=\"https:\/\/www.facebook.com\/greenpeaceluxembourg\" \/>\n<meta property=\"article:modified_time\" content=\"2026-04-08T09:03:53+00:00\" \/>\n<meta property=\"og:image\" content=\"https:\/\/www.greenpeace.org\/static\/planet4-luxembourg-stateless\/2018\/09\/57ead115-gp0stphve_medium_res.jpg\" \/>\n\t<meta property=\"og:image:width\" content=\"1200\" \/>\n\t<meta property=\"og:image:height\" content=\"800\" \/>\n\t<meta property=\"og:image:type\" content=\"image\/jpeg\" \/>\n<meta name=\"twitter:card\" content=\"summary_large_image\" \/>\n<meta name=\"twitter:label1\" content=\"Est. reading time\" \/>\n\t<meta name=\"twitter:data1\" content=\"1 minute\" \/>\n<script type=\"application\/ld+json\" class=\"yoast-schema-graph\">{\"@context\":\"https:\/\/schema.org\",\"@graph\":[{\"@type\":\"WebPage\",\"@id\":\"http:\/\/www.greenpeace.org\/luxembourg\/fr\/politique-de-dons\/\",\"url\":\"http:\/\/www.greenpeace.org\/luxembourg\/fr\/politique-de-dons\/\",\"name\":\"Spenden und Steuerbescheinigung - Greenpeace Luxembourg\",\"isPartOf\":{\"@id\":\"https:\/\/www.greenpeace.org\/luxembourg\/fr\/#website\"},\"primaryImageOfPage\":{\"@id\":\"http:\/\/www.greenpeace.org\/luxembourg\/fr\/politique-de-dons\/#primaryimage\"},\"image\":{\"@id\":\"http:\/\/www.greenpeace.org\/luxembourg\/fr\/politique-de-dons\/#primaryimage\"},\"thumbnailUrl\":\"https:\/\/www.greenpeace.org\/static\/planet4-luxembourg-stateless\/2018\/09\/57ead115-gp0stphve_medium_res.jpg\",\"datePublished\":\"2018-09-21T13:44:09+00:00\",\"dateModified\":\"2026-04-08T09:03:53+00:00\",\"breadcrumb\":{\"@id\":\"http:\/\/www.greenpeace.org\/luxembourg\/fr\/politique-de-dons\/#breadcrumb\"},\"inLanguage\":\"de-LU\",\"potentialAction\":[{\"@type\":\"ReadAction\",\"target\":[\"http:\/\/www.greenpeace.org\/luxembourg\/fr\/politique-de-dons\/\"]}]},{\"@type\":\"ImageObject\",\"inLanguage\":\"de-LU\",\"@id\":\"http:\/\/www.greenpeace.org\/luxembourg\/fr\/politique-de-dons\/#primaryimage\",\"url\":\"https:\/\/www.greenpeace.org\/static\/planet4-luxembourg-stateless\/2018\/09\/57ead115-gp0stphve_medium_res.jpg\",\"contentUrl\":\"https:\/\/www.greenpeace.org\/static\/planet4-luxembourg-stateless\/2018\/09\/57ead115-gp0stphve_medium_res.jpg\",\"width\":1200,\"height\":800,\"caption\":\"The Medecins Sans Frontiers (MSF) and Greenpeace crew are making sure that people who are risking their lives on the dangerous sea crossing between Turkey and Greece, arrive safely at shore. MSF and Greenpeace conduct joint sea operations to provide assistance at sea to boats in distress off the coast of Lesbos island in Greece, in coordination with and in support of the Greek Coast Guard.\"},{\"@type\":\"BreadcrumbList\",\"@id\":\"http:\/\/www.greenpeace.org\/luxembourg\/fr\/politique-de-dons\/#breadcrumb\",\"itemListElement\":[{\"@type\":\"ListItem\",\"position\":1,\"name\":\"Home\",\"item\":\"http:\/\/www.greenpeace.org\/luxembourg\/fr\/\"},{\"@type\":\"ListItem\",\"position\":2,\"name\":\"Spenden und Steuerbescheinigung\"}]},{\"@type\":\"WebSite\",\"@id\":\"https:\/\/www.greenpeace.org\/luxembourg\/fr\/#website\",\"url\":\"https:\/\/www.greenpeace.org\/luxembourg\/fr\/\",\"name\":\"Greenpeace Luxembourg\",\"description\":\"Greenpeace existiert, weil unsere Erde eine Stimme braucht. Sie ben\u00f6tigt L\u00f6sungen. Ver\u00e4nderungen. Aktionen.\",\"publisher\":{\"@id\":\"https:\/\/www.greenpeace.org\/luxembourg\/fr\/#organization\"},\"potentialAction\":[{\"@type\":\"SearchAction\",\"target\":{\"@type\":\"EntryPoint\",\"urlTemplate\":\"https:\/\/www.greenpeace.org\/luxembourg\/fr\/?s={search_term_string}\"},\"query-input\":{\"@type\":\"PropertyValueSpecification\",\"valueRequired\":true,\"valueName\":\"search_term_string\"}}],\"inLanguage\":\"de-LU\"},{\"@type\":\"Organization\",\"@id\":\"https:\/\/www.greenpeace.org\/luxembourg\/fr\/#organization\",\"name\":\"Greenpeace Luxembourg\",\"url\":\"https:\/\/www.greenpeace.org\/luxembourg\/fr\/\",\"logo\":{\"@type\":\"ImageObject\",\"inLanguage\":\"de-LU\",\"@id\":\"https:\/\/www.greenpeace.org\/luxembourg\/fr\/#\/schema\/logo\/image\/\",\"url\":\"https:\/\/www.greenpeace.org\/static\/planet4-luxembourg-stateless\/2026\/03\/3e367f94-greenpeace_logo_green_rgb.png\",\"contentUrl\":\"https:\/\/www.greenpeace.org\/static\/planet4-luxembourg-stateless\/2026\/03\/3e367f94-greenpeace_logo_green_rgb.png\",\"width\":1080,\"height\":175,\"caption\":\"Greenpeace Luxembourg\"},\"image\":{\"@id\":\"https:\/\/www.greenpeace.org\/luxembourg\/fr\/#\/schema\/logo\/image\/\"},\"sameAs\":[\"https:\/\/www.facebook.com\/greenpeaceluxembourg\",\"https:\/\/www.instagram.com\/greenpeacelux\/\",\"https:\/\/www.linkedin.com\/company\/greenpeace-luxembourg\/\",\"https:\/\/www.threads.com\/@greenpeacelux\",\"https:\/\/bsky.app\/profile\/greenpeacelux.bsky.social\",\"https:\/\/www.youtube.com\/@GreenpeaceLux\",\"https:\/\/www.tiktok.com\/@greenpeace_lux\"]}]}<\/script>\n<!-- \/ Yoast SEO Premium plugin. -->","yoast_head_json":{"title":"Spenden und Steuerbescheinigung - Greenpeace Luxembourg","robots":{"index":"index","follow":"follow","max-snippet":"max-snippet:-1","max-image-preview":"max-image-preview:large","max-video-preview":"max-video-preview:-1"},"canonical":"http:\/\/www.greenpeace.org\/luxembourg\/fr\/politique-de-dons\/","og_locale":"de_DE","og_type":"article","og_title":"Spenden und Steuerbescheinigung","og_description":"Spenden bietet Vorteile: Nach dem geltenden Recht sind Ihre Spenden steuerlich abzugsf\u00e4hig bis zu 20% des steuerpflichtigen Einkommens und in dem Ausma\u00df, in dem der Betrag der w\u00e4hrend eines Jahres gezahlten Spenden 120 \u20ac \u00fcbersteigt (kumulative Spenden ). Erfahren Sie mehr. Zu Beginn des Jahres wird eine Steuerbescheinigung ausgestellt, die alle Ihre j\u00e4hrlichen Zahlungen enth\u00e4lt [&hellip;]","og_url":"http:\/\/www.greenpeace.org\/luxembourg\/fr\/politique-de-dons\/","og_site_name":"Greenpeace Luxembourg","article_publisher":"https:\/\/www.facebook.com\/greenpeaceluxembourg","article_modified_time":"2026-04-08T09:03:53+00:00","og_image":[{"width":1200,"height":800,"url":"https:\/\/www.greenpeace.org\/static\/planet4-luxembourg-stateless\/2018\/09\/57ead115-gp0stphve_medium_res.jpg","type":"image\/jpeg"}],"twitter_card":"summary_large_image","twitter_misc":{"Est. reading time":"1 minute"},"schema":{"@context":"https:\/\/schema.org","@graph":[{"@type":"WebPage","@id":"http:\/\/www.greenpeace.org\/luxembourg\/fr\/politique-de-dons\/","url":"http:\/\/www.greenpeace.org\/luxembourg\/fr\/politique-de-dons\/","name":"Spenden und Steuerbescheinigung - Greenpeace Luxembourg","isPartOf":{"@id":"https:\/\/www.greenpeace.org\/luxembourg\/fr\/#website"},"primaryImageOfPage":{"@id":"http:\/\/www.greenpeace.org\/luxembourg\/fr\/politique-de-dons\/#primaryimage"},"image":{"@id":"http:\/\/www.greenpeace.org\/luxembourg\/fr\/politique-de-dons\/#primaryimage"},"thumbnailUrl":"https:\/\/www.greenpeace.org\/static\/planet4-luxembourg-stateless\/2018\/09\/57ead115-gp0stphve_medium_res.jpg","datePublished":"2018-09-21T13:44:09+00:00","dateModified":"2026-04-08T09:03:53+00:00","breadcrumb":{"@id":"http:\/\/www.greenpeace.org\/luxembourg\/fr\/politique-de-dons\/#breadcrumb"},"inLanguage":"de-LU","potentialAction":[{"@type":"ReadAction","target":["http:\/\/www.greenpeace.org\/luxembourg\/fr\/politique-de-dons\/"]}]},{"@type":"ImageObject","inLanguage":"de-LU","@id":"http:\/\/www.greenpeace.org\/luxembourg\/fr\/politique-de-dons\/#primaryimage","url":"https:\/\/www.greenpeace.org\/static\/planet4-luxembourg-stateless\/2018\/09\/57ead115-gp0stphve_medium_res.jpg","contentUrl":"https:\/\/www.greenpeace.org\/static\/planet4-luxembourg-stateless\/2018\/09\/57ead115-gp0stphve_medium_res.jpg","width":1200,"height":800,"caption":"The Medecins Sans Frontiers (MSF) and Greenpeace crew are making sure that people who are risking their lives on the dangerous sea crossing between Turkey and Greece, arrive safely at shore. MSF and Greenpeace conduct joint sea operations to provide assistance at sea to boats in distress off the coast of Lesbos island in Greece, in coordination with and in support of the Greek Coast Guard."},{"@type":"BreadcrumbList","@id":"http:\/\/www.greenpeace.org\/luxembourg\/fr\/politique-de-dons\/#breadcrumb","itemListElement":[{"@type":"ListItem","position":1,"name":"Home","item":"http:\/\/www.greenpeace.org\/luxembourg\/fr\/"},{"@type":"ListItem","position":2,"name":"Spenden und Steuerbescheinigung"}]},{"@type":"WebSite","@id":"https:\/\/www.greenpeace.org\/luxembourg\/fr\/#website","url":"https:\/\/www.greenpeace.org\/luxembourg\/fr\/","name":"Greenpeace Luxembourg","description":"Greenpeace existiert, weil unsere Erde eine Stimme braucht. Sie ben\u00f6tigt L\u00f6sungen. Ver\u00e4nderungen. Aktionen.","publisher":{"@id":"https:\/\/www.greenpeace.org\/luxembourg\/fr\/#organization"},"potentialAction":[{"@type":"SearchAction","target":{"@type":"EntryPoint","urlTemplate":"https:\/\/www.greenpeace.org\/luxembourg\/fr\/?s={search_term_string}"},"query-input":{"@type":"PropertyValueSpecification","valueRequired":true,"valueName":"search_term_string"}}],"inLanguage":"de-LU"},{"@type":"Organization","@id":"https:\/\/www.greenpeace.org\/luxembourg\/fr\/#organization","name":"Greenpeace Luxembourg","url":"https:\/\/www.greenpeace.org\/luxembourg\/fr\/","logo":{"@type":"ImageObject","inLanguage":"de-LU","@id":"https:\/\/www.greenpeace.org\/luxembourg\/fr\/#\/schema\/logo\/image\/","url":"https:\/\/www.greenpeace.org\/static\/planet4-luxembourg-stateless\/2026\/03\/3e367f94-greenpeace_logo_green_rgb.png","contentUrl":"https:\/\/www.greenpeace.org\/static\/planet4-luxembourg-stateless\/2026\/03\/3e367f94-greenpeace_logo_green_rgb.png","width":1080,"height":175,"caption":"Greenpeace Luxembourg"},"image":{"@id":"https:\/\/www.greenpeace.org\/luxembourg\/fr\/#\/schema\/logo\/image\/"},"sameAs":["https:\/\/www.facebook.com\/greenpeaceluxembourg","https:\/\/www.instagram.com\/greenpeacelux\/","https:\/\/www.linkedin.com\/company\/greenpeace-luxembourg\/","https:\/\/www.threads.com\/@greenpeacelux","https:\/\/bsky.app\/profile\/greenpeacelux.bsky.social","https:\/\/www.youtube.com\/@GreenpeaceLux","https:\/\/www.tiktok.com\/@greenpeace_lux"]}]}},"_links":{"self":[{"href":"https:\/\/www.greenpeace.org\/luxembourg\/de\/wp-json\/wp\/v2\/pages\/1038","targetHints":{"allow":["GET"]}}],"collection":[{"href":"https:\/\/www.greenpeace.org\/luxembourg\/de\/wp-json\/wp\/v2\/pages"}],"about":[{"href":"https:\/\/www.greenpeace.org\/luxembourg\/de\/wp-json\/wp\/v2\/types\/page"}],"author":[{"embeddable":true,"href":"https:\/\/www.greenpeace.org\/luxembourg\/de\/wp-json\/wp\/v2\/users\/16"}],"replies":[{"embeddable":true,"href":"https:\/\/www.greenpeace.org\/luxembourg\/de\/wp-json\/wp\/v2\/comments?post=1038"}],"version-history":[{"count":19,"href":"https:\/\/www.greenpeace.org\/luxembourg\/de\/wp-json\/wp\/v2\/pages\/1038\/revisions"}],"predecessor-version":[{"id":27880,"href":"https:\/\/www.greenpeace.org\/luxembourg\/de\/wp-json\/wp\/v2\/pages\/1038\/revisions\/27880"}],"wp:featuredmedia":[{"embeddable":true,"href":"https:\/\/www.greenpeace.org\/luxembourg\/de\/wp-json\/wp\/v2\/media\/1040"}],"wp:attachment":[{"href":"https:\/\/www.greenpeace.org\/luxembourg\/de\/wp-json\/wp\/v2\/media?parent=1038"}],"wp:term":[{"taxonomy":"category","embeddable":true,"href":"https:\/\/www.greenpeace.org\/luxembourg\/de\/wp-json\/wp\/v2\/categories?post=1038"},{"taxonomy":"post_tag","embeddable":true,"href":"https:\/\/www.greenpeace.org\/luxembourg\/de\/wp-json\/wp\/v2\/tags?post=1038"}],"curies":[{"name":"wp","href":"https:\/\/api.w.org\/{rel}","templated":true}]}}