{"id":1082,"date":"2018-09-24T08:08:43","date_gmt":"2018-09-24T08:08:43","guid":{"rendered":"https:\/\/www.greenpeace.org\/luxembourg\/?page_id=1082"},"modified":"2025-09-23T12:14:24","modified_gmt":"2025-09-23T10:14:24","slug":"uns-kennenlernen","status":"publish","type":"page","link":"https:\/\/www.greenpeace.org\/luxembourg\/de\/sich-informieren\/uns-kennenlernen\/","title":{"rendered":"\u00dcber uns"},"content":{"rendered":"\n                \n                <div class=\"wp-block-group alignfull is-layout-flow wp-block-group-is-layout-flow\">\n                \n                <div class=\"wp-block-group container is-layout-flow wp-block-group-is-layout-flow\">\n                \n                <div class=\"wp-block-media-text alignfull has-media-on-the-right is-stacked-on-mobile is-pattern-p4-page-header is-style-parallax\">\n\n                <div class=\"wp-block-media-text__content\">\n                    <div class=\"wp-block-group is-layout-flow wp-block-group-is-layout-flow\">\n                    \n                        <h1 class=\"wp-block-heading has-white-background-color has-background\">\n                            Nous sommes Greenpeace.\n                        <\/h1>\n                    <\/div>\n                \n\n                \n                        <p style=\"font-size:1.25rem\">\n                            Nous croyons fermement en un monde en paix, dans lequel toute vie serait trait\u00e9e avec le respect qui lui est d\u00fb. De cet id\u00e9al est n\u00e9e Greenpeace, une organisation non-violente et ind\u00e9pendante.\n                        <\/p>\n                    \n\n                \n\n                <\/div>\n                <figure class=\"wp-block-media-text__media\">\n                    <img loading=\"lazy\" decoding=\"async\" width=\"1200\" height=\"800\"\n                        src=\"https:\/\/www.greenpeace.org\/static\/planet4-luxembourg-stateless\/2018\/09\/073b04bb-gp0stoawu_medium_res.jpg\"\n                        alt=\"\"\n                        sizes=\"auto, (min-width: 601px) 50vw, 100vw\" srcset=\"https:\/\/www.greenpeace.org\/static\/planet4-luxembourg-stateless\/2018\/09\/073b04bb-gp0stoawu_medium_res.jpg 1200w, https:\/\/www.greenpeace.org\/static\/planet4-luxembourg-stateless\/2018\/09\/073b04bb-gp0stoawu_medium_res-300x200.jpg 300w, https:\/\/www.greenpeace.org\/static\/planet4-luxembourg-stateless\/2018\/09\/073b04bb-gp0stoawu_medium_res-768x512.jpg 768w, https:\/\/www.greenpeace.org\/static\/planet4-luxembourg-stateless\/2018\/09\/073b04bb-gp0stoawu_medium_res-1024x683.jpg 1024w, https:\/\/www.greenpeace.org\/static\/planet4-luxembourg-stateless\/2018\/09\/073b04bb-gp0stoawu_medium_res-510x340.jpg 510w\" class=\"wp-image-335 size-full\"\n                    \/>\n                <\/figure>\n                <\/div>\n                \n                <\/div>\n                \n                <\/div>\n                \n                <div data-render=\"planet4-blocks\/columns\" data-attributes=\"{&quot;attributes&quot;:{&quot;columns_block_style&quot;:&quot;icons&quot;,&quot;columns_title&quot;:&quot;Nos valeurs&quot;,&quot;columns&quot;:[{&quot;attachment&quot;:null,&quot;title&quot;:&quot;Nous croyons fermement en un monde en paix&quot;,&quot;description&quot;:&quot;dans lequel toute vie serait trait\\u00e9e avec le respect qui lui est d\\u00fb. De cet id\\u00e9al est n\\u00e9e Greenpeace, une organisation non-violente et ind\\u00e9pendante.&quot;,&quot;link_new_tab&quot;:false,&quot;attachment_srcset&quot;:false},{&quot;attachment&quot;:null,&quot;title&quot;:&quot;Nous refusons toute violence, envers qui que ce soit&quot;,&quot;description&quot;:&quot;Toutes nos actions reposent sur un imp\\u00e9ratif pacifiste : nous recherchons le d\\u00e9bat, l\\u2019interpellation du public, la confrontation sans agressivit\\u00e9. Nous cherchons des solutions : la violence n\\u2019en est jamais une.&quot;,&quot;link_new_tab&quot;:false,&quot;attachment_srcset&quot;:false},{&quot;attachment&quot;:null,&quot;title&quot;:&quot;Nous sommes 100% ind\\u00e9pendants financi\\u00e8rement&quot;,&quot;description&quot;:&quot;u003cspan style=u0022color: #73be31;u0022u003eu003cstrongu003eNous refusons toute contribution des gouvernements, entreprises, collectivit\\u00e9s territoriales ou partis politiques et n\\u2019en soutenons aucunu003c\\\/strongu003eu003c\\\/spanu003e. Seuls vos dons nous permettent d\\u2019exister et nous garantissent une totale libert\\u00e9 de parole et d\\u2019action - nos  u003cspan style=u0022color: #73be31;u0022u003eu003cstrongu003eu003ca href=u0022https:\\\/\\\/www.greenpeace.org\\\/luxembourg\\\/fr\\\/transparence-financiere\\\/u0022u003erapports annuelsu003c\\\/au003eu003c\\\/strongu003eu003c\\\/spanu003e font gage de notre transparence financi\\u00e8re.  n&quot;,&quot;link_new_tab&quot;:false,&quot;attachment_srcset&quot;:false},{&quot;attachment&quot;:null,&quot;title&quot;:&quot;Notre force r\\u00e9side dans la d\\u00e9termination et le courage de nos militant\\u00b7es&quot;,&quot;description&quot;:&quot;Gr\\u00e2ce \\u00e0 chaque b\\u00e9n\\u00e9vole, chaque employ\\u00e9\\u00b7e, chaque adh\\u00e9rent\\u00b7e, et chaque activiste nous instaurons un v\\u00e9ritable contre-pouvoir ind\\u00e9pendant et pacifiste au service de notre Terre.&quot;,&quot;link_new_tab&quot;:false,&quot;attachment_srcset&quot;:false}],&quot;className&quot;:&quot;is-style-icons&quot;}}\"><\/div>\n<h2 class=\"wp-block-heading\">Unsere Geschichte<\/h2>\n\n<div class=\"wp-block-image caption-style-medium caption-alignment-center\"><figure class=\"alignright size-medium\"><img loading=\"lazy\" decoding=\"async\" width=\"201\" height=\"300\" src=\"https:\/\/www.greenpeace.org\/static\/planet4-luxembourg-stateless\/2020\/09\/d6a172a2-gp03ji6-201x300.jpg\" alt=\"Crew on Phyllis Cormack. &#xA9; Greenpeace \/ Rex Weyler\" class=\"wp-image-9812\" srcset=\"https:\/\/www.greenpeace.org\/static\/planet4-luxembourg-stateless\/2020\/09\/d6a172a2-gp03ji6-201x300.jpg 201w, https:\/\/www.greenpeace.org\/static\/planet4-luxembourg-stateless\/2020\/09\/d6a172a2-gp03ji6-685x1024.jpg 685w, https:\/\/www.greenpeace.org\/static\/planet4-luxembourg-stateless\/2020\/09\/d6a172a2-gp03ji6-768x1148.jpg 768w, https:\/\/www.greenpeace.org\/static\/planet4-luxembourg-stateless\/2020\/09\/d6a172a2-gp03ji6-228x340.jpg 228w, https:\/\/www.greenpeace.org\/static\/planet4-luxembourg-stateless\/2020\/09\/d6a172a2-gp03ji6.jpg 803w\" sizes=\"auto, (max-width: 201px) 100vw, 201px\" \/><\/figure><\/div>\n\n<p>In den 1970er Jahren gingen in Vancouver eine Gruppe von vierzehn FriedensaktivistInnen und Umweltsch\u00fctzerInnen an Bord der Phyllis Cormack, um gegen die geplanten amerikanischen Atomtests auf Amchitka Island vor der K\u00fcste Alaskas zu protestieren und begaben sich gleichzeitig in das Zentrum der Testzone. Diese Aktion sorgte weltweit f\u00fcr gro\u00dfes Aufsehen und erreichte, dass die Vereinigten Staaten 1972 dem massiven \u00f6ffentlichen Druck nachgaben und das Ende der atmosph\u00e4rischen Atomtests angek\u00fcndigten. Ein erster Sieg, der dem Protest der Gruppe einen Sinn verlieh. Folglich suchten Sie einen Namen, der ihrer Mission gerecht wurde: den Schutz der Umwelt durch pazifistische Aktionen <strong>Green<\/strong> (gr\u00fcner) <strong>Peace<\/strong> (Frieden).<\/p>\n\n<p>Einige Zeit sp\u00e4ter, im Jahr 1979, beschlossen die europ\u00e4ischen, amerikanischen und pazifischen Verwaltungen, sich zu verb\u00fcnden und gr\u00fcndeten Greenpeace International. Bei den ersten Greenpeace Aktionen standen der Kampf gegen die Atomkraft sowie der Schutz der Ozeane, speziell die Bek\u00e4mpfung des Walfangs, im Vordergrund. Schritt f\u00fcr Schritt weitete Greenpeace anschlie\u00dfend seine Aktivit\u00e4ten auf die gesamte Umwelt aus und k\u00e4mpft fortan gegen den Klimawandel und die Verschmutzung unserer Erde durch giftige Stoffe und Einwegprodukte, f\u00fcr den Schutz der W\u00e4lder, die Diskreditierung von GVO und Pestiziden, die F\u00f6rderung erneuerbarer Energien und f\u00fcr eine \u00f6kologische Landwirtschaft. F\u00fcr uns Menschen, Tiere und \u00d6kosysteme auf der ganzen Welt.<\/p>\n\n<p>Greenpeace verschafft sich Geh\u00f6r indem die Organisation auf die M\u00e4ngel in unserem System hinweist, die Verantwortlichen beschuldigt und echte Ver\u00e4nderungen einleitet. 1985 ordnete die franz\u00f6sische Regierung sogar einen Angriff auf das Greenpeace-Schiff, den Rainbow Warrior an, und t\u00f6tete dabei unseren Fotografen Fernando Pereira. Diese Trag\u00f6die sorgte f\u00fcr weltweite Emp\u00f6rung und verbildlicht den Kampf den Greenpeace f\u00fchrt. <\/p>\n\n<p>Pr\u00e9sente dans plus de 55 pays, Greenpeace compte aujourd\u2019hui plus de trois millions de membres et 36 000 b\u00e9n\u00e9voles autour de la plan\u00e8te. Le bureau luxembourgeois a \u00e9t\u00e9 fond\u00e9 en octobre 1984 et totalise plus de 10 000 membres au Grand Duch\u00e9. Nous travaillons aujourd&#8217;hui sur probl\u00e9matiques internationales en proposant des actions locales et concr\u00e8tes dans le pays.<\/p>\n\n<h2 class=\"wp-block-heading\">Internationale Erfolge<\/h2>\n\n<p>Chaque don, chaque minute de b\u00e9n\u00e9volat, chaque contribution de nos expert\u00b7es, chaque minute de travail de l&#8217;\u00e9quipe locale et chaque action des militant\u00b7es qui nous ont un jour rejoint en ligne nous a permis d&#8217;atteindre les objectifs les plus ambitieux au Luxembourg et \u00e0 travers le monde. Des ann\u00e9es de campagnes, et des victoires significatives que nous devons \u00e0 toute la communaut\u00e9 Greenpeace. <a href=\"https:\/\/www.greenpeace.org\/luxembourg\/fr\/sinformer\/\">En savoir plus sur les campagnes en cours.<\/a><\/p>\n\n          \n\n          <div>\n  <div style=\"position:relative;padding-top:56.25%;\">\n    <iframe src=\"https:\/\/www.tiki-toki.com\/timeline\/embed\/594418\/1707364907\/\" frameborder=\"0\" allowfullscreen=\"\" style=\"position:absolute;top:0;left:0;width:100%;height:100%;\"><\/iframe>\n  <\/div>\n<\/div>\n          \n\n        \n\n<p><\/p>\n\n<h2 class=\"wp-block-heading\">Eine Spende, eine Aktion<\/h2>\n\n<p>Chaque don contribue \u00e0 notre travail au quotidien : rapports d&#8217;expertise, lobbying, action de confrontation non violente, tout est mis en \u0153uvre pour d\u00e9fendre les causes qui vous tiennent \u00e0 c\u0153ur. Pour en savoir plus sur notre gestion des dons, les questions fiscales et notre vision de l&#8217;investissement engag\u00e9, consultez notre <a href=\"\/luxembourg\/fr\/politique-de-dons\/\">politique en mati\u00e8re de dons<\/a>.<\/p>\n\n<div class=\"wp-block-buttons aligncenter is-layout-flex wp-block-buttons-is-layout-flex\">\n<div class=\"wp-block-button is-style-cta\"><a class=\"wp-block-button__link\" href=\"https:\/\/faire-un-don.greenpeace.lu\/fr\/\" target=\"_blank\" rel=\"noreferrer noopener\">Faire un Don<\/a><\/div>\n<\/div>\n\n<div class=\"wp-block-buttons aligncenter is-layout-flex wp-block-buttons-is-layout-flex\"><\/div>\n\n        <div class=\"wp-block-query actions-list p4-query-loop is-custom-layout-actions-list is-custom-layout-grid is-layout-grid wp-container-core-query-is-layout-29f43435 wp-block-query-is-layout-grid\"><h2 class=\"wp-block-heading\">L&#8217;engagement commence maintenant !<\/h2>\n        <p style=\"margin-top: 24px; margin-bottom: 32px;\">C\u2019est probablement le moment que vous attendiez pour passer \u00e0 l\u2019action n\u2019est-ce pas ? il vous reste \u00e0 choisir votre propre m\u00e9thode d&#8217;action :<\/p>\n        <div class=\"wp-block-query-no-results\">\n        <p >No posts found.<\/p>\n        <\/div>\n        \n        \n<div class=\"wp-block-buttons carousel-controls is-horizontal is-content-justification-space-between is-nowrap is-layout-flex wp-container-core-buttons-is-layout-044bd602 wp-block-buttons-is-layout-flex\">\n            <div class=\"wp-block-button carousel-control-prev\"><button type=\"button\" class=\"wp-block-button__link wp-element-button\">Prev<\/button><\/div>\n        \n\n            <div class=\"wp-block-button carousel-control-next\"><button type=\"button\" class=\"wp-block-button__link wp-element-button\">Next<\/button><\/div>\n        <\/div>\n\n        \n<div class=\"wp-block-buttons load-more-actions-container is-content-justification-center is-layout-flex wp-container-core-buttons-is-layout-16018d1d wp-block-buttons-is-layout-flex\">\n                <div class=\"wp-block-button is-style-secondary\"><button type=\"button\" class=\"wp-block-button__link wp-element-button\">Load more<\/button><\/div>\n            \n<\/div>\n<\/div>\n        ","protected":false},"excerpt":{"rendered":"<p>Unsere Geschichte In den 1970er Jahren gingen in Vancouver eine Gruppe von vierzehn FriedensaktivistInnen und Umweltsch\u00fctzerInnen an Bord der Phyllis Cormack, um gegen die geplanten amerikanischen Atomtests auf Amchitka Island vor der K\u00fcste Alaskas zu protestieren und begaben sich gleichzeitig in das Zentrum der Testzone. Diese Aktion sorgte weltweit f\u00fcr gro\u00dfes Aufsehen und erreichte, dass [&hellip;]<\/p>\n","protected":false},"author":16,"featured_media":1084,"parent":738,"menu_order":0,"comment_status":"closed","ping_status":"closed","template":"","meta":{"ep_exclude_from_search":false,"p4_hide_page_title_checkbox":"on","p4_title":"","p4_subtitle":"","p4_description":"","background_image_id":"","background_image":"","p4_button_title":"","p4_button_link":"","p4_button_link_checkbox":"","p4_og_title":"","p4_og_description":"","p4_og_image":"","p4_og_image_id":"","p4_seo_canonical_url":"","p4_campaign_name":"not set","p4_local_project":"not set","p4_basket_name":"not set","p4_department":"","footnotes":""},"categories":[24,24],"tags":[33],"class_list":{"0":"post-1082","1":"page","2":"type-page","3":"status-publish","4":"has-post-thumbnail","5":"hentry","6":"category-greenpeace","8":"tag-greenpeace-fr"},"yoast_head":"<!-- This site is optimized with the Yoast SEO Premium plugin v23.9 (Yoast SEO v23.9) - https:\/\/yoast.com\/wordpress\/plugins\/seo\/ -->\n<title>\u00dcber uns - Greenpeace Luxembourg<\/title>\n<meta name=\"robots\" content=\"index, follow, max-snippet:-1, max-image-preview:large, max-video-preview:-1\" \/>\n<link rel=\"canonical\" href=\"https:\/\/www.greenpeace.org\/luxembourg\/de\/sich-informieren\/uns-kennenlernen\/\" \/>\n<meta property=\"og:locale\" content=\"de_DE\" \/>\n<meta property=\"og:type\" content=\"article\" \/>\n<meta property=\"og:title\" content=\"\u00dcber uns\" \/>\n<meta property=\"og:description\" content=\"Unsere Geschichte In den 1970er Jahren gingen in Vancouver eine Gruppe von vierzehn FriedensaktivistInnen und Umweltsch\u00fctzerInnen an Bord der Phyllis Cormack, um gegen die geplanten amerikanischen Atomtests auf Amchitka Island vor der K\u00fcste Alaskas zu protestieren und begaben sich gleichzeitig in das Zentrum der Testzone. Diese Aktion sorgte weltweit f\u00fcr gro\u00dfes Aufsehen und erreichte, dass [&hellip;]\" \/>\n<meta property=\"og:url\" content=\"https:\/\/www.greenpeace.org\/luxembourg\/de\/sich-informieren\/uns-kennenlernen\/\" \/>\n<meta property=\"og:site_name\" content=\"Greenpeace Luxembourg\" \/>\n<meta property=\"article:publisher\" content=\"https:\/\/www.facebook.com\/greenpeaceluxembourg\" \/>\n<meta property=\"article:modified_time\" content=\"2025-09-23T10:14:24+00:00\" \/>\n<meta property=\"og:image\" content=\"https:\/\/www.greenpeace.org\/static\/planet4-luxembourg-stateless\/2018\/09\/60e6aa5b-gp0stoawu_medium_res.jpg\" \/>\n\t<meta property=\"og:image:width\" content=\"1200\" \/>\n\t<meta property=\"og:image:height\" content=\"800\" \/>\n\t<meta property=\"og:image:type\" content=\"image\/jpeg\" \/>\n<meta name=\"twitter:card\" content=\"summary_large_image\" \/>\n<meta name=\"twitter:label1\" content=\"Est. reading time\" \/>\n\t<meta name=\"twitter:data1\" content=\"3 minutes\" \/>\n<script type=\"application\/ld+json\" class=\"yoast-schema-graph\">{\"@context\":\"https:\/\/schema.org\",\"@graph\":[{\"@type\":\"WebPage\",\"@id\":\"https:\/\/www.greenpeace.org\/luxembourg\/de\/sich-informieren\/uns-kennenlernen\/\",\"url\":\"https:\/\/www.greenpeace.org\/luxembourg\/de\/sich-informieren\/uns-kennenlernen\/\",\"name\":\"\u00dcber uns - Greenpeace Luxembourg\",\"isPartOf\":{\"@id\":\"https:\/\/www.greenpeace.org\/luxembourg\/fr\/#website\"},\"primaryImageOfPage\":{\"@id\":\"https:\/\/www.greenpeace.org\/luxembourg\/de\/sich-informieren\/uns-kennenlernen\/#primaryimage\"},\"image\":{\"@id\":\"https:\/\/www.greenpeace.org\/luxembourg\/de\/sich-informieren\/uns-kennenlernen\/#primaryimage\"},\"thumbnailUrl\":\"https:\/\/www.greenpeace.org\/static\/planet4-luxembourg-stateless\/2018\/09\/60e6aa5b-gp0stoawu_medium_res.jpg\",\"datePublished\":\"2018-09-24T08:08:43+00:00\",\"dateModified\":\"2025-09-23T10:14:24+00:00\",\"breadcrumb\":{\"@id\":\"https:\/\/www.greenpeace.org\/luxembourg\/de\/sich-informieren\/uns-kennenlernen\/#breadcrumb\"},\"inLanguage\":\"de-LU\",\"potentialAction\":[{\"@type\":\"ReadAction\",\"target\":[\"https:\/\/www.greenpeace.org\/luxembourg\/de\/sich-informieren\/uns-kennenlernen\/\"]}]},{\"@type\":\"ImageObject\",\"inLanguage\":\"de-LU\",\"@id\":\"https:\/\/www.greenpeace.org\/luxembourg\/de\/sich-informieren\/uns-kennenlernen\/#primaryimage\",\"url\":\"https:\/\/www.greenpeace.org\/static\/planet4-luxembourg-stateless\/2018\/09\/60e6aa5b-gp0stoawu_medium_res.jpg\",\"contentUrl\":\"https:\/\/www.greenpeace.org\/static\/planet4-luxembourg-stateless\/2018\/09\/60e6aa5b-gp0stoawu_medium_res.jpg\",\"width\":1200,\"height\":800,\"caption\":\"The Greenpeace crew pose for a photo under water, next to the Esperanza during the 'Defending our Pacific' tour.\"},{\"@type\":\"BreadcrumbList\",\"@id\":\"https:\/\/www.greenpeace.org\/luxembourg\/de\/sich-informieren\/uns-kennenlernen\/#breadcrumb\",\"itemListElement\":[{\"@type\":\"ListItem\",\"position\":1,\"name\":\"Home\",\"item\":\"https:\/\/www.greenpeace.org\/luxembourg\/de\/handeln\/startseite\/\"},{\"@type\":\"ListItem\",\"position\":2,\"name\":\"Mehr erfahren\",\"item\":\"https:\/\/www.greenpeace.org\/luxembourg\/de\/sich-informieren\/\"},{\"@type\":\"ListItem\",\"position\":3,\"name\":\"\u00dcber uns\"}]},{\"@type\":\"WebSite\",\"@id\":\"https:\/\/www.greenpeace.org\/luxembourg\/fr\/#website\",\"url\":\"https:\/\/www.greenpeace.org\/luxembourg\/fr\/\",\"name\":\"Greenpeace Luxembourg\",\"description\":\"Greenpeace existiert, weil unsere Erde eine Stimme braucht. Sie ben\u00f6tigt L\u00f6sungen. Ver\u00e4nderungen. Aktionen.\",\"publisher\":{\"@id\":\"https:\/\/www.greenpeace.org\/luxembourg\/fr\/#organization\"},\"potentialAction\":[{\"@type\":\"SearchAction\",\"target\":{\"@type\":\"EntryPoint\",\"urlTemplate\":\"https:\/\/www.greenpeace.org\/luxembourg\/fr\/?s={search_term_string}\"},\"query-input\":{\"@type\":\"PropertyValueSpecification\",\"valueRequired\":true,\"valueName\":\"search_term_string\"}}],\"inLanguage\":\"de-LU\"},{\"@type\":\"Organization\",\"@id\":\"https:\/\/www.greenpeace.org\/luxembourg\/fr\/#organization\",\"name\":\"Greenpeace Luxembourg\",\"url\":\"https:\/\/www.greenpeace.org\/luxembourg\/fr\/\",\"logo\":{\"@type\":\"ImageObject\",\"inLanguage\":\"de-LU\",\"@id\":\"https:\/\/www.greenpeace.org\/luxembourg\/fr\/#\/schema\/logo\/image\/\",\"url\":\"https:\/\/www.greenpeace.org\/static\/planet4-luxembourg-stateless\/2026\/03\/3e367f94-greenpeace_logo_green_rgb.png\",\"contentUrl\":\"https:\/\/www.greenpeace.org\/static\/planet4-luxembourg-stateless\/2026\/03\/3e367f94-greenpeace_logo_green_rgb.png\",\"width\":1080,\"height\":175,\"caption\":\"Greenpeace Luxembourg\"},\"image\":{\"@id\":\"https:\/\/www.greenpeace.org\/luxembourg\/fr\/#\/schema\/logo\/image\/\"},\"sameAs\":[\"https:\/\/www.facebook.com\/greenpeaceluxembourg\",\"https:\/\/www.instagram.com\/greenpeacelux\/\",\"https:\/\/www.linkedin.com\/company\/greenpeace-luxembourg\/\",\"https:\/\/www.threads.com\/@greenpeacelux\",\"https:\/\/bsky.app\/profile\/greenpeacelux.bsky.social\",\"https:\/\/www.youtube.com\/@GreenpeaceLux\",\"https:\/\/www.tiktok.com\/@greenpeace_lux\"]}]}<\/script>\n<!-- \/ Yoast SEO Premium plugin. -->","yoast_head_json":{"title":"\u00dcber uns - Greenpeace Luxembourg","robots":{"index":"index","follow":"follow","max-snippet":"max-snippet:-1","max-image-preview":"max-image-preview:large","max-video-preview":"max-video-preview:-1"},"canonical":"https:\/\/www.greenpeace.org\/luxembourg\/de\/sich-informieren\/uns-kennenlernen\/","og_locale":"de_DE","og_type":"article","og_title":"\u00dcber uns","og_description":"Unsere Geschichte In den 1970er Jahren gingen in Vancouver eine Gruppe von vierzehn FriedensaktivistInnen und Umweltsch\u00fctzerInnen an Bord der Phyllis Cormack, um gegen die geplanten amerikanischen Atomtests auf Amchitka Island vor der K\u00fcste Alaskas zu protestieren und begaben sich gleichzeitig in das Zentrum der Testzone. Diese Aktion sorgte weltweit f\u00fcr gro\u00dfes Aufsehen und erreichte, dass [&hellip;]","og_url":"https:\/\/www.greenpeace.org\/luxembourg\/de\/sich-informieren\/uns-kennenlernen\/","og_site_name":"Greenpeace Luxembourg","article_publisher":"https:\/\/www.facebook.com\/greenpeaceluxembourg","article_modified_time":"2025-09-23T10:14:24+00:00","og_image":[{"width":1200,"height":800,"url":"https:\/\/www.greenpeace.org\/static\/planet4-luxembourg-stateless\/2018\/09\/60e6aa5b-gp0stoawu_medium_res.jpg","type":"image\/jpeg"}],"twitter_card":"summary_large_image","twitter_misc":{"Est. reading time":"3 minutes"},"schema":{"@context":"https:\/\/schema.org","@graph":[{"@type":"WebPage","@id":"https:\/\/www.greenpeace.org\/luxembourg\/de\/sich-informieren\/uns-kennenlernen\/","url":"https:\/\/www.greenpeace.org\/luxembourg\/de\/sich-informieren\/uns-kennenlernen\/","name":"\u00dcber uns - Greenpeace Luxembourg","isPartOf":{"@id":"https:\/\/www.greenpeace.org\/luxembourg\/fr\/#website"},"primaryImageOfPage":{"@id":"https:\/\/www.greenpeace.org\/luxembourg\/de\/sich-informieren\/uns-kennenlernen\/#primaryimage"},"image":{"@id":"https:\/\/www.greenpeace.org\/luxembourg\/de\/sich-informieren\/uns-kennenlernen\/#primaryimage"},"thumbnailUrl":"https:\/\/www.greenpeace.org\/static\/planet4-luxembourg-stateless\/2018\/09\/60e6aa5b-gp0stoawu_medium_res.jpg","datePublished":"2018-09-24T08:08:43+00:00","dateModified":"2025-09-23T10:14:24+00:00","breadcrumb":{"@id":"https:\/\/www.greenpeace.org\/luxembourg\/de\/sich-informieren\/uns-kennenlernen\/#breadcrumb"},"inLanguage":"de-LU","potentialAction":[{"@type":"ReadAction","target":["https:\/\/www.greenpeace.org\/luxembourg\/de\/sich-informieren\/uns-kennenlernen\/"]}]},{"@type":"ImageObject","inLanguage":"de-LU","@id":"https:\/\/www.greenpeace.org\/luxembourg\/de\/sich-informieren\/uns-kennenlernen\/#primaryimage","url":"https:\/\/www.greenpeace.org\/static\/planet4-luxembourg-stateless\/2018\/09\/60e6aa5b-gp0stoawu_medium_res.jpg","contentUrl":"https:\/\/www.greenpeace.org\/static\/planet4-luxembourg-stateless\/2018\/09\/60e6aa5b-gp0stoawu_medium_res.jpg","width":1200,"height":800,"caption":"The Greenpeace crew pose for a photo under water, next to the Esperanza during the 'Defending our Pacific' tour."},{"@type":"BreadcrumbList","@id":"https:\/\/www.greenpeace.org\/luxembourg\/de\/sich-informieren\/uns-kennenlernen\/#breadcrumb","itemListElement":[{"@type":"ListItem","position":1,"name":"Home","item":"https:\/\/www.greenpeace.org\/luxembourg\/de\/handeln\/startseite\/"},{"@type":"ListItem","position":2,"name":"Mehr erfahren","item":"https:\/\/www.greenpeace.org\/luxembourg\/de\/sich-informieren\/"},{"@type":"ListItem","position":3,"name":"\u00dcber uns"}]},{"@type":"WebSite","@id":"https:\/\/www.greenpeace.org\/luxembourg\/fr\/#website","url":"https:\/\/www.greenpeace.org\/luxembourg\/fr\/","name":"Greenpeace Luxembourg","description":"Greenpeace existiert, weil unsere Erde eine Stimme braucht. Sie ben\u00f6tigt L\u00f6sungen. Ver\u00e4nderungen. Aktionen.","publisher":{"@id":"https:\/\/www.greenpeace.org\/luxembourg\/fr\/#organization"},"potentialAction":[{"@type":"SearchAction","target":{"@type":"EntryPoint","urlTemplate":"https:\/\/www.greenpeace.org\/luxembourg\/fr\/?s={search_term_string}"},"query-input":{"@type":"PropertyValueSpecification","valueRequired":true,"valueName":"search_term_string"}}],"inLanguage":"de-LU"},{"@type":"Organization","@id":"https:\/\/www.greenpeace.org\/luxembourg\/fr\/#organization","name":"Greenpeace Luxembourg","url":"https:\/\/www.greenpeace.org\/luxembourg\/fr\/","logo":{"@type":"ImageObject","inLanguage":"de-LU","@id":"https:\/\/www.greenpeace.org\/luxembourg\/fr\/#\/schema\/logo\/image\/","url":"https:\/\/www.greenpeace.org\/static\/planet4-luxembourg-stateless\/2026\/03\/3e367f94-greenpeace_logo_green_rgb.png","contentUrl":"https:\/\/www.greenpeace.org\/static\/planet4-luxembourg-stateless\/2026\/03\/3e367f94-greenpeace_logo_green_rgb.png","width":1080,"height":175,"caption":"Greenpeace Luxembourg"},"image":{"@id":"https:\/\/www.greenpeace.org\/luxembourg\/fr\/#\/schema\/logo\/image\/"},"sameAs":["https:\/\/www.facebook.com\/greenpeaceluxembourg","https:\/\/www.instagram.com\/greenpeacelux\/","https:\/\/www.linkedin.com\/company\/greenpeace-luxembourg\/","https:\/\/www.threads.com\/@greenpeacelux","https:\/\/bsky.app\/profile\/greenpeacelux.bsky.social","https:\/\/www.youtube.com\/@GreenpeaceLux","https:\/\/www.tiktok.com\/@greenpeace_lux"]}]}},"_links":{"self":[{"href":"https:\/\/www.greenpeace.org\/luxembourg\/de\/wp-json\/wp\/v2\/pages\/1082","targetHints":{"allow":["GET"]}}],"collection":[{"href":"https:\/\/www.greenpeace.org\/luxembourg\/de\/wp-json\/wp\/v2\/pages"}],"about":[{"href":"https:\/\/www.greenpeace.org\/luxembourg\/de\/wp-json\/wp\/v2\/types\/page"}],"author":[{"embeddable":true,"href":"https:\/\/www.greenpeace.org\/luxembourg\/de\/wp-json\/wp\/v2\/users\/16"}],"replies":[{"embeddable":true,"href":"https:\/\/www.greenpeace.org\/luxembourg\/de\/wp-json\/wp\/v2\/comments?post=1082"}],"version-history":[{"count":21,"href":"https:\/\/www.greenpeace.org\/luxembourg\/de\/wp-json\/wp\/v2\/pages\/1082\/revisions"}],"predecessor-version":[{"id":25733,"href":"https:\/\/www.greenpeace.org\/luxembourg\/de\/wp-json\/wp\/v2\/pages\/1082\/revisions\/25733"}],"up":[{"embeddable":true,"href":"https:\/\/www.greenpeace.org\/luxembourg\/de\/wp-json\/wp\/v2\/pages\/738"}],"wp:featuredmedia":[{"embeddable":true,"href":"https:\/\/www.greenpeace.org\/luxembourg\/de\/wp-json\/wp\/v2\/media\/1084"}],"wp:attachment":[{"href":"https:\/\/www.greenpeace.org\/luxembourg\/de\/wp-json\/wp\/v2\/media?parent=1082"}],"wp:term":[{"taxonomy":"category","embeddable":true,"href":"https:\/\/www.greenpeace.org\/luxembourg\/de\/wp-json\/wp\/v2\/categories?post=1082"},{"taxonomy":"post_tag","embeddable":true,"href":"https:\/\/www.greenpeace.org\/luxembourg\/de\/wp-json\/wp\/v2\/tags?post=1082"}],"curies":[{"name":"wp","href":"https:\/\/api.w.org\/{rel}","templated":true}]}}