{"id":1097,"date":"2018-09-24T11:34:08","date_gmt":"2018-09-24T11:34:08","guid":{"rendered":"https:\/\/www.greenpeace.org\/luxembourg\/?page_id=1097"},"modified":"2024-03-26T14:49:23","modified_gmt":"2024-03-26T12:49:23","slug":"finanzielle-transparenz","status":"publish","type":"page","link":"https:\/\/www.greenpeace.org\/luxembourg\/de\/finanzielle-transparenz\/","title":{"rendered":"Finanzielle Transparenz"},"content":{"rendered":"\n                    <div class=\"wp-block-group is-vertical is-layout-flex wp-container-core-group-is-layout-8cf370e7 wp-block-group-is-layout-flex\">\n                    \n                                <p>&nbsp;<\/p>\n                            \n\n                    \n                    <\/div>\n                    \n<p>Die Finanzierung von Greenpeace basiert ausschlie\u00dflich auf Spenden und Verm\u00e4chtnissen von Einzelpersonen. Unsere Organisation lehnt jeglichen finanziellen Beitrag von Unternehmen und \u00f6ffentliche Subventionen ab, um in v\u00f6lliger Unabh\u00e4ngigkeit, ohne Einschr\u00e4nkungen und in voller Transparenz zu agieren. Unsere Konten werden jedes Jahr gepr\u00fcft und im Handels- und Gesellschaftsregister (G112 f\u00fcr die Stiftung und F4727 f\u00fcr die ASBL) ver\u00f6ffentlicht. Der vollst\u00e4ndige Bericht ist verf\u00fcgbar unter <a href=\"http:\/\/www.rcs.lu\"><a rel=\"noreferrer noopener\" href=\"http:\/\/www.lbr.lu\/\" target=\"_blank\">www.lbr.lu<\/a><\/a><\/p>\n\n<div class=\"wp-block-buttons is-layout-flex wp-block-buttons-is-layout-flex\">\n<div class=\"wp-block-button\"><a class=\"wp-block-button__link\" href=\"https:\/\/www.greenpeace.org\/luxembourg\/fr\/transparence-financiere\/\">Hier finden Sie unsere Finanzberichte auf Franz\u00f6sisch<\/a><\/div>\n<\/div>\n","protected":false},"excerpt":{"rendered":"<p>&nbsp; Die Finanzierung von Greenpeace basiert ausschlie\u00dflich auf Spenden und Verm\u00e4chtnissen von Einzelpersonen. Unsere Organisation lehnt jeglichen finanziellen Beitrag von Unternehmen und \u00f6ffentliche Subventionen ab, um in v\u00f6lliger Unabh\u00e4ngigkeit, ohne Einschr\u00e4nkungen und in voller Transparenz zu agieren. Unsere Konten werden jedes Jahr gepr\u00fcft und im Handels- und Gesellschaftsregister (G112 f\u00fcr die Stiftung und F4727 f\u00fcr [&hellip;]<\/p>\n","protected":false},"author":16,"featured_media":2680,"parent":0,"menu_order":0,"comment_status":"closed","ping_status":"closed","template":"","meta":{"ep_exclude_from_search":false,"p4_hide_page_title_checkbox":"","p4_title":"","p4_subtitle":"","p4_description":"","background_image_id":"","background_image":"","p4_button_title":"","p4_button_link":"","p4_button_link_checkbox":"","p4_og_title":"","p4_og_description":"","p4_og_image":"","p4_og_image_id":"","p4_seo_canonical_url":"","p4_campaign_name":"not set","p4_local_project":"not set","p4_basket_name":"not set","p4_department":"","footnotes":""},"categories":[17,17],"tags":[],"class_list":["post-1097","page","type-page","status-publish","has-post-thumbnail","hentry","category-greenpeace"],"yoast_head":"<!-- This site is optimized with the Yoast SEO Premium plugin v23.9 (Yoast SEO v23.9) - https:\/\/yoast.com\/wordpress\/plugins\/seo\/ -->\n<title>Finanzielle Transparenz - Greenpeace Luxembourg<\/title>\n<meta name=\"robots\" content=\"index, follow, max-snippet:-1, max-image-preview:large, max-video-preview:-1\" \/>\n<link rel=\"canonical\" href=\"https:\/\/www.greenpeace.org\/luxembourg\/de\/finanzielle-transparenz\/\" \/>\n<meta property=\"og:locale\" content=\"de_DE\" \/>\n<meta property=\"og:type\" content=\"article\" \/>\n<meta property=\"og:title\" content=\"Finanzielle Transparenz\" \/>\n<meta property=\"og:description\" content=\"&nbsp; Die Finanzierung von Greenpeace basiert ausschlie\u00dflich auf Spenden und Verm\u00e4chtnissen von Einzelpersonen. Unsere Organisation lehnt jeglichen finanziellen Beitrag von Unternehmen und \u00f6ffentliche Subventionen ab, um in v\u00f6lliger Unabh\u00e4ngigkeit, ohne Einschr\u00e4nkungen und in voller Transparenz zu agieren. Unsere Konten werden jedes Jahr gepr\u00fcft und im Handels- und Gesellschaftsregister (G112 f\u00fcr die Stiftung und F4727 f\u00fcr [&hellip;]\" \/>\n<meta property=\"og:url\" content=\"https:\/\/www.greenpeace.org\/luxembourg\/de\/finanzielle-transparenz\/\" \/>\n<meta property=\"og:site_name\" content=\"Greenpeace Luxembourg\" \/>\n<meta property=\"article:publisher\" content=\"https:\/\/www.facebook.com\/greenpeaceluxembourg\" \/>\n<meta property=\"article:modified_time\" content=\"2024-03-26T12:49:23+00:00\" \/>\n<meta property=\"og:image\" content=\"https:\/\/www.greenpeace.org\/static\/planet4-luxembourg-stateless\/2018\/10\/1e87fe3b-gp0stp4gg_medium_res-1.jpg\" \/>\n\t<meta property=\"og:image:width\" content=\"1200\" \/>\n\t<meta property=\"og:image:height\" content=\"800\" \/>\n\t<meta property=\"og:image:type\" content=\"image\/jpeg\" \/>\n<meta name=\"twitter:card\" content=\"summary_large_image\" \/>\n<script type=\"application\/ld+json\" class=\"yoast-schema-graph\">{\"@context\":\"https:\/\/schema.org\",\"@graph\":[{\"@type\":\"WebPage\",\"@id\":\"https:\/\/www.greenpeace.org\/luxembourg\/de\/finanzielle-transparenz\/\",\"url\":\"https:\/\/www.greenpeace.org\/luxembourg\/de\/finanzielle-transparenz\/\",\"name\":\"Finanzielle Transparenz - Greenpeace Luxembourg\",\"isPartOf\":{\"@id\":\"https:\/\/www.greenpeace.org\/luxembourg\/fr\/#website\"},\"primaryImageOfPage\":{\"@id\":\"https:\/\/www.greenpeace.org\/luxembourg\/de\/finanzielle-transparenz\/#primaryimage\"},\"image\":{\"@id\":\"https:\/\/www.greenpeace.org\/luxembourg\/de\/finanzielle-transparenz\/#primaryimage\"},\"thumbnailUrl\":\"https:\/\/www.greenpeace.org\/static\/planet4-luxembourg-stateless\/2018\/10\/1e87fe3b-gp0stp4gg_medium_res-1.jpg\",\"datePublished\":\"2018-09-24T11:34:08+00:00\",\"dateModified\":\"2024-03-26T12:49:23+00:00\",\"breadcrumb\":{\"@id\":\"https:\/\/www.greenpeace.org\/luxembourg\/de\/finanzielle-transparenz\/#breadcrumb\"},\"inLanguage\":\"de-LU\",\"potentialAction\":[{\"@type\":\"ReadAction\",\"target\":[\"https:\/\/www.greenpeace.org\/luxembourg\/de\/finanzielle-transparenz\/\"]}]},{\"@type\":\"ImageObject\",\"inLanguage\":\"de-LU\",\"@id\":\"https:\/\/www.greenpeace.org\/luxembourg\/de\/finanzielle-transparenz\/#primaryimage\",\"url\":\"https:\/\/www.greenpeace.org\/static\/planet4-luxembourg-stateless\/2018\/10\/1e87fe3b-gp0stp4gg_medium_res-1.jpg\",\"contentUrl\":\"https:\/\/www.greenpeace.org\/static\/planet4-luxembourg-stateless\/2018\/10\/1e87fe3b-gp0stp4gg_medium_res-1.jpg\",\"width\":1200,\"height\":800,\"caption\":\"Expedition to Pilato Lake, Sibillini Mountains, Italy. Eight Greenpeace teams went to famous remote areas on three continents to collect water and snow samples and test them for PFCs, the hazardous chemicals used to make outdoor gear waterproof. They are already found deep in the ocean, on mountain tops, and in nearly all living creatures. Once released into the environment during industrial production, PFCs persist for millions of years and future generations will continue to be exposed via contaminated water, air and food.\"},{\"@type\":\"BreadcrumbList\",\"@id\":\"https:\/\/www.greenpeace.org\/luxembourg\/de\/finanzielle-transparenz\/#breadcrumb\",\"itemListElement\":[{\"@type\":\"ListItem\",\"position\":1,\"name\":\"Home\",\"item\":\"http:\/\/www.greenpeace.org\/luxembourg\/fr\/\"},{\"@type\":\"ListItem\",\"position\":2,\"name\":\"Finanzielle Transparenz\"}]},{\"@type\":\"WebSite\",\"@id\":\"https:\/\/www.greenpeace.org\/luxembourg\/fr\/#website\",\"url\":\"https:\/\/www.greenpeace.org\/luxembourg\/fr\/\",\"name\":\"Greenpeace Luxembourg\",\"description\":\"Greenpeace existiert, weil unsere Erde eine Stimme braucht. Sie ben\u00f6tigt L\u00f6sungen. Ver\u00e4nderungen. Aktionen.\",\"publisher\":{\"@id\":\"https:\/\/www.greenpeace.org\/luxembourg\/fr\/#organization\"},\"potentialAction\":[{\"@type\":\"SearchAction\",\"target\":{\"@type\":\"EntryPoint\",\"urlTemplate\":\"https:\/\/www.greenpeace.org\/luxembourg\/fr\/?s={search_term_string}\"},\"query-input\":{\"@type\":\"PropertyValueSpecification\",\"valueRequired\":true,\"valueName\":\"search_term_string\"}}],\"inLanguage\":\"de-LU\"},{\"@type\":\"Organization\",\"@id\":\"https:\/\/www.greenpeace.org\/luxembourg\/fr\/#organization\",\"name\":\"Greenpeace Luxembourg\",\"url\":\"https:\/\/www.greenpeace.org\/luxembourg\/fr\/\",\"logo\":{\"@type\":\"ImageObject\",\"inLanguage\":\"de-LU\",\"@id\":\"https:\/\/www.greenpeace.org\/luxembourg\/fr\/#\/schema\/logo\/image\/\",\"url\":\"https:\/\/www.greenpeace.org\/static\/planet4-luxembourg-stateless\/2026\/03\/3e367f94-greenpeace_logo_green_rgb.png\",\"contentUrl\":\"https:\/\/www.greenpeace.org\/static\/planet4-luxembourg-stateless\/2026\/03\/3e367f94-greenpeace_logo_green_rgb.png\",\"width\":1080,\"height\":175,\"caption\":\"Greenpeace Luxembourg\"},\"image\":{\"@id\":\"https:\/\/www.greenpeace.org\/luxembourg\/fr\/#\/schema\/logo\/image\/\"},\"sameAs\":[\"https:\/\/www.facebook.com\/greenpeaceluxembourg\",\"https:\/\/www.instagram.com\/greenpeacelux\/\",\"https:\/\/www.linkedin.com\/company\/greenpeace-luxembourg\/\",\"https:\/\/www.threads.com\/@greenpeacelux\",\"https:\/\/bsky.app\/profile\/greenpeacelux.bsky.social\",\"https:\/\/www.youtube.com\/@GreenpeaceLux\",\"https:\/\/www.tiktok.com\/@greenpeace_lux\"]}]}<\/script>\n<!-- \/ Yoast SEO Premium plugin. -->","yoast_head_json":{"title":"Finanzielle Transparenz - Greenpeace Luxembourg","robots":{"index":"index","follow":"follow","max-snippet":"max-snippet:-1","max-image-preview":"max-image-preview:large","max-video-preview":"max-video-preview:-1"},"canonical":"https:\/\/www.greenpeace.org\/luxembourg\/de\/finanzielle-transparenz\/","og_locale":"de_DE","og_type":"article","og_title":"Finanzielle Transparenz","og_description":"&nbsp; Die Finanzierung von Greenpeace basiert ausschlie\u00dflich auf Spenden und Verm\u00e4chtnissen von Einzelpersonen. Unsere Organisation lehnt jeglichen finanziellen Beitrag von Unternehmen und \u00f6ffentliche Subventionen ab, um in v\u00f6lliger Unabh\u00e4ngigkeit, ohne Einschr\u00e4nkungen und in voller Transparenz zu agieren. Unsere Konten werden jedes Jahr gepr\u00fcft und im Handels- und Gesellschaftsregister (G112 f\u00fcr die Stiftung und F4727 f\u00fcr [&hellip;]","og_url":"https:\/\/www.greenpeace.org\/luxembourg\/de\/finanzielle-transparenz\/","og_site_name":"Greenpeace Luxembourg","article_publisher":"https:\/\/www.facebook.com\/greenpeaceluxembourg","article_modified_time":"2024-03-26T12:49:23+00:00","og_image":[{"width":1200,"height":800,"url":"https:\/\/www.greenpeace.org\/static\/planet4-luxembourg-stateless\/2018\/10\/1e87fe3b-gp0stp4gg_medium_res-1.jpg","type":"image\/jpeg"}],"twitter_card":"summary_large_image","schema":{"@context":"https:\/\/schema.org","@graph":[{"@type":"WebPage","@id":"https:\/\/www.greenpeace.org\/luxembourg\/de\/finanzielle-transparenz\/","url":"https:\/\/www.greenpeace.org\/luxembourg\/de\/finanzielle-transparenz\/","name":"Finanzielle Transparenz - Greenpeace Luxembourg","isPartOf":{"@id":"https:\/\/www.greenpeace.org\/luxembourg\/fr\/#website"},"primaryImageOfPage":{"@id":"https:\/\/www.greenpeace.org\/luxembourg\/de\/finanzielle-transparenz\/#primaryimage"},"image":{"@id":"https:\/\/www.greenpeace.org\/luxembourg\/de\/finanzielle-transparenz\/#primaryimage"},"thumbnailUrl":"https:\/\/www.greenpeace.org\/static\/planet4-luxembourg-stateless\/2018\/10\/1e87fe3b-gp0stp4gg_medium_res-1.jpg","datePublished":"2018-09-24T11:34:08+00:00","dateModified":"2024-03-26T12:49:23+00:00","breadcrumb":{"@id":"https:\/\/www.greenpeace.org\/luxembourg\/de\/finanzielle-transparenz\/#breadcrumb"},"inLanguage":"de-LU","potentialAction":[{"@type":"ReadAction","target":["https:\/\/www.greenpeace.org\/luxembourg\/de\/finanzielle-transparenz\/"]}]},{"@type":"ImageObject","inLanguage":"de-LU","@id":"https:\/\/www.greenpeace.org\/luxembourg\/de\/finanzielle-transparenz\/#primaryimage","url":"https:\/\/www.greenpeace.org\/static\/planet4-luxembourg-stateless\/2018\/10\/1e87fe3b-gp0stp4gg_medium_res-1.jpg","contentUrl":"https:\/\/www.greenpeace.org\/static\/planet4-luxembourg-stateless\/2018\/10\/1e87fe3b-gp0stp4gg_medium_res-1.jpg","width":1200,"height":800,"caption":"Expedition to Pilato Lake, Sibillini Mountains, Italy. Eight Greenpeace teams went to famous remote areas on three continents to collect water and snow samples and test them for PFCs, the hazardous chemicals used to make outdoor gear waterproof. They are already found deep in the ocean, on mountain tops, and in nearly all living creatures. Once released into the environment during industrial production, PFCs persist for millions of years and future generations will continue to be exposed via contaminated water, air and food."},{"@type":"BreadcrumbList","@id":"https:\/\/www.greenpeace.org\/luxembourg\/de\/finanzielle-transparenz\/#breadcrumb","itemListElement":[{"@type":"ListItem","position":1,"name":"Home","item":"http:\/\/www.greenpeace.org\/luxembourg\/fr\/"},{"@type":"ListItem","position":2,"name":"Finanzielle Transparenz"}]},{"@type":"WebSite","@id":"https:\/\/www.greenpeace.org\/luxembourg\/fr\/#website","url":"https:\/\/www.greenpeace.org\/luxembourg\/fr\/","name":"Greenpeace Luxembourg","description":"Greenpeace existiert, weil unsere Erde eine Stimme braucht. Sie ben\u00f6tigt L\u00f6sungen. Ver\u00e4nderungen. Aktionen.","publisher":{"@id":"https:\/\/www.greenpeace.org\/luxembourg\/fr\/#organization"},"potentialAction":[{"@type":"SearchAction","target":{"@type":"EntryPoint","urlTemplate":"https:\/\/www.greenpeace.org\/luxembourg\/fr\/?s={search_term_string}"},"query-input":{"@type":"PropertyValueSpecification","valueRequired":true,"valueName":"search_term_string"}}],"inLanguage":"de-LU"},{"@type":"Organization","@id":"https:\/\/www.greenpeace.org\/luxembourg\/fr\/#organization","name":"Greenpeace Luxembourg","url":"https:\/\/www.greenpeace.org\/luxembourg\/fr\/","logo":{"@type":"ImageObject","inLanguage":"de-LU","@id":"https:\/\/www.greenpeace.org\/luxembourg\/fr\/#\/schema\/logo\/image\/","url":"https:\/\/www.greenpeace.org\/static\/planet4-luxembourg-stateless\/2026\/03\/3e367f94-greenpeace_logo_green_rgb.png","contentUrl":"https:\/\/www.greenpeace.org\/static\/planet4-luxembourg-stateless\/2026\/03\/3e367f94-greenpeace_logo_green_rgb.png","width":1080,"height":175,"caption":"Greenpeace Luxembourg"},"image":{"@id":"https:\/\/www.greenpeace.org\/luxembourg\/fr\/#\/schema\/logo\/image\/"},"sameAs":["https:\/\/www.facebook.com\/greenpeaceluxembourg","https:\/\/www.instagram.com\/greenpeacelux\/","https:\/\/www.linkedin.com\/company\/greenpeace-luxembourg\/","https:\/\/www.threads.com\/@greenpeacelux","https:\/\/bsky.app\/profile\/greenpeacelux.bsky.social","https:\/\/www.youtube.com\/@GreenpeaceLux","https:\/\/www.tiktok.com\/@greenpeace_lux"]}]}},"_links":{"self":[{"href":"https:\/\/www.greenpeace.org\/luxembourg\/de\/wp-json\/wp\/v2\/pages\/1097","targetHints":{"allow":["GET"]}}],"collection":[{"href":"https:\/\/www.greenpeace.org\/luxembourg\/de\/wp-json\/wp\/v2\/pages"}],"about":[{"href":"https:\/\/www.greenpeace.org\/luxembourg\/de\/wp-json\/wp\/v2\/types\/page"}],"author":[{"embeddable":true,"href":"https:\/\/www.greenpeace.org\/luxembourg\/de\/wp-json\/wp\/v2\/users\/16"}],"replies":[{"embeddable":true,"href":"https:\/\/www.greenpeace.org\/luxembourg\/de\/wp-json\/wp\/v2\/comments?post=1097"}],"version-history":[{"count":9,"href":"https:\/\/www.greenpeace.org\/luxembourg\/de\/wp-json\/wp\/v2\/pages\/1097\/revisions"}],"predecessor-version":[{"id":21253,"href":"https:\/\/www.greenpeace.org\/luxembourg\/de\/wp-json\/wp\/v2\/pages\/1097\/revisions\/21253"}],"wp:featuredmedia":[{"embeddable":true,"href":"https:\/\/www.greenpeace.org\/luxembourg\/de\/wp-json\/wp\/v2\/media\/2680"}],"wp:attachment":[{"href":"https:\/\/www.greenpeace.org\/luxembourg\/de\/wp-json\/wp\/v2\/media?parent=1097"}],"wp:term":[{"taxonomy":"category","embeddable":true,"href":"https:\/\/www.greenpeace.org\/luxembourg\/de\/wp-json\/wp\/v2\/categories?post=1097"},{"taxonomy":"post_tag","embeddable":true,"href":"https:\/\/www.greenpeace.org\/luxembourg\/de\/wp-json\/wp\/v2\/tags?post=1097"}],"curies":[{"name":"wp","href":"https:\/\/api.w.org\/{rel}","templated":true}]}}