{"id":11880,"date":"2021-07-09T14:52:46","date_gmt":"2021-07-09T12:52:46","guid":{"rendered":"https:\/\/www.greenpeace.org\/luxembourg\/luxemburgischer-obst-und-gemusekalender\/"},"modified":"2023-05-30T11:12:04","modified_gmt":"2023-05-30T09:12:04","slug":"luxemburgischer-obst-und-gemusekalender","status":"publish","type":"page","link":"https:\/\/www.greenpeace.org\/luxembourg\/de\/handeln\/meng-landwirtschaft\/luxemburgischer-obst-und-gemusekalender\/","title":{"rendered":"Mein Obst- und Gem\u00fcsekalender (Luxemburg Special Edition)"},"content":{"rendered":"\n<p>Sich in Luxemburg biologisch, regional und saisonal zu ern\u00e4hren ist gar nicht kompliziert, im Gegenteil, es ist ganz einfach!<\/p>\n\n<p>Alles was Sie wissen m\u00fcssen ist, wann welches Obst und Gem\u00fcse Saison hat und diese dann zum richtigen Zeitpunkt anzupflanzen oder zu kaufen. Aber es ist gar nicht so leicht sich alle diese unterschiedlichen Obst- und Gem\u00fcsesorten zu merken&#8230; Aus diesem Grund hat Ana\u00efs (unsere Lieblingsillustratorin) uns einen wundersch\u00f6nen und \u00fcbersichtlichen <a href=\"https:\/\/www.greenpeace.org\/static\/planet4-luxembourg-stateless\/2021\/06\/4214f3d2-calendrier_fruits_et_legumes_saison_greenpeace_luxembourg.pdf\" target=\"_blank\" rel=\"noreferrer noopener\">Saisonkalender<\/a><strong> speziell f\u00fcr Luxemburg <\/strong>erstellt! Sie k\u00f6nnen ihn auf Ihr Smartphone downloaden, ausdrucken und in Ihren Einkaufswagen legen oder als Poster an Ihren K\u00fchlschrank kleben um gesunde und umweltfreundliche Rezepte zu kreieren.<\/p>\n\n<p>Es ist nicht notwendig ausgefallene Obst- oder Gem\u00fcsesorten vom anderen Ende der Welt importieren zu lassen, unsere vier Jahreszeiten bieten uns ausreichend Abwechslung an saisonalen und biologischen Fr\u00fcchten! Durch unseren Konsum k\u00f6nnen wir die Entwicklung einer nachhaltigen Landwirtschaft beeinflussen und gleichzeitig unserer Erde Respekt zollen.<\/p>\n\n<p>Lassen Sie es sich schmecken!<\/p>\n\n<div class=\"wp-block-buttons is-content-justification-center is-layout-flex wp-container-core-buttons-is-layout-16018d1d wp-block-buttons-is-layout-flex\">\n<div class=\"wp-block-button is-style-cta\"><a class=\"wp-block-button__link wp-element-button\" href=\"https:\/\/www.greenpeace.org\/static\/planet4-luxembourg-stateless\/2021\/07\/664f3974-sisonkalender_obst_und_gemu\u0308sekalender_greenpeace_luxembourg.pdf\" target=\"_blank\" rel=\"noreferrer noopener\">Kalender downloaden<\/a><\/div>\n<\/div>\n\n<figure class=\"wp-block-image size-large\"><a href=\"https:\/\/www.greenpeace.org\/static\/planet4-luxembourg-stateless\/2021\/07\/664f3974-sisonkalender_obst_und_gemu%CC%88sekalender_greenpeace_luxembourg.pdf\" target=\"_blank\" rel=\"noopener\"><img loading=\"lazy\" decoding=\"async\" width=\"1024\" height=\"683\" src=\"https:\/\/www.greenpeace.org\/static\/planet4-luxembourg-stateless\/2021\/07\/cd91a5a7-apercu_sisonkalender_obst_und_gemu\u0308sekalender_greenpeace_luxembourg-1024x683.png\" alt=\"\" class=\"wp-image-11932\" srcset=\"https:\/\/www.greenpeace.org\/static\/planet4-luxembourg-stateless\/2021\/07\/cd91a5a7-apercu_sisonkalender_obst_und_gemu\u0308sekalender_greenpeace_luxembourg-1024x683.png 1024w, https:\/\/www.greenpeace.org\/static\/planet4-luxembourg-stateless\/2021\/07\/cd91a5a7-apercu_sisonkalender_obst_und_gemu\u0308sekalender_greenpeace_luxembourg-300x200.png 300w, https:\/\/www.greenpeace.org\/static\/planet4-luxembourg-stateless\/2021\/07\/cd91a5a7-apercu_sisonkalender_obst_und_gemu\u0308sekalender_greenpeace_luxembourg-768x512.png 768w, https:\/\/www.greenpeace.org\/static\/planet4-luxembourg-stateless\/2021\/07\/cd91a5a7-apercu_sisonkalender_obst_und_gemu\u0308sekalender_greenpeace_luxembourg-510x340.png 510w, https:\/\/www.greenpeace.org\/static\/planet4-luxembourg-stateless\/2021\/07\/cd91a5a7-apercu_sisonkalender_obst_und_gemu\u0308sekalender_greenpeace_luxembourg.png 1200w\" sizes=\"auto, (max-width: 1024px) 100vw, 1024px\" \/><\/a><\/figure>\n","protected":false},"excerpt":{"rendered":"<p>Sich in Luxemburg biologisch, regional und saisonal zu ern\u00e4hren ist ganz einfach! Wir zeigen Ihnen wie.<\/p>\n","protected":false},"author":22,"featured_media":0,"parent":867,"menu_order":0,"comment_status":"closed","ping_status":"closed","template":"","meta":{"ep_exclude_from_search":false,"p4_hide_page_title_checkbox":"","p4_title":"","p4_subtitle":"","p4_description":"","background_image_id":"","background_image":"","p4_button_title":"","p4_button_link":"","p4_button_link_checkbox":"","p4_og_title":"","p4_og_description":"","p4_og_image":"","p4_og_image_id":"","p4_seo_canonical_url":"","p4_campaign_name":"not set","p4_local_project":"not set","p4_basket_name":"not set","p4_department":"","footnotes":""},"categories":[47],"tags":[67],"class_list":["post-11880","page","type-page","status-publish","hentry","category-natur","tag-nachhaltigelandwirtschaft"],"yoast_head":"<!-- This site is optimized with the Yoast SEO Premium plugin v23.9 (Yoast SEO v23.9) - https:\/\/yoast.com\/wordpress\/plugins\/seo\/ -->\n<title>Mein Obst- und Gem\u00fcsekalender (Luxemburg Special Edition) - Greenpeace Luxembourg<\/title>\n<meta name=\"robots\" content=\"index, follow, max-snippet:-1, max-image-preview:large, max-video-preview:-1\" \/>\n<link rel=\"canonical\" href=\"http:\/\/www.greenpeace.org\/luxembourg\/fr\/agir\/astuces-ecolos\/calendrier-des-fruits-et-legumes-du-luxembourg\/\" \/>\n<meta property=\"og:locale\" content=\"de_DE\" \/>\n<meta property=\"og:type\" content=\"article\" \/>\n<meta property=\"og:title\" content=\"Mein Obst- und Gem\u00fcsekalender (Luxemburg Special Edition)\" \/>\n<meta property=\"og:description\" content=\"Sich in Luxemburg biologisch, regional und saisonal zu ern\u00e4hren ist ganz einfach! Wir zeigen Ihnen wie.\" \/>\n<meta property=\"og:url\" content=\"http:\/\/www.greenpeace.org\/luxembourg\/fr\/agir\/astuces-ecolos\/calendrier-des-fruits-et-legumes-du-luxembourg\/\" \/>\n<meta property=\"og:site_name\" content=\"Greenpeace Luxembourg\" \/>\n<meta property=\"article:publisher\" content=\"https:\/\/www.facebook.com\/greenpeaceluxembourg\" \/>\n<meta property=\"article:modified_time\" content=\"2023-05-30T09:12:04+00:00\" \/>\n<meta name=\"twitter:card\" content=\"summary_large_image\" \/>\n<meta name=\"twitter:label1\" content=\"Est. reading time\" \/>\n\t<meta name=\"twitter:data1\" content=\"1 minute\" \/>\n<script type=\"application\/ld+json\" class=\"yoast-schema-graph\">{\"@context\":\"https:\/\/schema.org\",\"@graph\":[{\"@type\":\"WebPage\",\"@id\":\"http:\/\/www.greenpeace.org\/luxembourg\/fr\/agir\/astuces-ecolos\/calendrier-des-fruits-et-legumes-du-luxembourg\/\",\"url\":\"http:\/\/www.greenpeace.org\/luxembourg\/fr\/agir\/astuces-ecolos\/calendrier-des-fruits-et-legumes-du-luxembourg\/\",\"name\":\"Mein Obst- und Gem\u00fcsekalender (Luxemburg Special Edition) - Greenpeace Luxembourg\",\"isPartOf\":{\"@id\":\"https:\/\/www.greenpeace.org\/luxembourg\/fr\/#website\"},\"datePublished\":\"2021-07-09T12:52:46+00:00\",\"dateModified\":\"2023-05-30T09:12:04+00:00\",\"breadcrumb\":{\"@id\":\"http:\/\/www.greenpeace.org\/luxembourg\/fr\/agir\/astuces-ecolos\/calendrier-des-fruits-et-legumes-du-luxembourg\/#breadcrumb\"},\"inLanguage\":\"de-LU\",\"potentialAction\":[{\"@type\":\"ReadAction\",\"target\":[\"http:\/\/www.greenpeace.org\/luxembourg\/fr\/agir\/astuces-ecolos\/calendrier-des-fruits-et-legumes-du-luxembourg\/\"]}]},{\"@type\":\"BreadcrumbList\",\"@id\":\"http:\/\/www.greenpeace.org\/luxembourg\/fr\/agir\/astuces-ecolos\/calendrier-des-fruits-et-legumes-du-luxembourg\/#breadcrumb\",\"itemListElement\":[{\"@type\":\"ListItem\",\"position\":1,\"name\":\"Home\",\"item\":\"http:\/\/www.greenpeace.org\/luxembourg\/fr\/\"},{\"@type\":\"ListItem\",\"position\":2,\"name\":\"Handeln\",\"item\":\"http:\/\/www.greenpeace.org\/luxembourg\/fr\/agir\/\"},{\"@type\":\"ListItem\",\"position\":3,\"name\":\"F\u00fcr eine nachhaltige Landwirtschaft\",\"item\":\"http:\/\/www.greenpeace.org\/luxembourg\/de\/handeln\/meng-landwirtschaft\/\"},{\"@type\":\"ListItem\",\"position\":4,\"name\":\"Mein Obst- und Gem\u00fcsekalender (Luxemburg Special Edition)\"}]},{\"@type\":\"WebSite\",\"@id\":\"https:\/\/www.greenpeace.org\/luxembourg\/fr\/#website\",\"url\":\"https:\/\/www.greenpeace.org\/luxembourg\/fr\/\",\"name\":\"Greenpeace Luxembourg\",\"description\":\"Greenpeace existiert, weil unsere Erde eine Stimme braucht. Sie ben\u00f6tigt L\u00f6sungen. Ver\u00e4nderungen. Aktionen.\",\"publisher\":{\"@id\":\"https:\/\/www.greenpeace.org\/luxembourg\/fr\/#organization\"},\"potentialAction\":[{\"@type\":\"SearchAction\",\"target\":{\"@type\":\"EntryPoint\",\"urlTemplate\":\"https:\/\/www.greenpeace.org\/luxembourg\/fr\/?s={search_term_string}\"},\"query-input\":{\"@type\":\"PropertyValueSpecification\",\"valueRequired\":true,\"valueName\":\"search_term_string\"}}],\"inLanguage\":\"de-LU\"},{\"@type\":\"Organization\",\"@id\":\"https:\/\/www.greenpeace.org\/luxembourg\/fr\/#organization\",\"name\":\"Greenpeace Luxembourg\",\"url\":\"https:\/\/www.greenpeace.org\/luxembourg\/fr\/\",\"logo\":{\"@type\":\"ImageObject\",\"inLanguage\":\"de-LU\",\"@id\":\"https:\/\/www.greenpeace.org\/luxembourg\/fr\/#\/schema\/logo\/image\/\",\"url\":\"https:\/\/www.greenpeace.org\/static\/planet4-luxembourg-stateless\/2026\/03\/3e367f94-greenpeace_logo_green_rgb.png\",\"contentUrl\":\"https:\/\/www.greenpeace.org\/static\/planet4-luxembourg-stateless\/2026\/03\/3e367f94-greenpeace_logo_green_rgb.png\",\"width\":1080,\"height\":175,\"caption\":\"Greenpeace Luxembourg\"},\"image\":{\"@id\":\"https:\/\/www.greenpeace.org\/luxembourg\/fr\/#\/schema\/logo\/image\/\"},\"sameAs\":[\"https:\/\/www.facebook.com\/greenpeaceluxembourg\",\"https:\/\/www.instagram.com\/greenpeacelux\/\",\"https:\/\/www.linkedin.com\/company\/greenpeace-luxembourg\/\",\"https:\/\/www.threads.com\/@greenpeacelux\",\"https:\/\/bsky.app\/profile\/greenpeacelux.bsky.social\",\"https:\/\/www.youtube.com\/@GreenpeaceLux\",\"https:\/\/www.tiktok.com\/@greenpeace_lux\"]}]}<\/script>\n<!-- \/ Yoast SEO Premium plugin. -->","yoast_head_json":{"title":"Mein Obst- und Gem\u00fcsekalender (Luxemburg Special Edition) - Greenpeace Luxembourg","robots":{"index":"index","follow":"follow","max-snippet":"max-snippet:-1","max-image-preview":"max-image-preview:large","max-video-preview":"max-video-preview:-1"},"canonical":"http:\/\/www.greenpeace.org\/luxembourg\/fr\/agir\/astuces-ecolos\/calendrier-des-fruits-et-legumes-du-luxembourg\/","og_locale":"de_DE","og_type":"article","og_title":"Mein Obst- und Gem\u00fcsekalender (Luxemburg Special Edition)","og_description":"Sich in Luxemburg biologisch, regional und saisonal zu ern\u00e4hren ist ganz einfach! Wir zeigen Ihnen wie.","og_url":"http:\/\/www.greenpeace.org\/luxembourg\/fr\/agir\/astuces-ecolos\/calendrier-des-fruits-et-legumes-du-luxembourg\/","og_site_name":"Greenpeace Luxembourg","article_publisher":"https:\/\/www.facebook.com\/greenpeaceluxembourg","article_modified_time":"2023-05-30T09:12:04+00:00","twitter_card":"summary_large_image","twitter_misc":{"Est. reading time":"1 minute"},"schema":{"@context":"https:\/\/schema.org","@graph":[{"@type":"WebPage","@id":"http:\/\/www.greenpeace.org\/luxembourg\/fr\/agir\/astuces-ecolos\/calendrier-des-fruits-et-legumes-du-luxembourg\/","url":"http:\/\/www.greenpeace.org\/luxembourg\/fr\/agir\/astuces-ecolos\/calendrier-des-fruits-et-legumes-du-luxembourg\/","name":"Mein Obst- und Gem\u00fcsekalender (Luxemburg Special Edition) - Greenpeace Luxembourg","isPartOf":{"@id":"https:\/\/www.greenpeace.org\/luxembourg\/fr\/#website"},"datePublished":"2021-07-09T12:52:46+00:00","dateModified":"2023-05-30T09:12:04+00:00","breadcrumb":{"@id":"http:\/\/www.greenpeace.org\/luxembourg\/fr\/agir\/astuces-ecolos\/calendrier-des-fruits-et-legumes-du-luxembourg\/#breadcrumb"},"inLanguage":"de-LU","potentialAction":[{"@type":"ReadAction","target":["http:\/\/www.greenpeace.org\/luxembourg\/fr\/agir\/astuces-ecolos\/calendrier-des-fruits-et-legumes-du-luxembourg\/"]}]},{"@type":"BreadcrumbList","@id":"http:\/\/www.greenpeace.org\/luxembourg\/fr\/agir\/astuces-ecolos\/calendrier-des-fruits-et-legumes-du-luxembourg\/#breadcrumb","itemListElement":[{"@type":"ListItem","position":1,"name":"Home","item":"http:\/\/www.greenpeace.org\/luxembourg\/fr\/"},{"@type":"ListItem","position":2,"name":"Handeln","item":"http:\/\/www.greenpeace.org\/luxembourg\/fr\/agir\/"},{"@type":"ListItem","position":3,"name":"F\u00fcr eine nachhaltige Landwirtschaft","item":"http:\/\/www.greenpeace.org\/luxembourg\/de\/handeln\/meng-landwirtschaft\/"},{"@type":"ListItem","position":4,"name":"Mein Obst- und Gem\u00fcsekalender (Luxemburg Special Edition)"}]},{"@type":"WebSite","@id":"https:\/\/www.greenpeace.org\/luxembourg\/fr\/#website","url":"https:\/\/www.greenpeace.org\/luxembourg\/fr\/","name":"Greenpeace Luxembourg","description":"Greenpeace existiert, weil unsere Erde eine Stimme braucht. Sie ben\u00f6tigt L\u00f6sungen. Ver\u00e4nderungen. Aktionen.","publisher":{"@id":"https:\/\/www.greenpeace.org\/luxembourg\/fr\/#organization"},"potentialAction":[{"@type":"SearchAction","target":{"@type":"EntryPoint","urlTemplate":"https:\/\/www.greenpeace.org\/luxembourg\/fr\/?s={search_term_string}"},"query-input":{"@type":"PropertyValueSpecification","valueRequired":true,"valueName":"search_term_string"}}],"inLanguage":"de-LU"},{"@type":"Organization","@id":"https:\/\/www.greenpeace.org\/luxembourg\/fr\/#organization","name":"Greenpeace Luxembourg","url":"https:\/\/www.greenpeace.org\/luxembourg\/fr\/","logo":{"@type":"ImageObject","inLanguage":"de-LU","@id":"https:\/\/www.greenpeace.org\/luxembourg\/fr\/#\/schema\/logo\/image\/","url":"https:\/\/www.greenpeace.org\/static\/planet4-luxembourg-stateless\/2026\/03\/3e367f94-greenpeace_logo_green_rgb.png","contentUrl":"https:\/\/www.greenpeace.org\/static\/planet4-luxembourg-stateless\/2026\/03\/3e367f94-greenpeace_logo_green_rgb.png","width":1080,"height":175,"caption":"Greenpeace Luxembourg"},"image":{"@id":"https:\/\/www.greenpeace.org\/luxembourg\/fr\/#\/schema\/logo\/image\/"},"sameAs":["https:\/\/www.facebook.com\/greenpeaceluxembourg","https:\/\/www.instagram.com\/greenpeacelux\/","https:\/\/www.linkedin.com\/company\/greenpeace-luxembourg\/","https:\/\/www.threads.com\/@greenpeacelux","https:\/\/bsky.app\/profile\/greenpeacelux.bsky.social","https:\/\/www.youtube.com\/@GreenpeaceLux","https:\/\/www.tiktok.com\/@greenpeace_lux"]}]}},"_links":{"self":[{"href":"https:\/\/www.greenpeace.org\/luxembourg\/de\/wp-json\/wp\/v2\/pages\/11880","targetHints":{"allow":["GET"]}}],"collection":[{"href":"https:\/\/www.greenpeace.org\/luxembourg\/de\/wp-json\/wp\/v2\/pages"}],"about":[{"href":"https:\/\/www.greenpeace.org\/luxembourg\/de\/wp-json\/wp\/v2\/types\/page"}],"author":[{"embeddable":true,"href":"https:\/\/www.greenpeace.org\/luxembourg\/de\/wp-json\/wp\/v2\/users\/22"}],"replies":[{"embeddable":true,"href":"https:\/\/www.greenpeace.org\/luxembourg\/de\/wp-json\/wp\/v2\/comments?post=11880"}],"version-history":[{"count":11,"href":"https:\/\/www.greenpeace.org\/luxembourg\/de\/wp-json\/wp\/v2\/pages\/11880\/revisions"}],"predecessor-version":[{"id":18585,"href":"https:\/\/www.greenpeace.org\/luxembourg\/de\/wp-json\/wp\/v2\/pages\/11880\/revisions\/18585"}],"up":[{"embeddable":true,"href":"https:\/\/www.greenpeace.org\/luxembourg\/de\/wp-json\/wp\/v2\/pages\/867"}],"wp:attachment":[{"href":"https:\/\/www.greenpeace.org\/luxembourg\/de\/wp-json\/wp\/v2\/media?parent=11880"}],"wp:term":[{"taxonomy":"category","embeddable":true,"href":"https:\/\/www.greenpeace.org\/luxembourg\/de\/wp-json\/wp\/v2\/categories?post=11880"},{"taxonomy":"post_tag","embeddable":true,"href":"https:\/\/www.greenpeace.org\/luxembourg\/de\/wp-json\/wp\/v2\/tags?post=11880"}],"curies":[{"name":"wp","href":"https:\/\/api.w.org\/{rel}","templated":true}]}}