{"id":11907,"date":"2021-07-14T19:22:41","date_gmt":"2021-07-14T17:22:41","guid":{"rendered":"https:\/\/www.greenpeace.org\/luxembourg\/?page_id=11907"},"modified":"2021-07-27T16:44:49","modified_gmt":"2021-07-27T14:44:49","slug":"schutzen-sie-unsere-walder","status":"publish","type":"page","link":"https:\/\/www.greenpeace.org\/luxembourg\/de\/handeln\/schutzen-sie-unsere-walder\/","title":{"rendered":"Sch\u00fctzen Sie unsere W\u00e4lder"},"content":{"rendered":"\n<div class=\"wp-block-planet4-blocks-enform is-style-full-width\" data-render=\"planet4-blocks\/enform\" data-attributes=\"{&quot;background&quot;:11601,&quot;background_image_focus&quot;:&quot;50% 50%&quot;,&quot;background_image_src&quot;:&quot;https:\/\/www.greenpeace.org\/static\/planet4-luxembourg-stateless\/2021\/06\/a2137e4a-gp1su5ja.jpg&quot;,&quot;button_text&quot;:&quot;Ich unterzeichne&quot;,&quot;className&quot;:&quot;is-style-full-width&quot;,&quot;content_description&quot;:&quot;<p&gt;Unsere Urw\u00e4lder gehen in Flammen auf. Der Amazonas, Australien, Indonesien, Sibirien - kein \u00d6kosystem bleibt verschont. Aber immerhin haben wir verstanden, was wir hier und jetzt \u00e4ndern k\u00f6nnen.<\/p&gt;<p&gt;Ausl\u00f6ser der Br\u00e4nde in S\u00fcdamerika ist vor allem die industrielle Landwirtschaft, die mit ihren Abholzungen Produkte z\u00fcchtet und anbaut, die wir konsumieren. W\u00e4hrend in Indonesien der Lebensraum der Orang-Utans f\u00fcr Palm\u00f6l zerst\u00f6rt wird.<\/p&gt;<p&gt;So \u00fcberraschend es auch klingen mag, es ist bewiesen, dass sowohl kleine als auch gro\u00dfe Staaten mitverantwortlich an der internationalen Notlage sind: Produkte, die wir konsumieren, stehen in Verbindung mit der Abholzung von Urw\u00e4ldern am anderen Ende der Welt... auch wenn diese Produkte noch so lokal erscheinen! Hierbei handelt es sich um \u201cimportierte Abholzung\u201d.<\/p&gt;<p&gt;In Luxemburg ist vor allem die Zucht von Milchk\u00fchen und die Herstellung von Tierfutter verantwortlich f\u00fcr den Import von Sojabohnen. Aber wussten Sie auch, dass \u00fcber 60 % der lokalen Rohmilchprodukte ins Ausland exportiert werden?<\/p&gt;<p&gt;Ob Soja, Mais, Gummi, Holz, Palm\u00f6l, Kaffee oder Kakao,\u00a0 diese allt\u00e4glichen Produkte werden importiert, um unsere Rinder zu f\u00fcttern, Reifen und Zahnpasta herzustellen oder einfach zu unserem Vergn\u00fcgen. Dabei zerst\u00f6ren sie weltweit unsere Urw\u00e4lder. Luxemburg und die Europ\u00e4ische Union d\u00fcrfen nicht l\u00e4nger Komplizen in dieser Sache sein.<\/p&gt;<p&gt;Es wird Zeit f\u00fcr Phase 2 im Kampf gegen importierte Abholzungen: Nachdem wir uns auf nationaler Ebene engagiert haben, m\u00fcssen wir nun auf europ\u00e4ischer Ebene handeln!<\/p&gt;&quot;,&quot;content_title&quot;:&quot;Importierte Abholzung: Luxemburg muss handeln&quot;,&quot;content_title_size&quot;:&quot;h1&quot;,&quot;custom_donate_url&quot;:&quot;https:\/\/faire-un-don.greenpeace.lu\/de\/spenden-2\/?codespec=7013V000000LLt2&quot;,&quot;description&quot;:&quot;<p&gt;Nach einem ersten Appell an unsere luxemburgischen Regierungschefs, fordere nun die <strong&gt;Mitglieder:innen des Europ\u00e4ischen Parlament<\/strong&gt;s auf, eine <strong&gt;echte Strategie gegen importierte Abholzungen<\/strong&gt; zu entwickeln, um <strong&gt;Waldbr\u00e4nde<\/strong&gt; zu verhindern!<\/p&gt;&quot;,&quot;donate_text&quot;:&quot;Donate&quot;,&quot;en_form_fields&quot;:[],&quot;en_form_id&quot;:6380,&quot;en_form_style&quot;:&quot;full-width&quot;,&quot;en_page_id&quot;:85081,&quot;enform_goal&quot;:&quot;Petition Signup&quot;,&quot;social&quot;:{},&quot;social_accounts&quot;:{},&quot;thankyou_donate_message&quot;:&quot;<em&gt;Und z\u00f6gere nicht, uns beim Schutz brennender Urw\u00e4lder zu unterst\u00fctzen<\/em&gt;&quot;,&quot;thankyou_social_media_message&quot;:&quot;Informiere deine Freunde und Bekannten um gemeinsam den Druck auf unsere Regierung zu erh\u00f6hen.&quot;,&quot;thankyou_subtitle&quot;:&quot;Informieren Sie Ihre Freunde und Bekannten um gemeinsam den Druck auf unsere Regierung zu erh\u00f6hen.&quot;,&quot;thankyou_title&quot;:&quot;Danke, dass du dich f\u00fcr unsere Urw\u00e4lder einsetzt&quot;,&quot;title&quot;:&quot;Abholzungen: Das kleine Luxemburg kann eine gro\u00dfe Rolle spielen&quot;}\"><\/div>\n\n<h2 class=\"wp-block-heading\">Sind Luxemburg und Europa mitschuld an der Abholzung internationaler W\u00e4lder?<\/h2>\n\n<p>Unsere Urw\u00e4lder gehen in Flammen auf. Der Amazonas, Australien, Indonesien, Sibirien &#8211; kein \u00d6kosystem bleibt verschont. Aber immerhin haben wir verstanden, was wir hier und jetzt \u00e4ndern k\u00f6nnen.<\/p>\n\n<p>Ausl\u00f6ser der Br\u00e4nde in S\u00fcdamerika ist vor allem die industrielle Landwirtschaft, die mit ihren Abholzungen Produkte z\u00fcchtet und anbaut, die wir konsumieren. W\u00e4hrend in Indonesien der Lebensraum der Orang-Utans f\u00fcr Palm\u00f6l zerst\u00f6rt wird.<\/p>\n\n<p>So \u00fcberraschend es auch klingen mag, es ist bewiesen, dass sowohl kleine als auch gro\u00dfe Staaten mitverantwortlich an der internationalen Notlage sind: Produkte, die wir konsumieren, stehen in Verbindung mit der Abholzung von Urw\u00e4ldern am anderen Ende der Welt&#8230; auch wenn diese Produkte noch so lokal erscheinen! Hierbei handelt es sich um \u201cimportierte Abholzung\u201d.<\/p>\n\n<p>In Luxemburg ist vor allem die Zucht von Milchk\u00fchen und die Herstellung von Tierfutter verantwortlich f\u00fcr den Import von Sojabohnen. Aber wusstest du auch, dass \u00fcber 60 % der lokalen Rohmilchprodukte ins Ausland exportiert werden?<\/p>\n\n<p>Ob Soja, Mais, Gummi, Holz, Palm\u00f6l, Kaffee oder Kakao,\u00a0 diese allt\u00e4glichen Produkte werden importiert, um unsere Rinder zu f\u00fcttern, Reifen und Zahnpasta herzustellen oder einfach zu unserem Vergn\u00fcgen. Dabei zerst\u00f6ren sie weltweit unsere Urw\u00e4lder. Luxemburg und die Europ\u00e4ische Union d\u00fcrfen nicht l\u00e4nger Komplizen in dieser Sache sein.<\/p>\n\n<h2 class=\"wp-block-heading\">Was k\u00f6nnen wir unternehmen?<\/h2>\n\n<p>Jetzt ist Zeit f\u00fcr Phase 2 im Kampf gegen importierte Abholzungen: Nachdem wir uns auf nationaler Ebene engagiert haben, m\u00fcssen wir nun auf europ\u00e4ischer Ebene handeln!<\/p>\n\n<p>Wir m\u00fcssen aufh\u00f6ren, damit aufzuh\u00f6ren, Produkte zu importieren, die mit\u00a0 Waldrodungen in Verbindung gebracht werden k\u00f6nnen.<\/p>\n\n<p><\/p>\n\n<div class=\"wp-block-buttons is-layout-flex wp-block-buttons-is-layout-flex\">\n<div class=\"wp-block-button aligncenter is-style-cta\"><a class=\"wp-block-button__link\" href=\"#enform\">Ich unterzeichne <\/a><\/div>\n<\/div>\n","protected":false},"excerpt":{"rendered":"<p>Petition: Luxemburg hat die Macht, gegen importierte Abholzung und Waldbr\u00e4nde vorzugehen!<\/p>\n","protected":false},"author":22,"featured_media":11601,"parent":661,"menu_order":0,"comment_status":"closed","ping_status":"closed","template":"","meta":{"ep_exclude_from_search":false,"p4_hide_page_title_checkbox":"","p4_title":"","p4_subtitle":"","p4_description":"","background_image_id":"","background_image":"","p4_button_title":"","p4_button_link":"","p4_button_link_checkbox":"","p4_og_title":"","p4_og_description":"","p4_og_image":"","p4_og_image_id":"","p4_seo_canonical_url":"","p4_campaign_name":"Together For Forests","p4_local_project":"not set","p4_basket_name":"Forests","p4_department":"Fundraising","footnotes":""},"categories":[47],"tags":[102],"class_list":["post-11907","page","type-page","status-publish","has-post-thumbnail","hentry","category-natur","tag-urwalder"],"yoast_head":"<!-- This site is optimized with the Yoast SEO Premium plugin v23.9 (Yoast SEO v23.9) - https:\/\/yoast.com\/wordpress\/plugins\/seo\/ -->\n<title>Sch\u00fctzen Sie unsere W\u00e4lder - Greenpeace Luxembourg<\/title>\n<meta name=\"robots\" content=\"index, follow, max-snippet:-1, max-image-preview:large, max-video-preview:-1\" \/>\n<link rel=\"canonical\" href=\"http:\/\/www.greenpeace.org\/luxembourg\/fr\/?page_id=11552\" \/>\n<meta property=\"og:locale\" content=\"de_DE\" \/>\n<meta property=\"og:type\" content=\"article\" \/>\n<meta property=\"og:title\" content=\"Sch\u00fctzen Sie unsere W\u00e4lder\" \/>\n<meta property=\"og:description\" content=\"Petition: Luxemburg hat die Macht, gegen importierte Abholzung und Waldbr\u00e4nde vorzugehen!\" \/>\n<meta property=\"og:url\" content=\"http:\/\/www.greenpeace.org\/luxembourg\/fr\/?page_id=11552\" \/>\n<meta property=\"og:site_name\" content=\"Greenpeace Luxembourg\" \/>\n<meta property=\"article:publisher\" content=\"https:\/\/www.facebook.com\/greenpeaceluxembourg\" \/>\n<meta property=\"article:modified_time\" content=\"2021-07-27T14:44:49+00:00\" \/>\n<meta property=\"og:image\" content=\"https:\/\/www.greenpeace.org\/static\/planet4-luxembourg-stateless\/2021\/06\/a2137e4a-gp1su5ja.jpg\" \/>\n\t<meta property=\"og:image:width\" content=\"1200\" \/>\n\t<meta property=\"og:image:height\" content=\"675\" \/>\n\t<meta property=\"og:image:type\" content=\"image\/jpeg\" \/>\n<meta name=\"twitter:card\" content=\"summary_large_image\" \/>\n<script type=\"application\/ld+json\" class=\"yoast-schema-graph\">{\"@context\":\"https:\/\/schema.org\",\"@graph\":[{\"@type\":\"WebPage\",\"@id\":\"http:\/\/www.greenpeace.org\/luxembourg\/fr\/?page_id=11552\",\"url\":\"http:\/\/www.greenpeace.org\/luxembourg\/fr\/?page_id=11552\",\"name\":\"Sch\u00fctzen Sie unsere W\u00e4lder - Greenpeace Luxembourg\",\"isPartOf\":{\"@id\":\"https:\/\/www.greenpeace.org\/luxembourg\/fr\/#website\"},\"primaryImageOfPage\":{\"@id\":\"http:\/\/www.greenpeace.org\/luxembourg\/fr\/?page_id=11552#primaryimage\"},\"image\":{\"@id\":\"http:\/\/www.greenpeace.org\/luxembourg\/fr\/?page_id=11552#primaryimage\"},\"thumbnailUrl\":\"https:\/\/www.greenpeace.org\/static\/planet4-luxembourg-stateless\/2021\/06\/a2137e4a-gp1su5ja.jpg\",\"datePublished\":\"2021-07-14T17:22:41+00:00\",\"dateModified\":\"2021-07-27T14:44:49+00:00\",\"breadcrumb\":{\"@id\":\"http:\/\/www.greenpeace.org\/luxembourg\/fr\/?page_id=11552#breadcrumb\"},\"inLanguage\":\"de-LU\",\"potentialAction\":[{\"@type\":\"ReadAction\",\"target\":[\"http:\/\/www.greenpeace.org\/luxembourg\/fr\/?page_id=11552\"]}]},{\"@type\":\"ImageObject\",\"inLanguage\":\"de-LU\",\"@id\":\"http:\/\/www.greenpeace.org\/luxembourg\/fr\/?page_id=11552#primaryimage\",\"url\":\"https:\/\/www.greenpeace.org\/static\/planet4-luxembourg-stateless\/2021\/06\/a2137e4a-gp1su5ja.jpg\",\"contentUrl\":\"https:\/\/www.greenpeace.org\/static\/planet4-luxembourg-stateless\/2021\/06\/a2137e4a-gp1su5ja.jpg\",\"width\":1200,\"height\":675,\"caption\":\"This summer Siberia is extremely suffering from various consequences of climate change: heat waves, oil spills caused by permafrost thawing and raging forest fires. Greenpeace Russia team has documented forest fires in the Krasnoyarsk region. It is a clear evidence of a climate emergency: the northern landscape is being transformed by heat and fire. While Russian authorities are failing to stop these fires, valuable for the planet taiga continues burning with the consequences to local people and big contribution to climate change.\"},{\"@type\":\"BreadcrumbList\",\"@id\":\"http:\/\/www.greenpeace.org\/luxembourg\/fr\/?page_id=11552#breadcrumb\",\"itemListElement\":[{\"@type\":\"ListItem\",\"position\":1,\"name\":\"Home\",\"item\":\"http:\/\/www.greenpeace.org\/luxembourg\/fr\/\"},{\"@type\":\"ListItem\",\"position\":2,\"name\":\"Handeln\",\"item\":\"http:\/\/www.greenpeace.org\/luxembourg\/fr\/agir\/\"},{\"@type\":\"ListItem\",\"position\":3,\"name\":\"Sch\u00fctzen Sie unsere W\u00e4lder\"}]},{\"@type\":\"WebSite\",\"@id\":\"https:\/\/www.greenpeace.org\/luxembourg\/fr\/#website\",\"url\":\"https:\/\/www.greenpeace.org\/luxembourg\/fr\/\",\"name\":\"Greenpeace Luxembourg\",\"description\":\"Greenpeace existiert, weil unsere Erde eine Stimme braucht. Sie ben\u00f6tigt L\u00f6sungen. Ver\u00e4nderungen. Aktionen.\",\"publisher\":{\"@id\":\"https:\/\/www.greenpeace.org\/luxembourg\/fr\/#organization\"},\"potentialAction\":[{\"@type\":\"SearchAction\",\"target\":{\"@type\":\"EntryPoint\",\"urlTemplate\":\"https:\/\/www.greenpeace.org\/luxembourg\/fr\/?s={search_term_string}\"},\"query-input\":{\"@type\":\"PropertyValueSpecification\",\"valueRequired\":true,\"valueName\":\"search_term_string\"}}],\"inLanguage\":\"de-LU\"},{\"@type\":\"Organization\",\"@id\":\"https:\/\/www.greenpeace.org\/luxembourg\/fr\/#organization\",\"name\":\"Greenpeace Luxembourg\",\"url\":\"https:\/\/www.greenpeace.org\/luxembourg\/fr\/\",\"logo\":{\"@type\":\"ImageObject\",\"inLanguage\":\"de-LU\",\"@id\":\"https:\/\/www.greenpeace.org\/luxembourg\/fr\/#\/schema\/logo\/image\/\",\"url\":\"https:\/\/www.greenpeace.org\/static\/planet4-luxembourg-stateless\/2026\/03\/3e367f94-greenpeace_logo_green_rgb.png\",\"contentUrl\":\"https:\/\/www.greenpeace.org\/static\/planet4-luxembourg-stateless\/2026\/03\/3e367f94-greenpeace_logo_green_rgb.png\",\"width\":1080,\"height\":175,\"caption\":\"Greenpeace Luxembourg\"},\"image\":{\"@id\":\"https:\/\/www.greenpeace.org\/luxembourg\/fr\/#\/schema\/logo\/image\/\"},\"sameAs\":[\"https:\/\/www.facebook.com\/greenpeaceluxembourg\",\"https:\/\/www.instagram.com\/greenpeacelux\/\",\"https:\/\/www.linkedin.com\/company\/greenpeace-luxembourg\/\",\"https:\/\/www.threads.com\/@greenpeacelux\",\"https:\/\/bsky.app\/profile\/greenpeacelux.bsky.social\",\"https:\/\/www.youtube.com\/@GreenpeaceLux\",\"https:\/\/www.tiktok.com\/@greenpeace_lux\"]}]}<\/script>\n<!-- \/ Yoast SEO Premium plugin. -->","yoast_head_json":{"title":"Sch\u00fctzen Sie unsere W\u00e4lder - Greenpeace Luxembourg","robots":{"index":"index","follow":"follow","max-snippet":"max-snippet:-1","max-image-preview":"max-image-preview:large","max-video-preview":"max-video-preview:-1"},"canonical":"http:\/\/www.greenpeace.org\/luxembourg\/fr\/?page_id=11552","og_locale":"de_DE","og_type":"article","og_title":"Sch\u00fctzen Sie unsere W\u00e4lder","og_description":"Petition: Luxemburg hat die Macht, gegen importierte Abholzung und Waldbr\u00e4nde vorzugehen!","og_url":"http:\/\/www.greenpeace.org\/luxembourg\/fr\/?page_id=11552","og_site_name":"Greenpeace Luxembourg","article_publisher":"https:\/\/www.facebook.com\/greenpeaceluxembourg","article_modified_time":"2021-07-27T14:44:49+00:00","og_image":[{"width":1200,"height":675,"url":"https:\/\/www.greenpeace.org\/static\/planet4-luxembourg-stateless\/2021\/06\/a2137e4a-gp1su5ja.jpg","type":"image\/jpeg"}],"twitter_card":"summary_large_image","schema":{"@context":"https:\/\/schema.org","@graph":[{"@type":"WebPage","@id":"http:\/\/www.greenpeace.org\/luxembourg\/fr\/?page_id=11552","url":"http:\/\/www.greenpeace.org\/luxembourg\/fr\/?page_id=11552","name":"Sch\u00fctzen Sie unsere W\u00e4lder - Greenpeace Luxembourg","isPartOf":{"@id":"https:\/\/www.greenpeace.org\/luxembourg\/fr\/#website"},"primaryImageOfPage":{"@id":"http:\/\/www.greenpeace.org\/luxembourg\/fr\/?page_id=11552#primaryimage"},"image":{"@id":"http:\/\/www.greenpeace.org\/luxembourg\/fr\/?page_id=11552#primaryimage"},"thumbnailUrl":"https:\/\/www.greenpeace.org\/static\/planet4-luxembourg-stateless\/2021\/06\/a2137e4a-gp1su5ja.jpg","datePublished":"2021-07-14T17:22:41+00:00","dateModified":"2021-07-27T14:44:49+00:00","breadcrumb":{"@id":"http:\/\/www.greenpeace.org\/luxembourg\/fr\/?page_id=11552#breadcrumb"},"inLanguage":"de-LU","potentialAction":[{"@type":"ReadAction","target":["http:\/\/www.greenpeace.org\/luxembourg\/fr\/?page_id=11552"]}]},{"@type":"ImageObject","inLanguage":"de-LU","@id":"http:\/\/www.greenpeace.org\/luxembourg\/fr\/?page_id=11552#primaryimage","url":"https:\/\/www.greenpeace.org\/static\/planet4-luxembourg-stateless\/2021\/06\/a2137e4a-gp1su5ja.jpg","contentUrl":"https:\/\/www.greenpeace.org\/static\/planet4-luxembourg-stateless\/2021\/06\/a2137e4a-gp1su5ja.jpg","width":1200,"height":675,"caption":"This summer Siberia is extremely suffering from various consequences of climate change: heat waves, oil spills caused by permafrost thawing and raging forest fires. Greenpeace Russia team has documented forest fires in the Krasnoyarsk region. It is a clear evidence of a climate emergency: the northern landscape is being transformed by heat and fire. While Russian authorities are failing to stop these fires, valuable for the planet taiga continues burning with the consequences to local people and big contribution to climate change."},{"@type":"BreadcrumbList","@id":"http:\/\/www.greenpeace.org\/luxembourg\/fr\/?page_id=11552#breadcrumb","itemListElement":[{"@type":"ListItem","position":1,"name":"Home","item":"http:\/\/www.greenpeace.org\/luxembourg\/fr\/"},{"@type":"ListItem","position":2,"name":"Handeln","item":"http:\/\/www.greenpeace.org\/luxembourg\/fr\/agir\/"},{"@type":"ListItem","position":3,"name":"Sch\u00fctzen Sie unsere W\u00e4lder"}]},{"@type":"WebSite","@id":"https:\/\/www.greenpeace.org\/luxembourg\/fr\/#website","url":"https:\/\/www.greenpeace.org\/luxembourg\/fr\/","name":"Greenpeace Luxembourg","description":"Greenpeace existiert, weil unsere Erde eine Stimme braucht. Sie ben\u00f6tigt L\u00f6sungen. Ver\u00e4nderungen. Aktionen.","publisher":{"@id":"https:\/\/www.greenpeace.org\/luxembourg\/fr\/#organization"},"potentialAction":[{"@type":"SearchAction","target":{"@type":"EntryPoint","urlTemplate":"https:\/\/www.greenpeace.org\/luxembourg\/fr\/?s={search_term_string}"},"query-input":{"@type":"PropertyValueSpecification","valueRequired":true,"valueName":"search_term_string"}}],"inLanguage":"de-LU"},{"@type":"Organization","@id":"https:\/\/www.greenpeace.org\/luxembourg\/fr\/#organization","name":"Greenpeace Luxembourg","url":"https:\/\/www.greenpeace.org\/luxembourg\/fr\/","logo":{"@type":"ImageObject","inLanguage":"de-LU","@id":"https:\/\/www.greenpeace.org\/luxembourg\/fr\/#\/schema\/logo\/image\/","url":"https:\/\/www.greenpeace.org\/static\/planet4-luxembourg-stateless\/2026\/03\/3e367f94-greenpeace_logo_green_rgb.png","contentUrl":"https:\/\/www.greenpeace.org\/static\/planet4-luxembourg-stateless\/2026\/03\/3e367f94-greenpeace_logo_green_rgb.png","width":1080,"height":175,"caption":"Greenpeace Luxembourg"},"image":{"@id":"https:\/\/www.greenpeace.org\/luxembourg\/fr\/#\/schema\/logo\/image\/"},"sameAs":["https:\/\/www.facebook.com\/greenpeaceluxembourg","https:\/\/www.instagram.com\/greenpeacelux\/","https:\/\/www.linkedin.com\/company\/greenpeace-luxembourg\/","https:\/\/www.threads.com\/@greenpeacelux","https:\/\/bsky.app\/profile\/greenpeacelux.bsky.social","https:\/\/www.youtube.com\/@GreenpeaceLux","https:\/\/www.tiktok.com\/@greenpeace_lux"]}]}},"_links":{"self":[{"href":"https:\/\/www.greenpeace.org\/luxembourg\/de\/wp-json\/wp\/v2\/pages\/11907","targetHints":{"allow":["GET"]}}],"collection":[{"href":"https:\/\/www.greenpeace.org\/luxembourg\/de\/wp-json\/wp\/v2\/pages"}],"about":[{"href":"https:\/\/www.greenpeace.org\/luxembourg\/de\/wp-json\/wp\/v2\/types\/page"}],"author":[{"embeddable":true,"href":"https:\/\/www.greenpeace.org\/luxembourg\/de\/wp-json\/wp\/v2\/users\/22"}],"replies":[{"embeddable":true,"href":"https:\/\/www.greenpeace.org\/luxembourg\/de\/wp-json\/wp\/v2\/comments?post=11907"}],"version-history":[{"count":3,"href":"https:\/\/www.greenpeace.org\/luxembourg\/de\/wp-json\/wp\/v2\/pages\/11907\/revisions"}],"predecessor-version":[{"id":11976,"href":"https:\/\/www.greenpeace.org\/luxembourg\/de\/wp-json\/wp\/v2\/pages\/11907\/revisions\/11976"}],"up":[{"embeddable":true,"href":"https:\/\/www.greenpeace.org\/luxembourg\/de\/wp-json\/wp\/v2\/pages\/661"}],"wp:featuredmedia":[{"embeddable":true,"href":"https:\/\/www.greenpeace.org\/luxembourg\/de\/wp-json\/wp\/v2\/media\/11601"}],"wp:attachment":[{"href":"https:\/\/www.greenpeace.org\/luxembourg\/de\/wp-json\/wp\/v2\/media?parent=11907"}],"wp:term":[{"taxonomy":"category","embeddable":true,"href":"https:\/\/www.greenpeace.org\/luxembourg\/de\/wp-json\/wp\/v2\/categories?post=11907"},{"taxonomy":"post_tag","embeddable":true,"href":"https:\/\/www.greenpeace.org\/luxembourg\/de\/wp-json\/wp\/v2\/tags?post=11907"}],"curies":[{"name":"wp","href":"https:\/\/api.w.org\/{rel}","templated":true}]}}