{"id":12238,"date":"2021-09-07T15:14:40","date_gmt":"2021-09-07T13:14:40","guid":{"rendered":"https:\/\/www.greenpeace.org\/luxembourg\/spenden-und-steuerbescheinigung\/faq-spenden-und-pramien-fur-das-50-jahrige-jubilaum-von-greenpeace\/"},"modified":"2021-09-07T15:17:59","modified_gmt":"2021-09-07T13:17:59","slug":"faq-spenden-und-pramien-fur-das-50-jahrige-jubilaum-von-greenpeace","status":"publish","type":"page","link":"https:\/\/www.greenpeace.org\/luxembourg\/de\/spenden-und-steuerbescheinigung\/faq-spenden-und-pramien-fur-das-50-jahrige-jubilaum-von-greenpeace\/","title":{"rendered":"FAQ: Spenden und Pr\u00e4mien f\u00fcr das 50-j\u00e4hrige Jubil\u00e4um von Greenpeace"},"content":{"rendered":"\n<p>Sie m\u00f6chten <a rel=\"noreferrer noopener\" href=\"https:\/\/faire-un-don.greenpeace.lu\/50ans\/\" target=\"_blank\">f\u00fcr das 50-j\u00e4hrige Bestehen von Greenpeace eine Spende<\/a> machen und im Gegenzug ein Geschenk erhalten, haben aber noch einige Fragen? Hier finden Sie alle Antworten!<\/p>\n\n<h4 class=\"wp-block-heading\"><strong>Warum bietet Greenpeace Geschenke im Austausch gegen eine Spende an? <\/strong><\/h4>\n\n<p>Mit diesem symbolischen Geschenk kann jedes F\u00f6rdermitglied sein Engagement und seine Unterst\u00fctzung zeigen. Die Ratgeber k\u00f6nnen Ihnen im Alltag sehr n\u00fctzlich sein. <\/p>\n\n<h4 class=\"wp-block-heading\"><strong>Wie werden diese Gegenst\u00e4nde hergestellt? <\/strong><\/h4>\n\n<p>Jedes einzelne Geschenk wird so umweltvertr\u00e4glich wie m\u00f6glich hergestellt oder gedruckt, von den Rohstoffen bis zur verwendeten Tinte.<\/p>\n\n<h4 class=\"wp-block-heading\"><strong>Wann erhalte ich mein Geschenk? <\/strong><\/h4>\n\n<p>Um nur die ben\u00f6tigte Menge an Artikeln zu produzieren, werden einige erst Anfang Oktober hergestellt. Ihr Geschenk sollte zwischen Ende Oktober und Anfang November bei Ihnen ankommen.<\/p>\n\n<h4 class=\"wp-block-heading\"><strong>Ich habe meine Adresse ge\u00e4ndert. Was muss ich tun, um meine Geschenke zu erhalten?<\/strong><\/h4>\n\n<p>Wenn sich Ihr Wohnsitz im Anschluss an eine Spende ge\u00e4ndert hat, k\u00f6nnen Sie sich telefonisch <a href=\"tel:+35254%2062%2052%2029\">+00352 54 62 52 29<\/a> oder per E-Mail (<a href=\"mailto:membres.lu@greenpeace.org\">membres.lu@greenpeace.org<\/a>) an unser Fundraising-Team wenden.<\/p>\n\n<h4 class=\"wp-block-heading\"><strong>Kann ich meine Geschenke an eine andere Adresse als meine eigene schicken lassen um sie an eine andere Person weiterzugeben?<\/strong><\/h4>\n\n<p>Die Geschenke werden der Person zugeschickt, die die Spende get\u00e4tigt hat. Anschlie\u00dfend k\u00f6nnen Sie Ihre Geschenke weiter verschenken, an wen auch immer Sie wollen.<\/p>\n\n<h4 class=\"wp-block-heading\"><strong>Erhalte ich eine Steuerbeleg f\u00fcr meine Spende?<\/strong><\/h4>\n\n<p>Nach geltendem Recht sind Ihre Spenden steuerlich absetzbar, ab einem Spendenbetrag von mindestens 120 \u20ac pro Jahr (kumulierbare Spenden) und bei nicht \u00fcberschreiten von 20% Ihres steuerpflichtigen Einkommens. Falls es sich um Ihre erste Spende in diesem Jahr handelt, finden Sie in dem Umschlag auch Ihren Mitgliedsausweis!<\/p>\n","protected":false},"excerpt":{"rendered":"<p>Sie m\u00f6chten f\u00fcr das 50-j\u00e4hrige Bestehen von Greenpeace eine Spende machen und im Gegenzug ein Geschenk erhalten, haben aber noch einige Fragen? Hier finden Sie alle Antworten! Warum bietet Greenpeace Geschenke im Austausch gegen eine Spende an? Mit diesem symbolischen Geschenk kann jedes F\u00f6rdermitglied sein Engagement und seine Unterst\u00fctzung zeigen. Die Ratgeber k\u00f6nnen Ihnen im [&hellip;]<\/p>\n","protected":false},"author":22,"featured_media":0,"parent":1038,"menu_order":0,"comment_status":"closed","ping_status":"closed","template":"","meta":{"ep_exclude_from_search":false,"p4_hide_page_title_checkbox":"","p4_title":"","p4_subtitle":"","p4_description":"","background_image_id":"","background_image":"","p4_button_title":"","p4_button_link":"","p4_button_link_checkbox":"","p4_og_title":"","p4_og_description":"","p4_og_image":"","p4_og_image_id":"","p4_seo_canonical_url":"","p4_campaign_name":"","p4_local_project":"","p4_basket_name":"","p4_department":"","footnotes":""},"categories":[24],"tags":[61],"class_list":["post-12238","page","type-page","status-publish","hentry","category-greenpeace","tag-greenpeace-de"],"yoast_head":"<!-- This site is optimized with the Yoast SEO Premium plugin v23.9 (Yoast SEO v23.9) - https:\/\/yoast.com\/wordpress\/plugins\/seo\/ -->\n<title>FAQ: Spenden und Pr\u00e4mien f\u00fcr das 50-j\u00e4hrige Jubil\u00e4um von Greenpeace - Greenpeace Luxembourg<\/title>\n<meta name=\"robots\" content=\"index, follow, max-snippet:-1, max-image-preview:large, max-video-preview:-1\" \/>\n<link rel=\"canonical\" href=\"http:\/\/www.greenpeace.org\/luxembourg\/fr\/politique-de-dons\/faq-dons-50-ans\/\" \/>\n<meta property=\"og:locale\" content=\"de_DE\" \/>\n<meta property=\"og:type\" content=\"article\" \/>\n<meta property=\"og:title\" content=\"FAQ: Spenden und Pr\u00e4mien f\u00fcr das 50-j\u00e4hrige Jubil\u00e4um von Greenpeace\" \/>\n<meta property=\"og:description\" content=\"Sie m\u00f6chten f\u00fcr das 50-j\u00e4hrige Bestehen von Greenpeace eine Spende machen und im Gegenzug ein Geschenk erhalten, haben aber noch einige Fragen? Hier finden Sie alle Antworten! Warum bietet Greenpeace Geschenke im Austausch gegen eine Spende an? Mit diesem symbolischen Geschenk kann jedes F\u00f6rdermitglied sein Engagement und seine Unterst\u00fctzung zeigen. Die Ratgeber k\u00f6nnen Ihnen im [&hellip;]\" \/>\n<meta property=\"og:url\" content=\"http:\/\/www.greenpeace.org\/luxembourg\/fr\/politique-de-dons\/faq-dons-50-ans\/\" \/>\n<meta property=\"og:site_name\" content=\"Greenpeace Luxembourg\" \/>\n<meta property=\"article:publisher\" content=\"https:\/\/www.facebook.com\/greenpeaceluxembourg\" \/>\n<meta property=\"article:modified_time\" content=\"2021-09-07T13:17:59+00:00\" \/>\n<meta name=\"twitter:card\" content=\"summary_large_image\" \/>\n<meta name=\"twitter:label1\" content=\"Est. reading time\" \/>\n\t<meta name=\"twitter:data1\" content=\"1 minute\" \/>\n<script type=\"application\/ld+json\" class=\"yoast-schema-graph\">{\"@context\":\"https:\/\/schema.org\",\"@graph\":[{\"@type\":\"WebPage\",\"@id\":\"http:\/\/www.greenpeace.org\/luxembourg\/fr\/politique-de-dons\/faq-dons-50-ans\/\",\"url\":\"http:\/\/www.greenpeace.org\/luxembourg\/fr\/politique-de-dons\/faq-dons-50-ans\/\",\"name\":\"FAQ: Spenden und Pr\u00e4mien f\u00fcr das 50-j\u00e4hrige Jubil\u00e4um von Greenpeace - Greenpeace Luxembourg\",\"isPartOf\":{\"@id\":\"https:\/\/www.greenpeace.org\/luxembourg\/fr\/#website\"},\"datePublished\":\"2021-09-07T13:14:40+00:00\",\"dateModified\":\"2021-09-07T13:17:59+00:00\",\"breadcrumb\":{\"@id\":\"http:\/\/www.greenpeace.org\/luxembourg\/fr\/politique-de-dons\/faq-dons-50-ans\/#breadcrumb\"},\"inLanguage\":\"de-LU\",\"potentialAction\":[{\"@type\":\"ReadAction\",\"target\":[\"http:\/\/www.greenpeace.org\/luxembourg\/fr\/politique-de-dons\/faq-dons-50-ans\/\"]}]},{\"@type\":\"BreadcrumbList\",\"@id\":\"http:\/\/www.greenpeace.org\/luxembourg\/fr\/politique-de-dons\/faq-dons-50-ans\/#breadcrumb\",\"itemListElement\":[{\"@type\":\"ListItem\",\"position\":1,\"name\":\"Home\",\"item\":\"http:\/\/www.greenpeace.org\/luxembourg\/fr\/\"},{\"@type\":\"ListItem\",\"position\":2,\"name\":\"Spenden und Steuerbescheinigung\",\"item\":\"http:\/\/www.greenpeace.org\/luxembourg\/fr\/politique-de-dons\/\"},{\"@type\":\"ListItem\",\"position\":3,\"name\":\"FAQ: Spenden und Pr\u00e4mien f\u00fcr das 50-j\u00e4hrige Jubil\u00e4um von Greenpeace\"}]},{\"@type\":\"WebSite\",\"@id\":\"https:\/\/www.greenpeace.org\/luxembourg\/fr\/#website\",\"url\":\"https:\/\/www.greenpeace.org\/luxembourg\/fr\/\",\"name\":\"Greenpeace Luxembourg\",\"description\":\"Greenpeace existiert, weil unsere Erde eine Stimme braucht. Sie ben\u00f6tigt L\u00f6sungen. Ver\u00e4nderungen. Aktionen.\",\"publisher\":{\"@id\":\"https:\/\/www.greenpeace.org\/luxembourg\/fr\/#organization\"},\"potentialAction\":[{\"@type\":\"SearchAction\",\"target\":{\"@type\":\"EntryPoint\",\"urlTemplate\":\"https:\/\/www.greenpeace.org\/luxembourg\/fr\/?s={search_term_string}\"},\"query-input\":{\"@type\":\"PropertyValueSpecification\",\"valueRequired\":true,\"valueName\":\"search_term_string\"}}],\"inLanguage\":\"de-LU\"},{\"@type\":\"Organization\",\"@id\":\"https:\/\/www.greenpeace.org\/luxembourg\/fr\/#organization\",\"name\":\"Greenpeace Luxembourg\",\"url\":\"https:\/\/www.greenpeace.org\/luxembourg\/fr\/\",\"logo\":{\"@type\":\"ImageObject\",\"inLanguage\":\"de-LU\",\"@id\":\"https:\/\/www.greenpeace.org\/luxembourg\/fr\/#\/schema\/logo\/image\/\",\"url\":\"https:\/\/www.greenpeace.org\/static\/planet4-luxembourg-stateless\/2026\/03\/3e367f94-greenpeace_logo_green_rgb.png\",\"contentUrl\":\"https:\/\/www.greenpeace.org\/static\/planet4-luxembourg-stateless\/2026\/03\/3e367f94-greenpeace_logo_green_rgb.png\",\"width\":1080,\"height\":175,\"caption\":\"Greenpeace Luxembourg\"},\"image\":{\"@id\":\"https:\/\/www.greenpeace.org\/luxembourg\/fr\/#\/schema\/logo\/image\/\"},\"sameAs\":[\"https:\/\/www.facebook.com\/greenpeaceluxembourg\",\"https:\/\/www.instagram.com\/greenpeacelux\/\",\"https:\/\/www.linkedin.com\/company\/greenpeace-luxembourg\/\",\"https:\/\/www.threads.com\/@greenpeacelux\",\"https:\/\/bsky.app\/profile\/greenpeacelux.bsky.social\",\"https:\/\/www.youtube.com\/@GreenpeaceLux\",\"https:\/\/www.tiktok.com\/@greenpeace_lux\"]}]}<\/script>\n<!-- \/ Yoast SEO Premium plugin. -->","yoast_head_json":{"title":"FAQ: Spenden und Pr\u00e4mien f\u00fcr das 50-j\u00e4hrige Jubil\u00e4um von Greenpeace - Greenpeace Luxembourg","robots":{"index":"index","follow":"follow","max-snippet":"max-snippet:-1","max-image-preview":"max-image-preview:large","max-video-preview":"max-video-preview:-1"},"canonical":"http:\/\/www.greenpeace.org\/luxembourg\/fr\/politique-de-dons\/faq-dons-50-ans\/","og_locale":"de_DE","og_type":"article","og_title":"FAQ: Spenden und Pr\u00e4mien f\u00fcr das 50-j\u00e4hrige Jubil\u00e4um von Greenpeace","og_description":"Sie m\u00f6chten f\u00fcr das 50-j\u00e4hrige Bestehen von Greenpeace eine Spende machen und im Gegenzug ein Geschenk erhalten, haben aber noch einige Fragen? Hier finden Sie alle Antworten! Warum bietet Greenpeace Geschenke im Austausch gegen eine Spende an? Mit diesem symbolischen Geschenk kann jedes F\u00f6rdermitglied sein Engagement und seine Unterst\u00fctzung zeigen. Die Ratgeber k\u00f6nnen Ihnen im [&hellip;]","og_url":"http:\/\/www.greenpeace.org\/luxembourg\/fr\/politique-de-dons\/faq-dons-50-ans\/","og_site_name":"Greenpeace Luxembourg","article_publisher":"https:\/\/www.facebook.com\/greenpeaceluxembourg","article_modified_time":"2021-09-07T13:17:59+00:00","twitter_card":"summary_large_image","twitter_misc":{"Est. reading time":"1 minute"},"schema":{"@context":"https:\/\/schema.org","@graph":[{"@type":"WebPage","@id":"http:\/\/www.greenpeace.org\/luxembourg\/fr\/politique-de-dons\/faq-dons-50-ans\/","url":"http:\/\/www.greenpeace.org\/luxembourg\/fr\/politique-de-dons\/faq-dons-50-ans\/","name":"FAQ: Spenden und Pr\u00e4mien f\u00fcr das 50-j\u00e4hrige Jubil\u00e4um von Greenpeace - Greenpeace Luxembourg","isPartOf":{"@id":"https:\/\/www.greenpeace.org\/luxembourg\/fr\/#website"},"datePublished":"2021-09-07T13:14:40+00:00","dateModified":"2021-09-07T13:17:59+00:00","breadcrumb":{"@id":"http:\/\/www.greenpeace.org\/luxembourg\/fr\/politique-de-dons\/faq-dons-50-ans\/#breadcrumb"},"inLanguage":"de-LU","potentialAction":[{"@type":"ReadAction","target":["http:\/\/www.greenpeace.org\/luxembourg\/fr\/politique-de-dons\/faq-dons-50-ans\/"]}]},{"@type":"BreadcrumbList","@id":"http:\/\/www.greenpeace.org\/luxembourg\/fr\/politique-de-dons\/faq-dons-50-ans\/#breadcrumb","itemListElement":[{"@type":"ListItem","position":1,"name":"Home","item":"http:\/\/www.greenpeace.org\/luxembourg\/fr\/"},{"@type":"ListItem","position":2,"name":"Spenden und Steuerbescheinigung","item":"http:\/\/www.greenpeace.org\/luxembourg\/fr\/politique-de-dons\/"},{"@type":"ListItem","position":3,"name":"FAQ: Spenden und Pr\u00e4mien f\u00fcr das 50-j\u00e4hrige Jubil\u00e4um von Greenpeace"}]},{"@type":"WebSite","@id":"https:\/\/www.greenpeace.org\/luxembourg\/fr\/#website","url":"https:\/\/www.greenpeace.org\/luxembourg\/fr\/","name":"Greenpeace Luxembourg","description":"Greenpeace existiert, weil unsere Erde eine Stimme braucht. Sie ben\u00f6tigt L\u00f6sungen. Ver\u00e4nderungen. Aktionen.","publisher":{"@id":"https:\/\/www.greenpeace.org\/luxembourg\/fr\/#organization"},"potentialAction":[{"@type":"SearchAction","target":{"@type":"EntryPoint","urlTemplate":"https:\/\/www.greenpeace.org\/luxembourg\/fr\/?s={search_term_string}"},"query-input":{"@type":"PropertyValueSpecification","valueRequired":true,"valueName":"search_term_string"}}],"inLanguage":"de-LU"},{"@type":"Organization","@id":"https:\/\/www.greenpeace.org\/luxembourg\/fr\/#organization","name":"Greenpeace Luxembourg","url":"https:\/\/www.greenpeace.org\/luxembourg\/fr\/","logo":{"@type":"ImageObject","inLanguage":"de-LU","@id":"https:\/\/www.greenpeace.org\/luxembourg\/fr\/#\/schema\/logo\/image\/","url":"https:\/\/www.greenpeace.org\/static\/planet4-luxembourg-stateless\/2026\/03\/3e367f94-greenpeace_logo_green_rgb.png","contentUrl":"https:\/\/www.greenpeace.org\/static\/planet4-luxembourg-stateless\/2026\/03\/3e367f94-greenpeace_logo_green_rgb.png","width":1080,"height":175,"caption":"Greenpeace Luxembourg"},"image":{"@id":"https:\/\/www.greenpeace.org\/luxembourg\/fr\/#\/schema\/logo\/image\/"},"sameAs":["https:\/\/www.facebook.com\/greenpeaceluxembourg","https:\/\/www.instagram.com\/greenpeacelux\/","https:\/\/www.linkedin.com\/company\/greenpeace-luxembourg\/","https:\/\/www.threads.com\/@greenpeacelux","https:\/\/bsky.app\/profile\/greenpeacelux.bsky.social","https:\/\/www.youtube.com\/@GreenpeaceLux","https:\/\/www.tiktok.com\/@greenpeace_lux"]}]}},"_links":{"self":[{"href":"https:\/\/www.greenpeace.org\/luxembourg\/de\/wp-json\/wp\/v2\/pages\/12238","targetHints":{"allow":["GET"]}}],"collection":[{"href":"https:\/\/www.greenpeace.org\/luxembourg\/de\/wp-json\/wp\/v2\/pages"}],"about":[{"href":"https:\/\/www.greenpeace.org\/luxembourg\/de\/wp-json\/wp\/v2\/types\/page"}],"author":[{"embeddable":true,"href":"https:\/\/www.greenpeace.org\/luxembourg\/de\/wp-json\/wp\/v2\/users\/22"}],"replies":[{"embeddable":true,"href":"https:\/\/www.greenpeace.org\/luxembourg\/de\/wp-json\/wp\/v2\/comments?post=12238"}],"version-history":[{"count":3,"href":"https:\/\/www.greenpeace.org\/luxembourg\/de\/wp-json\/wp\/v2\/pages\/12238\/revisions"}],"predecessor-version":[{"id":12242,"href":"https:\/\/www.greenpeace.org\/luxembourg\/de\/wp-json\/wp\/v2\/pages\/12238\/revisions\/12242"}],"up":[{"embeddable":true,"href":"https:\/\/www.greenpeace.org\/luxembourg\/de\/wp-json\/wp\/v2\/pages\/1038"}],"wp:attachment":[{"href":"https:\/\/www.greenpeace.org\/luxembourg\/de\/wp-json\/wp\/v2\/media?parent=12238"}],"wp:term":[{"taxonomy":"category","embeddable":true,"href":"https:\/\/www.greenpeace.org\/luxembourg\/de\/wp-json\/wp\/v2\/categories?post=12238"},{"taxonomy":"post_tag","embeddable":true,"href":"https:\/\/www.greenpeace.org\/luxembourg\/de\/wp-json\/wp\/v2\/tags?post=12238"}],"curies":[{"name":"wp","href":"https:\/\/api.w.org\/{rel}","templated":true}]}}