{"id":4090,"date":"2019-02-20T17:45:02","date_gmt":"2019-02-20T15:45:02","guid":{"rendered":"https:\/\/master.k8s.p4.greenpeace.org\/luxembourg\/?page_id=4090"},"modified":"2026-04-08T11:03:37","modified_gmt":"2026-04-08T09:03:37","slug":"nachhaltigelandwirtschaft","status":"publish","type":"page","link":"https:\/\/www.greenpeace.org\/luxembourg\/de\/nachhaltigelandwirtschaft\/","title":{"rendered":"#NachhaltigeLandwirtschaft"},"content":{"rendered":"\n                    <div class=\"wp-block-group is-vertical is-layout-flex wp-container-core-group-is-layout-8cf370e7 wp-block-group-is-layout-flex\">\n                    \n                                <p><strong>Mais, der Insektiziden vereitelt, ein Soja, das keine Angst vor Herbiziden hat, Tomaten, die nie aufh\u00f6ren zu reifen, geklonte Tiere, gebleicht, und danach &#8230;?<\/strong>\r\nLediglich 2% des in Luxemburg konsumierten Obsts und Gem\u00fcses werden lokal produziert. Der Gro\u00dfteil der Nahrungsmittel wird importiert, w\u00e4hrend die verf\u00fcgbare landwirtschaftliche Fl\u00e4che ausreichen w\u00fcrde, um die Bev\u00f6lkerung des Gro\u00dfherzogtums zu ern\u00e4hren.\r\nDie mangelhafte Agrarpolitik der letzten Jahrzehnte ist nicht nur in der Landwirtschaft zu sp\u00fcren. Es wirkt sich auf die Artenvielfalt, das Klima, den Verbraucher und die Interessen der Kleinproduzenten aus.\r\nZus\u00e4tzlich zu diesen bedeutenden Folgen gibt es einen R\u00fcckgang der landwirtschaftlichen Betriebe und der Besch\u00e4ftigung, einen wirtschaftlichen R\u00fcckgang der Branche und extreme Abh\u00e4ngigkeit der Landwirte von Subventionen sowie externe Betriebskosten, wie D\u00fcngemittel , Futtermittel und Pestizide. Trotz hoher \u00f6ffentlicher Ausgaben f\u00fcr die Landwirtschaft, ist Luxemburgs Nahrungsmittel-autonomie weit davon entfernt, gesichert zu sein, und die \u00f6kologische Nahrungsmittelproduktion kann die Nachfrage nicht decken.\r\n<strong>Die Zeit rennt uns davon : Wir m\u00fcssen dringend nachhaltige landwirtschaftliche Praktiken verabschieden, um dem Klimawandel entgegenzuwirken und die Welt zu ern\u00e4hren. Wenn wir die derzeitigen landwirtschaftlichen Praktiken nicht aufgeben, werden wir unseren Nahrungsmittelbedarf ab 2050 nicht mehr decken k\u00f6nnen.<\/strong><\/p>\n                            \n\n                    \n                    <\/div>\n                    \n        <div class=\"wp-block-query actions-list p4-query-loop is-custom-layout-actions-list is-custom-layout-grid is-layout-grid wp-container-core-query-is-layout-29f43435 wp-block-query-is-layout-grid\"><h2 class=\"wp-block-heading\">Was kann ich tun?<\/h2>\n        <p style=\"margin-top: 24px; margin-bottom: 32px;\"><\/p>\n        <div class=\"wp-block-query-no-results\">\n        <p >No posts found.<\/p>\n        <\/div>\n        \n        \n<div class=\"wp-block-buttons carousel-controls is-horizontal is-content-justification-space-between is-nowrap is-layout-flex wp-container-core-buttons-is-layout-044bd602 wp-block-buttons-is-layout-flex\">\n            <div class=\"wp-block-button carousel-control-prev\"><button type=\"button\" class=\"wp-block-button__link wp-element-button\">Prev<\/button><\/div>\n        \n\n            <div class=\"wp-block-button carousel-control-next\"><button type=\"button\" class=\"wp-block-button__link wp-element-button\">Next<\/button><\/div>\n        <\/div>\n\n        \n<div class=\"wp-block-buttons load-more-actions-container is-content-justification-center is-layout-flex wp-container-core-buttons-is-layout-16018d1d wp-block-buttons-is-layout-flex\">\n                <div class=\"wp-block-button is-style-secondary\"><button type=\"button\" class=\"wp-block-button__link wp-element-button\">Load more<\/button><\/div>\n            \n<\/div>\n<\/div>\n        ","protected":false},"excerpt":{"rendered":"<p>Mais, der Insektiziden vereitelt, ein Soja, das keine Angst vor Herbiziden hat, Tomaten, die nie aufh\u00f6ren zu reifen, geklonte Tiere, gebleicht, und danach &#8230;? Lediglich 2% des in Luxemburg konsumierten Obsts und Gem\u00fcses werden lokal produziert. Der Gro\u00dfteil der Nahrungsmittel wird importiert, w\u00e4hrend die verf\u00fcgbare landwirtschaftliche Fl\u00e4che ausreichen w\u00fcrde, um die Bev\u00f6lkerung des Gro\u00dfherzogtums zu [&hellip;]<\/p>\n","protected":false},"author":16,"featured_media":345,"parent":0,"menu_order":0,"comment_status":"closed","ping_status":"closed","template":"","meta":{"ep_exclude_from_search":false,"p4_hide_page_title_checkbox":"","p4_title":"","p4_subtitle":"","p4_description":"","background_image_id":"","background_image":"","p4_button_title":"","p4_button_link":"","p4_button_link_checkbox":"","p4_og_title":"","p4_og_description":"","p4_og_image":"","p4_og_image_id":"","p4_seo_canonical_url":"","p4_campaign_name":"","p4_local_project":"","p4_basket_name":"","p4_department":"","footnotes":""},"categories":[],"tags":[],"class_list":["post-4090","page","type-page","status-publish","has-post-thumbnail","hentry"],"yoast_head":"<!-- This site is optimized with the Yoast SEO Premium plugin v23.9 (Yoast SEO v23.9) - https:\/\/yoast.com\/wordpress\/plugins\/seo\/ -->\n<title>#NachhaltigeLandwirtschaft - Greenpeace Luxembourg<\/title>\n<meta name=\"robots\" content=\"index, follow, max-snippet:-1, max-image-preview:large, max-video-preview:-1\" \/>\n<link rel=\"canonical\" href=\"http:\/\/www.greenpeace.org\/luxembourg\/fr\/agriculturedurable\/\" \/>\n<meta property=\"og:locale\" content=\"de_DE\" \/>\n<meta property=\"og:type\" content=\"article\" \/>\n<meta property=\"og:title\" content=\"#NachhaltigeLandwirtschaft\" \/>\n<meta property=\"og:description\" content=\"Mais, der Insektiziden vereitelt, ein Soja, das keine Angst vor Herbiziden hat, Tomaten, die nie aufh\u00f6ren zu reifen, geklonte Tiere, gebleicht, und danach &#8230;? Lediglich 2% des in Luxemburg konsumierten Obsts und Gem\u00fcses werden lokal produziert. Der Gro\u00dfteil der Nahrungsmittel wird importiert, w\u00e4hrend die verf\u00fcgbare landwirtschaftliche Fl\u00e4che ausreichen w\u00fcrde, um die Bev\u00f6lkerung des Gro\u00dfherzogtums zu [&hellip;]\" \/>\n<meta property=\"og:url\" content=\"http:\/\/www.greenpeace.org\/luxembourg\/fr\/agriculturedurable\/\" \/>\n<meta property=\"og:site_name\" content=\"Greenpeace Luxembourg\" \/>\n<meta property=\"article:publisher\" content=\"https:\/\/www.facebook.com\/greenpeaceluxembourg\" \/>\n<meta property=\"article:modified_time\" content=\"2026-04-08T09:03:37+00:00\" \/>\n<meta property=\"og:image\" content=\"https:\/\/www.greenpeace.org\/static\/planet4-luxembourg-stateless\/2018\/09\/b89a3692-gp0stqb9u_medium_res.jpg\" \/>\n\t<meta property=\"og:image:width\" content=\"1200\" \/>\n\t<meta property=\"og:image:height\" content=\"772\" \/>\n\t<meta property=\"og:image:type\" content=\"image\/jpeg\" \/>\n<meta name=\"twitter:card\" content=\"summary_large_image\" \/>\n<meta name=\"twitter:label1\" content=\"Est. reading time\" \/>\n\t<meta name=\"twitter:data1\" content=\"1 minute\" \/>\n<script type=\"application\/ld+json\" class=\"yoast-schema-graph\">{\"@context\":\"https:\/\/schema.org\",\"@graph\":[{\"@type\":\"WebPage\",\"@id\":\"http:\/\/www.greenpeace.org\/luxembourg\/fr\/agriculturedurable\/\",\"url\":\"http:\/\/www.greenpeace.org\/luxembourg\/fr\/agriculturedurable\/\",\"name\":\"#NachhaltigeLandwirtschaft - Greenpeace Luxembourg\",\"isPartOf\":{\"@id\":\"https:\/\/www.greenpeace.org\/luxembourg\/fr\/#website\"},\"primaryImageOfPage\":{\"@id\":\"http:\/\/www.greenpeace.org\/luxembourg\/fr\/agriculturedurable\/#primaryimage\"},\"image\":{\"@id\":\"http:\/\/www.greenpeace.org\/luxembourg\/fr\/agriculturedurable\/#primaryimage\"},\"thumbnailUrl\":\"https:\/\/www.greenpeace.org\/static\/planet4-luxembourg-stateless\/2018\/09\/b89a3692-gp0stqb9u_medium_res.jpg\",\"datePublished\":\"2019-02-20T15:45:02+00:00\",\"dateModified\":\"2026-04-08T09:03:37+00:00\",\"breadcrumb\":{\"@id\":\"http:\/\/www.greenpeace.org\/luxembourg\/fr\/agriculturedurable\/#breadcrumb\"},\"inLanguage\":\"de-LU\",\"potentialAction\":[{\"@type\":\"ReadAction\",\"target\":[\"http:\/\/www.greenpeace.org\/luxembourg\/fr\/agriculturedurable\/\"]}]},{\"@type\":\"ImageObject\",\"inLanguage\":\"de-LU\",\"@id\":\"http:\/\/www.greenpeace.org\/luxembourg\/fr\/agriculturedurable\/#primaryimage\",\"url\":\"https:\/\/www.greenpeace.org\/static\/planet4-luxembourg-stateless\/2018\/09\/b89a3692-gp0stqb9u_medium_res.jpg\",\"contentUrl\":\"https:\/\/www.greenpeace.org\/static\/planet4-luxembourg-stateless\/2018\/09\/b89a3692-gp0stqb9u_medium_res.jpg\",\"width\":1200,\"height\":772,\"caption\":\"Volunteers plant a bee hedge at an original garden, called Tuinderij Oer in a nature reserve close to the village of Zutphen. A bee hedge is a combination of trees and plants which have flowers during different periods of the year. They attract bees, butterflies and other pollinators and also animals can rest in the hedge and are feed from the nectar. This activity is part of the Save the Bee campaign of Greenpeace. Aim is to emphasize the importance of the bees for the food production. 70% of the food crops are pollinated by bees and other insects. Beekeepers and scientists ask for measurements on this for years but governments and trade and industry react far too slow.\"},{\"@type\":\"BreadcrumbList\",\"@id\":\"http:\/\/www.greenpeace.org\/luxembourg\/fr\/agriculturedurable\/#breadcrumb\",\"itemListElement\":[{\"@type\":\"ListItem\",\"position\":1,\"name\":\"Home\",\"item\":\"http:\/\/www.greenpeace.org\/luxembourg\/fr\/\"},{\"@type\":\"ListItem\",\"position\":2,\"name\":\"#NachhaltigeLandwirtschaft\"}]},{\"@type\":\"WebSite\",\"@id\":\"https:\/\/www.greenpeace.org\/luxembourg\/fr\/#website\",\"url\":\"https:\/\/www.greenpeace.org\/luxembourg\/fr\/\",\"name\":\"Greenpeace Luxembourg\",\"description\":\"Greenpeace existiert, weil unsere Erde eine Stimme braucht. Sie ben\u00f6tigt L\u00f6sungen. Ver\u00e4nderungen. Aktionen.\",\"publisher\":{\"@id\":\"https:\/\/www.greenpeace.org\/luxembourg\/fr\/#organization\"},\"potentialAction\":[{\"@type\":\"SearchAction\",\"target\":{\"@type\":\"EntryPoint\",\"urlTemplate\":\"https:\/\/www.greenpeace.org\/luxembourg\/fr\/?s={search_term_string}\"},\"query-input\":{\"@type\":\"PropertyValueSpecification\",\"valueRequired\":true,\"valueName\":\"search_term_string\"}}],\"inLanguage\":\"de-LU\"},{\"@type\":\"Organization\",\"@id\":\"https:\/\/www.greenpeace.org\/luxembourg\/fr\/#organization\",\"name\":\"Greenpeace Luxembourg\",\"url\":\"https:\/\/www.greenpeace.org\/luxembourg\/fr\/\",\"logo\":{\"@type\":\"ImageObject\",\"inLanguage\":\"de-LU\",\"@id\":\"https:\/\/www.greenpeace.org\/luxembourg\/fr\/#\/schema\/logo\/image\/\",\"url\":\"https:\/\/www.greenpeace.org\/static\/planet4-luxembourg-stateless\/2026\/03\/3e367f94-greenpeace_logo_green_rgb.png\",\"contentUrl\":\"https:\/\/www.greenpeace.org\/static\/planet4-luxembourg-stateless\/2026\/03\/3e367f94-greenpeace_logo_green_rgb.png\",\"width\":1080,\"height\":175,\"caption\":\"Greenpeace Luxembourg\"},\"image\":{\"@id\":\"https:\/\/www.greenpeace.org\/luxembourg\/fr\/#\/schema\/logo\/image\/\"},\"sameAs\":[\"https:\/\/www.facebook.com\/greenpeaceluxembourg\",\"https:\/\/www.instagram.com\/greenpeacelux\/\",\"https:\/\/www.linkedin.com\/company\/greenpeace-luxembourg\/\",\"https:\/\/www.threads.com\/@greenpeacelux\",\"https:\/\/bsky.app\/profile\/greenpeacelux.bsky.social\",\"https:\/\/www.youtube.com\/@GreenpeaceLux\",\"https:\/\/www.tiktok.com\/@greenpeace_lux\"]}]}<\/script>\n<!-- \/ Yoast SEO Premium plugin. -->","yoast_head_json":{"title":"#NachhaltigeLandwirtschaft - Greenpeace Luxembourg","robots":{"index":"index","follow":"follow","max-snippet":"max-snippet:-1","max-image-preview":"max-image-preview:large","max-video-preview":"max-video-preview:-1"},"canonical":"http:\/\/www.greenpeace.org\/luxembourg\/fr\/agriculturedurable\/","og_locale":"de_DE","og_type":"article","og_title":"#NachhaltigeLandwirtschaft","og_description":"Mais, der Insektiziden vereitelt, ein Soja, das keine Angst vor Herbiziden hat, Tomaten, die nie aufh\u00f6ren zu reifen, geklonte Tiere, gebleicht, und danach &#8230;? Lediglich 2% des in Luxemburg konsumierten Obsts und Gem\u00fcses werden lokal produziert. Der Gro\u00dfteil der Nahrungsmittel wird importiert, w\u00e4hrend die verf\u00fcgbare landwirtschaftliche Fl\u00e4che ausreichen w\u00fcrde, um die Bev\u00f6lkerung des Gro\u00dfherzogtums zu [&hellip;]","og_url":"http:\/\/www.greenpeace.org\/luxembourg\/fr\/agriculturedurable\/","og_site_name":"Greenpeace Luxembourg","article_publisher":"https:\/\/www.facebook.com\/greenpeaceluxembourg","article_modified_time":"2026-04-08T09:03:37+00:00","og_image":[{"width":1200,"height":772,"url":"https:\/\/www.greenpeace.org\/static\/planet4-luxembourg-stateless\/2018\/09\/b89a3692-gp0stqb9u_medium_res.jpg","type":"image\/jpeg"}],"twitter_card":"summary_large_image","twitter_misc":{"Est. reading time":"1 minute"},"schema":{"@context":"https:\/\/schema.org","@graph":[{"@type":"WebPage","@id":"http:\/\/www.greenpeace.org\/luxembourg\/fr\/agriculturedurable\/","url":"http:\/\/www.greenpeace.org\/luxembourg\/fr\/agriculturedurable\/","name":"#NachhaltigeLandwirtschaft - Greenpeace Luxembourg","isPartOf":{"@id":"https:\/\/www.greenpeace.org\/luxembourg\/fr\/#website"},"primaryImageOfPage":{"@id":"http:\/\/www.greenpeace.org\/luxembourg\/fr\/agriculturedurable\/#primaryimage"},"image":{"@id":"http:\/\/www.greenpeace.org\/luxembourg\/fr\/agriculturedurable\/#primaryimage"},"thumbnailUrl":"https:\/\/www.greenpeace.org\/static\/planet4-luxembourg-stateless\/2018\/09\/b89a3692-gp0stqb9u_medium_res.jpg","datePublished":"2019-02-20T15:45:02+00:00","dateModified":"2026-04-08T09:03:37+00:00","breadcrumb":{"@id":"http:\/\/www.greenpeace.org\/luxembourg\/fr\/agriculturedurable\/#breadcrumb"},"inLanguage":"de-LU","potentialAction":[{"@type":"ReadAction","target":["http:\/\/www.greenpeace.org\/luxembourg\/fr\/agriculturedurable\/"]}]},{"@type":"ImageObject","inLanguage":"de-LU","@id":"http:\/\/www.greenpeace.org\/luxembourg\/fr\/agriculturedurable\/#primaryimage","url":"https:\/\/www.greenpeace.org\/static\/planet4-luxembourg-stateless\/2018\/09\/b89a3692-gp0stqb9u_medium_res.jpg","contentUrl":"https:\/\/www.greenpeace.org\/static\/planet4-luxembourg-stateless\/2018\/09\/b89a3692-gp0stqb9u_medium_res.jpg","width":1200,"height":772,"caption":"Volunteers plant a bee hedge at an original garden, called Tuinderij Oer in a nature reserve close to the village of Zutphen. A bee hedge is a combination of trees and plants which have flowers during different periods of the year. They attract bees, butterflies and other pollinators and also animals can rest in the hedge and are feed from the nectar. This activity is part of the Save the Bee campaign of Greenpeace. Aim is to emphasize the importance of the bees for the food production. 70% of the food crops are pollinated by bees and other insects. Beekeepers and scientists ask for measurements on this for years but governments and trade and industry react far too slow."},{"@type":"BreadcrumbList","@id":"http:\/\/www.greenpeace.org\/luxembourg\/fr\/agriculturedurable\/#breadcrumb","itemListElement":[{"@type":"ListItem","position":1,"name":"Home","item":"http:\/\/www.greenpeace.org\/luxembourg\/fr\/"},{"@type":"ListItem","position":2,"name":"#NachhaltigeLandwirtschaft"}]},{"@type":"WebSite","@id":"https:\/\/www.greenpeace.org\/luxembourg\/fr\/#website","url":"https:\/\/www.greenpeace.org\/luxembourg\/fr\/","name":"Greenpeace Luxembourg","description":"Greenpeace existiert, weil unsere Erde eine Stimme braucht. Sie ben\u00f6tigt L\u00f6sungen. Ver\u00e4nderungen. Aktionen.","publisher":{"@id":"https:\/\/www.greenpeace.org\/luxembourg\/fr\/#organization"},"potentialAction":[{"@type":"SearchAction","target":{"@type":"EntryPoint","urlTemplate":"https:\/\/www.greenpeace.org\/luxembourg\/fr\/?s={search_term_string}"},"query-input":{"@type":"PropertyValueSpecification","valueRequired":true,"valueName":"search_term_string"}}],"inLanguage":"de-LU"},{"@type":"Organization","@id":"https:\/\/www.greenpeace.org\/luxembourg\/fr\/#organization","name":"Greenpeace Luxembourg","url":"https:\/\/www.greenpeace.org\/luxembourg\/fr\/","logo":{"@type":"ImageObject","inLanguage":"de-LU","@id":"https:\/\/www.greenpeace.org\/luxembourg\/fr\/#\/schema\/logo\/image\/","url":"https:\/\/www.greenpeace.org\/static\/planet4-luxembourg-stateless\/2026\/03\/3e367f94-greenpeace_logo_green_rgb.png","contentUrl":"https:\/\/www.greenpeace.org\/static\/planet4-luxembourg-stateless\/2026\/03\/3e367f94-greenpeace_logo_green_rgb.png","width":1080,"height":175,"caption":"Greenpeace Luxembourg"},"image":{"@id":"https:\/\/www.greenpeace.org\/luxembourg\/fr\/#\/schema\/logo\/image\/"},"sameAs":["https:\/\/www.facebook.com\/greenpeaceluxembourg","https:\/\/www.instagram.com\/greenpeacelux\/","https:\/\/www.linkedin.com\/company\/greenpeace-luxembourg\/","https:\/\/www.threads.com\/@greenpeacelux","https:\/\/bsky.app\/profile\/greenpeacelux.bsky.social","https:\/\/www.youtube.com\/@GreenpeaceLux","https:\/\/www.tiktok.com\/@greenpeace_lux"]}]}},"_links":{"self":[{"href":"https:\/\/www.greenpeace.org\/luxembourg\/de\/wp-json\/wp\/v2\/pages\/4090","targetHints":{"allow":["GET"]}}],"collection":[{"href":"https:\/\/www.greenpeace.org\/luxembourg\/de\/wp-json\/wp\/v2\/pages"}],"about":[{"href":"https:\/\/www.greenpeace.org\/luxembourg\/de\/wp-json\/wp\/v2\/types\/page"}],"author":[{"embeddable":true,"href":"https:\/\/www.greenpeace.org\/luxembourg\/de\/wp-json\/wp\/v2\/users\/16"}],"replies":[{"embeddable":true,"href":"https:\/\/www.greenpeace.org\/luxembourg\/de\/wp-json\/wp\/v2\/comments?post=4090"}],"version-history":[{"count":8,"href":"https:\/\/www.greenpeace.org\/luxembourg\/de\/wp-json\/wp\/v2\/pages\/4090\/revisions"}],"predecessor-version":[{"id":27874,"href":"https:\/\/www.greenpeace.org\/luxembourg\/de\/wp-json\/wp\/v2\/pages\/4090\/revisions\/27874"}],"wp:featuredmedia":[{"embeddable":true,"href":"https:\/\/www.greenpeace.org\/luxembourg\/de\/wp-json\/wp\/v2\/media\/345"}],"wp:attachment":[{"href":"https:\/\/www.greenpeace.org\/luxembourg\/de\/wp-json\/wp\/v2\/media?parent=4090"}],"wp:term":[{"taxonomy":"category","embeddable":true,"href":"https:\/\/www.greenpeace.org\/luxembourg\/de\/wp-json\/wp\/v2\/categories?post=4090"},{"taxonomy":"post_tag","embeddable":true,"href":"https:\/\/www.greenpeace.org\/luxembourg\/de\/wp-json\/wp\/v2\/tags?post=4090"}],"curies":[{"name":"wp","href":"https:\/\/api.w.org\/{rel}","templated":true}]}}