{"id":752,"date":"2018-09-19T08:57:38","date_gmt":"2018-09-19T08:57:38","guid":{"rendered":"https:\/\/www.greenpeace.org\/luxembourg\/?page_id=752"},"modified":"2024-03-26T15:05:17","modified_gmt":"2024-03-26T13:05:17","slug":"anlassspenden","status":"publish","type":"page","link":"https:\/\/www.greenpeace.org\/luxembourg\/de\/handeln\/foerdermitglied-werden\/anlassspenden\/","title":{"rendered":"Anlassspenden"},"content":{"rendered":"\n                    <div class=\"wp-block-group is-vertical is-layout-flex wp-container-core-group-is-layout-8cf370e7 wp-block-group-is-layout-flex\">\n                    \n                                <p>Warum nicht um eine Spende von Freunden und Familie anstatt von Geburtstagsgeschenke bitten? Oder anl\u00e4sslich der Geburt Ihrer Kinder? Jubil\u00e4en, Geburten, sportliche Herausforderungen, &#8230;<\/p>\n                            \n\n                    \n                    <\/div>\n                    <p>                Jeder kann sein eigenes Fundraising zum Wohle unserer Stiftung gestalten.<br \/>\nSie k\u00f6nnen zum Beispiel auf die Todesanzeige, die Geburtsanzeige oder auf Ihre Hochzeitseinladung schreiben:<\/p>\n<p style=\"text-align: center;\"><strong>\u201cAnstelle zugedachter Blumen\/Geschenke bitten wir um eine Spende an Greenpeace Luxemburg&#8221;<\/strong><\/p>\n<p style=\"text-align: center;\">und geben Sie anschliessend unser BIC-Konto an:<\/p>\n<p style=\"text-align: center;\"><strong>CCPLLULL IBAN: LU51 1111. 0893 0060 0000.<\/strong><\/p>\n<p style=\"text-align: left;\">Man muss nur fragen!<\/p>\n<p>F\u00fcr uns hat jede Spende unabh\u00e4ngig von ihrer H\u00f6he oder Form einen Wert und gibt uns die M\u00f6glichkeit, t\u00e4glich zu handeln.<\/p>\n<p>Bei Fragen z\u00f6gern Sie nicht, uns per E-Mail zu kontaktieren: <a href=\"mailto:membres.lu@greenpeace.org\">membres.lu@greenpeace.org<\/a> oder telefonisch unter folgender Nummer: (+352) 54 62 52 29.<\/p>\n<p><strong>Wir danken Ihnen herzlichst f\u00fcr Ihre Geste.<\/strong><\/p>\n","protected":false},"excerpt":{"rendered":"<p>Warum nicht um eine Spende von Freunden und Familie anstatt von Geburtstagsgeschenke bitten? Oder anl\u00e4sslich der Geburt Ihrer Kinder? Jubil\u00e4en, Geburten, sportliche Herausforderungen, &#8230; Jeder kann sein eigenes Fundraising zum Wohle unserer Stiftung gestalten. Sie k\u00f6nnen zum Beispiel auf die Todesanzeige, die Geburtsanzeige oder auf Ihre Hochzeitseinladung schreiben: \u201cAnstelle zugedachter Blumen\/Geschenke bitten wir um eine [&hellip;]<\/p>\n","protected":false},"author":16,"featured_media":1195,"parent":724,"menu_order":0,"comment_status":"closed","ping_status":"closed","template":"","meta":{"ep_exclude_from_search":false,"p4_hide_page_title_checkbox":"","p4_title":"","p4_subtitle":"","p4_description":"","background_image_id":"","background_image":"","p4_button_title":"","p4_button_link":"","p4_button_link_checkbox":"","p4_og_title":"","p4_og_description":"","p4_og_image":"","p4_og_image_id":"","p4_seo_canonical_url":"","p4_campaign_name":"","p4_local_project":"","p4_basket_name":"","p4_department":"","footnotes":""},"categories":[17,17],"tags":[33,33],"class_list":{"0":"post-752","1":"page","2":"type-page","3":"status-publish","4":"has-post-thumbnail","5":"hentry","6":"category-greenpeace","8":"tag-greenpeace-fr"},"yoast_head":"<!-- This site is optimized with the Yoast SEO Premium plugin v23.9 (Yoast SEO v23.9) - https:\/\/yoast.com\/wordpress\/plugins\/seo\/ -->\n<title>Anlassspenden - Greenpeace Luxembourg<\/title>\n<meta name=\"robots\" content=\"index, follow, max-snippet:-1, max-image-preview:large, max-video-preview:-1\" \/>\n<link rel=\"canonical\" href=\"http:\/\/www.greenpeace.org\/luxembourg\/fr\/agir\/adherer-a-greenpeace\/donner-a-loccasion-devenements-particuliers\/\" \/>\n<meta property=\"og:locale\" content=\"de_DE\" \/>\n<meta property=\"og:type\" content=\"article\" \/>\n<meta property=\"og:title\" content=\"Anlassspenden\" \/>\n<meta property=\"og:description\" content=\"Warum nicht um eine Spende von Freunden und Familie anstatt von Geburtstagsgeschenke bitten? Oder anl\u00e4sslich der Geburt Ihrer Kinder? Jubil\u00e4en, Geburten, sportliche Herausforderungen, &#8230; Jeder kann sein eigenes Fundraising zum Wohle unserer Stiftung gestalten. Sie k\u00f6nnen zum Beispiel auf die Todesanzeige, die Geburtsanzeige oder auf Ihre Hochzeitseinladung schreiben: \u201cAnstelle zugedachter Blumen\/Geschenke bitten wir um eine [&hellip;]\" \/>\n<meta property=\"og:url\" content=\"http:\/\/www.greenpeace.org\/luxembourg\/fr\/agir\/adherer-a-greenpeace\/donner-a-loccasion-devenements-particuliers\/\" \/>\n<meta property=\"og:site_name\" content=\"Greenpeace Luxembourg\" \/>\n<meta property=\"article:publisher\" content=\"https:\/\/www.facebook.com\/greenpeaceluxembourg\" \/>\n<meta property=\"article:modified_time\" content=\"2024-03-26T13:05:17+00:00\" \/>\n<meta property=\"og:image\" content=\"https:\/\/www.greenpeace.org\/static\/planet4-luxembourg-stateless\/2018\/09\/a6ed756b-gp04iof_medium_res.jpg\" \/>\n\t<meta property=\"og:image:width\" content=\"1200\" \/>\n\t<meta property=\"og:image:height\" content=\"800\" \/>\n\t<meta property=\"og:image:type\" content=\"image\/jpeg\" \/>\n<meta name=\"twitter:card\" content=\"summary_large_image\" \/>\n<meta name=\"twitter:label1\" content=\"Est. reading time\" \/>\n\t<meta name=\"twitter:data1\" content=\"1 minute\" \/>\n<script type=\"application\/ld+json\" class=\"yoast-schema-graph\">{\"@context\":\"https:\/\/schema.org\",\"@graph\":[{\"@type\":\"WebPage\",\"@id\":\"http:\/\/www.greenpeace.org\/luxembourg\/fr\/agir\/adherer-a-greenpeace\/donner-a-loccasion-devenements-particuliers\/\",\"url\":\"http:\/\/www.greenpeace.org\/luxembourg\/fr\/agir\/adherer-a-greenpeace\/donner-a-loccasion-devenements-particuliers\/\",\"name\":\"Anlassspenden - Greenpeace Luxembourg\",\"isPartOf\":{\"@id\":\"https:\/\/www.greenpeace.org\/luxembourg\/fr\/#website\"},\"primaryImageOfPage\":{\"@id\":\"http:\/\/www.greenpeace.org\/luxembourg\/fr\/agir\/adherer-a-greenpeace\/donner-a-loccasion-devenements-particuliers\/#primaryimage\"},\"image\":{\"@id\":\"http:\/\/www.greenpeace.org\/luxembourg\/fr\/agir\/adherer-a-greenpeace\/donner-a-loccasion-devenements-particuliers\/#primaryimage\"},\"thumbnailUrl\":\"https:\/\/www.greenpeace.org\/static\/planet4-luxembourg-stateless\/2018\/09\/a6ed756b-gp04iof_medium_res.jpg\",\"datePublished\":\"2018-09-19T08:57:38+00:00\",\"dateModified\":\"2024-03-26T13:05:17+00:00\",\"breadcrumb\":{\"@id\":\"http:\/\/www.greenpeace.org\/luxembourg\/fr\/agir\/adherer-a-greenpeace\/donner-a-loccasion-devenements-particuliers\/#breadcrumb\"},\"inLanguage\":\"de-LU\",\"potentialAction\":[{\"@type\":\"ReadAction\",\"target\":[\"http:\/\/www.greenpeace.org\/luxembourg\/fr\/agir\/adherer-a-greenpeace\/donner-a-loccasion-devenements-particuliers\/\"]}]},{\"@type\":\"ImageObject\",\"inLanguage\":\"de-LU\",\"@id\":\"http:\/\/www.greenpeace.org\/luxembourg\/fr\/agir\/adherer-a-greenpeace\/donner-a-loccasion-devenements-particuliers\/#primaryimage\",\"url\":\"https:\/\/www.greenpeace.org\/static\/planet4-luxembourg-stateless\/2018\/09\/a6ed756b-gp04iof_medium_res.jpg\",\"contentUrl\":\"https:\/\/www.greenpeace.org\/static\/planet4-luxembourg-stateless\/2018\/09\/a6ed756b-gp04iof_medium_res.jpg\",\"width\":1200,\"height\":800,\"caption\":\"Visitors at a Rainbow Warrior 'Open Boat' day, to show support for the 'Save the Reef' campaign. The ship's six week tour will see the Rainbow Warrior travel up the east coast of Australia to raise awareness and support for the campaign.\"},{\"@type\":\"BreadcrumbList\",\"@id\":\"http:\/\/www.greenpeace.org\/luxembourg\/fr\/agir\/adherer-a-greenpeace\/donner-a-loccasion-devenements-particuliers\/#breadcrumb\",\"itemListElement\":[{\"@type\":\"ListItem\",\"position\":1,\"name\":\"Home\",\"item\":\"http:\/\/www.greenpeace.org\/luxembourg\/fr\/\"},{\"@type\":\"ListItem\",\"position\":2,\"name\":\"Handeln\",\"item\":\"http:\/\/www.greenpeace.org\/luxembourg\/fr\/agir\/\"},{\"@type\":\"ListItem\",\"position\":3,\"name\":\"F\u00f6rdermitglied werden\",\"item\":\"http:\/\/www.greenpeace.org\/luxembourg\/fr\/agir\/adherer-a-greenpeace\/\"},{\"@type\":\"ListItem\",\"position\":4,\"name\":\"Anlassspenden\"}]},{\"@type\":\"WebSite\",\"@id\":\"https:\/\/www.greenpeace.org\/luxembourg\/fr\/#website\",\"url\":\"https:\/\/www.greenpeace.org\/luxembourg\/fr\/\",\"name\":\"Greenpeace Luxembourg\",\"description\":\"Greenpeace existiert, weil unsere Erde eine Stimme braucht. Sie ben\u00f6tigt L\u00f6sungen. Ver\u00e4nderungen. Aktionen.\",\"publisher\":{\"@id\":\"https:\/\/www.greenpeace.org\/luxembourg\/fr\/#organization\"},\"potentialAction\":[{\"@type\":\"SearchAction\",\"target\":{\"@type\":\"EntryPoint\",\"urlTemplate\":\"https:\/\/www.greenpeace.org\/luxembourg\/fr\/?s={search_term_string}\"},\"query-input\":{\"@type\":\"PropertyValueSpecification\",\"valueRequired\":true,\"valueName\":\"search_term_string\"}}],\"inLanguage\":\"de-LU\"},{\"@type\":\"Organization\",\"@id\":\"https:\/\/www.greenpeace.org\/luxembourg\/fr\/#organization\",\"name\":\"Greenpeace Luxembourg\",\"url\":\"https:\/\/www.greenpeace.org\/luxembourg\/fr\/\",\"logo\":{\"@type\":\"ImageObject\",\"inLanguage\":\"de-LU\",\"@id\":\"https:\/\/www.greenpeace.org\/luxembourg\/fr\/#\/schema\/logo\/image\/\",\"url\":\"https:\/\/www.greenpeace.org\/static\/planet4-luxembourg-stateless\/2026\/03\/3e367f94-greenpeace_logo_green_rgb.png\",\"contentUrl\":\"https:\/\/www.greenpeace.org\/static\/planet4-luxembourg-stateless\/2026\/03\/3e367f94-greenpeace_logo_green_rgb.png\",\"width\":1080,\"height\":175,\"caption\":\"Greenpeace Luxembourg\"},\"image\":{\"@id\":\"https:\/\/www.greenpeace.org\/luxembourg\/fr\/#\/schema\/logo\/image\/\"},\"sameAs\":[\"https:\/\/www.facebook.com\/greenpeaceluxembourg\",\"https:\/\/www.instagram.com\/greenpeacelux\/\",\"https:\/\/www.linkedin.com\/company\/greenpeace-luxembourg\/\",\"https:\/\/www.threads.com\/@greenpeacelux\",\"https:\/\/bsky.app\/profile\/greenpeacelux.bsky.social\",\"https:\/\/www.youtube.com\/@GreenpeaceLux\",\"https:\/\/www.tiktok.com\/@greenpeace_lux\"]}]}<\/script>\n<!-- \/ Yoast SEO Premium plugin. -->","yoast_head_json":{"title":"Anlassspenden - Greenpeace Luxembourg","robots":{"index":"index","follow":"follow","max-snippet":"max-snippet:-1","max-image-preview":"max-image-preview:large","max-video-preview":"max-video-preview:-1"},"canonical":"http:\/\/www.greenpeace.org\/luxembourg\/fr\/agir\/adherer-a-greenpeace\/donner-a-loccasion-devenements-particuliers\/","og_locale":"de_DE","og_type":"article","og_title":"Anlassspenden","og_description":"Warum nicht um eine Spende von Freunden und Familie anstatt von Geburtstagsgeschenke bitten? Oder anl\u00e4sslich der Geburt Ihrer Kinder? Jubil\u00e4en, Geburten, sportliche Herausforderungen, &#8230; Jeder kann sein eigenes Fundraising zum Wohle unserer Stiftung gestalten. Sie k\u00f6nnen zum Beispiel auf die Todesanzeige, die Geburtsanzeige oder auf Ihre Hochzeitseinladung schreiben: \u201cAnstelle zugedachter Blumen\/Geschenke bitten wir um eine [&hellip;]","og_url":"http:\/\/www.greenpeace.org\/luxembourg\/fr\/agir\/adherer-a-greenpeace\/donner-a-loccasion-devenements-particuliers\/","og_site_name":"Greenpeace Luxembourg","article_publisher":"https:\/\/www.facebook.com\/greenpeaceluxembourg","article_modified_time":"2024-03-26T13:05:17+00:00","og_image":[{"width":1200,"height":800,"url":"https:\/\/www.greenpeace.org\/static\/planet4-luxembourg-stateless\/2018\/09\/a6ed756b-gp04iof_medium_res.jpg","type":"image\/jpeg"}],"twitter_card":"summary_large_image","twitter_misc":{"Est. reading time":"1 minute"},"schema":{"@context":"https:\/\/schema.org","@graph":[{"@type":"WebPage","@id":"http:\/\/www.greenpeace.org\/luxembourg\/fr\/agir\/adherer-a-greenpeace\/donner-a-loccasion-devenements-particuliers\/","url":"http:\/\/www.greenpeace.org\/luxembourg\/fr\/agir\/adherer-a-greenpeace\/donner-a-loccasion-devenements-particuliers\/","name":"Anlassspenden - Greenpeace Luxembourg","isPartOf":{"@id":"https:\/\/www.greenpeace.org\/luxembourg\/fr\/#website"},"primaryImageOfPage":{"@id":"http:\/\/www.greenpeace.org\/luxembourg\/fr\/agir\/adherer-a-greenpeace\/donner-a-loccasion-devenements-particuliers\/#primaryimage"},"image":{"@id":"http:\/\/www.greenpeace.org\/luxembourg\/fr\/agir\/adherer-a-greenpeace\/donner-a-loccasion-devenements-particuliers\/#primaryimage"},"thumbnailUrl":"https:\/\/www.greenpeace.org\/static\/planet4-luxembourg-stateless\/2018\/09\/a6ed756b-gp04iof_medium_res.jpg","datePublished":"2018-09-19T08:57:38+00:00","dateModified":"2024-03-26T13:05:17+00:00","breadcrumb":{"@id":"http:\/\/www.greenpeace.org\/luxembourg\/fr\/agir\/adherer-a-greenpeace\/donner-a-loccasion-devenements-particuliers\/#breadcrumb"},"inLanguage":"de-LU","potentialAction":[{"@type":"ReadAction","target":["http:\/\/www.greenpeace.org\/luxembourg\/fr\/agir\/adherer-a-greenpeace\/donner-a-loccasion-devenements-particuliers\/"]}]},{"@type":"ImageObject","inLanguage":"de-LU","@id":"http:\/\/www.greenpeace.org\/luxembourg\/fr\/agir\/adherer-a-greenpeace\/donner-a-loccasion-devenements-particuliers\/#primaryimage","url":"https:\/\/www.greenpeace.org\/static\/planet4-luxembourg-stateless\/2018\/09\/a6ed756b-gp04iof_medium_res.jpg","contentUrl":"https:\/\/www.greenpeace.org\/static\/planet4-luxembourg-stateless\/2018\/09\/a6ed756b-gp04iof_medium_res.jpg","width":1200,"height":800,"caption":"Visitors at a Rainbow Warrior 'Open Boat' day, to show support for the 'Save the Reef' campaign. The ship's six week tour will see the Rainbow Warrior travel up the east coast of Australia to raise awareness and support for the campaign."},{"@type":"BreadcrumbList","@id":"http:\/\/www.greenpeace.org\/luxembourg\/fr\/agir\/adherer-a-greenpeace\/donner-a-loccasion-devenements-particuliers\/#breadcrumb","itemListElement":[{"@type":"ListItem","position":1,"name":"Home","item":"http:\/\/www.greenpeace.org\/luxembourg\/fr\/"},{"@type":"ListItem","position":2,"name":"Handeln","item":"http:\/\/www.greenpeace.org\/luxembourg\/fr\/agir\/"},{"@type":"ListItem","position":3,"name":"F\u00f6rdermitglied werden","item":"http:\/\/www.greenpeace.org\/luxembourg\/fr\/agir\/adherer-a-greenpeace\/"},{"@type":"ListItem","position":4,"name":"Anlassspenden"}]},{"@type":"WebSite","@id":"https:\/\/www.greenpeace.org\/luxembourg\/fr\/#website","url":"https:\/\/www.greenpeace.org\/luxembourg\/fr\/","name":"Greenpeace Luxembourg","description":"Greenpeace existiert, weil unsere Erde eine Stimme braucht. Sie ben\u00f6tigt L\u00f6sungen. Ver\u00e4nderungen. Aktionen.","publisher":{"@id":"https:\/\/www.greenpeace.org\/luxembourg\/fr\/#organization"},"potentialAction":[{"@type":"SearchAction","target":{"@type":"EntryPoint","urlTemplate":"https:\/\/www.greenpeace.org\/luxembourg\/fr\/?s={search_term_string}"},"query-input":{"@type":"PropertyValueSpecification","valueRequired":true,"valueName":"search_term_string"}}],"inLanguage":"de-LU"},{"@type":"Organization","@id":"https:\/\/www.greenpeace.org\/luxembourg\/fr\/#organization","name":"Greenpeace Luxembourg","url":"https:\/\/www.greenpeace.org\/luxembourg\/fr\/","logo":{"@type":"ImageObject","inLanguage":"de-LU","@id":"https:\/\/www.greenpeace.org\/luxembourg\/fr\/#\/schema\/logo\/image\/","url":"https:\/\/www.greenpeace.org\/static\/planet4-luxembourg-stateless\/2026\/03\/3e367f94-greenpeace_logo_green_rgb.png","contentUrl":"https:\/\/www.greenpeace.org\/static\/planet4-luxembourg-stateless\/2026\/03\/3e367f94-greenpeace_logo_green_rgb.png","width":1080,"height":175,"caption":"Greenpeace Luxembourg"},"image":{"@id":"https:\/\/www.greenpeace.org\/luxembourg\/fr\/#\/schema\/logo\/image\/"},"sameAs":["https:\/\/www.facebook.com\/greenpeaceluxembourg","https:\/\/www.instagram.com\/greenpeacelux\/","https:\/\/www.linkedin.com\/company\/greenpeace-luxembourg\/","https:\/\/www.threads.com\/@greenpeacelux","https:\/\/bsky.app\/profile\/greenpeacelux.bsky.social","https:\/\/www.youtube.com\/@GreenpeaceLux","https:\/\/www.tiktok.com\/@greenpeace_lux"]}]}},"_links":{"self":[{"href":"https:\/\/www.greenpeace.org\/luxembourg\/de\/wp-json\/wp\/v2\/pages\/752","targetHints":{"allow":["GET"]}}],"collection":[{"href":"https:\/\/www.greenpeace.org\/luxembourg\/de\/wp-json\/wp\/v2\/pages"}],"about":[{"href":"https:\/\/www.greenpeace.org\/luxembourg\/de\/wp-json\/wp\/v2\/types\/page"}],"author":[{"embeddable":true,"href":"https:\/\/www.greenpeace.org\/luxembourg\/de\/wp-json\/wp\/v2\/users\/16"}],"replies":[{"embeddable":true,"href":"https:\/\/www.greenpeace.org\/luxembourg\/de\/wp-json\/wp\/v2\/comments?post=752"}],"version-history":[{"count":6,"href":"https:\/\/www.greenpeace.org\/luxembourg\/de\/wp-json\/wp\/v2\/pages\/752\/revisions"}],"predecessor-version":[{"id":21269,"href":"https:\/\/www.greenpeace.org\/luxembourg\/de\/wp-json\/wp\/v2\/pages\/752\/revisions\/21269"}],"up":[{"embeddable":true,"href":"https:\/\/www.greenpeace.org\/luxembourg\/de\/wp-json\/wp\/v2\/pages\/724"}],"wp:featuredmedia":[{"embeddable":true,"href":"https:\/\/www.greenpeace.org\/luxembourg\/de\/wp-json\/wp\/v2\/media\/1195"}],"wp:attachment":[{"href":"https:\/\/www.greenpeace.org\/luxembourg\/de\/wp-json\/wp\/v2\/media?parent=752"}],"wp:term":[{"taxonomy":"category","embeddable":true,"href":"https:\/\/www.greenpeace.org\/luxembourg\/de\/wp-json\/wp\/v2\/categories?post=752"},{"taxonomy":"post_tag","embeddable":true,"href":"https:\/\/www.greenpeace.org\/luxembourg\/de\/wp-json\/wp\/v2\/tags?post=752"}],"curies":[{"name":"wp","href":"https:\/\/api.w.org\/{rel}","templated":true}]}}