{"id":823,"date":"2018-09-19T11:22:18","date_gmt":"2018-09-19T11:22:18","guid":{"rendered":"https:\/\/www.greenpeace.org\/luxembourg\/?page_id=823"},"modified":"2025-01-14T12:58:03","modified_gmt":"2025-01-14T10:58:03","slug":"schuetzen-sie-die-ozeane","status":"publish","type":"page","link":"https:\/\/www.greenpeace.org\/luxembourg\/de\/handeln\/schuetzen-sie-die-ozeane\/","title":{"rendered":"Sch\u00fctzen Sie die Ozeane"},"content":{"rendered":"\n                    <div class=\"wp-block-group is-vertical is-layout-flex wp-container-core-group-is-layout-8cf370e7 wp-block-group-is-layout-flex\">\n                    \n                                <p>Die Ozeane sind unverzichtbar f\u00fcr das Leben auf der Erde. Ozeane produzieren die H\u00e4lfte des Sauerstoffs, den wir atmen, und genug Nahrung f\u00fcr eine Milliarde Menschen. Und da sie ph\u00e4nomenale Mengen an Kohlendioxid absorbieren, sind sie auch unsere beste Verteidigung gegen den Klimawandel. Unser Schicksal ist mit dem der Ozeane verbunden. Wenn sie es nicht schaffen, schaffen wir es nicht.<\/p>\n                            \n\n                    \n                    <\/div>\n                    <div data-render=\"planet4-blocks\/columns\" data-attributes=\"{&quot;attributes&quot;:{&quot;columns&quot;:[{&quot;title&quot;:&quot;Das Problem&quot;,&quot;description&quot;:&quot;Plastiksverschmutzung, \\u00dcberfischung, Versauerung, M\\u00fcllstrudel unter der Wasseroberfl\\u00e4che ... die Bedrohungen f\\u00fcr die Ozeane werden immer zahlreicher und immer verheerender. Die Folge: Ein massiver Verlust an Artenvielfalt und nat\\u00fcrlichem Lebensraum. Das \\u00dcberleben des blauen Planeten und aller dort lebenden Arten h\\u00e4ngt jedoch von der Gesundheit der Meere ab.&quot;,&quot;link_new_tab&quot;:false},{&quot;title&quot;:&quot;Die L\\u00f6sung&quot;,&quot;description&quot;:&quot;Wissenschaftler haben einen Rettungsplan entwickelt, der besagt, dass bis 2030 mindestens 30 Prozent der Ozeane unter Schutz gestellt werden m\\u00fcssen um diese vor Fischerei, Bergbau und anderen sch\\u00e4dlichen Industrien zu sch\\u00fctzen. Solche Meeresschutzgebiete sind bitter n\\u00f6tig. Sie haben zahlreiche Funktionen, die f\\u00fcr ein Leben auf unserem Planeten unentbehrlich sind. Bisher gibt es aber keinen globalen, rechtsverbindlichen Vertrag zur Einrichtung, Verwaltung und Durchsetzung von Meeresschutzgebieten auf der Hohen See. Das geltende Seerecht konzentriert sich mehr auf die Nutzung der Ozeane als auf deren Schutz. Das soll sich \\u00e4ndern: Unter dem Dach der Vereinten Nationen verhandeln Regierungsvertreter nun \\u00fcber  einen globalen Ozean-Vertrag. Es soll ein rechtsverbindliches Regelwerk geschaffen werden, das den \\u201eSchutz und die nachhaltige Nutzung der biologischen Vielfalt au\\u00dferhalb nationaler Hoheitsgew\\u00e4sser&quot;,&quot;link_new_tab&quot;:false,&quot;cta_text&quot;:&quot;Spenden f\\u00fcr die Umwelt&quot;,&quot;cta_link&quot;:&quot;&quot;}],&quot;className&quot;:&quot;is-style-no_image&quot;,&quot;columns_block_style&quot;:&quot;no_image&quot;}}\"><\/div>","protected":false},"excerpt":{"rendered":"<p>Fordern Sie die Einrichtung von Meeresschutzgebieten, um die Arten dieses wertvollen \u00d6kosystems zu sch\u00fctzen!<\/p>\n","protected":false},"author":16,"featured_media":4755,"parent":661,"menu_order":0,"comment_status":"closed","ping_status":"closed","template":"","meta":{"ep_exclude_from_search":false,"p4_hide_page_title_checkbox":"","p4_title":"","p4_subtitle":"","p4_description":"","background_image_id":"","background_image":"","p4_button_title":"","p4_button_link":"","p4_button_link_checkbox":"","p4_og_title":"","p4_og_description":"","p4_og_image":"","p4_og_image_id":"","p4_seo_canonical_url":"","p4_campaign_name":"Ocean Sanctuaries","p4_local_project":"not set","p4_basket_name":"Oceans","p4_department":"Campaigns","footnotes":""},"categories":[47],"tags":[56,66],"class_list":["post-823","page","type-page","status-publish","has-post-thumbnail","hentry","category-natur","tag-ozeane","tag-biodiversitaet"],"yoast_head":"<!-- This site is optimized with the Yoast SEO Premium plugin v23.9 (Yoast SEO v23.9) - https:\/\/yoast.com\/wordpress\/plugins\/seo\/ -->\n<title>Sch\u00fctzen Sie die Ozeane - Greenpeace Luxembourg<\/title>\n<meta name=\"robots\" content=\"index, follow, max-snippet:-1, max-image-preview:large, max-video-preview:-1\" \/>\n<link rel=\"canonical\" href=\"http:\/\/www.greenpeace.org\/luxembourg\/fr\/?page_id=432\" \/>\n<meta property=\"og:locale\" content=\"de_DE\" \/>\n<meta property=\"og:type\" content=\"article\" \/>\n<meta property=\"og:title\" content=\"Sch\u00fctzen Sie die Ozeane\" \/>\n<meta property=\"og:description\" content=\"Fordern Sie die Einrichtung von Meeresschutzgebieten, um die Arten dieses wertvollen \u00d6kosystems zu sch\u00fctzen!\" \/>\n<meta property=\"og:url\" content=\"http:\/\/www.greenpeace.org\/luxembourg\/fr\/?page_id=432\" \/>\n<meta property=\"og:site_name\" content=\"Greenpeace Luxembourg\" \/>\n<meta property=\"article:publisher\" content=\"https:\/\/www.facebook.com\/greenpeaceluxembourg\" \/>\n<meta property=\"article:modified_time\" content=\"2025-01-14T10:58:03+00:00\" \/>\n<meta property=\"og:image\" content=\"https:\/\/www.greenpeace.org\/static\/planet4-luxembourg-stateless\/2019\/05\/4214824b-gp03jy3_medium_res.jpg\" \/>\n\t<meta property=\"og:image:width\" content=\"1200\" \/>\n\t<meta property=\"og:image:height\" content=\"771\" \/>\n\t<meta property=\"og:image:type\" content=\"image\/jpeg\" \/>\n<meta name=\"twitter:card\" content=\"summary_large_image\" \/>\n<script type=\"application\/ld+json\" class=\"yoast-schema-graph\">{\"@context\":\"https:\/\/schema.org\",\"@graph\":[{\"@type\":\"WebPage\",\"@id\":\"http:\/\/www.greenpeace.org\/luxembourg\/fr\/?page_id=432\",\"url\":\"http:\/\/www.greenpeace.org\/luxembourg\/fr\/?page_id=432\",\"name\":\"Sch\u00fctzen Sie die Ozeane - Greenpeace Luxembourg\",\"isPartOf\":{\"@id\":\"https:\/\/www.greenpeace.org\/luxembourg\/fr\/#website\"},\"primaryImageOfPage\":{\"@id\":\"http:\/\/www.greenpeace.org\/luxembourg\/fr\/?page_id=432#primaryimage\"},\"image\":{\"@id\":\"http:\/\/www.greenpeace.org\/luxembourg\/fr\/?page_id=432#primaryimage\"},\"thumbnailUrl\":\"https:\/\/www.greenpeace.org\/static\/planet4-luxembourg-stateless\/2019\/05\/4214824b-gp03jy3_medium_res.jpg\",\"datePublished\":\"2018-09-19T11:22:18+00:00\",\"dateModified\":\"2025-01-14T10:58:03+00:00\",\"breadcrumb\":{\"@id\":\"http:\/\/www.greenpeace.org\/luxembourg\/fr\/?page_id=432#breadcrumb\"},\"inLanguage\":\"de-LU\",\"potentialAction\":[{\"@type\":\"ReadAction\",\"target\":[\"http:\/\/www.greenpeace.org\/luxembourg\/fr\/?page_id=432\"]}]},{\"@type\":\"ImageObject\",\"inLanguage\":\"de-LU\",\"@id\":\"http:\/\/www.greenpeace.org\/luxembourg\/fr\/?page_id=432#primaryimage\",\"url\":\"https:\/\/www.greenpeace.org\/static\/planet4-luxembourg-stateless\/2019\/05\/4214824b-gp03jy3_medium_res.jpg\",\"contentUrl\":\"https:\/\/www.greenpeace.org\/static\/planet4-luxembourg-stateless\/2019\/05\/4214824b-gp03jy3_medium_res.jpg\",\"width\":1200,\"height\":771,\"caption\":\"A hawksbill turtle swims past a boat in the waters off Larantuka, Flores, Indonesia, 20th December 2011.\"},{\"@type\":\"BreadcrumbList\",\"@id\":\"http:\/\/www.greenpeace.org\/luxembourg\/fr\/?page_id=432#breadcrumb\",\"itemListElement\":[{\"@type\":\"ListItem\",\"position\":1,\"name\":\"Home\",\"item\":\"http:\/\/www.greenpeace.org\/luxembourg\/fr\/\"},{\"@type\":\"ListItem\",\"position\":2,\"name\":\"Handeln\",\"item\":\"http:\/\/www.greenpeace.org\/luxembourg\/fr\/agir\/\"},{\"@type\":\"ListItem\",\"position\":3,\"name\":\"Sch\u00fctzen Sie die Ozeane\"}]},{\"@type\":\"WebSite\",\"@id\":\"https:\/\/www.greenpeace.org\/luxembourg\/fr\/#website\",\"url\":\"https:\/\/www.greenpeace.org\/luxembourg\/fr\/\",\"name\":\"Greenpeace Luxembourg\",\"description\":\"Greenpeace existiert, weil unsere Erde eine Stimme braucht. Sie ben\u00f6tigt L\u00f6sungen. Ver\u00e4nderungen. Aktionen.\",\"publisher\":{\"@id\":\"https:\/\/www.greenpeace.org\/luxembourg\/fr\/#organization\"},\"potentialAction\":[{\"@type\":\"SearchAction\",\"target\":{\"@type\":\"EntryPoint\",\"urlTemplate\":\"https:\/\/www.greenpeace.org\/luxembourg\/fr\/?s={search_term_string}\"},\"query-input\":{\"@type\":\"PropertyValueSpecification\",\"valueRequired\":true,\"valueName\":\"search_term_string\"}}],\"inLanguage\":\"de-LU\"},{\"@type\":\"Organization\",\"@id\":\"https:\/\/www.greenpeace.org\/luxembourg\/fr\/#organization\",\"name\":\"Greenpeace Luxembourg\",\"url\":\"https:\/\/www.greenpeace.org\/luxembourg\/fr\/\",\"logo\":{\"@type\":\"ImageObject\",\"inLanguage\":\"de-LU\",\"@id\":\"https:\/\/www.greenpeace.org\/luxembourg\/fr\/#\/schema\/logo\/image\/\",\"url\":\"https:\/\/www.greenpeace.org\/static\/planet4-luxembourg-stateless\/2026\/03\/3e367f94-greenpeace_logo_green_rgb.png\",\"contentUrl\":\"https:\/\/www.greenpeace.org\/static\/planet4-luxembourg-stateless\/2026\/03\/3e367f94-greenpeace_logo_green_rgb.png\",\"width\":1080,\"height\":175,\"caption\":\"Greenpeace Luxembourg\"},\"image\":{\"@id\":\"https:\/\/www.greenpeace.org\/luxembourg\/fr\/#\/schema\/logo\/image\/\"},\"sameAs\":[\"https:\/\/www.facebook.com\/greenpeaceluxembourg\",\"https:\/\/www.instagram.com\/greenpeacelux\/\",\"https:\/\/www.linkedin.com\/company\/greenpeace-luxembourg\/\",\"https:\/\/www.threads.com\/@greenpeacelux\",\"https:\/\/bsky.app\/profile\/greenpeacelux.bsky.social\",\"https:\/\/www.youtube.com\/@GreenpeaceLux\",\"https:\/\/www.tiktok.com\/@greenpeace_lux\"]}]}<\/script>\n<!-- \/ Yoast SEO Premium plugin. -->","yoast_head_json":{"title":"Sch\u00fctzen Sie die Ozeane - Greenpeace Luxembourg","robots":{"index":"index","follow":"follow","max-snippet":"max-snippet:-1","max-image-preview":"max-image-preview:large","max-video-preview":"max-video-preview:-1"},"canonical":"http:\/\/www.greenpeace.org\/luxembourg\/fr\/?page_id=432","og_locale":"de_DE","og_type":"article","og_title":"Sch\u00fctzen Sie die Ozeane","og_description":"Fordern Sie die Einrichtung von Meeresschutzgebieten, um die Arten dieses wertvollen \u00d6kosystems zu sch\u00fctzen!","og_url":"http:\/\/www.greenpeace.org\/luxembourg\/fr\/?page_id=432","og_site_name":"Greenpeace Luxembourg","article_publisher":"https:\/\/www.facebook.com\/greenpeaceluxembourg","article_modified_time":"2025-01-14T10:58:03+00:00","og_image":[{"width":1200,"height":771,"url":"https:\/\/www.greenpeace.org\/static\/planet4-luxembourg-stateless\/2019\/05\/4214824b-gp03jy3_medium_res.jpg","type":"image\/jpeg"}],"twitter_card":"summary_large_image","schema":{"@context":"https:\/\/schema.org","@graph":[{"@type":"WebPage","@id":"http:\/\/www.greenpeace.org\/luxembourg\/fr\/?page_id=432","url":"http:\/\/www.greenpeace.org\/luxembourg\/fr\/?page_id=432","name":"Sch\u00fctzen Sie die Ozeane - Greenpeace Luxembourg","isPartOf":{"@id":"https:\/\/www.greenpeace.org\/luxembourg\/fr\/#website"},"primaryImageOfPage":{"@id":"http:\/\/www.greenpeace.org\/luxembourg\/fr\/?page_id=432#primaryimage"},"image":{"@id":"http:\/\/www.greenpeace.org\/luxembourg\/fr\/?page_id=432#primaryimage"},"thumbnailUrl":"https:\/\/www.greenpeace.org\/static\/planet4-luxembourg-stateless\/2019\/05\/4214824b-gp03jy3_medium_res.jpg","datePublished":"2018-09-19T11:22:18+00:00","dateModified":"2025-01-14T10:58:03+00:00","breadcrumb":{"@id":"http:\/\/www.greenpeace.org\/luxembourg\/fr\/?page_id=432#breadcrumb"},"inLanguage":"de-LU","potentialAction":[{"@type":"ReadAction","target":["http:\/\/www.greenpeace.org\/luxembourg\/fr\/?page_id=432"]}]},{"@type":"ImageObject","inLanguage":"de-LU","@id":"http:\/\/www.greenpeace.org\/luxembourg\/fr\/?page_id=432#primaryimage","url":"https:\/\/www.greenpeace.org\/static\/planet4-luxembourg-stateless\/2019\/05\/4214824b-gp03jy3_medium_res.jpg","contentUrl":"https:\/\/www.greenpeace.org\/static\/planet4-luxembourg-stateless\/2019\/05\/4214824b-gp03jy3_medium_res.jpg","width":1200,"height":771,"caption":"A hawksbill turtle swims past a boat in the waters off Larantuka, Flores, Indonesia, 20th December 2011."},{"@type":"BreadcrumbList","@id":"http:\/\/www.greenpeace.org\/luxembourg\/fr\/?page_id=432#breadcrumb","itemListElement":[{"@type":"ListItem","position":1,"name":"Home","item":"http:\/\/www.greenpeace.org\/luxembourg\/fr\/"},{"@type":"ListItem","position":2,"name":"Handeln","item":"http:\/\/www.greenpeace.org\/luxembourg\/fr\/agir\/"},{"@type":"ListItem","position":3,"name":"Sch\u00fctzen Sie die Ozeane"}]},{"@type":"WebSite","@id":"https:\/\/www.greenpeace.org\/luxembourg\/fr\/#website","url":"https:\/\/www.greenpeace.org\/luxembourg\/fr\/","name":"Greenpeace Luxembourg","description":"Greenpeace existiert, weil unsere Erde eine Stimme braucht. Sie ben\u00f6tigt L\u00f6sungen. Ver\u00e4nderungen. Aktionen.","publisher":{"@id":"https:\/\/www.greenpeace.org\/luxembourg\/fr\/#organization"},"potentialAction":[{"@type":"SearchAction","target":{"@type":"EntryPoint","urlTemplate":"https:\/\/www.greenpeace.org\/luxembourg\/fr\/?s={search_term_string}"},"query-input":{"@type":"PropertyValueSpecification","valueRequired":true,"valueName":"search_term_string"}}],"inLanguage":"de-LU"},{"@type":"Organization","@id":"https:\/\/www.greenpeace.org\/luxembourg\/fr\/#organization","name":"Greenpeace Luxembourg","url":"https:\/\/www.greenpeace.org\/luxembourg\/fr\/","logo":{"@type":"ImageObject","inLanguage":"de-LU","@id":"https:\/\/www.greenpeace.org\/luxembourg\/fr\/#\/schema\/logo\/image\/","url":"https:\/\/www.greenpeace.org\/static\/planet4-luxembourg-stateless\/2026\/03\/3e367f94-greenpeace_logo_green_rgb.png","contentUrl":"https:\/\/www.greenpeace.org\/static\/planet4-luxembourg-stateless\/2026\/03\/3e367f94-greenpeace_logo_green_rgb.png","width":1080,"height":175,"caption":"Greenpeace Luxembourg"},"image":{"@id":"https:\/\/www.greenpeace.org\/luxembourg\/fr\/#\/schema\/logo\/image\/"},"sameAs":["https:\/\/www.facebook.com\/greenpeaceluxembourg","https:\/\/www.instagram.com\/greenpeacelux\/","https:\/\/www.linkedin.com\/company\/greenpeace-luxembourg\/","https:\/\/www.threads.com\/@greenpeacelux","https:\/\/bsky.app\/profile\/greenpeacelux.bsky.social","https:\/\/www.youtube.com\/@GreenpeaceLux","https:\/\/www.tiktok.com\/@greenpeace_lux"]}]}},"_links":{"self":[{"href":"https:\/\/www.greenpeace.org\/luxembourg\/de\/wp-json\/wp\/v2\/pages\/823","targetHints":{"allow":["GET"]}}],"collection":[{"href":"https:\/\/www.greenpeace.org\/luxembourg\/de\/wp-json\/wp\/v2\/pages"}],"about":[{"href":"https:\/\/www.greenpeace.org\/luxembourg\/de\/wp-json\/wp\/v2\/types\/page"}],"author":[{"embeddable":true,"href":"https:\/\/www.greenpeace.org\/luxembourg\/de\/wp-json\/wp\/v2\/users\/16"}],"replies":[{"embeddable":true,"href":"https:\/\/www.greenpeace.org\/luxembourg\/de\/wp-json\/wp\/v2\/comments?post=823"}],"version-history":[{"count":16,"href":"https:\/\/www.greenpeace.org\/luxembourg\/de\/wp-json\/wp\/v2\/pages\/823\/revisions"}],"predecessor-version":[{"id":23563,"href":"https:\/\/www.greenpeace.org\/luxembourg\/de\/wp-json\/wp\/v2\/pages\/823\/revisions\/23563"}],"up":[{"embeddable":true,"href":"https:\/\/www.greenpeace.org\/luxembourg\/de\/wp-json\/wp\/v2\/pages\/661"}],"wp:featuredmedia":[{"embeddable":true,"href":"https:\/\/www.greenpeace.org\/luxembourg\/de\/wp-json\/wp\/v2\/media\/4755"}],"wp:attachment":[{"href":"https:\/\/www.greenpeace.org\/luxembourg\/de\/wp-json\/wp\/v2\/media?parent=823"}],"wp:term":[{"taxonomy":"category","embeddable":true,"href":"https:\/\/www.greenpeace.org\/luxembourg\/de\/wp-json\/wp\/v2\/categories?post=823"},{"taxonomy":"post_tag","embeddable":true,"href":"https:\/\/www.greenpeace.org\/luxembourg\/de\/wp-json\/wp\/v2\/tags?post=823"}],"curies":[{"name":"wp","href":"https:\/\/api.w.org\/{rel}","templated":true}]}}