{"id":833,"date":"2018-09-19T11:41:44","date_gmt":"2018-09-19T11:41:44","guid":{"rendered":"https:\/\/www.greenpeace.org\/luxembourg\/?page_id=833"},"modified":"2024-03-26T15:05:10","modified_gmt":"2024-03-26T13:05:10","slug":"cyberaktivismus","status":"publish","type":"page","link":"https:\/\/www.greenpeace.org\/luxembourg\/de\/handeln\/cyberaktivismus\/","title":{"rendered":"Online aktiv werden"},"content":{"rendered":"\n                    <div class=\"wp-block-group is-vertical is-layout-flex wp-container-core-group-is-layout-8cf370e7 wp-block-group-is-layout-flex\">\n                    \n                                <p><span style=\"font-weight: 400\">Online aktiv zu werden ist nicht nur m\u00f6glich, sondern auch notwendig. Soziale Netzwerke sind heute ein schnelles und effektives Werkzeug um Druck auf wirtschaftliche und politische Entscheidungstr\u00e4ger auszu\u00fcben und die Menschen in deinem Umfeld f\u00fcr Umweltfragen zu sensibilisieren.<\/span><\/p>\n                            \n\n                    \n                            <div class=\"wp-block-buttons is-layout-flex wp-block-buttons-is-layout-flex\">\n                            <div class=\"wp-block-button\">\n                                <a class=\"wp-block-button__link wp-element-button\" href=\"#Newsletter\" target=\"\" rel=\"noreferrer noopener\">\n                                    Newsletter abonnieren\n                                <\/a>\n                            <\/div>\n                            <\/div>\n                            \n                    <\/div>\n                    <div data-render=\"planet4-blocks\/columns\" data-attributes=\"{&quot;attributes&quot;:{&quot;columns_block_style&quot;:&quot;icons&quot;,&quot;columns_title&quot;:&quot;Greenpeace lebt vom Mitmachen&quot;,&quot;columns_description&quot;:&quot;Folge uns auf unseren Social Media Kan\\u00e4len oder unterst\\u00fctze unsere Petitionen und Aktionen um damit Druck auf Unternehmen und Politik f\\u00fcr mehr Umweltschutz zu machen. Die M\\u00f6glichkeiten sich bei Greenpeace zu engagieren sind zahlreich - vor Ort oder online. Gemeinsam k\\u00f6nnen wir etwas bewegen.&quot;,&quot;columns&quot;:[{&quot;title&quot;:&quot;Infos &amp; Aktionen&quot;,&quot;description&quot;:&quot;Abonniere unseren &lt;a href=\\&quot;#newsletter\\&quot;&gt;&lt;strong&gt;NEWSLETTER&lt;\\\/strong&gt;&lt;\\\/a&gt; um keine Neuigkeiten mehr zu verpassen und als erste:r von unseren Kampagnen und m\\u00f6glichen Aktionen zu erfahren (Breaking News, Online Petitionen, Online Aktionen, usw.).&quot;,&quot;attachment&quot;:0,&quot;cta_link&quot;:&quot;&quot;,&quot;cta_text&quot;:&quot;&quot;,&quot;link_new_tab&quot;:false},{&quot;title&quot;:&quot;Soziale Medien&quot;,&quot;description&quot;:&quot;Like, kommentiere, teile und markiere deine Freunde auf unseren Beitr\\u00e4gen auf &lt;strong&gt;&lt;a href=\\&quot;https:\\\/\\\/www.facebook.com\\\/greenpeaceluxembourg\\\/\\&quot;&gt;Facebook&lt;\\\/a&gt;&lt;\\\/strong&gt; - &lt;strong&gt;&lt;a href=\\&quot;https:\\\/\\\/twitter.com\\\/Greenpeace_Lux\\&quot;&gt;Twitter&lt;\\\/a&gt;&lt;\\\/strong&gt; - &lt;strong&gt;&lt;a style=\\&quot;bold\\&quot; href=\\&quot;https:\\\/\\\/www.instagram.com\\\/greenpeacelux\\\/ Instagram\\&quot;&gt;Instagram&lt;\\\/a&gt;&lt;\\\/strong&gt; um unsere Reichweite zu erh\\u00f6hen und deine Freunde und Bekannten f\\u00fcr Umweltthemen zu sensibilisieren.&quot;,&quot;attachment&quot;:0,&quot;cta_link&quot;:&quot;&quot;,&quot;cta_text&quot;:&quot;&quot;,&quot;link_new_tab&quot;:false},{&quot;title&quot;:&quot;Ehrenamtliche Arbeit im Web Bereich&quot;,&quot;description&quot;:&quot;Du m\\u00f6chtest online aktiv werden und uns z.B. bei \\u00dcbersetzungen, Web Designs, oder unseren sozialen Medien unterst\\u00fctzen? F\\u00fclle unser &lt;a href=\\&quot;https:\\\/\\\/www.greenpeace.org\\\/luxembourg\\\/de\\\/handeln\\\/ehrenamtlicher-helferin-werden\\\/\\&quot;&gt;&lt;strong&gt;FORMULAR&lt;\\\/strong&gt;&lt;\\\/a&gt; aus wenn du Interesse an ehrenamtlicher Arbeit hast und lass uns gemeinsam besprechen, wie du dich einbringen k\\u00f6nnen.&quot;,&quot;attachment&quot;:0,&quot;cta_link&quot;:&quot;&quot;,&quot;cta_text&quot;:&quot;&quot;,&quot;link_new_tab&quot;:false}],&quot;className&quot;:&quot;is-style-icons&quot;}}\"><\/div><div data-render=\"planet4-blocks\/columns\" data-attributes=\"{&quot;attributes&quot;:{&quot;columns_block_style&quot;:&quot;image&quot;,&quot;columns_title&quot;:&quot;Sensibilisiere deine Community online&quot;,&quot;columns_description&quot;:&quot;Deine Freunde und Freundinnen, Familie, Bekannt:innen oder Follower:innen teilen h\\u00e4ufig deine Beitr\\u00e4ge? Das ist deine Gelegenheit Botschafter:in in Sachen Umweltfragen zu werden. &quot;,&quot;columns&quot;:[{&quot;title&quot;:&quot;Content Creator&quot;,&quot;description&quot;:&quot;Facebook Beitr\\u00e4ge, Tweets, TikTiok Videos, Instagram Stories, Podcasts, Youtube Videos, Memes\\u2026 Nutze die aktuellsten Trends, um auf Umweltmissst\\u00e4nde und -probleme aufmerksam zu machen. Markiere uns gerne auf deinen Beitr\\u00e4gen oder kontaktier uns direkt unter &lt;a href=\\&quot;mailto:contact.luxembourg@greenpeace.org\\&quot;&gt;contact.luxembourg@greenpeace.org&lt;\\\/a&gt;.&quot;,&quot;attachment&quot;:&quot;https:\\\/\\\/www.greenpeace.org\\\/static\\\/planet4-luxembourg-stateless\\\/2020\\\/08\\\/ab79fb21-gp0stpmk1_medium_res-510x340.jpg&quot;,&quot;cta_link&quot;:&quot;&quot;,&quot;cta_text&quot;:&quot;&quot;,&quot;link_new_tab&quot;:false,&quot;attachment_srcset&quot;:&quot;https:\\\/\\\/www.greenpeace.org\\\/static\\\/planet4-luxembourg-stateless\\\/2020\\\/08\\\/ab79fb21-gp0stpmk1_medium_res-510x340.jpg 510w, https:\\\/\\\/www.greenpeace.org\\\/static\\\/planet4-luxembourg-stateless\\\/2020\\\/08\\\/ab79fb21-gp0stpmk1_medium_res-300x200.jpg 300w, https:\\\/\\\/www.greenpeace.org\\\/static\\\/planet4-luxembourg-stateless\\\/2020\\\/08\\\/ab79fb21-gp0stpmk1_medium_res-1024x683.jpg 1024w, https:\\\/\\\/www.greenpeace.org\\\/static\\\/planet4-luxembourg-stateless\\\/2020\\\/08\\\/ab79fb21-gp0stpmk1_medium_res-768x512.jpg 768w, https:\\\/\\\/www.greenpeace.org\\\/static\\\/planet4-luxembourg-stateless\\\/2020\\\/08\\\/ab79fb21-gp0stpmk1_medium_res.jpg 1200w&quot;},{&quot;title&quot;:&quot;Celebreties&quot;,&quot;description&quot;:&quot;Du bist K\\u00fcnstler:in oder eine Person des \\u00f6ffentlichen Lebens und m\\u00f6chtest deine Community dazu ermutigen, f\\u00fcr Anliegen, die dir am Herzen liegen, aktiv zu werden? Gerne beraten wir dich oder arbeiten ein gemeinsames Projekt aus! Kontaktier uns unter: &lt;a href=\\&quot;mailto:contact.luxembourg@greenpeace.org\\&quot;&gt;contact.luxembourg@greenpeace.org&lt;\\\/a&gt; &quot;,&quot;attachment&quot;:&quot;https:\\\/\\\/www.greenpeace.org\\\/static\\\/planet4-luxembourg-stateless\\\/2020\\\/08\\\/ba540d76-gp0stujbi_medium_res-510x340.jpg&quot;,&quot;cta_link&quot;:&quot;&quot;,&quot;cta_text&quot;:&quot;&quot;,&quot;link_new_tab&quot;:false,&quot;attachment_srcset&quot;:&quot;https:\\\/\\\/www.greenpeace.org\\\/static\\\/planet4-luxembourg-stateless\\\/2020\\\/08\\\/ba540d76-gp0stujbi_medium_res-510x340.jpg 510w, https:\\\/\\\/www.greenpeace.org\\\/static\\\/planet4-luxembourg-stateless\\\/2020\\\/08\\\/ba540d76-gp0stujbi_medium_res-300x200.jpg 300w, https:\\\/\\\/www.greenpeace.org\\\/static\\\/planet4-luxembourg-stateless\\\/2020\\\/08\\\/ba540d76-gp0stujbi_medium_res-1024x683.jpg 1024w, https:\\\/\\\/www.greenpeace.org\\\/static\\\/planet4-luxembourg-stateless\\\/2020\\\/08\\\/ba540d76-gp0stujbi_medium_res-768x512.jpg 768w, https:\\\/\\\/www.greenpeace.org\\\/static\\\/planet4-luxembourg-stateless\\\/2020\\\/08\\\/ba540d76-gp0stujbi_medium_res.jpg 1200w&quot;}],&quot;className&quot;:&quot;is-style-image&quot;}}\"><\/div>\n<h4 class=\"wp-block-heading\" id=\"newsletter\"><mark style=\"background-color:rgba(0, 0, 0, 0)\" class=\"has-inline-color has-grey-200-color\"> <\/mark><\/h4>\n","protected":false},"excerpt":{"rendered":"<p>Es ist m\u00f6glich und notwendig sich sowohl online zu informieren als auch aktiv zu werden: wenn Sie auch denken, dass ein einfacher Klick alles ver\u00e4ndern kann&#8230; nur zu!<\/p>\n","protected":false},"author":16,"featured_media":9542,"parent":661,"menu_order":5,"comment_status":"closed","ping_status":"closed","template":"page-templates\/evergreen.php","meta":{"ep_exclude_from_search":false,"p4_hide_page_title_checkbox":"","p4_title":"","p4_subtitle":"","p4_description":"","background_image_id":"","background_image":"","p4_button_title":"","p4_button_link":"","p4_button_link_checkbox":"","p4_og_title":"","p4_og_description":"","p4_og_image":"","p4_og_image_id":"","p4_seo_canonical_url":"","p4_campaign_name":"not set","p4_local_project":"not set","p4_basket_name":"not set","p4_department":"","footnotes":""},"categories":[17,24],"tags":[59,61],"class_list":{"0":"post-833","1":"page","2":"type-page","3":"status-publish","4":"has-post-thumbnail","5":"hentry","6":"category-greenpeace","8":"tag-ehrenamtlichehelfer","9":"tag-greenpeace-de"},"yoast_head":"<!-- This site is optimized with the Yoast SEO Premium plugin v23.9 (Yoast SEO v23.9) - https:\/\/yoast.com\/wordpress\/plugins\/seo\/ -->\n<title>Online aktiv werden - Greenpeace Luxembourg<\/title>\n<meta name=\"robots\" content=\"index, follow, max-snippet:-1, max-image-preview:large, max-video-preview:-1\" \/>\n<link rel=\"canonical\" href=\"http:\/\/www.greenpeace.org\/luxembourg\/fr\/agir\/cyber-activisme\/\" \/>\n<meta property=\"og:locale\" content=\"de_DE\" \/>\n<meta property=\"og:type\" content=\"article\" \/>\n<meta property=\"og:title\" content=\"Online aktiv werden\" \/>\n<meta property=\"og:description\" content=\"Es ist m\u00f6glich und notwendig sich sowohl online zu informieren als auch aktiv zu werden: wenn Sie auch denken, dass ein einfacher Klick alles ver\u00e4ndern kann... nur zu!\" \/>\n<meta property=\"og:url\" content=\"http:\/\/www.greenpeace.org\/luxembourg\/fr\/agir\/cyber-activisme\/\" \/>\n<meta property=\"og:site_name\" content=\"Greenpeace Luxembourg\" \/>\n<meta property=\"article:publisher\" content=\"https:\/\/www.facebook.com\/greenpeaceluxembourg\" \/>\n<meta property=\"article:modified_time\" content=\"2024-03-26T13:05:10+00:00\" \/>\n<meta property=\"og:image\" content=\"https:\/\/www.greenpeace.org\/static\/planet4-luxembourg-stateless\/2020\/08\/3bb98ba1-gp0stt1qw_medium_res.jpg\" \/>\n\t<meta property=\"og:image:width\" content=\"800\" \/>\n\t<meta property=\"og:image:height\" content=\"1200\" \/>\n\t<meta property=\"og:image:type\" content=\"image\/jpeg\" \/>\n<meta name=\"twitter:card\" content=\"summary_large_image\" \/>\n<script type=\"application\/ld+json\" class=\"yoast-schema-graph\">{\"@context\":\"https:\/\/schema.org\",\"@graph\":[{\"@type\":\"WebPage\",\"@id\":\"http:\/\/www.greenpeace.org\/luxembourg\/fr\/agir\/cyber-activisme\/\",\"url\":\"http:\/\/www.greenpeace.org\/luxembourg\/fr\/agir\/cyber-activisme\/\",\"name\":\"Online aktiv werden - Greenpeace Luxembourg\",\"isPartOf\":{\"@id\":\"https:\/\/www.greenpeace.org\/luxembourg\/fr\/#website\"},\"primaryImageOfPage\":{\"@id\":\"http:\/\/www.greenpeace.org\/luxembourg\/fr\/agir\/cyber-activisme\/#primaryimage\"},\"image\":{\"@id\":\"http:\/\/www.greenpeace.org\/luxembourg\/fr\/agir\/cyber-activisme\/#primaryimage\"},\"thumbnailUrl\":\"https:\/\/www.greenpeace.org\/static\/planet4-luxembourg-stateless\/2020\/08\/3bb98ba1-gp0stt1qw_medium_res.jpg\",\"datePublished\":\"2018-09-19T11:41:44+00:00\",\"dateModified\":\"2024-03-26T13:05:10+00:00\",\"breadcrumb\":{\"@id\":\"http:\/\/www.greenpeace.org\/luxembourg\/fr\/agir\/cyber-activisme\/#breadcrumb\"},\"inLanguage\":\"de-LU\",\"potentialAction\":[{\"@type\":\"ReadAction\",\"target\":[\"http:\/\/www.greenpeace.org\/luxembourg\/fr\/agir\/cyber-activisme\/\"]}]},{\"@type\":\"ImageObject\",\"inLanguage\":\"de-LU\",\"@id\":\"http:\/\/www.greenpeace.org\/luxembourg\/fr\/agir\/cyber-activisme\/#primaryimage\",\"url\":\"https:\/\/www.greenpeace.org\/static\/planet4-luxembourg-stateless\/2020\/08\/3bb98ba1-gp0stt1qw_medium_res.jpg\",\"contentUrl\":\"https:\/\/www.greenpeace.org\/static\/planet4-luxembourg-stateless\/2020\/08\/3bb98ba1-gp0stt1qw_medium_res.jpg\",\"width\":800,\"height\":1200,\"caption\":\"Greenpeace presentation of digital educational material at didacta education fair in Cologne. Ein neues digitales Bildungsangebot fuer Schulen praesentiert Greenpeace auf der Bildungsmesse didacta in Koeln. Bei dem debattenorientierten Angebot mit dem Titel \\\"Konsumspuren\\\" waehlen Schuelerinnen und Schueler mit ihren eigenen Geraeten im Browser Unterrichtseinheiten aus und bearbeiten sie gemeinsam.\"},{\"@type\":\"BreadcrumbList\",\"@id\":\"http:\/\/www.greenpeace.org\/luxembourg\/fr\/agir\/cyber-activisme\/#breadcrumb\",\"itemListElement\":[{\"@type\":\"ListItem\",\"position\":1,\"name\":\"Home\",\"item\":\"http:\/\/www.greenpeace.org\/luxembourg\/fr\/\"},{\"@type\":\"ListItem\",\"position\":2,\"name\":\"Handeln\",\"item\":\"http:\/\/www.greenpeace.org\/luxembourg\/fr\/agir\/\"},{\"@type\":\"ListItem\",\"position\":3,\"name\":\"Online aktiv werden\"}]},{\"@type\":\"WebSite\",\"@id\":\"https:\/\/www.greenpeace.org\/luxembourg\/fr\/#website\",\"url\":\"https:\/\/www.greenpeace.org\/luxembourg\/fr\/\",\"name\":\"Greenpeace Luxembourg\",\"description\":\"Greenpeace existiert, weil unsere Erde eine Stimme braucht. Sie ben\u00f6tigt L\u00f6sungen. Ver\u00e4nderungen. Aktionen.\",\"publisher\":{\"@id\":\"https:\/\/www.greenpeace.org\/luxembourg\/fr\/#organization\"},\"potentialAction\":[{\"@type\":\"SearchAction\",\"target\":{\"@type\":\"EntryPoint\",\"urlTemplate\":\"https:\/\/www.greenpeace.org\/luxembourg\/fr\/?s={search_term_string}\"},\"query-input\":{\"@type\":\"PropertyValueSpecification\",\"valueRequired\":true,\"valueName\":\"search_term_string\"}}],\"inLanguage\":\"de-LU\"},{\"@type\":\"Organization\",\"@id\":\"https:\/\/www.greenpeace.org\/luxembourg\/fr\/#organization\",\"name\":\"Greenpeace Luxembourg\",\"url\":\"https:\/\/www.greenpeace.org\/luxembourg\/fr\/\",\"logo\":{\"@type\":\"ImageObject\",\"inLanguage\":\"de-LU\",\"@id\":\"https:\/\/www.greenpeace.org\/luxembourg\/fr\/#\/schema\/logo\/image\/\",\"url\":\"https:\/\/www.greenpeace.org\/static\/planet4-luxembourg-stateless\/2026\/03\/3e367f94-greenpeace_logo_green_rgb.png\",\"contentUrl\":\"https:\/\/www.greenpeace.org\/static\/planet4-luxembourg-stateless\/2026\/03\/3e367f94-greenpeace_logo_green_rgb.png\",\"width\":1080,\"height\":175,\"caption\":\"Greenpeace Luxembourg\"},\"image\":{\"@id\":\"https:\/\/www.greenpeace.org\/luxembourg\/fr\/#\/schema\/logo\/image\/\"},\"sameAs\":[\"https:\/\/www.facebook.com\/greenpeaceluxembourg\",\"https:\/\/www.instagram.com\/greenpeacelux\/\",\"https:\/\/www.linkedin.com\/company\/greenpeace-luxembourg\/\",\"https:\/\/www.threads.com\/@greenpeacelux\",\"https:\/\/bsky.app\/profile\/greenpeacelux.bsky.social\",\"https:\/\/www.youtube.com\/@GreenpeaceLux\",\"https:\/\/www.tiktok.com\/@greenpeace_lux\"]}]}<\/script>\n<!-- \/ Yoast SEO Premium plugin. -->","yoast_head_json":{"title":"Online aktiv werden - Greenpeace Luxembourg","robots":{"index":"index","follow":"follow","max-snippet":"max-snippet:-1","max-image-preview":"max-image-preview:large","max-video-preview":"max-video-preview:-1"},"canonical":"http:\/\/www.greenpeace.org\/luxembourg\/fr\/agir\/cyber-activisme\/","og_locale":"de_DE","og_type":"article","og_title":"Online aktiv werden","og_description":"Es ist m\u00f6glich und notwendig sich sowohl online zu informieren als auch aktiv zu werden: wenn Sie auch denken, dass ein einfacher Klick alles ver\u00e4ndern kann... nur zu!","og_url":"http:\/\/www.greenpeace.org\/luxembourg\/fr\/agir\/cyber-activisme\/","og_site_name":"Greenpeace Luxembourg","article_publisher":"https:\/\/www.facebook.com\/greenpeaceluxembourg","article_modified_time":"2024-03-26T13:05:10+00:00","og_image":[{"width":800,"height":1200,"url":"https:\/\/www.greenpeace.org\/static\/planet4-luxembourg-stateless\/2020\/08\/3bb98ba1-gp0stt1qw_medium_res.jpg","type":"image\/jpeg"}],"twitter_card":"summary_large_image","schema":{"@context":"https:\/\/schema.org","@graph":[{"@type":"WebPage","@id":"http:\/\/www.greenpeace.org\/luxembourg\/fr\/agir\/cyber-activisme\/","url":"http:\/\/www.greenpeace.org\/luxembourg\/fr\/agir\/cyber-activisme\/","name":"Online aktiv werden - Greenpeace Luxembourg","isPartOf":{"@id":"https:\/\/www.greenpeace.org\/luxembourg\/fr\/#website"},"primaryImageOfPage":{"@id":"http:\/\/www.greenpeace.org\/luxembourg\/fr\/agir\/cyber-activisme\/#primaryimage"},"image":{"@id":"http:\/\/www.greenpeace.org\/luxembourg\/fr\/agir\/cyber-activisme\/#primaryimage"},"thumbnailUrl":"https:\/\/www.greenpeace.org\/static\/planet4-luxembourg-stateless\/2020\/08\/3bb98ba1-gp0stt1qw_medium_res.jpg","datePublished":"2018-09-19T11:41:44+00:00","dateModified":"2024-03-26T13:05:10+00:00","breadcrumb":{"@id":"http:\/\/www.greenpeace.org\/luxembourg\/fr\/agir\/cyber-activisme\/#breadcrumb"},"inLanguage":"de-LU","potentialAction":[{"@type":"ReadAction","target":["http:\/\/www.greenpeace.org\/luxembourg\/fr\/agir\/cyber-activisme\/"]}]},{"@type":"ImageObject","inLanguage":"de-LU","@id":"http:\/\/www.greenpeace.org\/luxembourg\/fr\/agir\/cyber-activisme\/#primaryimage","url":"https:\/\/www.greenpeace.org\/static\/planet4-luxembourg-stateless\/2020\/08\/3bb98ba1-gp0stt1qw_medium_res.jpg","contentUrl":"https:\/\/www.greenpeace.org\/static\/planet4-luxembourg-stateless\/2020\/08\/3bb98ba1-gp0stt1qw_medium_res.jpg","width":800,"height":1200,"caption":"Greenpeace presentation of digital educational material at didacta education fair in Cologne. Ein neues digitales Bildungsangebot fuer Schulen praesentiert Greenpeace auf der Bildungsmesse didacta in Koeln. Bei dem debattenorientierten Angebot mit dem Titel \"Konsumspuren\" waehlen Schuelerinnen und Schueler mit ihren eigenen Geraeten im Browser Unterrichtseinheiten aus und bearbeiten sie gemeinsam."},{"@type":"BreadcrumbList","@id":"http:\/\/www.greenpeace.org\/luxembourg\/fr\/agir\/cyber-activisme\/#breadcrumb","itemListElement":[{"@type":"ListItem","position":1,"name":"Home","item":"http:\/\/www.greenpeace.org\/luxembourg\/fr\/"},{"@type":"ListItem","position":2,"name":"Handeln","item":"http:\/\/www.greenpeace.org\/luxembourg\/fr\/agir\/"},{"@type":"ListItem","position":3,"name":"Online aktiv werden"}]},{"@type":"WebSite","@id":"https:\/\/www.greenpeace.org\/luxembourg\/fr\/#website","url":"https:\/\/www.greenpeace.org\/luxembourg\/fr\/","name":"Greenpeace Luxembourg","description":"Greenpeace existiert, weil unsere Erde eine Stimme braucht. Sie ben\u00f6tigt L\u00f6sungen. Ver\u00e4nderungen. Aktionen.","publisher":{"@id":"https:\/\/www.greenpeace.org\/luxembourg\/fr\/#organization"},"potentialAction":[{"@type":"SearchAction","target":{"@type":"EntryPoint","urlTemplate":"https:\/\/www.greenpeace.org\/luxembourg\/fr\/?s={search_term_string}"},"query-input":{"@type":"PropertyValueSpecification","valueRequired":true,"valueName":"search_term_string"}}],"inLanguage":"de-LU"},{"@type":"Organization","@id":"https:\/\/www.greenpeace.org\/luxembourg\/fr\/#organization","name":"Greenpeace Luxembourg","url":"https:\/\/www.greenpeace.org\/luxembourg\/fr\/","logo":{"@type":"ImageObject","inLanguage":"de-LU","@id":"https:\/\/www.greenpeace.org\/luxembourg\/fr\/#\/schema\/logo\/image\/","url":"https:\/\/www.greenpeace.org\/static\/planet4-luxembourg-stateless\/2026\/03\/3e367f94-greenpeace_logo_green_rgb.png","contentUrl":"https:\/\/www.greenpeace.org\/static\/planet4-luxembourg-stateless\/2026\/03\/3e367f94-greenpeace_logo_green_rgb.png","width":1080,"height":175,"caption":"Greenpeace Luxembourg"},"image":{"@id":"https:\/\/www.greenpeace.org\/luxembourg\/fr\/#\/schema\/logo\/image\/"},"sameAs":["https:\/\/www.facebook.com\/greenpeaceluxembourg","https:\/\/www.instagram.com\/greenpeacelux\/","https:\/\/www.linkedin.com\/company\/greenpeace-luxembourg\/","https:\/\/www.threads.com\/@greenpeacelux","https:\/\/bsky.app\/profile\/greenpeacelux.bsky.social","https:\/\/www.youtube.com\/@GreenpeaceLux","https:\/\/www.tiktok.com\/@greenpeace_lux"]}]}},"_links":{"self":[{"href":"https:\/\/www.greenpeace.org\/luxembourg\/de\/wp-json\/wp\/v2\/pages\/833","targetHints":{"allow":["GET"]}}],"collection":[{"href":"https:\/\/www.greenpeace.org\/luxembourg\/de\/wp-json\/wp\/v2\/pages"}],"about":[{"href":"https:\/\/www.greenpeace.org\/luxembourg\/de\/wp-json\/wp\/v2\/types\/page"}],"author":[{"embeddable":true,"href":"https:\/\/www.greenpeace.org\/luxembourg\/de\/wp-json\/wp\/v2\/users\/16"}],"replies":[{"embeddable":true,"href":"https:\/\/www.greenpeace.org\/luxembourg\/de\/wp-json\/wp\/v2\/comments?post=833"}],"version-history":[{"count":15,"href":"https:\/\/www.greenpeace.org\/luxembourg\/de\/wp-json\/wp\/v2\/pages\/833\/revisions"}],"predecessor-version":[{"id":21266,"href":"https:\/\/www.greenpeace.org\/luxembourg\/de\/wp-json\/wp\/v2\/pages\/833\/revisions\/21266"}],"up":[{"embeddable":true,"href":"https:\/\/www.greenpeace.org\/luxembourg\/de\/wp-json\/wp\/v2\/pages\/661"}],"wp:featuredmedia":[{"embeddable":true,"href":"https:\/\/www.greenpeace.org\/luxembourg\/de\/wp-json\/wp\/v2\/media\/9542"}],"wp:attachment":[{"href":"https:\/\/www.greenpeace.org\/luxembourg\/de\/wp-json\/wp\/v2\/media?parent=833"}],"wp:term":[{"taxonomy":"category","embeddable":true,"href":"https:\/\/www.greenpeace.org\/luxembourg\/de\/wp-json\/wp\/v2\/categories?post=833"},{"taxonomy":"post_tag","embeddable":true,"href":"https:\/\/www.greenpeace.org\/luxembourg\/de\/wp-json\/wp\/v2\/tags?post=833"}],"curies":[{"name":"wp","href":"https:\/\/api.w.org\/{rel}","templated":true}]}}