{"id":844,"date":"2018-09-19T12:43:29","date_gmt":"2018-09-19T12:43:29","guid":{"rendered":"https:\/\/www.greenpeace.org\/luxembourg\/?page_id=844"},"modified":"2024-03-26T15:05:06","modified_gmt":"2024-03-26T13:05:06","slug":"divestment-aus-fossilen-energien","status":"publish","type":"page","link":"https:\/\/www.greenpeace.org\/luxembourg\/de\/handeln\/divestment-aus-fossilen-energien\/","title":{"rendered":"Zeit aufzuh\u00f6ren, in fossile Brennstoffe zu investieren"},"content":{"rendered":"\n                    <div class=\"wp-block-group is-vertical is-layout-flex wp-container-core-group-is-layout-8cf370e7 wp-block-group-is-layout-flex\">\n                    \n\n                    \n                            <div class=\"wp-block-buttons is-layout-flex wp-block-buttons-is-layout-flex\">\n                            <div class=\"wp-block-button\">\n                                <a class=\"wp-block-button__link wp-element-button\" href=\"https:\/\/act.greenpeace.org\/page\/36920\/petition\/1\" target=\"\" rel=\"noreferrer noopener\">\n                                    Ich unterschreibe das Manifest\n                                <\/a>\n                            <\/div>\n                            <\/div>\n                            \n                    <\/div>\n                    \n<p>Luxemburg ist der zweitgr\u00f6\u00dfte Fondsstandort der Welt.\u00a0 Das Gro\u00dfherzogtum hat dadurch einen erheblichen Einfluss auf den Klimawandel. Wir k\u00f6nnen davon ausgehen, dass ein signifikanter Anteil der 4.700 Milliarden Euro, die von der luxemburgischen Investmentfondsindustrie verwaltet werden, in Unternehmen des fossilen Brennstoffsektors investiert wird.<\/p>\n<div data-render=\"planet4-blocks\/columns\" data-attributes=\"{&quot;attributes&quot;:{&quot;columns_block_style&quot;:&quot;image&quot;,&quot;columns&quot;:[{&quot;title&quot;:&quot;Das Problem: In Luxemburg flie\\u00dft zu viel Geld in Kohle, \\u00d6l und Gas&quot;,&quot;description&quot;:&quot;Oobwohl die Regierung Luxemburg als gr\\u00fcnen Finanzplatz bewirbt, ist die Investmentfondsbranche des Landes ganz einfach nicht dazu verpflichtet, die von ihr finanzierten Kohlenstoffemissionen zu analysieren undr zu reduzieren. Es wird gesch\\u00e4tzt, dass luxemburgische Fonds jedes Jahr den Aussto\\u00df von mindestens 300 bis 400 Millionen Tonnen CO2 finanzieren, was dem 30- bis 40-fachen der direkten Emissionen Luxemburgs entspricht.\\n\\nZus\\u00e4tzlich zu den Auswirkungen auf den Klimawandel stellen diese Investitionen auch ein systemisches Risiko f\\u00fcr die luxemburgische Wirtschaft dar. Experten und Aufsichtsbeh\\u00f6rden des Finanzsektors sowie Zentralbanken warnen vor finanziellen Verlusten von Unternehmen, deren Gesch\\u00e4ftsmodell auf fossilen Brennstoffen basiert oder die von den Auswirkungen des Klimawandels bedroht sind.&quot;,&quot;attachment&quot;:&quot;https:\\\/\\\/www.greenpeace.org\\\/static\\\/planet4-luxembourg-stateless\\\/2020\\\/06\\\/b69668a1-gp0stugyg_medium_res-510x340.jpg&quot;,&quot;cta_link&quot;:&quot;&quot;,&quot;cta_text&quot;:&quot;&quot;,&quot;link_new_tab&quot;:false,&quot;attachment_srcset&quot;:&quot;https:\\\/\\\/www.greenpeace.org\\\/static\\\/planet4-luxembourg-stateless\\\/2020\\\/06\\\/b69668a1-gp0stugyg_medium_res-510x340.jpg 510w, https:\\\/\\\/www.greenpeace.org\\\/static\\\/planet4-luxembourg-stateless\\\/2020\\\/06\\\/b69668a1-gp0stugyg_medium_res-300x200.jpg 300w, https:\\\/\\\/www.greenpeace.org\\\/static\\\/planet4-luxembourg-stateless\\\/2020\\\/06\\\/b69668a1-gp0stugyg_medium_res-1024x682.jpg 1024w, https:\\\/\\\/www.greenpeace.org\\\/static\\\/planet4-luxembourg-stateless\\\/2020\\\/06\\\/b69668a1-gp0stugyg_medium_res-768x511.jpg 768w, https:\\\/\\\/www.greenpeace.org\\\/static\\\/planet4-luxembourg-stateless\\\/2020\\\/06\\\/b69668a1-gp0stugyg_medium_res.jpg 1199w&quot;},{&quot;title&quot;:&quot;Die L\\u00f6sung: eine Transformation des Finanzsektors f\\u00fcr Klima und nachhaltige Entwicklung&quot;,&quot;description&quot;:&quot;\\nDie L\\u00f6sung: eine Transformation des Finanzsektors f\\u00fcr Klima und nachhaltige Entwicklung\\nLuxemburg k\\u00f6nnte seinen gr\\u00f6\\u00dften Beitrag f\\u00fcr die Zukunft unseres Planeten leisten, indem es seinen Finanzplatz umgestaltet. Die Finanzbranche muss ihre Investitionen mit den Zielen des Pariser Abkommens in Einklang bringen, indem sie aufh\\u00f6rt, in fossile Brennstoffe und andere kohlenstoffintensive Sektoren zu investieren. Sie muss zum Umstieg unserer Volkswirtschaft beitragen, indem sie das Geld zur Verf\\u00fcgung stellt, das zur Dekarbonisierung sowie zur Entwicklung erneuerbarer Energien und anderer gr\\u00fcner Technologien ben\\u00f6tigt wird. \\n\\nInvestitionen in schmutzige Energie zu stoppen ist daher eine Notwendigkeit und eine Chance f\\u00fcr Luxemburg, da Investoren zunehmend verlangen, dass ihr Geld in Projekte investiert wird, die aus sozialer und \\u00f6kologischer Sicht eine positive Wirkung haben. &quot;,&quot;attachment&quot;:&quot;https:\\\/\\\/www.greenpeace.org\\\/static\\\/planet4-luxembourg-stateless\\\/3f06aa5c-gp1su5h0_pressmedia_cut-340x340.jpg&quot;,&quot;cta_link&quot;:&quot;&quot;,&quot;cta_text&quot;:&quot;&quot;,&quot;link_new_tab&quot;:false,&quot;attachment_srcset&quot;:false}]}}\"><\/div>\n<h2 class=\"wp-block-heading\">Was Greenpeace leistet<\/h2>\n\n<p>In Luxemburg betreibt ein Greenpeace-Expertenteam akribische Recherchearbeit \u00fcber den <a href=\"https:\/\/www.greenpeace.org\/luxembourg\/de\/finanzsektor\/\" target=\"_blank\" rel=\"noreferrer noopener\">Finanzsektor<\/a> und f\u00fchrt eine \u00f6ffentliche Kampagne durch, die die Branche mit Informationen beliefert, zur Verantwortung zieht und auf Ver\u00e4nderungen hinwirkt.<\/p>\n\n<p>Analysen und Gutachten, \u00f6ffentliche Kampagnen, Medienarbeit und Druck auf die politisch Verantwortlichen &#8211;&nbsp; alles wird getan, um den Sektor dazu zu bewegenn, aus Investitionen in fossile Brennstoffe auszusteigen, und stattdessen soziale und \u00f6kologische Projekte zu unterst\u00fctzen, die f\u00fcr alle von Vorteil sind.<\/p>\n\n<div class=\"wp-block-image  caption-style-medium caption-alignment-center\"><figure class=\"alignleft size-large is-resized\"><a href=\"https:\/\/www.greenpeace.org\/static\/planet4-luxembourg-stateless\/2019\/05\/b1dac887-brief_finance-revised_fr.pdf\"><img loading=\"lazy\" decoding=\"async\" src=\"https:\/\/www.greenpeace.org\/static\/planet4-luxembourg-stateless\/2018\/10\/f967cb08-brief-de.jpg\" alt=\"\" class=\"wp-image-2525\" width=\"92\" height=\"135\" srcset=\"https:\/\/www.greenpeace.org\/static\/planet4-luxembourg-stateless\/2018\/10\/f967cb08-brief-de.jpg 500w, https:\/\/www.greenpeace.org\/static\/planet4-luxembourg-stateless\/2018\/10\/f967cb08-brief-de-204x300.jpg 204w, https:\/\/www.greenpeace.org\/static\/planet4-luxembourg-stateless\/2018\/10\/f967cb08-brief-de-231x340.jpg 231w\" sizes=\"auto, (max-width: 92px) 100vw, 92px\" \/><\/a><\/figure><\/div>\n\n<p>Den Bericht <a href=\"https:\/\/www.greenpeace.org\/static\/planet4-luxembourg-stateless\/2020\/01\/1128a4da-brief_finance-revised_de.pdf\" target=\"_blank\" rel=\"noreferrer noopener\"><em>NO PLANET B<\/em>: MOBILISIERUNG VON FINANZMITTELN F\u00dcR DEN KLIMASCHUTZ<\/a> lesen.<\/p>\n\n<p><\/p>\n\n<p><\/p>\n<div data-render=\"planet4-blocks\/columns\" data-attributes=\"{&quot;attributes&quot;:{&quot;columns_block_style&quot;:&quot;tasks&quot;,&quot;columns_title&quot;:&quot;Was Sie tun k\\u00f6nnen!&quot;,&quot;columns&quot;:[{&quot;title&quot;:&quot;Unterschreiben Sie das Manifest&quot;,&quot;description&quot;:&quot;Geld darf nicht l\\u00e4nger in Kohle, \\u00d6l und Gas flie\\u00dfen: Wir fordern Investitionen mit positiver Wirkung f\\u00fcr die Menschheit und den Planeten!\\n&quot;,&quot;cta_link&quot;:&quot;https:\\\/\\\/act.greenpeace.org\\\/page\\\/36920\\\/petition\\\/1?locale=de-LU&quot;,&quot;cta_text&quot;:&quot;Ich unterschreibe!&quot;,&quot;link_new_tab&quot;:false},{&quot;title&quot;:&quot;Werden Sie ehrenamtliche*r Helfer*in&quot;,&quot;description&quot;:&quot;Engagieren Sie sich bei uns frei nach Ihren W\\u00fcnschen, Ihrer Zeit und Ihren Talenten, und lassen Sie uns gemeinsam zu einer gr\\u00fcneren Welt beitragen!\\n&quot;,&quot;cta_link&quot;:&quot;https:\\\/\\\/www.greenpeace.org\\\/luxembourg\\\/de\\\/handeln\\\/ehrenamt\\\/&quot;,&quot;cta_text&quot;:&quot;Ich engagiere mich freiwillig&quot;,&quot;link_new_tab&quot;:false},{&quot;title&quot;:&quot;Unterst\\u00fctzen Sie die Arbeit unserer ExpertInnen&quot;,&quot;description&quot;:&quot;Mit einer Spende unterst\\u00fctzen Sie direkt die Kampagnen- und Aktionsarbeit von Greenpeace f\\u00fcr einen nachhaltigeren Finanzsektor in Luxemburg.\\n&quot;,&quot;attachment&quot;:0,&quot;cta_link&quot;:&quot;https:\\\/\\\/faire-un-don.greenpeace.lu\\\/de\\\/&quot;,&quot;cta_text&quot;:&quot;Ich spende&quot;,&quot;link_new_tab&quot;:false}]}}\"><\/div>\n<p><\/p>\n","protected":false},"excerpt":{"rendered":"<p>Luxemburg ist der zweitgr\u00f6\u00dfte Fondsstandort der Welt.\u00a0 Das Gro\u00dfherzogtum hat dadurch einen erheblichen Einfluss auf den Klimawandel. Wir k\u00f6nnen davon ausgehen, dass ein signifikanter Anteil der 4.700 Milliarden Euro, die von der luxemburgischen Investmentfondsindustrie verwaltet werden, in Unternehmen des fossilen Brennstoffsektors investiert wird. Was Greenpeace leistet In Luxemburg betreibt ein Greenpeace-Expertenteam akribische Recherchearbeit \u00fcber den [&hellip;]<\/p>\n","protected":false},"author":16,"featured_media":10409,"parent":661,"menu_order":0,"comment_status":"closed","ping_status":"closed","template":"","meta":{"ep_exclude_from_search":false,"p4_hide_page_title_checkbox":"","p4_title":"","p4_subtitle":"","p4_description":"","background_image_id":"","background_image":"","p4_button_title":"","p4_button_link":"","p4_button_link_checkbox":"","p4_og_title":"","p4_og_description":"","p4_og_image":"","p4_og_image_id":"","p4_seo_canonical_url":"","p4_campaign_name":"not set","p4_local_project":"not set","p4_basket_name":"not set","p4_department":"","footnotes":""},"categories":[48],"tags":[60,63,65,96],"class_list":["post-844","page","type-page","status-publish","has-post-thumbnail","hentry","category-klima","tag-luxemburg","tag-fossileenergien","tag-klimawandel","tag-finanzsektor"],"yoast_head":"<!-- This site is optimized with the Yoast SEO Premium plugin v23.9 (Yoast SEO v23.9) - https:\/\/yoast.com\/wordpress\/plugins\/seo\/ -->\n<title>Zeit aufzuh\u00f6ren, in fossile Brennstoffe zu investieren - Greenpeace Luxembourg<\/title>\n<meta name=\"robots\" content=\"index, follow, max-snippet:-1, max-image-preview:large, max-video-preview:-1\" \/>\n<link rel=\"canonical\" href=\"http:\/\/www.greenpeace.org\/luxembourg\/fr\/?page_id=444\" \/>\n<meta property=\"og:locale\" content=\"de_DE\" \/>\n<meta property=\"og:type\" content=\"article\" \/>\n<meta property=\"og:title\" content=\"Zeit aufzuh\u00f6ren, in fossile Brennstoffe zu investieren\" \/>\n<meta property=\"og:description\" content=\"Luxemburg ist der zweitgr\u00f6\u00dfte Fondsstandort der Welt.\u00a0 Das Gro\u00dfherzogtum hat dadurch einen erheblichen Einfluss auf den Klimawandel. Wir k\u00f6nnen davon ausgehen, dass ein signifikanter Anteil der 4.700 Milliarden Euro, die von der luxemburgischen Investmentfondsindustrie verwaltet werden, in Unternehmen des fossilen Brennstoffsektors investiert wird. Was Greenpeace leistet In Luxemburg betreibt ein Greenpeace-Expertenteam akribische Recherchearbeit \u00fcber den [&hellip;]\" \/>\n<meta property=\"og:url\" content=\"http:\/\/www.greenpeace.org\/luxembourg\/fr\/?page_id=444\" \/>\n<meta property=\"og:site_name\" content=\"Greenpeace Luxembourg\" \/>\n<meta property=\"article:publisher\" content=\"https:\/\/www.facebook.com\/greenpeaceluxembourg\" \/>\n<meta property=\"article:modified_time\" content=\"2024-03-26T13:05:06+00:00\" \/>\n<meta property=\"og:image\" content=\"https:\/\/www.greenpeace.org\/static\/planet4-luxembourg-stateless\/0c8f6b41-gp026gz_pressmedia.jpg\" \/>\n\t<meta property=\"og:image:width\" content=\"2500\" \/>\n\t<meta property=\"og:image:height\" content=\"1667\" \/>\n\t<meta property=\"og:image:type\" content=\"image\/jpeg\" \/>\n<meta name=\"twitter:card\" content=\"summary_large_image\" \/>\n<meta name=\"twitter:label1\" content=\"Est. reading time\" \/>\n\t<meta name=\"twitter:data1\" content=\"1 minute\" \/>\n<script type=\"application\/ld+json\" class=\"yoast-schema-graph\">{\"@context\":\"https:\/\/schema.org\",\"@graph\":[{\"@type\":\"WebPage\",\"@id\":\"http:\/\/www.greenpeace.org\/luxembourg\/fr\/?page_id=444\",\"url\":\"http:\/\/www.greenpeace.org\/luxembourg\/fr\/?page_id=444\",\"name\":\"Zeit aufzuh\u00f6ren, in fossile Brennstoffe zu investieren - Greenpeace Luxembourg\",\"isPartOf\":{\"@id\":\"https:\/\/www.greenpeace.org\/luxembourg\/fr\/#website\"},\"primaryImageOfPage\":{\"@id\":\"http:\/\/www.greenpeace.org\/luxembourg\/fr\/?page_id=444#primaryimage\"},\"image\":{\"@id\":\"http:\/\/www.greenpeace.org\/luxembourg\/fr\/?page_id=444#primaryimage\"},\"thumbnailUrl\":\"https:\/\/www.greenpeace.org\/static\/planet4-luxembourg-stateless\/0c8f6b41-gp026gz_pressmedia.jpg\",\"datePublished\":\"2018-09-19T12:43:29+00:00\",\"dateModified\":\"2024-03-26T13:05:06+00:00\",\"breadcrumb\":{\"@id\":\"http:\/\/www.greenpeace.org\/luxembourg\/fr\/?page_id=444#breadcrumb\"},\"inLanguage\":\"de-LU\",\"potentialAction\":[{\"@type\":\"ReadAction\",\"target\":[\"http:\/\/www.greenpeace.org\/luxembourg\/fr\/?page_id=444\"]}]},{\"@type\":\"ImageObject\",\"inLanguage\":\"de-LU\",\"@id\":\"http:\/\/www.greenpeace.org\/luxembourg\/fr\/?page_id=444#primaryimage\",\"url\":\"https:\/\/www.greenpeace.org\/static\/planet4-luxembourg-stateless\/0c8f6b41-gp026gz_pressmedia.jpg\",\"contentUrl\":\"https:\/\/www.greenpeace.org\/static\/planet4-luxembourg-stateless\/0c8f6b41-gp026gz_pressmedia.jpg\",\"width\":2500,\"height\":1667,\"caption\":\"Greenpeace activists in oil-covered bathing suits staged a \u201cBlack Tide Beach Party\u201d to tell participants at the World Energy Congress (WEC) in Montreal that there is an urgent need for the world to move beyond dirty, risky oil and develop more clean energy to combat climate change.\"},{\"@type\":\"BreadcrumbList\",\"@id\":\"http:\/\/www.greenpeace.org\/luxembourg\/fr\/?page_id=444#breadcrumb\",\"itemListElement\":[{\"@type\":\"ListItem\",\"position\":1,\"name\":\"Home\",\"item\":\"http:\/\/www.greenpeace.org\/luxembourg\/fr\/\"},{\"@type\":\"ListItem\",\"position\":2,\"name\":\"Handeln\",\"item\":\"http:\/\/www.greenpeace.org\/luxembourg\/fr\/agir\/\"},{\"@type\":\"ListItem\",\"position\":3,\"name\":\"Zeit aufzuh\u00f6ren, in fossile Brennstoffe zu investieren\"}]},{\"@type\":\"WebSite\",\"@id\":\"https:\/\/www.greenpeace.org\/luxembourg\/fr\/#website\",\"url\":\"https:\/\/www.greenpeace.org\/luxembourg\/fr\/\",\"name\":\"Greenpeace Luxembourg\",\"description\":\"Greenpeace existiert, weil unsere Erde eine Stimme braucht. Sie ben\u00f6tigt L\u00f6sungen. Ver\u00e4nderungen. Aktionen.\",\"publisher\":{\"@id\":\"https:\/\/www.greenpeace.org\/luxembourg\/fr\/#organization\"},\"potentialAction\":[{\"@type\":\"SearchAction\",\"target\":{\"@type\":\"EntryPoint\",\"urlTemplate\":\"https:\/\/www.greenpeace.org\/luxembourg\/fr\/?s={search_term_string}\"},\"query-input\":{\"@type\":\"PropertyValueSpecification\",\"valueRequired\":true,\"valueName\":\"search_term_string\"}}],\"inLanguage\":\"de-LU\"},{\"@type\":\"Organization\",\"@id\":\"https:\/\/www.greenpeace.org\/luxembourg\/fr\/#organization\",\"name\":\"Greenpeace Luxembourg\",\"url\":\"https:\/\/www.greenpeace.org\/luxembourg\/fr\/\",\"logo\":{\"@type\":\"ImageObject\",\"inLanguage\":\"de-LU\",\"@id\":\"https:\/\/www.greenpeace.org\/luxembourg\/fr\/#\/schema\/logo\/image\/\",\"url\":\"https:\/\/www.greenpeace.org\/static\/planet4-luxembourg-stateless\/2026\/03\/3e367f94-greenpeace_logo_green_rgb.png\",\"contentUrl\":\"https:\/\/www.greenpeace.org\/static\/planet4-luxembourg-stateless\/2026\/03\/3e367f94-greenpeace_logo_green_rgb.png\",\"width\":1080,\"height\":175,\"caption\":\"Greenpeace Luxembourg\"},\"image\":{\"@id\":\"https:\/\/www.greenpeace.org\/luxembourg\/fr\/#\/schema\/logo\/image\/\"},\"sameAs\":[\"https:\/\/www.facebook.com\/greenpeaceluxembourg\",\"https:\/\/www.instagram.com\/greenpeacelux\/\",\"https:\/\/www.linkedin.com\/company\/greenpeace-luxembourg\/\",\"https:\/\/www.threads.com\/@greenpeacelux\",\"https:\/\/bsky.app\/profile\/greenpeacelux.bsky.social\",\"https:\/\/www.youtube.com\/@GreenpeaceLux\",\"https:\/\/www.tiktok.com\/@greenpeace_lux\"]}]}<\/script>\n<!-- \/ Yoast SEO Premium plugin. -->","yoast_head_json":{"title":"Zeit aufzuh\u00f6ren, in fossile Brennstoffe zu investieren - Greenpeace Luxembourg","robots":{"index":"index","follow":"follow","max-snippet":"max-snippet:-1","max-image-preview":"max-image-preview:large","max-video-preview":"max-video-preview:-1"},"canonical":"http:\/\/www.greenpeace.org\/luxembourg\/fr\/?page_id=444","og_locale":"de_DE","og_type":"article","og_title":"Zeit aufzuh\u00f6ren, in fossile Brennstoffe zu investieren","og_description":"Luxemburg ist der zweitgr\u00f6\u00dfte Fondsstandort der Welt.\u00a0 Das Gro\u00dfherzogtum hat dadurch einen erheblichen Einfluss auf den Klimawandel. Wir k\u00f6nnen davon ausgehen, dass ein signifikanter Anteil der 4.700 Milliarden Euro, die von der luxemburgischen Investmentfondsindustrie verwaltet werden, in Unternehmen des fossilen Brennstoffsektors investiert wird. Was Greenpeace leistet In Luxemburg betreibt ein Greenpeace-Expertenteam akribische Recherchearbeit \u00fcber den [&hellip;]","og_url":"http:\/\/www.greenpeace.org\/luxembourg\/fr\/?page_id=444","og_site_name":"Greenpeace Luxembourg","article_publisher":"https:\/\/www.facebook.com\/greenpeaceluxembourg","article_modified_time":"2024-03-26T13:05:06+00:00","og_image":[{"width":2500,"height":1667,"url":"https:\/\/www.greenpeace.org\/static\/planet4-luxembourg-stateless\/0c8f6b41-gp026gz_pressmedia.jpg","type":"image\/jpeg"}],"twitter_card":"summary_large_image","twitter_misc":{"Est. reading time":"1 minute"},"schema":{"@context":"https:\/\/schema.org","@graph":[{"@type":"WebPage","@id":"http:\/\/www.greenpeace.org\/luxembourg\/fr\/?page_id=444","url":"http:\/\/www.greenpeace.org\/luxembourg\/fr\/?page_id=444","name":"Zeit aufzuh\u00f6ren, in fossile Brennstoffe zu investieren - Greenpeace Luxembourg","isPartOf":{"@id":"https:\/\/www.greenpeace.org\/luxembourg\/fr\/#website"},"primaryImageOfPage":{"@id":"http:\/\/www.greenpeace.org\/luxembourg\/fr\/?page_id=444#primaryimage"},"image":{"@id":"http:\/\/www.greenpeace.org\/luxembourg\/fr\/?page_id=444#primaryimage"},"thumbnailUrl":"https:\/\/www.greenpeace.org\/static\/planet4-luxembourg-stateless\/0c8f6b41-gp026gz_pressmedia.jpg","datePublished":"2018-09-19T12:43:29+00:00","dateModified":"2024-03-26T13:05:06+00:00","breadcrumb":{"@id":"http:\/\/www.greenpeace.org\/luxembourg\/fr\/?page_id=444#breadcrumb"},"inLanguage":"de-LU","potentialAction":[{"@type":"ReadAction","target":["http:\/\/www.greenpeace.org\/luxembourg\/fr\/?page_id=444"]}]},{"@type":"ImageObject","inLanguage":"de-LU","@id":"http:\/\/www.greenpeace.org\/luxembourg\/fr\/?page_id=444#primaryimage","url":"https:\/\/www.greenpeace.org\/static\/planet4-luxembourg-stateless\/0c8f6b41-gp026gz_pressmedia.jpg","contentUrl":"https:\/\/www.greenpeace.org\/static\/planet4-luxembourg-stateless\/0c8f6b41-gp026gz_pressmedia.jpg","width":2500,"height":1667,"caption":"Greenpeace activists in oil-covered bathing suits staged a \u201cBlack Tide Beach Party\u201d to tell participants at the World Energy Congress (WEC) in Montreal that there is an urgent need for the world to move beyond dirty, risky oil and develop more clean energy to combat climate change."},{"@type":"BreadcrumbList","@id":"http:\/\/www.greenpeace.org\/luxembourg\/fr\/?page_id=444#breadcrumb","itemListElement":[{"@type":"ListItem","position":1,"name":"Home","item":"http:\/\/www.greenpeace.org\/luxembourg\/fr\/"},{"@type":"ListItem","position":2,"name":"Handeln","item":"http:\/\/www.greenpeace.org\/luxembourg\/fr\/agir\/"},{"@type":"ListItem","position":3,"name":"Zeit aufzuh\u00f6ren, in fossile Brennstoffe zu investieren"}]},{"@type":"WebSite","@id":"https:\/\/www.greenpeace.org\/luxembourg\/fr\/#website","url":"https:\/\/www.greenpeace.org\/luxembourg\/fr\/","name":"Greenpeace Luxembourg","description":"Greenpeace existiert, weil unsere Erde eine Stimme braucht. Sie ben\u00f6tigt L\u00f6sungen. Ver\u00e4nderungen. Aktionen.","publisher":{"@id":"https:\/\/www.greenpeace.org\/luxembourg\/fr\/#organization"},"potentialAction":[{"@type":"SearchAction","target":{"@type":"EntryPoint","urlTemplate":"https:\/\/www.greenpeace.org\/luxembourg\/fr\/?s={search_term_string}"},"query-input":{"@type":"PropertyValueSpecification","valueRequired":true,"valueName":"search_term_string"}}],"inLanguage":"de-LU"},{"@type":"Organization","@id":"https:\/\/www.greenpeace.org\/luxembourg\/fr\/#organization","name":"Greenpeace Luxembourg","url":"https:\/\/www.greenpeace.org\/luxembourg\/fr\/","logo":{"@type":"ImageObject","inLanguage":"de-LU","@id":"https:\/\/www.greenpeace.org\/luxembourg\/fr\/#\/schema\/logo\/image\/","url":"https:\/\/www.greenpeace.org\/static\/planet4-luxembourg-stateless\/2026\/03\/3e367f94-greenpeace_logo_green_rgb.png","contentUrl":"https:\/\/www.greenpeace.org\/static\/planet4-luxembourg-stateless\/2026\/03\/3e367f94-greenpeace_logo_green_rgb.png","width":1080,"height":175,"caption":"Greenpeace Luxembourg"},"image":{"@id":"https:\/\/www.greenpeace.org\/luxembourg\/fr\/#\/schema\/logo\/image\/"},"sameAs":["https:\/\/www.facebook.com\/greenpeaceluxembourg","https:\/\/www.instagram.com\/greenpeacelux\/","https:\/\/www.linkedin.com\/company\/greenpeace-luxembourg\/","https:\/\/www.threads.com\/@greenpeacelux","https:\/\/bsky.app\/profile\/greenpeacelux.bsky.social","https:\/\/www.youtube.com\/@GreenpeaceLux","https:\/\/www.tiktok.com\/@greenpeace_lux"]}]}},"_links":{"self":[{"href":"https:\/\/www.greenpeace.org\/luxembourg\/de\/wp-json\/wp\/v2\/pages\/844","targetHints":{"allow":["GET"]}}],"collection":[{"href":"https:\/\/www.greenpeace.org\/luxembourg\/de\/wp-json\/wp\/v2\/pages"}],"about":[{"href":"https:\/\/www.greenpeace.org\/luxembourg\/de\/wp-json\/wp\/v2\/types\/page"}],"author":[{"embeddable":true,"href":"https:\/\/www.greenpeace.org\/luxembourg\/de\/wp-json\/wp\/v2\/users\/16"}],"replies":[{"embeddable":true,"href":"https:\/\/www.greenpeace.org\/luxembourg\/de\/wp-json\/wp\/v2\/comments?post=844"}],"version-history":[{"count":20,"href":"https:\/\/www.greenpeace.org\/luxembourg\/de\/wp-json\/wp\/v2\/pages\/844\/revisions"}],"predecessor-version":[{"id":21265,"href":"https:\/\/www.greenpeace.org\/luxembourg\/de\/wp-json\/wp\/v2\/pages\/844\/revisions\/21265"}],"up":[{"embeddable":true,"href":"https:\/\/www.greenpeace.org\/luxembourg\/de\/wp-json\/wp\/v2\/pages\/661"}],"wp:featuredmedia":[{"embeddable":true,"href":"https:\/\/www.greenpeace.org\/luxembourg\/de\/wp-json\/wp\/v2\/media\/10409"}],"wp:attachment":[{"href":"https:\/\/www.greenpeace.org\/luxembourg\/de\/wp-json\/wp\/v2\/media?parent=844"}],"wp:term":[{"taxonomy":"category","embeddable":true,"href":"https:\/\/www.greenpeace.org\/luxembourg\/de\/wp-json\/wp\/v2\/categories?post=844"},{"taxonomy":"post_tag","embeddable":true,"href":"https:\/\/www.greenpeace.org\/luxembourg\/de\/wp-json\/wp\/v2\/tags?post=844"}],"curies":[{"name":"wp","href":"https:\/\/api.w.org\/{rel}","templated":true}]}}