{"id":867,"date":"2018-09-19T13:41:39","date_gmt":"2018-09-19T13:41:39","guid":{"rendered":"https:\/\/www.greenpeace.org\/luxembourg\/?page_id=867"},"modified":"2024-03-26T14:49:40","modified_gmt":"2024-03-26T12:49:40","slug":"meng-landwirtschaft","status":"publish","type":"page","link":"https:\/\/www.greenpeace.org\/luxembourg\/de\/handeln\/meng-landwirtschaft\/","title":{"rendered":"F\u00fcr eine nachhaltige Landwirtschaft"},"content":{"rendered":"\n                    <div class=\"wp-block-group is-vertical is-layout-flex wp-container-core-group-is-layout-8cf370e7 wp-block-group-is-layout-flex\">\n                    \n                                <p>Die industrielle Landwirtschaft bevorzugt Profit \u00fcber Qualit\u00e4t, ganz zum Nachteil unserer Lebensmittel und der Gesundheit der Landwirte.<\/p>\n                            \n\n                    \n                    <\/div>\n                    <div data-render=\"planet4-blocks\/columns\" data-attributes=\"{&quot;attributes&quot;:{&quot;columns&quot;:[{&quot;title&quot;:&quot;Das Problem&quot;,&quot;description&quot;:&quot;Seit 1989 ist die Zahl der fliegenden Insekten um mehr als 75%* zur\\u00fcckgegangen. Wissenschaftliche Studien zeigen, dass der massive Einsatz von Pestiziden h\\u00f6chstwahrscheinlich die Hauptursache f\\u00fcr das spektakul\\u00e4re Aussterben dieser Insekten ist. Alleine in Luxemburg spr\\u00fchen wir auf unseren Feldern und Wiesen j\\u00e4hrlich einige Kilogramm Pestizide pro Hektar.Insekten spielen jedoch eine bedeutende Rolle f\\u00fcr unsere Biodiversit\\u00e4t. Weniger Insekten bedeutet weniger Fr\\u00f6sche, Fische, Eidechsen und V\\u00f6gel.Bienen sind, wie andere Best\\u00e4uber auch, der Schl\\u00fcssel zu unserer Nahrungsversorgung: Ungef\\u00e4hr 4000 Obst- und Gem\\u00fcsesorten w\\u00fcrden ohne Best\\u00e4ubung nicht mehr existieren. Es gibt nur eine M\\u00f6glichkeit um ihr Aussterben zu verhindern: die Umstellung auf eine giftfreie Landwirtschaft, die respektvoll gegen\\u00fcber Insekten und anderen Tieren ist. Intensive, industrielle Landwirtschaft belastet au\\u00dferdem die B\\u00f6den und sch\\u00e4digt die \\u00d6kosysteme, w\\u00e4hrend sie die Gesundheit der Landwirte sch\\u00e4digt, die f\\u00fcr das gleiche Entgelt immer mehr arbeiten m\\u00fcssen.&quot;,&quot;link_new_tab&quot;:false},{&quot;title&quot;:&quot;Unsere Forderungen&quot;,&quot;description&quot;:&quot;Mit der Plattform Meng Landwirtschaft fordern mehrere Nichtregierungsorganisationen (1), darunter Greenpeace, eine Neuausrichtung der luxemburgischen Agrarpolitik. Im Rahmen der Erarbeitung des l\\u00e4ndlichen Entwicklungsplans fordern wir, den Handlungsspielraum der Agrarpolitik der Europ\\u00e4ischen Union zu nutzen, um die \\u00d6kologisierung der Landwirtschaft zu maximieren. Dar\\u00fcber hinaus fordern wir die Entwicklung einer mittel- und langfristigen Strategie f\\u00fcr eine \\u00f6kologisch und \\u00f6konomisch nachhaltige Agrarpolitik. F\\u00fcr Meng Landwirtschaft ist ein nachhaltiges Konzept vor allem im Interesse der Landwirte. Gleichzeitig muss die Regierung sicherstellen, dass ihre Politik konsistent ist, um negative Folgen f\\u00fcr die Kleinproduzenten in den Entwicklungsl\\u00e4ndern zu vermeiden. Meng Landwirtschaft fordert daher die Entwicklung eines globalen Konzepts unter der Einbeziehung aller gesellschaftlichen Akteure, welches nicht nur den Schutz von Natur, Umwelt und Verbrauchern ber\\u00fccksichtigt, sondern auch den Landwirten echte Perspektiven f\\u00fcr die Zukunft bietet. Dieses Konzept soll als Leitlinie eine autonome, lokale und nachhaltige Landwirtschaft auf Basis der Nahrungsmittelproduktion \\u00fcbernehmen.&quot;,&quot;link_new_tab&quot;:false}],&quot;className&quot;:&quot;is-style-no_image&quot;,&quot;columns_block_style&quot;:&quot;no_image&quot;}}\"><\/div><p><em><span style=\"font-weight: 400;\">(1) natur&amp;\u00ebmwelt asbl, Bio-L\u00ebtzebuerg \u2013 Vereenegung fir Bio-Landwirtschaft L\u00ebtzebuerg asbl, Greenpeace Luxembourg, Mouvement \u00e9cologique, SOS Faim Luxembourg, Action Solidarit\u00e9 Tiers Monde, Caritas Luxembourg.<\/span><\/em><\/p>\n<div data-render=\"planet4-blocks\/columns\" data-attributes=\"{&quot;attributes&quot;:{&quot;columns_block_style&quot;:&quot;tasks&quot;,&quot;columns_title&quot;:&quot;Wie kann man handeln?&quot;,&quot;columns&quot;:[{&quot;title&quot;:&quot;Lokale Produzenten unterst\\u00fctzen&quot;,&quot;description&quot;:&quot;Zum Beispiel durch den Kauf auf dem lokalen Markt oder direkt beim Hersteller. Informieren Sie sich \\u00fcber die bereits bestehenden M\\u00f6glichkeiten!&quot;,&quot;link_new_tab&quot;:false},{&quot;title&quot;:&quot;Wilde und einheimische Pflanzen bevorzugen&quot;,&quot;description&quot;:&quot;Unabh\\u00e4ngig davon, ob Sie einen Garten oder einen kleinen Balkon besitzen, bevorzugen Sie eher eine Vielzahl von Pflanzen als nur eine einzige Art, da diese mehr Insekten anziehen werden.&quot;,&quot;link_new_tab&quot;:false},{&quot;title&quot;:&quot;Ein Insektenhotel einrichten&quot;,&quot;description&quot;:&quot;Ein Unterschlupf um den Insekten zu helfen, den Winter zu \\u00fcberleben : Es gibt sie in zahlreichen Modellen und Gr\\u00f6ssen. Sie k\\u00f6nnen sogar Ihr eigenes Insektenhotel bauen!&quot;,&quot;link_new_tab&quot;:false},{&quot;title&quot;:&quot;Unterst\\u00fctzen Sie Greenpeace&quot;,&quot;description&quot;:&quot;Mit einer Spende helfen Sie uns den \\u00dcbergang zum \\u00f6kologischen Landbau ohne Pestizide zu beschleunigen. So sch\\u00fctzen wir gemeinsam nicht nur Insekten, sondern auch das Fundament unserer eigenen Existenz.&quot;,&quot;cta_link&quot;:&quot;https:\\\/\\\/faire-un-don.greenpeace.lu\\\/de\\\/spenden-2\\\/?codespec=LNYYFD&quot;,&quot;cta_text&quot;:&quot;Spenden&quot;,&quot;link_new_tab&quot;:false}],&quot;className&quot;:&quot;is-style-tasks&quot;}}\"><\/div>","protected":false},"excerpt":{"rendered":"<p>Die industrielle Landwirtschaft bevorzugt Profit \u00fcber Qualit\u00e4t, ganz zum Nachteil unserer Lebensmittel und der Gesundheit der Landwirte. (1) natur&amp;\u00ebmwelt asbl, Bio-L\u00ebtzebuerg \u2013 Vereenegung fir Bio-Landwirtschaft L\u00ebtzebuerg asbl, Greenpeace Luxembourg, Mouvement \u00e9cologique, SOS Faim Luxembourg, Action Solidarit\u00e9 Tiers Monde, Caritas Luxembourg.<\/p>\n","protected":false},"author":16,"featured_media":15271,"parent":661,"menu_order":-1,"comment_status":"closed","ping_status":"closed","template":"","meta":{"ep_exclude_from_search":false,"p4_hide_page_title_checkbox":"","p4_title":"","p4_subtitle":"","p4_description":"","background_image_id":"","background_image":"","p4_button_title":"","p4_button_link":"","p4_button_link_checkbox":"","p4_og_title":"","p4_og_description":"","p4_og_image":"","p4_og_image_id":"","p4_seo_canonical_url":"","p4_campaign_name":"not set","p4_local_project":"not set","p4_basket_name":"not set","p4_department":"","footnotes":""},"categories":[47],"tags":[67],"class_list":["post-867","page","type-page","status-publish","has-post-thumbnail","hentry","category-natur","tag-nachhaltigelandwirtschaft"],"yoast_head":"<!-- This site is optimized with the Yoast SEO Premium plugin v23.9 (Yoast SEO v23.9) - https:\/\/yoast.com\/wordpress\/plugins\/seo\/ -->\n<title>F\u00fcr eine nachhaltige Landwirtschaft - Greenpeace Luxembourg<\/title>\n<meta name=\"robots\" content=\"index, follow, max-snippet:-1, max-image-preview:large, max-video-preview:-1\" \/>\n<link rel=\"canonical\" href=\"http:\/\/www.greenpeace.org\/luxembourg\/de\/handeln\/meng-landwirtschaft\/\" \/>\n<meta property=\"og:locale\" content=\"de_DE\" \/>\n<meta property=\"og:type\" content=\"article\" \/>\n<meta property=\"og:title\" content=\"F\u00fcr eine nachhaltige Landwirtschaft\" \/>\n<meta property=\"og:description\" content=\"Die industrielle Landwirtschaft bevorzugt Profit \u00fcber Qualit\u00e4t, ganz zum Nachteil unserer Lebensmittel und der Gesundheit der Landwirte. (1) natur&amp;\u00ebmwelt asbl, Bio-L\u00ebtzebuerg \u2013 Vereenegung fir Bio-Landwirtschaft L\u00ebtzebuerg asbl, Greenpeace Luxembourg, Mouvement \u00e9cologique, SOS Faim Luxembourg, Action Solidarit\u00e9 Tiers Monde, Caritas Luxembourg.\" \/>\n<meta property=\"og:url\" content=\"http:\/\/www.greenpeace.org\/luxembourg\/de\/handeln\/meng-landwirtschaft\/\" \/>\n<meta property=\"og:site_name\" content=\"Greenpeace Luxembourg\" \/>\n<meta property=\"article:publisher\" content=\"https:\/\/www.facebook.com\/greenpeaceluxembourg\" \/>\n<meta property=\"article:modified_time\" content=\"2024-03-26T12:49:40+00:00\" \/>\n<meta property=\"og:image\" content=\"https:\/\/www.greenpeace.org\/static\/planet4-luxembourg-stateless\/2022\/11\/b43e1c14-gp0stpa95_pressmedia-1024x683.jpg\" \/>\n\t<meta property=\"og:image:width\" content=\"1024\" \/>\n\t<meta property=\"og:image:height\" content=\"683\" \/>\n\t<meta property=\"og:image:type\" content=\"image\/jpeg\" \/>\n<meta name=\"twitter:card\" content=\"summary_large_image\" \/>\n<script type=\"application\/ld+json\" class=\"yoast-schema-graph\">{\"@context\":\"https:\/\/schema.org\",\"@graph\":[{\"@type\":\"WebPage\",\"@id\":\"http:\/\/www.greenpeace.org\/luxembourg\/de\/handeln\/meng-landwirtschaft\/\",\"url\":\"http:\/\/www.greenpeace.org\/luxembourg\/de\/handeln\/meng-landwirtschaft\/\",\"name\":\"F\u00fcr eine nachhaltige Landwirtschaft - Greenpeace Luxembourg\",\"isPartOf\":{\"@id\":\"https:\/\/www.greenpeace.org\/luxembourg\/fr\/#website\"},\"primaryImageOfPage\":{\"@id\":\"http:\/\/www.greenpeace.org\/luxembourg\/de\/handeln\/meng-landwirtschaft\/#primaryimage\"},\"image\":{\"@id\":\"http:\/\/www.greenpeace.org\/luxembourg\/de\/handeln\/meng-landwirtschaft\/#primaryimage\"},\"thumbnailUrl\":\"https:\/\/www.greenpeace.org\/static\/planet4-luxembourg-stateless\/2022\/11\/b43e1c14-gp0stpa95_pressmedia.jpg\",\"datePublished\":\"2018-09-19T13:41:39+00:00\",\"dateModified\":\"2024-03-26T12:49:40+00:00\",\"breadcrumb\":{\"@id\":\"http:\/\/www.greenpeace.org\/luxembourg\/de\/handeln\/meng-landwirtschaft\/#breadcrumb\"},\"inLanguage\":\"de-LU\",\"potentialAction\":[{\"@type\":\"ReadAction\",\"target\":[\"http:\/\/www.greenpeace.org\/luxembourg\/de\/handeln\/meng-landwirtschaft\/\"]}]},{\"@type\":\"ImageObject\",\"inLanguage\":\"de-LU\",\"@id\":\"http:\/\/www.greenpeace.org\/luxembourg\/de\/handeln\/meng-landwirtschaft\/#primaryimage\",\"url\":\"https:\/\/www.greenpeace.org\/static\/planet4-luxembourg-stateless\/2022\/11\/b43e1c14-gp0stpa95_pressmedia.jpg\",\"contentUrl\":\"https:\/\/www.greenpeace.org\/static\/planet4-luxembourg-stateless\/2022\/11\/b43e1c14-gp0stpa95_pressmedia.jpg\",\"width\":2499,\"height\":1668,\"caption\":\"Zuzana Pastorkov\u00e1 owns an eco-farm in a small village in the municipality in \u0160ala District, in the Nitra Region of southwestern Slovakia. She grows all kinds of fruits, vegetables and medical plants. Everything is done with love to the nature and environment, without using chemicals.\"},{\"@type\":\"BreadcrumbList\",\"@id\":\"http:\/\/www.greenpeace.org\/luxembourg\/de\/handeln\/meng-landwirtschaft\/#breadcrumb\",\"itemListElement\":[{\"@type\":\"ListItem\",\"position\":1,\"name\":\"Home\",\"item\":\"http:\/\/www.greenpeace.org\/luxembourg\/fr\/\"},{\"@type\":\"ListItem\",\"position\":2,\"name\":\"Handeln\",\"item\":\"http:\/\/www.greenpeace.org\/luxembourg\/fr\/agir\/\"},{\"@type\":\"ListItem\",\"position\":3,\"name\":\"F\u00fcr eine nachhaltige Landwirtschaft\"}]},{\"@type\":\"WebSite\",\"@id\":\"https:\/\/www.greenpeace.org\/luxembourg\/fr\/#website\",\"url\":\"https:\/\/www.greenpeace.org\/luxembourg\/fr\/\",\"name\":\"Greenpeace Luxembourg\",\"description\":\"Greenpeace existiert, weil unsere Erde eine Stimme braucht. Sie ben\u00f6tigt L\u00f6sungen. Ver\u00e4nderungen. Aktionen.\",\"publisher\":{\"@id\":\"https:\/\/www.greenpeace.org\/luxembourg\/fr\/#organization\"},\"potentialAction\":[{\"@type\":\"SearchAction\",\"target\":{\"@type\":\"EntryPoint\",\"urlTemplate\":\"https:\/\/www.greenpeace.org\/luxembourg\/fr\/?s={search_term_string}\"},\"query-input\":{\"@type\":\"PropertyValueSpecification\",\"valueRequired\":true,\"valueName\":\"search_term_string\"}}],\"inLanguage\":\"de-LU\"},{\"@type\":\"Organization\",\"@id\":\"https:\/\/www.greenpeace.org\/luxembourg\/fr\/#organization\",\"name\":\"Greenpeace Luxembourg\",\"url\":\"https:\/\/www.greenpeace.org\/luxembourg\/fr\/\",\"logo\":{\"@type\":\"ImageObject\",\"inLanguage\":\"de-LU\",\"@id\":\"https:\/\/www.greenpeace.org\/luxembourg\/fr\/#\/schema\/logo\/image\/\",\"url\":\"https:\/\/www.greenpeace.org\/static\/planet4-luxembourg-stateless\/2026\/03\/3e367f94-greenpeace_logo_green_rgb.png\",\"contentUrl\":\"https:\/\/www.greenpeace.org\/static\/planet4-luxembourg-stateless\/2026\/03\/3e367f94-greenpeace_logo_green_rgb.png\",\"width\":1080,\"height\":175,\"caption\":\"Greenpeace Luxembourg\"},\"image\":{\"@id\":\"https:\/\/www.greenpeace.org\/luxembourg\/fr\/#\/schema\/logo\/image\/\"},\"sameAs\":[\"https:\/\/www.facebook.com\/greenpeaceluxembourg\",\"https:\/\/www.instagram.com\/greenpeacelux\/\",\"https:\/\/www.linkedin.com\/company\/greenpeace-luxembourg\/\",\"https:\/\/www.threads.com\/@greenpeacelux\",\"https:\/\/bsky.app\/profile\/greenpeacelux.bsky.social\",\"https:\/\/www.youtube.com\/@GreenpeaceLux\",\"https:\/\/www.tiktok.com\/@greenpeace_lux\"]}]}<\/script>\n<!-- \/ Yoast SEO Premium plugin. -->","yoast_head_json":{"title":"F\u00fcr eine nachhaltige Landwirtschaft - Greenpeace Luxembourg","robots":{"index":"index","follow":"follow","max-snippet":"max-snippet:-1","max-image-preview":"max-image-preview:large","max-video-preview":"max-video-preview:-1"},"canonical":"http:\/\/www.greenpeace.org\/luxembourg\/de\/handeln\/meng-landwirtschaft\/","og_locale":"de_DE","og_type":"article","og_title":"F\u00fcr eine nachhaltige Landwirtschaft","og_description":"Die industrielle Landwirtschaft bevorzugt Profit \u00fcber Qualit\u00e4t, ganz zum Nachteil unserer Lebensmittel und der Gesundheit der Landwirte. (1) natur&amp;\u00ebmwelt asbl, Bio-L\u00ebtzebuerg \u2013 Vereenegung fir Bio-Landwirtschaft L\u00ebtzebuerg asbl, Greenpeace Luxembourg, Mouvement \u00e9cologique, SOS Faim Luxembourg, Action Solidarit\u00e9 Tiers Monde, Caritas Luxembourg.","og_url":"http:\/\/www.greenpeace.org\/luxembourg\/de\/handeln\/meng-landwirtschaft\/","og_site_name":"Greenpeace Luxembourg","article_publisher":"https:\/\/www.facebook.com\/greenpeaceluxembourg","article_modified_time":"2024-03-26T12:49:40+00:00","og_image":[{"width":1024,"height":683,"url":"https:\/\/www.greenpeace.org\/static\/planet4-luxembourg-stateless\/2022\/11\/b43e1c14-gp0stpa95_pressmedia-1024x683.jpg","type":"image\/jpeg"}],"twitter_card":"summary_large_image","schema":{"@context":"https:\/\/schema.org","@graph":[{"@type":"WebPage","@id":"http:\/\/www.greenpeace.org\/luxembourg\/de\/handeln\/meng-landwirtschaft\/","url":"http:\/\/www.greenpeace.org\/luxembourg\/de\/handeln\/meng-landwirtschaft\/","name":"F\u00fcr eine nachhaltige Landwirtschaft - Greenpeace Luxembourg","isPartOf":{"@id":"https:\/\/www.greenpeace.org\/luxembourg\/fr\/#website"},"primaryImageOfPage":{"@id":"http:\/\/www.greenpeace.org\/luxembourg\/de\/handeln\/meng-landwirtschaft\/#primaryimage"},"image":{"@id":"http:\/\/www.greenpeace.org\/luxembourg\/de\/handeln\/meng-landwirtschaft\/#primaryimage"},"thumbnailUrl":"https:\/\/www.greenpeace.org\/static\/planet4-luxembourg-stateless\/2022\/11\/b43e1c14-gp0stpa95_pressmedia.jpg","datePublished":"2018-09-19T13:41:39+00:00","dateModified":"2024-03-26T12:49:40+00:00","breadcrumb":{"@id":"http:\/\/www.greenpeace.org\/luxembourg\/de\/handeln\/meng-landwirtschaft\/#breadcrumb"},"inLanguage":"de-LU","potentialAction":[{"@type":"ReadAction","target":["http:\/\/www.greenpeace.org\/luxembourg\/de\/handeln\/meng-landwirtschaft\/"]}]},{"@type":"ImageObject","inLanguage":"de-LU","@id":"http:\/\/www.greenpeace.org\/luxembourg\/de\/handeln\/meng-landwirtschaft\/#primaryimage","url":"https:\/\/www.greenpeace.org\/static\/planet4-luxembourg-stateless\/2022\/11\/b43e1c14-gp0stpa95_pressmedia.jpg","contentUrl":"https:\/\/www.greenpeace.org\/static\/planet4-luxembourg-stateless\/2022\/11\/b43e1c14-gp0stpa95_pressmedia.jpg","width":2499,"height":1668,"caption":"Zuzana Pastorkov\u00e1 owns an eco-farm in a small village in the municipality in \u0160ala District, in the Nitra Region of southwestern Slovakia. She grows all kinds of fruits, vegetables and medical plants. Everything is done with love to the nature and environment, without using chemicals."},{"@type":"BreadcrumbList","@id":"http:\/\/www.greenpeace.org\/luxembourg\/de\/handeln\/meng-landwirtschaft\/#breadcrumb","itemListElement":[{"@type":"ListItem","position":1,"name":"Home","item":"http:\/\/www.greenpeace.org\/luxembourg\/fr\/"},{"@type":"ListItem","position":2,"name":"Handeln","item":"http:\/\/www.greenpeace.org\/luxembourg\/fr\/agir\/"},{"@type":"ListItem","position":3,"name":"F\u00fcr eine nachhaltige Landwirtschaft"}]},{"@type":"WebSite","@id":"https:\/\/www.greenpeace.org\/luxembourg\/fr\/#website","url":"https:\/\/www.greenpeace.org\/luxembourg\/fr\/","name":"Greenpeace Luxembourg","description":"Greenpeace existiert, weil unsere Erde eine Stimme braucht. Sie ben\u00f6tigt L\u00f6sungen. Ver\u00e4nderungen. Aktionen.","publisher":{"@id":"https:\/\/www.greenpeace.org\/luxembourg\/fr\/#organization"},"potentialAction":[{"@type":"SearchAction","target":{"@type":"EntryPoint","urlTemplate":"https:\/\/www.greenpeace.org\/luxembourg\/fr\/?s={search_term_string}"},"query-input":{"@type":"PropertyValueSpecification","valueRequired":true,"valueName":"search_term_string"}}],"inLanguage":"de-LU"},{"@type":"Organization","@id":"https:\/\/www.greenpeace.org\/luxembourg\/fr\/#organization","name":"Greenpeace Luxembourg","url":"https:\/\/www.greenpeace.org\/luxembourg\/fr\/","logo":{"@type":"ImageObject","inLanguage":"de-LU","@id":"https:\/\/www.greenpeace.org\/luxembourg\/fr\/#\/schema\/logo\/image\/","url":"https:\/\/www.greenpeace.org\/static\/planet4-luxembourg-stateless\/2026\/03\/3e367f94-greenpeace_logo_green_rgb.png","contentUrl":"https:\/\/www.greenpeace.org\/static\/planet4-luxembourg-stateless\/2026\/03\/3e367f94-greenpeace_logo_green_rgb.png","width":1080,"height":175,"caption":"Greenpeace Luxembourg"},"image":{"@id":"https:\/\/www.greenpeace.org\/luxembourg\/fr\/#\/schema\/logo\/image\/"},"sameAs":["https:\/\/www.facebook.com\/greenpeaceluxembourg","https:\/\/www.instagram.com\/greenpeacelux\/","https:\/\/www.linkedin.com\/company\/greenpeace-luxembourg\/","https:\/\/www.threads.com\/@greenpeacelux","https:\/\/bsky.app\/profile\/greenpeacelux.bsky.social","https:\/\/www.youtube.com\/@GreenpeaceLux","https:\/\/www.tiktok.com\/@greenpeace_lux"]}]}},"_links":{"self":[{"href":"https:\/\/www.greenpeace.org\/luxembourg\/de\/wp-json\/wp\/v2\/pages\/867","targetHints":{"allow":["GET"]}}],"collection":[{"href":"https:\/\/www.greenpeace.org\/luxembourg\/de\/wp-json\/wp\/v2\/pages"}],"about":[{"href":"https:\/\/www.greenpeace.org\/luxembourg\/de\/wp-json\/wp\/v2\/types\/page"}],"author":[{"embeddable":true,"href":"https:\/\/www.greenpeace.org\/luxembourg\/de\/wp-json\/wp\/v2\/users\/16"}],"replies":[{"embeddable":true,"href":"https:\/\/www.greenpeace.org\/luxembourg\/de\/wp-json\/wp\/v2\/comments?post=867"}],"version-history":[{"count":20,"href":"https:\/\/www.greenpeace.org\/luxembourg\/de\/wp-json\/wp\/v2\/pages\/867\/revisions"}],"predecessor-version":[{"id":12655,"href":"https:\/\/www.greenpeace.org\/luxembourg\/de\/wp-json\/wp\/v2\/pages\/867\/revisions\/12655"}],"up":[{"embeddable":true,"href":"https:\/\/www.greenpeace.org\/luxembourg\/de\/wp-json\/wp\/v2\/pages\/661"}],"wp:featuredmedia":[{"embeddable":true,"href":"https:\/\/www.greenpeace.org\/luxembourg\/de\/wp-json\/wp\/v2\/media\/15271"}],"wp:attachment":[{"href":"https:\/\/www.greenpeace.org\/luxembourg\/de\/wp-json\/wp\/v2\/media?parent=867"}],"wp:term":[{"taxonomy":"category","embeddable":true,"href":"https:\/\/www.greenpeace.org\/luxembourg\/de\/wp-json\/wp\/v2\/categories?post=867"},{"taxonomy":"post_tag","embeddable":true,"href":"https:\/\/www.greenpeace.org\/luxembourg\/de\/wp-json\/wp\/v2\/tags?post=867"}],"curies":[{"name":"wp","href":"https:\/\/api.w.org\/{rel}","templated":true}]}}