{"id":914,"date":"2018-09-20T07:41:52","date_gmt":"2018-09-20T07:41:52","guid":{"rendered":"https:\/\/www.greenpeace.org\/luxembourg\/?page_id=914"},"modified":"2024-03-26T14:49:37","modified_gmt":"2024-03-26T12:49:37","slug":"kontakt","status":"publish","type":"page","link":"https:\/\/www.greenpeace.org\/luxembourg\/de\/kontakt\/","title":{"rendered":"Kontakt"},"content":{"rendered":"\n                    <div class=\"wp-block-group is-vertical is-layout-flex wp-container-core-group-is-layout-8cf370e7 wp-block-group-is-layout-flex\">\n                    \n                                <p>F\u00fcr weitere Informationen, kontaktiere uns \u00fcber das unten stehende Formular oder per Telefon.<\/p>\n                            \n\n                    \n                            <div class=\"wp-block-buttons is-layout-flex wp-block-buttons-is-layout-flex\">\n                            <div class=\"wp-block-button\">\n                                <a class=\"wp-block-button__link wp-element-button\" href=\"\/luxembourg\/de\/sich-informieren\/greenpeace\/team\/\" target=\"\" rel=\"noreferrer noopener\">\n                                    Unser Team\n                                <\/a>\n                            <\/div>\n                            <\/div>\n                            \n                    <\/div>\n                    <h3>Kontaktinformationen<\/h3>\n<p>Greenpeace Luxemburg<br \/>\n34 Avenue de la Gare,<br \/>\n4130 Esch-sur-Alzette<br \/>\n\/<br \/>\nb.p. 229<br \/>\nL-4003 Esch\/Alzette<\/p>\n<p>Telefon: <a href=\"tel:+3525462521\">(+352) 54 62 52 1<\/a><br \/>\nFax: <a href=\"tel:+352545405\">(+352) 54 54 05<\/a><br \/>\nE-Mail:\u00a0<a title=\"contact.luxembourg@greenpeace.org\" href=\"mailto:contact.luxembourg@greenpeace.org\">contact.luxembourg@greenpeace.org<\/a><\/p>\n<p>Kontakt f\u00fcr Mitglieder:<br \/>\n<a title=\"membres.lu@greenpeace.org\" href=\"mailto:membres.lu@greenpeace.org\">membres.lu@greenpeace.org<\/a><br \/>\nPressekontakt:<br \/>\n<a title=\"esther.wildanger@greenpeace.org\" href=\"mailto:esther.wildanger@greenpeace.org\">esther.wildanger@greenpeace.org<\/a><br \/>\nKontakt f\u00fcr p\u00e4dagogische Aktivit\u00e4ten:<br \/>\n<a title=\"florence.menage@greenpeace.org\" href=\"mailto:florence.menage@greenpeace.org\">florence.menage@greenpeace.org<\/a><\/p>\n","protected":false},"excerpt":{"rendered":"<p>F\u00fcr weitere Informationen, kontaktiere uns \u00fcber das unten stehende Formular oder per Telefon. Kontaktinformationen Greenpeace Luxemburg 34 Avenue de la Gare, 4130 Esch-sur-Alzette \/ b.p. 229 L-4003 Esch\/Alzette Telefon: (+352) 54 62 52 1 Fax: (+352) 54 54 05 E-Mail:\u00a0contact.luxembourg@greenpeace.org Kontakt f\u00fcr Mitglieder: membres.lu@greenpeace.org Pressekontakt: esther.wildanger@greenpeace.org Kontakt f\u00fcr p\u00e4dagogische Aktivit\u00e4ten: florence.menage@greenpeace.org<\/p>\n","protected":false},"author":16,"featured_media":977,"parent":0,"menu_order":0,"comment_status":"closed","ping_status":"closed","template":"","meta":{"ep_exclude_from_search":false,"p4_hide_page_title_checkbox":"","p4_title":"","p4_subtitle":"","p4_description":"","background_image_id":"","background_image":"","p4_button_title":"","p4_button_link":"","p4_button_link_checkbox":"","p4_og_title":"","p4_og_description":"","p4_og_image":"","p4_og_image_id":"","p4_seo_canonical_url":"","p4_campaign_name":"not set","p4_local_project":"not set","p4_basket_name":"not set","p4_department":"","footnotes":""},"categories":[24,24],"tags":[],"class_list":["post-914","page","type-page","status-publish","has-post-thumbnail","hentry","category-greenpeace"],"yoast_head":"<!-- This site is optimized with the Yoast SEO Premium plugin v23.9 (Yoast SEO v23.9) - https:\/\/yoast.com\/wordpress\/plugins\/seo\/ -->\n<title>Kontakt - Greenpeace Luxembourg<\/title>\n<meta name=\"robots\" content=\"index, follow, max-snippet:-1, max-image-preview:large, max-video-preview:-1\" \/>\n<link rel=\"canonical\" href=\"https:\/\/www.greenpeace.org\/luxembourg\/de\/kontakt\/\" \/>\n<meta property=\"og:locale\" content=\"de_DE\" \/>\n<meta property=\"og:type\" content=\"article\" \/>\n<meta property=\"og:title\" content=\"Kontakt\" \/>\n<meta property=\"og:description\" content=\"F\u00fcr weitere Informationen, kontaktiere uns \u00fcber das unten stehende Formular oder per Telefon. Kontaktinformationen Greenpeace Luxemburg 34 Avenue de la Gare, 4130 Esch-sur-Alzette \/ b.p. 229 L-4003 Esch\/Alzette Telefon: (+352) 54 62 52 1 Fax: (+352) 54 54 05 E-Mail:\u00a0contact.luxembourg@greenpeace.org Kontakt f\u00fcr Mitglieder: membres.lu@greenpeace.org Pressekontakt: esther.wildanger@greenpeace.org Kontakt f\u00fcr p\u00e4dagogische Aktivit\u00e4ten: florence.menage@greenpeace.org\" \/>\n<meta property=\"og:url\" content=\"https:\/\/www.greenpeace.org\/luxembourg\/de\/kontakt\/\" \/>\n<meta property=\"og:site_name\" content=\"Greenpeace Luxembourg\" \/>\n<meta property=\"article:publisher\" content=\"https:\/\/www.facebook.com\/greenpeaceluxembourg\" \/>\n<meta property=\"article:modified_time\" content=\"2024-03-26T12:49:37+00:00\" \/>\n<meta property=\"og:image\" content=\"https:\/\/www.greenpeace.org\/static\/planet4-luxembourg-stateless\/2018\/09\/e71c755c-gp03q6k_medium_res.jpg\" \/>\n\t<meta property=\"og:image:width\" content=\"1199\" \/>\n\t<meta property=\"og:image:height\" content=\"798\" \/>\n\t<meta property=\"og:image:type\" content=\"image\/jpeg\" \/>\n<meta name=\"twitter:card\" content=\"summary_large_image\" \/>\n<script type=\"application\/ld+json\" class=\"yoast-schema-graph\">{\"@context\":\"https:\/\/schema.org\",\"@graph\":[{\"@type\":\"WebPage\",\"@id\":\"https:\/\/www.greenpeace.org\/luxembourg\/de\/kontakt\/\",\"url\":\"https:\/\/www.greenpeace.org\/luxembourg\/de\/kontakt\/\",\"name\":\"Kontakt - Greenpeace Luxembourg\",\"isPartOf\":{\"@id\":\"https:\/\/www.greenpeace.org\/luxembourg\/fr\/#website\"},\"primaryImageOfPage\":{\"@id\":\"https:\/\/www.greenpeace.org\/luxembourg\/de\/kontakt\/#primaryimage\"},\"image\":{\"@id\":\"https:\/\/www.greenpeace.org\/luxembourg\/de\/kontakt\/#primaryimage\"},\"thumbnailUrl\":\"https:\/\/www.greenpeace.org\/static\/planet4-luxembourg-stateless\/2018\/09\/e71c755c-gp03q6k_medium_res.jpg\",\"datePublished\":\"2018-09-20T07:41:52+00:00\",\"dateModified\":\"2024-03-26T12:49:37+00:00\",\"breadcrumb\":{\"@id\":\"https:\/\/www.greenpeace.org\/luxembourg\/de\/kontakt\/#breadcrumb\"},\"inLanguage\":\"de-LU\",\"potentialAction\":[{\"@type\":\"ReadAction\",\"target\":[\"https:\/\/www.greenpeace.org\/luxembourg\/de\/kontakt\/\"]}]},{\"@type\":\"ImageObject\",\"inLanguage\":\"de-LU\",\"@id\":\"https:\/\/www.greenpeace.org\/luxembourg\/de\/kontakt\/#primaryimage\",\"url\":\"https:\/\/www.greenpeace.org\/static\/planet4-luxembourg-stateless\/2018\/09\/e71c755c-gp03q6k_medium_res.jpg\",\"contentUrl\":\"https:\/\/www.greenpeace.org\/static\/planet4-luxembourg-stateless\/2018\/09\/e71c755c-gp03q6k_medium_res.jpg\",\"width\":1199,\"height\":798,\"caption\":\"A multinational Greenpeace alpine team delivers messages of support and hope for the victims of the nuclear disaster to the summit of Mt Fuji. Collected from thousands of people in Japan and all over the world, the environmental organisation hopes that the messages will help unite the people of Japan in opposition to nuclear power, and encourage the Japanese authorities to listen to them. The climbing team is comprised of eleven alpinists from Canada, France, Germany, Hungary, Italy, Poland, Sweden, Switzerland and the USA scaled the mountain.\"},{\"@type\":\"BreadcrumbList\",\"@id\":\"https:\/\/www.greenpeace.org\/luxembourg\/de\/kontakt\/#breadcrumb\",\"itemListElement\":[{\"@type\":\"ListItem\",\"position\":1,\"name\":\"Home\",\"item\":\"http:\/\/www.greenpeace.org\/luxembourg\/fr\/\"},{\"@type\":\"ListItem\",\"position\":2,\"name\":\"Kontakt\"}]},{\"@type\":\"WebSite\",\"@id\":\"https:\/\/www.greenpeace.org\/luxembourg\/fr\/#website\",\"url\":\"https:\/\/www.greenpeace.org\/luxembourg\/fr\/\",\"name\":\"Greenpeace Luxembourg\",\"description\":\"Greenpeace existiert, weil unsere Erde eine Stimme braucht. Sie ben\u00f6tigt L\u00f6sungen. Ver\u00e4nderungen. Aktionen.\",\"publisher\":{\"@id\":\"https:\/\/www.greenpeace.org\/luxembourg\/fr\/#organization\"},\"potentialAction\":[{\"@type\":\"SearchAction\",\"target\":{\"@type\":\"EntryPoint\",\"urlTemplate\":\"https:\/\/www.greenpeace.org\/luxembourg\/fr\/?s={search_term_string}\"},\"query-input\":{\"@type\":\"PropertyValueSpecification\",\"valueRequired\":true,\"valueName\":\"search_term_string\"}}],\"inLanguage\":\"de-LU\"},{\"@type\":\"Organization\",\"@id\":\"https:\/\/www.greenpeace.org\/luxembourg\/fr\/#organization\",\"name\":\"Greenpeace Luxembourg\",\"url\":\"https:\/\/www.greenpeace.org\/luxembourg\/fr\/\",\"logo\":{\"@type\":\"ImageObject\",\"inLanguage\":\"de-LU\",\"@id\":\"https:\/\/www.greenpeace.org\/luxembourg\/fr\/#\/schema\/logo\/image\/\",\"url\":\"https:\/\/www.greenpeace.org\/static\/planet4-luxembourg-stateless\/2026\/03\/3e367f94-greenpeace_logo_green_rgb.png\",\"contentUrl\":\"https:\/\/www.greenpeace.org\/static\/planet4-luxembourg-stateless\/2026\/03\/3e367f94-greenpeace_logo_green_rgb.png\",\"width\":1080,\"height\":175,\"caption\":\"Greenpeace Luxembourg\"},\"image\":{\"@id\":\"https:\/\/www.greenpeace.org\/luxembourg\/fr\/#\/schema\/logo\/image\/\"},\"sameAs\":[\"https:\/\/www.facebook.com\/greenpeaceluxembourg\",\"https:\/\/www.instagram.com\/greenpeacelux\/\",\"https:\/\/www.linkedin.com\/company\/greenpeace-luxembourg\/\",\"https:\/\/www.threads.com\/@greenpeacelux\",\"https:\/\/bsky.app\/profile\/greenpeacelux.bsky.social\",\"https:\/\/www.youtube.com\/@GreenpeaceLux\",\"https:\/\/www.tiktok.com\/@greenpeace_lux\"]}]}<\/script>\n<!-- \/ Yoast SEO Premium plugin. -->","yoast_head_json":{"title":"Kontakt - Greenpeace Luxembourg","robots":{"index":"index","follow":"follow","max-snippet":"max-snippet:-1","max-image-preview":"max-image-preview:large","max-video-preview":"max-video-preview:-1"},"canonical":"https:\/\/www.greenpeace.org\/luxembourg\/de\/kontakt\/","og_locale":"de_DE","og_type":"article","og_title":"Kontakt","og_description":"F\u00fcr weitere Informationen, kontaktiere uns \u00fcber das unten stehende Formular oder per Telefon. Kontaktinformationen Greenpeace Luxemburg 34 Avenue de la Gare, 4130 Esch-sur-Alzette \/ b.p. 229 L-4003 Esch\/Alzette Telefon: (+352) 54 62 52 1 Fax: (+352) 54 54 05 E-Mail:\u00a0contact.luxembourg@greenpeace.org Kontakt f\u00fcr Mitglieder: membres.lu@greenpeace.org Pressekontakt: esther.wildanger@greenpeace.org Kontakt f\u00fcr p\u00e4dagogische Aktivit\u00e4ten: florence.menage@greenpeace.org","og_url":"https:\/\/www.greenpeace.org\/luxembourg\/de\/kontakt\/","og_site_name":"Greenpeace Luxembourg","article_publisher":"https:\/\/www.facebook.com\/greenpeaceluxembourg","article_modified_time":"2024-03-26T12:49:37+00:00","og_image":[{"width":1199,"height":798,"url":"https:\/\/www.greenpeace.org\/static\/planet4-luxembourg-stateless\/2018\/09\/e71c755c-gp03q6k_medium_res.jpg","type":"image\/jpeg"}],"twitter_card":"summary_large_image","schema":{"@context":"https:\/\/schema.org","@graph":[{"@type":"WebPage","@id":"https:\/\/www.greenpeace.org\/luxembourg\/de\/kontakt\/","url":"https:\/\/www.greenpeace.org\/luxembourg\/de\/kontakt\/","name":"Kontakt - Greenpeace Luxembourg","isPartOf":{"@id":"https:\/\/www.greenpeace.org\/luxembourg\/fr\/#website"},"primaryImageOfPage":{"@id":"https:\/\/www.greenpeace.org\/luxembourg\/de\/kontakt\/#primaryimage"},"image":{"@id":"https:\/\/www.greenpeace.org\/luxembourg\/de\/kontakt\/#primaryimage"},"thumbnailUrl":"https:\/\/www.greenpeace.org\/static\/planet4-luxembourg-stateless\/2018\/09\/e71c755c-gp03q6k_medium_res.jpg","datePublished":"2018-09-20T07:41:52+00:00","dateModified":"2024-03-26T12:49:37+00:00","breadcrumb":{"@id":"https:\/\/www.greenpeace.org\/luxembourg\/de\/kontakt\/#breadcrumb"},"inLanguage":"de-LU","potentialAction":[{"@type":"ReadAction","target":["https:\/\/www.greenpeace.org\/luxembourg\/de\/kontakt\/"]}]},{"@type":"ImageObject","inLanguage":"de-LU","@id":"https:\/\/www.greenpeace.org\/luxembourg\/de\/kontakt\/#primaryimage","url":"https:\/\/www.greenpeace.org\/static\/planet4-luxembourg-stateless\/2018\/09\/e71c755c-gp03q6k_medium_res.jpg","contentUrl":"https:\/\/www.greenpeace.org\/static\/planet4-luxembourg-stateless\/2018\/09\/e71c755c-gp03q6k_medium_res.jpg","width":1199,"height":798,"caption":"A multinational Greenpeace alpine team delivers messages of support and hope for the victims of the nuclear disaster to the summit of Mt Fuji. Collected from thousands of people in Japan and all over the world, the environmental organisation hopes that the messages will help unite the people of Japan in opposition to nuclear power, and encourage the Japanese authorities to listen to them. The climbing team is comprised of eleven alpinists from Canada, France, Germany, Hungary, Italy, Poland, Sweden, Switzerland and the USA scaled the mountain."},{"@type":"BreadcrumbList","@id":"https:\/\/www.greenpeace.org\/luxembourg\/de\/kontakt\/#breadcrumb","itemListElement":[{"@type":"ListItem","position":1,"name":"Home","item":"http:\/\/www.greenpeace.org\/luxembourg\/fr\/"},{"@type":"ListItem","position":2,"name":"Kontakt"}]},{"@type":"WebSite","@id":"https:\/\/www.greenpeace.org\/luxembourg\/fr\/#website","url":"https:\/\/www.greenpeace.org\/luxembourg\/fr\/","name":"Greenpeace Luxembourg","description":"Greenpeace existiert, weil unsere Erde eine Stimme braucht. Sie ben\u00f6tigt L\u00f6sungen. Ver\u00e4nderungen. Aktionen.","publisher":{"@id":"https:\/\/www.greenpeace.org\/luxembourg\/fr\/#organization"},"potentialAction":[{"@type":"SearchAction","target":{"@type":"EntryPoint","urlTemplate":"https:\/\/www.greenpeace.org\/luxembourg\/fr\/?s={search_term_string}"},"query-input":{"@type":"PropertyValueSpecification","valueRequired":true,"valueName":"search_term_string"}}],"inLanguage":"de-LU"},{"@type":"Organization","@id":"https:\/\/www.greenpeace.org\/luxembourg\/fr\/#organization","name":"Greenpeace Luxembourg","url":"https:\/\/www.greenpeace.org\/luxembourg\/fr\/","logo":{"@type":"ImageObject","inLanguage":"de-LU","@id":"https:\/\/www.greenpeace.org\/luxembourg\/fr\/#\/schema\/logo\/image\/","url":"https:\/\/www.greenpeace.org\/static\/planet4-luxembourg-stateless\/2026\/03\/3e367f94-greenpeace_logo_green_rgb.png","contentUrl":"https:\/\/www.greenpeace.org\/static\/planet4-luxembourg-stateless\/2026\/03\/3e367f94-greenpeace_logo_green_rgb.png","width":1080,"height":175,"caption":"Greenpeace Luxembourg"},"image":{"@id":"https:\/\/www.greenpeace.org\/luxembourg\/fr\/#\/schema\/logo\/image\/"},"sameAs":["https:\/\/www.facebook.com\/greenpeaceluxembourg","https:\/\/www.instagram.com\/greenpeacelux\/","https:\/\/www.linkedin.com\/company\/greenpeace-luxembourg\/","https:\/\/www.threads.com\/@greenpeacelux","https:\/\/bsky.app\/profile\/greenpeacelux.bsky.social","https:\/\/www.youtube.com\/@GreenpeaceLux","https:\/\/www.tiktok.com\/@greenpeace_lux"]}]}},"_links":{"self":[{"href":"https:\/\/www.greenpeace.org\/luxembourg\/de\/wp-json\/wp\/v2\/pages\/914","targetHints":{"allow":["GET"]}}],"collection":[{"href":"https:\/\/www.greenpeace.org\/luxembourg\/de\/wp-json\/wp\/v2\/pages"}],"about":[{"href":"https:\/\/www.greenpeace.org\/luxembourg\/de\/wp-json\/wp\/v2\/types\/page"}],"author":[{"embeddable":true,"href":"https:\/\/www.greenpeace.org\/luxembourg\/de\/wp-json\/wp\/v2\/users\/16"}],"replies":[{"embeddable":true,"href":"https:\/\/www.greenpeace.org\/luxembourg\/de\/wp-json\/wp\/v2\/comments?post=914"}],"version-history":[{"count":20,"href":"https:\/\/www.greenpeace.org\/luxembourg\/de\/wp-json\/wp\/v2\/pages\/914\/revisions"}],"predecessor-version":[{"id":21261,"href":"https:\/\/www.greenpeace.org\/luxembourg\/de\/wp-json\/wp\/v2\/pages\/914\/revisions\/21261"}],"wp:featuredmedia":[{"embeddable":true,"href":"https:\/\/www.greenpeace.org\/luxembourg\/de\/wp-json\/wp\/v2\/media\/977"}],"wp:attachment":[{"href":"https:\/\/www.greenpeace.org\/luxembourg\/de\/wp-json\/wp\/v2\/media?parent=914"}],"wp:term":[{"taxonomy":"category","embeddable":true,"href":"https:\/\/www.greenpeace.org\/luxembourg\/de\/wp-json\/wp\/v2\/categories?post=914"},{"taxonomy":"post_tag","embeddable":true,"href":"https:\/\/www.greenpeace.org\/luxembourg\/de\/wp-json\/wp\/v2\/tags?post=914"}],"curies":[{"name":"wp","href":"https:\/\/api.w.org\/{rel}","templated":true}]}}