{"id":12231,"date":"2021-09-07T13:22:23","date_gmt":"2021-09-07T11:22:23","guid":{"rendered":"https:\/\/www.greenpeace.org\/luxembourg\/?page_id=12231"},"modified":"2021-09-07T15:22:12","modified_gmt":"2021-09-07T13:22:12","slug":"faq-dons-50-ans","status":"publish","type":"page","link":"https:\/\/www.greenpeace.org\/luxembourg\/fr\/politique-de-dons\/faq-dons-50-ans\/","title":{"rendered":"FAQ : dons et contreparties pour les 50 ans de Greenpeace"},"content":{"rendered":"\n<p>Vous souhaitez <a rel=\"noreferrer noopener\" href=\"https:\/\/faire-un-don.greenpeace.lu\/50ans\/\" target=\"_blank\">faire un don pour les 50 ans de Greenpeace<\/a> en \u00e9change d&#8217;une contrepartie mais vous avez des questions ? Tout est l\u00e0 !<\/p>\n\n<h4 class=\"wp-block-heading\"><strong>Pourquoi offrez-vous des objets en \u00e9change d\u2019un don ?&nbsp;<\/strong><\/h4>\n\n<p>Ce cadeau symbolique permet \u00e0 chacun et chacune d\u2019afficher son engagement et son soutien. Les guides peuvent vous servir dans votre quotidien.&nbsp;<\/p>\n\n<h4 class=\"wp-block-heading\"><strong>Comment fabriquez-vous ces objets ?&nbsp;<\/strong><\/h4>\n\n<p>Tous les \u00e9l\u00e9ments que nous produisons et imprimons sont con\u00e7us de la fa\u00e7on la plus \u00e9co-responsable possible, de la mati\u00e8re premi\u00e8re \u00e0 l\u2019encre utilis\u00e9e.<\/p>\n\n<h4 class=\"wp-block-heading\"><strong>Quand recevrai-je ma contrepartie ?&nbsp;<\/strong><\/h4>\n\n<p>Afin de produire uniquement la quantit\u00e9 dont nous aurons besoin, certains objets seront fabriqu\u00e9s d\u00e9but octobre. Vous devriez recevoir le v\u00f4tre entre fin octobre et d\u00e9but novembre.<\/p>\n\n<h4 class=\"wp-block-heading\"><strong>J\u2019ai chang\u00e9 d\u2019adresse, que faire pour recevoir mes contreparties ?<\/strong><\/h4>\n\n<p>Si vous avez chang\u00e9 d&#8217;adresse postale apr\u00e8s avoir effectu\u00e9 votre don, vous pouvez contacter l\u2019\u00e9quipe des Relations Adh\u00e9rents au &nbsp;<a href=\"tel:+35254 62 52 29\">54 62 52 29<\/a> ou par e-mail <a href=\"mailto:membres.lu@greenpeace.org\">membres.lu@greenpeace.org<\/a>.<\/p>\n\n<h4 class=\"wp-block-heading\"><strong>Puis-je recevoir les contreparties \u00e0 une adresse diff\u00e9rente de la mienne afin de les offrir \u00e0 une autre personne ?<\/strong><\/h4>\n\n<p>Les contreparties sont envoy\u00e9es \u00e0 la personne qui effectue le don. Vous pouvez ensuite offrir les contreparties \u00e0 la personne que vous souhaitez.<\/p>\n\n<h4 class=\"wp-block-heading\"><strong>Recevrai-je un re\u00e7u fiscal pour le don que j\u2019effectue ?<\/strong><\/h4>\n\n<p>Selon la loi en vigueur, vos dons sont d\u00e9ductibles fiscalement jusqu\u2019\u00e0 concurrence de 20% du revenu imposable et dans la mesure o\u00f9 la somme des dons vers\u00e9s au cours d\u2019une ann\u00e9e d\u00e9passe 120\u20ac (dons cumulables). Et si c&#8217;est votre premier don de l&#8217;ann\u00e9e, vous trouverez \u00e9galement votre carte d&#8217;adh\u00e9sion dans l&#8217;enveloppe !<\/p>\n","protected":false},"excerpt":{"rendered":"<p>Vous souhaitez faire un don pour les 50 ans de Greenpeace en \u00e9change d&#8217;une contrepartie mais vous avez des questions ? Tout est l\u00e0 ! Pourquoi offrez-vous des objets en \u00e9change d\u2019un don ?&nbsp; Ce cadeau symbolique permet \u00e0 chacun et chacune d\u2019afficher son engagement et son soutien. Les guides peuvent vous servir dans votre [&hellip;]<\/p>\n","protected":false},"author":22,"featured_media":10425,"parent":490,"menu_order":0,"comment_status":"closed","ping_status":"closed","template":"","meta":{"ep_exclude_from_search":false,"p4_hide_page_title_checkbox":"","p4_title":"","p4_subtitle":"","p4_description":"","background_image_id":"","background_image":"","p4_button_title":"","p4_button_link":"","p4_button_link_checkbox":"","p4_og_title":"","p4_og_description":"","p4_og_image":"","p4_og_image_id":"","p4_seo_canonical_url":"","p4_campaign_name":"not set","p4_local_project":"not set","p4_basket_name":"not set","p4_department":"","footnotes":""},"categories":[24],"tags":[61],"class_list":["post-12231","page","type-page","status-publish","has-post-thumbnail","hentry","category-greenpeace","tag-greenpeace-de"],"yoast_head":"<!-- This site is optimized with the Yoast SEO Premium plugin v23.9 (Yoast SEO v23.9) - https:\/\/yoast.com\/wordpress\/plugins\/seo\/ -->\n<title>FAQ : dons et contreparties pour les 50 ans de Greenpeace - Greenpeace Luxembourg<\/title>\n<meta name=\"robots\" content=\"index, follow, max-snippet:-1, max-image-preview:large, max-video-preview:-1\" \/>\n<link rel=\"canonical\" href=\"http:\/\/www.greenpeace.org\/luxembourg\/fr\/politique-de-dons\/faq-dons-50-ans\/\" \/>\n<meta property=\"og:locale\" content=\"fr_FR\" \/>\n<meta property=\"og:type\" content=\"article\" \/>\n<meta property=\"og:title\" content=\"FAQ : dons et contreparties pour les 50 ans de Greenpeace\" \/>\n<meta property=\"og:description\" content=\"Vous souhaitez faire un don pour les 50 ans de Greenpeace en \u00e9change d&#8217;une contrepartie mais vous avez des questions ? Tout est l\u00e0 ! Pourquoi offrez-vous des objets en \u00e9change d\u2019un don ?&nbsp; Ce cadeau symbolique permet \u00e0 chacun et chacune d\u2019afficher son engagement et son soutien. Les guides peuvent vous servir dans votre [&hellip;]\" \/>\n<meta property=\"og:url\" content=\"http:\/\/www.greenpeace.org\/luxembourg\/fr\/politique-de-dons\/faq-dons-50-ans\/\" \/>\n<meta property=\"og:site_name\" content=\"Greenpeace Luxembourg\" \/>\n<meta property=\"article:publisher\" content=\"https:\/\/www.facebook.com\/greenpeaceluxembourg\" \/>\n<meta property=\"article:modified_time\" content=\"2021-09-07T13:22:12+00:00\" \/>\n<meta property=\"og:image\" content=\"https:\/\/www.greenpeace.org\/static\/planet4-luxembourg-stateless\/bd7601fb-gp1suiv5.jpg\" \/>\n\t<meta property=\"og:image:width\" content=\"1200\" \/>\n\t<meta property=\"og:image:height\" content=\"828\" \/>\n\t<meta property=\"og:image:type\" content=\"image\/jpeg\" \/>\n<meta name=\"twitter:card\" content=\"summary_large_image\" \/>\n<meta name=\"twitter:label1\" content=\"Est. reading time\" \/>\n\t<meta name=\"twitter:data1\" content=\"1 minute\" \/>\n<script type=\"application\/ld+json\" class=\"yoast-schema-graph\">{\"@context\":\"https:\/\/schema.org\",\"@graph\":[{\"@type\":\"WebPage\",\"@id\":\"http:\/\/www.greenpeace.org\/luxembourg\/fr\/politique-de-dons\/faq-dons-50-ans\/\",\"url\":\"http:\/\/www.greenpeace.org\/luxembourg\/fr\/politique-de-dons\/faq-dons-50-ans\/\",\"name\":\"FAQ : dons et contreparties pour les 50 ans de Greenpeace - Greenpeace Luxembourg\",\"isPartOf\":{\"@id\":\"https:\/\/www.greenpeace.org\/luxembourg\/fr\/#website\"},\"primaryImageOfPage\":{\"@id\":\"http:\/\/www.greenpeace.org\/luxembourg\/fr\/politique-de-dons\/faq-dons-50-ans\/#primaryimage\"},\"image\":{\"@id\":\"http:\/\/www.greenpeace.org\/luxembourg\/fr\/politique-de-dons\/faq-dons-50-ans\/#primaryimage\"},\"thumbnailUrl\":\"https:\/\/www.greenpeace.org\/static\/planet4-luxembourg-stateless\/bd7601fb-gp1suiv5.jpg\",\"datePublished\":\"2021-09-07T11:22:23+00:00\",\"dateModified\":\"2021-09-07T13:22:12+00:00\",\"breadcrumb\":{\"@id\":\"http:\/\/www.greenpeace.org\/luxembourg\/fr\/politique-de-dons\/faq-dons-50-ans\/#breadcrumb\"},\"inLanguage\":\"fr-LU\",\"potentialAction\":[{\"@type\":\"ReadAction\",\"target\":[\"http:\/\/www.greenpeace.org\/luxembourg\/fr\/politique-de-dons\/faq-dons-50-ans\/\"]}]},{\"@type\":\"ImageObject\",\"inLanguage\":\"fr-LU\",\"@id\":\"http:\/\/www.greenpeace.org\/luxembourg\/fr\/politique-de-dons\/faq-dons-50-ans\/#primaryimage\",\"url\":\"https:\/\/www.greenpeace.org\/static\/planet4-luxembourg-stateless\/bd7601fb-gp1suiv5.jpg\",\"contentUrl\":\"https:\/\/www.greenpeace.org\/static\/planet4-luxembourg-stateless\/bd7601fb-gp1suiv5.jpg\",\"width\":1200,\"height\":828,\"caption\":\"In the framework of World Cities Day, Greenpeace Colombia installs a vertical garden in the El Rosario square and demands that the Bogot\u00e1 Council declare a climate emergency, green the city and expand and protect green spaces. \u201cThe future of Bogot\u00e1 depends on how we manage urban development,\u201d warns Tatiana C\u00e9spedes, a member of the Greenpeace campaign team in Colombia. Cities such as Madrid, Rome and Mexico City replicate this initiative that highlights the importance of green spaces in cities, which generate more than 70 percent of global CO2 emissions.\"},{\"@type\":\"BreadcrumbList\",\"@id\":\"http:\/\/www.greenpeace.org\/luxembourg\/fr\/politique-de-dons\/faq-dons-50-ans\/#breadcrumb\",\"itemListElement\":[{\"@type\":\"ListItem\",\"position\":1,\"name\":\"Home\",\"item\":\"https:\/\/www.greenpeace.org\/luxembourg\/fr\/\"},{\"@type\":\"ListItem\",\"position\":2,\"name\":\"Politique de dons\",\"item\":\"http:\/\/www.greenpeace.org\/luxembourg\/fr\/politique-de-dons\/\"},{\"@type\":\"ListItem\",\"position\":3,\"name\":\"FAQ : dons et contreparties pour les 50 ans de Greenpeace\"}]},{\"@type\":\"WebSite\",\"@id\":\"https:\/\/www.greenpeace.org\/luxembourg\/fr\/#website\",\"url\":\"https:\/\/www.greenpeace.org\/luxembourg\/fr\/\",\"name\":\"Greenpeace Luxembourg\",\"description\":\"Greenpeace existe parce que cette Terre fragile a besoin d&#039;une voix. Elle a besoin de solutions. De changement. D&#039;actions.\",\"publisher\":{\"@id\":\"https:\/\/www.greenpeace.org\/luxembourg\/fr\/#organization\"},\"potentialAction\":[{\"@type\":\"SearchAction\",\"target\":{\"@type\":\"EntryPoint\",\"urlTemplate\":\"https:\/\/www.greenpeace.org\/luxembourg\/fr\/?s={search_term_string}\"},\"query-input\":{\"@type\":\"PropertyValueSpecification\",\"valueRequired\":true,\"valueName\":\"search_term_string\"}}],\"inLanguage\":\"fr-LU\"},{\"@type\":\"Organization\",\"@id\":\"https:\/\/www.greenpeace.org\/luxembourg\/fr\/#organization\",\"name\":\"Greenpeace Luxembourg\",\"url\":\"https:\/\/www.greenpeace.org\/luxembourg\/fr\/\",\"logo\":{\"@type\":\"ImageObject\",\"inLanguage\":\"fr-LU\",\"@id\":\"https:\/\/www.greenpeace.org\/luxembourg\/fr\/#\/schema\/logo\/image\/\",\"url\":\"https:\/\/www.greenpeace.org\/static\/planet4-luxembourg-stateless\/2026\/03\/3e367f94-greenpeace_logo_green_rgb.png\",\"contentUrl\":\"https:\/\/www.greenpeace.org\/static\/planet4-luxembourg-stateless\/2026\/03\/3e367f94-greenpeace_logo_green_rgb.png\",\"width\":1080,\"height\":175,\"caption\":\"Greenpeace Luxembourg\"},\"image\":{\"@id\":\"https:\/\/www.greenpeace.org\/luxembourg\/fr\/#\/schema\/logo\/image\/\"},\"sameAs\":[\"https:\/\/www.facebook.com\/greenpeaceluxembourg\",\"https:\/\/www.instagram.com\/greenpeacelux\/\",\"https:\/\/www.linkedin.com\/company\/greenpeace-luxembourg\/\",\"https:\/\/www.threads.com\/@greenpeacelux\",\"https:\/\/bsky.app\/profile\/greenpeacelux.bsky.social\",\"https:\/\/www.youtube.com\/@GreenpeaceLux\",\"https:\/\/www.tiktok.com\/@greenpeace_lux\"]}]}<\/script>\n<!-- \/ Yoast SEO Premium plugin. -->","yoast_head_json":{"title":"FAQ : dons et contreparties pour les 50 ans de Greenpeace - Greenpeace Luxembourg","robots":{"index":"index","follow":"follow","max-snippet":"max-snippet:-1","max-image-preview":"max-image-preview:large","max-video-preview":"max-video-preview:-1"},"canonical":"http:\/\/www.greenpeace.org\/luxembourg\/fr\/politique-de-dons\/faq-dons-50-ans\/","og_locale":"fr_FR","og_type":"article","og_title":"FAQ : dons et contreparties pour les 50 ans de Greenpeace","og_description":"Vous souhaitez faire un don pour les 50 ans de Greenpeace en \u00e9change d&#8217;une contrepartie mais vous avez des questions ? Tout est l\u00e0 ! Pourquoi offrez-vous des objets en \u00e9change d\u2019un don ?&nbsp; Ce cadeau symbolique permet \u00e0 chacun et chacune d\u2019afficher son engagement et son soutien. Les guides peuvent vous servir dans votre [&hellip;]","og_url":"http:\/\/www.greenpeace.org\/luxembourg\/fr\/politique-de-dons\/faq-dons-50-ans\/","og_site_name":"Greenpeace Luxembourg","article_publisher":"https:\/\/www.facebook.com\/greenpeaceluxembourg","article_modified_time":"2021-09-07T13:22:12+00:00","og_image":[{"width":1200,"height":828,"url":"https:\/\/www.greenpeace.org\/static\/planet4-luxembourg-stateless\/bd7601fb-gp1suiv5.jpg","type":"image\/jpeg"}],"twitter_card":"summary_large_image","twitter_misc":{"Est. reading time":"1 minute"},"schema":{"@context":"https:\/\/schema.org","@graph":[{"@type":"WebPage","@id":"http:\/\/www.greenpeace.org\/luxembourg\/fr\/politique-de-dons\/faq-dons-50-ans\/","url":"http:\/\/www.greenpeace.org\/luxembourg\/fr\/politique-de-dons\/faq-dons-50-ans\/","name":"FAQ : dons et contreparties pour les 50 ans de Greenpeace - Greenpeace Luxembourg","isPartOf":{"@id":"https:\/\/www.greenpeace.org\/luxembourg\/fr\/#website"},"primaryImageOfPage":{"@id":"http:\/\/www.greenpeace.org\/luxembourg\/fr\/politique-de-dons\/faq-dons-50-ans\/#primaryimage"},"image":{"@id":"http:\/\/www.greenpeace.org\/luxembourg\/fr\/politique-de-dons\/faq-dons-50-ans\/#primaryimage"},"thumbnailUrl":"https:\/\/www.greenpeace.org\/static\/planet4-luxembourg-stateless\/bd7601fb-gp1suiv5.jpg","datePublished":"2021-09-07T11:22:23+00:00","dateModified":"2021-09-07T13:22:12+00:00","breadcrumb":{"@id":"http:\/\/www.greenpeace.org\/luxembourg\/fr\/politique-de-dons\/faq-dons-50-ans\/#breadcrumb"},"inLanguage":"fr-LU","potentialAction":[{"@type":"ReadAction","target":["http:\/\/www.greenpeace.org\/luxembourg\/fr\/politique-de-dons\/faq-dons-50-ans\/"]}]},{"@type":"ImageObject","inLanguage":"fr-LU","@id":"http:\/\/www.greenpeace.org\/luxembourg\/fr\/politique-de-dons\/faq-dons-50-ans\/#primaryimage","url":"https:\/\/www.greenpeace.org\/static\/planet4-luxembourg-stateless\/bd7601fb-gp1suiv5.jpg","contentUrl":"https:\/\/www.greenpeace.org\/static\/planet4-luxembourg-stateless\/bd7601fb-gp1suiv5.jpg","width":1200,"height":828,"caption":"In the framework of World Cities Day, Greenpeace Colombia installs a vertical garden in the El Rosario square and demands that the Bogot\u00e1 Council declare a climate emergency, green the city and expand and protect green spaces. \u201cThe future of Bogot\u00e1 depends on how we manage urban development,\u201d warns Tatiana C\u00e9spedes, a member of the Greenpeace campaign team in Colombia. Cities such as Madrid, Rome and Mexico City replicate this initiative that highlights the importance of green spaces in cities, which generate more than 70 percent of global CO2 emissions."},{"@type":"BreadcrumbList","@id":"http:\/\/www.greenpeace.org\/luxembourg\/fr\/politique-de-dons\/faq-dons-50-ans\/#breadcrumb","itemListElement":[{"@type":"ListItem","position":1,"name":"Home","item":"https:\/\/www.greenpeace.org\/luxembourg\/fr\/"},{"@type":"ListItem","position":2,"name":"Politique de dons","item":"http:\/\/www.greenpeace.org\/luxembourg\/fr\/politique-de-dons\/"},{"@type":"ListItem","position":3,"name":"FAQ : dons et contreparties pour les 50 ans de Greenpeace"}]},{"@type":"WebSite","@id":"https:\/\/www.greenpeace.org\/luxembourg\/fr\/#website","url":"https:\/\/www.greenpeace.org\/luxembourg\/fr\/","name":"Greenpeace Luxembourg","description":"Greenpeace existe parce que cette Terre fragile a besoin d&#039;une voix. Elle a besoin de solutions. De changement. D&#039;actions.","publisher":{"@id":"https:\/\/www.greenpeace.org\/luxembourg\/fr\/#organization"},"potentialAction":[{"@type":"SearchAction","target":{"@type":"EntryPoint","urlTemplate":"https:\/\/www.greenpeace.org\/luxembourg\/fr\/?s={search_term_string}"},"query-input":{"@type":"PropertyValueSpecification","valueRequired":true,"valueName":"search_term_string"}}],"inLanguage":"fr-LU"},{"@type":"Organization","@id":"https:\/\/www.greenpeace.org\/luxembourg\/fr\/#organization","name":"Greenpeace Luxembourg","url":"https:\/\/www.greenpeace.org\/luxembourg\/fr\/","logo":{"@type":"ImageObject","inLanguage":"fr-LU","@id":"https:\/\/www.greenpeace.org\/luxembourg\/fr\/#\/schema\/logo\/image\/","url":"https:\/\/www.greenpeace.org\/static\/planet4-luxembourg-stateless\/2026\/03\/3e367f94-greenpeace_logo_green_rgb.png","contentUrl":"https:\/\/www.greenpeace.org\/static\/planet4-luxembourg-stateless\/2026\/03\/3e367f94-greenpeace_logo_green_rgb.png","width":1080,"height":175,"caption":"Greenpeace Luxembourg"},"image":{"@id":"https:\/\/www.greenpeace.org\/luxembourg\/fr\/#\/schema\/logo\/image\/"},"sameAs":["https:\/\/www.facebook.com\/greenpeaceluxembourg","https:\/\/www.instagram.com\/greenpeacelux\/","https:\/\/www.linkedin.com\/company\/greenpeace-luxembourg\/","https:\/\/www.threads.com\/@greenpeacelux","https:\/\/bsky.app\/profile\/greenpeacelux.bsky.social","https:\/\/www.youtube.com\/@GreenpeaceLux","https:\/\/www.tiktok.com\/@greenpeace_lux"]}]}},"_links":{"self":[{"href":"https:\/\/www.greenpeace.org\/luxembourg\/fr\/wp-json\/wp\/v2\/pages\/12231","targetHints":{"allow":["GET"]}}],"collection":[{"href":"https:\/\/www.greenpeace.org\/luxembourg\/fr\/wp-json\/wp\/v2\/pages"}],"about":[{"href":"https:\/\/www.greenpeace.org\/luxembourg\/fr\/wp-json\/wp\/v2\/types\/page"}],"author":[{"embeddable":true,"href":"https:\/\/www.greenpeace.org\/luxembourg\/fr\/wp-json\/wp\/v2\/users\/22"}],"replies":[{"embeddable":true,"href":"https:\/\/www.greenpeace.org\/luxembourg\/fr\/wp-json\/wp\/v2\/comments?post=12231"}],"version-history":[{"count":6,"href":"https:\/\/www.greenpeace.org\/luxembourg\/fr\/wp-json\/wp\/v2\/pages\/12231\/revisions"}],"predecessor-version":[{"id":12237,"href":"https:\/\/www.greenpeace.org\/luxembourg\/fr\/wp-json\/wp\/v2\/pages\/12231\/revisions\/12237"}],"up":[{"embeddable":true,"href":"https:\/\/www.greenpeace.org\/luxembourg\/fr\/wp-json\/wp\/v2\/pages\/490"}],"wp:featuredmedia":[{"embeddable":true,"href":"https:\/\/www.greenpeace.org\/luxembourg\/fr\/wp-json\/wp\/v2\/media\/10425"}],"wp:attachment":[{"href":"https:\/\/www.greenpeace.org\/luxembourg\/fr\/wp-json\/wp\/v2\/media?parent=12231"}],"wp:term":[{"taxonomy":"category","embeddable":true,"href":"https:\/\/www.greenpeace.org\/luxembourg\/fr\/wp-json\/wp\/v2\/categories?post=12231"},{"taxonomy":"post_tag","embeddable":true,"href":"https:\/\/www.greenpeace.org\/luxembourg\/fr\/wp-json\/wp\/v2\/tags?post=12231"}],"curies":[{"name":"wp","href":"https:\/\/api.w.org\/{rel}","templated":true}]}}