{"id":12641,"date":"2021-11-02T18:10:33","date_gmt":"2021-11-02T16:10:33","guid":{"rendered":"https:\/\/www.greenpeace.org\/luxembourg\/?page_id=12641"},"modified":"2024-03-26T14:48:32","modified_gmt":"2024-03-26T12:48:32","slug":"interdisons-la-publicite-et-les-parrainages-climaticides","status":"publish","type":"page","link":"https:\/\/www.greenpeace.org\/luxembourg\/fr\/agir\/interdisons-la-publicite-et-les-parrainages-climaticides\/","title":{"rendered":"Interdisons la publicit\u00e9 et les parrainages climaticides !"},"content":{"rendered":"\n                    <div class=\"wp-block-group is-vertical is-layout-flex wp-container-core-group-is-layout-8cf370e7 wp-block-group-is-layout-flex\">\n                    \n\n                    \n                    <\/div>\n                    \n<p><strong>MERCI POUR VOTRE SOUTIEN !<\/strong> <\/p>\n\n<p>Aujourd&#8217;hui, plus de <strong>353,279 personnes ont appel\u00e9 \u00e0 l\u2019interdiction \u00e0 l\u2019\u00e9chelle europ\u00e9enne de la publicit\u00e9 et des parrainages des combustibles fossiles !<\/strong><\/p>\n\n<p>Ce n\u2019est que le d\u00e9but. Cette interdiction de la publicit\u00e9 en faveur des combustibles fossiles aura bien lieu, la seule question est quand.<\/p>\n\n<p>C\u2019est ensemble que nous ferons l\u2019histoire ! Tenez vous au courant des derni\u00e8res nouvelles sur ce mouvement et suivez le hashtag <strong>#BanFossilAds<\/strong> sur Twitter et Instagram.<\/p>\n\n<p>Restez inform\u00e9 &#8211; quelque chose d\u2019important se pr\u00e9pare et nous aurons plus que jamais besoin de votre soutien\u2026<\/p>\n\n<p>Merci \u00e0 chacun\u00b7e de vous d\u2019avoir rejoint le mouvement et d\u2019avoir sign\u00e9 l\u2019Initiative Citoyenne Europ\u00e9enne #BanFossilAds. La p\u00e9tition est d\u00e9sormais termin\u00e9e. Restez inform\u00e9 sur la prochaine \u00e9tape dans notre lutte pour l\u2019interdiction de la publicit\u00e9 et du parrainage en faveur des combustibles fossiles.<\/p>\n\n<p>La p\u00e9tition est d\u00e9sormais close.<\/p>\n","protected":false},"excerpt":{"rendered":"<p>Signez l&#8217;Initiative Citoyenne Europ\u00e9enne pour bannir la publicit\u00e9 et les parrainages en faveur des combustibles fossiles !<\/p>\n","protected":false},"author":22,"featured_media":12650,"parent":319,"menu_order":0,"comment_status":"closed","ping_status":"closed","template":"","meta":{"ep_exclude_from_search":false,"p4_hide_page_title_checkbox":"on","p4_title":"","p4_subtitle":"","p4_description":"","background_image_id":"","background_image":"","p4_button_title":"","p4_button_link":"","p4_button_link_checkbox":"","p4_og_title":"","p4_og_description":"","p4_og_image":"","p4_og_image_id":"","p4_seo_canonical_url":"","p4_campaign_name":"Fossil Free Revolution","p4_local_project":"not set","p4_basket_name":"Climate & Energy","p4_department":"Campaigns","footnotes":""},"categories":[42],"tags":[35,37],"class_list":["post-12641","page","type-page","status-publish","has-post-thumbnail","hentry","category-energie","tag-energiesfossiles","tag-changementclimatique"],"yoast_head":"<!-- This site is optimized with the Yoast SEO Premium plugin v23.9 (Yoast SEO v23.9) - https:\/\/yoast.com\/wordpress\/plugins\/seo\/ -->\n<title>Interdisons la publicit\u00e9 et les parrainages climaticides ! - Greenpeace Luxembourg<\/title>\n<meta name=\"robots\" content=\"index, follow, max-snippet:-1, max-image-preview:large, max-video-preview:-1\" \/>\n<link rel=\"canonical\" href=\"http:\/\/www.greenpeace.org\/luxembourg\/fr\/agir\/interdisons-la-publicite-et-les-parrainages-climaticides\/\" \/>\n<meta property=\"og:locale\" content=\"fr_FR\" \/>\n<meta property=\"og:type\" content=\"article\" \/>\n<meta property=\"og:title\" content=\"Interdisons la publicit\u00e9 et les parrainages climaticides !\" \/>\n<meta property=\"og:description\" content=\"Signez l&#039;Initiative Citoyenne Europ\u00e9enne pour bannir la publicit\u00e9 et les parrainages en faveur des combustibles fossiles !\" \/>\n<meta property=\"og:url\" content=\"http:\/\/www.greenpeace.org\/luxembourg\/fr\/agir\/interdisons-la-publicite-et-les-parrainages-climaticides\/\" \/>\n<meta property=\"og:site_name\" content=\"Greenpeace Luxembourg\" \/>\n<meta property=\"article:publisher\" content=\"https:\/\/www.facebook.com\/greenpeaceluxembourg\" \/>\n<meta property=\"article:modified_time\" content=\"2024-03-26T12:48:32+00:00\" \/>\n<meta property=\"og:image\" content=\"https:\/\/www.greenpeace.org\/static\/planet4-luxembourg-stateless\/2021\/11\/b730a796-gp1sw2ja.jpg\" \/>\n\t<meta property=\"og:image:width\" content=\"1200\" \/>\n\t<meta property=\"og:image:height\" content=\"800\" \/>\n\t<meta property=\"og:image:type\" content=\"image\/jpeg\" \/>\n<meta name=\"twitter:card\" content=\"summary_large_image\" \/>\n<meta name=\"twitter:label1\" content=\"Est. reading time\" \/>\n\t<meta name=\"twitter:data1\" content=\"1 minute\" \/>\n<script type=\"application\/ld+json\" class=\"yoast-schema-graph\">{\"@context\":\"https:\/\/schema.org\",\"@graph\":[{\"@type\":\"WebPage\",\"@id\":\"http:\/\/www.greenpeace.org\/luxembourg\/fr\/agir\/interdisons-la-publicite-et-les-parrainages-climaticides\/\",\"url\":\"http:\/\/www.greenpeace.org\/luxembourg\/fr\/agir\/interdisons-la-publicite-et-les-parrainages-climaticides\/\",\"name\":\"Interdisons la publicit\u00e9 et les parrainages climaticides ! - Greenpeace Luxembourg\",\"isPartOf\":{\"@id\":\"https:\/\/www.greenpeace.org\/luxembourg\/fr\/#website\"},\"primaryImageOfPage\":{\"@id\":\"http:\/\/www.greenpeace.org\/luxembourg\/fr\/agir\/interdisons-la-publicite-et-les-parrainages-climaticides\/#primaryimage\"},\"image\":{\"@id\":\"http:\/\/www.greenpeace.org\/luxembourg\/fr\/agir\/interdisons-la-publicite-et-les-parrainages-climaticides\/#primaryimage\"},\"thumbnailUrl\":\"https:\/\/www.greenpeace.org\/static\/planet4-luxembourg-stateless\/2021\/11\/b730a796-gp1sw2ja.jpg\",\"datePublished\":\"2021-11-02T16:10:33+00:00\",\"dateModified\":\"2024-03-26T12:48:32+00:00\",\"breadcrumb\":{\"@id\":\"http:\/\/www.greenpeace.org\/luxembourg\/fr\/agir\/interdisons-la-publicite-et-les-parrainages-climaticides\/#breadcrumb\"},\"inLanguage\":\"fr-LU\",\"potentialAction\":[{\"@type\":\"ReadAction\",\"target\":[\"http:\/\/www.greenpeace.org\/luxembourg\/fr\/agir\/interdisons-la-publicite-et-les-parrainages-climaticides\/\"]}]},{\"@type\":\"ImageObject\",\"inLanguage\":\"fr-LU\",\"@id\":\"http:\/\/www.greenpeace.org\/luxembourg\/fr\/agir\/interdisons-la-publicite-et-les-parrainages-climaticides\/#primaryimage\",\"url\":\"https:\/\/www.greenpeace.org\/static\/planet4-luxembourg-stateless\/2021\/11\/b730a796-gp1sw2ja.jpg\",\"contentUrl\":\"https:\/\/www.greenpeace.org\/static\/planet4-luxembourg-stateless\/2021\/11\/b730a796-gp1sw2ja.jpg\",\"width\":1200,\"height\":800,\"caption\":\"More than 80 Greenpeace Netherlands activists from 12 EU countries are using fossil fuel ads from all over Europe to block the entrance to Shell\u2019s oil refinery. The peaceful protest comes as over 20 organizations launched a European Citizens\u2019 Initiative (ECI) petition today, calling for a new law that bans fossil fuel advertising and sponsorship in the European Union.\"},{\"@type\":\"BreadcrumbList\",\"@id\":\"http:\/\/www.greenpeace.org\/luxembourg\/fr\/agir\/interdisons-la-publicite-et-les-parrainages-climaticides\/#breadcrumb\",\"itemListElement\":[{\"@type\":\"ListItem\",\"position\":1,\"name\":\"Home\",\"item\":\"https:\/\/www.greenpeace.org\/luxembourg\/fr\/\"},{\"@type\":\"ListItem\",\"position\":2,\"name\":\"Agir\",\"item\":\"http:\/\/www.greenpeace.org\/luxembourg\/fr\/agir\/\"},{\"@type\":\"ListItem\",\"position\":3,\"name\":\"Interdisons la publicit\u00e9 et les parrainages climaticides !\"}]},{\"@type\":\"WebSite\",\"@id\":\"https:\/\/www.greenpeace.org\/luxembourg\/fr\/#website\",\"url\":\"https:\/\/www.greenpeace.org\/luxembourg\/fr\/\",\"name\":\"Greenpeace Luxembourg\",\"description\":\"Greenpeace existe parce que cette Terre fragile a besoin d&#039;une voix. Elle a besoin de solutions. De changement. D&#039;actions.\",\"publisher\":{\"@id\":\"https:\/\/www.greenpeace.org\/luxembourg\/fr\/#organization\"},\"potentialAction\":[{\"@type\":\"SearchAction\",\"target\":{\"@type\":\"EntryPoint\",\"urlTemplate\":\"https:\/\/www.greenpeace.org\/luxembourg\/fr\/?s={search_term_string}\"},\"query-input\":{\"@type\":\"PropertyValueSpecification\",\"valueRequired\":true,\"valueName\":\"search_term_string\"}}],\"inLanguage\":\"fr-LU\"},{\"@type\":\"Organization\",\"@id\":\"https:\/\/www.greenpeace.org\/luxembourg\/fr\/#organization\",\"name\":\"Greenpeace Luxembourg\",\"url\":\"https:\/\/www.greenpeace.org\/luxembourg\/fr\/\",\"logo\":{\"@type\":\"ImageObject\",\"inLanguage\":\"fr-LU\",\"@id\":\"https:\/\/www.greenpeace.org\/luxembourg\/fr\/#\/schema\/logo\/image\/\",\"url\":\"https:\/\/www.greenpeace.org\/static\/planet4-luxembourg-stateless\/2026\/03\/3e367f94-greenpeace_logo_green_rgb.png\",\"contentUrl\":\"https:\/\/www.greenpeace.org\/static\/planet4-luxembourg-stateless\/2026\/03\/3e367f94-greenpeace_logo_green_rgb.png\",\"width\":1080,\"height\":175,\"caption\":\"Greenpeace Luxembourg\"},\"image\":{\"@id\":\"https:\/\/www.greenpeace.org\/luxembourg\/fr\/#\/schema\/logo\/image\/\"},\"sameAs\":[\"https:\/\/www.facebook.com\/greenpeaceluxembourg\",\"https:\/\/www.instagram.com\/greenpeacelux\/\",\"https:\/\/www.linkedin.com\/company\/greenpeace-luxembourg\/\",\"https:\/\/www.threads.com\/@greenpeacelux\",\"https:\/\/bsky.app\/profile\/greenpeacelux.bsky.social\",\"https:\/\/www.youtube.com\/@GreenpeaceLux\",\"https:\/\/www.tiktok.com\/@greenpeace_lux\"]}]}<\/script>\n<!-- \/ Yoast SEO Premium plugin. -->","yoast_head_json":{"title":"Interdisons la publicit\u00e9 et les parrainages climaticides ! - Greenpeace Luxembourg","robots":{"index":"index","follow":"follow","max-snippet":"max-snippet:-1","max-image-preview":"max-image-preview:large","max-video-preview":"max-video-preview:-1"},"canonical":"http:\/\/www.greenpeace.org\/luxembourg\/fr\/agir\/interdisons-la-publicite-et-les-parrainages-climaticides\/","og_locale":"fr_FR","og_type":"article","og_title":"Interdisons la publicit\u00e9 et les parrainages climaticides !","og_description":"Signez l'Initiative Citoyenne Europ\u00e9enne pour bannir la publicit\u00e9 et les parrainages en faveur des combustibles fossiles !","og_url":"http:\/\/www.greenpeace.org\/luxembourg\/fr\/agir\/interdisons-la-publicite-et-les-parrainages-climaticides\/","og_site_name":"Greenpeace Luxembourg","article_publisher":"https:\/\/www.facebook.com\/greenpeaceluxembourg","article_modified_time":"2024-03-26T12:48:32+00:00","og_image":[{"width":1200,"height":800,"url":"https:\/\/www.greenpeace.org\/static\/planet4-luxembourg-stateless\/2021\/11\/b730a796-gp1sw2ja.jpg","type":"image\/jpeg"}],"twitter_card":"summary_large_image","twitter_misc":{"Est. reading time":"1 minute"},"schema":{"@context":"https:\/\/schema.org","@graph":[{"@type":"WebPage","@id":"http:\/\/www.greenpeace.org\/luxembourg\/fr\/agir\/interdisons-la-publicite-et-les-parrainages-climaticides\/","url":"http:\/\/www.greenpeace.org\/luxembourg\/fr\/agir\/interdisons-la-publicite-et-les-parrainages-climaticides\/","name":"Interdisons la publicit\u00e9 et les parrainages climaticides ! - Greenpeace Luxembourg","isPartOf":{"@id":"https:\/\/www.greenpeace.org\/luxembourg\/fr\/#website"},"primaryImageOfPage":{"@id":"http:\/\/www.greenpeace.org\/luxembourg\/fr\/agir\/interdisons-la-publicite-et-les-parrainages-climaticides\/#primaryimage"},"image":{"@id":"http:\/\/www.greenpeace.org\/luxembourg\/fr\/agir\/interdisons-la-publicite-et-les-parrainages-climaticides\/#primaryimage"},"thumbnailUrl":"https:\/\/www.greenpeace.org\/static\/planet4-luxembourg-stateless\/2021\/11\/b730a796-gp1sw2ja.jpg","datePublished":"2021-11-02T16:10:33+00:00","dateModified":"2024-03-26T12:48:32+00:00","breadcrumb":{"@id":"http:\/\/www.greenpeace.org\/luxembourg\/fr\/agir\/interdisons-la-publicite-et-les-parrainages-climaticides\/#breadcrumb"},"inLanguage":"fr-LU","potentialAction":[{"@type":"ReadAction","target":["http:\/\/www.greenpeace.org\/luxembourg\/fr\/agir\/interdisons-la-publicite-et-les-parrainages-climaticides\/"]}]},{"@type":"ImageObject","inLanguage":"fr-LU","@id":"http:\/\/www.greenpeace.org\/luxembourg\/fr\/agir\/interdisons-la-publicite-et-les-parrainages-climaticides\/#primaryimage","url":"https:\/\/www.greenpeace.org\/static\/planet4-luxembourg-stateless\/2021\/11\/b730a796-gp1sw2ja.jpg","contentUrl":"https:\/\/www.greenpeace.org\/static\/planet4-luxembourg-stateless\/2021\/11\/b730a796-gp1sw2ja.jpg","width":1200,"height":800,"caption":"More than 80 Greenpeace Netherlands activists from 12 EU countries are using fossil fuel ads from all over Europe to block the entrance to Shell\u2019s oil refinery. The peaceful protest comes as over 20 organizations launched a European Citizens\u2019 Initiative (ECI) petition today, calling for a new law that bans fossil fuel advertising and sponsorship in the European Union."},{"@type":"BreadcrumbList","@id":"http:\/\/www.greenpeace.org\/luxembourg\/fr\/agir\/interdisons-la-publicite-et-les-parrainages-climaticides\/#breadcrumb","itemListElement":[{"@type":"ListItem","position":1,"name":"Home","item":"https:\/\/www.greenpeace.org\/luxembourg\/fr\/"},{"@type":"ListItem","position":2,"name":"Agir","item":"http:\/\/www.greenpeace.org\/luxembourg\/fr\/agir\/"},{"@type":"ListItem","position":3,"name":"Interdisons la publicit\u00e9 et les parrainages climaticides !"}]},{"@type":"WebSite","@id":"https:\/\/www.greenpeace.org\/luxembourg\/fr\/#website","url":"https:\/\/www.greenpeace.org\/luxembourg\/fr\/","name":"Greenpeace Luxembourg","description":"Greenpeace existe parce que cette Terre fragile a besoin d&#039;une voix. Elle a besoin de solutions. De changement. D&#039;actions.","publisher":{"@id":"https:\/\/www.greenpeace.org\/luxembourg\/fr\/#organization"},"potentialAction":[{"@type":"SearchAction","target":{"@type":"EntryPoint","urlTemplate":"https:\/\/www.greenpeace.org\/luxembourg\/fr\/?s={search_term_string}"},"query-input":{"@type":"PropertyValueSpecification","valueRequired":true,"valueName":"search_term_string"}}],"inLanguage":"fr-LU"},{"@type":"Organization","@id":"https:\/\/www.greenpeace.org\/luxembourg\/fr\/#organization","name":"Greenpeace Luxembourg","url":"https:\/\/www.greenpeace.org\/luxembourg\/fr\/","logo":{"@type":"ImageObject","inLanguage":"fr-LU","@id":"https:\/\/www.greenpeace.org\/luxembourg\/fr\/#\/schema\/logo\/image\/","url":"https:\/\/www.greenpeace.org\/static\/planet4-luxembourg-stateless\/2026\/03\/3e367f94-greenpeace_logo_green_rgb.png","contentUrl":"https:\/\/www.greenpeace.org\/static\/planet4-luxembourg-stateless\/2026\/03\/3e367f94-greenpeace_logo_green_rgb.png","width":1080,"height":175,"caption":"Greenpeace Luxembourg"},"image":{"@id":"https:\/\/www.greenpeace.org\/luxembourg\/fr\/#\/schema\/logo\/image\/"},"sameAs":["https:\/\/www.facebook.com\/greenpeaceluxembourg","https:\/\/www.instagram.com\/greenpeacelux\/","https:\/\/www.linkedin.com\/company\/greenpeace-luxembourg\/","https:\/\/www.threads.com\/@greenpeacelux","https:\/\/bsky.app\/profile\/greenpeacelux.bsky.social","https:\/\/www.youtube.com\/@GreenpeaceLux","https:\/\/www.tiktok.com\/@greenpeace_lux"]}]}},"_links":{"self":[{"href":"https:\/\/www.greenpeace.org\/luxembourg\/fr\/wp-json\/wp\/v2\/pages\/12641","targetHints":{"allow":["GET"]}}],"collection":[{"href":"https:\/\/www.greenpeace.org\/luxembourg\/fr\/wp-json\/wp\/v2\/pages"}],"about":[{"href":"https:\/\/www.greenpeace.org\/luxembourg\/fr\/wp-json\/wp\/v2\/types\/page"}],"author":[{"embeddable":true,"href":"https:\/\/www.greenpeace.org\/luxembourg\/fr\/wp-json\/wp\/v2\/users\/22"}],"replies":[{"embeddable":true,"href":"https:\/\/www.greenpeace.org\/luxembourg\/fr\/wp-json\/wp\/v2\/comments?post=12641"}],"version-history":[{"count":9,"href":"https:\/\/www.greenpeace.org\/luxembourg\/fr\/wp-json\/wp\/v2\/pages\/12641\/revisions"}],"predecessor-version":[{"id":21225,"href":"https:\/\/www.greenpeace.org\/luxembourg\/fr\/wp-json\/wp\/v2\/pages\/12641\/revisions\/21225"}],"up":[{"embeddable":true,"href":"https:\/\/www.greenpeace.org\/luxembourg\/fr\/wp-json\/wp\/v2\/pages\/319"}],"wp:featuredmedia":[{"embeddable":true,"href":"https:\/\/www.greenpeace.org\/luxembourg\/fr\/wp-json\/wp\/v2\/media\/12650"}],"wp:attachment":[{"href":"https:\/\/www.greenpeace.org\/luxembourg\/fr\/wp-json\/wp\/v2\/media?parent=12641"}],"wp:term":[{"taxonomy":"category","embeddable":true,"href":"https:\/\/www.greenpeace.org\/luxembourg\/fr\/wp-json\/wp\/v2\/categories?post=12641"},{"taxonomy":"post_tag","embeddable":true,"href":"https:\/\/www.greenpeace.org\/luxembourg\/fr\/wp-json\/wp\/v2\/tags?post=12641"}],"curies":[{"name":"wp","href":"https:\/\/api.w.org\/{rel}","templated":true}]}}