{"id":16674,"date":"2023-01-23T16:04:57","date_gmt":"2023-01-23T14:04:57","guid":{"rendered":"https:\/\/www.greenpeace.org\/luxembourg\/?page_id=16674"},"modified":"2026-02-09T16:29:27","modified_gmt":"2026-02-09T14:29:27","slug":"contact-telemarketing","status":"publish","type":"page","link":"https:\/\/www.greenpeace.org\/luxembourg\/fr\/contact-telemarketing\/","title":{"rendered":"Vous avez \u00e9t\u00e9 appel\u00e9\u00b7es par Greenpeace ?"},"content":{"rendered":"\n<p class=\"has-medium-font-size\">Gr\u00e2ce au soutien et \u00e0 la mobilisation de l\u2019ensemble de nos donateurs et donatrices, Greenpeace m\u00e8ne un v\u00e9ritable travail d\u2019expertise sur le terrain afin de lutter contre les changements climatiques et prot\u00e9ger la biodiversit\u00e9. <br><br>Chaque euro donn\u00e9 est essentiel, c&#8217;est pourquoi nous nous permettons d&#8217;appeler nos sympathisants, sympathisantes, donateurs et donatrices afin de les remercier, leur pr\u00e9senter notre travail et leur demander dans la mesure du possible de renforcer leur soutien. <\/p>\n\n<p class=\"has-medium-font-size\">Pour toutes questions, n&#8217;h\u00e9sitez pas \u00e0 contacter notre service donateurs par mail \u00e0 <a href=\"mailto:membres.lu@greenpeace.org\" data-type=\"mailto\" data-id=\"mailto:membres.lu@greenpeace.org\">membres.lu@greenpeace.org<\/a> ou par t\u00e9l\u00e9phone au <strong>(+352)<\/strong> <strong>54 62 52 29<\/strong>.<\/p>\n\n<style>\n* {font-family:Roboto;}\n<\/style>\n\n<div style=\"height:100px\" aria-hidden=\"true\" class=\"wp-block-spacer\"><\/div>\n","protected":false},"excerpt":{"rendered":"<p>Pour toutes questions n&#8217;h\u00e9sitez pas \u00e0 contacter notre service donateurs par mail \u00e0 membres.lu@greenpeace.org ou par t\u00e9l\u00e9phone au 54 62 52 29<\/p>\n","protected":false},"author":20,"featured_media":5464,"parent":0,"menu_order":0,"comment_status":"closed","ping_status":"closed","template":"","meta":{"ep_exclude_from_search":false,"p4_hide_page_title_checkbox":"","p4_title":"","p4_subtitle":"","p4_description":"","background_image_id":"","background_image":"","p4_button_title":"","p4_button_link":"","p4_button_link_checkbox":"","p4_og_title":"","p4_og_description":"","p4_og_image":"","p4_og_image_id":"","p4_seo_canonical_url":"","p4_campaign_name":"not set","p4_local_project":"not set","p4_basket_name":"not set","p4_department":"","footnotes":""},"categories":[],"tags":[],"class_list":["post-16674","page","type-page","status-publish","has-post-thumbnail","hentry"],"yoast_head":"<!-- This site is optimized with the Yoast SEO Premium plugin v23.9 (Yoast SEO v23.9) - https:\/\/yoast.com\/wordpress\/plugins\/seo\/ -->\n<title>Vous avez \u00e9t\u00e9 appel\u00e9\u00b7es par Greenpeace ? - Greenpeace Luxembourg<\/title>\n<meta name=\"robots\" content=\"index, follow, max-snippet:-1, max-image-preview:large, max-video-preview:-1\" \/>\n<link rel=\"canonical\" href=\"https:\/\/www.greenpeace.org\/luxembourg\/fr\/contact-telemarketing\/\" \/>\n<meta property=\"og:locale\" content=\"fr_FR\" \/>\n<meta property=\"og:type\" content=\"article\" \/>\n<meta property=\"og:title\" content=\"Vous avez \u00e9t\u00e9 appel\u00e9\u00b7es par Greenpeace ?\" \/>\n<meta property=\"og:description\" content=\"Pour toutes questions n&#039;h\u00e9sitez pas \u00e0 contacter notre service donateurs par mail \u00e0 membres.lu@greenpeace.org ou par t\u00e9l\u00e9phone au 54 62 52 29\" \/>\n<meta property=\"og:url\" content=\"https:\/\/www.greenpeace.org\/luxembourg\/fr\/contact-telemarketing\/\" \/>\n<meta property=\"og:site_name\" content=\"Greenpeace Luxembourg\" \/>\n<meta property=\"article:publisher\" content=\"https:\/\/www.facebook.com\/greenpeaceluxembourg\" \/>\n<meta property=\"article:modified_time\" content=\"2026-02-09T14:29:27+00:00\" \/>\n<meta property=\"og:image\" content=\"https:\/\/www.greenpeace.org\/static\/planet4-luxembourg-stateless\/2019\/08\/445653b5-gp0stqbk4_web_computer_with_credit_line.jpg\" \/>\n\t<meta property=\"og:image:width\" content=\"800\" \/>\n\t<meta property=\"og:image:height\" content=\"533\" \/>\n\t<meta property=\"og:image:type\" content=\"image\/jpeg\" \/>\n<meta name=\"twitter:card\" content=\"summary_large_image\" \/>\n<script type=\"application\/ld+json\" class=\"yoast-schema-graph\">{\"@context\":\"https:\/\/schema.org\",\"@graph\":[{\"@type\":\"WebPage\",\"@id\":\"https:\/\/www.greenpeace.org\/luxembourg\/fr\/contact-telemarketing\/\",\"url\":\"https:\/\/www.greenpeace.org\/luxembourg\/fr\/contact-telemarketing\/\",\"name\":\"Vous avez \u00e9t\u00e9 appel\u00e9\u00b7es par Greenpeace ? - Greenpeace Luxembourg\",\"isPartOf\":{\"@id\":\"https:\/\/www.greenpeace.org\/luxembourg\/fr\/#website\"},\"primaryImageOfPage\":{\"@id\":\"https:\/\/www.greenpeace.org\/luxembourg\/fr\/contact-telemarketing\/#primaryimage\"},\"image\":{\"@id\":\"https:\/\/www.greenpeace.org\/luxembourg\/fr\/contact-telemarketing\/#primaryimage\"},\"thumbnailUrl\":\"https:\/\/www.greenpeace.org\/static\/planet4-luxembourg-stateless\/2019\/08\/445653b5-gp0stqbk4_web_computer_with_credit_line.jpg\",\"datePublished\":\"2023-01-23T14:04:57+00:00\",\"dateModified\":\"2026-02-09T14:29:27+00:00\",\"breadcrumb\":{\"@id\":\"https:\/\/www.greenpeace.org\/luxembourg\/fr\/contact-telemarketing\/#breadcrumb\"},\"inLanguage\":\"fr-LU\",\"potentialAction\":[{\"@type\":\"ReadAction\",\"target\":[\"https:\/\/www.greenpeace.org\/luxembourg\/fr\/contact-telemarketing\/\"]}]},{\"@type\":\"ImageObject\",\"inLanguage\":\"fr-LU\",\"@id\":\"https:\/\/www.greenpeace.org\/luxembourg\/fr\/contact-telemarketing\/#primaryimage\",\"url\":\"https:\/\/www.greenpeace.org\/static\/planet4-luxembourg-stateless\/2019\/08\/445653b5-gp0stqbk4_web_computer_with_credit_line.jpg\",\"contentUrl\":\"https:\/\/www.greenpeace.org\/static\/planet4-luxembourg-stateless\/2019\/08\/445653b5-gp0stqbk4_web_computer_with_credit_line.jpg\",\"width\":800,\"height\":533,\"caption\":\"Greenpeace volunteers group organises a smartphone repair event in Hamburg, where visitors can repair their smartphones. Broken displays or a defective battery are no reason not to use the gadgets any longer. To repair smartphones means to save raw materials and to protect the environment. Mit dem Repair Caf\u00e9 fuer Smartphones bietet die Greenpeace Gruppe Hamburg Besuchern die Moeglichkeit unter fachlicher Anleitung ihr Smartphone zu reparieren. Die Umweltschuetzer informieren darueber, dass ein kaputtes Display oder ein defekter Akku kein Grund sind, das Geraet aufzugeben. Jede Reparatur verlaengert die Lebensdauer eines Smartphones, spart wertvolle Rohstoffe und schuetzt die Umwelt.\"},{\"@type\":\"BreadcrumbList\",\"@id\":\"https:\/\/www.greenpeace.org\/luxembourg\/fr\/contact-telemarketing\/#breadcrumb\",\"itemListElement\":[{\"@type\":\"ListItem\",\"position\":1,\"name\":\"Home\",\"item\":\"https:\/\/www.greenpeace.org\/luxembourg\/fr\/\"},{\"@type\":\"ListItem\",\"position\":2,\"name\":\"Vous avez \u00e9t\u00e9 appel\u00e9\u00b7es par Greenpeace ?\"}]},{\"@type\":\"WebSite\",\"@id\":\"https:\/\/www.greenpeace.org\/luxembourg\/fr\/#website\",\"url\":\"https:\/\/www.greenpeace.org\/luxembourg\/fr\/\",\"name\":\"Greenpeace Luxembourg\",\"description\":\"Greenpeace existe parce que cette Terre fragile a besoin d&#039;une voix. Elle a besoin de solutions. De changement. D&#039;actions.\",\"publisher\":{\"@id\":\"https:\/\/www.greenpeace.org\/luxembourg\/fr\/#organization\"},\"potentialAction\":[{\"@type\":\"SearchAction\",\"target\":{\"@type\":\"EntryPoint\",\"urlTemplate\":\"https:\/\/www.greenpeace.org\/luxembourg\/fr\/?s={search_term_string}\"},\"query-input\":{\"@type\":\"PropertyValueSpecification\",\"valueRequired\":true,\"valueName\":\"search_term_string\"}}],\"inLanguage\":\"fr-LU\"},{\"@type\":\"Organization\",\"@id\":\"https:\/\/www.greenpeace.org\/luxembourg\/fr\/#organization\",\"name\":\"Greenpeace Luxembourg\",\"url\":\"https:\/\/www.greenpeace.org\/luxembourg\/fr\/\",\"logo\":{\"@type\":\"ImageObject\",\"inLanguage\":\"fr-LU\",\"@id\":\"https:\/\/www.greenpeace.org\/luxembourg\/fr\/#\/schema\/logo\/image\/\",\"url\":\"https:\/\/www.greenpeace.org\/static\/planet4-luxembourg-stateless\/2026\/03\/3e367f94-greenpeace_logo_green_rgb.png\",\"contentUrl\":\"https:\/\/www.greenpeace.org\/static\/planet4-luxembourg-stateless\/2026\/03\/3e367f94-greenpeace_logo_green_rgb.png\",\"width\":1080,\"height\":175,\"caption\":\"Greenpeace Luxembourg\"},\"image\":{\"@id\":\"https:\/\/www.greenpeace.org\/luxembourg\/fr\/#\/schema\/logo\/image\/\"},\"sameAs\":[\"https:\/\/www.facebook.com\/greenpeaceluxembourg\",\"https:\/\/www.instagram.com\/greenpeacelux\/\",\"https:\/\/www.linkedin.com\/company\/greenpeace-luxembourg\/\",\"https:\/\/www.threads.com\/@greenpeacelux\",\"https:\/\/bsky.app\/profile\/greenpeacelux.bsky.social\",\"https:\/\/www.youtube.com\/@GreenpeaceLux\",\"https:\/\/www.tiktok.com\/@greenpeace_lux\"]}]}<\/script>\n<!-- \/ Yoast SEO Premium plugin. -->","yoast_head_json":{"title":"Vous avez \u00e9t\u00e9 appel\u00e9\u00b7es par Greenpeace ? - Greenpeace Luxembourg","robots":{"index":"index","follow":"follow","max-snippet":"max-snippet:-1","max-image-preview":"max-image-preview:large","max-video-preview":"max-video-preview:-1"},"canonical":"https:\/\/www.greenpeace.org\/luxembourg\/fr\/contact-telemarketing\/","og_locale":"fr_FR","og_type":"article","og_title":"Vous avez \u00e9t\u00e9 appel\u00e9\u00b7es par Greenpeace ?","og_description":"Pour toutes questions n'h\u00e9sitez pas \u00e0 contacter notre service donateurs par mail \u00e0 membres.lu@greenpeace.org ou par t\u00e9l\u00e9phone au 54 62 52 29","og_url":"https:\/\/www.greenpeace.org\/luxembourg\/fr\/contact-telemarketing\/","og_site_name":"Greenpeace Luxembourg","article_publisher":"https:\/\/www.facebook.com\/greenpeaceluxembourg","article_modified_time":"2026-02-09T14:29:27+00:00","og_image":[{"width":800,"height":533,"url":"https:\/\/www.greenpeace.org\/static\/planet4-luxembourg-stateless\/2019\/08\/445653b5-gp0stqbk4_web_computer_with_credit_line.jpg","type":"image\/jpeg"}],"twitter_card":"summary_large_image","schema":{"@context":"https:\/\/schema.org","@graph":[{"@type":"WebPage","@id":"https:\/\/www.greenpeace.org\/luxembourg\/fr\/contact-telemarketing\/","url":"https:\/\/www.greenpeace.org\/luxembourg\/fr\/contact-telemarketing\/","name":"Vous avez \u00e9t\u00e9 appel\u00e9\u00b7es par Greenpeace ? - Greenpeace Luxembourg","isPartOf":{"@id":"https:\/\/www.greenpeace.org\/luxembourg\/fr\/#website"},"primaryImageOfPage":{"@id":"https:\/\/www.greenpeace.org\/luxembourg\/fr\/contact-telemarketing\/#primaryimage"},"image":{"@id":"https:\/\/www.greenpeace.org\/luxembourg\/fr\/contact-telemarketing\/#primaryimage"},"thumbnailUrl":"https:\/\/www.greenpeace.org\/static\/planet4-luxembourg-stateless\/2019\/08\/445653b5-gp0stqbk4_web_computer_with_credit_line.jpg","datePublished":"2023-01-23T14:04:57+00:00","dateModified":"2026-02-09T14:29:27+00:00","breadcrumb":{"@id":"https:\/\/www.greenpeace.org\/luxembourg\/fr\/contact-telemarketing\/#breadcrumb"},"inLanguage":"fr-LU","potentialAction":[{"@type":"ReadAction","target":["https:\/\/www.greenpeace.org\/luxembourg\/fr\/contact-telemarketing\/"]}]},{"@type":"ImageObject","inLanguage":"fr-LU","@id":"https:\/\/www.greenpeace.org\/luxembourg\/fr\/contact-telemarketing\/#primaryimage","url":"https:\/\/www.greenpeace.org\/static\/planet4-luxembourg-stateless\/2019\/08\/445653b5-gp0stqbk4_web_computer_with_credit_line.jpg","contentUrl":"https:\/\/www.greenpeace.org\/static\/planet4-luxembourg-stateless\/2019\/08\/445653b5-gp0stqbk4_web_computer_with_credit_line.jpg","width":800,"height":533,"caption":"Greenpeace volunteers group organises a smartphone repair event in Hamburg, where visitors can repair their smartphones. Broken displays or a defective battery are no reason not to use the gadgets any longer. To repair smartphones means to save raw materials and to protect the environment. Mit dem Repair Caf\u00e9 fuer Smartphones bietet die Greenpeace Gruppe Hamburg Besuchern die Moeglichkeit unter fachlicher Anleitung ihr Smartphone zu reparieren. Die Umweltschuetzer informieren darueber, dass ein kaputtes Display oder ein defekter Akku kein Grund sind, das Geraet aufzugeben. Jede Reparatur verlaengert die Lebensdauer eines Smartphones, spart wertvolle Rohstoffe und schuetzt die Umwelt."},{"@type":"BreadcrumbList","@id":"https:\/\/www.greenpeace.org\/luxembourg\/fr\/contact-telemarketing\/#breadcrumb","itemListElement":[{"@type":"ListItem","position":1,"name":"Home","item":"https:\/\/www.greenpeace.org\/luxembourg\/fr\/"},{"@type":"ListItem","position":2,"name":"Vous avez \u00e9t\u00e9 appel\u00e9\u00b7es par Greenpeace ?"}]},{"@type":"WebSite","@id":"https:\/\/www.greenpeace.org\/luxembourg\/fr\/#website","url":"https:\/\/www.greenpeace.org\/luxembourg\/fr\/","name":"Greenpeace Luxembourg","description":"Greenpeace existe parce que cette Terre fragile a besoin d&#039;une voix. Elle a besoin de solutions. De changement. D&#039;actions.","publisher":{"@id":"https:\/\/www.greenpeace.org\/luxembourg\/fr\/#organization"},"potentialAction":[{"@type":"SearchAction","target":{"@type":"EntryPoint","urlTemplate":"https:\/\/www.greenpeace.org\/luxembourg\/fr\/?s={search_term_string}"},"query-input":{"@type":"PropertyValueSpecification","valueRequired":true,"valueName":"search_term_string"}}],"inLanguage":"fr-LU"},{"@type":"Organization","@id":"https:\/\/www.greenpeace.org\/luxembourg\/fr\/#organization","name":"Greenpeace Luxembourg","url":"https:\/\/www.greenpeace.org\/luxembourg\/fr\/","logo":{"@type":"ImageObject","inLanguage":"fr-LU","@id":"https:\/\/www.greenpeace.org\/luxembourg\/fr\/#\/schema\/logo\/image\/","url":"https:\/\/www.greenpeace.org\/static\/planet4-luxembourg-stateless\/2026\/03\/3e367f94-greenpeace_logo_green_rgb.png","contentUrl":"https:\/\/www.greenpeace.org\/static\/planet4-luxembourg-stateless\/2026\/03\/3e367f94-greenpeace_logo_green_rgb.png","width":1080,"height":175,"caption":"Greenpeace Luxembourg"},"image":{"@id":"https:\/\/www.greenpeace.org\/luxembourg\/fr\/#\/schema\/logo\/image\/"},"sameAs":["https:\/\/www.facebook.com\/greenpeaceluxembourg","https:\/\/www.instagram.com\/greenpeacelux\/","https:\/\/www.linkedin.com\/company\/greenpeace-luxembourg\/","https:\/\/www.threads.com\/@greenpeacelux","https:\/\/bsky.app\/profile\/greenpeacelux.bsky.social","https:\/\/www.youtube.com\/@GreenpeaceLux","https:\/\/www.tiktok.com\/@greenpeace_lux"]}]}},"_links":{"self":[{"href":"https:\/\/www.greenpeace.org\/luxembourg\/fr\/wp-json\/wp\/v2\/pages\/16674","targetHints":{"allow":["GET"]}}],"collection":[{"href":"https:\/\/www.greenpeace.org\/luxembourg\/fr\/wp-json\/wp\/v2\/pages"}],"about":[{"href":"https:\/\/www.greenpeace.org\/luxembourg\/fr\/wp-json\/wp\/v2\/types\/page"}],"author":[{"embeddable":true,"href":"https:\/\/www.greenpeace.org\/luxembourg\/fr\/wp-json\/wp\/v2\/users\/20"}],"replies":[{"embeddable":true,"href":"https:\/\/www.greenpeace.org\/luxembourg\/fr\/wp-json\/wp\/v2\/comments?post=16674"}],"version-history":[{"count":20,"href":"https:\/\/www.greenpeace.org\/luxembourg\/fr\/wp-json\/wp\/v2\/pages\/16674\/revisions"}],"predecessor-version":[{"id":27038,"href":"https:\/\/www.greenpeace.org\/luxembourg\/fr\/wp-json\/wp\/v2\/pages\/16674\/revisions\/27038"}],"wp:featuredmedia":[{"embeddable":true,"href":"https:\/\/www.greenpeace.org\/luxembourg\/fr\/wp-json\/wp\/v2\/media\/5464"}],"wp:attachment":[{"href":"https:\/\/www.greenpeace.org\/luxembourg\/fr\/wp-json\/wp\/v2\/media?parent=16674"}],"wp:term":[{"taxonomy":"category","embeddable":true,"href":"https:\/\/www.greenpeace.org\/luxembourg\/fr\/wp-json\/wp\/v2\/categories?post=16674"},{"taxonomy":"post_tag","embeddable":true,"href":"https:\/\/www.greenpeace.org\/luxembourg\/fr\/wp-json\/wp\/v2\/tags?post=16674"}],"curies":[{"name":"wp","href":"https:\/\/api.w.org\/{rel}","templated":true}]}}