{"id":22357,"date":"2024-09-12T12:43:38","date_gmt":"2024-09-12T10:43:38","guid":{"rendered":"https:\/\/www.greenpeace.org\/luxembourg\/?page_id=22357"},"modified":"2024-09-17T12:28:01","modified_gmt":"2024-09-17T10:28:01","slug":"lien-email-expire","status":"publish","type":"page","link":"https:\/\/www.greenpeace.org\/luxembourg\/fr\/lien-email-expire\/","title":{"rendered":"Lien email expir\u00e9"},"content":{"rendered":"\n\n<div class=\"wp-block-group alignfull is-layout-flow wp-block-group-is-layout-flow\">\n<div class=\"wp-block-group container is-layout-flow wp-block-group-is-layout-flow\">\n<div class=\"wp-block-media-text alignfull has-media-on-the-right is-stacked-on-mobile is-pattern-p4-page-header is-style-parallax\"><div class=\"wp-block-media-text__content\">\n<div class=\"wp-block-group is-layout-flow wp-block-group-is-layout-flow\">\n<h1 class=\"wp-block-heading has-white-background-color has-background\">Le lien que vous cherchez n&#8217;existe plus.<br><\/h1>\n<\/div>\n\n\n\n<p style=\"font-size:1.25rem\">Tout comme l\u2019habitat de ces orang-outans, votre lien a \u00e9t\u00e9 d\u00e9truit. Mais heureusement pour eux, comme pour vous, il y a toujours un moyen concret d&#8217;<a href=\"https:\/\/www.greenpeace.org\/luxembourg\/fr\/agir\/\">agir avec Greenpeace<\/a> !<\/p>\n<\/div><figure class=\"wp-block-media-text__media\"><img loading=\"lazy\" decoding=\"async\" width=\"1024\" height=\"683\" src=\"https:\/\/www.greenpeace.org\/static\/planet4-luxembourg-stateless\/2018\/12\/d389326f-gp0stqfo0-1024x683.jpg\" alt=\"\u00a9 Bjorn Vaugn \/ BOSF \/ Greenpeace Gesch\u00e4tzt wird, dass es heute noch zwischen 70.000 und 100.000 Orang-Utans gibt. Zur Jahrtausendwende waren es noch etwa 150.000 mehr. Der Schwund ist eine Folge der Gier nach Palm\u00f6l, f\u00fcr dessen Anbau Lebensr\u00e4ume zerst\u00f6rt werden.\" sizes=\"auto, (min-width: 601px) 50vw, 100vw\" srcset=\"https:\/\/www.greenpeace.org\/static\/planet4-luxembourg-stateless\/2018\/12\/d389326f-gp0stqfo0.jpg 1200w, https:\/\/www.greenpeace.org\/static\/planet4-luxembourg-stateless\/2018\/12\/d389326f-gp0stqfo0-300x200.jpg 300w, https:\/\/www.greenpeace.org\/static\/planet4-luxembourg-stateless\/2018\/12\/d389326f-gp0stqfo0-768x512.jpg 768w, https:\/\/www.greenpeace.org\/static\/planet4-luxembourg-stateless\/2018\/12\/d389326f-gp0stqfo0-1024x683.jpg 1024w, https:\/\/www.greenpeace.org\/static\/planet4-luxembourg-stateless\/2018\/12\/d389326f-gp0stqfo0-510x340.jpg 510w\" class=\"wp-image-3250 size-full\"\/><\/figure><\/div>\n<\/div>\n<\/div>\n\n\n<hr class=\"wp-block-separator has-alpha-channel-opacity\"\/>\n\n<h3 class=\"wp-block-heading\"><strong>Vous avez des questions  ?<\/strong><\/h3>\n\n<p>Vous pouvez nous joindre par t\u00e9l\u00e9phone au <strong><a href=\"tel:003525462521\">(+352) 54 62 52 1<\/a><\/strong> , via <a href=\"https:\/\/www.greenpeace.org\/luxembourg\/fr\/contact\/\" data-type=\"link\" data-id=\"https:\/\/www.greenpeace.org\/luxembourg\/fr\/contact\/\">notre formulaire de contact<\/a> ou en envoyant directement un email \u00e0 <a href=\"mailto:contact.luxembourg@greenpeace.org\">contact.luxembourg@greenpeace.org<\/a><\/p>\n\n<p class=\"has-text-align-left\">Ou encore par courrier \u00e0 :<\/p>\n\n<p class=\"has-text-align-center\"><em>Greenpeace Luxembourg<br>34 Avenue de la Gare,<br>4130 Esch-sur-Alzette<br>\/<br>B.P. 229<br>L-4003 Esch\/Alzette<\/em><\/p>\n\n<p><\/p>\n\n<p><\/p>\n\n<hr class=\"wp-block-separator has-alpha-channel-opacity\"\/>\n","protected":false},"excerpt":{"rendered":"<p>Vous avez des questions ? Vous pouvez nous joindre par t\u00e9l\u00e9phone au (+352) 54 62 52 1 , via notre formulaire de contact ou en envoyant directement un email \u00e0 contact.luxembourg@greenpeace.org Ou encore par courrier \u00e0 : Greenpeace Luxembourg34 Avenue de la Gare,4130 Esch-sur-Alzette\/B.P. 229L-4003 Esch\/Alzette<\/p>\n","protected":false},"author":20,"featured_media":3250,"parent":0,"menu_order":0,"comment_status":"closed","ping_status":"closed","template":"","meta":{"ep_exclude_from_search":false,"p4_hide_page_title_checkbox":"on","p4_title":"","p4_subtitle":"","p4_description":"","background_image_id":"","background_image":"","p4_button_title":"","p4_button_link":"","p4_button_link_checkbox":"","p4_og_title":"Lien mail expir\u00e9","p4_og_description":"Oh non\u2026 Tout comme l\u2019habitat de ces orang-outans, votre lien a disparu. Ne vous inqui\u00e9tez pas, il y a toujours d\u2019autres moyens d'agir avec Greenpeace.","p4_og_image":"","p4_og_image_id":"","p4_seo_canonical_url":"","p4_campaign_name":"not set","p4_local_project":"not set","p4_basket_name":"not set","p4_department":"","footnotes":""},"categories":[17],"tags":[],"class_list":["post-22357","page","type-page","status-publish","has-post-thumbnail","hentry","category-greenpeace"],"yoast_head":"<!-- This site is optimized with the Yoast SEO Premium plugin v23.9 (Yoast SEO v23.9) - https:\/\/yoast.com\/wordpress\/plugins\/seo\/ -->\n<title>Lien email expir\u00e9 - Greenpeace Luxembourg<\/title>\n<meta name=\"robots\" content=\"index, follow, max-snippet:-1, max-image-preview:large, max-video-preview:-1\" \/>\n<link rel=\"canonical\" href=\"https:\/\/www.greenpeace.org\/luxembourg\/fr\/lien-email-expire\/\" \/>\n<meta property=\"og:locale\" content=\"fr_FR\" \/>\n<meta property=\"og:type\" content=\"article\" \/>\n<meta property=\"og:title\" content=\"Lien email expir\u00e9\" \/>\n<meta property=\"og:description\" content=\"Vous avez des questions ? Vous pouvez nous joindre par t\u00e9l\u00e9phone au (+352) 54 62 52 1 , via notre formulaire de contact ou en envoyant directement un email \u00e0 contact.luxembourg@greenpeace.org Ou encore par courrier \u00e0 : Greenpeace Luxembourg34 Avenue de la Gare,4130 Esch-sur-Alzette\/B.P. 229L-4003 Esch\/Alzette\" \/>\n<meta property=\"og:url\" content=\"https:\/\/www.greenpeace.org\/luxembourg\/fr\/lien-email-expire\/\" \/>\n<meta property=\"og:site_name\" content=\"Greenpeace Luxembourg\" \/>\n<meta property=\"article:publisher\" content=\"https:\/\/www.facebook.com\/greenpeaceluxembourg\" \/>\n<meta property=\"article:modified_time\" content=\"2024-09-17T10:28:01+00:00\" \/>\n<meta property=\"og:image\" content=\"https:\/\/www.greenpeace.org\/static\/planet4-luxembourg-stateless\/2018\/12\/d389326f-gp0stqfo0.jpg\" \/>\n\t<meta property=\"og:image:width\" content=\"1200\" \/>\n\t<meta property=\"og:image:height\" content=\"800\" \/>\n\t<meta property=\"og:image:type\" content=\"image\/jpeg\" \/>\n<meta name=\"twitter:card\" content=\"summary_large_image\" \/>\n<script type=\"application\/ld+json\" class=\"yoast-schema-graph\">{\"@context\":\"https:\/\/schema.org\",\"@graph\":[{\"@type\":\"WebPage\",\"@id\":\"https:\/\/www.greenpeace.org\/luxembourg\/fr\/lien-email-expire\/\",\"url\":\"https:\/\/www.greenpeace.org\/luxembourg\/fr\/lien-email-expire\/\",\"name\":\"Lien email expir\u00e9 - Greenpeace Luxembourg\",\"isPartOf\":{\"@id\":\"https:\/\/www.greenpeace.org\/luxembourg\/fr\/#website\"},\"primaryImageOfPage\":{\"@id\":\"https:\/\/www.greenpeace.org\/luxembourg\/fr\/lien-email-expire\/#primaryimage\"},\"image\":{\"@id\":\"https:\/\/www.greenpeace.org\/luxembourg\/fr\/lien-email-expire\/#primaryimage\"},\"thumbnailUrl\":\"https:\/\/www.greenpeace.org\/static\/planet4-luxembourg-stateless\/2018\/12\/d389326f-gp0stqfo0.jpg\",\"datePublished\":\"2024-09-12T10:43:38+00:00\",\"dateModified\":\"2024-09-17T10:28:01+00:00\",\"breadcrumb\":{\"@id\":\"https:\/\/www.greenpeace.org\/luxembourg\/fr\/lien-email-expire\/#breadcrumb\"},\"inLanguage\":\"fr-LU\",\"potentialAction\":[{\"@type\":\"ReadAction\",\"target\":[\"https:\/\/www.greenpeace.org\/luxembourg\/fr\/lien-email-expire\/\"]}]},{\"@type\":\"ImageObject\",\"inLanguage\":\"fr-LU\",\"@id\":\"https:\/\/www.greenpeace.org\/luxembourg\/fr\/lien-email-expire\/#primaryimage\",\"url\":\"https:\/\/www.greenpeace.org\/static\/planet4-luxembourg-stateless\/2018\/12\/d389326f-gp0stqfo0.jpg\",\"contentUrl\":\"https:\/\/www.greenpeace.org\/static\/planet4-luxembourg-stateless\/2018\/12\/d389326f-gp0stqfo0.jpg\",\"width\":1200,\"height\":800,\"caption\":\"Two baby orangutans Madara (left), two year-old and Syahrini (right), three year-old, playing on the ground at Borneo Orangutan Survival (BOS) Foundation in Nyaru Menteng, Central Kalimantanon. Madara was saved by a civil servant from a trader on November 2, 2014, in Madara village, South Barito. Syahrini was born on October, 31, 2013, in Nyaru Menteng rehabilitation center from a mother orangutan Suja that was repatriated from Thailand.\"},{\"@type\":\"BreadcrumbList\",\"@id\":\"https:\/\/www.greenpeace.org\/luxembourg\/fr\/lien-email-expire\/#breadcrumb\",\"itemListElement\":[{\"@type\":\"ListItem\",\"position\":1,\"name\":\"Home\",\"item\":\"https:\/\/www.greenpeace.org\/luxembourg\/fr\/\"},{\"@type\":\"ListItem\",\"position\":2,\"name\":\"Lien email expir\u00e9\"}]},{\"@type\":\"WebSite\",\"@id\":\"https:\/\/www.greenpeace.org\/luxembourg\/fr\/#website\",\"url\":\"https:\/\/www.greenpeace.org\/luxembourg\/fr\/\",\"name\":\"Greenpeace Luxembourg\",\"description\":\"Greenpeace existe parce que cette Terre fragile a besoin d&#039;une voix. Elle a besoin de solutions. De changement. D&#039;actions.\",\"publisher\":{\"@id\":\"https:\/\/www.greenpeace.org\/luxembourg\/fr\/#organization\"},\"potentialAction\":[{\"@type\":\"SearchAction\",\"target\":{\"@type\":\"EntryPoint\",\"urlTemplate\":\"https:\/\/www.greenpeace.org\/luxembourg\/fr\/?s={search_term_string}\"},\"query-input\":{\"@type\":\"PropertyValueSpecification\",\"valueRequired\":true,\"valueName\":\"search_term_string\"}}],\"inLanguage\":\"fr-LU\"},{\"@type\":\"Organization\",\"@id\":\"https:\/\/www.greenpeace.org\/luxembourg\/fr\/#organization\",\"name\":\"Greenpeace Luxembourg\",\"url\":\"https:\/\/www.greenpeace.org\/luxembourg\/fr\/\",\"logo\":{\"@type\":\"ImageObject\",\"inLanguage\":\"fr-LU\",\"@id\":\"https:\/\/www.greenpeace.org\/luxembourg\/fr\/#\/schema\/logo\/image\/\",\"url\":\"https:\/\/www.greenpeace.org\/static\/planet4-luxembourg-stateless\/2026\/03\/3e367f94-greenpeace_logo_green_rgb.png\",\"contentUrl\":\"https:\/\/www.greenpeace.org\/static\/planet4-luxembourg-stateless\/2026\/03\/3e367f94-greenpeace_logo_green_rgb.png\",\"width\":1080,\"height\":175,\"caption\":\"Greenpeace Luxembourg\"},\"image\":{\"@id\":\"https:\/\/www.greenpeace.org\/luxembourg\/fr\/#\/schema\/logo\/image\/\"},\"sameAs\":[\"https:\/\/www.facebook.com\/greenpeaceluxembourg\",\"https:\/\/www.instagram.com\/greenpeacelux\/\",\"https:\/\/www.linkedin.com\/company\/greenpeace-luxembourg\/\",\"https:\/\/www.threads.com\/@greenpeacelux\",\"https:\/\/bsky.app\/profile\/greenpeacelux.bsky.social\",\"https:\/\/www.youtube.com\/@GreenpeaceLux\",\"https:\/\/www.tiktok.com\/@greenpeace_lux\"]}]}<\/script>\n<!-- \/ Yoast SEO Premium plugin. -->","yoast_head_json":{"title":"Lien email expir\u00e9 - Greenpeace Luxembourg","robots":{"index":"index","follow":"follow","max-snippet":"max-snippet:-1","max-image-preview":"max-image-preview:large","max-video-preview":"max-video-preview:-1"},"canonical":"https:\/\/www.greenpeace.org\/luxembourg\/fr\/lien-email-expire\/","og_locale":"fr_FR","og_type":"article","og_title":"Lien email expir\u00e9","og_description":"Vous avez des questions ? Vous pouvez nous joindre par t\u00e9l\u00e9phone au (+352) 54 62 52 1 , via notre formulaire de contact ou en envoyant directement un email \u00e0 contact.luxembourg@greenpeace.org Ou encore par courrier \u00e0 : Greenpeace Luxembourg34 Avenue de la Gare,4130 Esch-sur-Alzette\/B.P. 229L-4003 Esch\/Alzette","og_url":"https:\/\/www.greenpeace.org\/luxembourg\/fr\/lien-email-expire\/","og_site_name":"Greenpeace Luxembourg","article_publisher":"https:\/\/www.facebook.com\/greenpeaceluxembourg","article_modified_time":"2024-09-17T10:28:01+00:00","og_image":[{"width":1200,"height":800,"url":"https:\/\/www.greenpeace.org\/static\/planet4-luxembourg-stateless\/2018\/12\/d389326f-gp0stqfo0.jpg","type":"image\/jpeg"}],"twitter_card":"summary_large_image","schema":{"@context":"https:\/\/schema.org","@graph":[{"@type":"WebPage","@id":"https:\/\/www.greenpeace.org\/luxembourg\/fr\/lien-email-expire\/","url":"https:\/\/www.greenpeace.org\/luxembourg\/fr\/lien-email-expire\/","name":"Lien email expir\u00e9 - Greenpeace Luxembourg","isPartOf":{"@id":"https:\/\/www.greenpeace.org\/luxembourg\/fr\/#website"},"primaryImageOfPage":{"@id":"https:\/\/www.greenpeace.org\/luxembourg\/fr\/lien-email-expire\/#primaryimage"},"image":{"@id":"https:\/\/www.greenpeace.org\/luxembourg\/fr\/lien-email-expire\/#primaryimage"},"thumbnailUrl":"https:\/\/www.greenpeace.org\/static\/planet4-luxembourg-stateless\/2018\/12\/d389326f-gp0stqfo0.jpg","datePublished":"2024-09-12T10:43:38+00:00","dateModified":"2024-09-17T10:28:01+00:00","breadcrumb":{"@id":"https:\/\/www.greenpeace.org\/luxembourg\/fr\/lien-email-expire\/#breadcrumb"},"inLanguage":"fr-LU","potentialAction":[{"@type":"ReadAction","target":["https:\/\/www.greenpeace.org\/luxembourg\/fr\/lien-email-expire\/"]}]},{"@type":"ImageObject","inLanguage":"fr-LU","@id":"https:\/\/www.greenpeace.org\/luxembourg\/fr\/lien-email-expire\/#primaryimage","url":"https:\/\/www.greenpeace.org\/static\/planet4-luxembourg-stateless\/2018\/12\/d389326f-gp0stqfo0.jpg","contentUrl":"https:\/\/www.greenpeace.org\/static\/planet4-luxembourg-stateless\/2018\/12\/d389326f-gp0stqfo0.jpg","width":1200,"height":800,"caption":"Two baby orangutans Madara (left), two year-old and Syahrini (right), three year-old, playing on the ground at Borneo Orangutan Survival (BOS) Foundation in Nyaru Menteng, Central Kalimantanon. Madara was saved by a civil servant from a trader on November 2, 2014, in Madara village, South Barito. Syahrini was born on October, 31, 2013, in Nyaru Menteng rehabilitation center from a mother orangutan Suja that was repatriated from Thailand."},{"@type":"BreadcrumbList","@id":"https:\/\/www.greenpeace.org\/luxembourg\/fr\/lien-email-expire\/#breadcrumb","itemListElement":[{"@type":"ListItem","position":1,"name":"Home","item":"https:\/\/www.greenpeace.org\/luxembourg\/fr\/"},{"@type":"ListItem","position":2,"name":"Lien email expir\u00e9"}]},{"@type":"WebSite","@id":"https:\/\/www.greenpeace.org\/luxembourg\/fr\/#website","url":"https:\/\/www.greenpeace.org\/luxembourg\/fr\/","name":"Greenpeace Luxembourg","description":"Greenpeace existe parce que cette Terre fragile a besoin d&#039;une voix. Elle a besoin de solutions. De changement. D&#039;actions.","publisher":{"@id":"https:\/\/www.greenpeace.org\/luxembourg\/fr\/#organization"},"potentialAction":[{"@type":"SearchAction","target":{"@type":"EntryPoint","urlTemplate":"https:\/\/www.greenpeace.org\/luxembourg\/fr\/?s={search_term_string}"},"query-input":{"@type":"PropertyValueSpecification","valueRequired":true,"valueName":"search_term_string"}}],"inLanguage":"fr-LU"},{"@type":"Organization","@id":"https:\/\/www.greenpeace.org\/luxembourg\/fr\/#organization","name":"Greenpeace Luxembourg","url":"https:\/\/www.greenpeace.org\/luxembourg\/fr\/","logo":{"@type":"ImageObject","inLanguage":"fr-LU","@id":"https:\/\/www.greenpeace.org\/luxembourg\/fr\/#\/schema\/logo\/image\/","url":"https:\/\/www.greenpeace.org\/static\/planet4-luxembourg-stateless\/2026\/03\/3e367f94-greenpeace_logo_green_rgb.png","contentUrl":"https:\/\/www.greenpeace.org\/static\/planet4-luxembourg-stateless\/2026\/03\/3e367f94-greenpeace_logo_green_rgb.png","width":1080,"height":175,"caption":"Greenpeace Luxembourg"},"image":{"@id":"https:\/\/www.greenpeace.org\/luxembourg\/fr\/#\/schema\/logo\/image\/"},"sameAs":["https:\/\/www.facebook.com\/greenpeaceluxembourg","https:\/\/www.instagram.com\/greenpeacelux\/","https:\/\/www.linkedin.com\/company\/greenpeace-luxembourg\/","https:\/\/www.threads.com\/@greenpeacelux","https:\/\/bsky.app\/profile\/greenpeacelux.bsky.social","https:\/\/www.youtube.com\/@GreenpeaceLux","https:\/\/www.tiktok.com\/@greenpeace_lux"]}]}},"_links":{"self":[{"href":"https:\/\/www.greenpeace.org\/luxembourg\/fr\/wp-json\/wp\/v2\/pages\/22357","targetHints":{"allow":["GET"]}}],"collection":[{"href":"https:\/\/www.greenpeace.org\/luxembourg\/fr\/wp-json\/wp\/v2\/pages"}],"about":[{"href":"https:\/\/www.greenpeace.org\/luxembourg\/fr\/wp-json\/wp\/v2\/types\/page"}],"author":[{"embeddable":true,"href":"https:\/\/www.greenpeace.org\/luxembourg\/fr\/wp-json\/wp\/v2\/users\/20"}],"replies":[{"embeddable":true,"href":"https:\/\/www.greenpeace.org\/luxembourg\/fr\/wp-json\/wp\/v2\/comments?post=22357"}],"version-history":[{"count":20,"href":"https:\/\/www.greenpeace.org\/luxembourg\/fr\/wp-json\/wp\/v2\/pages\/22357\/revisions"}],"predecessor-version":[{"id":22438,"href":"https:\/\/www.greenpeace.org\/luxembourg\/fr\/wp-json\/wp\/v2\/pages\/22357\/revisions\/22438"}],"wp:featuredmedia":[{"embeddable":true,"href":"https:\/\/www.greenpeace.org\/luxembourg\/fr\/wp-json\/wp\/v2\/media\/3250"}],"wp:attachment":[{"href":"https:\/\/www.greenpeace.org\/luxembourg\/fr\/wp-json\/wp\/v2\/media?parent=22357"}],"wp:term":[{"taxonomy":"category","embeddable":true,"href":"https:\/\/www.greenpeace.org\/luxembourg\/fr\/wp-json\/wp\/v2\/categories?post=22357"},{"taxonomy":"post_tag","embeddable":true,"href":"https:\/\/www.greenpeace.org\/luxembourg\/fr\/wp-json\/wp\/v2\/tags?post=22357"}],"curies":[{"name":"wp","href":"https:\/\/api.w.org\/{rel}","templated":true}]}}