{"id":4112,"date":"2019-02-22T12:10:00","date_gmt":"2019-02-22T10:10:00","guid":{"rendered":"https:\/\/master.k8s.p4.greenpeace.org\/luxembourg\/?page_id=4112"},"modified":"2026-04-08T11:01:13","modified_gmt":"2026-04-08T09:01:13","slug":"energiesfossiles","status":"publish","type":"page","link":"https:\/\/www.greenpeace.org\/luxembourg\/fr\/energiesfossiles\/","title":{"rendered":"#EnergiesFossiles"},"content":{"rendered":"\n                    <div class=\"wp-block-group is-vertical is-layout-flex wp-container-core-group-is-layout-8cf370e7 wp-block-group-is-layout-flex\">\n                    \n                                <p>Nous luttons pour faire valoir les \u00e9nergies renouvelables comme alternatives cr\u00e9dibles \u00e0 ces combustibles d\u2019un autre temps. En plus de d\u00e9truire notre plan\u00e8te, <strong>le gaz, le p\u00e9trole et le charbon deviendront, d\u2019ici quelques ann\u00e9es, un gouffre financier<\/strong>. Ensemble, encourageons les gouvernements et grands groupes industriels \u00e0 s\u2019en d\u00e9faire !<\/p>\n                            \n\n                    \n                    <\/div>\n                    \n        <div class=\"wp-block-query actions-list p4-query-loop is-custom-layout-actions-list is-custom-layout-grid is-layout-grid wp-container-core-query-is-layout-29f43435 wp-block-query-is-layout-grid\"><h2 class=\"wp-block-heading\"><\/h2>\n        <p style=\"margin-top: 24px; margin-bottom: 32px;\"><\/p>\n        \n        <ul class=\"wp-block-post-template is-layout-flow wp-block-post-template-is-layout-flow\"><li class=\"wp-block-post post-25154 p4_action type-p4_action status-publish has-post-thumbnail hentry category-greenpeace tag-energiesfossiles tag-justice action-type-petition\">\n                <figure class=\"wp-block-post-featured-image\"><img loading=\"lazy\" decoding=\"async\" width=\"1200\" height=\"676\" src=\"https:\/\/www.greenpeace.org\/static\/planet4-luxembourg-stateless\/2026\/03\/d314eb42-gp0su8dc0.jpg\" class=\"attachment-post-thumbnail size-post-thumbnail wp-post-image wp-stateless-item\" alt=\"Solidarity against SLAPP Energy Transfer Lawsuit in Esch\/Alzette. \u00a9 Sofia Ferreira Neto \/ Greenpeace\" style=\"object-fit:cover;\" srcset=\"https:\/\/www.greenpeace.org\/static\/planet4-luxembourg-stateless\/2026\/03\/d314eb42-gp0su8dc0.jpg 1200w, https:\/\/www.greenpeace.org\/static\/planet4-luxembourg-stateless\/2026\/03\/d314eb42-gp0su8dc0-300x169.jpg 300w, https:\/\/www.greenpeace.org\/static\/planet4-luxembourg-stateless\/2026\/03\/d314eb42-gp0su8dc0-1024x577.jpg 1024w, https:\/\/www.greenpeace.org\/static\/planet4-luxembourg-stateless\/2026\/03\/d314eb42-gp0su8dc0-768x433.jpg 768w, https:\/\/www.greenpeace.org\/static\/planet4-luxembourg-stateless\/2026\/03\/d314eb42-gp0su8dc0-510x287.jpg 510w\" sizes=\"auto, (max-width: 1200px) 100vw, 1200px\" data-image-size=\"post-thumbnail\" data-stateless-media-bucket=\"planet4-luxembourg-stateless\" data-stateless-media-name=\"2026\/03\/d314eb42-gp0su8dc0.jpg\" \/><\/figure>\n                \n                <div class=\"wp-block-group group-stretched-link is-layout-flow wp-block-group-is-layout-flow\"><div class=\"wp-block-post-terms\">Greenpeace<\/div>\n                <h3 class=\"wp-block-post-title\"><a href=\"https:\/\/www.greenpeace.org\/luxembourg\/fr\/petition\/petition-slapp\/\" target=\"_self\" >P\u00e9tition | SLAPP<\/a><\/h3>\n                <div class=\"wp-block-post-excerpt\"><p class=\"wp-block-post-excerpt__excerpt\">Les grandes entreprises p\u00e9troli\u00e8res utilisent des proc\u00e9dures judiciaires abusives pour faire taire les voix qui s&#8217;\u00e9l\u00e8vent pour le climat et les peuples autochtones. Ensemble, montrons-leur que nous ne nous tairons pas ! <\/p><\/div><\/div>\n                \n                \n        <div class=\"wp-block-group read-more-nav is-layout-flow wp-block-group-is-layout-flow\"><a href=\"https:\/\/www.greenpeace.org\/luxembourg\/fr\/petition\/petition-slapp\/\" class=\"btn btn-primary btn-small\" aria-label=\"Take action\">Je signe \u2712\ufe0f<\/a>\n        \n        \n        <\/div>\n        \n                <\/li><li class=\"wp-block-post post-24330 p4_action type-p4_action status-publish has-post-thumbnail hentry category-greenpeace tag-justice tag-energiesfossiles action-type-petition\">\n                <figure class=\"wp-block-post-featured-image\"><img loading=\"lazy\" decoding=\"async\" width=\"1200\" height=\"630\" src=\"https:\/\/www.greenpeace.org\/static\/planet4-luxembourg-stateless\/2025\/05\/634ef3e8-billionaire-takeover-copy.png\" class=\"attachment-post-thumbnail size-post-thumbnail wp-post-image wp-stateless-item\" alt=\"\" style=\"object-fit:cover;\" srcset=\"https:\/\/www.greenpeace.org\/static\/planet4-luxembourg-stateless\/2025\/05\/634ef3e8-billionaire-takeover-copy.png 1200w, https:\/\/www.greenpeace.org\/static\/planet4-luxembourg-stateless\/2025\/05\/634ef3e8-billionaire-takeover-copy-300x158.png 300w, https:\/\/www.greenpeace.org\/static\/planet4-luxembourg-stateless\/2025\/05\/634ef3e8-billionaire-takeover-copy-1024x538.png 1024w, https:\/\/www.greenpeace.org\/static\/planet4-luxembourg-stateless\/2025\/05\/634ef3e8-billionaire-takeover-copy-768x403.png 768w, https:\/\/www.greenpeace.org\/static\/planet4-luxembourg-stateless\/2025\/05\/634ef3e8-billionaire-takeover-copy-510x268.png 510w\" sizes=\"auto, (max-width: 1200px) 100vw, 1200px\" data-image-size=\"post-thumbnail\" data-stateless-media-bucket=\"planet4-luxembourg-stateless\" data-stateless-media-name=\"2025\/05\/634ef3e8-billionaire-takeover-copy.png\" \/><\/figure>\n                \n                <div class=\"wp-block-group group-stretched-link is-layout-flow wp-block-group-is-layout-flow\"><div class=\"wp-block-post-terms\">Greenpeace<\/div>\n                <h3 class=\"wp-block-post-title\"><a href=\"https:\/\/www.greenpeace.org\/luxembourg\/fr\/petition\/time-to-resist\/\" target=\"_self\" >P\u00e9tition | Time to Resist<\/a><\/h3>\n                <div class=\"wp-block-post-excerpt\"><p class=\"wp-block-post-excerpt__excerpt\">Gr\u00e2ce \u00e0 leur immense fortune, les plus riches de la plan\u00e8te font pression pour affaiblir les lois destin\u00e9es \u00e0 prot\u00e9ger la plan\u00e8te et les droits humains, financent des candidats qui servent leurs int\u00e9r\u00eats et prennent le contr\u00f4le des m\u00e9dias pour modeler la r\u00e9alit\u00e9 \u00e0 leur avantage. <\/p><\/div><\/div>\n                \n                \n        <div class=\"wp-block-group read-more-nav is-layout-flow wp-block-group-is-layout-flow\"><a href=\"https:\/\/www.greenpeace.org\/luxembourg\/fr\/petition\/time-to-resist\/\" class=\"btn btn-primary btn-small\" aria-label=\"Take action\">Je signe \u2712\ufe0f<\/a>\n        \n        \n        <\/div>\n        \n                <\/li><li class=\"wp-block-post post-20486 p4_action type-p4_action status-publish has-post-thumbnail hentry category-climat category-greenpeace category-enjeux tag-energiesfossiles tag-changementclimatique action-type-petition\">\n                <figure class=\"wp-block-post-featured-image\"><img loading=\"lazy\" decoding=\"async\" width=\"1200\" height=\"800\" src=\"https:\/\/www.greenpeace.org\/static\/planet4-luxembourg-stateless\/2023\/11\/a0d7f1ac-gp1sx7x8_medium_res.webp\" class=\"attachment-post-thumbnail size-post-thumbnail wp-post-image wp-stateless-item\" alt=\"\" style=\"object-fit:cover;\" srcset=\"https:\/\/www.greenpeace.org\/static\/planet4-luxembourg-stateless\/2023\/11\/a0d7f1ac-gp1sx7x8_medium_res.webp 1200w, https:\/\/www.greenpeace.org\/static\/planet4-luxembourg-stateless\/2023\/11\/a0d7f1ac-gp1sx7x8_medium_res-300x200.webp 300w, https:\/\/www.greenpeace.org\/static\/planet4-luxembourg-stateless\/2023\/11\/a0d7f1ac-gp1sx7x8_medium_res-1024x683.webp 1024w, https:\/\/www.greenpeace.org\/static\/planet4-luxembourg-stateless\/2023\/11\/a0d7f1ac-gp1sx7x8_medium_res-768x512.webp 768w, https:\/\/www.greenpeace.org\/static\/planet4-luxembourg-stateless\/2023\/11\/a0d7f1ac-gp1sx7x8_medium_res-510x340.webp 510w\" sizes=\"auto, (max-width: 1200px) 100vw, 1200px\" data-image-size=\"post-thumbnail\" data-stateless-media-bucket=\"planet4-luxembourg-stateless\" data-stateless-media-name=\"2023\/11\/a0d7f1ac-gp1sx7x8_medium_res.webp\" \/><\/figure>\n                \n                <div class=\"wp-block-group group-stretched-link is-layout-flow wp-block-group-is-layout-flow\"><div class=\"wp-block-post-terms\">Climat<\/div>\n                <h3 class=\"wp-block-post-title\"><a href=\"https:\/\/www.greenpeace.org\/luxembourg\/fr\/petition\/stopdrillingstartpaying\/\" target=\"_self\" >Stop drilling start paying<\/a><\/h3>\n                <div class=\"wp-block-post-excerpt\"><p class=\"wp-block-post-excerpt__excerpt\">La n\u00e9cessaire sortie des \u00e9nergies fossiles et la dette climatique des pays du Nord envers les pays du Sud seront au c\u0153ur des discussions lors de la COP28 en novembre prochain. Alors que le Sommet pour un nouveau pacte financier mondial a ouvert la voie \u00e0 une taxation des secteurs les plus polluants, aucun engagement&hellip; <\/p><\/div><\/div>\n                \n                \n        <div class=\"wp-block-group read-more-nav is-layout-flow wp-block-group-is-layout-flow\"><a href=\"https:\/\/www.greenpeace.org\/luxembourg\/fr\/petition\/stopdrillingstartpaying\/\" class=\"btn btn-primary btn-small\" aria-label=\"Take action\">Je signe \u2712\ufe0f<\/a>\n        \n        \n        <\/div>\n        \n                <\/li><li class=\"wp-block-post post-19325 p4_action type-p4_action status-publish has-post-thumbnail hentry tag-energiesfossiles tag-secteurfinancier action-type-petition\">\n                <figure class=\"wp-block-post-featured-image\"><img loading=\"lazy\" decoding=\"async\" width=\"800\" height=\"533\" src=\"https:\/\/www.greenpeace.org\/static\/planet4-luxembourg-stateless\/2023\/08\/c5535e1a-greenwashing-fdc.jpg\" class=\"attachment-post-thumbnail size-post-thumbnail wp-post-image wp-stateless-item\" alt=\"Greenwashing Finance durable Luxebmourg\" style=\"object-fit:cover;\" srcset=\"https:\/\/www.greenpeace.org\/static\/planet4-luxembourg-stateless\/2023\/08\/c5535e1a-greenwashing-fdc.jpg 800w, https:\/\/www.greenpeace.org\/static\/planet4-luxembourg-stateless\/2023\/08\/c5535e1a-greenwashing-fdc-300x200.jpg 300w, https:\/\/www.greenpeace.org\/static\/planet4-luxembourg-stateless\/2023\/08\/c5535e1a-greenwashing-fdc-768x512.jpg 768w, https:\/\/www.greenpeace.org\/static\/planet4-luxembourg-stateless\/2023\/08\/c5535e1a-greenwashing-fdc-510x340.jpg 510w\" sizes=\"auto, (max-width: 800px) 100vw, 800px\" data-image-size=\"post-thumbnail\" data-stateless-media-bucket=\"planet4-luxembourg-stateless\" data-stateless-media-name=\"2023\/08\/c5535e1a-greenwashing-fdc.jpg\" \/><\/figure>\n                \n                <div class=\"wp-block-group group-stretched-link is-layout-flow wp-block-group-is-layout-flow\">\n                <h3 class=\"wp-block-post-title\"><a href=\"https:\/\/www.greenpeace.org\/luxembourg\/fr\/petition\/greenwashing-fdc\/\" target=\"_self\" >P\u00e9tition | Nous voulons un fonds de pension durable !<\/a><\/h3>\n                <div class=\"wp-block-post-excerpt\"><p class=\"wp-block-post-excerpt__excerpt\">Le fonds de pension souverain du Luxembourg contribue avec nos cotisations \u00e0 la crise climatique, tout en agitant une politique d\u2019investissement pr\u00e9tendument durable, qui reste du greenwashing. Depuis des ann\u00e9es, Greenpeace Luxembourg exige en vain un changement de cap. Face \u00e0 son inaction, nous demandons \u00e0 ce que le prochain gouvernement prenne ses responsabilit\u00e9s et&hellip; <\/p><\/div><\/div>\n                \n                \n        <div class=\"wp-block-group read-more-nav is-layout-flow wp-block-group-is-layout-flow\"><a href=\"https:\/\/www.greenpeace.org\/luxembourg\/fr\/petition\/greenwashing-fdc\/\" class=\"btn btn-primary btn-small\" aria-label=\"Take action\">Je signe \u2712\ufe0f<\/a>\n        \n        \n        <\/div>\n        \n                <\/li><\/ul>\n        \n<div class=\"wp-block-buttons carousel-controls is-horizontal is-content-justification-space-between is-nowrap is-layout-flex wp-container-core-buttons-is-layout-044bd602 wp-block-buttons-is-layout-flex\">\n            <div class=\"wp-block-button carousel-control-prev\"><button type=\"button\" class=\"wp-block-button__link wp-element-button\">Prev<\/button><\/div>\n        \n\n            <div class=\"wp-block-button carousel-control-next\"><button type=\"button\" class=\"wp-block-button__link wp-element-button\">Next<\/button><\/div>\n        <\/div>\n\n        \n<div class=\"wp-block-buttons load-more-actions-container is-content-justification-center is-layout-flex wp-container-core-buttons-is-layout-16018d1d wp-block-buttons-is-layout-flex\">\n                <div class=\"wp-block-button is-style-secondary\"><button type=\"button\" class=\"wp-block-button__link wp-element-button\">Load more<\/button><\/div>\n            \n<\/div>\n<\/div>\n        ","protected":false},"excerpt":{"rendered":"<p>Nous luttons pour faire valoir les \u00e9nergies renouvelables comme alternatives cr\u00e9dibles \u00e0 ces combustibles d\u2019un autre temps. En plus de d\u00e9truire notre plan\u00e8te, le gaz, le p\u00e9trole et le charbon deviendront, d\u2019ici quelques ann\u00e9es, un gouffre financier. Ensemble, encourageons les gouvernements et grands groupes industriels \u00e0 s\u2019en d\u00e9faire !<\/p>\n","protected":false},"author":16,"featured_media":10256,"parent":0,"menu_order":0,"comment_status":"closed","ping_status":"closed","template":"","meta":{"ep_exclude_from_search":false,"p4_hide_page_title_checkbox":"","p4_title":"","p4_subtitle":"","p4_description":"","background_image_id":"","background_image":"","p4_button_title":"","p4_button_link":"","p4_button_link_checkbox":"","p4_og_title":"","p4_og_description":"","p4_og_image":"","p4_og_image_id":"","p4_seo_canonical_url":"","p4_campaign_name":"not set","p4_local_project":"not set","p4_basket_name":"not set","p4_department":"","footnotes":""},"categories":[],"tags":[],"class_list":["post-4112","page","type-page","status-publish","has-post-thumbnail","hentry"],"yoast_head":"<!-- This site is optimized with the Yoast SEO Premium plugin v23.9 (Yoast SEO v23.9) - https:\/\/yoast.com\/wordpress\/plugins\/seo\/ -->\n<title>#EnergiesFossiles - Greenpeace Luxembourg<\/title>\n<meta name=\"robots\" content=\"index, follow, max-snippet:-1, max-image-preview:large, max-video-preview:-1\" \/>\n<link rel=\"canonical\" href=\"http:\/\/www.greenpeace.org\/luxembourg\/fr\/energiesfossiles\/\" \/>\n<meta property=\"og:locale\" content=\"fr_FR\" \/>\n<meta property=\"og:type\" content=\"article\" \/>\n<meta property=\"og:title\" content=\"#EnergiesFossiles\" \/>\n<meta property=\"og:description\" content=\"Nous luttons pour faire valoir les \u00e9nergies renouvelables comme alternatives cr\u00e9dibles \u00e0 ces combustibles d\u2019un autre temps. En plus de d\u00e9truire notre plan\u00e8te, le gaz, le p\u00e9trole et le charbon deviendront, d\u2019ici quelques ann\u00e9es, un gouffre financier. Ensemble, encourageons les gouvernements et grands groupes industriels \u00e0 s\u2019en d\u00e9faire !\" \/>\n<meta property=\"og:url\" content=\"http:\/\/www.greenpeace.org\/luxembourg\/fr\/energiesfossiles\/\" \/>\n<meta property=\"og:site_name\" content=\"Greenpeace Luxembourg\" \/>\n<meta property=\"article:publisher\" content=\"https:\/\/www.facebook.com\/greenpeaceluxembourg\" \/>\n<meta property=\"article:modified_time\" content=\"2026-04-08T09:01:13+00:00\" \/>\n<meta property=\"og:image\" content=\"https:\/\/www.greenpeace.org\/static\/planet4-luxembourg-stateless\/f1ac05cc-gp0storve.jpg\" \/>\n\t<meta property=\"og:image:width\" content=\"1200\" \/>\n\t<meta property=\"og:image:height\" content=\"800\" \/>\n\t<meta property=\"og:image:type\" content=\"image\/jpeg\" \/>\n<meta name=\"twitter:card\" content=\"summary_large_image\" \/>\n<script type=\"application\/ld+json\" class=\"yoast-schema-graph\">{\"@context\":\"https:\/\/schema.org\",\"@graph\":[{\"@type\":\"WebPage\",\"@id\":\"http:\/\/www.greenpeace.org\/luxembourg\/fr\/energiesfossiles\/\",\"url\":\"http:\/\/www.greenpeace.org\/luxembourg\/fr\/energiesfossiles\/\",\"name\":\"#EnergiesFossiles - Greenpeace Luxembourg\",\"isPartOf\":{\"@id\":\"https:\/\/www.greenpeace.org\/luxembourg\/fr\/#website\"},\"primaryImageOfPage\":{\"@id\":\"http:\/\/www.greenpeace.org\/luxembourg\/fr\/energiesfossiles\/#primaryimage\"},\"image\":{\"@id\":\"http:\/\/www.greenpeace.org\/luxembourg\/fr\/energiesfossiles\/#primaryimage\"},\"thumbnailUrl\":\"https:\/\/www.greenpeace.org\/static\/planet4-luxembourg-stateless\/f1ac05cc-gp0storve.jpg\",\"datePublished\":\"2019-02-22T10:10:00+00:00\",\"dateModified\":\"2026-04-08T09:01:13+00:00\",\"breadcrumb\":{\"@id\":\"http:\/\/www.greenpeace.org\/luxembourg\/fr\/energiesfossiles\/#breadcrumb\"},\"inLanguage\":\"fr-LU\",\"potentialAction\":[{\"@type\":\"ReadAction\",\"target\":[\"http:\/\/www.greenpeace.org\/luxembourg\/fr\/energiesfossiles\/\"]}]},{\"@type\":\"ImageObject\",\"inLanguage\":\"fr-LU\",\"@id\":\"http:\/\/www.greenpeace.org\/luxembourg\/fr\/energiesfossiles\/#primaryimage\",\"url\":\"https:\/\/www.greenpeace.org\/static\/planet4-luxembourg-stateless\/f1ac05cc-gp0storve.jpg\",\"contentUrl\":\"https:\/\/www.greenpeace.org\/static\/planet4-luxembourg-stateless\/f1ac05cc-gp0storve.jpg\",\"width\":1200,\"height\":800,\"caption\":\"Thick yellow smoke produced by oxygen cutting at the Wen'an steel plant in Wu'an gives off a pungent stench. Air pollution has become one of the most severe environmental problems in mainland China.\"},{\"@type\":\"BreadcrumbList\",\"@id\":\"http:\/\/www.greenpeace.org\/luxembourg\/fr\/energiesfossiles\/#breadcrumb\",\"itemListElement\":[{\"@type\":\"ListItem\",\"position\":1,\"name\":\"Home\",\"item\":\"https:\/\/www.greenpeace.org\/luxembourg\/fr\/\"},{\"@type\":\"ListItem\",\"position\":2,\"name\":\"#EnergiesFossiles\"}]},{\"@type\":\"WebSite\",\"@id\":\"https:\/\/www.greenpeace.org\/luxembourg\/fr\/#website\",\"url\":\"https:\/\/www.greenpeace.org\/luxembourg\/fr\/\",\"name\":\"Greenpeace Luxembourg\",\"description\":\"Greenpeace existe parce que cette Terre fragile a besoin d&#039;une voix. Elle a besoin de solutions. De changement. D&#039;actions.\",\"publisher\":{\"@id\":\"https:\/\/www.greenpeace.org\/luxembourg\/fr\/#organization\"},\"potentialAction\":[{\"@type\":\"SearchAction\",\"target\":{\"@type\":\"EntryPoint\",\"urlTemplate\":\"https:\/\/www.greenpeace.org\/luxembourg\/fr\/?s={search_term_string}\"},\"query-input\":{\"@type\":\"PropertyValueSpecification\",\"valueRequired\":true,\"valueName\":\"search_term_string\"}}],\"inLanguage\":\"fr-LU\"},{\"@type\":\"Organization\",\"@id\":\"https:\/\/www.greenpeace.org\/luxembourg\/fr\/#organization\",\"name\":\"Greenpeace Luxembourg\",\"url\":\"https:\/\/www.greenpeace.org\/luxembourg\/fr\/\",\"logo\":{\"@type\":\"ImageObject\",\"inLanguage\":\"fr-LU\",\"@id\":\"https:\/\/www.greenpeace.org\/luxembourg\/fr\/#\/schema\/logo\/image\/\",\"url\":\"https:\/\/www.greenpeace.org\/static\/planet4-luxembourg-stateless\/2026\/03\/3e367f94-greenpeace_logo_green_rgb.png\",\"contentUrl\":\"https:\/\/www.greenpeace.org\/static\/planet4-luxembourg-stateless\/2026\/03\/3e367f94-greenpeace_logo_green_rgb.png\",\"width\":1080,\"height\":175,\"caption\":\"Greenpeace Luxembourg\"},\"image\":{\"@id\":\"https:\/\/www.greenpeace.org\/luxembourg\/fr\/#\/schema\/logo\/image\/\"},\"sameAs\":[\"https:\/\/www.facebook.com\/greenpeaceluxembourg\",\"https:\/\/www.instagram.com\/greenpeacelux\/\",\"https:\/\/www.linkedin.com\/company\/greenpeace-luxembourg\/\",\"https:\/\/www.threads.com\/@greenpeacelux\",\"https:\/\/bsky.app\/profile\/greenpeacelux.bsky.social\",\"https:\/\/www.youtube.com\/@GreenpeaceLux\",\"https:\/\/www.tiktok.com\/@greenpeace_lux\"]}]}<\/script>\n<!-- \/ Yoast SEO Premium plugin. -->","yoast_head_json":{"title":"#EnergiesFossiles - Greenpeace Luxembourg","robots":{"index":"index","follow":"follow","max-snippet":"max-snippet:-1","max-image-preview":"max-image-preview:large","max-video-preview":"max-video-preview:-1"},"canonical":"http:\/\/www.greenpeace.org\/luxembourg\/fr\/energiesfossiles\/","og_locale":"fr_FR","og_type":"article","og_title":"#EnergiesFossiles","og_description":"Nous luttons pour faire valoir les \u00e9nergies renouvelables comme alternatives cr\u00e9dibles \u00e0 ces combustibles d\u2019un autre temps. En plus de d\u00e9truire notre plan\u00e8te, le gaz, le p\u00e9trole et le charbon deviendront, d\u2019ici quelques ann\u00e9es, un gouffre financier. Ensemble, encourageons les gouvernements et grands groupes industriels \u00e0 s\u2019en d\u00e9faire !","og_url":"http:\/\/www.greenpeace.org\/luxembourg\/fr\/energiesfossiles\/","og_site_name":"Greenpeace Luxembourg","article_publisher":"https:\/\/www.facebook.com\/greenpeaceluxembourg","article_modified_time":"2026-04-08T09:01:13+00:00","og_image":[{"width":1200,"height":800,"url":"https:\/\/www.greenpeace.org\/static\/planet4-luxembourg-stateless\/f1ac05cc-gp0storve.jpg","type":"image\/jpeg"}],"twitter_card":"summary_large_image","schema":{"@context":"https:\/\/schema.org","@graph":[{"@type":"WebPage","@id":"http:\/\/www.greenpeace.org\/luxembourg\/fr\/energiesfossiles\/","url":"http:\/\/www.greenpeace.org\/luxembourg\/fr\/energiesfossiles\/","name":"#EnergiesFossiles - Greenpeace Luxembourg","isPartOf":{"@id":"https:\/\/www.greenpeace.org\/luxembourg\/fr\/#website"},"primaryImageOfPage":{"@id":"http:\/\/www.greenpeace.org\/luxembourg\/fr\/energiesfossiles\/#primaryimage"},"image":{"@id":"http:\/\/www.greenpeace.org\/luxembourg\/fr\/energiesfossiles\/#primaryimage"},"thumbnailUrl":"https:\/\/www.greenpeace.org\/static\/planet4-luxembourg-stateless\/f1ac05cc-gp0storve.jpg","datePublished":"2019-02-22T10:10:00+00:00","dateModified":"2026-04-08T09:01:13+00:00","breadcrumb":{"@id":"http:\/\/www.greenpeace.org\/luxembourg\/fr\/energiesfossiles\/#breadcrumb"},"inLanguage":"fr-LU","potentialAction":[{"@type":"ReadAction","target":["http:\/\/www.greenpeace.org\/luxembourg\/fr\/energiesfossiles\/"]}]},{"@type":"ImageObject","inLanguage":"fr-LU","@id":"http:\/\/www.greenpeace.org\/luxembourg\/fr\/energiesfossiles\/#primaryimage","url":"https:\/\/www.greenpeace.org\/static\/planet4-luxembourg-stateless\/f1ac05cc-gp0storve.jpg","contentUrl":"https:\/\/www.greenpeace.org\/static\/planet4-luxembourg-stateless\/f1ac05cc-gp0storve.jpg","width":1200,"height":800,"caption":"Thick yellow smoke produced by oxygen cutting at the Wen'an steel plant in Wu'an gives off a pungent stench. Air pollution has become one of the most severe environmental problems in mainland China."},{"@type":"BreadcrumbList","@id":"http:\/\/www.greenpeace.org\/luxembourg\/fr\/energiesfossiles\/#breadcrumb","itemListElement":[{"@type":"ListItem","position":1,"name":"Home","item":"https:\/\/www.greenpeace.org\/luxembourg\/fr\/"},{"@type":"ListItem","position":2,"name":"#EnergiesFossiles"}]},{"@type":"WebSite","@id":"https:\/\/www.greenpeace.org\/luxembourg\/fr\/#website","url":"https:\/\/www.greenpeace.org\/luxembourg\/fr\/","name":"Greenpeace Luxembourg","description":"Greenpeace existe parce que cette Terre fragile a besoin d&#039;une voix. Elle a besoin de solutions. De changement. D&#039;actions.","publisher":{"@id":"https:\/\/www.greenpeace.org\/luxembourg\/fr\/#organization"},"potentialAction":[{"@type":"SearchAction","target":{"@type":"EntryPoint","urlTemplate":"https:\/\/www.greenpeace.org\/luxembourg\/fr\/?s={search_term_string}"},"query-input":{"@type":"PropertyValueSpecification","valueRequired":true,"valueName":"search_term_string"}}],"inLanguage":"fr-LU"},{"@type":"Organization","@id":"https:\/\/www.greenpeace.org\/luxembourg\/fr\/#organization","name":"Greenpeace Luxembourg","url":"https:\/\/www.greenpeace.org\/luxembourg\/fr\/","logo":{"@type":"ImageObject","inLanguage":"fr-LU","@id":"https:\/\/www.greenpeace.org\/luxembourg\/fr\/#\/schema\/logo\/image\/","url":"https:\/\/www.greenpeace.org\/static\/planet4-luxembourg-stateless\/2026\/03\/3e367f94-greenpeace_logo_green_rgb.png","contentUrl":"https:\/\/www.greenpeace.org\/static\/planet4-luxembourg-stateless\/2026\/03\/3e367f94-greenpeace_logo_green_rgb.png","width":1080,"height":175,"caption":"Greenpeace Luxembourg"},"image":{"@id":"https:\/\/www.greenpeace.org\/luxembourg\/fr\/#\/schema\/logo\/image\/"},"sameAs":["https:\/\/www.facebook.com\/greenpeaceluxembourg","https:\/\/www.instagram.com\/greenpeacelux\/","https:\/\/www.linkedin.com\/company\/greenpeace-luxembourg\/","https:\/\/www.threads.com\/@greenpeacelux","https:\/\/bsky.app\/profile\/greenpeacelux.bsky.social","https:\/\/www.youtube.com\/@GreenpeaceLux","https:\/\/www.tiktok.com\/@greenpeace_lux"]}]}},"_links":{"self":[{"href":"https:\/\/www.greenpeace.org\/luxembourg\/fr\/wp-json\/wp\/v2\/pages\/4112","targetHints":{"allow":["GET"]}}],"collection":[{"href":"https:\/\/www.greenpeace.org\/luxembourg\/fr\/wp-json\/wp\/v2\/pages"}],"about":[{"href":"https:\/\/www.greenpeace.org\/luxembourg\/fr\/wp-json\/wp\/v2\/types\/page"}],"author":[{"embeddable":true,"href":"https:\/\/www.greenpeace.org\/luxembourg\/fr\/wp-json\/wp\/v2\/users\/16"}],"replies":[{"embeddable":true,"href":"https:\/\/www.greenpeace.org\/luxembourg\/fr\/wp-json\/wp\/v2\/comments?post=4112"}],"version-history":[{"count":9,"href":"https:\/\/www.greenpeace.org\/luxembourg\/fr\/wp-json\/wp\/v2\/pages\/4112\/revisions"}],"predecessor-version":[{"id":27868,"href":"https:\/\/www.greenpeace.org\/luxembourg\/fr\/wp-json\/wp\/v2\/pages\/4112\/revisions\/27868"}],"wp:featuredmedia":[{"embeddable":true,"href":"https:\/\/www.greenpeace.org\/luxembourg\/fr\/wp-json\/wp\/v2\/media\/10256"}],"wp:attachment":[{"href":"https:\/\/www.greenpeace.org\/luxembourg\/fr\/wp-json\/wp\/v2\/media?parent=4112"}],"wp:term":[{"taxonomy":"category","embeddable":true,"href":"https:\/\/www.greenpeace.org\/luxembourg\/fr\/wp-json\/wp\/v2\/categories?post=4112"},{"taxonomy":"post_tag","embeddable":true,"href":"https:\/\/www.greenpeace.org\/luxembourg\/fr\/wp-json\/wp\/v2\/tags?post=4112"}],"curies":[{"name":"wp","href":"https:\/\/api.w.org\/{rel}","templated":true}]}}